{"id":195402,"date":"2022-11-25T17:04:12","date_gmt":"2022-11-25T20:04:12","guid":{"rendered":"https:\/\/shop.bazarcia.com\/produto\/colecao-natal-sempre-vivo-sublimacao\/"},"modified":"2023-01-31T12:23:52","modified_gmt":"2023-01-31T15:23:52","slug":"colecao-natal-sempre-vivo-sublimacao","status":"publish","type":"product","link":"https:\/\/shop.bazarcia.com\/en\/product\/colecao-natal-sempre-vivo-sublimacao\/","title":{"rendered":"Cole\u00e7\u00e3o Natal Tudo \u00e9 Poss\u00edvel &#8211; Sublima\u00e7\u00e3o"},"content":{"rendered":"<p class=\"MsoNormal\" style=\"line-height: normal\"><span style=\"font-size: 14.0pt;font-family: 'Arial','sans-serif';color: #333333\">\u200b\u2705 Este pacote de artes \u00e9 um\u00a0<b>PRODUTO VIRTUAL<\/b>.<\/span><\/p>\n<p class=\"MsoNormal\" style=\"line-height: normal\"><span style=\"font-size: 14.0pt;font-family: 'Arial','sans-serif';color: #333333\">\u00a0<\/span><\/p>\n<p class=\"MsoNormal\" style=\"line-height: normal\"><span style=\"font-size: 14.0pt;font-family: 'Arial','sans-serif';color: #333333\">\u2705 Cont\u00e9m uma pasta com\u00a0<b>06\u00a0ARTES<\/b>,\u00a0<b>vetorizadas e em alta resolu\u00e7\u00e3o<\/b>.<\/span><\/p>\n<p class=\"MsoNormal\" style=\"line-height: normal\"><span style=\"font-size: 14.0pt;font-family: 'Arial','sans-serif';color: #333333\">\u00a0<\/span><\/p>\n<p class=\"MsoNormal\" style=\"line-height: normal\"><span style=\"font-size: 14.0pt;font-family: 'Arial','sans-serif';color: #333333\">\u200b\u200b<\/span><span style=\"font-size: 12.0pt;font-family: 'Times New Roman','serif'\">\u00a0<\/span><span style=\"font-size: 14.0pt;font-family: 'Arial','sans-serif';color: #333333\">?Voc\u00ea n\u00e3o ir\u00e1 gostar de sublimar, voc\u00ea ir\u00e1\u00a0<b>amar<\/b>!<\/span><\/p>\n<p class=\"MsoNormal\" style=\"line-height: normal\"><span style=\"font-size: 14.0pt;font-family: 'Arial','sans-serif';color: #333333\">\u00a0<\/span><\/p>\n<p class=\"MsoNormal\" style=\"line-height: normal\"><span style=\"font-size: 14.0pt;font-family: 'Arial','sans-serif';color: #333333\">\u200b\u200b<\/span><span style=\"font-size: 12.0pt;font-family: 'Times New Roman','serif'\">\u26a0\ufe0f\ufe0f\u200b<\/span><i><span style=\"font-size: 14.0pt;font-family: 'Times New Roman','serif'\"> Produto configurado para as medidas de Caneca, N\u00e9cessaire, Sacola Bag e Azulejo por\u00e9m pode ser editado para o produto que desejar.<\/span><\/i><\/p>\n<p class=\"MsoNormal\" style=\"line-height: normal\"><span style=\"font-size: 14.0pt;font-family: 'Arial','sans-serif';color: #333333\">\u00a0<\/span><\/p>\n<p class=\"MsoNormal\" style=\"line-height: normal\"><i><u><span style=\"font-size: 14.0pt;font-family: 'Arial','sans-serif';color: #333333\">\u200b\u200b\u26a0\ufe0f\u200bA libera\u00e7\u00e3o das artes ocorre automaticamente ap\u00f3s a confirma\u00e7\u00e3o do pagamento, basta acessar a \u00e1rea de cliente aqui no site e ir \u00e0 aba de downloads.<\/span><\/u><\/i><i><span style=\"font-size: 14.0pt;font-family: 'Arial','sans-serif';color: #333333\">\u00a0<\/span><\/i><\/p>\n<p class=\"MsoNormal\" style=\"line-height: normal\"><span style=\"font-size: 21.5pt;font-family: 'Arial','sans-serif';color: #333333\">\u00a0<\/span><\/p>\n<p class=\"MsoNormal\" style=\"line-height: normal\"><b><span style=\"font-size: 14.0pt;font-family: 'Arial','sans-serif';color: #333333\">\u200b<\/span><\/b><span style=\"font-size: 12.0pt;font-family: 'Times New Roman','serif'\">\u00a0<\/span><b><span style=\"font-size: 14.0pt;font-family: 'Arial','sans-serif';color: #333333\">?Tamanhos:<\/span><\/b><\/p>\n<p class=\"MsoNormal\" style=\"line-height: normal\"><span style=\"font-size: 14.0pt;font-family: 'Arial','sans-serif';color: #333333\">\u00a0<\/span><b><span style=\"font-size: 14.0pt;font-family: 'Arial','sans-serif'\">?<\/span><\/b><span style=\"font-size: 14.0pt;font-family: 'Arial','sans-serif'\">CANECA &#8211; 21 X9,7<\/span><\/p>\n<p class=\"MsoNormal\" style=\"line-height: normal\"><span style=\"font-size: 14.0pt;font-family: 'Arial','sans-serif'\">\u00a0<b>?<\/b>NECESS\u00c1IRE &#8211; 20X15<\/span><\/p>\n<p class=\"MsoNormal\" style=\"line-height: normal\"><span style=\"font-size: 14.0pt;font-family: 'Arial','sans-serif'\">\u00a0<b>?<\/b>NECESS\u00c1IRE &#8211; 30X21<\/span><\/p>\n<p class=\"MsoNormal\" style=\"line-height: normal\"><span style=\"font-size: 14.0pt;font-family: 'Arial','sans-serif'\">\u00a0<b>?<\/b>SACOLA BAG &#8211; 20X22<\/span><\/p>\n<p class=\"MsoNormal\" style=\"line-height: normal\"><span style=\"font-size: 14.0pt;font-family: 'Arial','sans-serif'\">\u00a0<b>?<\/b>AZULEJO &#8211; 30X30<\/span><\/p>\n<p class=\"MsoNormal\" style=\"line-height: normal\"><span style=\"font-size: 14.0pt;font-family: 'Arial','sans-serif'\">\u00a0<b>?<\/b>AZULEJO &#8211; 20X20<\/span><\/p>\n<p class=\"MsoNormal\" style=\"line-height: normal\"><span style=\"font-size: 21.5pt;font-family: 'Arial','sans-serif';color: #333333\">\u00a0<\/span><\/p>\n<p class=\"MsoNormal\" style=\"line-height: normal\"><span style=\"font-size: 14.0pt;font-family: 'Arial','sans-serif';color: #333333\">\u2705\u00a0\u00a0Artes formatadas na cor CMYK e RGB;<\/span><\/p>\n<p class=\"MsoNormal\" style=\"line-height: normal\"><span style=\"font-size: 14.0pt;font-family: 'Arial','sans-serif';color: #333333\">\u2705\u00a0\u00a0Qualidade da Imagem: 300 dpi;<\/span><\/p>\n<p class=\"MsoNormal\" style=\"line-height: normal\"><span style=\"font-size: 14.0pt;font-family: 'Arial','sans-serif';color: #333333\">\u2705\u00a0\u00a0Imagens Vetorizadas no Corel;<\/span><\/p>\n<p class=\"MsoNormal\" style=\"line-height: normal\"><span style=\"font-size: 14.0pt;font-family: 'Arial','sans-serif';color: #333333\">\u2705\u00a0\u00a0Produto pode ser utilizado para SUBLIMA\u00c7\u00c3O e tamb\u00e9m para a cria\u00e7\u00e3o de\u00a0\u00a0MATRIZES PARA BORDADO;<\/span><\/p>\n<p class=\"MsoNormal\" style=\"line-height: normal\"><span style=\"font-size: 14.0pt;font-family: 'Arial','sans-serif';color: #333333\">\u2705\u00a0 As artes s\u00e3o enviadas nos seguintes formatos PNG e JPG, as mesmas s\u00e3o disponibilizadas em pasta compactada(ZIP), sendo necess\u00e1rio descompactar.<\/span><\/p>\n<p class=\"MsoNormal\" style=\"line-height: normal\"><span style=\"font-size: 12.0pt;font-family: 'Arial','sans-serif';color: #333333\">\u00a0<\/span><\/p>\n<p class=\"MsoNormal\" style=\"line-height: normal\"><span style=\"font-size: 14.0pt;font-family: 'Arial','sans-serif';color: #333333\">\u200b\u26a0\ufe0f\u200b\u00a0 \u00a0<b>OBS.:<\/b>\u00a0Esse produto\u00a0<b>N\u00c3O \u00c9<\/b>\u00a0kit de Matrizes de Bordado!<\/span><\/p>\n<p class=\"MsoNormal\" style=\"line-height: normal\"><span style=\"font-size: 12.0pt;font-family: 'Arial','sans-serif';color: #333333\">\u00a0<\/span><\/p>\n<p class=\"MsoNormal\" style=\"line-height: normal\"><span style=\"font-size: 14.0pt;font-family: 'Arial','sans-serif';color: #333333\">?\u00a0<b>Siga-me no\u00a0<a href=\"https:\/\/instagram.com\/euelapersonalizados?igshid=NDc0ODY0MjQ=\"><span style=\"color: blue\">Instagram<\/span><\/a>\u00a0e\u00a0<a href=\"https:\/\/instagram.com\/euelapersonalizados?igshid=NDc0ODY0MjQ=\"><span style=\"color: blue\">Facebook<\/span><\/a>\u00a0para mais novidades<\/b><\/span><\/p>\n<p class=\"MsoNormal\" style=\"line-height: normal\"><b><u><span style=\"font-size: 14.0pt;font-family: 'Arial','sans-serif';color: #333333\">@eueelapersonalizados<\/span><\/u><\/b><\/p>\n<p class=\"MsoNormal\" style=\"line-height: normal\"><b><u><span style=\"font-size: 14.0pt;font-family: 'Arial','sans-serif';color: #333333\"><span style=\"text-decoration: none\">\u00a0<\/span><\/span><\/u><\/b><\/p>\n<p class=\"MsoNormal\" style=\"line-height: normal\"><span style=\"font-size: 14.0pt;font-family: 'Arial','sans-serif';color: #333333\">\u200b\u200b<\/span><span style=\"font-size: 12.0pt;font-family: 'Times New Roman','serif'\">\u00a0<\/span><span style=\"font-size: 14.0pt;font-family: 'Arial','sans-serif';color: #333333\">\u2757\u200b\u00a0<u>N\u00e3o se pretende infringir nenhum direito autoral com este conjunto de caracteres e\/ou elementos.<\/u>\u00a0Eu n\u00e3o possuo os direitos dos personagens originais, os personagens pertencem aos seus respectivos detentores de direitos autorais. N\u00e3o pretendo reivindicar os direitos originais de quaisquer personagens e\/ou elementos.\u00a0<b>ESTES ARQUIVOS N\u00c3O VEM COM LICEN\u00c7A DE DIREITOS AUTORAIS \/ DIREITOS COMERCIAIS DE AUTORES ORIGINAIS.<\/b><\/span><\/p>","protected":false},"excerpt":{"rendered":"<p>\u2705 Cont\u00e9m uma pasta com 06 ARTES, vetorizadas e em alta resolu\u00e7\u00e3o.<br \/>\n\u2705 Libera\u00e7\u00e3o das artes automaticamente ap\u00f3s a confirma\u00e7\u00e3o do pagamento.<\/p>\n<p>?Tamanhos:<br \/>\n? CANECA &#8211; 21 X 9,7 cm<br \/>\n? NECESS\u00c1IRE &#8211; 30 X 21 cm<br \/>\n? NECESS\u00c1IRE &#8211; 20 X 15 cm<br \/>\n? SACOLA BAG &#8211; 20 X 22 cm<br \/>\n? AZULEJO &#8211; 30 X 30 cm<br \/>\n?AZULEJO &#8211; 20 X 20 cm<br \/>\n\u2728Imagem em alta resolu\u00e7\u00e3o.<br \/>\n\u270f\ufe0fVetorizada, nas medidas e configura\u00e7\u00f5es ideais para o seu produto.<\/p>","protected":false},"featured_media":195397,"comment_status":"open","ping_status":"closed","template":"","meta":{"_acf_changed":false,"_joinchat":[]},"product_brand":[],"product_cat":[1842],"product_tag":[1476,1480,1484,1479,1496,1501],"class_list":{"0":"post-195402","1":"product","2":"type-product","3":"status-publish","4":"has-post-thumbnail","6":"product_cat-bastidores-para-bones","7":"product_tag-bolsa","8":"product_tag-bolsa-de-praia-sarja","9":"product_tag-bolsa-saco","10":"product_tag-bolsa-sacola","11":"product_tag-necessaire","12":"product_tag-necessaire-make","14":"first","15":"instock","16":"downloadable","17":"virtual","18":"purchasable","19":"product-type-simple"},"acf":[],"yoast_head":"<!-- This site is optimized with the Yoast SEO plugin v27.2 - https:\/\/yoast.com\/product\/yoast-seo-wordpress\/ -->\n<title>Cole\u00e7\u00e3o Natal Tudo \u00e9 Poss\u00edvel - Sublima\u00e7\u00e3o - \ud835\udc1b\ud835\udc1a\ud835\udc33\ud835\udc1a\ud835\udc2b &amp; \ud835\udc1c\ud835\udc22\ud835\udc1a<\/title>\n<meta name=\"robots\" content=\"index, follow, max-snippet:-1, max-image-preview:large, max-video-preview:-1\" \/>\n<link rel=\"canonical\" href=\"https:\/\/shop.bazarcia.com\/en\/product\/colecao-natal-sempre-vivo-sublimacao\/\" \/>\n<meta property=\"og:locale\" content=\"en_US\" \/>\n<meta property=\"og:type\" content=\"article\" \/>\n<meta property=\"og:title\" content=\"Cole\u00e7\u00e3o Natal Tudo \u00e9 Poss\u00edvel - Sublima\u00e7\u00e3o - \ud835\udc1b\ud835\udc1a\ud835\udc33\ud835\udc1a\ud835\udc2b &amp; \ud835\udc1c\ud835\udc22\ud835\udc1a\" \/>\n<meta property=\"og:description\" content=\"\u2705 Cont\u00e9m uma pasta com 06 ARTES, vetorizadas e em alta resolu\u00e7\u00e3o. \u2705 Libera\u00e7\u00e3o das artes automaticamente ap\u00f3s a confirma\u00e7\u00e3o do pagamento.  ?Tamanhos: ? CANECA - 21 X 9,7 cm ? NECESS\u00c1IRE - 30 X 21 cm ? NECESS\u00c1IRE - 20 X 15 cm ? SACOLA BAG - 20 X 22 cm ? AZULEJO - 30 X 30 cm ?AZULEJO - 20 X 20 cm \u2728Imagem em alta resolu\u00e7\u00e3o. \u270f\ufe0fVetorizada, nas medidas e configura\u00e7\u00f5es ideais para o seu produto.\" \/>\n<meta property=\"og:url\" content=\"https:\/\/shop.bazarcia.com\/en\/product\/colecao-natal-sempre-vivo-sublimacao\/\" \/>\n<meta property=\"og:site_name\" content=\"\ud835\udc1b\ud835\udc1a\ud835\udc33\ud835\udc1a\ud835\udc2b &amp; \ud835\udc1c\ud835\udc22\ud835\udc1a\" \/>\n<meta property=\"article:publisher\" content=\"https:\/\/www.facebook.com\/shopbazarcia\" \/>\n<meta property=\"article:modified_time\" content=\"2023-01-31T15:23:52+00:00\" \/>\n<meta property=\"og:image\" content=\"https:\/\/shop.bazarcia.com\/wp-content\/uploads\/2022\/11\/B-1.png\" \/>\n\t<meta property=\"og:image:width\" content=\"1080\" \/>\n\t<meta property=\"og:image:height\" content=\"1080\" \/>\n\t<meta property=\"og:image:type\" content=\"image\/png\" \/>\n<meta name=\"twitter:card\" content=\"summary_large_image\" \/>\n<meta name=\"twitter:label1\" content=\"Est. reading time\" \/>\n\t<meta name=\"twitter:data1\" content=\"1 minute\" \/>\n<script type=\"application\/ld+json\" class=\"yoast-schema-graph\">{\"@context\":\"https:\/\/schema.org\",\"@graph\":[{\"@type\":\"WebPage\",\"@id\":\"https:\/\/shop.bazarcia.com\/produto\/colecao-natal-sempre-vivo-sublimacao\/\",\"url\":\"https:\/\/shop.bazarcia.com\/produto\/colecao-natal-sempre-vivo-sublimacao\/\",\"name\":\"Cole\u00e7\u00e3o Natal Tudo \u00e9 Poss\u00edvel - Sublima\u00e7\u00e3o - \ud835\udc1b\ud835\udc1a\ud835\udc33\ud835\udc1a\ud835\udc2b &amp; \ud835\udc1c\ud835\udc22\ud835\udc1a\",\"isPartOf\":{\"@id\":\"https:\/\/shop.bazarcia.com\/#website\"},\"primaryImageOfPage\":{\"@id\":\"https:\/\/shop.bazarcia.com\/produto\/colecao-natal-sempre-vivo-sublimacao\/#primaryimage\"},\"image\":{\"@id\":\"https:\/\/shop.bazarcia.com\/produto\/colecao-natal-sempre-vivo-sublimacao\/#primaryimage\"},\"thumbnailUrl\":\"https:\/\/shop.bazarcia.com\/wp-content\/uploads\/2022\/11\/B-1.png\",\"datePublished\":\"2022-11-25T20:04:12+00:00\",\"dateModified\":\"2023-01-31T15:23:52+00:00\",\"breadcrumb\":{\"@id\":\"https:\/\/shop.bazarcia.com\/produto\/colecao-natal-sempre-vivo-sublimacao\/#breadcrumb\"},\"inLanguage\":\"en-US\",\"potentialAction\":[{\"@type\":\"ReadAction\",\"target\":[\"https:\/\/shop.bazarcia.com\/produto\/colecao-natal-sempre-vivo-sublimacao\/\"]}]},{\"@type\":\"ImageObject\",\"inLanguage\":\"en-US\",\"@id\":\"https:\/\/shop.bazarcia.com\/produto\/colecao-natal-sempre-vivo-sublimacao\/#primaryimage\",\"url\":\"https:\/\/shop.bazarcia.com\/wp-content\/uploads\/2022\/11\/B-1.png\",\"contentUrl\":\"https:\/\/shop.bazarcia.com\/wp-content\/uploads\/2022\/11\/B-1.png\",\"width\":1080,\"height\":1080},{\"@type\":\"BreadcrumbList\",\"@id\":\"https:\/\/shop.bazarcia.com\/produto\/colecao-natal-sempre-vivo-sublimacao\/#breadcrumb\",\"itemListElement\":[{\"@type\":\"ListItem\",\"position\":1,\"name\":\"In\u00edcio\",\"item\":\"https:\/\/shop.bazarcia.com\/\"},{\"@type\":\"ListItem\",\"position\":2,\"name\":\"Loja\",\"item\":\"https:\/\/shop.bazarcia.com\/loja\/\"},{\"@type\":\"ListItem\",\"position\":3,\"name\":\"Cole\u00e7\u00e3o Natal Tudo \u00e9 Poss\u00edvel &#8211; Sublima\u00e7\u00e3o\"}]},{\"@type\":\"WebSite\",\"@id\":\"https:\/\/shop.bazarcia.com\/#website\",\"url\":\"https:\/\/shop.bazarcia.com\/\",\"name\":\"Bazar & Cia\",\"description\":\"criatividade ponto a ponto\",\"publisher\":{\"@id\":\"https:\/\/shop.bazarcia.com\/#organization\"},\"potentialAction\":[{\"@type\":\"SearchAction\",\"target\":{\"@type\":\"EntryPoint\",\"urlTemplate\":\"https:\/\/shop.bazarcia.com\/?s={search_term_string}\"},\"query-input\":{\"@type\":\"PropertyValueSpecification\",\"valueRequired\":true,\"valueName\":\"search_term_string\"}}],\"inLanguage\":\"en-US\"},{\"@type\":\"Organization\",\"@id\":\"https:\/\/shop.bazarcia.com\/#organization\",\"name\":\"Bazar & Cia\",\"url\":\"https:\/\/shop.bazarcia.com\/\",\"logo\":{\"@type\":\"ImageObject\",\"inLanguage\":\"en-US\",\"@id\":\"https:\/\/shop.bazarcia.com\/#\/schema\/logo\/image\/\",\"url\":\"https:\/\/shop.bazarcia.com\/wp-content\/uploads\/2024\/02\/cropped-logo_bazarcia.png\",\"contentUrl\":\"https:\/\/shop.bazarcia.com\/wp-content\/uploads\/2024\/02\/cropped-logo_bazarcia.png\",\"width\":150,\"height\":150,\"caption\":\"Bazar & Cia\"},\"image\":{\"@id\":\"https:\/\/shop.bazarcia.com\/#\/schema\/logo\/image\/\"},\"sameAs\":[\"https:\/\/www.facebook.com\/shopbazarcia\",\"https:\/\/www.instagram.com\/shopbazarcia\",\"https:\/\/br.pinterest.com\/suzane_eloise\/\",\"https:\/\/www.youtube.com\/c\/BazardoBordadoMatrizeseProjetos\"]}]}<\/script>\n<!-- \/ Yoast SEO plugin. -->","yoast_head_json":{"title":"Cole\u00e7\u00e3o Natal Tudo \u00e9 Poss\u00edvel - Sublima\u00e7\u00e3o - \ud835\udc1b\ud835\udc1a\ud835\udc33\ud835\udc1a\ud835\udc2b &amp; \ud835\udc1c\ud835\udc22\ud835\udc1a","robots":{"index":"index","follow":"follow","max-snippet":"max-snippet:-1","max-image-preview":"max-image-preview:large","max-video-preview":"max-video-preview:-1"},"canonical":"https:\/\/shop.bazarcia.com\/en\/product\/colecao-natal-sempre-vivo-sublimacao\/","og_locale":"en_US","og_type":"article","og_title":"Cole\u00e7\u00e3o Natal Tudo \u00e9 Poss\u00edvel - Sublima\u00e7\u00e3o - \ud835\udc1b\ud835\udc1a\ud835\udc33\ud835\udc1a\ud835\udc2b &amp; \ud835\udc1c\ud835\udc22\ud835\udc1a","og_description":"\u2705 Cont\u00e9m uma pasta com 06 ARTES, vetorizadas e em alta resolu\u00e7\u00e3o. \u2705 Libera\u00e7\u00e3o das artes automaticamente ap\u00f3s a confirma\u00e7\u00e3o do pagamento.  ?Tamanhos: ? CANECA - 21 X 9,7 cm ? NECESS\u00c1IRE - 30 X 21 cm ? NECESS\u00c1IRE - 20 X 15 cm ? SACOLA BAG - 20 X 22 cm ? AZULEJO - 30 X 30 cm ?AZULEJO - 20 X 20 cm \u2728Imagem em alta resolu\u00e7\u00e3o. \u270f\ufe0fVetorizada, nas medidas e configura\u00e7\u00f5es ideais para o seu produto.","og_url":"https:\/\/shop.bazarcia.com\/en\/product\/colecao-natal-sempre-vivo-sublimacao\/","og_site_name":"\ud835\udc1b\ud835\udc1a\ud835\udc33\ud835\udc1a\ud835\udc2b &amp; \ud835\udc1c\ud835\udc22\ud835\udc1a","article_publisher":"https:\/\/www.facebook.com\/shopbazarcia","article_modified_time":"2023-01-31T15:23:52+00:00","og_image":[{"width":1080,"height":1080,"url":"https:\/\/shop.bazarcia.com\/wp-content\/uploads\/2022\/11\/B-1.png","type":"image\/png"}],"twitter_card":"summary_large_image","twitter_misc":{"Est. reading time":"1 minute"},"schema":{"@context":"https:\/\/schema.org","@graph":[{"@type":"WebPage","@id":"https:\/\/shop.bazarcia.com\/produto\/colecao-natal-sempre-vivo-sublimacao\/","url":"https:\/\/shop.bazarcia.com\/produto\/colecao-natal-sempre-vivo-sublimacao\/","name":"Cole\u00e7\u00e3o Natal Tudo \u00e9 Poss\u00edvel - Sublima\u00e7\u00e3o - \ud835\udc1b\ud835\udc1a\ud835\udc33\ud835\udc1a\ud835\udc2b &amp; \ud835\udc1c\ud835\udc22\ud835\udc1a","isPartOf":{"@id":"https:\/\/shop.bazarcia.com\/#website"},"primaryImageOfPage":{"@id":"https:\/\/shop.bazarcia.com\/produto\/colecao-natal-sempre-vivo-sublimacao\/#primaryimage"},"image":{"@id":"https:\/\/shop.bazarcia.com\/produto\/colecao-natal-sempre-vivo-sublimacao\/#primaryimage"},"thumbnailUrl":"https:\/\/shop.bazarcia.com\/wp-content\/uploads\/2022\/11\/B-1.png","datePublished":"2022-11-25T20:04:12+00:00","dateModified":"2023-01-31T15:23:52+00:00","breadcrumb":{"@id":"https:\/\/shop.bazarcia.com\/produto\/colecao-natal-sempre-vivo-sublimacao\/#breadcrumb"},"inLanguage":"en-US","potentialAction":[{"@type":"ReadAction","target":["https:\/\/shop.bazarcia.com\/produto\/colecao-natal-sempre-vivo-sublimacao\/"]}]},{"@type":"ImageObject","inLanguage":"en-US","@id":"https:\/\/shop.bazarcia.com\/produto\/colecao-natal-sempre-vivo-sublimacao\/#primaryimage","url":"https:\/\/shop.bazarcia.com\/wp-content\/uploads\/2022\/11\/B-1.png","contentUrl":"https:\/\/shop.bazarcia.com\/wp-content\/uploads\/2022\/11\/B-1.png","width":1080,"height":1080},{"@type":"BreadcrumbList","@id":"https:\/\/shop.bazarcia.com\/produto\/colecao-natal-sempre-vivo-sublimacao\/#breadcrumb","itemListElement":[{"@type":"ListItem","position":1,"name":"In\u00edcio","item":"https:\/\/shop.bazarcia.com\/"},{"@type":"ListItem","position":2,"name":"Loja","item":"https:\/\/shop.bazarcia.com\/loja\/"},{"@type":"ListItem","position":3,"name":"Cole\u00e7\u00e3o Natal Tudo \u00e9 Poss\u00edvel &#8211; Sublima\u00e7\u00e3o"}]},{"@type":"WebSite","@id":"https:\/\/shop.bazarcia.com\/#website","url":"https:\/\/shop.bazarcia.com\/","name":"Bazar & Cia","description":"criatividade ponto a ponto","publisher":{"@id":"https:\/\/shop.bazarcia.com\/#organization"},"potentialAction":[{"@type":"SearchAction","target":{"@type":"EntryPoint","urlTemplate":"https:\/\/shop.bazarcia.com\/?s={search_term_string}"},"query-input":{"@type":"PropertyValueSpecification","valueRequired":true,"valueName":"search_term_string"}}],"inLanguage":"en-US"},{"@type":"Organization","@id":"https:\/\/shop.bazarcia.com\/#organization","name":"Bazar & Cia","url":"https:\/\/shop.bazarcia.com\/","logo":{"@type":"ImageObject","inLanguage":"en-US","@id":"https:\/\/shop.bazarcia.com\/#\/schema\/logo\/image\/","url":"https:\/\/shop.bazarcia.com\/wp-content\/uploads\/2024\/02\/cropped-logo_bazarcia.png","contentUrl":"https:\/\/shop.bazarcia.com\/wp-content\/uploads\/2024\/02\/cropped-logo_bazarcia.png","width":150,"height":150,"caption":"Bazar & Cia"},"image":{"@id":"https:\/\/shop.bazarcia.com\/#\/schema\/logo\/image\/"},"sameAs":["https:\/\/www.facebook.com\/shopbazarcia","https:\/\/www.instagram.com\/shopbazarcia","https:\/\/br.pinterest.com\/suzane_eloise\/","https:\/\/www.youtube.com\/c\/BazardoBordadoMatrizeseProjetos"]}]}},"_links":{"self":[{"href":"https:\/\/shop.bazarcia.com\/en\/wp-json\/wp\/v2\/product\/195402","targetHints":{"allow":["GET"]}}],"collection":[{"href":"https:\/\/shop.bazarcia.com\/en\/wp-json\/wp\/v2\/product"}],"about":[{"href":"https:\/\/shop.bazarcia.com\/en\/wp-json\/wp\/v2\/types\/product"}],"replies":[{"embeddable":true,"href":"https:\/\/shop.bazarcia.com\/en\/wp-json\/wp\/v2\/comments?post=195402"}],"version-history":[{"count":0,"href":"https:\/\/shop.bazarcia.com\/en\/wp-json\/wp\/v2\/product\/195402\/revisions"}],"wp:featuredmedia":[{"embeddable":true,"href":"https:\/\/shop.bazarcia.com\/en\/wp-json\/wp\/v2\/media\/195397"}],"wp:attachment":[{"href":"https:\/\/shop.bazarcia.com\/en\/wp-json\/wp\/v2\/media?parent=195402"}],"wp:term":[{"taxonomy":"product_brand","embeddable":true,"href":"https:\/\/shop.bazarcia.com\/en\/wp-json\/wp\/v2\/product_brand?post=195402"},{"taxonomy":"product_cat","embeddable":true,"href":"https:\/\/shop.bazarcia.com\/en\/wp-json\/wp\/v2\/product_cat?post=195402"},{"taxonomy":"product_tag","embeddable":true,"href":"https:\/\/shop.bazarcia.com\/en\/wp-json\/wp\/v2\/product_tag?post=195402"}],"curies":[{"name":"wp","href":"https:\/\/api.w.org\/{rel}","templated":true}]}}