{"id":196458,"date":"2022-12-04T10:59:57","date_gmt":"2022-12-04T13:59:57","guid":{"rendered":"https:\/\/shop.bazarcia.com\/produto\/matrizes-de-bordado-chaveiros-e-tags-natal-pacote-de-matrizes\/"},"modified":"2022-12-27T19:15:01","modified_gmt":"2022-12-27T22:15:01","slug":"matrizes-de-bordado-chaveiros-e-tags-natal-pacote-de-matrizes","status":"publish","type":"product","link":"https:\/\/shop.bazarcia.com\/en\/product\/matrizes-de-bordado-chaveiros-e-tags-natal-pacote-de-matrizes\/","title":{"rendered":"Matrizes de Bordado &#8211; CHAVEIROS E TAGS NATAL &#8211; Pacote de Matrizes"},"content":{"rendered":"<p>CHAVEIROS E TAGS NATAL &#8211; Matrizes de Bordado<br \/>\n* Dispon\u00edvel para download *<\/p>\n<p>***GARANTA J\u00c1 A SUA*** POR APENAS 15,00 (\u00daLTIMOS DIAS NESSE VALOR)<\/p>\n<p>*Dentro do Chaveiro e da Tag voc\u00ea pode colocar o nome da pessoa que vai ser presenteada*<\/p>\n<p>Frase &#8220;Boas Festas&#8221; inclusa em 2 tamanhos, para usar na moldura de 11 e de 13cm<\/p>\n<p>Formatos:<br \/>\nPES \u2013 JEF \u2013 XXX &#8211; DST \u2013 EXP<br \/>\nTamanhos:<br \/>\nCHAVEIROS 11cm<br \/>\nTAGS 11cm e 13cm<\/p>\n<p>*** Este produto \u00e9 Digital ***<br \/>\nAs Matrizes ser\u00e3o liberadas ap\u00f3s confirma\u00e7\u00e3o de pagamento<\/p>","protected":false},"excerpt":{"rendered":"<p>CHAVEIROS E TAGS NATAL &#8211; Matrizes de Bordado<br \/>\n* Dispon\u00edvel para download *<\/p>\n<p>***GARANTA J\u00c1 A SUA*** POR APENAS 15,00 (\u00daLTIMOS DIAS NESSE VALOR)<\/p>\n<p>*Dentro do Chaveiro e da Tag voc\u00ea pode colocar o nome da pessoa que vai ser presenteada*<\/p>\n<p>Frase &#8220;Boas Festas&#8221; inclusa em 2 tamanhos, para usar na moldura de 11 e de 13cm<\/p>\n<p>Formatos:<br \/>\nPES \u2013 JEF \u2013 XXX &#8211; DST \u2013 EXP<br \/>\nTamanhos:<br \/>\nCHAVEIROS 11cm<br \/>\nTAGS 11cm e 13cm<\/p>\n<p>*** Este produto \u00e9 Digital ***<\/p>","protected":false},"featured_media":196451,"comment_status":"closed","ping_status":"closed","template":"","meta":{"_acf_changed":false,"_joinchat":[]},"product_brand":[],"product_cat":[84,122,1579,1066,138,306,106],"product_tag":[1430,1432],"class_list":{"0":"post-196458","1":"product","2":"type-product","3":"status-publish","4":"has-post-thumbnail","6":"product_cat-matrizes-de-bordado","7":"product_cat-matrizes-de-bordado-animais","8":"product_cat-renas","9":"product_cat-colecoes-matrizes-de-bordado","10":"product_cat-natal","11":"product_cat-pacotinhos-de-matrizes","12":"product_cat-projeto-chaveiros-e-tags-na-bordadeira","13":"product_tag-matriz-de-bordado","14":"product_tag-matrizes-de-bordado","16":"first","17":"instock","18":"sale","19":"downloadable","20":"virtual","21":"sold-individually","22":"purchasable","23":"product-type-simple"},"acf":[],"yoast_head":"<!-- This site is optimized with the Yoast SEO plugin v27.2 - https:\/\/yoast.com\/product\/yoast-seo-wordpress\/ -->\n<title>Matrizes de Bordado - CHAVEIROS E TAGS NATAL - Pacote de Matrizes - \ud835\udc1b\ud835\udc1a\ud835\udc33\ud835\udc1a\ud835\udc2b &amp; \ud835\udc1c\ud835\udc22\ud835\udc1a<\/title>\n<meta name=\"robots\" content=\"index, follow, max-snippet:-1, max-image-preview:large, max-video-preview:-1\" \/>\n<link rel=\"canonical\" href=\"https:\/\/shop.bazarcia.com\/en\/product\/matrizes-de-bordado-chaveiros-e-tags-natal-pacote-de-matrizes\/\" \/>\n<meta property=\"og:locale\" content=\"en_US\" \/>\n<meta property=\"og:type\" content=\"article\" \/>\n<meta property=\"og:title\" content=\"Matrizes de Bordado - CHAVEIROS E TAGS NATAL - Pacote de Matrizes - \ud835\udc1b\ud835\udc1a\ud835\udc33\ud835\udc1a\ud835\udc2b &amp; \ud835\udc1c\ud835\udc22\ud835\udc1a\" \/>\n<meta property=\"og:description\" content=\"CHAVEIROS E TAGS NATAL - Matrizes de Bordado * Dispon\u00edvel para download *  ***GARANTA J\u00c1 A SUA*** POR APENAS 15,00 (\u00daLTIMOS DIAS NESSE VALOR)  *Dentro do Chaveiro e da Tag voc\u00ea pode colocar o nome da pessoa que vai ser presenteada*  Frase &quot;Boas Festas&quot; inclusa em 2 tamanhos, para usar na moldura de 11 e de 13cm  Formatos: PES \u2013 JEF \u2013 XXX - DST \u2013 EXP Tamanhos: CHAVEIROS 11cm TAGS 11cm e 13cm  *** Este produto \u00e9 Digital ***\" \/>\n<meta property=\"og:url\" content=\"https:\/\/shop.bazarcia.com\/en\/product\/matrizes-de-bordado-chaveiros-e-tags-natal-pacote-de-matrizes\/\" \/>\n<meta property=\"og:site_name\" content=\"\ud835\udc1b\ud835\udc1a\ud835\udc33\ud835\udc1a\ud835\udc2b &amp; \ud835\udc1c\ud835\udc22\ud835\udc1a\" \/>\n<meta property=\"article:publisher\" content=\"https:\/\/www.facebook.com\/shopbazarcia\" \/>\n<meta property=\"article:modified_time\" content=\"2022-12-27T22:15:01+00:00\" \/>\n<meta property=\"og:image\" content=\"https:\/\/shop.bazarcia.com\/wp-content\/uploads\/2022\/12\/1.jpg\" \/>\n\t<meta property=\"og:image:width\" content=\"1080\" \/>\n\t<meta property=\"og:image:height\" content=\"1080\" \/>\n\t<meta property=\"og:image:type\" content=\"image\/jpeg\" \/>\n<meta name=\"twitter:card\" content=\"summary_large_image\" \/>\n<script type=\"application\/ld+json\" class=\"yoast-schema-graph\">{\"@context\":\"https:\/\/schema.org\",\"@graph\":[{\"@type\":\"WebPage\",\"@id\":\"https:\/\/shop.bazarcia.com\/produto\/matrizes-de-bordado-chaveiros-e-tags-natal-pacote-de-matrizes\/\",\"url\":\"https:\/\/shop.bazarcia.com\/produto\/matrizes-de-bordado-chaveiros-e-tags-natal-pacote-de-matrizes\/\",\"name\":\"Matrizes de Bordado - CHAVEIROS E TAGS NATAL - Pacote de Matrizes - \ud835\udc1b\ud835\udc1a\ud835\udc33\ud835\udc1a\ud835\udc2b &amp; \ud835\udc1c\ud835\udc22\ud835\udc1a\",\"isPartOf\":{\"@id\":\"https:\/\/shop.bazarcia.com\/#website\"},\"primaryImageOfPage\":{\"@id\":\"https:\/\/shop.bazarcia.com\/produto\/matrizes-de-bordado-chaveiros-e-tags-natal-pacote-de-matrizes\/#primaryimage\"},\"image\":{\"@id\":\"https:\/\/shop.bazarcia.com\/produto\/matrizes-de-bordado-chaveiros-e-tags-natal-pacote-de-matrizes\/#primaryimage\"},\"thumbnailUrl\":\"https:\/\/shop.bazarcia.com\/wp-content\/uploads\/2022\/12\/1.jpg\",\"datePublished\":\"2022-12-04T13:59:57+00:00\",\"dateModified\":\"2022-12-27T22:15:01+00:00\",\"breadcrumb\":{\"@id\":\"https:\/\/shop.bazarcia.com\/produto\/matrizes-de-bordado-chaveiros-e-tags-natal-pacote-de-matrizes\/#breadcrumb\"},\"inLanguage\":\"en-US\",\"potentialAction\":[{\"@type\":\"ReadAction\",\"target\":[\"https:\/\/shop.bazarcia.com\/produto\/matrizes-de-bordado-chaveiros-e-tags-natal-pacote-de-matrizes\/\"]}]},{\"@type\":\"ImageObject\",\"inLanguage\":\"en-US\",\"@id\":\"https:\/\/shop.bazarcia.com\/produto\/matrizes-de-bordado-chaveiros-e-tags-natal-pacote-de-matrizes\/#primaryimage\",\"url\":\"https:\/\/shop.bazarcia.com\/wp-content\/uploads\/2022\/12\/1.jpg\",\"contentUrl\":\"https:\/\/shop.bazarcia.com\/wp-content\/uploads\/2022\/12\/1.jpg\",\"width\":1080,\"height\":1080},{\"@type\":\"BreadcrumbList\",\"@id\":\"https:\/\/shop.bazarcia.com\/produto\/matrizes-de-bordado-chaveiros-e-tags-natal-pacote-de-matrizes\/#breadcrumb\",\"itemListElement\":[{\"@type\":\"ListItem\",\"position\":1,\"name\":\"In\u00edcio\",\"item\":\"https:\/\/shop.bazarcia.com\/\"},{\"@type\":\"ListItem\",\"position\":2,\"name\":\"Loja\",\"item\":\"https:\/\/shop.bazarcia.com\/loja\/\"},{\"@type\":\"ListItem\",\"position\":3,\"name\":\"Matrizes de Bordado &#8211; CHAVEIROS E TAGS NATAL &#8211; Pacote de Matrizes\"}]},{\"@type\":\"WebSite\",\"@id\":\"https:\/\/shop.bazarcia.com\/#website\",\"url\":\"https:\/\/shop.bazarcia.com\/\",\"name\":\"Bazar & Cia\",\"description\":\"criatividade ponto a ponto\",\"publisher\":{\"@id\":\"https:\/\/shop.bazarcia.com\/#organization\"},\"potentialAction\":[{\"@type\":\"SearchAction\",\"target\":{\"@type\":\"EntryPoint\",\"urlTemplate\":\"https:\/\/shop.bazarcia.com\/?s={search_term_string}\"},\"query-input\":{\"@type\":\"PropertyValueSpecification\",\"valueRequired\":true,\"valueName\":\"search_term_string\"}}],\"inLanguage\":\"en-US\"},{\"@type\":\"Organization\",\"@id\":\"https:\/\/shop.bazarcia.com\/#organization\",\"name\":\"Bazar & Cia\",\"url\":\"https:\/\/shop.bazarcia.com\/\",\"logo\":{\"@type\":\"ImageObject\",\"inLanguage\":\"en-US\",\"@id\":\"https:\/\/shop.bazarcia.com\/#\/schema\/logo\/image\/\",\"url\":\"https:\/\/shop.bazarcia.com\/wp-content\/uploads\/2024\/02\/cropped-logo_bazarcia.png\",\"contentUrl\":\"https:\/\/shop.bazarcia.com\/wp-content\/uploads\/2024\/02\/cropped-logo_bazarcia.png\",\"width\":150,\"height\":150,\"caption\":\"Bazar & Cia\"},\"image\":{\"@id\":\"https:\/\/shop.bazarcia.com\/#\/schema\/logo\/image\/\"},\"sameAs\":[\"https:\/\/www.facebook.com\/shopbazarcia\",\"https:\/\/www.instagram.com\/shopbazarcia\",\"https:\/\/br.pinterest.com\/suzane_eloise\/\",\"https:\/\/www.youtube.com\/c\/BazardoBordadoMatrizeseProjetos\"]}]}<\/script>\n<!-- \/ Yoast SEO plugin. -->","yoast_head_json":{"title":"Matrizes de Bordado - CHAVEIROS E TAGS NATAL - Pacote de Matrizes - \ud835\udc1b\ud835\udc1a\ud835\udc33\ud835\udc1a\ud835\udc2b &amp; \ud835\udc1c\ud835\udc22\ud835\udc1a","robots":{"index":"index","follow":"follow","max-snippet":"max-snippet:-1","max-image-preview":"max-image-preview:large","max-video-preview":"max-video-preview:-1"},"canonical":"https:\/\/shop.bazarcia.com\/en\/product\/matrizes-de-bordado-chaveiros-e-tags-natal-pacote-de-matrizes\/","og_locale":"en_US","og_type":"article","og_title":"Matrizes de Bordado - CHAVEIROS E TAGS NATAL - Pacote de Matrizes - \ud835\udc1b\ud835\udc1a\ud835\udc33\ud835\udc1a\ud835\udc2b &amp; \ud835\udc1c\ud835\udc22\ud835\udc1a","og_description":"CHAVEIROS E TAGS NATAL - Matrizes de Bordado * Dispon\u00edvel para download *  ***GARANTA J\u00c1 A SUA*** POR APENAS 15,00 (\u00daLTIMOS DIAS NESSE VALOR)  *Dentro do Chaveiro e da Tag voc\u00ea pode colocar o nome da pessoa que vai ser presenteada*  Frase \"Boas Festas\" inclusa em 2 tamanhos, para usar na moldura de 11 e de 13cm  Formatos: PES \u2013 JEF \u2013 XXX - DST \u2013 EXP Tamanhos: CHAVEIROS 11cm TAGS 11cm e 13cm  *** Este produto \u00e9 Digital ***","og_url":"https:\/\/shop.bazarcia.com\/en\/product\/matrizes-de-bordado-chaveiros-e-tags-natal-pacote-de-matrizes\/","og_site_name":"\ud835\udc1b\ud835\udc1a\ud835\udc33\ud835\udc1a\ud835\udc2b &amp; \ud835\udc1c\ud835\udc22\ud835\udc1a","article_publisher":"https:\/\/www.facebook.com\/shopbazarcia","article_modified_time":"2022-12-27T22:15:01+00:00","og_image":[{"width":1080,"height":1080,"url":"https:\/\/shop.bazarcia.com\/wp-content\/uploads\/2022\/12\/1.jpg","type":"image\/jpeg"}],"twitter_card":"summary_large_image","schema":{"@context":"https:\/\/schema.org","@graph":[{"@type":"WebPage","@id":"https:\/\/shop.bazarcia.com\/produto\/matrizes-de-bordado-chaveiros-e-tags-natal-pacote-de-matrizes\/","url":"https:\/\/shop.bazarcia.com\/produto\/matrizes-de-bordado-chaveiros-e-tags-natal-pacote-de-matrizes\/","name":"Matrizes de Bordado - CHAVEIROS E TAGS NATAL - Pacote de Matrizes - \ud835\udc1b\ud835\udc1a\ud835\udc33\ud835\udc1a\ud835\udc2b &amp; \ud835\udc1c\ud835\udc22\ud835\udc1a","isPartOf":{"@id":"https:\/\/shop.bazarcia.com\/#website"},"primaryImageOfPage":{"@id":"https:\/\/shop.bazarcia.com\/produto\/matrizes-de-bordado-chaveiros-e-tags-natal-pacote-de-matrizes\/#primaryimage"},"image":{"@id":"https:\/\/shop.bazarcia.com\/produto\/matrizes-de-bordado-chaveiros-e-tags-natal-pacote-de-matrizes\/#primaryimage"},"thumbnailUrl":"https:\/\/shop.bazarcia.com\/wp-content\/uploads\/2022\/12\/1.jpg","datePublished":"2022-12-04T13:59:57+00:00","dateModified":"2022-12-27T22:15:01+00:00","breadcrumb":{"@id":"https:\/\/shop.bazarcia.com\/produto\/matrizes-de-bordado-chaveiros-e-tags-natal-pacote-de-matrizes\/#breadcrumb"},"inLanguage":"en-US","potentialAction":[{"@type":"ReadAction","target":["https:\/\/shop.bazarcia.com\/produto\/matrizes-de-bordado-chaveiros-e-tags-natal-pacote-de-matrizes\/"]}]},{"@type":"ImageObject","inLanguage":"en-US","@id":"https:\/\/shop.bazarcia.com\/produto\/matrizes-de-bordado-chaveiros-e-tags-natal-pacote-de-matrizes\/#primaryimage","url":"https:\/\/shop.bazarcia.com\/wp-content\/uploads\/2022\/12\/1.jpg","contentUrl":"https:\/\/shop.bazarcia.com\/wp-content\/uploads\/2022\/12\/1.jpg","width":1080,"height":1080},{"@type":"BreadcrumbList","@id":"https:\/\/shop.bazarcia.com\/produto\/matrizes-de-bordado-chaveiros-e-tags-natal-pacote-de-matrizes\/#breadcrumb","itemListElement":[{"@type":"ListItem","position":1,"name":"In\u00edcio","item":"https:\/\/shop.bazarcia.com\/"},{"@type":"ListItem","position":2,"name":"Loja","item":"https:\/\/shop.bazarcia.com\/loja\/"},{"@type":"ListItem","position":3,"name":"Matrizes de Bordado &#8211; CHAVEIROS E TAGS NATAL &#8211; Pacote de Matrizes"}]},{"@type":"WebSite","@id":"https:\/\/shop.bazarcia.com\/#website","url":"https:\/\/shop.bazarcia.com\/","name":"Bazar & Cia","description":"criatividade ponto a ponto","publisher":{"@id":"https:\/\/shop.bazarcia.com\/#organization"},"potentialAction":[{"@type":"SearchAction","target":{"@type":"EntryPoint","urlTemplate":"https:\/\/shop.bazarcia.com\/?s={search_term_string}"},"query-input":{"@type":"PropertyValueSpecification","valueRequired":true,"valueName":"search_term_string"}}],"inLanguage":"en-US"},{"@type":"Organization","@id":"https:\/\/shop.bazarcia.com\/#organization","name":"Bazar & Cia","url":"https:\/\/shop.bazarcia.com\/","logo":{"@type":"ImageObject","inLanguage":"en-US","@id":"https:\/\/shop.bazarcia.com\/#\/schema\/logo\/image\/","url":"https:\/\/shop.bazarcia.com\/wp-content\/uploads\/2024\/02\/cropped-logo_bazarcia.png","contentUrl":"https:\/\/shop.bazarcia.com\/wp-content\/uploads\/2024\/02\/cropped-logo_bazarcia.png","width":150,"height":150,"caption":"Bazar & Cia"},"image":{"@id":"https:\/\/shop.bazarcia.com\/#\/schema\/logo\/image\/"},"sameAs":["https:\/\/www.facebook.com\/shopbazarcia","https:\/\/www.instagram.com\/shopbazarcia","https:\/\/br.pinterest.com\/suzane_eloise\/","https:\/\/www.youtube.com\/c\/BazardoBordadoMatrizeseProjetos"]}]}},"_links":{"self":[{"href":"https:\/\/shop.bazarcia.com\/en\/wp-json\/wp\/v2\/product\/196458","targetHints":{"allow":["GET"]}}],"collection":[{"href":"https:\/\/shop.bazarcia.com\/en\/wp-json\/wp\/v2\/product"}],"about":[{"href":"https:\/\/shop.bazarcia.com\/en\/wp-json\/wp\/v2\/types\/product"}],"replies":[{"embeddable":true,"href":"https:\/\/shop.bazarcia.com\/en\/wp-json\/wp\/v2\/comments?post=196458"}],"version-history":[{"count":0,"href":"https:\/\/shop.bazarcia.com\/en\/wp-json\/wp\/v2\/product\/196458\/revisions"}],"wp:featuredmedia":[{"embeddable":true,"href":"https:\/\/shop.bazarcia.com\/en\/wp-json\/wp\/v2\/media\/196451"}],"wp:attachment":[{"href":"https:\/\/shop.bazarcia.com\/en\/wp-json\/wp\/v2\/media?parent=196458"}],"wp:term":[{"taxonomy":"product_brand","embeddable":true,"href":"https:\/\/shop.bazarcia.com\/en\/wp-json\/wp\/v2\/product_brand?post=196458"},{"taxonomy":"product_cat","embeddable":true,"href":"https:\/\/shop.bazarcia.com\/en\/wp-json\/wp\/v2\/product_cat?post=196458"},{"taxonomy":"product_tag","embeddable":true,"href":"https:\/\/shop.bazarcia.com\/en\/wp-json\/wp\/v2\/product_tag?post=196458"}],"curies":[{"name":"wp","href":"https:\/\/api.w.org\/{rel}","templated":true}]}}