{"id":196792,"date":"2022-12-08T14:40:35","date_gmt":"2022-12-08T17:40:35","guid":{"rendered":"https:\/\/shop.bazarcia.com\/produto\/linha-madeira-matte-branca-7801\/"},"modified":"2022-12-08T16:18:19","modified_gmt":"2022-12-08T19:18:19","slug":"linha-madeira-matte-branca-7801","status":"publish","type":"product","link":"https:\/\/shop.bazarcia.com\/en\/product\/linha-madeira-matte-branca-7801\/","title":{"rendered":"Linha Madeira Matte &#8211; Branca 7801"},"content":{"rendered":"<h2 style=\"margin: 0px;font-weight: 400;font-size: 20px;line-height: 30px;font-family: Poppins, sans-serif\">Linha Madeira sem brilho BRANCA 7801<\/h2>\n<p style=\"margin-top: 0px;margin-bottom: 1em;font-family: Poppins, sans-serif\">Linha fosca para bordado computadorizado.<br \/>\nLinha da marca Madeira\u00ae, cone com 1000 metros cada.<br \/>\nItem do Kit Baby.<br \/>\nO Frosted Matt \u00e9 uma linha de poli\u00e9ster com acabamento mate (fosco, sem brilho) para m\u00e1quinas de<br \/>\nbordar dom\u00e9sticas e industriais, oferecendo cores reais sem reflexos.<br \/>\nDispon\u00edvel em nosso site, cones de 1000 metros cada.<br \/>\n\u00c9 uma excelente combina\u00e7\u00e3o para desenhos bordados, destaques criativos,contornos e contraste excelentes em misturas de linhas e para costura decorativa e bordado.<br \/>\nA superf\u00edcie sem fibras garante boas propriedades de execu\u00e7\u00e3o, mesmo com agulhas pequenas 60\/9 ou 70\/11 e proporciona enrugamento m\u00ednimo em tecidos el\u00e1sticos.<br \/>\nCores &#8220;reais&#8221; fixas, que n\u00e3o desbotam.<br \/>\nFabricado na Alemanha<br \/>\nMostra os elementos do modelo com exatid\u00e3o,<br \/>\nprecis\u00e3o e clareza<br \/>\nSTANDARD 100 by OEKO-TEX\u00ae, classe de produto I (adequado para roupa de beb\u00e9 e vestu\u00e1rio infantil)<br \/>\nContornos n\u00edtidos e contraste para bordados dimensionais, destaques e letras bordadas<br \/>\nVisual exclusivo para desenhos bordados de alta qualidade.<br \/>\nPor favor, adapte os modelos \u00e0 linha e teste as configura\u00e7\u00f5es ideais na sua m\u00e1quina, dependendo dos seus tecidos, entretela, agulha e m\u00e1quina.<br \/>\nFunciona com as melhores agulhas sem danificar tecidos delicados. Use-a para contornos n\u00edtidos, letras bordadas finas, detalhes pequenos ou muito pequenos, para criar contraste nos modelos de mistura de linhas ou simplesmente da forma que o seu cora\u00e7\u00e3o criativo assim o entender.<br \/>\n<strong>Valor referente \u00e0 unidade.<\/strong><\/p>","protected":false},"excerpt":{"rendered":"<p>1 cone<br \/>\n1000 metros<br \/>\nCor: 7801<br \/>\nFio 40<br \/>\nSem brilho<br \/>\nPara Bordado Computadorizado e Quilting<\/p>","protected":false},"featured_media":196791,"comment_status":"open","ping_status":"closed","template":"","meta":{"_acf_changed":false,"_joinchat":[]},"product_brand":[],"product_cat":[1842],"product_tag":[],"class_list":{"0":"post-196792","1":"product","2":"type-product","3":"status-publish","4":"has-post-thumbnail","6":"product_cat-bastidores-para-bones","8":"first","9":"outofstock","10":"shipping-taxable","11":"purchasable","12":"product-type-simple"},"acf":[],"yoast_head":"<!-- This site is optimized with the Yoast SEO plugin v27.2 - https:\/\/yoast.com\/product\/yoast-seo-wordpress\/ -->\n<title>Linha Madeira Matte - Branca 7801 - \ud835\udc1b\ud835\udc1a\ud835\udc33\ud835\udc1a\ud835\udc2b &amp; \ud835\udc1c\ud835\udc22\ud835\udc1a<\/title>\n<meta name=\"description\" content=\"Linha Madeira para Bordado e Quilting\" \/>\n<meta name=\"robots\" content=\"index, follow, max-snippet:-1, max-image-preview:large, max-video-preview:-1\" \/>\n<link rel=\"canonical\" href=\"https:\/\/shop.bazarcia.com\/en\/product\/linha-madeira-matte-branca-7801\/\" \/>\n<meta property=\"og:locale\" content=\"en_US\" \/>\n<meta property=\"og:type\" content=\"article\" \/>\n<meta property=\"og:title\" content=\"Linha Madeira Matte - Branca 7801 - \ud835\udc1b\ud835\udc1a\ud835\udc33\ud835\udc1a\ud835\udc2b &amp; \ud835\udc1c\ud835\udc22\ud835\udc1a\" \/>\n<meta property=\"og:description\" content=\"Linha Madeira para Bordado e Quilting\" \/>\n<meta property=\"og:url\" content=\"https:\/\/shop.bazarcia.com\/en\/product\/linha-madeira-matte-branca-7801\/\" \/>\n<meta property=\"og:site_name\" content=\"\ud835\udc1b\ud835\udc1a\ud835\udc33\ud835\udc1a\ud835\udc2b &amp; \ud835\udc1c\ud835\udc22\ud835\udc1a\" \/>\n<meta property=\"article:publisher\" content=\"https:\/\/www.facebook.com\/shopbazarcia\" \/>\n<meta property=\"article:modified_time\" content=\"2022-12-08T19:18:19+00:00\" \/>\n<meta property=\"og:image\" content=\"https:\/\/shop.bazarcia.com\/wp-content\/uploads\/2022\/12\/LINHA-MD-BRANCA-7801.jpg\" \/>\n\t<meta property=\"og:image:width\" content=\"850\" \/>\n\t<meta property=\"og:image:height\" content=\"850\" \/>\n\t<meta property=\"og:image:type\" content=\"image\/jpeg\" \/>\n<meta name=\"twitter:card\" content=\"summary_large_image\" \/>\n<meta name=\"twitter:label1\" content=\"Est. reading time\" \/>\n\t<meta name=\"twitter:data1\" content=\"1 minute\" \/>\n<script type=\"application\/ld+json\" class=\"yoast-schema-graph\">{\"@context\":\"https:\/\/schema.org\",\"@graph\":[{\"@type\":\"WebPage\",\"@id\":\"https:\/\/shop.bazarcia.com\/produto\/linha-madeira-matte-branca-7801\/\",\"url\":\"https:\/\/shop.bazarcia.com\/produto\/linha-madeira-matte-branca-7801\/\",\"name\":\"Linha Madeira Matte - Branca 7801 - \ud835\udc1b\ud835\udc1a\ud835\udc33\ud835\udc1a\ud835\udc2b &amp; \ud835\udc1c\ud835\udc22\ud835\udc1a\",\"isPartOf\":{\"@id\":\"https:\/\/shop.bazarcia.com\/#website\"},\"primaryImageOfPage\":{\"@id\":\"https:\/\/shop.bazarcia.com\/produto\/linha-madeira-matte-branca-7801\/#primaryimage\"},\"image\":{\"@id\":\"https:\/\/shop.bazarcia.com\/produto\/linha-madeira-matte-branca-7801\/#primaryimage\"},\"thumbnailUrl\":\"https:\/\/shop.bazarcia.com\/wp-content\/uploads\/2022\/12\/LINHA-MD-BRANCA-7801.jpg\",\"datePublished\":\"2022-12-08T17:40:35+00:00\",\"dateModified\":\"2022-12-08T19:18:19+00:00\",\"description\":\"Linha Madeira para Bordado e Quilting\",\"breadcrumb\":{\"@id\":\"https:\/\/shop.bazarcia.com\/produto\/linha-madeira-matte-branca-7801\/#breadcrumb\"},\"inLanguage\":\"en-US\",\"potentialAction\":[{\"@type\":\"ReadAction\",\"target\":[\"https:\/\/shop.bazarcia.com\/produto\/linha-madeira-matte-branca-7801\/\"]}]},{\"@type\":\"ImageObject\",\"inLanguage\":\"en-US\",\"@id\":\"https:\/\/shop.bazarcia.com\/produto\/linha-madeira-matte-branca-7801\/#primaryimage\",\"url\":\"https:\/\/shop.bazarcia.com\/wp-content\/uploads\/2022\/12\/LINHA-MD-BRANCA-7801.jpg\",\"contentUrl\":\"https:\/\/shop.bazarcia.com\/wp-content\/uploads\/2022\/12\/LINHA-MD-BRANCA-7801.jpg\",\"width\":850,\"height\":850},{\"@type\":\"BreadcrumbList\",\"@id\":\"https:\/\/shop.bazarcia.com\/produto\/linha-madeira-matte-branca-7801\/#breadcrumb\",\"itemListElement\":[{\"@type\":\"ListItem\",\"position\":1,\"name\":\"In\u00edcio\",\"item\":\"https:\/\/shop.bazarcia.com\/\"},{\"@type\":\"ListItem\",\"position\":2,\"name\":\"Loja\",\"item\":\"https:\/\/shop.bazarcia.com\/loja\/\"},{\"@type\":\"ListItem\",\"position\":3,\"name\":\"Linha Madeira Matte &#8211; Branca 7801\"}]},{\"@type\":\"WebSite\",\"@id\":\"https:\/\/shop.bazarcia.com\/#website\",\"url\":\"https:\/\/shop.bazarcia.com\/\",\"name\":\"Bazar & Cia\",\"description\":\"criatividade ponto a ponto\",\"publisher\":{\"@id\":\"https:\/\/shop.bazarcia.com\/#organization\"},\"potentialAction\":[{\"@type\":\"SearchAction\",\"target\":{\"@type\":\"EntryPoint\",\"urlTemplate\":\"https:\/\/shop.bazarcia.com\/?s={search_term_string}\"},\"query-input\":{\"@type\":\"PropertyValueSpecification\",\"valueRequired\":true,\"valueName\":\"search_term_string\"}}],\"inLanguage\":\"en-US\"},{\"@type\":\"Organization\",\"@id\":\"https:\/\/shop.bazarcia.com\/#organization\",\"name\":\"Bazar & Cia\",\"url\":\"https:\/\/shop.bazarcia.com\/\",\"logo\":{\"@type\":\"ImageObject\",\"inLanguage\":\"en-US\",\"@id\":\"https:\/\/shop.bazarcia.com\/#\/schema\/logo\/image\/\",\"url\":\"https:\/\/shop.bazarcia.com\/wp-content\/uploads\/2024\/02\/cropped-logo_bazarcia.png\",\"contentUrl\":\"https:\/\/shop.bazarcia.com\/wp-content\/uploads\/2024\/02\/cropped-logo_bazarcia.png\",\"width\":150,\"height\":150,\"caption\":\"Bazar & Cia\"},\"image\":{\"@id\":\"https:\/\/shop.bazarcia.com\/#\/schema\/logo\/image\/\"},\"sameAs\":[\"https:\/\/www.facebook.com\/shopbazarcia\",\"https:\/\/www.instagram.com\/shopbazarcia\",\"https:\/\/br.pinterest.com\/suzane_eloise\/\",\"https:\/\/www.youtube.com\/c\/BazardoBordadoMatrizeseProjetos\"]}]}<\/script>\n<!-- \/ Yoast SEO plugin. -->","yoast_head_json":{"title":"Linha Madeira Matte - Branca 7801 - \ud835\udc1b\ud835\udc1a\ud835\udc33\ud835\udc1a\ud835\udc2b &amp; \ud835\udc1c\ud835\udc22\ud835\udc1a","description":"Linha Madeira para Bordado e Quilting","robots":{"index":"index","follow":"follow","max-snippet":"max-snippet:-1","max-image-preview":"max-image-preview:large","max-video-preview":"max-video-preview:-1"},"canonical":"https:\/\/shop.bazarcia.com\/en\/product\/linha-madeira-matte-branca-7801\/","og_locale":"en_US","og_type":"article","og_title":"Linha Madeira Matte - Branca 7801 - \ud835\udc1b\ud835\udc1a\ud835\udc33\ud835\udc1a\ud835\udc2b &amp; \ud835\udc1c\ud835\udc22\ud835\udc1a","og_description":"Linha Madeira para Bordado e Quilting","og_url":"https:\/\/shop.bazarcia.com\/en\/product\/linha-madeira-matte-branca-7801\/","og_site_name":"\ud835\udc1b\ud835\udc1a\ud835\udc33\ud835\udc1a\ud835\udc2b &amp; \ud835\udc1c\ud835\udc22\ud835\udc1a","article_publisher":"https:\/\/www.facebook.com\/shopbazarcia","article_modified_time":"2022-12-08T19:18:19+00:00","og_image":[{"width":850,"height":850,"url":"https:\/\/shop.bazarcia.com\/wp-content\/uploads\/2022\/12\/LINHA-MD-BRANCA-7801.jpg","type":"image\/jpeg"}],"twitter_card":"summary_large_image","twitter_misc":{"Est. reading time":"1 minute"},"schema":{"@context":"https:\/\/schema.org","@graph":[{"@type":"WebPage","@id":"https:\/\/shop.bazarcia.com\/produto\/linha-madeira-matte-branca-7801\/","url":"https:\/\/shop.bazarcia.com\/produto\/linha-madeira-matte-branca-7801\/","name":"Linha Madeira Matte - Branca 7801 - \ud835\udc1b\ud835\udc1a\ud835\udc33\ud835\udc1a\ud835\udc2b &amp; \ud835\udc1c\ud835\udc22\ud835\udc1a","isPartOf":{"@id":"https:\/\/shop.bazarcia.com\/#website"},"primaryImageOfPage":{"@id":"https:\/\/shop.bazarcia.com\/produto\/linha-madeira-matte-branca-7801\/#primaryimage"},"image":{"@id":"https:\/\/shop.bazarcia.com\/produto\/linha-madeira-matte-branca-7801\/#primaryimage"},"thumbnailUrl":"https:\/\/shop.bazarcia.com\/wp-content\/uploads\/2022\/12\/LINHA-MD-BRANCA-7801.jpg","datePublished":"2022-12-08T17:40:35+00:00","dateModified":"2022-12-08T19:18:19+00:00","description":"Linha Madeira para Bordado e Quilting","breadcrumb":{"@id":"https:\/\/shop.bazarcia.com\/produto\/linha-madeira-matte-branca-7801\/#breadcrumb"},"inLanguage":"en-US","potentialAction":[{"@type":"ReadAction","target":["https:\/\/shop.bazarcia.com\/produto\/linha-madeira-matte-branca-7801\/"]}]},{"@type":"ImageObject","inLanguage":"en-US","@id":"https:\/\/shop.bazarcia.com\/produto\/linha-madeira-matte-branca-7801\/#primaryimage","url":"https:\/\/shop.bazarcia.com\/wp-content\/uploads\/2022\/12\/LINHA-MD-BRANCA-7801.jpg","contentUrl":"https:\/\/shop.bazarcia.com\/wp-content\/uploads\/2022\/12\/LINHA-MD-BRANCA-7801.jpg","width":850,"height":850},{"@type":"BreadcrumbList","@id":"https:\/\/shop.bazarcia.com\/produto\/linha-madeira-matte-branca-7801\/#breadcrumb","itemListElement":[{"@type":"ListItem","position":1,"name":"In\u00edcio","item":"https:\/\/shop.bazarcia.com\/"},{"@type":"ListItem","position":2,"name":"Loja","item":"https:\/\/shop.bazarcia.com\/loja\/"},{"@type":"ListItem","position":3,"name":"Linha Madeira Matte &#8211; Branca 7801"}]},{"@type":"WebSite","@id":"https:\/\/shop.bazarcia.com\/#website","url":"https:\/\/shop.bazarcia.com\/","name":"Bazar & Cia","description":"criatividade ponto a ponto","publisher":{"@id":"https:\/\/shop.bazarcia.com\/#organization"},"potentialAction":[{"@type":"SearchAction","target":{"@type":"EntryPoint","urlTemplate":"https:\/\/shop.bazarcia.com\/?s={search_term_string}"},"query-input":{"@type":"PropertyValueSpecification","valueRequired":true,"valueName":"search_term_string"}}],"inLanguage":"en-US"},{"@type":"Organization","@id":"https:\/\/shop.bazarcia.com\/#organization","name":"Bazar & Cia","url":"https:\/\/shop.bazarcia.com\/","logo":{"@type":"ImageObject","inLanguage":"en-US","@id":"https:\/\/shop.bazarcia.com\/#\/schema\/logo\/image\/","url":"https:\/\/shop.bazarcia.com\/wp-content\/uploads\/2024\/02\/cropped-logo_bazarcia.png","contentUrl":"https:\/\/shop.bazarcia.com\/wp-content\/uploads\/2024\/02\/cropped-logo_bazarcia.png","width":150,"height":150,"caption":"Bazar & Cia"},"image":{"@id":"https:\/\/shop.bazarcia.com\/#\/schema\/logo\/image\/"},"sameAs":["https:\/\/www.facebook.com\/shopbazarcia","https:\/\/www.instagram.com\/shopbazarcia","https:\/\/br.pinterest.com\/suzane_eloise\/","https:\/\/www.youtube.com\/c\/BazardoBordadoMatrizeseProjetos"]}]}},"_links":{"self":[{"href":"https:\/\/shop.bazarcia.com\/en\/wp-json\/wp\/v2\/product\/196792","targetHints":{"allow":["GET"]}}],"collection":[{"href":"https:\/\/shop.bazarcia.com\/en\/wp-json\/wp\/v2\/product"}],"about":[{"href":"https:\/\/shop.bazarcia.com\/en\/wp-json\/wp\/v2\/types\/product"}],"replies":[{"embeddable":true,"href":"https:\/\/shop.bazarcia.com\/en\/wp-json\/wp\/v2\/comments?post=196792"}],"version-history":[{"count":0,"href":"https:\/\/shop.bazarcia.com\/en\/wp-json\/wp\/v2\/product\/196792\/revisions"}],"wp:featuredmedia":[{"embeddable":true,"href":"https:\/\/shop.bazarcia.com\/en\/wp-json\/wp\/v2\/media\/196791"}],"wp:attachment":[{"href":"https:\/\/shop.bazarcia.com\/en\/wp-json\/wp\/v2\/media?parent=196792"}],"wp:term":[{"taxonomy":"product_brand","embeddable":true,"href":"https:\/\/shop.bazarcia.com\/en\/wp-json\/wp\/v2\/product_brand?post=196792"},{"taxonomy":"product_cat","embeddable":true,"href":"https:\/\/shop.bazarcia.com\/en\/wp-json\/wp\/v2\/product_cat?post=196792"},{"taxonomy":"product_tag","embeddable":true,"href":"https:\/\/shop.bazarcia.com\/en\/wp-json\/wp\/v2\/product_tag?post=196792"}],"curies":[{"name":"wp","href":"https:\/\/api.w.org\/{rel}","templated":true}]}}