{"id":199208,"date":"2022-12-27T21:35:08","date_gmt":"2022-12-28T00:35:08","guid":{"rendered":"https:\/\/shop.bazarcia.com\/produto\/matrizes-de-bordado-leoezinhos-rostinhos\/"},"modified":"2023-01-03T17:19:22","modified_gmt":"2023-01-03T20:19:22","slug":"matrizes-de-bordado-leoezinhos-rostinhos","status":"publish","type":"product","link":"https:\/\/shop.bazarcia.com\/en\/product\/matrizes-de-bordado-leoezinhos-rostinhos\/","title":{"rendered":"Matrizes de Bordado Leoezinhos Rostinhos"},"content":{"rendered":"<p style=\"margin-top: 0px;margin-bottom: 1rem;color: #6c737b;font-family: Roboto, sans-serif\"><span style=\"font-weight: bolder\"><span style=\"font-weight: bolder\"><span style=\"font-weight: bolder\"><span style=\"font-weight: bolder\"><span style=\"font-weight: bolder\"><span style=\"font-weight: bolder\"><span style=\"font-weight: bolder\"><span style=\"font-weight: bolder\">Matrizes de Bordado Leoezinhos Rostinhos<\/span><\/span><\/span><\/span><\/span><\/span><br \/>\n<\/span><\/span><\/p>\n<div style=\"color: #212529;font-family: Roboto, sans-serif\">\n<p style=\"margin-top: 0px;margin-bottom: 1rem;color: #6c737b\"><span style=\"font-weight: bolder\"><i style=\"vertical-align: middle\"><span style=\"font-weight: bolder\">Descri\u00e7\u00e3o das Matrizes<br \/>\n<\/span><\/i><span style=\"font-weight: bolder\">\u2665 S\u00e3o 14 tamanhos de rostinhos:\u00a0 6, 8, 10, 12, 14, 16, 18, 20, 22, 24, 26, 28, 30 e 36 cm de largura com altura proporcional.<\/span><\/span><\/p>\n<p style=\"margin-top: 0px;margin-bottom: 1rem;color: #6c737b\"><span style=\"font-weight: bolder\"><span style=\"font-weight: bolder\">\u2665 Acompanha ainda um tamanho especial para confec\u00e7\u00e3o da Bag LepetitBaby.<\/span><\/span><\/p>\n<p>\u2665\u00a0\u00a0Acompanha apostila com moldes para confec\u00e7\u00e3o de almofadas em 3 tamanhos utilizando as matrizes de 18, 26 e\/ou 30 cm.<br \/>\nMatriz de 18 cm &#8211; almofadas com aproximadamente 22 x 25 cm<br \/>\nMatriz de 26 cm &#8211; almofadas com aproximadamente 32 x 36 cm<br \/>\nMatriz de 30 cm &#8211; almofadas com aproximadamente 37 x 42 cm<\/p>\n<p><span style=\"font-weight: bolder\"><span style=\"font-weight: bolder\"><br \/>\n\u2661 Este \u00e9 um produto DIGITAL, os arquivos estar\u00e3o dispon\u00edveis para download aqui mesmo, na sua conta, ap\u00f3s confirma\u00e7\u00e3o do pagamento. Para produtos em pr\u00e9-venda, atente-se \u00e0 data de entrega.<\/span><\/span><span style=\"font-weight: bolder\"><span style=\"font-weight: bolder\"><br \/>\n<\/span><\/span><\/p>\n<p style=\"margin-top: 0px;margin-bottom: 1rem;color: #6c737b\"><span style=\"font-weight: bolder\"><span style=\"font-weight: bolder\">\u2661 Os arquivos est\u00e3o em pasta compactada (ZIP), sendo necess\u00e1rio descompact\u00e1-la.<\/span><\/span><\/p>\n<p style=\"margin-top: 0px;margin-bottom: 1rem;color: #6c737b\">\u2661 Os mesmos s\u00e3o compat\u00edveis com v\u00e1rios tipos e modelos de m\u00e1quinas, com os seguintes formatos:<br \/>\nDST &#8211; EXP &#8211; HUS &#8211; JEF &#8211; PES &#8211; XXX<\/p>\n<p style=\"margin-top: 0px;margin-bottom: 1rem;color: #6c737b\">\u2661 Adquirindo nossas matrizes e projetos voc\u00ea se declara de acordo com nossos\u00a0<span style=\"font-weight: bolder\"><span style=\"font-weight: bolder\"><span style=\"font-weight: bolder\"><span style=\"font-weight: bolder\"><span style=\"font-weight: bolder\"><a style=\"color: #95663c;background-color: transparent\" href=\"https:\/\/shop.bazarcia.com\/en\/store\/atelie-mamae-coruja\/toc\/\" target=\"_blank\" rel=\"nofollow noopener\">TERMOS E CONDI\u00c7\u00d5ES<\/a><\/span>.<\/span><\/span><\/span><\/span><\/p>\n<p style=\"margin-top: 0px;margin-bottom: 1rem;color: #6c737b\">Designers das imagens (com licen\u00e7a de uso adquirida) usadas como inspira\u00e7\u00e3o para a programa\u00e7\u00e3o das matrizes deste KIT:<br \/>\n&#8211; Carol (Est\u00fadio 812)<\/p>\n<\/div>","protected":false},"excerpt":{"rendered":"<p>Este \u00e9 um PRODUTO DIGITAL destinado a artes\u00e3s e artes\u00e3os \u2665<\/p>\n<p>\u2665 A novidade da vez agora s\u00e3o matrizes de bordado que te permite criar, inventar moda, inovar e trazer um diferencial em seu trabalho!<\/p>\n<p>\u2665 Pensando nisto, trouxemos agora as matrizes de rostinhos para que voc\u00ea possa criar diversas pe\u00e7as como almofadas, bolsas, capuz, e tamb\u00e9m personalizar pe\u00e7as j\u00e1 prontas como blusas, agasalhos e muito mais.<\/p>\n<p>\u2665 Para dar largada a mais esta novidade, chegamos com os rostinhos de leoas e le\u00f5ezinhos. S\u00e3o 14 tamanhos de rostinhos: 6, 8, 10, 12, 14, 16, 18, 20, 22, 24, 26, 28, 30 e 36 cm de largura com altura proporcional, acompanha ainda um tamanho especial para confec\u00e7\u00e3o da Bag LepetitBaby que a nossa querida Grazi ensinar\u00e1 gratuitamente em seu canal do YOUTUBE. E para as amantes de almofadas, todo kit de rostinho tamb\u00e9m acompanhar\u00e1 uma apostila com moldes para confec\u00e7\u00e3o de almofadas em 3 tamanhos utilizando as matrizes de 18, 26 e\/ou 30 cm.<\/p>\n<p>\u2665 Para confec\u00e7\u00e3o das almofadas, o rostinho e as orelhas s\u00e3o feitos na bordadeira e o fechamento na m\u00e1quina de costura.<\/p>\n<p>Mais informa\u00e7\u00f5es abaixo!<\/p>","protected":false},"featured_media":199203,"comment_status":"open","ping_status":"closed","template":"","meta":{"_acf_changed":false,"_joinchat":[]},"product_brand":[],"product_cat":[84,122,237,137,157,1056],"product_tag":[1528,1430,1432],"class_list":{"0":"post-199208","1":"product","2":"type-product","3":"status-publish","4":"has-post-thumbnail","6":"product_cat-matrizes-de-bordado","7":"product_cat-matrizes-de-bordado-animais","8":"product_cat-leaozinho","9":"product_cat-datas-especiais","10":"product_cat-volta-as-aulas","11":"product_cat-rostinhos","12":"product_tag-almofada","13":"product_tag-matriz-de-bordado","14":"product_tag-matrizes-de-bordado","16":"first","17":"instock","18":"downloadable","19":"virtual","20":"sold-individually","21":"purchasable","22":"product-type-simple"},"acf":[],"yoast_head":"<!-- This site is optimized with the Yoast SEO plugin v27.2 - https:\/\/yoast.com\/product\/yoast-seo-wordpress\/ -->\n<title>Matrizes de Bordado Leoezinhos Rostinhos - \ud835\udc1b\ud835\udc1a\ud835\udc33\ud835\udc1a\ud835\udc2b &amp; \ud835\udc1c\ud835\udc22\ud835\udc1a<\/title>\n<meta name=\"robots\" content=\"index, follow, max-snippet:-1, max-image-preview:large, max-video-preview:-1\" \/>\n<link rel=\"canonical\" href=\"https:\/\/shop.bazarcia.com\/en\/product\/matrizes-de-bordado-leoezinhos-rostinhos\/\" \/>\n<meta property=\"og:locale\" content=\"en_US\" \/>\n<meta property=\"og:type\" content=\"article\" \/>\n<meta property=\"og:title\" content=\"Matrizes de Bordado Leoezinhos Rostinhos - \ud835\udc1b\ud835\udc1a\ud835\udc33\ud835\udc1a\ud835\udc2b &amp; \ud835\udc1c\ud835\udc22\ud835\udc1a\" \/>\n<meta property=\"og:description\" content=\"Este \u00e9 um PRODUTO DIGITAL destinado a artes\u00e3s e artes\u00e3os \u2665  \u2665 A novidade da vez agora s\u00e3o matrizes de bordado que te permite criar, inventar moda, inovar e trazer um diferencial em seu trabalho!  \u2665 Pensando nisto, trouxemos agora as matrizes de rostinhos para que voc\u00ea possa criar diversas pe\u00e7as como almofadas, bolsas, capuz, e tamb\u00e9m personalizar pe\u00e7as j\u00e1 prontas como blusas, agasalhos e muito mais.  \u2665 Para dar largada a mais esta novidade, chegamos com os rostinhos de leoas e le\u00f5ezinhos. S\u00e3o 14 tamanhos de rostinhos: 6, 8, 10, 12, 14, 16, 18, 20, 22, 24, 26, 28, 30 e 36 cm de largura com altura proporcional, acompanha ainda um tamanho especial para confec\u00e7\u00e3o da Bag LepetitBaby que a nossa querida Grazi ensinar\u00e1 gratuitamente em seu canal do YOUTUBE. E para as amantes de almofadas, todo kit de rostinho tamb\u00e9m acompanhar\u00e1 uma apostila com moldes para confec\u00e7\u00e3o de almofadas em 3 tamanhos utilizando as matrizes de 18, 26 e\/ou 30 cm.  \u2665 Para confec\u00e7\u00e3o das almofadas, o rostinho e as orelhas s\u00e3o feitos na bordadeira e o fechamento na m\u00e1quina de costura.  Mais informa\u00e7\u00f5es abaixo!\" \/>\n<meta property=\"og:url\" content=\"https:\/\/shop.bazarcia.com\/en\/product\/matrizes-de-bordado-leoezinhos-rostinhos\/\" \/>\n<meta property=\"og:site_name\" content=\"\ud835\udc1b\ud835\udc1a\ud835\udc33\ud835\udc1a\ud835\udc2b &amp; \ud835\udc1c\ud835\udc22\ud835\udc1a\" \/>\n<meta property=\"article:publisher\" content=\"https:\/\/www.facebook.com\/shopbazarcia\" \/>\n<meta property=\"article:modified_time\" content=\"2023-01-03T20:19:22+00:00\" \/>\n<meta property=\"og:image\" content=\"https:\/\/shop.bazarcia.com\/wp-content\/uploads\/2022\/12\/Matrizes-de-bordado-projetos-na-bordadeira-rostinhos-leao-leoa-almofada-1.jpg\" \/>\n\t<meta property=\"og:image:width\" content=\"540\" \/>\n\t<meta property=\"og:image:height\" content=\"540\" \/>\n\t<meta property=\"og:image:type\" content=\"image\/jpeg\" \/>\n<meta name=\"twitter:card\" content=\"summary_large_image\" \/>\n<meta name=\"twitter:label1\" content=\"Est. reading time\" \/>\n\t<meta name=\"twitter:data1\" content=\"1 minute\" \/>\n<script type=\"application\/ld+json\" class=\"yoast-schema-graph\">{\"@context\":\"https:\/\/schema.org\",\"@graph\":[{\"@type\":\"WebPage\",\"@id\":\"https:\/\/shop.bazarcia.com\/produto\/matrizes-de-bordado-leoezinhos-rostinhos\/\",\"url\":\"https:\/\/shop.bazarcia.com\/produto\/matrizes-de-bordado-leoezinhos-rostinhos\/\",\"name\":\"Matrizes de Bordado Leoezinhos Rostinhos - \ud835\udc1b\ud835\udc1a\ud835\udc33\ud835\udc1a\ud835\udc2b &amp; \ud835\udc1c\ud835\udc22\ud835\udc1a\",\"isPartOf\":{\"@id\":\"https:\/\/shop.bazarcia.com\/#website\"},\"primaryImageOfPage\":{\"@id\":\"https:\/\/shop.bazarcia.com\/produto\/matrizes-de-bordado-leoezinhos-rostinhos\/#primaryimage\"},\"image\":{\"@id\":\"https:\/\/shop.bazarcia.com\/produto\/matrizes-de-bordado-leoezinhos-rostinhos\/#primaryimage\"},\"thumbnailUrl\":\"https:\/\/shop.bazarcia.com\/wp-content\/uploads\/2022\/12\/Matrizes-de-bordado-projetos-na-bordadeira-rostinhos-leao-leoa-almofada-1.jpg\",\"datePublished\":\"2022-12-28T00:35:08+00:00\",\"dateModified\":\"2023-01-03T20:19:22+00:00\",\"breadcrumb\":{\"@id\":\"https:\/\/shop.bazarcia.com\/produto\/matrizes-de-bordado-leoezinhos-rostinhos\/#breadcrumb\"},\"inLanguage\":\"en-US\",\"potentialAction\":[{\"@type\":\"ReadAction\",\"target\":[\"https:\/\/shop.bazarcia.com\/produto\/matrizes-de-bordado-leoezinhos-rostinhos\/\"]}]},{\"@type\":\"ImageObject\",\"inLanguage\":\"en-US\",\"@id\":\"https:\/\/shop.bazarcia.com\/produto\/matrizes-de-bordado-leoezinhos-rostinhos\/#primaryimage\",\"url\":\"https:\/\/shop.bazarcia.com\/wp-content\/uploads\/2022\/12\/Matrizes-de-bordado-projetos-na-bordadeira-rostinhos-leao-leoa-almofada-1.jpg\",\"contentUrl\":\"https:\/\/shop.bazarcia.com\/wp-content\/uploads\/2022\/12\/Matrizes-de-bordado-projetos-na-bordadeira-rostinhos-leao-leoa-almofada-1.jpg\",\"width\":540,\"height\":540},{\"@type\":\"BreadcrumbList\",\"@id\":\"https:\/\/shop.bazarcia.com\/produto\/matrizes-de-bordado-leoezinhos-rostinhos\/#breadcrumb\",\"itemListElement\":[{\"@type\":\"ListItem\",\"position\":1,\"name\":\"In\u00edcio\",\"item\":\"https:\/\/shop.bazarcia.com\/\"},{\"@type\":\"ListItem\",\"position\":2,\"name\":\"Loja\",\"item\":\"https:\/\/shop.bazarcia.com\/loja\/\"},{\"@type\":\"ListItem\",\"position\":3,\"name\":\"Matrizes de Bordado Leoezinhos Rostinhos\"}]},{\"@type\":\"WebSite\",\"@id\":\"https:\/\/shop.bazarcia.com\/#website\",\"url\":\"https:\/\/shop.bazarcia.com\/\",\"name\":\"Bazar & Cia\",\"description\":\"criatividade ponto a ponto\",\"publisher\":{\"@id\":\"https:\/\/shop.bazarcia.com\/#organization\"},\"potentialAction\":[{\"@type\":\"SearchAction\",\"target\":{\"@type\":\"EntryPoint\",\"urlTemplate\":\"https:\/\/shop.bazarcia.com\/?s={search_term_string}\"},\"query-input\":{\"@type\":\"PropertyValueSpecification\",\"valueRequired\":true,\"valueName\":\"search_term_string\"}}],\"inLanguage\":\"en-US\"},{\"@type\":\"Organization\",\"@id\":\"https:\/\/shop.bazarcia.com\/#organization\",\"name\":\"Bazar & Cia\",\"url\":\"https:\/\/shop.bazarcia.com\/\",\"logo\":{\"@type\":\"ImageObject\",\"inLanguage\":\"en-US\",\"@id\":\"https:\/\/shop.bazarcia.com\/#\/schema\/logo\/image\/\",\"url\":\"https:\/\/shop.bazarcia.com\/wp-content\/uploads\/2024\/02\/cropped-logo_bazarcia.png\",\"contentUrl\":\"https:\/\/shop.bazarcia.com\/wp-content\/uploads\/2024\/02\/cropped-logo_bazarcia.png\",\"width\":150,\"height\":150,\"caption\":\"Bazar & Cia\"},\"image\":{\"@id\":\"https:\/\/shop.bazarcia.com\/#\/schema\/logo\/image\/\"},\"sameAs\":[\"https:\/\/www.facebook.com\/shopbazarcia\",\"https:\/\/www.instagram.com\/shopbazarcia\",\"https:\/\/br.pinterest.com\/suzane_eloise\/\",\"https:\/\/www.youtube.com\/c\/BazardoBordadoMatrizeseProjetos\"]}]}<\/script>\n<!-- \/ Yoast SEO plugin. -->","yoast_head_json":{"title":"Matrizes de Bordado Leoezinhos Rostinhos - \ud835\udc1b\ud835\udc1a\ud835\udc33\ud835\udc1a\ud835\udc2b &amp; \ud835\udc1c\ud835\udc22\ud835\udc1a","robots":{"index":"index","follow":"follow","max-snippet":"max-snippet:-1","max-image-preview":"max-image-preview:large","max-video-preview":"max-video-preview:-1"},"canonical":"https:\/\/shop.bazarcia.com\/en\/product\/matrizes-de-bordado-leoezinhos-rostinhos\/","og_locale":"en_US","og_type":"article","og_title":"Matrizes de Bordado Leoezinhos Rostinhos - \ud835\udc1b\ud835\udc1a\ud835\udc33\ud835\udc1a\ud835\udc2b &amp; \ud835\udc1c\ud835\udc22\ud835\udc1a","og_description":"Este \u00e9 um PRODUTO DIGITAL destinado a artes\u00e3s e artes\u00e3os \u2665  \u2665 A novidade da vez agora s\u00e3o matrizes de bordado que te permite criar, inventar moda, inovar e trazer um diferencial em seu trabalho!  \u2665 Pensando nisto, trouxemos agora as matrizes de rostinhos para que voc\u00ea possa criar diversas pe\u00e7as como almofadas, bolsas, capuz, e tamb\u00e9m personalizar pe\u00e7as j\u00e1 prontas como blusas, agasalhos e muito mais.  \u2665 Para dar largada a mais esta novidade, chegamos com os rostinhos de leoas e le\u00f5ezinhos. S\u00e3o 14 tamanhos de rostinhos: 6, 8, 10, 12, 14, 16, 18, 20, 22, 24, 26, 28, 30 e 36 cm de largura com altura proporcional, acompanha ainda um tamanho especial para confec\u00e7\u00e3o da Bag LepetitBaby que a nossa querida Grazi ensinar\u00e1 gratuitamente em seu canal do YOUTUBE. E para as amantes de almofadas, todo kit de rostinho tamb\u00e9m acompanhar\u00e1 uma apostila com moldes para confec\u00e7\u00e3o de almofadas em 3 tamanhos utilizando as matrizes de 18, 26 e\/ou 30 cm.  \u2665 Para confec\u00e7\u00e3o das almofadas, o rostinho e as orelhas s\u00e3o feitos na bordadeira e o fechamento na m\u00e1quina de costura.  Mais informa\u00e7\u00f5es abaixo!","og_url":"https:\/\/shop.bazarcia.com\/en\/product\/matrizes-de-bordado-leoezinhos-rostinhos\/","og_site_name":"\ud835\udc1b\ud835\udc1a\ud835\udc33\ud835\udc1a\ud835\udc2b &amp; \ud835\udc1c\ud835\udc22\ud835\udc1a","article_publisher":"https:\/\/www.facebook.com\/shopbazarcia","article_modified_time":"2023-01-03T20:19:22+00:00","og_image":[{"width":540,"height":540,"url":"https:\/\/shop.bazarcia.com\/wp-content\/uploads\/2022\/12\/Matrizes-de-bordado-projetos-na-bordadeira-rostinhos-leao-leoa-almofada-1.jpg","type":"image\/jpeg"}],"twitter_card":"summary_large_image","twitter_misc":{"Est. reading time":"1 minute"},"schema":{"@context":"https:\/\/schema.org","@graph":[{"@type":"WebPage","@id":"https:\/\/shop.bazarcia.com\/produto\/matrizes-de-bordado-leoezinhos-rostinhos\/","url":"https:\/\/shop.bazarcia.com\/produto\/matrizes-de-bordado-leoezinhos-rostinhos\/","name":"Matrizes de Bordado Leoezinhos Rostinhos - \ud835\udc1b\ud835\udc1a\ud835\udc33\ud835\udc1a\ud835\udc2b &amp; \ud835\udc1c\ud835\udc22\ud835\udc1a","isPartOf":{"@id":"https:\/\/shop.bazarcia.com\/#website"},"primaryImageOfPage":{"@id":"https:\/\/shop.bazarcia.com\/produto\/matrizes-de-bordado-leoezinhos-rostinhos\/#primaryimage"},"image":{"@id":"https:\/\/shop.bazarcia.com\/produto\/matrizes-de-bordado-leoezinhos-rostinhos\/#primaryimage"},"thumbnailUrl":"https:\/\/shop.bazarcia.com\/wp-content\/uploads\/2022\/12\/Matrizes-de-bordado-projetos-na-bordadeira-rostinhos-leao-leoa-almofada-1.jpg","datePublished":"2022-12-28T00:35:08+00:00","dateModified":"2023-01-03T20:19:22+00:00","breadcrumb":{"@id":"https:\/\/shop.bazarcia.com\/produto\/matrizes-de-bordado-leoezinhos-rostinhos\/#breadcrumb"},"inLanguage":"en-US","potentialAction":[{"@type":"ReadAction","target":["https:\/\/shop.bazarcia.com\/produto\/matrizes-de-bordado-leoezinhos-rostinhos\/"]}]},{"@type":"ImageObject","inLanguage":"en-US","@id":"https:\/\/shop.bazarcia.com\/produto\/matrizes-de-bordado-leoezinhos-rostinhos\/#primaryimage","url":"https:\/\/shop.bazarcia.com\/wp-content\/uploads\/2022\/12\/Matrizes-de-bordado-projetos-na-bordadeira-rostinhos-leao-leoa-almofada-1.jpg","contentUrl":"https:\/\/shop.bazarcia.com\/wp-content\/uploads\/2022\/12\/Matrizes-de-bordado-projetos-na-bordadeira-rostinhos-leao-leoa-almofada-1.jpg","width":540,"height":540},{"@type":"BreadcrumbList","@id":"https:\/\/shop.bazarcia.com\/produto\/matrizes-de-bordado-leoezinhos-rostinhos\/#breadcrumb","itemListElement":[{"@type":"ListItem","position":1,"name":"In\u00edcio","item":"https:\/\/shop.bazarcia.com\/"},{"@type":"ListItem","position":2,"name":"Loja","item":"https:\/\/shop.bazarcia.com\/loja\/"},{"@type":"ListItem","position":3,"name":"Matrizes de Bordado Leoezinhos Rostinhos"}]},{"@type":"WebSite","@id":"https:\/\/shop.bazarcia.com\/#website","url":"https:\/\/shop.bazarcia.com\/","name":"Bazar & Cia","description":"criatividade ponto a ponto","publisher":{"@id":"https:\/\/shop.bazarcia.com\/#organization"},"potentialAction":[{"@type":"SearchAction","target":{"@type":"EntryPoint","urlTemplate":"https:\/\/shop.bazarcia.com\/?s={search_term_string}"},"query-input":{"@type":"PropertyValueSpecification","valueRequired":true,"valueName":"search_term_string"}}],"inLanguage":"en-US"},{"@type":"Organization","@id":"https:\/\/shop.bazarcia.com\/#organization","name":"Bazar & Cia","url":"https:\/\/shop.bazarcia.com\/","logo":{"@type":"ImageObject","inLanguage":"en-US","@id":"https:\/\/shop.bazarcia.com\/#\/schema\/logo\/image\/","url":"https:\/\/shop.bazarcia.com\/wp-content\/uploads\/2024\/02\/cropped-logo_bazarcia.png","contentUrl":"https:\/\/shop.bazarcia.com\/wp-content\/uploads\/2024\/02\/cropped-logo_bazarcia.png","width":150,"height":150,"caption":"Bazar & Cia"},"image":{"@id":"https:\/\/shop.bazarcia.com\/#\/schema\/logo\/image\/"},"sameAs":["https:\/\/www.facebook.com\/shopbazarcia","https:\/\/www.instagram.com\/shopbazarcia","https:\/\/br.pinterest.com\/suzane_eloise\/","https:\/\/www.youtube.com\/c\/BazardoBordadoMatrizeseProjetos"]}]}},"_links":{"self":[{"href":"https:\/\/shop.bazarcia.com\/en\/wp-json\/wp\/v2\/product\/199208","targetHints":{"allow":["GET"]}}],"collection":[{"href":"https:\/\/shop.bazarcia.com\/en\/wp-json\/wp\/v2\/product"}],"about":[{"href":"https:\/\/shop.bazarcia.com\/en\/wp-json\/wp\/v2\/types\/product"}],"replies":[{"embeddable":true,"href":"https:\/\/shop.bazarcia.com\/en\/wp-json\/wp\/v2\/comments?post=199208"}],"version-history":[{"count":0,"href":"https:\/\/shop.bazarcia.com\/en\/wp-json\/wp\/v2\/product\/199208\/revisions"}],"wp:featuredmedia":[{"embeddable":true,"href":"https:\/\/shop.bazarcia.com\/en\/wp-json\/wp\/v2\/media\/199203"}],"wp:attachment":[{"href":"https:\/\/shop.bazarcia.com\/en\/wp-json\/wp\/v2\/media?parent=199208"}],"wp:term":[{"taxonomy":"product_brand","embeddable":true,"href":"https:\/\/shop.bazarcia.com\/en\/wp-json\/wp\/v2\/product_brand?post=199208"},{"taxonomy":"product_cat","embeddable":true,"href":"https:\/\/shop.bazarcia.com\/en\/wp-json\/wp\/v2\/product_cat?post=199208"},{"taxonomy":"product_tag","embeddable":true,"href":"https:\/\/shop.bazarcia.com\/en\/wp-json\/wp\/v2\/product_tag?post=199208"}],"curies":[{"name":"wp","href":"https:\/\/api.w.org\/{rel}","templated":true}]}}