{"id":206464,"date":"2023-01-18T10:16:01","date_gmt":"2023-01-18T13:16:01","guid":{"rendered":"https:\/\/shop.bazarcia.com\/produto\/matriz-colecao-mulher-floral-mulher-sensual\/"},"modified":"2023-01-18T10:22:08","modified_gmt":"2023-01-18T13:22:08","slug":"matriz-colecao-mulher-floral-mulher-sensual","status":"publish","type":"product","link":"https:\/\/shop.bazarcia.com\/en\/product\/matriz-colecao-mulher-floral-mulher-sensual\/","title":{"rendered":"MATRIZ COLE\u00c7\u00c3O MULHER FLORAL &#8211; MULHER SENSUAL"},"content":{"rendered":"<p style=\"margin: 0px 0px 1rem;padding: 0px;border: 0px;vertical-align: baseline;line-height: inherit;font-family: Montserrat, sans-serif;font-size: 18px;color: #666666\">MATRIZ MULHER FLORAL<br \/>\nPonto Cheio \u2013\u00a0 2482 PONTOS<br \/>\nTamanho 9cmX9cm<\/p>\n<p style=\"margin: 0px 0px 1rem;padding: 0px;border: 0px;vertical-align: baseline;line-height: inherit;font-family: Montserrat, sans-serif;font-size: 18px;color: #666666\">Pontos do Bordado<\/p>\n<ul style=\"margin: 0px 0px 1rem;border: 0px;vertical-align: baseline;line-height: inherit;font-family: Montserrat, sans-serif;font-size: 18px;--list-mb: 20px;--li-mb: 10px;--li-pl: 17px;color: #666666;padding: 0px 0px 0px var(--li-pl)\">\n<li style=\"padding: 0px;border: 0px;vertical-align: baseline;font-style: inherit;font-variant: inherit;font-weight: inherit;line-height: inherit;font-family: inherit;margin: 0px 0px var(--li-mb) 0px\">Cheio<\/li>\n<li style=\"padding: 0px;border: 0px;vertical-align: baseline;font-style: inherit;font-variant: inherit;font-weight: inherit;line-height: inherit;font-family: inherit;margin: 0px 0px var(--li-mb) 0px\">Contorno com ponto triplo<\/li>\n<li style=\"margin: 0px;padding: 0px;border: 0px;vertical-align: baseline;font-style: inherit;font-variant: inherit;font-weight: inherit;line-height: inherit;font-family: inherit\">Tatami<\/li>\n<\/ul>\n<p style=\"margin: 0px 0px 1rem;padding: 0px;border: 0px;vertical-align: baseline;line-height: inherit;font-family: Montserrat, sans-serif;font-size: 18px;color: #666666\">FORMATOS DISPONIVEIS:<br \/>\nDST \/ JEF \/ EXP \/ XXX \/ PES<br \/>\n<em style=\"margin: 0px;padding: 0px;border: 0px;vertical-align: baseline;font-variant: inherit;font-weight: inherit;line-height: inherit;font-family: inherit\">para outros formatos ou tamanhos, entre em contato para que possamos disponibilizar para voc\u00ea cliente<\/em><\/p>","protected":false},"excerpt":{"rendered":"<p>COLE\u00c7\u00c3O MULHER FLORAL<br \/>\nMatrizes com 5 formatos dispon\u00edveis<br \/>\nJEF-DST-XXX-PES-EXP<\/p>","protected":false},"featured_media":199518,"comment_status":"open","ping_status":"closed","template":"","meta":{"_acf_changed":false,"_joinchat":[]},"product_brand":[],"product_cat":[84,1692,153,137,296,98,1330,1713],"product_tag":[1170,1431,1280,1092,1090,1430,1434],"class_list":{"0":"post-206464","1":"product","2":"type-product","3":"status-publish","4":"has-post-thumbnail","6":"product_cat-matrizes-de-bordado","7":"product_cat-bordados-especiais","8":"product_cat-dia-da-mulher","9":"product_cat-datas-especiais","10":"product_cat-florais","11":"product_cat-projetos-na-bordadeira-in-the-hoop-embroidery","12":"product_cat-projetos-para-datas-especiais","13":"product_cat-projetos-dia-da-mulher-na-bordadeira-ith","14":"product_tag-bordado","15":"product_tag-bordado-computadorizado","16":"product_tag-bordar","17":"product_tag-maquina-de-bordado-brother-bp2150ldv","18":"product_tag-maquina-de-bordar","19":"product_tag-matriz-de-bordado","20":"product_tag-matrizes-gratis","22":"first","23":"instock","24":"downloadable","25":"virtual","26":"purchasable","27":"product-type-simple"},"acf":[],"yoast_head":"<!-- This site is optimized with the Yoast SEO plugin v27.2 - https:\/\/yoast.com\/product\/yoast-seo-wordpress\/ -->\n<title>MATRIZ COLE\u00c7\u00c3O MULHER FLORAL - MULHER SENSUAL - \ud835\udc1b\ud835\udc1a\ud835\udc33\ud835\udc1a\ud835\udc2b &amp; \ud835\udc1c\ud835\udc22\ud835\udc1a<\/title>\n<meta name=\"robots\" content=\"index, follow, max-snippet:-1, max-image-preview:large, max-video-preview:-1\" \/>\n<link rel=\"canonical\" href=\"https:\/\/shop.bazarcia.com\/en\/product\/matriz-colecao-mulher-floral-mulher-sensual\/\" \/>\n<meta property=\"og:locale\" content=\"en_US\" \/>\n<meta property=\"og:type\" content=\"article\" \/>\n<meta property=\"og:title\" content=\"MATRIZ COLE\u00c7\u00c3O MULHER FLORAL - MULHER SENSUAL - \ud835\udc1b\ud835\udc1a\ud835\udc33\ud835\udc1a\ud835\udc2b &amp; \ud835\udc1c\ud835\udc22\ud835\udc1a\" \/>\n<meta property=\"og:description\" content=\"COLE\u00c7\u00c3O MULHER FLORAL Matrizes com 5 formatos dispon\u00edveis JEF-DST-XXX-PES-EXP\" \/>\n<meta property=\"og:url\" content=\"https:\/\/shop.bazarcia.com\/en\/product\/matriz-colecao-mulher-floral-mulher-sensual\/\" \/>\n<meta property=\"og:site_name\" content=\"\ud835\udc1b\ud835\udc1a\ud835\udc33\ud835\udc1a\ud835\udc2b &amp; \ud835\udc1c\ud835\udc22\ud835\udc1a\" \/>\n<meta property=\"article:publisher\" content=\"https:\/\/www.facebook.com\/shopbazarcia\" \/>\n<meta property=\"article:modified_time\" content=\"2023-01-18T13:22:08+00:00\" \/>\n<meta property=\"og:image\" content=\"https:\/\/shop.bazarcia.com\/wp-content\/uploads\/2022\/12\/Design-sem-nome-2022-12-28T203741.400.png\" \/>\n\t<meta property=\"og:image:width\" content=\"1080\" \/>\n\t<meta property=\"og:image:height\" content=\"1080\" \/>\n\t<meta property=\"og:image:type\" content=\"image\/png\" \/>\n<meta name=\"twitter:card\" content=\"summary_large_image\" \/>\n<script type=\"application\/ld+json\" class=\"yoast-schema-graph\">{\"@context\":\"https:\/\/schema.org\",\"@graph\":[{\"@type\":\"WebPage\",\"@id\":\"https:\/\/shop.bazarcia.com\/produto\/matriz-colecao-mulher-floral-mulher-sensual\/\",\"url\":\"https:\/\/shop.bazarcia.com\/produto\/matriz-colecao-mulher-floral-mulher-sensual\/\",\"name\":\"MATRIZ COLE\u00c7\u00c3O MULHER FLORAL - MULHER SENSUAL - \ud835\udc1b\ud835\udc1a\ud835\udc33\ud835\udc1a\ud835\udc2b &amp; \ud835\udc1c\ud835\udc22\ud835\udc1a\",\"isPartOf\":{\"@id\":\"https:\/\/shop.bazarcia.com\/#website\"},\"primaryImageOfPage\":{\"@id\":\"https:\/\/shop.bazarcia.com\/produto\/matriz-colecao-mulher-floral-mulher-sensual\/#primaryimage\"},\"image\":{\"@id\":\"https:\/\/shop.bazarcia.com\/produto\/matriz-colecao-mulher-floral-mulher-sensual\/#primaryimage\"},\"thumbnailUrl\":\"https:\/\/shop.bazarcia.com\/wp-content\/uploads\/2022\/12\/Design-sem-nome-2022-12-28T203741.400.png\",\"datePublished\":\"2023-01-18T13:16:01+00:00\",\"dateModified\":\"2023-01-18T13:22:08+00:00\",\"breadcrumb\":{\"@id\":\"https:\/\/shop.bazarcia.com\/produto\/matriz-colecao-mulher-floral-mulher-sensual\/#breadcrumb\"},\"inLanguage\":\"en-US\",\"potentialAction\":[{\"@type\":\"ReadAction\",\"target\":[\"https:\/\/shop.bazarcia.com\/produto\/matriz-colecao-mulher-floral-mulher-sensual\/\"]}]},{\"@type\":\"ImageObject\",\"inLanguage\":\"en-US\",\"@id\":\"https:\/\/shop.bazarcia.com\/produto\/matriz-colecao-mulher-floral-mulher-sensual\/#primaryimage\",\"url\":\"https:\/\/shop.bazarcia.com\/wp-content\/uploads\/2022\/12\/Design-sem-nome-2022-12-28T203741.400.png\",\"contentUrl\":\"https:\/\/shop.bazarcia.com\/wp-content\/uploads\/2022\/12\/Design-sem-nome-2022-12-28T203741.400.png\",\"width\":1080,\"height\":1080},{\"@type\":\"BreadcrumbList\",\"@id\":\"https:\/\/shop.bazarcia.com\/produto\/matriz-colecao-mulher-floral-mulher-sensual\/#breadcrumb\",\"itemListElement\":[{\"@type\":\"ListItem\",\"position\":1,\"name\":\"In\u00edcio\",\"item\":\"https:\/\/shop.bazarcia.com\/\"},{\"@type\":\"ListItem\",\"position\":2,\"name\":\"Loja\",\"item\":\"https:\/\/shop.bazarcia.com\/loja\/\"},{\"@type\":\"ListItem\",\"position\":3,\"name\":\"MATRIZ COLE\u00c7\u00c3O MULHER FLORAL &#8211; MULHER SENSUAL\"}]},{\"@type\":\"WebSite\",\"@id\":\"https:\/\/shop.bazarcia.com\/#website\",\"url\":\"https:\/\/shop.bazarcia.com\/\",\"name\":\"Bazar & Cia\",\"description\":\"criatividade ponto a ponto\",\"publisher\":{\"@id\":\"https:\/\/shop.bazarcia.com\/#organization\"},\"potentialAction\":[{\"@type\":\"SearchAction\",\"target\":{\"@type\":\"EntryPoint\",\"urlTemplate\":\"https:\/\/shop.bazarcia.com\/?s={search_term_string}\"},\"query-input\":{\"@type\":\"PropertyValueSpecification\",\"valueRequired\":true,\"valueName\":\"search_term_string\"}}],\"inLanguage\":\"en-US\"},{\"@type\":\"Organization\",\"@id\":\"https:\/\/shop.bazarcia.com\/#organization\",\"name\":\"Bazar & Cia\",\"url\":\"https:\/\/shop.bazarcia.com\/\",\"logo\":{\"@type\":\"ImageObject\",\"inLanguage\":\"en-US\",\"@id\":\"https:\/\/shop.bazarcia.com\/#\/schema\/logo\/image\/\",\"url\":\"https:\/\/shop.bazarcia.com\/wp-content\/uploads\/2024\/02\/cropped-logo_bazarcia.png\",\"contentUrl\":\"https:\/\/shop.bazarcia.com\/wp-content\/uploads\/2024\/02\/cropped-logo_bazarcia.png\",\"width\":150,\"height\":150,\"caption\":\"Bazar & Cia\"},\"image\":{\"@id\":\"https:\/\/shop.bazarcia.com\/#\/schema\/logo\/image\/\"},\"sameAs\":[\"https:\/\/www.facebook.com\/shopbazarcia\",\"https:\/\/www.instagram.com\/shopbazarcia\",\"https:\/\/br.pinterest.com\/suzane_eloise\/\",\"https:\/\/www.youtube.com\/c\/BazardoBordadoMatrizeseProjetos\"]}]}<\/script>\n<!-- \/ Yoast SEO plugin. -->","yoast_head_json":{"title":"MATRIZ COLE\u00c7\u00c3O MULHER FLORAL - MULHER SENSUAL - \ud835\udc1b\ud835\udc1a\ud835\udc33\ud835\udc1a\ud835\udc2b &amp; \ud835\udc1c\ud835\udc22\ud835\udc1a","robots":{"index":"index","follow":"follow","max-snippet":"max-snippet:-1","max-image-preview":"max-image-preview:large","max-video-preview":"max-video-preview:-1"},"canonical":"https:\/\/shop.bazarcia.com\/en\/product\/matriz-colecao-mulher-floral-mulher-sensual\/","og_locale":"en_US","og_type":"article","og_title":"MATRIZ COLE\u00c7\u00c3O MULHER FLORAL - MULHER SENSUAL - \ud835\udc1b\ud835\udc1a\ud835\udc33\ud835\udc1a\ud835\udc2b &amp; \ud835\udc1c\ud835\udc22\ud835\udc1a","og_description":"COLE\u00c7\u00c3O MULHER FLORAL Matrizes com 5 formatos dispon\u00edveis JEF-DST-XXX-PES-EXP","og_url":"https:\/\/shop.bazarcia.com\/en\/product\/matriz-colecao-mulher-floral-mulher-sensual\/","og_site_name":"\ud835\udc1b\ud835\udc1a\ud835\udc33\ud835\udc1a\ud835\udc2b &amp; \ud835\udc1c\ud835\udc22\ud835\udc1a","article_publisher":"https:\/\/www.facebook.com\/shopbazarcia","article_modified_time":"2023-01-18T13:22:08+00:00","og_image":[{"width":1080,"height":1080,"url":"https:\/\/shop.bazarcia.com\/wp-content\/uploads\/2022\/12\/Design-sem-nome-2022-12-28T203741.400.png","type":"image\/png"}],"twitter_card":"summary_large_image","schema":{"@context":"https:\/\/schema.org","@graph":[{"@type":"WebPage","@id":"https:\/\/shop.bazarcia.com\/produto\/matriz-colecao-mulher-floral-mulher-sensual\/","url":"https:\/\/shop.bazarcia.com\/produto\/matriz-colecao-mulher-floral-mulher-sensual\/","name":"MATRIZ COLE\u00c7\u00c3O MULHER FLORAL - MULHER SENSUAL - \ud835\udc1b\ud835\udc1a\ud835\udc33\ud835\udc1a\ud835\udc2b &amp; \ud835\udc1c\ud835\udc22\ud835\udc1a","isPartOf":{"@id":"https:\/\/shop.bazarcia.com\/#website"},"primaryImageOfPage":{"@id":"https:\/\/shop.bazarcia.com\/produto\/matriz-colecao-mulher-floral-mulher-sensual\/#primaryimage"},"image":{"@id":"https:\/\/shop.bazarcia.com\/produto\/matriz-colecao-mulher-floral-mulher-sensual\/#primaryimage"},"thumbnailUrl":"https:\/\/shop.bazarcia.com\/wp-content\/uploads\/2022\/12\/Design-sem-nome-2022-12-28T203741.400.png","datePublished":"2023-01-18T13:16:01+00:00","dateModified":"2023-01-18T13:22:08+00:00","breadcrumb":{"@id":"https:\/\/shop.bazarcia.com\/produto\/matriz-colecao-mulher-floral-mulher-sensual\/#breadcrumb"},"inLanguage":"en-US","potentialAction":[{"@type":"ReadAction","target":["https:\/\/shop.bazarcia.com\/produto\/matriz-colecao-mulher-floral-mulher-sensual\/"]}]},{"@type":"ImageObject","inLanguage":"en-US","@id":"https:\/\/shop.bazarcia.com\/produto\/matriz-colecao-mulher-floral-mulher-sensual\/#primaryimage","url":"https:\/\/shop.bazarcia.com\/wp-content\/uploads\/2022\/12\/Design-sem-nome-2022-12-28T203741.400.png","contentUrl":"https:\/\/shop.bazarcia.com\/wp-content\/uploads\/2022\/12\/Design-sem-nome-2022-12-28T203741.400.png","width":1080,"height":1080},{"@type":"BreadcrumbList","@id":"https:\/\/shop.bazarcia.com\/produto\/matriz-colecao-mulher-floral-mulher-sensual\/#breadcrumb","itemListElement":[{"@type":"ListItem","position":1,"name":"In\u00edcio","item":"https:\/\/shop.bazarcia.com\/"},{"@type":"ListItem","position":2,"name":"Loja","item":"https:\/\/shop.bazarcia.com\/loja\/"},{"@type":"ListItem","position":3,"name":"MATRIZ COLE\u00c7\u00c3O MULHER FLORAL &#8211; MULHER SENSUAL"}]},{"@type":"WebSite","@id":"https:\/\/shop.bazarcia.com\/#website","url":"https:\/\/shop.bazarcia.com\/","name":"Bazar & Cia","description":"criatividade ponto a ponto","publisher":{"@id":"https:\/\/shop.bazarcia.com\/#organization"},"potentialAction":[{"@type":"SearchAction","target":{"@type":"EntryPoint","urlTemplate":"https:\/\/shop.bazarcia.com\/?s={search_term_string}"},"query-input":{"@type":"PropertyValueSpecification","valueRequired":true,"valueName":"search_term_string"}}],"inLanguage":"en-US"},{"@type":"Organization","@id":"https:\/\/shop.bazarcia.com\/#organization","name":"Bazar & Cia","url":"https:\/\/shop.bazarcia.com\/","logo":{"@type":"ImageObject","inLanguage":"en-US","@id":"https:\/\/shop.bazarcia.com\/#\/schema\/logo\/image\/","url":"https:\/\/shop.bazarcia.com\/wp-content\/uploads\/2024\/02\/cropped-logo_bazarcia.png","contentUrl":"https:\/\/shop.bazarcia.com\/wp-content\/uploads\/2024\/02\/cropped-logo_bazarcia.png","width":150,"height":150,"caption":"Bazar & Cia"},"image":{"@id":"https:\/\/shop.bazarcia.com\/#\/schema\/logo\/image\/"},"sameAs":["https:\/\/www.facebook.com\/shopbazarcia","https:\/\/www.instagram.com\/shopbazarcia","https:\/\/br.pinterest.com\/suzane_eloise\/","https:\/\/www.youtube.com\/c\/BazardoBordadoMatrizeseProjetos"]}]}},"_links":{"self":[{"href":"https:\/\/shop.bazarcia.com\/en\/wp-json\/wp\/v2\/product\/206464","targetHints":{"allow":["GET"]}}],"collection":[{"href":"https:\/\/shop.bazarcia.com\/en\/wp-json\/wp\/v2\/product"}],"about":[{"href":"https:\/\/shop.bazarcia.com\/en\/wp-json\/wp\/v2\/types\/product"}],"replies":[{"embeddable":true,"href":"https:\/\/shop.bazarcia.com\/en\/wp-json\/wp\/v2\/comments?post=206464"}],"version-history":[{"count":0,"href":"https:\/\/shop.bazarcia.com\/en\/wp-json\/wp\/v2\/product\/206464\/revisions"}],"wp:featuredmedia":[{"embeddable":true,"href":"https:\/\/shop.bazarcia.com\/en\/wp-json\/wp\/v2\/media\/199518"}],"wp:attachment":[{"href":"https:\/\/shop.bazarcia.com\/en\/wp-json\/wp\/v2\/media?parent=206464"}],"wp:term":[{"taxonomy":"product_brand","embeddable":true,"href":"https:\/\/shop.bazarcia.com\/en\/wp-json\/wp\/v2\/product_brand?post=206464"},{"taxonomy":"product_cat","embeddable":true,"href":"https:\/\/shop.bazarcia.com\/en\/wp-json\/wp\/v2\/product_cat?post=206464"},{"taxonomy":"product_tag","embeddable":true,"href":"https:\/\/shop.bazarcia.com\/en\/wp-json\/wp\/v2\/product_tag?post=206464"}],"curies":[{"name":"wp","href":"https:\/\/api.w.org\/{rel}","templated":true}]}}