{"id":207287,"date":"2023-01-23T14:20:28","date_gmt":"2023-01-23T17:20:28","guid":{"rendered":"https:\/\/shop.bazarcia.com\/produto\/matriz-ponto-cruz-rosa-com-borboleta\/"},"modified":"2023-01-23T14:32:07","modified_gmt":"2023-01-23T17:32:07","slug":"matriz-ponto-cruz-rosa-com-borboleta","status":"publish","type":"product","link":"https:\/\/shop.bazarcia.com\/en\/product\/matriz-ponto-cruz-rosa-com-borboleta\/","title":{"rendered":"Matriz Ponto Cruz &#8211; Rosa com Borboleta"},"content":{"rendered":"<p style=\"border: 0px;padding: 5px;margin: 5px 0px 0px;font-family: Montserrat, sans-serif;width: auto;color: #444444;font-size: 17.6px\">Os desenhos vistos aqui podem ser de nossa autoria e\/ou reprodu\u00e7\u00f5es\/inspira\u00e7\u00f5es (MATRIZ UTILIZA OITO\u00a0CORES DE LINHAS)<\/p>\n<p style=\"border: 0px;padding: 5px;margin: 5px 0px 0px;font-family: Montserrat, sans-serif;width: auto;color: #444444;font-size: 17.6px\">Matriz para bordar Ponto Cruz Computadorizado<\/p>\n<p style=\"border: 0px;padding: 5px;margin: 5px 0px 0px;font-family: Montserrat, sans-serif;width: auto;color: #444444;font-size: 17.6px\"><span style=\"font-weight: bold\">Tamanho:<\/span><\/p>\n<p style=\"border: 0px;padding: 5px;margin: 5px 0px 0px;font-family: Montserrat, sans-serif;width: auto;color: #444444;font-size: 17.6px\">Matriz toalha de banho:\u00a0Largura 25,9cm x Altura 9,9cm (35.202\u00a0pontos)<\/p>\n<p style=\"border: 0px;padding: 5px;margin: 5px 0px 0px;font-family: Montserrat, sans-serif;width: auto;color: #444444;font-size: 17.6px\">Matriz toalha de rosto: Largura 19,8cm x Altura 10,8cm (25.769\u00a0pontos)<\/p>\n<p style=\"border: 0px;padding: 5px;margin: 5px 0px 0px;font-family: Montserrat, sans-serif;width: auto;color: #444444;font-size: 17.6px\">Matriz toalha de lavabo:\u00a0Largura 18cm x Altura 8,4cm (19.070\u00a0pontos)<\/p>\n<p style=\"border: 0px;padding: 5px;margin: 5px 0px 0px;font-family: Montserrat, sans-serif;width: auto;color: #444444;font-size: 17.6px\"><span style=\"font-weight: bold\">Compatibilidade:<\/span><\/p>\n<p style=\"border: 0px;padding: 5px;margin: 5px 0px 0px;font-family: Montserrat, sans-serif;width: auto;color: #444444;font-size: 17.6px\">M\u00e1quinas Dom\u00e9sticas e Industriais de Bordados<br \/>\nBrother, Janome<\/p>\n<p style=\"border: 0px;padding: 5px;margin: 5px 0px 0px;font-family: Montserrat, sans-serif;width: auto;color: #444444;font-size: 17.6px\">Formatos de Arquivos dispon\u00edvel:<br \/>\nBrother PES, Janome JEF<\/p>\n<p style=\"border: 0px;padding: 5px;margin: 5px 0px 0px;font-family: Montserrat, sans-serif;width: auto;color: #444444;font-size: 17.6px\"><span style=\"font-weight: bold\">Informa\u00e7\u00f5es importantes:<\/span><\/p>\n<p style=\"border: 0px;padding: 5px;margin: 5px 0px 0px;font-family: Montserrat, sans-serif;width: auto;color: #444444;font-size: 17.6px\">&#8211; Ap\u00f3s a confirma\u00e7\u00e3o de pagamento a matriz ser\u00e1 enviada no e-mail cadastrado em at\u00e9 um dia \u00fatil<br \/>\n&#8211; N\u00e3o autorizamos venda\/reprodu\u00e7\u00f5es com nossos desenhos (evite problemas judiciais)<\/p>","protected":false},"excerpt":{"rendered":"<p>Matriz para bordar Ponto Cruz Computadorizado<\/p>","protected":false},"featured_media":207284,"comment_status":"open","ping_status":"closed","template":"","meta":{"_acf_changed":false,"_joinchat":[]},"product_brand":[],"product_cat":[84,308],"product_tag":[1170,1091,1092,1090,1163],"class_list":{"0":"post-207287","1":"product","2":"type-product","3":"status-publish","4":"has-post-thumbnail","6":"product_cat-matrizes-de-bordado","7":"product_cat-matrizes-ponto-cruz","8":"product_tag-bordado","9":"product_tag-brother","10":"product_tag-maquina-de-bordado-brother-bp2150ldv","11":"product_tag-maquina-de-bordar","12":"product_tag-maquina-de-costura","14":"first","15":"instock","16":"virtual","17":"purchasable","18":"product-type-simple"},"acf":[],"yoast_head":"<!-- This site is optimized with the Yoast SEO plugin v27.2 - https:\/\/yoast.com\/product\/yoast-seo-wordpress\/ -->\n<title>Matriz Ponto Cruz - Rosa com Borboleta - \ud835\udc1b\ud835\udc1a\ud835\udc33\ud835\udc1a\ud835\udc2b &amp; \ud835\udc1c\ud835\udc22\ud835\udc1a<\/title>\n<meta name=\"robots\" content=\"index, follow, max-snippet:-1, max-image-preview:large, max-video-preview:-1\" \/>\n<link rel=\"canonical\" href=\"https:\/\/shop.bazarcia.com\/en\/product\/matriz-ponto-cruz-rosa-com-borboleta\/\" \/>\n<meta property=\"og:locale\" content=\"en_US\" \/>\n<meta property=\"og:type\" content=\"article\" \/>\n<meta property=\"og:title\" content=\"Matriz Ponto Cruz - Rosa com Borboleta - \ud835\udc1b\ud835\udc1a\ud835\udc33\ud835\udc1a\ud835\udc2b &amp; \ud835\udc1c\ud835\udc22\ud835\udc1a\" \/>\n<meta property=\"og:description\" content=\"Matriz para bordar Ponto Cruz Computadorizado\" \/>\n<meta property=\"og:url\" content=\"https:\/\/shop.bazarcia.com\/en\/product\/matriz-ponto-cruz-rosa-com-borboleta\/\" \/>\n<meta property=\"og:site_name\" content=\"\ud835\udc1b\ud835\udc1a\ud835\udc33\ud835\udc1a\ud835\udc2b &amp; \ud835\udc1c\ud835\udc22\ud835\udc1a\" \/>\n<meta property=\"article:publisher\" content=\"https:\/\/www.facebook.com\/shopbazarcia\" \/>\n<meta property=\"article:modified_time\" content=\"2023-01-23T17:32:07+00:00\" \/>\n<meta property=\"og:image\" content=\"https:\/\/shop.bazarcia.com\/wp-content\/uploads\/2023\/01\/WhatsApp-Image-2023-01-23-at-11.38.44-AM-3.jpeg\" \/>\n\t<meta property=\"og:image:width\" content=\"1080\" \/>\n\t<meta property=\"og:image:height\" content=\"1080\" \/>\n\t<meta property=\"og:image:type\" content=\"image\/jpeg\" \/>\n<meta name=\"twitter:card\" content=\"summary_large_image\" \/>\n<meta name=\"twitter:label1\" content=\"Est. reading time\" \/>\n\t<meta name=\"twitter:data1\" content=\"1 minute\" \/>\n<script type=\"application\/ld+json\" class=\"yoast-schema-graph\">{\"@context\":\"https:\/\/schema.org\",\"@graph\":[{\"@type\":\"WebPage\",\"@id\":\"https:\/\/shop.bazarcia.com\/produto\/matriz-ponto-cruz-rosa-com-borboleta\/\",\"url\":\"https:\/\/shop.bazarcia.com\/produto\/matriz-ponto-cruz-rosa-com-borboleta\/\",\"name\":\"Matriz Ponto Cruz - Rosa com Borboleta - \ud835\udc1b\ud835\udc1a\ud835\udc33\ud835\udc1a\ud835\udc2b &amp; \ud835\udc1c\ud835\udc22\ud835\udc1a\",\"isPartOf\":{\"@id\":\"https:\/\/shop.bazarcia.com\/#website\"},\"primaryImageOfPage\":{\"@id\":\"https:\/\/shop.bazarcia.com\/produto\/matriz-ponto-cruz-rosa-com-borboleta\/#primaryimage\"},\"image\":{\"@id\":\"https:\/\/shop.bazarcia.com\/produto\/matriz-ponto-cruz-rosa-com-borboleta\/#primaryimage\"},\"thumbnailUrl\":\"https:\/\/shop.bazarcia.com\/wp-content\/uploads\/2023\/01\/WhatsApp-Image-2023-01-23-at-11.38.44-AM-3.jpeg\",\"datePublished\":\"2023-01-23T17:20:28+00:00\",\"dateModified\":\"2023-01-23T17:32:07+00:00\",\"breadcrumb\":{\"@id\":\"https:\/\/shop.bazarcia.com\/produto\/matriz-ponto-cruz-rosa-com-borboleta\/#breadcrumb\"},\"inLanguage\":\"en-US\",\"potentialAction\":[{\"@type\":\"ReadAction\",\"target\":[\"https:\/\/shop.bazarcia.com\/produto\/matriz-ponto-cruz-rosa-com-borboleta\/\"]}]},{\"@type\":\"ImageObject\",\"inLanguage\":\"en-US\",\"@id\":\"https:\/\/shop.bazarcia.com\/produto\/matriz-ponto-cruz-rosa-com-borboleta\/#primaryimage\",\"url\":\"https:\/\/shop.bazarcia.com\/wp-content\/uploads\/2023\/01\/WhatsApp-Image-2023-01-23-at-11.38.44-AM-3.jpeg\",\"contentUrl\":\"https:\/\/shop.bazarcia.com\/wp-content\/uploads\/2023\/01\/WhatsApp-Image-2023-01-23-at-11.38.44-AM-3.jpeg\",\"width\":1080,\"height\":1080},{\"@type\":\"BreadcrumbList\",\"@id\":\"https:\/\/shop.bazarcia.com\/produto\/matriz-ponto-cruz-rosa-com-borboleta\/#breadcrumb\",\"itemListElement\":[{\"@type\":\"ListItem\",\"position\":1,\"name\":\"In\u00edcio\",\"item\":\"https:\/\/shop.bazarcia.com\/\"},{\"@type\":\"ListItem\",\"position\":2,\"name\":\"Loja\",\"item\":\"https:\/\/shop.bazarcia.com\/loja\/\"},{\"@type\":\"ListItem\",\"position\":3,\"name\":\"Matriz Ponto Cruz &#8211; Rosa com Borboleta\"}]},{\"@type\":\"WebSite\",\"@id\":\"https:\/\/shop.bazarcia.com\/#website\",\"url\":\"https:\/\/shop.bazarcia.com\/\",\"name\":\"Bazar & Cia\",\"description\":\"criatividade ponto a ponto\",\"publisher\":{\"@id\":\"https:\/\/shop.bazarcia.com\/#organization\"},\"potentialAction\":[{\"@type\":\"SearchAction\",\"target\":{\"@type\":\"EntryPoint\",\"urlTemplate\":\"https:\/\/shop.bazarcia.com\/?s={search_term_string}\"},\"query-input\":{\"@type\":\"PropertyValueSpecification\",\"valueRequired\":true,\"valueName\":\"search_term_string\"}}],\"inLanguage\":\"en-US\"},{\"@type\":\"Organization\",\"@id\":\"https:\/\/shop.bazarcia.com\/#organization\",\"name\":\"Bazar & Cia\",\"url\":\"https:\/\/shop.bazarcia.com\/\",\"logo\":{\"@type\":\"ImageObject\",\"inLanguage\":\"en-US\",\"@id\":\"https:\/\/shop.bazarcia.com\/#\/schema\/logo\/image\/\",\"url\":\"https:\/\/shop.bazarcia.com\/wp-content\/uploads\/2024\/02\/cropped-logo_bazarcia.png\",\"contentUrl\":\"https:\/\/shop.bazarcia.com\/wp-content\/uploads\/2024\/02\/cropped-logo_bazarcia.png\",\"width\":150,\"height\":150,\"caption\":\"Bazar & Cia\"},\"image\":{\"@id\":\"https:\/\/shop.bazarcia.com\/#\/schema\/logo\/image\/\"},\"sameAs\":[\"https:\/\/www.facebook.com\/shopbazarcia\",\"https:\/\/www.instagram.com\/shopbazarcia\",\"https:\/\/br.pinterest.com\/suzane_eloise\/\",\"https:\/\/www.youtube.com\/c\/BazardoBordadoMatrizeseProjetos\"]}]}<\/script>\n<!-- \/ Yoast SEO plugin. -->","yoast_head_json":{"title":"Matriz Ponto Cruz - Rosa com Borboleta - \ud835\udc1b\ud835\udc1a\ud835\udc33\ud835\udc1a\ud835\udc2b &amp; \ud835\udc1c\ud835\udc22\ud835\udc1a","robots":{"index":"index","follow":"follow","max-snippet":"max-snippet:-1","max-image-preview":"max-image-preview:large","max-video-preview":"max-video-preview:-1"},"canonical":"https:\/\/shop.bazarcia.com\/en\/product\/matriz-ponto-cruz-rosa-com-borboleta\/","og_locale":"en_US","og_type":"article","og_title":"Matriz Ponto Cruz - Rosa com Borboleta - \ud835\udc1b\ud835\udc1a\ud835\udc33\ud835\udc1a\ud835\udc2b &amp; \ud835\udc1c\ud835\udc22\ud835\udc1a","og_description":"Matriz para bordar Ponto Cruz Computadorizado","og_url":"https:\/\/shop.bazarcia.com\/en\/product\/matriz-ponto-cruz-rosa-com-borboleta\/","og_site_name":"\ud835\udc1b\ud835\udc1a\ud835\udc33\ud835\udc1a\ud835\udc2b &amp; \ud835\udc1c\ud835\udc22\ud835\udc1a","article_publisher":"https:\/\/www.facebook.com\/shopbazarcia","article_modified_time":"2023-01-23T17:32:07+00:00","og_image":[{"width":1080,"height":1080,"url":"https:\/\/shop.bazarcia.com\/wp-content\/uploads\/2023\/01\/WhatsApp-Image-2023-01-23-at-11.38.44-AM-3.jpeg","type":"image\/jpeg"}],"twitter_card":"summary_large_image","twitter_misc":{"Est. reading time":"1 minute"},"schema":{"@context":"https:\/\/schema.org","@graph":[{"@type":"WebPage","@id":"https:\/\/shop.bazarcia.com\/produto\/matriz-ponto-cruz-rosa-com-borboleta\/","url":"https:\/\/shop.bazarcia.com\/produto\/matriz-ponto-cruz-rosa-com-borboleta\/","name":"Matriz Ponto Cruz - Rosa com Borboleta - \ud835\udc1b\ud835\udc1a\ud835\udc33\ud835\udc1a\ud835\udc2b &amp; \ud835\udc1c\ud835\udc22\ud835\udc1a","isPartOf":{"@id":"https:\/\/shop.bazarcia.com\/#website"},"primaryImageOfPage":{"@id":"https:\/\/shop.bazarcia.com\/produto\/matriz-ponto-cruz-rosa-com-borboleta\/#primaryimage"},"image":{"@id":"https:\/\/shop.bazarcia.com\/produto\/matriz-ponto-cruz-rosa-com-borboleta\/#primaryimage"},"thumbnailUrl":"https:\/\/shop.bazarcia.com\/wp-content\/uploads\/2023\/01\/WhatsApp-Image-2023-01-23-at-11.38.44-AM-3.jpeg","datePublished":"2023-01-23T17:20:28+00:00","dateModified":"2023-01-23T17:32:07+00:00","breadcrumb":{"@id":"https:\/\/shop.bazarcia.com\/produto\/matriz-ponto-cruz-rosa-com-borboleta\/#breadcrumb"},"inLanguage":"en-US","potentialAction":[{"@type":"ReadAction","target":["https:\/\/shop.bazarcia.com\/produto\/matriz-ponto-cruz-rosa-com-borboleta\/"]}]},{"@type":"ImageObject","inLanguage":"en-US","@id":"https:\/\/shop.bazarcia.com\/produto\/matriz-ponto-cruz-rosa-com-borboleta\/#primaryimage","url":"https:\/\/shop.bazarcia.com\/wp-content\/uploads\/2023\/01\/WhatsApp-Image-2023-01-23-at-11.38.44-AM-3.jpeg","contentUrl":"https:\/\/shop.bazarcia.com\/wp-content\/uploads\/2023\/01\/WhatsApp-Image-2023-01-23-at-11.38.44-AM-3.jpeg","width":1080,"height":1080},{"@type":"BreadcrumbList","@id":"https:\/\/shop.bazarcia.com\/produto\/matriz-ponto-cruz-rosa-com-borboleta\/#breadcrumb","itemListElement":[{"@type":"ListItem","position":1,"name":"In\u00edcio","item":"https:\/\/shop.bazarcia.com\/"},{"@type":"ListItem","position":2,"name":"Loja","item":"https:\/\/shop.bazarcia.com\/loja\/"},{"@type":"ListItem","position":3,"name":"Matriz Ponto Cruz &#8211; Rosa com Borboleta"}]},{"@type":"WebSite","@id":"https:\/\/shop.bazarcia.com\/#website","url":"https:\/\/shop.bazarcia.com\/","name":"Bazar & Cia","description":"criatividade ponto a ponto","publisher":{"@id":"https:\/\/shop.bazarcia.com\/#organization"},"potentialAction":[{"@type":"SearchAction","target":{"@type":"EntryPoint","urlTemplate":"https:\/\/shop.bazarcia.com\/?s={search_term_string}"},"query-input":{"@type":"PropertyValueSpecification","valueRequired":true,"valueName":"search_term_string"}}],"inLanguage":"en-US"},{"@type":"Organization","@id":"https:\/\/shop.bazarcia.com\/#organization","name":"Bazar & Cia","url":"https:\/\/shop.bazarcia.com\/","logo":{"@type":"ImageObject","inLanguage":"en-US","@id":"https:\/\/shop.bazarcia.com\/#\/schema\/logo\/image\/","url":"https:\/\/shop.bazarcia.com\/wp-content\/uploads\/2024\/02\/cropped-logo_bazarcia.png","contentUrl":"https:\/\/shop.bazarcia.com\/wp-content\/uploads\/2024\/02\/cropped-logo_bazarcia.png","width":150,"height":150,"caption":"Bazar & Cia"},"image":{"@id":"https:\/\/shop.bazarcia.com\/#\/schema\/logo\/image\/"},"sameAs":["https:\/\/www.facebook.com\/shopbazarcia","https:\/\/www.instagram.com\/shopbazarcia","https:\/\/br.pinterest.com\/suzane_eloise\/","https:\/\/www.youtube.com\/c\/BazardoBordadoMatrizeseProjetos"]}]}},"_links":{"self":[{"href":"https:\/\/shop.bazarcia.com\/en\/wp-json\/wp\/v2\/product\/207287","targetHints":{"allow":["GET"]}}],"collection":[{"href":"https:\/\/shop.bazarcia.com\/en\/wp-json\/wp\/v2\/product"}],"about":[{"href":"https:\/\/shop.bazarcia.com\/en\/wp-json\/wp\/v2\/types\/product"}],"replies":[{"embeddable":true,"href":"https:\/\/shop.bazarcia.com\/en\/wp-json\/wp\/v2\/comments?post=207287"}],"version-history":[{"count":0,"href":"https:\/\/shop.bazarcia.com\/en\/wp-json\/wp\/v2\/product\/207287\/revisions"}],"wp:featuredmedia":[{"embeddable":true,"href":"https:\/\/shop.bazarcia.com\/en\/wp-json\/wp\/v2\/media\/207284"}],"wp:attachment":[{"href":"https:\/\/shop.bazarcia.com\/en\/wp-json\/wp\/v2\/media?parent=207287"}],"wp:term":[{"taxonomy":"product_brand","embeddable":true,"href":"https:\/\/shop.bazarcia.com\/en\/wp-json\/wp\/v2\/product_brand?post=207287"},{"taxonomy":"product_cat","embeddable":true,"href":"https:\/\/shop.bazarcia.com\/en\/wp-json\/wp\/v2\/product_cat?post=207287"},{"taxonomy":"product_tag","embeddable":true,"href":"https:\/\/shop.bazarcia.com\/en\/wp-json\/wp\/v2\/product_tag?post=207287"}],"curies":[{"name":"wp","href":"https:\/\/api.w.org\/{rel}","templated":true}]}}