{"id":207425,"date":"2023-01-23T18:57:46","date_gmt":"2023-01-23T21:57:46","guid":{"rendered":"https:\/\/shop.bazarcia.com\/produto\/matriz-infantil-coracao-feliz-em-aplique\/"},"modified":"2026-01-05T11:32:17","modified_gmt":"2026-01-05T14:32:17","slug":"matriz-infantil-coracao-feliz-em-aplique","status":"publish","type":"product","link":"https:\/\/shop.bazarcia.com\/en\/product\/matriz-infantil-coracao-feliz-em-aplique\/","title":{"rendered":"Matriz Infantil &#8211; Cora\u00e7\u00e3o Feliz em Aplique"},"content":{"rendered":"<p>Matriz de bordado Cora\u00e7\u00e3o Aplique<\/p>\n<p>&nbsp;<\/p>\n<p>Medida:<\/p>\n<p>12&#215;10<\/p>\n<p>15&#215;13<\/p>\n<p>&nbsp;<\/p>\n<p>Formatos : .JEF, .PES, .DST E ETC&#8230;<\/p>","protected":false},"excerpt":{"rendered":"<p>Matriz de bordado Infantil &#8211; Cora\u00e7\u00e3o Feliz em Aplique<\/p>\n<p>Medida:<br \/>\n12&#215;10<br \/>\n15&#215;13<\/p>\n<p>Formatos : .JEF, .PES, .DST E ETC&#8230;<\/p>\n<p>Ap\u00f3s o pagamento a matriz \u00e9 liberada para baixar.<\/p>","protected":false},"featured_media":207416,"comment_status":"open","ping_status":"closed","template":"","meta":{"_acf_changed":false,"_joinchat":[]},"product_brand":[],"product_cat":[289,1059,84,1061,1060,336,1549,1550,1115],"product_tag":[1170,1431,1433,1280,1430,1432,1509],"class_list":{"0":"post-207425","1":"product","2":"type-product","3":"status-publish","4":"has-post-thumbnail","6":"product_cat-coracoes","7":"product_cat-criancas","8":"product_cat-matrizes-de-bordado","9":"product_cat-meninas","10":"product_cat-meninos","11":"product_cat-molduras","12":"product_cat-molduras-em-aplique","13":"product_cat-molduras-em-bordado","14":"product_cat-sem-categoria","15":"product_tag-bordado","16":"product_tag-bordado-computadorizado","17":"product_tag-bordado-eletronico","18":"product_tag-bordar","19":"product_tag-matriz-de-bordado","20":"product_tag-matrizes-de-bordado","21":"product_tag-mochila-infantil-feminina","23":"first","24":"instock","25":"sale","26":"downloadable","27":"virtual","28":"purchasable","29":"product-type-simple"},"acf":[],"yoast_head":"<!-- This site is optimized with the Yoast SEO plugin v27.2 - https:\/\/yoast.com\/product\/yoast-seo-wordpress\/ -->\n<title>Matriz Infantil - Cora\u00e7\u00e3o Feliz em Aplique - \ud835\udc1b\ud835\udc1a\ud835\udc33\ud835\udc1a\ud835\udc2b &amp; \ud835\udc1c\ud835\udc22\ud835\udc1a<\/title>\n<meta name=\"robots\" content=\"index, follow, max-snippet:-1, max-image-preview:large, max-video-preview:-1\" \/>\n<link rel=\"canonical\" href=\"https:\/\/shop.bazarcia.com\/en\/product\/matriz-infantil-coracao-feliz-em-aplique\/\" \/>\n<meta property=\"og:locale\" content=\"en_US\" \/>\n<meta property=\"og:type\" content=\"article\" \/>\n<meta property=\"og:title\" content=\"Matriz Infantil - Cora\u00e7\u00e3o Feliz em Aplique - \ud835\udc1b\ud835\udc1a\ud835\udc33\ud835\udc1a\ud835\udc2b &amp; \ud835\udc1c\ud835\udc22\ud835\udc1a\" \/>\n<meta property=\"og:description\" content=\"Matriz de bordado Infantil - Cora\u00e7\u00e3o Feliz em Aplique  Medida: 12x10 15x13  Formatos : .JEF, .PES, .DST E ETC...  Ap\u00f3s o pagamento a matriz \u00e9 liberada para baixar.\" \/>\n<meta property=\"og:url\" content=\"https:\/\/shop.bazarcia.com\/en\/product\/matriz-infantil-coracao-feliz-em-aplique\/\" \/>\n<meta property=\"og:site_name\" content=\"\ud835\udc1b\ud835\udc1a\ud835\udc33\ud835\udc1a\ud835\udc2b &amp; \ud835\udc1c\ud835\udc22\ud835\udc1a\" \/>\n<meta property=\"article:publisher\" content=\"https:\/\/www.facebook.com\/shopbazarcia\" \/>\n<meta property=\"article:modified_time\" content=\"2026-01-05T14:32:17+00:00\" \/>\n<meta property=\"og:image\" content=\"https:\/\/shop.bazarcia.com\/wp-content\/uploads\/2023\/01\/Sem-titulo-2.jpg\" \/>\n\t<meta property=\"og:image:width\" content=\"1681\" \/>\n\t<meta property=\"og:image:height\" content=\"1376\" \/>\n\t<meta property=\"og:image:type\" content=\"image\/jpeg\" \/>\n<meta name=\"twitter:card\" content=\"summary_large_image\" \/>\n<script type=\"application\/ld+json\" class=\"yoast-schema-graph\">{\"@context\":\"https:\/\/schema.org\",\"@graph\":[{\"@type\":\"WebPage\",\"@id\":\"https:\/\/shop.bazarcia.com\/produto\/matriz-infantil-coracao-feliz-em-aplique\/\",\"url\":\"https:\/\/shop.bazarcia.com\/produto\/matriz-infantil-coracao-feliz-em-aplique\/\",\"name\":\"Matriz Infantil - Cora\u00e7\u00e3o Feliz em Aplique - \ud835\udc1b\ud835\udc1a\ud835\udc33\ud835\udc1a\ud835\udc2b &amp; \ud835\udc1c\ud835\udc22\ud835\udc1a\",\"isPartOf\":{\"@id\":\"https:\/\/shop.bazarcia.com\/#website\"},\"primaryImageOfPage\":{\"@id\":\"https:\/\/shop.bazarcia.com\/produto\/matriz-infantil-coracao-feliz-em-aplique\/#primaryimage\"},\"image\":{\"@id\":\"https:\/\/shop.bazarcia.com\/produto\/matriz-infantil-coracao-feliz-em-aplique\/#primaryimage\"},\"thumbnailUrl\":\"https:\/\/shop.bazarcia.com\/wp-content\/uploads\/2023\/01\/Sem-titulo-2.jpg\",\"datePublished\":\"2023-01-23T21:57:46+00:00\",\"dateModified\":\"2026-01-05T14:32:17+00:00\",\"breadcrumb\":{\"@id\":\"https:\/\/shop.bazarcia.com\/produto\/matriz-infantil-coracao-feliz-em-aplique\/#breadcrumb\"},\"inLanguage\":\"en-US\",\"potentialAction\":[{\"@type\":\"ReadAction\",\"target\":[\"https:\/\/shop.bazarcia.com\/produto\/matriz-infantil-coracao-feliz-em-aplique\/\"]}]},{\"@type\":\"ImageObject\",\"inLanguage\":\"en-US\",\"@id\":\"https:\/\/shop.bazarcia.com\/produto\/matriz-infantil-coracao-feliz-em-aplique\/#primaryimage\",\"url\":\"https:\/\/shop.bazarcia.com\/wp-content\/uploads\/2023\/01\/Sem-titulo-2.jpg\",\"contentUrl\":\"https:\/\/shop.bazarcia.com\/wp-content\/uploads\/2023\/01\/Sem-titulo-2.jpg\",\"width\":1681,\"height\":1376,\"caption\":\"Matriz de bordado Cora\u00e7\u00e3o Aplique Medida: 12x10 15x13 Formatos : .JEF, .PES, .DST E ETC...\"},{\"@type\":\"BreadcrumbList\",\"@id\":\"https:\/\/shop.bazarcia.com\/produto\/matriz-infantil-coracao-feliz-em-aplique\/#breadcrumb\",\"itemListElement\":[{\"@type\":\"ListItem\",\"position\":1,\"name\":\"In\u00edcio\",\"item\":\"https:\/\/shop.bazarcia.com\/\"},{\"@type\":\"ListItem\",\"position\":2,\"name\":\"Loja\",\"item\":\"https:\/\/shop.bazarcia.com\/loja\/\"},{\"@type\":\"ListItem\",\"position\":3,\"name\":\"Matriz Infantil &#8211; Cora\u00e7\u00e3o Feliz em Aplique\"}]},{\"@type\":\"WebSite\",\"@id\":\"https:\/\/shop.bazarcia.com\/#website\",\"url\":\"https:\/\/shop.bazarcia.com\/\",\"name\":\"Bazar & Cia\",\"description\":\"criatividade ponto a ponto\",\"publisher\":{\"@id\":\"https:\/\/shop.bazarcia.com\/#organization\"},\"potentialAction\":[{\"@type\":\"SearchAction\",\"target\":{\"@type\":\"EntryPoint\",\"urlTemplate\":\"https:\/\/shop.bazarcia.com\/?s={search_term_string}\"},\"query-input\":{\"@type\":\"PropertyValueSpecification\",\"valueRequired\":true,\"valueName\":\"search_term_string\"}}],\"inLanguage\":\"en-US\"},{\"@type\":\"Organization\",\"@id\":\"https:\/\/shop.bazarcia.com\/#organization\",\"name\":\"Bazar & Cia\",\"url\":\"https:\/\/shop.bazarcia.com\/\",\"logo\":{\"@type\":\"ImageObject\",\"inLanguage\":\"en-US\",\"@id\":\"https:\/\/shop.bazarcia.com\/#\/schema\/logo\/image\/\",\"url\":\"https:\/\/shop.bazarcia.com\/wp-content\/uploads\/2024\/02\/cropped-logo_bazarcia.png\",\"contentUrl\":\"https:\/\/shop.bazarcia.com\/wp-content\/uploads\/2024\/02\/cropped-logo_bazarcia.png\",\"width\":150,\"height\":150,\"caption\":\"Bazar & Cia\"},\"image\":{\"@id\":\"https:\/\/shop.bazarcia.com\/#\/schema\/logo\/image\/\"},\"sameAs\":[\"https:\/\/www.facebook.com\/shopbazarcia\",\"https:\/\/www.instagram.com\/shopbazarcia\",\"https:\/\/br.pinterest.com\/suzane_eloise\/\",\"https:\/\/www.youtube.com\/c\/BazardoBordadoMatrizeseProjetos\"]}]}<\/script>\n<!-- \/ Yoast SEO plugin. -->","yoast_head_json":{"title":"Matriz Infantil - Cora\u00e7\u00e3o Feliz em Aplique - \ud835\udc1b\ud835\udc1a\ud835\udc33\ud835\udc1a\ud835\udc2b &amp; \ud835\udc1c\ud835\udc22\ud835\udc1a","robots":{"index":"index","follow":"follow","max-snippet":"max-snippet:-1","max-image-preview":"max-image-preview:large","max-video-preview":"max-video-preview:-1"},"canonical":"https:\/\/shop.bazarcia.com\/en\/product\/matriz-infantil-coracao-feliz-em-aplique\/","og_locale":"en_US","og_type":"article","og_title":"Matriz Infantil - Cora\u00e7\u00e3o Feliz em Aplique - \ud835\udc1b\ud835\udc1a\ud835\udc33\ud835\udc1a\ud835\udc2b &amp; \ud835\udc1c\ud835\udc22\ud835\udc1a","og_description":"Matriz de bordado Infantil - Cora\u00e7\u00e3o Feliz em Aplique  Medida: 12x10 15x13  Formatos : .JEF, .PES, .DST E ETC...  Ap\u00f3s o pagamento a matriz \u00e9 liberada para baixar.","og_url":"https:\/\/shop.bazarcia.com\/en\/product\/matriz-infantil-coracao-feliz-em-aplique\/","og_site_name":"\ud835\udc1b\ud835\udc1a\ud835\udc33\ud835\udc1a\ud835\udc2b &amp; \ud835\udc1c\ud835\udc22\ud835\udc1a","article_publisher":"https:\/\/www.facebook.com\/shopbazarcia","article_modified_time":"2026-01-05T14:32:17+00:00","og_image":[{"width":1681,"height":1376,"url":"https:\/\/shop.bazarcia.com\/wp-content\/uploads\/2023\/01\/Sem-titulo-2.jpg","type":"image\/jpeg"}],"twitter_card":"summary_large_image","schema":{"@context":"https:\/\/schema.org","@graph":[{"@type":"WebPage","@id":"https:\/\/shop.bazarcia.com\/produto\/matriz-infantil-coracao-feliz-em-aplique\/","url":"https:\/\/shop.bazarcia.com\/produto\/matriz-infantil-coracao-feliz-em-aplique\/","name":"Matriz Infantil - Cora\u00e7\u00e3o Feliz em Aplique - \ud835\udc1b\ud835\udc1a\ud835\udc33\ud835\udc1a\ud835\udc2b &amp; \ud835\udc1c\ud835\udc22\ud835\udc1a","isPartOf":{"@id":"https:\/\/shop.bazarcia.com\/#website"},"primaryImageOfPage":{"@id":"https:\/\/shop.bazarcia.com\/produto\/matriz-infantil-coracao-feliz-em-aplique\/#primaryimage"},"image":{"@id":"https:\/\/shop.bazarcia.com\/produto\/matriz-infantil-coracao-feliz-em-aplique\/#primaryimage"},"thumbnailUrl":"https:\/\/shop.bazarcia.com\/wp-content\/uploads\/2023\/01\/Sem-titulo-2.jpg","datePublished":"2023-01-23T21:57:46+00:00","dateModified":"2026-01-05T14:32:17+00:00","breadcrumb":{"@id":"https:\/\/shop.bazarcia.com\/produto\/matriz-infantil-coracao-feliz-em-aplique\/#breadcrumb"},"inLanguage":"en-US","potentialAction":[{"@type":"ReadAction","target":["https:\/\/shop.bazarcia.com\/produto\/matriz-infantil-coracao-feliz-em-aplique\/"]}]},{"@type":"ImageObject","inLanguage":"en-US","@id":"https:\/\/shop.bazarcia.com\/produto\/matriz-infantil-coracao-feliz-em-aplique\/#primaryimage","url":"https:\/\/shop.bazarcia.com\/wp-content\/uploads\/2023\/01\/Sem-titulo-2.jpg","contentUrl":"https:\/\/shop.bazarcia.com\/wp-content\/uploads\/2023\/01\/Sem-titulo-2.jpg","width":1681,"height":1376,"caption":"Matriz de bordado Cora\u00e7\u00e3o Aplique Medida: 12x10 15x13 Formatos : .JEF, .PES, .DST E ETC..."},{"@type":"BreadcrumbList","@id":"https:\/\/shop.bazarcia.com\/produto\/matriz-infantil-coracao-feliz-em-aplique\/#breadcrumb","itemListElement":[{"@type":"ListItem","position":1,"name":"In\u00edcio","item":"https:\/\/shop.bazarcia.com\/"},{"@type":"ListItem","position":2,"name":"Loja","item":"https:\/\/shop.bazarcia.com\/loja\/"},{"@type":"ListItem","position":3,"name":"Matriz Infantil &#8211; Cora\u00e7\u00e3o Feliz em Aplique"}]},{"@type":"WebSite","@id":"https:\/\/shop.bazarcia.com\/#website","url":"https:\/\/shop.bazarcia.com\/","name":"Bazar & Cia","description":"criatividade ponto a ponto","publisher":{"@id":"https:\/\/shop.bazarcia.com\/#organization"},"potentialAction":[{"@type":"SearchAction","target":{"@type":"EntryPoint","urlTemplate":"https:\/\/shop.bazarcia.com\/?s={search_term_string}"},"query-input":{"@type":"PropertyValueSpecification","valueRequired":true,"valueName":"search_term_string"}}],"inLanguage":"en-US"},{"@type":"Organization","@id":"https:\/\/shop.bazarcia.com\/#organization","name":"Bazar & Cia","url":"https:\/\/shop.bazarcia.com\/","logo":{"@type":"ImageObject","inLanguage":"en-US","@id":"https:\/\/shop.bazarcia.com\/#\/schema\/logo\/image\/","url":"https:\/\/shop.bazarcia.com\/wp-content\/uploads\/2024\/02\/cropped-logo_bazarcia.png","contentUrl":"https:\/\/shop.bazarcia.com\/wp-content\/uploads\/2024\/02\/cropped-logo_bazarcia.png","width":150,"height":150,"caption":"Bazar & Cia"},"image":{"@id":"https:\/\/shop.bazarcia.com\/#\/schema\/logo\/image\/"},"sameAs":["https:\/\/www.facebook.com\/shopbazarcia","https:\/\/www.instagram.com\/shopbazarcia","https:\/\/br.pinterest.com\/suzane_eloise\/","https:\/\/www.youtube.com\/c\/BazardoBordadoMatrizeseProjetos"]}]}},"_links":{"self":[{"href":"https:\/\/shop.bazarcia.com\/en\/wp-json\/wp\/v2\/product\/207425","targetHints":{"allow":["GET"]}}],"collection":[{"href":"https:\/\/shop.bazarcia.com\/en\/wp-json\/wp\/v2\/product"}],"about":[{"href":"https:\/\/shop.bazarcia.com\/en\/wp-json\/wp\/v2\/types\/product"}],"replies":[{"embeddable":true,"href":"https:\/\/shop.bazarcia.com\/en\/wp-json\/wp\/v2\/comments?post=207425"}],"version-history":[{"count":0,"href":"https:\/\/shop.bazarcia.com\/en\/wp-json\/wp\/v2\/product\/207425\/revisions"}],"wp:featuredmedia":[{"embeddable":true,"href":"https:\/\/shop.bazarcia.com\/en\/wp-json\/wp\/v2\/media\/207416"}],"wp:attachment":[{"href":"https:\/\/shop.bazarcia.com\/en\/wp-json\/wp\/v2\/media?parent=207425"}],"wp:term":[{"taxonomy":"product_brand","embeddable":true,"href":"https:\/\/shop.bazarcia.com\/en\/wp-json\/wp\/v2\/product_brand?post=207425"},{"taxonomy":"product_cat","embeddable":true,"href":"https:\/\/shop.bazarcia.com\/en\/wp-json\/wp\/v2\/product_cat?post=207425"},{"taxonomy":"product_tag","embeddable":true,"href":"https:\/\/shop.bazarcia.com\/en\/wp-json\/wp\/v2\/product_tag?post=207425"}],"curies":[{"name":"wp","href":"https:\/\/api.w.org\/{rel}","templated":true}]}}