{"id":210346,"date":"2023-02-09T13:03:36","date_gmt":"2023-02-09T16:03:36","guid":{"rendered":"https:\/\/shop.bazarcia.com\/produto\/matriz-de-bordado-algodao-doce\/"},"modified":"2023-02-09T15:33:47","modified_gmt":"2023-02-09T18:33:47","slug":"matriz-de-bordado-algodao-doce","status":"publish","type":"product","link":"https:\/\/shop.bazarcia.com\/en\/product\/matriz-de-bordado-algodao-doce\/","title":{"rendered":"Matriz de bordado &#8211; Algod\u00e3o Doce"},"content":{"rendered":"<p style=\"padding: 0px;border: 0px;vertical-align: baseline;line-height: inherit;font-family: Lato, Arial, Helvetica, sans-serif;font-size: 14px;color: #777777;margin: 0px 0px var(--wd-tags-mb) 0px\">Matrizes de bordado em pontos leves com detalhes em pontos cheio e partes em rippled.<\/p>\n<p style=\"padding: 0px;border: 0px;vertical-align: baseline;line-height: inherit;font-family: Lato, Arial, Helvetica, sans-serif;font-size: 14px;color: #777777;margin: 0px 0px var(--wd-tags-mb) 0px\">Dispon\u00edvel para download imediatamente ap\u00f3s confirma\u00e7\u00e3o do pagamento da compra.<\/p>\n<p style=\"padding: 0px;border: 0px;vertical-align: baseline;line-height: inherit;font-family: Lato, Arial, Helvetica, sans-serif;font-size: 14px;color: #777777;margin: 0px 0px var(--wd-tags-mb) 0px\">Formatos:<\/p>\n<p style=\"padding: 0px;border: 0px;vertical-align: baseline;line-height: inherit;font-family: Lato, Arial, Helvetica, sans-serif;font-size: 14px;color: #777777;margin: 0px 0px var(--wd-tags-mb) 0px\">DST<\/p>\n<p style=\"padding: 0px;border: 0px;vertical-align: baseline;line-height: inherit;font-family: Lato, Arial, Helvetica, sans-serif;font-size: 14px;color: #777777;margin: 0px 0px var(--wd-tags-mb) 0px\">EXP<\/p>\n<p style=\"padding: 0px;border: 0px;vertical-align: baseline;line-height: inherit;font-family: Lato, Arial, Helvetica, sans-serif;font-size: 14px;color: #777777;margin: 0px 0px var(--wd-tags-mb) 0px\">HUS<\/p>\n<p style=\"padding: 0px;border: 0px;vertical-align: baseline;line-height: inherit;font-family: Lato, Arial, Helvetica, sans-serif;font-size: 14px;color: #777777;margin: 0px 0px var(--wd-tags-mb) 0px\">JEF<\/p>\n<p style=\"padding: 0px;border: 0px;vertical-align: baseline;line-height: inherit;font-family: Lato, Arial, Helvetica, sans-serif;font-size: 14px;color: #777777;margin: 0px 0px var(--wd-tags-mb) 0px\">PES<\/p>\n<p style=\"padding: 0px;border: 0px;vertical-align: baseline;line-height: inherit;font-family: Lato, Arial, Helvetica, sans-serif;font-size: 14px;color: #777777;margin: 0px 0px var(--wd-tags-mb) 0px\">XXX<\/p>\n<table class=\"MsoTableGrid\" style=\"border-collapse: collapse;border: none\" border=\"1\" cellspacing=\"0\" cellpadding=\"0\">\n<tbody>\n<tr>\n<td style=\"width: 106.15pt;border: solid windowtext 1.0pt;padding: 0cm 5.4pt 0cm 5.4pt\" valign=\"top\" width=\"142\">\n<p class=\"MsoNormal\" style=\"margin-bottom: 0cm;line-height: normal\">NOME<\/p>\n<\/td>\n<td style=\"width: 106.15pt;border: solid windowtext 1.0pt;border-left: none;padding: 0cm 5.4pt 0cm 5.4pt\" valign=\"top\" width=\"142\">\n<p class=\"MsoNormal\" style=\"margin-bottom: 0cm;line-height: normal\">TAMANHO<\/p>\n<\/td>\n<td style=\"width: 106.2pt;border: solid windowtext 1.0pt;border-left: none;padding: 0cm 5.4pt 0cm 5.4pt\" valign=\"top\" width=\"142\">\n<p class=\"MsoNormal\" style=\"margin-bottom: 0cm;line-height: normal\">N\u00ba PONTOS<\/p>\n<\/td>\n<\/tr>\n<tr>\n<td style=\"width: 106.15pt;border: solid windowtext 1.0pt;border-top: none;padding: 0cm 5.4pt 0cm 5.4pt\" valign=\"top\" width=\"142\">\n<p class=\"MsoNormal\" style=\"margin-bottom: 0cm;line-height: normal\">algod\u00e3o<\/p>\n<\/td>\n<td style=\"width: 106.15pt;border-top: none;border-left: none;border-bottom: solid windowtext 1.0pt;border-right: solid windowtext 1.0pt;padding: 0cm 5.4pt 0cm 5.4pt\" valign=\"top\" width=\"142\">\n<p class=\"MsoNormal\" style=\"margin-bottom: 0cm;line-height: normal\">55&#215;73<\/p>\n<\/td>\n<td style=\"width: 106.2pt;border-top: none;border-left: none;border-bottom: solid windowtext 1.0pt;border-right: solid windowtext 1.0pt;padding: 0cm 5.4pt 0cm 5.4pt\" valign=\"top\" width=\"142\">\n<p class=\"MsoNormal\" style=\"margin-bottom: 0cm;line-height: normal\">5611<\/p>\n<\/td>\n<\/tr>\n<tr>\n<td style=\"width: 106.15pt;border: solid windowtext 1.0pt;border-top: none;padding: 0cm 5.4pt 0cm 5.4pt\" valign=\"top\" width=\"142\">\n<p class=\"MsoNormal\" style=\"margin-bottom: 0cm;line-height: normal\">\n<\/td>\n<td style=\"width: 106.15pt;border-top: none;border-left: none;border-bottom: solid windowtext 1.0pt;border-right: solid windowtext 1.0pt;padding: 0cm 5.4pt 0cm 5.4pt\" valign=\"top\" width=\"142\">\n<p class=\"MsoNormal\" style=\"margin-bottom: 0cm;line-height: normal\">74&#215;99<\/p>\n<\/td>\n<td style=\"width: 106.2pt;border-top: none;border-left: none;border-bottom: solid windowtext 1.0pt;border-right: solid windowtext 1.0pt;padding: 0cm 5.4pt 0cm 5.4pt\" valign=\"top\" width=\"142\">\n<p class=\"MsoNormal\" style=\"margin-bottom: 0cm;line-height: normal\">7782<\/p>\n<\/td>\n<\/tr>\n<tr>\n<td style=\"width: 106.15pt;border: solid windowtext 1.0pt;border-top: none;padding: 0cm 5.4pt 0cm 5.4pt\" valign=\"top\" width=\"142\">\n<p class=\"MsoNormal\" style=\"margin-bottom: 0cm;line-height: normal\">\n<\/td>\n<td style=\"width: 106.15pt;border-top: none;border-left: none;border-bottom: solid windowtext 1.0pt;border-right: solid windowtext 1.0pt;padding: 0cm 5.4pt 0cm 5.4pt\" valign=\"top\" width=\"142\">\n<p class=\"MsoNormal\" style=\"margin-bottom: 0cm;line-height: normal\">129&#215;97<\/p>\n<\/td>\n<td style=\"width: 106.2pt;border-top: none;border-left: none;border-bottom: solid windowtext 1.0pt;border-right: solid windowtext 1.0pt;padding: 0cm 5.4pt 0cm 5.4pt\" valign=\"top\" width=\"142\">\n<p class=\"MsoNormal\" style=\"margin-bottom: 0cm;line-height: normal\">10837<\/p>\n<\/td>\n<\/tr>\n<\/tbody>\n<\/table>\n<p>REF: MDL0708117<\/p>\n<p style=\"margin: 0px 0px 1rem;padding: 0px;border: 0px;vertical-align: baseline;line-height: inherit;font-family: Raleway;font-size: 14px;color: #7a7a7a\">Esse download poder\u00e1 ser feito por at\u00e9 99 (noventa e nove) vezes diretamente no site do Bazar do Bordado, em um per\u00edodo m\u00e1ximo de 365 (trezentos e sessenta e cinco dias) a ser contado da data da disponibiliza\u00e7\u00e3o do material. Ap\u00f3s este per\u00edodo, o link ser\u00e1 expirado.<\/p>\n<p style=\"margin: 0px 0px 1rem;padding: 0px;border: 0px;vertical-align: baseline;line-height: inherit;font-family: Raleway;font-size: 14px;color: #7a7a7a\">Por isso, \u00e9 importante que\u00a0 fa\u00e7a o download do conte\u00fado o quanto antes, armazenando no seu compartimento de interesse.<\/p>\n<p style=\"margin: 0px 0px 1rem;padding: 0px;border: 0px;vertical-align: baseline;line-height: inherit;font-family: Raleway;font-size: 14px;color: #7a7a7a\">Compras realizadas atrav\u00e9s de boleto banc\u00e1rio poder\u00e1 levar at\u00e9 dois dias \u00fateis para libera\u00e7\u00e3o das matrizes.<\/p>\n<p style=\"margin: 0px 0px 1rem;padding: 0px;border: 0px;vertical-align: baseline;line-height: inherit;font-family: Lato, Arial, Helvetica, sans-serif;font-size: 14px;color: #777777\"><span style=\"margin: 0px;padding: 0px;border: 0px;vertical-align: baseline;font-style: inherit;font-variant: inherit;font-weight: inherit;line-height: inherit;font-family: lato, Arial, Helvetica, sans-serif\">Voc\u00ea pode conhecer nosso canal no youtube Mimos de Lili Ateli\u00ea Alice Paz de Hora\u00a0<\/span><span style=\"margin: 0px;padding: 0px;border: 0px;vertical-align: baseline;font-style: inherit;font-variant: inherit;font-weight: inherit;line-height: inherit;font-family: lato, Arial, Helvetica, sans-serif\">ou acessando nosso link:\u00a0<a style=\"margin: 0px;padding: 0px;border: 0px;vertical-align: baseline;font-style: inherit;font-variant: inherit;font-weight: inherit;line-height: inherit;font-family: inherit;color: #0056b3;background-color: transparent\" href=\"https:\/\/www.youtube.com\/channel\/UCoGsFX_hesf1oGUWVPYSv8g\">https:\/\/www.youtube.com\/channel\/UCoGsFX_hesf1oGUWVPYSv8g<\/a><\/span><\/p>","protected":false},"excerpt":{"rendered":"<p>Matrizes de bordado em pontos leves com detalhes em pontos cheio e partes em rippled.<\/p>\n<p>Dispon\u00edvel para download imediatamente ap\u00f3s confirma\u00e7\u00e3o do pagamento da compra.<\/p>\n<p>Formatos:<\/p>\n<p>DST<\/p>\n<p>EXP<\/p>\n<p>HUS<\/p>\n<p>JEF<\/p>\n<p>PES<\/p>\n<p>XXX<\/p>","protected":false},"featured_media":210345,"comment_status":"open","ping_status":"closed","template":"","meta":{"_acf_changed":false,"_joinchat":[]},"product_brand":[],"product_cat":[84,312],"product_tag":[],"class_list":{"0":"post-210346","1":"product","2":"type-product","3":"status-publish","4":"has-post-thumbnail","6":"product_cat-matrizes-de-bordado","7":"product_cat-matrizes-pontos-leves","9":"first","10":"instock","11":"downloadable","12":"virtual","13":"purchasable","14":"product-type-simple"},"acf":[],"yoast_head":"<!-- This site is optimized with the Yoast SEO plugin v27.2 - https:\/\/yoast.com\/product\/yoast-seo-wordpress\/ -->\n<title>Matriz de bordado - Algod\u00e3o Doce - \ud835\udc1b\ud835\udc1a\ud835\udc33\ud835\udc1a\ud835\udc2b &amp; \ud835\udc1c\ud835\udc22\ud835\udc1a<\/title>\n<meta name=\"robots\" content=\"index, follow, max-snippet:-1, max-image-preview:large, max-video-preview:-1\" \/>\n<link rel=\"canonical\" href=\"https:\/\/shop.bazarcia.com\/en\/product\/matriz-de-bordado-algodao-doce\/\" \/>\n<meta property=\"og:locale\" content=\"en_US\" \/>\n<meta property=\"og:type\" content=\"article\" \/>\n<meta property=\"og:title\" content=\"Matriz de bordado - Algod\u00e3o Doce - \ud835\udc1b\ud835\udc1a\ud835\udc33\ud835\udc1a\ud835\udc2b &amp; \ud835\udc1c\ud835\udc22\ud835\udc1a\" \/>\n<meta property=\"og:description\" content=\"Matrizes de bordado em pontos leves com detalhes em pontos cheio e partes em rippled.  Dispon\u00edvel para download imediatamente ap\u00f3s confirma\u00e7\u00e3o do pagamento da compra.  Formatos:  DST  EXP  HUS  JEF  PES  XXX\" \/>\n<meta property=\"og:url\" content=\"https:\/\/shop.bazarcia.com\/en\/product\/matriz-de-bordado-algodao-doce\/\" \/>\n<meta property=\"og:site_name\" content=\"\ud835\udc1b\ud835\udc1a\ud835\udc33\ud835\udc1a\ud835\udc2b &amp; \ud835\udc1c\ud835\udc22\ud835\udc1a\" \/>\n<meta property=\"article:publisher\" content=\"https:\/\/www.facebook.com\/shopbazarcia\" \/>\n<meta property=\"article:modified_time\" content=\"2023-02-09T18:33:47+00:00\" \/>\n<meta property=\"og:image\" content=\"https:\/\/shop.bazarcia.com\/wp-content\/uploads\/2023\/02\/Design-sem-nome-44.png\" \/>\n\t<meta property=\"og:image:width\" content=\"800\" \/>\n\t<meta property=\"og:image:height\" content=\"800\" \/>\n\t<meta property=\"og:image:type\" content=\"image\/png\" \/>\n<meta name=\"twitter:card\" content=\"summary_large_image\" \/>\n<meta name=\"twitter:label1\" content=\"Est. reading time\" \/>\n\t<meta name=\"twitter:data1\" content=\"1 minute\" \/>\n<script type=\"application\/ld+json\" class=\"yoast-schema-graph\">{\"@context\":\"https:\/\/schema.org\",\"@graph\":[{\"@type\":\"WebPage\",\"@id\":\"https:\/\/shop.bazarcia.com\/produto\/matriz-de-bordado-algodao-doce\/\",\"url\":\"https:\/\/shop.bazarcia.com\/produto\/matriz-de-bordado-algodao-doce\/\",\"name\":\"Matriz de bordado - Algod\u00e3o Doce - \ud835\udc1b\ud835\udc1a\ud835\udc33\ud835\udc1a\ud835\udc2b &amp; \ud835\udc1c\ud835\udc22\ud835\udc1a\",\"isPartOf\":{\"@id\":\"https:\/\/shop.bazarcia.com\/#website\"},\"primaryImageOfPage\":{\"@id\":\"https:\/\/shop.bazarcia.com\/produto\/matriz-de-bordado-algodao-doce\/#primaryimage\"},\"image\":{\"@id\":\"https:\/\/shop.bazarcia.com\/produto\/matriz-de-bordado-algodao-doce\/#primaryimage\"},\"thumbnailUrl\":\"https:\/\/shop.bazarcia.com\/wp-content\/uploads\/2023\/02\/Design-sem-nome-44.png\",\"datePublished\":\"2023-02-09T16:03:36+00:00\",\"dateModified\":\"2023-02-09T18:33:47+00:00\",\"breadcrumb\":{\"@id\":\"https:\/\/shop.bazarcia.com\/produto\/matriz-de-bordado-algodao-doce\/#breadcrumb\"},\"inLanguage\":\"en-US\",\"potentialAction\":[{\"@type\":\"ReadAction\",\"target\":[\"https:\/\/shop.bazarcia.com\/produto\/matriz-de-bordado-algodao-doce\/\"]}]},{\"@type\":\"ImageObject\",\"inLanguage\":\"en-US\",\"@id\":\"https:\/\/shop.bazarcia.com\/produto\/matriz-de-bordado-algodao-doce\/#primaryimage\",\"url\":\"https:\/\/shop.bazarcia.com\/wp-content\/uploads\/2023\/02\/Design-sem-nome-44.png\",\"contentUrl\":\"https:\/\/shop.bazarcia.com\/wp-content\/uploads\/2023\/02\/Design-sem-nome-44.png\",\"width\":800,\"height\":800},{\"@type\":\"BreadcrumbList\",\"@id\":\"https:\/\/shop.bazarcia.com\/produto\/matriz-de-bordado-algodao-doce\/#breadcrumb\",\"itemListElement\":[{\"@type\":\"ListItem\",\"position\":1,\"name\":\"In\u00edcio\",\"item\":\"https:\/\/shop.bazarcia.com\/\"},{\"@type\":\"ListItem\",\"position\":2,\"name\":\"Loja\",\"item\":\"https:\/\/shop.bazarcia.com\/loja\/\"},{\"@type\":\"ListItem\",\"position\":3,\"name\":\"Matriz de bordado &#8211; Algod\u00e3o Doce\"}]},{\"@type\":\"WebSite\",\"@id\":\"https:\/\/shop.bazarcia.com\/#website\",\"url\":\"https:\/\/shop.bazarcia.com\/\",\"name\":\"Bazar & Cia\",\"description\":\"criatividade ponto a ponto\",\"publisher\":{\"@id\":\"https:\/\/shop.bazarcia.com\/#organization\"},\"potentialAction\":[{\"@type\":\"SearchAction\",\"target\":{\"@type\":\"EntryPoint\",\"urlTemplate\":\"https:\/\/shop.bazarcia.com\/?s={search_term_string}\"},\"query-input\":{\"@type\":\"PropertyValueSpecification\",\"valueRequired\":true,\"valueName\":\"search_term_string\"}}],\"inLanguage\":\"en-US\"},{\"@type\":\"Organization\",\"@id\":\"https:\/\/shop.bazarcia.com\/#organization\",\"name\":\"Bazar & Cia\",\"url\":\"https:\/\/shop.bazarcia.com\/\",\"logo\":{\"@type\":\"ImageObject\",\"inLanguage\":\"en-US\",\"@id\":\"https:\/\/shop.bazarcia.com\/#\/schema\/logo\/image\/\",\"url\":\"https:\/\/shop.bazarcia.com\/wp-content\/uploads\/2024\/02\/cropped-logo_bazarcia.png\",\"contentUrl\":\"https:\/\/shop.bazarcia.com\/wp-content\/uploads\/2024\/02\/cropped-logo_bazarcia.png\",\"width\":150,\"height\":150,\"caption\":\"Bazar & Cia\"},\"image\":{\"@id\":\"https:\/\/shop.bazarcia.com\/#\/schema\/logo\/image\/\"},\"sameAs\":[\"https:\/\/www.facebook.com\/shopbazarcia\",\"https:\/\/www.instagram.com\/shopbazarcia\",\"https:\/\/br.pinterest.com\/suzane_eloise\/\",\"https:\/\/www.youtube.com\/c\/BazardoBordadoMatrizeseProjetos\"]}]}<\/script>\n<!-- \/ Yoast SEO plugin. -->","yoast_head_json":{"title":"Matriz de bordado - Algod\u00e3o Doce - \ud835\udc1b\ud835\udc1a\ud835\udc33\ud835\udc1a\ud835\udc2b &amp; \ud835\udc1c\ud835\udc22\ud835\udc1a","robots":{"index":"index","follow":"follow","max-snippet":"max-snippet:-1","max-image-preview":"max-image-preview:large","max-video-preview":"max-video-preview:-1"},"canonical":"https:\/\/shop.bazarcia.com\/en\/product\/matriz-de-bordado-algodao-doce\/","og_locale":"en_US","og_type":"article","og_title":"Matriz de bordado - Algod\u00e3o Doce - \ud835\udc1b\ud835\udc1a\ud835\udc33\ud835\udc1a\ud835\udc2b &amp; \ud835\udc1c\ud835\udc22\ud835\udc1a","og_description":"Matrizes de bordado em pontos leves com detalhes em pontos cheio e partes em rippled.  Dispon\u00edvel para download imediatamente ap\u00f3s confirma\u00e7\u00e3o do pagamento da compra.  Formatos:  DST  EXP  HUS  JEF  PES  XXX","og_url":"https:\/\/shop.bazarcia.com\/en\/product\/matriz-de-bordado-algodao-doce\/","og_site_name":"\ud835\udc1b\ud835\udc1a\ud835\udc33\ud835\udc1a\ud835\udc2b &amp; \ud835\udc1c\ud835\udc22\ud835\udc1a","article_publisher":"https:\/\/www.facebook.com\/shopbazarcia","article_modified_time":"2023-02-09T18:33:47+00:00","og_image":[{"width":800,"height":800,"url":"https:\/\/shop.bazarcia.com\/wp-content\/uploads\/2023\/02\/Design-sem-nome-44.png","type":"image\/png"}],"twitter_card":"summary_large_image","twitter_misc":{"Est. reading time":"1 minute"},"schema":{"@context":"https:\/\/schema.org","@graph":[{"@type":"WebPage","@id":"https:\/\/shop.bazarcia.com\/produto\/matriz-de-bordado-algodao-doce\/","url":"https:\/\/shop.bazarcia.com\/produto\/matriz-de-bordado-algodao-doce\/","name":"Matriz de bordado - Algod\u00e3o Doce - \ud835\udc1b\ud835\udc1a\ud835\udc33\ud835\udc1a\ud835\udc2b &amp; \ud835\udc1c\ud835\udc22\ud835\udc1a","isPartOf":{"@id":"https:\/\/shop.bazarcia.com\/#website"},"primaryImageOfPage":{"@id":"https:\/\/shop.bazarcia.com\/produto\/matriz-de-bordado-algodao-doce\/#primaryimage"},"image":{"@id":"https:\/\/shop.bazarcia.com\/produto\/matriz-de-bordado-algodao-doce\/#primaryimage"},"thumbnailUrl":"https:\/\/shop.bazarcia.com\/wp-content\/uploads\/2023\/02\/Design-sem-nome-44.png","datePublished":"2023-02-09T16:03:36+00:00","dateModified":"2023-02-09T18:33:47+00:00","breadcrumb":{"@id":"https:\/\/shop.bazarcia.com\/produto\/matriz-de-bordado-algodao-doce\/#breadcrumb"},"inLanguage":"en-US","potentialAction":[{"@type":"ReadAction","target":["https:\/\/shop.bazarcia.com\/produto\/matriz-de-bordado-algodao-doce\/"]}]},{"@type":"ImageObject","inLanguage":"en-US","@id":"https:\/\/shop.bazarcia.com\/produto\/matriz-de-bordado-algodao-doce\/#primaryimage","url":"https:\/\/shop.bazarcia.com\/wp-content\/uploads\/2023\/02\/Design-sem-nome-44.png","contentUrl":"https:\/\/shop.bazarcia.com\/wp-content\/uploads\/2023\/02\/Design-sem-nome-44.png","width":800,"height":800},{"@type":"BreadcrumbList","@id":"https:\/\/shop.bazarcia.com\/produto\/matriz-de-bordado-algodao-doce\/#breadcrumb","itemListElement":[{"@type":"ListItem","position":1,"name":"In\u00edcio","item":"https:\/\/shop.bazarcia.com\/"},{"@type":"ListItem","position":2,"name":"Loja","item":"https:\/\/shop.bazarcia.com\/loja\/"},{"@type":"ListItem","position":3,"name":"Matriz de bordado &#8211; Algod\u00e3o Doce"}]},{"@type":"WebSite","@id":"https:\/\/shop.bazarcia.com\/#website","url":"https:\/\/shop.bazarcia.com\/","name":"Bazar & Cia","description":"criatividade ponto a ponto","publisher":{"@id":"https:\/\/shop.bazarcia.com\/#organization"},"potentialAction":[{"@type":"SearchAction","target":{"@type":"EntryPoint","urlTemplate":"https:\/\/shop.bazarcia.com\/?s={search_term_string}"},"query-input":{"@type":"PropertyValueSpecification","valueRequired":true,"valueName":"search_term_string"}}],"inLanguage":"en-US"},{"@type":"Organization","@id":"https:\/\/shop.bazarcia.com\/#organization","name":"Bazar & Cia","url":"https:\/\/shop.bazarcia.com\/","logo":{"@type":"ImageObject","inLanguage":"en-US","@id":"https:\/\/shop.bazarcia.com\/#\/schema\/logo\/image\/","url":"https:\/\/shop.bazarcia.com\/wp-content\/uploads\/2024\/02\/cropped-logo_bazarcia.png","contentUrl":"https:\/\/shop.bazarcia.com\/wp-content\/uploads\/2024\/02\/cropped-logo_bazarcia.png","width":150,"height":150,"caption":"Bazar & Cia"},"image":{"@id":"https:\/\/shop.bazarcia.com\/#\/schema\/logo\/image\/"},"sameAs":["https:\/\/www.facebook.com\/shopbazarcia","https:\/\/www.instagram.com\/shopbazarcia","https:\/\/br.pinterest.com\/suzane_eloise\/","https:\/\/www.youtube.com\/c\/BazardoBordadoMatrizeseProjetos"]}]}},"_links":{"self":[{"href":"https:\/\/shop.bazarcia.com\/en\/wp-json\/wp\/v2\/product\/210346","targetHints":{"allow":["GET"]}}],"collection":[{"href":"https:\/\/shop.bazarcia.com\/en\/wp-json\/wp\/v2\/product"}],"about":[{"href":"https:\/\/shop.bazarcia.com\/en\/wp-json\/wp\/v2\/types\/product"}],"replies":[{"embeddable":true,"href":"https:\/\/shop.bazarcia.com\/en\/wp-json\/wp\/v2\/comments?post=210346"}],"version-history":[{"count":0,"href":"https:\/\/shop.bazarcia.com\/en\/wp-json\/wp\/v2\/product\/210346\/revisions"}],"wp:featuredmedia":[{"embeddable":true,"href":"https:\/\/shop.bazarcia.com\/en\/wp-json\/wp\/v2\/media\/210345"}],"wp:attachment":[{"href":"https:\/\/shop.bazarcia.com\/en\/wp-json\/wp\/v2\/media?parent=210346"}],"wp:term":[{"taxonomy":"product_brand","embeddable":true,"href":"https:\/\/shop.bazarcia.com\/en\/wp-json\/wp\/v2\/product_brand?post=210346"},{"taxonomy":"product_cat","embeddable":true,"href":"https:\/\/shop.bazarcia.com\/en\/wp-json\/wp\/v2\/product_cat?post=210346"},{"taxonomy":"product_tag","embeddable":true,"href":"https:\/\/shop.bazarcia.com\/en\/wp-json\/wp\/v2\/product_tag?post=210346"}],"curies":[{"name":"wp","href":"https:\/\/api.w.org\/{rel}","templated":true}]}}