{"id":211028,"date":"2023-02-11T14:14:07","date_gmt":"2023-02-11T17:14:07","guid":{"rendered":"https:\/\/shop.bazarcia.com\/produto\/convite-digital-personalizado\/"},"modified":"2023-02-11T14:17:29","modified_gmt":"2023-02-11T17:17:29","slug":"convite-digital-personalizado","status":"publish","type":"product","link":"https:\/\/shop.bazarcia.com\/en\/product\/convite-digital-personalizado\/","title":{"rendered":"CONVITE DIGITAL &#8211; PERSONALIZADO"},"content":{"rendered":"<p class=\"MsoNormal\"><span style=\"font-size: 15.0pt;line-height: 115%;font-family: 'MS Gothic';color: #666666;background: white\">\u2764<\/span><span style=\"font-size: 15.0pt;line-height: 115%;font-family: 'Arial','sans-serif';color: #666666;background: white\">Ap\u00f3s a confirma\u00e7\u00e3o do pagamento entre em contato para solicitar as informa\u00e7\u00f5es para adapta\u00e7\u00e3o no convite. <\/span><\/p>\n<p class=\"MsoNormal\"><span style=\"font-size: 15.0pt;line-height: 115%;font-family: 'Arial','sans-serif';color: #666666\">?<\/span><span style=\"font-size: 15.0pt;line-height: 115%;font-family: 'Arial','sans-serif';color: #666666;background: white\">Elas s\u00e3o: nome, local, data, e alguma outra informa\u00e7\u00e3o sobre o evento.<\/span><\/p>\n<p><span style=\"font-size: 15.0pt;line-height: 115%;font-family: 'Arial','sans-serif';color: #666666;background: white\">?<\/span><span style=\"font-size: 15.0pt;line-height: 115%;font-family: 'Arial','sans-serif';color: #666666;background: white\"> Quais as vantagens do Convite Digital?<\/span><span style=\"font-size: 15.0pt;line-height: 115%;font-family: 'Arial','sans-serif';color: #666666\"><br \/>\n<\/span><span style=\"font-size: 15.0pt;line-height: 115%;font-family: 'Arial','sans-serif';color: #666666\">?<\/span><span style=\"font-size: 15.0pt;line-height: 115%;font-family: 'Arial','sans-serif';color: #666666;background: white\">Voc\u00ea pode enviar pelo whatsapp ou e-mail, ou se preferir publicar nas suas redes sociais.<\/span><\/p>\n<p><span style=\"font-size: 15.0pt;line-height: 115%;font-family: 'Arial','sans-serif';color: #666666\">?<\/span><span style=\"font-size: 15.0pt;line-height: 115%;font-family: 'Arial','sans-serif';color: #666666;background: white\">Voc\u00ea receber\u00e1 o convite em PDF, PNG e JPEG.<\/span><\/p>\n<p class=\"MsoNormal\"><span style=\"font-family: 'Georgia','serif';color: #333333\"><br \/>\n<\/span><span style=\"font-size: 15.0pt;line-height: 115%;font-family: 'Arial','sans-serif';color: #666666\">?<strong><u><span style=\"font-family: 'Arial','sans-serif'\">TEMPO DE ENTREGA:<\/span><\/u><\/strong><\/span><span style=\"font-family: 'Georgia','serif';color: #333333\"><br \/>\n<\/span><span style=\"font-size: 15.0pt;line-height: 115%;font-family: 'Arial','sans-serif';color: #666666\">(Use o chat para saber quanto tempo ficar\u00e1 pronto o seu convite, informe o tema desejado).<\/span><\/p>\n<p class=\"MsoNormal\"><span style=\"font-size: 15.0pt;line-height: 115%;font-family: 'Arial','sans-serif';color: #666666\">\u00a0<\/span><\/p>\n<p class=\"MsoNormal\"><span style=\"font-size: 15.0pt;line-height: 115%;font-family: 'Arial','sans-serif';color: #666666\">\u26a0\ufe0f<strong><u><span style=\"font-family: 'Arial','sans-serif'\">ATEN\u00c7\u00c3O :<\/span><\/u><\/strong><\/span><\/p>\n<p><span style=\"font-size: 15.0pt;line-height: 115%;font-family: 'Arial','sans-serif';color: #666666\">?N\u00c3O EDITAMOS CONVITE DE TERCEIROS !<\/span><\/p>\n<p class=\"MsoNormal\"><span style=\"font-size: 15.0pt;line-height: 115%;font-family: 'Arial','sans-serif';color: #666666\">\u00a0<\/span><\/p>\n<p class=\"ui-pdp-descriptioncontent\" style=\"margin: 0cm;margin-bottom: .0001pt;background: white\"><span style=\"font-size: 15.0pt;font-family: 'Arial','sans-serif';color: #666666\">?<strong><span style=\"font-family: 'Arial','sans-serif'\">TIRE TODAS AS D\u00daVIDAS ANTES DE COMPRAR.<\/span><\/strong><\/span><\/p>\n<p class=\"ui-pdp-descriptioncontent\" style=\"margin: 0cm;margin-bottom: .0001pt;background: white\"><strong><span style=\"font-size: 15.0pt;font-family: 'Arial','sans-serif';color: #666666\">\u00a0<\/span><\/strong><\/p>\n<p class=\"ui-pdp-descriptioncontent\" style=\"margin: 0cm;margin-bottom: .0001pt;background: white\"><span style=\"font-size: 15.0pt;font-family: 'Arial','sans-serif';color: #666666\">?<strong><span style=\"font-family: 'Arial','sans-serif'\">ATENDEMOS URG\u00caNCIA (PERGUNTAR ANTES DE COMPRAR)<\/span><\/strong><\/span><\/p>\n<p><span style=\"font-size: 15.0pt;font-family: 'Arial','sans-serif';color: #666666\">?<strong><span style=\"font-family: 'Arial','sans-serif'\">A ENTREGA \u00c9 VIA WHATSAPP E E-MAIL SE PREFERIR (N\u00e3o tem valor de frete).<\/span><\/strong><\/span><\/p>\n<p class=\"ui-pdp-descriptioncontent\" style=\"margin: 0cm;margin-bottom: .0001pt;background: white\">\n<p><span style=\"font-size: 15.0pt;font-family: 'Arial','sans-serif';color: #666666\">?<strong><span style=\"font-family: 'Arial','sans-serif'\">N\u00c3O ENVIAMOS NADA VIA CORREIOS.<\/span><\/strong><\/span><\/p>\n<p class=\"ui-pdp-descriptioncontent\" style=\"margin: 0cm;margin-bottom: .0001pt;background: white\">\n<p><span style=\"font-size: 15.0pt;font-family: 'Arial','sans-serif';color: #666666\">\u26a0\ufe0f<strong><u><span style=\"font-family: 'Arial','sans-serif'\">PRE\u00c7O DE OPORTUNIDADE.<\/span><\/u><\/strong><\/span><\/p>\n<p><span style=\"font-size: 15.0pt;font-family: 'Arial','sans-serif';color: #666666\">?<strong><u><span style=\"font-family: 'Arial','sans-serif'\">SATISFA\u00c7\u00c3O GARANTIDA.<\/span><\/u><\/strong><\/span><\/p>\n<p class=\"ui-pdp-descriptioncontent\" style=\"margin: 0cm;margin-bottom: .0001pt;background: white\"><span style=\"font-size: 15.0pt;font-family: 'MS Gothic';color: #666666\">\u2764<\/span><span style=\"font-size: 15.0pt;font-family: 'Arial','sans-serif';color: #666666\">\ufe0f<strong><u><span style=\"font-family: 'Arial','sans-serif'\">AGRADECEMOS A PREFER\u00caNCIA!<\/span><\/u><\/strong>?<\/span><\/p>","protected":false},"excerpt":{"rendered":"<p>?Compre conosco seu Convite Digital Personalizado para aquele momento especial.<\/p>\n<p><span style=\"font-size: 15pt;line-height: 115%;font-family: Arial, 'sans-serif';color: #666666;background-image: initial;background-position: initial;background-size: initial;background-attachment: initial\">?Ideal para ser enviado para os convidados da sua festa pelo WhatsApp e redes sociais ou at\u00e9 mesmo ser impresso.<\/span><\/p>\n<p class=\"MsoNormal\" style=\"background-image: initial;background-position: initial;background-size: initial;background-attachment: initial\"><span style=\"font-size: 15pt;line-height: 115%;font-family: Arial, 'sans-serif';color: #666666;background-image: initial;background-position: initial;background-size: initial;background-attachment: initial\">\u00a0<\/span><\/p>\n<p>&nbsp;<\/p>","protected":false},"featured_media":211000,"comment_status":"open","ping_status":"closed","template":"","meta":{"_acf_changed":false,"_joinchat":[]},"product_brand":[],"product_cat":[1848],"product_tag":[],"class_list":{"0":"post-211028","1":"product","2":"type-product","3":"status-publish","4":"has-post-thumbnail","6":"product_cat-papelaria-personalizada","8":"first","9":"instock","10":"virtual","11":"purchasable","12":"product-type-simple"},"acf":[],"yoast_head":"<!-- This site is optimized with the Yoast SEO plugin v27.2 - https:\/\/yoast.com\/product\/yoast-seo-wordpress\/ -->\n<title>CONVITE DIGITAL - PERSONALIZADO - \ud835\udc1b\ud835\udc1a\ud835\udc33\ud835\udc1a\ud835\udc2b &amp; \ud835\udc1c\ud835\udc22\ud835\udc1a<\/title>\n<meta name=\"description\" content=\"?Compre conosco seu Convite Digital Personalizado para aquele momento especial. ?Ideal para ser enviado para os convidados da sua festa pelo WhatsApp e redes sociais ou at\u00e9 mesmo ser impresso.\" \/>\n<meta name=\"robots\" content=\"index, follow, max-snippet:-1, max-image-preview:large, max-video-preview:-1\" \/>\n<link rel=\"canonical\" href=\"https:\/\/shop.bazarcia.com\/en\/product\/convite-digital-personalizado\/\" \/>\n<meta property=\"og:locale\" content=\"en_US\" \/>\n<meta property=\"og:type\" content=\"article\" \/>\n<meta property=\"og:title\" content=\"CONVITE DIGITAL - PERSONALIZADO - \ud835\udc1b\ud835\udc1a\ud835\udc33\ud835\udc1a\ud835\udc2b &amp; \ud835\udc1c\ud835\udc22\ud835\udc1a\" \/>\n<meta property=\"og:description\" content=\"?Compre conosco seu Convite Digital Personalizado para aquele momento especial. ?Ideal para ser enviado para os convidados da sua festa pelo WhatsApp e redes sociais ou at\u00e9 mesmo ser impresso.\" \/>\n<meta property=\"og:url\" content=\"https:\/\/shop.bazarcia.com\/en\/product\/convite-digital-personalizado\/\" \/>\n<meta property=\"og:site_name\" content=\"\ud835\udc1b\ud835\udc1a\ud835\udc33\ud835\udc1a\ud835\udc2b &amp; \ud835\udc1c\ud835\udc22\ud835\udc1a\" \/>\n<meta property=\"article:publisher\" content=\"https:\/\/www.facebook.com\/shopbazarcia\" \/>\n<meta property=\"article:modified_time\" content=\"2023-02-11T17:17:29+00:00\" \/>\n<meta property=\"og:image\" content=\"https:\/\/shop.bazarcia.com\/wp-content\/uploads\/2023\/02\/CONVITE-PARA-IMPRESSAO.png\" \/>\n\t<meta property=\"og:image:width\" content=\"1080\" \/>\n\t<meta property=\"og:image:height\" content=\"1080\" \/>\n\t<meta property=\"og:image:type\" content=\"image\/png\" \/>\n<meta name=\"twitter:card\" content=\"summary_large_image\" \/>\n<meta name=\"twitter:label1\" content=\"Est. reading time\" \/>\n\t<meta name=\"twitter:data1\" content=\"1 minute\" \/>\n<script type=\"application\/ld+json\" class=\"yoast-schema-graph\">{\"@context\":\"https:\/\/schema.org\",\"@graph\":[{\"@type\":\"WebPage\",\"@id\":\"https:\/\/shop.bazarcia.com\/produto\/convite-digital-personalizado\/\",\"url\":\"https:\/\/shop.bazarcia.com\/produto\/convite-digital-personalizado\/\",\"name\":\"CONVITE DIGITAL - PERSONALIZADO - \ud835\udc1b\ud835\udc1a\ud835\udc33\ud835\udc1a\ud835\udc2b &amp; \ud835\udc1c\ud835\udc22\ud835\udc1a\",\"isPartOf\":{\"@id\":\"https:\/\/shop.bazarcia.com\/#website\"},\"primaryImageOfPage\":{\"@id\":\"https:\/\/shop.bazarcia.com\/produto\/convite-digital-personalizado\/#primaryimage\"},\"image\":{\"@id\":\"https:\/\/shop.bazarcia.com\/produto\/convite-digital-personalizado\/#primaryimage\"},\"thumbnailUrl\":\"https:\/\/shop.bazarcia.com\/wp-content\/uploads\/2023\/02\/CONVITE-PARA-IMPRESSAO.png\",\"datePublished\":\"2023-02-11T17:14:07+00:00\",\"dateModified\":\"2023-02-11T17:17:29+00:00\",\"description\":\"?Compre conosco seu Convite Digital Personalizado para aquele momento especial. ?Ideal para ser enviado para os convidados da sua festa pelo WhatsApp e redes sociais ou at\u00e9 mesmo ser impresso.\",\"breadcrumb\":{\"@id\":\"https:\/\/shop.bazarcia.com\/produto\/convite-digital-personalizado\/#breadcrumb\"},\"inLanguage\":\"en-US\",\"potentialAction\":[{\"@type\":\"ReadAction\",\"target\":[\"https:\/\/shop.bazarcia.com\/produto\/convite-digital-personalizado\/\"]}]},{\"@type\":\"ImageObject\",\"inLanguage\":\"en-US\",\"@id\":\"https:\/\/shop.bazarcia.com\/produto\/convite-digital-personalizado\/#primaryimage\",\"url\":\"https:\/\/shop.bazarcia.com\/wp-content\/uploads\/2023\/02\/CONVITE-PARA-IMPRESSAO.png\",\"contentUrl\":\"https:\/\/shop.bazarcia.com\/wp-content\/uploads\/2023\/02\/CONVITE-PARA-IMPRESSAO.png\",\"width\":1080,\"height\":1080},{\"@type\":\"BreadcrumbList\",\"@id\":\"https:\/\/shop.bazarcia.com\/produto\/convite-digital-personalizado\/#breadcrumb\",\"itemListElement\":[{\"@type\":\"ListItem\",\"position\":1,\"name\":\"In\u00edcio\",\"item\":\"https:\/\/shop.bazarcia.com\/\"},{\"@type\":\"ListItem\",\"position\":2,\"name\":\"Loja\",\"item\":\"https:\/\/shop.bazarcia.com\/loja\/\"},{\"@type\":\"ListItem\",\"position\":3,\"name\":\"CONVITE DIGITAL &#8211; PERSONALIZADO\"}]},{\"@type\":\"WebSite\",\"@id\":\"https:\/\/shop.bazarcia.com\/#website\",\"url\":\"https:\/\/shop.bazarcia.com\/\",\"name\":\"Bazar & Cia\",\"description\":\"criatividade ponto a ponto\",\"publisher\":{\"@id\":\"https:\/\/shop.bazarcia.com\/#organization\"},\"potentialAction\":[{\"@type\":\"SearchAction\",\"target\":{\"@type\":\"EntryPoint\",\"urlTemplate\":\"https:\/\/shop.bazarcia.com\/?s={search_term_string}\"},\"query-input\":{\"@type\":\"PropertyValueSpecification\",\"valueRequired\":true,\"valueName\":\"search_term_string\"}}],\"inLanguage\":\"en-US\"},{\"@type\":\"Organization\",\"@id\":\"https:\/\/shop.bazarcia.com\/#organization\",\"name\":\"Bazar & Cia\",\"url\":\"https:\/\/shop.bazarcia.com\/\",\"logo\":{\"@type\":\"ImageObject\",\"inLanguage\":\"en-US\",\"@id\":\"https:\/\/shop.bazarcia.com\/#\/schema\/logo\/image\/\",\"url\":\"https:\/\/shop.bazarcia.com\/wp-content\/uploads\/2024\/02\/cropped-logo_bazarcia.png\",\"contentUrl\":\"https:\/\/shop.bazarcia.com\/wp-content\/uploads\/2024\/02\/cropped-logo_bazarcia.png\",\"width\":150,\"height\":150,\"caption\":\"Bazar & Cia\"},\"image\":{\"@id\":\"https:\/\/shop.bazarcia.com\/#\/schema\/logo\/image\/\"},\"sameAs\":[\"https:\/\/www.facebook.com\/shopbazarcia\",\"https:\/\/www.instagram.com\/shopbazarcia\",\"https:\/\/br.pinterest.com\/suzane_eloise\/\",\"https:\/\/www.youtube.com\/c\/BazardoBordadoMatrizeseProjetos\"]}]}<\/script>\n<!-- \/ Yoast SEO plugin. -->","yoast_head_json":{"title":"CONVITE DIGITAL - PERSONALIZADO - \ud835\udc1b\ud835\udc1a\ud835\udc33\ud835\udc1a\ud835\udc2b &amp; \ud835\udc1c\ud835\udc22\ud835\udc1a","description":"?Compre conosco seu Convite Digital Personalizado para aquele momento especial. ?Ideal para ser enviado para os convidados da sua festa pelo WhatsApp e redes sociais ou at\u00e9 mesmo ser impresso.","robots":{"index":"index","follow":"follow","max-snippet":"max-snippet:-1","max-image-preview":"max-image-preview:large","max-video-preview":"max-video-preview:-1"},"canonical":"https:\/\/shop.bazarcia.com\/en\/product\/convite-digital-personalizado\/","og_locale":"en_US","og_type":"article","og_title":"CONVITE DIGITAL - PERSONALIZADO - \ud835\udc1b\ud835\udc1a\ud835\udc33\ud835\udc1a\ud835\udc2b &amp; \ud835\udc1c\ud835\udc22\ud835\udc1a","og_description":"?Compre conosco seu Convite Digital Personalizado para aquele momento especial. ?Ideal para ser enviado para os convidados da sua festa pelo WhatsApp e redes sociais ou at\u00e9 mesmo ser impresso.","og_url":"https:\/\/shop.bazarcia.com\/en\/product\/convite-digital-personalizado\/","og_site_name":"\ud835\udc1b\ud835\udc1a\ud835\udc33\ud835\udc1a\ud835\udc2b &amp; \ud835\udc1c\ud835\udc22\ud835\udc1a","article_publisher":"https:\/\/www.facebook.com\/shopbazarcia","article_modified_time":"2023-02-11T17:17:29+00:00","og_image":[{"width":1080,"height":1080,"url":"https:\/\/shop.bazarcia.com\/wp-content\/uploads\/2023\/02\/CONVITE-PARA-IMPRESSAO.png","type":"image\/png"}],"twitter_card":"summary_large_image","twitter_misc":{"Est. reading time":"1 minute"},"schema":{"@context":"https:\/\/schema.org","@graph":[{"@type":"WebPage","@id":"https:\/\/shop.bazarcia.com\/produto\/convite-digital-personalizado\/","url":"https:\/\/shop.bazarcia.com\/produto\/convite-digital-personalizado\/","name":"CONVITE DIGITAL - PERSONALIZADO - \ud835\udc1b\ud835\udc1a\ud835\udc33\ud835\udc1a\ud835\udc2b &amp; \ud835\udc1c\ud835\udc22\ud835\udc1a","isPartOf":{"@id":"https:\/\/shop.bazarcia.com\/#website"},"primaryImageOfPage":{"@id":"https:\/\/shop.bazarcia.com\/produto\/convite-digital-personalizado\/#primaryimage"},"image":{"@id":"https:\/\/shop.bazarcia.com\/produto\/convite-digital-personalizado\/#primaryimage"},"thumbnailUrl":"https:\/\/shop.bazarcia.com\/wp-content\/uploads\/2023\/02\/CONVITE-PARA-IMPRESSAO.png","datePublished":"2023-02-11T17:14:07+00:00","dateModified":"2023-02-11T17:17:29+00:00","description":"?Compre conosco seu Convite Digital Personalizado para aquele momento especial. ?Ideal para ser enviado para os convidados da sua festa pelo WhatsApp e redes sociais ou at\u00e9 mesmo ser impresso.","breadcrumb":{"@id":"https:\/\/shop.bazarcia.com\/produto\/convite-digital-personalizado\/#breadcrumb"},"inLanguage":"en-US","potentialAction":[{"@type":"ReadAction","target":["https:\/\/shop.bazarcia.com\/produto\/convite-digital-personalizado\/"]}]},{"@type":"ImageObject","inLanguage":"en-US","@id":"https:\/\/shop.bazarcia.com\/produto\/convite-digital-personalizado\/#primaryimage","url":"https:\/\/shop.bazarcia.com\/wp-content\/uploads\/2023\/02\/CONVITE-PARA-IMPRESSAO.png","contentUrl":"https:\/\/shop.bazarcia.com\/wp-content\/uploads\/2023\/02\/CONVITE-PARA-IMPRESSAO.png","width":1080,"height":1080},{"@type":"BreadcrumbList","@id":"https:\/\/shop.bazarcia.com\/produto\/convite-digital-personalizado\/#breadcrumb","itemListElement":[{"@type":"ListItem","position":1,"name":"In\u00edcio","item":"https:\/\/shop.bazarcia.com\/"},{"@type":"ListItem","position":2,"name":"Loja","item":"https:\/\/shop.bazarcia.com\/loja\/"},{"@type":"ListItem","position":3,"name":"CONVITE DIGITAL &#8211; PERSONALIZADO"}]},{"@type":"WebSite","@id":"https:\/\/shop.bazarcia.com\/#website","url":"https:\/\/shop.bazarcia.com\/","name":"Bazar & Cia","description":"criatividade ponto a ponto","publisher":{"@id":"https:\/\/shop.bazarcia.com\/#organization"},"potentialAction":[{"@type":"SearchAction","target":{"@type":"EntryPoint","urlTemplate":"https:\/\/shop.bazarcia.com\/?s={search_term_string}"},"query-input":{"@type":"PropertyValueSpecification","valueRequired":true,"valueName":"search_term_string"}}],"inLanguage":"en-US"},{"@type":"Organization","@id":"https:\/\/shop.bazarcia.com\/#organization","name":"Bazar & Cia","url":"https:\/\/shop.bazarcia.com\/","logo":{"@type":"ImageObject","inLanguage":"en-US","@id":"https:\/\/shop.bazarcia.com\/#\/schema\/logo\/image\/","url":"https:\/\/shop.bazarcia.com\/wp-content\/uploads\/2024\/02\/cropped-logo_bazarcia.png","contentUrl":"https:\/\/shop.bazarcia.com\/wp-content\/uploads\/2024\/02\/cropped-logo_bazarcia.png","width":150,"height":150,"caption":"Bazar & Cia"},"image":{"@id":"https:\/\/shop.bazarcia.com\/#\/schema\/logo\/image\/"},"sameAs":["https:\/\/www.facebook.com\/shopbazarcia","https:\/\/www.instagram.com\/shopbazarcia","https:\/\/br.pinterest.com\/suzane_eloise\/","https:\/\/www.youtube.com\/c\/BazardoBordadoMatrizeseProjetos"]}]}},"_links":{"self":[{"href":"https:\/\/shop.bazarcia.com\/en\/wp-json\/wp\/v2\/product\/211028","targetHints":{"allow":["GET"]}}],"collection":[{"href":"https:\/\/shop.bazarcia.com\/en\/wp-json\/wp\/v2\/product"}],"about":[{"href":"https:\/\/shop.bazarcia.com\/en\/wp-json\/wp\/v2\/types\/product"}],"replies":[{"embeddable":true,"href":"https:\/\/shop.bazarcia.com\/en\/wp-json\/wp\/v2\/comments?post=211028"}],"version-history":[{"count":0,"href":"https:\/\/shop.bazarcia.com\/en\/wp-json\/wp\/v2\/product\/211028\/revisions"}],"wp:featuredmedia":[{"embeddable":true,"href":"https:\/\/shop.bazarcia.com\/en\/wp-json\/wp\/v2\/media\/211000"}],"wp:attachment":[{"href":"https:\/\/shop.bazarcia.com\/en\/wp-json\/wp\/v2\/media?parent=211028"}],"wp:term":[{"taxonomy":"product_brand","embeddable":true,"href":"https:\/\/shop.bazarcia.com\/en\/wp-json\/wp\/v2\/product_brand?post=211028"},{"taxonomy":"product_cat","embeddable":true,"href":"https:\/\/shop.bazarcia.com\/en\/wp-json\/wp\/v2\/product_cat?post=211028"},{"taxonomy":"product_tag","embeddable":true,"href":"https:\/\/shop.bazarcia.com\/en\/wp-json\/wp\/v2\/product_tag?post=211028"}],"curies":[{"name":"wp","href":"https:\/\/api.w.org\/{rel}","templated":true}]}}