{"id":215353,"date":"2023-03-08T22:00:08","date_gmt":"2023-03-09T01:00:08","guid":{"rendered":"https:\/\/shop.bazarcia.com\/produto\/matriz-de-bordado-jardim-2\/"},"modified":"2024-08-26T05:01:28","modified_gmt":"2024-08-26T08:01:28","slug":"matriz-de-bordado-jardim-2","status":"publish","type":"product","link":"https:\/\/shop.bazarcia.com\/en\/product\/matriz-de-bordado-jardim-2\/","title":{"rendered":"Matriz de bordado \u2013 Jardim"},"content":{"rendered":"<p><span style=\"color: #666666;font-family: Montserrat, sans-serif;font-size: 18px\">Matriz de bordado \u2013 Jardim<\/span><\/p>\n<p><strong>Arabesco flores Borboletas Gaiola: Tam: 17,5x10cm \/ Quant. Pontos: 10474 \/ Cores: 7\u00a0 (BASTIDOR: 13x18cm)<\/strong><\/p>\n<p><strong>Arabesco flores Borboletas: Tam: 17,5&#215;7,5cm \/ Quant. Pontos: 8536 \/ Cores: 4\u00a0 \u00a0 (BASTIDOR: 13x18cm)<\/strong><\/p>\n<p><strong>Arranjo flores: Tam: 17&#215;12,5cm \/ Quant. Pontos: 13312 \/ Cores: 5\u00a0 \u00a0 (BASTIDOR: 13x18cm)<\/strong><\/p>\n<p><strong>Borboleta flores: Tam: 10&#215;5,5cm \/ Quant. Pontos: 3033 \/ Cores: 3\u00a0 \u00a0 \u00a0<\/strong><strong>(BASTIDOR a partir: 10x10cm)<\/strong><\/p>\n<p><strong>Borboletas: Tam: 16x11cm \/ Quant. Pontos: 7409 \/ Cores: 3\u00a0 \u00a0 (BASTIDOR: 13x18cm)<\/strong><\/p>\n<p><strong>Moldura flores: Tam: 16x10cm \/ Quant. Pontos: 7170 \/ Cores: 3\u00a0 \u00a0 (BASTIDOR: 13x18cm)<\/strong><\/p>\n<p style=\"margin: 0px 0px var(--wd-tags-mb) 0px;padding: 0px;border: 0px;vertical-align: baseline;line-height: inherit;font-family: Lato, Arial, Helvetica, sans-serif;font-size: 14px;color: #777777\"><span style=\"margin: 0px;padding: 0px;border: 0px;vertical-align: baseline;font-style: inherit;font-variant: inherit;font-weight: inherit;line-height: inherit;font-family: Montserrat, sans-serif;font-size: 18px;color: #666666\">Este \u00e9 um produto digital, o download ser\u00e1 liberado imediatamente ap\u00f3s a confirma\u00e7\u00e3o do pagamento.<\/span><\/p>\n<p style=\"margin: 0px 0px var(--wd-tags-mb) 0px;padding: 0px;border: 0px;vertical-align: baseline;line-height: inherit;font-family: Lato, Arial, Helvetica, sans-serif;font-size: 14px;color: #777777\"><span style=\"margin: 0px;padding: 0px;border: 0px;vertical-align: baseline;font-style: inherit;font-variant: inherit;font-weight: inherit;line-height: inherit;font-family: Montserrat, sans-serif;color: #666666\"><span style=\"margin: 0px;padding: 0px;border: 0px;vertical-align: baseline;font-style: inherit;font-variant: inherit;font-weight: inherit;line-height: inherit;font-family: inherit;font-size: 18px\">Os arquivos est\u00e3o em uma pasta zipada(ZIP), ser\u00e1 necess\u00e1rio descompact\u00e1-la para acess\u00e1-los.<\/span><\/span><\/p>\n<p style=\"margin: 0px 0px 20px;padding: 0px;border: 0px;vertical-align: baseline;line-height: inherit;font-family: lato, Arial, Helvetica, sans-serif;font-size: 14px;color: #777777\"><span style=\"margin: 0px;padding: 0px;border: 0px;vertical-align: baseline;font-style: inherit;font-variant: inherit;font-weight: inherit;line-height: inherit;font-family: Montserrat, sans-serif;font-size: 18px;color: #666666\">Disponibilizamos as matrizes nos seguintes formatos<\/span><\/p>\n<p style=\"margin: 0px 0px var(--wd-tags-mb) 0px;padding: 0px;border: 0px;vertical-align: baseline;line-height: inherit;font-family: Lato, Arial, Helvetica, sans-serif;font-size: 14px;color: #777777\"><span style=\"margin: 0px;padding: 0px;border: 0px;vertical-align: baseline;font-style: inherit;font-variant: inherit;font-weight: inherit;line-height: inherit;font-family: Montserrat, sans-serif;font-size: 18px;color: #666666\">PES, JEF, EXP, DST, HUS, XXX<\/span><\/p>\n<p style=\"margin: 0px 0px 1rem;padding: 0px;border: 0px;vertical-align: baseline;line-height: inherit;font-family: Montserrat, sans-serif;font-size: 18px;color: #666666\"><span style=\"margin: 0px;padding: 0px;border: 0px;vertical-align: inherit;font-style: inherit;font-variant: inherit;font-weight: inherit;line-height: inherit;font-family: inherit\">Matriz desenvolvida pela Designer e Programadora: Mirna<\/span><\/p>\n<p>&nbsp;<\/p>","protected":false},"excerpt":{"rendered":"<p>Arquivos: DST, EXP, JEF, XXX, PES e HUS.<br \/>\nEste \u00e9 um produto digital, o download ser\u00e1 liberado imediatamente ap\u00f3s a confirma\u00e7\u00e3o do pagamento.<\/p>\n<p>Os arquivos est\u00e3o em uma pasta zipada(ZIP), ser\u00e1 necess\u00e1rio descompact\u00e1-la para acess\u00e1-los.<\/p>\n<p>Disponibilizamos as matrizes nos seguintes formatos<\/p>","protected":false},"featured_media":215346,"comment_status":"closed","ping_status":"closed","template":"","meta":{"_acf_changed":false,"_joinchat":[]},"product_brand":[],"product_cat":[122,321,296,1704,84],"product_tag":[1430,1432],"class_list":{"0":"post-215353","1":"product","2":"type-product","3":"status-publish","4":"has-post-thumbnail","6":"product_cat-matrizes-de-bordado-animais","7":"product_cat-borboletas","8":"product_cat-florais","9":"product_cat-jardim","10":"product_cat-matrizes-de-bordado","11":"product_tag-matriz-de-bordado","12":"product_tag-matrizes-de-bordado","14":"first","15":"instock","16":"downloadable","17":"virtual","18":"sold-individually","19":"purchasable","20":"product-type-simple"},"acf":[],"yoast_head":"<!-- This site is optimized with the Yoast SEO plugin v27.2 - https:\/\/yoast.com\/product\/yoast-seo-wordpress\/ -->\n<title>Matriz de bordado \u2013 Jardim - \ud835\udc1b\ud835\udc1a\ud835\udc33\ud835\udc1a\ud835\udc2b &amp; \ud835\udc1c\ud835\udc22\ud835\udc1a<\/title>\n<meta name=\"robots\" content=\"index, follow, max-snippet:-1, max-image-preview:large, max-video-preview:-1\" \/>\n<link rel=\"canonical\" href=\"https:\/\/shop.bazarcia.com\/en\/product\/matriz-de-bordado-jardim-2\/\" \/>\n<meta property=\"og:locale\" content=\"en_US\" \/>\n<meta property=\"og:type\" content=\"article\" \/>\n<meta property=\"og:title\" content=\"Matriz de bordado \u2013 Jardim - \ud835\udc1b\ud835\udc1a\ud835\udc33\ud835\udc1a\ud835\udc2b &amp; \ud835\udc1c\ud835\udc22\ud835\udc1a\" \/>\n<meta property=\"og:description\" content=\"Arquivos: DST, EXP, JEF, XXX, PES e HUS. Este \u00e9 um produto digital, o download ser\u00e1 liberado imediatamente ap\u00f3s a confirma\u00e7\u00e3o do pagamento.  Os arquivos est\u00e3o em uma pasta zipada(ZIP), ser\u00e1 necess\u00e1rio descompact\u00e1-la para acess\u00e1-los.  Disponibilizamos as matrizes nos seguintes formatos\" \/>\n<meta property=\"og:url\" content=\"https:\/\/shop.bazarcia.com\/en\/product\/matriz-de-bordado-jardim-2\/\" \/>\n<meta property=\"og:site_name\" content=\"\ud835\udc1b\ud835\udc1a\ud835\udc33\ud835\udc1a\ud835\udc2b &amp; \ud835\udc1c\ud835\udc22\ud835\udc1a\" \/>\n<meta property=\"article:publisher\" content=\"https:\/\/www.facebook.com\/shopbazarcia\" \/>\n<meta property=\"article:modified_time\" content=\"2024-08-26T08:01:28+00:00\" \/>\n<meta property=\"og:image\" content=\"https:\/\/shop.bazarcia.com\/wp-content\/uploads\/2023\/03\/matrizes-de-bordados-jardim-bdb.jpg\" \/>\n\t<meta property=\"og:image:width\" content=\"1084\" \/>\n\t<meta property=\"og:image:height\" content=\"1082\" \/>\n\t<meta property=\"og:image:type\" content=\"image\/jpeg\" \/>\n<meta name=\"twitter:card\" content=\"summary_large_image\" \/>\n<meta name=\"twitter:label1\" content=\"Est. reading time\" \/>\n\t<meta name=\"twitter:data1\" content=\"1 minute\" \/>\n<script type=\"application\/ld+json\" class=\"yoast-schema-graph\">{\"@context\":\"https:\/\/schema.org\",\"@graph\":[{\"@type\":\"WebPage\",\"@id\":\"https:\/\/shop.bazarcia.com\/produto\/matriz-de-bordado-jardim-2\/\",\"url\":\"https:\/\/shop.bazarcia.com\/produto\/matriz-de-bordado-jardim-2\/\",\"name\":\"Matriz de bordado \u2013 Jardim - \ud835\udc1b\ud835\udc1a\ud835\udc33\ud835\udc1a\ud835\udc2b &amp; \ud835\udc1c\ud835\udc22\ud835\udc1a\",\"isPartOf\":{\"@id\":\"https:\/\/shop.bazarcia.com\/#website\"},\"primaryImageOfPage\":{\"@id\":\"https:\/\/shop.bazarcia.com\/produto\/matriz-de-bordado-jardim-2\/#primaryimage\"},\"image\":{\"@id\":\"https:\/\/shop.bazarcia.com\/produto\/matriz-de-bordado-jardim-2\/#primaryimage\"},\"thumbnailUrl\":\"https:\/\/shop.bazarcia.com\/wp-content\/uploads\/2023\/03\/matrizes-de-bordados-jardim-bdb.jpg\",\"datePublished\":\"2023-03-09T01:00:08+00:00\",\"dateModified\":\"2024-08-26T08:01:28+00:00\",\"breadcrumb\":{\"@id\":\"https:\/\/shop.bazarcia.com\/produto\/matriz-de-bordado-jardim-2\/#breadcrumb\"},\"inLanguage\":\"en-US\",\"potentialAction\":[{\"@type\":\"ReadAction\",\"target\":[\"https:\/\/shop.bazarcia.com\/produto\/matriz-de-bordado-jardim-2\/\"]}]},{\"@type\":\"ImageObject\",\"inLanguage\":\"en-US\",\"@id\":\"https:\/\/shop.bazarcia.com\/produto\/matriz-de-bordado-jardim-2\/#primaryimage\",\"url\":\"https:\/\/shop.bazarcia.com\/wp-content\/uploads\/2023\/03\/matrizes-de-bordados-jardim-bdb.jpg\",\"contentUrl\":\"https:\/\/shop.bazarcia.com\/wp-content\/uploads\/2023\/03\/matrizes-de-bordados-jardim-bdb.jpg\",\"width\":1084,\"height\":1082,\"caption\":\"matrizes-de-bordados-jardim-bdb\"},{\"@type\":\"BreadcrumbList\",\"@id\":\"https:\/\/shop.bazarcia.com\/produto\/matriz-de-bordado-jardim-2\/#breadcrumb\",\"itemListElement\":[{\"@type\":\"ListItem\",\"position\":1,\"name\":\"In\u00edcio\",\"item\":\"https:\/\/shop.bazarcia.com\/\"},{\"@type\":\"ListItem\",\"position\":2,\"name\":\"Loja\",\"item\":\"https:\/\/shop.bazarcia.com\/loja\/\"},{\"@type\":\"ListItem\",\"position\":3,\"name\":\"Matriz de bordado \u2013 Jardim\"}]},{\"@type\":\"WebSite\",\"@id\":\"https:\/\/shop.bazarcia.com\/#website\",\"url\":\"https:\/\/shop.bazarcia.com\/\",\"name\":\"Bazar & Cia\",\"description\":\"criatividade ponto a ponto\",\"publisher\":{\"@id\":\"https:\/\/shop.bazarcia.com\/#organization\"},\"potentialAction\":[{\"@type\":\"SearchAction\",\"target\":{\"@type\":\"EntryPoint\",\"urlTemplate\":\"https:\/\/shop.bazarcia.com\/?s={search_term_string}\"},\"query-input\":{\"@type\":\"PropertyValueSpecification\",\"valueRequired\":true,\"valueName\":\"search_term_string\"}}],\"inLanguage\":\"en-US\"},{\"@type\":\"Organization\",\"@id\":\"https:\/\/shop.bazarcia.com\/#organization\",\"name\":\"Bazar & Cia\",\"url\":\"https:\/\/shop.bazarcia.com\/\",\"logo\":{\"@type\":\"ImageObject\",\"inLanguage\":\"en-US\",\"@id\":\"https:\/\/shop.bazarcia.com\/#\/schema\/logo\/image\/\",\"url\":\"https:\/\/shop.bazarcia.com\/wp-content\/uploads\/2024\/02\/cropped-logo_bazarcia.png\",\"contentUrl\":\"https:\/\/shop.bazarcia.com\/wp-content\/uploads\/2024\/02\/cropped-logo_bazarcia.png\",\"width\":150,\"height\":150,\"caption\":\"Bazar & Cia\"},\"image\":{\"@id\":\"https:\/\/shop.bazarcia.com\/#\/schema\/logo\/image\/\"},\"sameAs\":[\"https:\/\/www.facebook.com\/shopbazarcia\",\"https:\/\/www.instagram.com\/shopbazarcia\",\"https:\/\/br.pinterest.com\/suzane_eloise\/\",\"https:\/\/www.youtube.com\/c\/BazardoBordadoMatrizeseProjetos\"]}]}<\/script>\n<!-- \/ Yoast SEO plugin. -->","yoast_head_json":{"title":"Matriz de bordado \u2013 Jardim - \ud835\udc1b\ud835\udc1a\ud835\udc33\ud835\udc1a\ud835\udc2b &amp; \ud835\udc1c\ud835\udc22\ud835\udc1a","robots":{"index":"index","follow":"follow","max-snippet":"max-snippet:-1","max-image-preview":"max-image-preview:large","max-video-preview":"max-video-preview:-1"},"canonical":"https:\/\/shop.bazarcia.com\/en\/product\/matriz-de-bordado-jardim-2\/","og_locale":"en_US","og_type":"article","og_title":"Matriz de bordado \u2013 Jardim - \ud835\udc1b\ud835\udc1a\ud835\udc33\ud835\udc1a\ud835\udc2b &amp; \ud835\udc1c\ud835\udc22\ud835\udc1a","og_description":"Arquivos: DST, EXP, JEF, XXX, PES e HUS. Este \u00e9 um produto digital, o download ser\u00e1 liberado imediatamente ap\u00f3s a confirma\u00e7\u00e3o do pagamento.  Os arquivos est\u00e3o em uma pasta zipada(ZIP), ser\u00e1 necess\u00e1rio descompact\u00e1-la para acess\u00e1-los.  Disponibilizamos as matrizes nos seguintes formatos","og_url":"https:\/\/shop.bazarcia.com\/en\/product\/matriz-de-bordado-jardim-2\/","og_site_name":"\ud835\udc1b\ud835\udc1a\ud835\udc33\ud835\udc1a\ud835\udc2b &amp; \ud835\udc1c\ud835\udc22\ud835\udc1a","article_publisher":"https:\/\/www.facebook.com\/shopbazarcia","article_modified_time":"2024-08-26T08:01:28+00:00","og_image":[{"width":1084,"height":1082,"url":"https:\/\/shop.bazarcia.com\/wp-content\/uploads\/2023\/03\/matrizes-de-bordados-jardim-bdb.jpg","type":"image\/jpeg"}],"twitter_card":"summary_large_image","twitter_misc":{"Est. reading time":"1 minute"},"schema":{"@context":"https:\/\/schema.org","@graph":[{"@type":"WebPage","@id":"https:\/\/shop.bazarcia.com\/produto\/matriz-de-bordado-jardim-2\/","url":"https:\/\/shop.bazarcia.com\/produto\/matriz-de-bordado-jardim-2\/","name":"Matriz de bordado \u2013 Jardim - \ud835\udc1b\ud835\udc1a\ud835\udc33\ud835\udc1a\ud835\udc2b &amp; \ud835\udc1c\ud835\udc22\ud835\udc1a","isPartOf":{"@id":"https:\/\/shop.bazarcia.com\/#website"},"primaryImageOfPage":{"@id":"https:\/\/shop.bazarcia.com\/produto\/matriz-de-bordado-jardim-2\/#primaryimage"},"image":{"@id":"https:\/\/shop.bazarcia.com\/produto\/matriz-de-bordado-jardim-2\/#primaryimage"},"thumbnailUrl":"https:\/\/shop.bazarcia.com\/wp-content\/uploads\/2023\/03\/matrizes-de-bordados-jardim-bdb.jpg","datePublished":"2023-03-09T01:00:08+00:00","dateModified":"2024-08-26T08:01:28+00:00","breadcrumb":{"@id":"https:\/\/shop.bazarcia.com\/produto\/matriz-de-bordado-jardim-2\/#breadcrumb"},"inLanguage":"en-US","potentialAction":[{"@type":"ReadAction","target":["https:\/\/shop.bazarcia.com\/produto\/matriz-de-bordado-jardim-2\/"]}]},{"@type":"ImageObject","inLanguage":"en-US","@id":"https:\/\/shop.bazarcia.com\/produto\/matriz-de-bordado-jardim-2\/#primaryimage","url":"https:\/\/shop.bazarcia.com\/wp-content\/uploads\/2023\/03\/matrizes-de-bordados-jardim-bdb.jpg","contentUrl":"https:\/\/shop.bazarcia.com\/wp-content\/uploads\/2023\/03\/matrizes-de-bordados-jardim-bdb.jpg","width":1084,"height":1082,"caption":"matrizes-de-bordados-jardim-bdb"},{"@type":"BreadcrumbList","@id":"https:\/\/shop.bazarcia.com\/produto\/matriz-de-bordado-jardim-2\/#breadcrumb","itemListElement":[{"@type":"ListItem","position":1,"name":"In\u00edcio","item":"https:\/\/shop.bazarcia.com\/"},{"@type":"ListItem","position":2,"name":"Loja","item":"https:\/\/shop.bazarcia.com\/loja\/"},{"@type":"ListItem","position":3,"name":"Matriz de bordado \u2013 Jardim"}]},{"@type":"WebSite","@id":"https:\/\/shop.bazarcia.com\/#website","url":"https:\/\/shop.bazarcia.com\/","name":"Bazar & Cia","description":"criatividade ponto a ponto","publisher":{"@id":"https:\/\/shop.bazarcia.com\/#organization"},"potentialAction":[{"@type":"SearchAction","target":{"@type":"EntryPoint","urlTemplate":"https:\/\/shop.bazarcia.com\/?s={search_term_string}"},"query-input":{"@type":"PropertyValueSpecification","valueRequired":true,"valueName":"search_term_string"}}],"inLanguage":"en-US"},{"@type":"Organization","@id":"https:\/\/shop.bazarcia.com\/#organization","name":"Bazar & Cia","url":"https:\/\/shop.bazarcia.com\/","logo":{"@type":"ImageObject","inLanguage":"en-US","@id":"https:\/\/shop.bazarcia.com\/#\/schema\/logo\/image\/","url":"https:\/\/shop.bazarcia.com\/wp-content\/uploads\/2024\/02\/cropped-logo_bazarcia.png","contentUrl":"https:\/\/shop.bazarcia.com\/wp-content\/uploads\/2024\/02\/cropped-logo_bazarcia.png","width":150,"height":150,"caption":"Bazar & Cia"},"image":{"@id":"https:\/\/shop.bazarcia.com\/#\/schema\/logo\/image\/"},"sameAs":["https:\/\/www.facebook.com\/shopbazarcia","https:\/\/www.instagram.com\/shopbazarcia","https:\/\/br.pinterest.com\/suzane_eloise\/","https:\/\/www.youtube.com\/c\/BazardoBordadoMatrizeseProjetos"]}]}},"_links":{"self":[{"href":"https:\/\/shop.bazarcia.com\/en\/wp-json\/wp\/v2\/product\/215353","targetHints":{"allow":["GET"]}}],"collection":[{"href":"https:\/\/shop.bazarcia.com\/en\/wp-json\/wp\/v2\/product"}],"about":[{"href":"https:\/\/shop.bazarcia.com\/en\/wp-json\/wp\/v2\/types\/product"}],"replies":[{"embeddable":true,"href":"https:\/\/shop.bazarcia.com\/en\/wp-json\/wp\/v2\/comments?post=215353"}],"version-history":[{"count":0,"href":"https:\/\/shop.bazarcia.com\/en\/wp-json\/wp\/v2\/product\/215353\/revisions"}],"wp:featuredmedia":[{"embeddable":true,"href":"https:\/\/shop.bazarcia.com\/en\/wp-json\/wp\/v2\/media\/215346"}],"wp:attachment":[{"href":"https:\/\/shop.bazarcia.com\/en\/wp-json\/wp\/v2\/media?parent=215353"}],"wp:term":[{"taxonomy":"product_brand","embeddable":true,"href":"https:\/\/shop.bazarcia.com\/en\/wp-json\/wp\/v2\/product_brand?post=215353"},{"taxonomy":"product_cat","embeddable":true,"href":"https:\/\/shop.bazarcia.com\/en\/wp-json\/wp\/v2\/product_cat?post=215353"},{"taxonomy":"product_tag","embeddable":true,"href":"https:\/\/shop.bazarcia.com\/en\/wp-json\/wp\/v2\/product_tag?post=215353"}],"curies":[{"name":"wp","href":"https:\/\/api.w.org\/{rel}","templated":true}]}}