{"id":217995,"date":"2023-03-19T21:22:01","date_gmt":"2023-03-20T00:22:01","guid":{"rendered":"https:\/\/shop.bazarcia.com\/produto\/arte-digital-camisa-e-caneca-jesus-minha-verdadeira-pascoa\/"},"modified":"2024-05-03T21:36:00","modified_gmt":"2024-05-04T00:36:00","slug":"arte-digital-camisa-e-caneca-jesus-minha-verdadeira-pascoa","status":"publish","type":"product","link":"https:\/\/shop.bazarcia.com\/en\/product\/arte-digital-camisa-e-caneca-jesus-minha-verdadeira-pascoa\/","title":{"rendered":"Arte Digital Camisa e Caneca Jesus Minha Verdadeira P\u00e1scoa"},"content":{"rendered":"","protected":false},"excerpt":{"rendered":"<p>&#8212;Arte digital pronta para personaliza\u00e7\u00e3o de canecas e camiseta.&#8212;<br \/>\nProduto digital.<br \/>\nArquivo em alta resolu\u00e7\u00e3o, nos formatos PDF Vetorizado, JPEG e PNG.<br \/>\nTamanho da arte da camisa: 42 x 29 cm (Tamanho folha A3). Para sublima\u00e7\u00e3o e serigrafia.<br \/>\nTamanho da arte da caneca: 21 x 9,5cm<br \/>\nAltera\u00e7\u00f5es na tonalidade das cores poder\u00e3o ocorrer por varia\u00e7\u00e3o de calibragem de monitores e impressoras .<br \/>\nEntrega via e-mail ap\u00f3s a confirma\u00e7\u00e3o do pagamento, em at\u00e9 48 horas.<br \/>\n&#8212;A IMAGEM \u00c9 MERAMENTE ILUSTRATIVA, N\u00c3O H\u00c1 PRODUTO F\u00cdSICO&#8212;-<\/p>","protected":false},"featured_media":217997,"comment_status":"open","ping_status":"closed","template":"","meta":{"_acf_changed":false,"_joinchat":[]},"product_brand":[],"product_cat":[1656,84,165,308],"product_tag":[1260],"class_list":{"0":"post-217995","1":"product","2":"type-product","3":"status-publish","4":"has-post-thumbnail","6":"product_cat-kits-digitais","7":"product_cat-matrizes-de-bordado","8":"product_cat-matriz-de-bordado-pascoa","9":"product_cat-matrizes-ponto-cruz","10":"product_tag-costura","12":"first","13":"instock","14":"sale","15":"downloadable","16":"virtual","17":"purchasable","18":"product-type-simple"},"acf":[],"yoast_head":"<!-- This site is optimized with the Yoast SEO plugin v27.2 - https:\/\/yoast.com\/product\/yoast-seo-wordpress\/ -->\n<title>Arte Digital Camisa e Caneca Jesus Minha Verdadeira P\u00e1scoa - \ud835\udc1b\ud835\udc1a\ud835\udc33\ud835\udc1a\ud835\udc2b &amp; \ud835\udc1c\ud835\udc22\ud835\udc1a<\/title>\n<meta name=\"robots\" content=\"index, follow, max-snippet:-1, max-image-preview:large, max-video-preview:-1\" \/>\n<link rel=\"canonical\" href=\"https:\/\/shop.bazarcia.com\/en\/product\/arte-digital-camisa-e-caneca-jesus-minha-verdadeira-pascoa\/\" \/>\n<meta property=\"og:locale\" content=\"en_US\" \/>\n<meta property=\"og:type\" content=\"article\" \/>\n<meta property=\"og:title\" content=\"Arte Digital Camisa e Caneca Jesus Minha Verdadeira P\u00e1scoa - \ud835\udc1b\ud835\udc1a\ud835\udc33\ud835\udc1a\ud835\udc2b &amp; \ud835\udc1c\ud835\udc22\ud835\udc1a\" \/>\n<meta property=\"og:description\" content=\"---Arte digital pronta para personaliza\u00e7\u00e3o de canecas e camiseta.--- Produto digital. Arquivo em alta resolu\u00e7\u00e3o, nos formatos PDF Vetorizado, JPEG e PNG. Tamanho da arte da camisa: 42 x 29 cm (Tamanho folha A3). Para sublima\u00e7\u00e3o e serigrafia. Tamanho da arte da caneca: 21 x 9,5cm Altera\u00e7\u00f5es na tonalidade das cores poder\u00e3o ocorrer por varia\u00e7\u00e3o de calibragem de monitores e impressoras . Entrega via e-mail ap\u00f3s a confirma\u00e7\u00e3o do pagamento, em at\u00e9 48 horas. ---A IMAGEM \u00c9 MERAMENTE ILUSTRATIVA, N\u00c3O H\u00c1 PRODUTO F\u00cdSICO----\" \/>\n<meta property=\"og:url\" content=\"https:\/\/shop.bazarcia.com\/en\/product\/arte-digital-camisa-e-caneca-jesus-minha-verdadeira-pascoa\/\" \/>\n<meta property=\"og:site_name\" content=\"\ud835\udc1b\ud835\udc1a\ud835\udc33\ud835\udc1a\ud835\udc2b &amp; \ud835\udc1c\ud835\udc22\ud835\udc1a\" \/>\n<meta property=\"article:publisher\" content=\"https:\/\/www.facebook.com\/shopbazarcia\" \/>\n<meta property=\"article:modified_time\" content=\"2024-05-04T00:36:00+00:00\" \/>\n<meta property=\"og:image\" content=\"https:\/\/shop.bazarcia.com\/wp-content\/uploads\/2023\/03\/Ativo-2@2x-100.jpg\" \/>\n\t<meta property=\"og:image:width\" content=\"1589\" \/>\n\t<meta property=\"og:image:height\" content=\"1588\" \/>\n\t<meta property=\"og:image:type\" content=\"image\/jpeg\" \/>\n<meta name=\"twitter:card\" content=\"summary_large_image\" \/>\n<script type=\"application\/ld+json\" class=\"yoast-schema-graph\">{\"@context\":\"https:\/\/schema.org\",\"@graph\":[{\"@type\":\"WebPage\",\"@id\":\"https:\/\/shop.bazarcia.com\/produto\/arte-digital-camisa-e-caneca-jesus-minha-verdadeira-pascoa\/\",\"url\":\"https:\/\/shop.bazarcia.com\/produto\/arte-digital-camisa-e-caneca-jesus-minha-verdadeira-pascoa\/\",\"name\":\"Arte Digital Camisa e Caneca Jesus Minha Verdadeira P\u00e1scoa - \ud835\udc1b\ud835\udc1a\ud835\udc33\ud835\udc1a\ud835\udc2b &amp; \ud835\udc1c\ud835\udc22\ud835\udc1a\",\"isPartOf\":{\"@id\":\"https:\/\/shop.bazarcia.com\/#website\"},\"primaryImageOfPage\":{\"@id\":\"https:\/\/shop.bazarcia.com\/produto\/arte-digital-camisa-e-caneca-jesus-minha-verdadeira-pascoa\/#primaryimage\"},\"image\":{\"@id\":\"https:\/\/shop.bazarcia.com\/produto\/arte-digital-camisa-e-caneca-jesus-minha-verdadeira-pascoa\/#primaryimage\"},\"thumbnailUrl\":\"https:\/\/shop.bazarcia.com\/wp-content\/uploads\/2023\/03\/Ativo-2@2x-100.jpg\",\"datePublished\":\"2023-03-20T00:22:01+00:00\",\"dateModified\":\"2024-05-04T00:36:00+00:00\",\"breadcrumb\":{\"@id\":\"https:\/\/shop.bazarcia.com\/produto\/arte-digital-camisa-e-caneca-jesus-minha-verdadeira-pascoa\/#breadcrumb\"},\"inLanguage\":\"en-US\",\"potentialAction\":[{\"@type\":\"ReadAction\",\"target\":[\"https:\/\/shop.bazarcia.com\/produto\/arte-digital-camisa-e-caneca-jesus-minha-verdadeira-pascoa\/\"]}]},{\"@type\":\"ImageObject\",\"inLanguage\":\"en-US\",\"@id\":\"https:\/\/shop.bazarcia.com\/produto\/arte-digital-camisa-e-caneca-jesus-minha-verdadeira-pascoa\/#primaryimage\",\"url\":\"https:\/\/shop.bazarcia.com\/wp-content\/uploads\/2023\/03\/Ativo-2@2x-100.jpg\",\"contentUrl\":\"https:\/\/shop.bazarcia.com\/wp-content\/uploads\/2023\/03\/Ativo-2@2x-100.jpg\",\"width\":1589,\"height\":1588},{\"@type\":\"BreadcrumbList\",\"@id\":\"https:\/\/shop.bazarcia.com\/produto\/arte-digital-camisa-e-caneca-jesus-minha-verdadeira-pascoa\/#breadcrumb\",\"itemListElement\":[{\"@type\":\"ListItem\",\"position\":1,\"name\":\"In\u00edcio\",\"item\":\"https:\/\/shop.bazarcia.com\/\"},{\"@type\":\"ListItem\",\"position\":2,\"name\":\"Loja\",\"item\":\"https:\/\/shop.bazarcia.com\/loja\/\"},{\"@type\":\"ListItem\",\"position\":3,\"name\":\"Arte Digital Camisa e Caneca Jesus Minha Verdadeira P\u00e1scoa\"}]},{\"@type\":\"WebSite\",\"@id\":\"https:\/\/shop.bazarcia.com\/#website\",\"url\":\"https:\/\/shop.bazarcia.com\/\",\"name\":\"Bazar & Cia\",\"description\":\"criatividade ponto a ponto\",\"publisher\":{\"@id\":\"https:\/\/shop.bazarcia.com\/#organization\"},\"potentialAction\":[{\"@type\":\"SearchAction\",\"target\":{\"@type\":\"EntryPoint\",\"urlTemplate\":\"https:\/\/shop.bazarcia.com\/?s={search_term_string}\"},\"query-input\":{\"@type\":\"PropertyValueSpecification\",\"valueRequired\":true,\"valueName\":\"search_term_string\"}}],\"inLanguage\":\"en-US\"},{\"@type\":\"Organization\",\"@id\":\"https:\/\/shop.bazarcia.com\/#organization\",\"name\":\"Bazar & Cia\",\"url\":\"https:\/\/shop.bazarcia.com\/\",\"logo\":{\"@type\":\"ImageObject\",\"inLanguage\":\"en-US\",\"@id\":\"https:\/\/shop.bazarcia.com\/#\/schema\/logo\/image\/\",\"url\":\"https:\/\/shop.bazarcia.com\/wp-content\/uploads\/2024\/02\/cropped-logo_bazarcia.png\",\"contentUrl\":\"https:\/\/shop.bazarcia.com\/wp-content\/uploads\/2024\/02\/cropped-logo_bazarcia.png\",\"width\":150,\"height\":150,\"caption\":\"Bazar & Cia\"},\"image\":{\"@id\":\"https:\/\/shop.bazarcia.com\/#\/schema\/logo\/image\/\"},\"sameAs\":[\"https:\/\/www.facebook.com\/shopbazarcia\",\"https:\/\/www.instagram.com\/shopbazarcia\",\"https:\/\/br.pinterest.com\/suzane_eloise\/\",\"https:\/\/www.youtube.com\/c\/BazardoBordadoMatrizeseProjetos\"]}]}<\/script>\n<!-- \/ Yoast SEO plugin. -->","yoast_head_json":{"title":"Arte Digital Camisa e Caneca Jesus Minha Verdadeira P\u00e1scoa - \ud835\udc1b\ud835\udc1a\ud835\udc33\ud835\udc1a\ud835\udc2b &amp; \ud835\udc1c\ud835\udc22\ud835\udc1a","robots":{"index":"index","follow":"follow","max-snippet":"max-snippet:-1","max-image-preview":"max-image-preview:large","max-video-preview":"max-video-preview:-1"},"canonical":"https:\/\/shop.bazarcia.com\/en\/product\/arte-digital-camisa-e-caneca-jesus-minha-verdadeira-pascoa\/","og_locale":"en_US","og_type":"article","og_title":"Arte Digital Camisa e Caneca Jesus Minha Verdadeira P\u00e1scoa - \ud835\udc1b\ud835\udc1a\ud835\udc33\ud835\udc1a\ud835\udc2b &amp; \ud835\udc1c\ud835\udc22\ud835\udc1a","og_description":"---Arte digital pronta para personaliza\u00e7\u00e3o de canecas e camiseta.--- Produto digital. Arquivo em alta resolu\u00e7\u00e3o, nos formatos PDF Vetorizado, JPEG e PNG. Tamanho da arte da camisa: 42 x 29 cm (Tamanho folha A3). Para sublima\u00e7\u00e3o e serigrafia. Tamanho da arte da caneca: 21 x 9,5cm Altera\u00e7\u00f5es na tonalidade das cores poder\u00e3o ocorrer por varia\u00e7\u00e3o de calibragem de monitores e impressoras . Entrega via e-mail ap\u00f3s a confirma\u00e7\u00e3o do pagamento, em at\u00e9 48 horas. ---A IMAGEM \u00c9 MERAMENTE ILUSTRATIVA, N\u00c3O H\u00c1 PRODUTO F\u00cdSICO----","og_url":"https:\/\/shop.bazarcia.com\/en\/product\/arte-digital-camisa-e-caneca-jesus-minha-verdadeira-pascoa\/","og_site_name":"\ud835\udc1b\ud835\udc1a\ud835\udc33\ud835\udc1a\ud835\udc2b &amp; \ud835\udc1c\ud835\udc22\ud835\udc1a","article_publisher":"https:\/\/www.facebook.com\/shopbazarcia","article_modified_time":"2024-05-04T00:36:00+00:00","og_image":[{"width":1589,"height":1588,"url":"https:\/\/shop.bazarcia.com\/wp-content\/uploads\/2023\/03\/Ativo-2@2x-100.jpg","type":"image\/jpeg"}],"twitter_card":"summary_large_image","schema":{"@context":"https:\/\/schema.org","@graph":[{"@type":"WebPage","@id":"https:\/\/shop.bazarcia.com\/produto\/arte-digital-camisa-e-caneca-jesus-minha-verdadeira-pascoa\/","url":"https:\/\/shop.bazarcia.com\/produto\/arte-digital-camisa-e-caneca-jesus-minha-verdadeira-pascoa\/","name":"Arte Digital Camisa e Caneca Jesus Minha Verdadeira P\u00e1scoa - \ud835\udc1b\ud835\udc1a\ud835\udc33\ud835\udc1a\ud835\udc2b &amp; \ud835\udc1c\ud835\udc22\ud835\udc1a","isPartOf":{"@id":"https:\/\/shop.bazarcia.com\/#website"},"primaryImageOfPage":{"@id":"https:\/\/shop.bazarcia.com\/produto\/arte-digital-camisa-e-caneca-jesus-minha-verdadeira-pascoa\/#primaryimage"},"image":{"@id":"https:\/\/shop.bazarcia.com\/produto\/arte-digital-camisa-e-caneca-jesus-minha-verdadeira-pascoa\/#primaryimage"},"thumbnailUrl":"https:\/\/shop.bazarcia.com\/wp-content\/uploads\/2023\/03\/Ativo-2@2x-100.jpg","datePublished":"2023-03-20T00:22:01+00:00","dateModified":"2024-05-04T00:36:00+00:00","breadcrumb":{"@id":"https:\/\/shop.bazarcia.com\/produto\/arte-digital-camisa-e-caneca-jesus-minha-verdadeira-pascoa\/#breadcrumb"},"inLanguage":"en-US","potentialAction":[{"@type":"ReadAction","target":["https:\/\/shop.bazarcia.com\/produto\/arte-digital-camisa-e-caneca-jesus-minha-verdadeira-pascoa\/"]}]},{"@type":"ImageObject","inLanguage":"en-US","@id":"https:\/\/shop.bazarcia.com\/produto\/arte-digital-camisa-e-caneca-jesus-minha-verdadeira-pascoa\/#primaryimage","url":"https:\/\/shop.bazarcia.com\/wp-content\/uploads\/2023\/03\/Ativo-2@2x-100.jpg","contentUrl":"https:\/\/shop.bazarcia.com\/wp-content\/uploads\/2023\/03\/Ativo-2@2x-100.jpg","width":1589,"height":1588},{"@type":"BreadcrumbList","@id":"https:\/\/shop.bazarcia.com\/produto\/arte-digital-camisa-e-caneca-jesus-minha-verdadeira-pascoa\/#breadcrumb","itemListElement":[{"@type":"ListItem","position":1,"name":"In\u00edcio","item":"https:\/\/shop.bazarcia.com\/"},{"@type":"ListItem","position":2,"name":"Loja","item":"https:\/\/shop.bazarcia.com\/loja\/"},{"@type":"ListItem","position":3,"name":"Arte Digital Camisa e Caneca Jesus Minha Verdadeira P\u00e1scoa"}]},{"@type":"WebSite","@id":"https:\/\/shop.bazarcia.com\/#website","url":"https:\/\/shop.bazarcia.com\/","name":"Bazar & Cia","description":"criatividade ponto a ponto","publisher":{"@id":"https:\/\/shop.bazarcia.com\/#organization"},"potentialAction":[{"@type":"SearchAction","target":{"@type":"EntryPoint","urlTemplate":"https:\/\/shop.bazarcia.com\/?s={search_term_string}"},"query-input":{"@type":"PropertyValueSpecification","valueRequired":true,"valueName":"search_term_string"}}],"inLanguage":"en-US"},{"@type":"Organization","@id":"https:\/\/shop.bazarcia.com\/#organization","name":"Bazar & Cia","url":"https:\/\/shop.bazarcia.com\/","logo":{"@type":"ImageObject","inLanguage":"en-US","@id":"https:\/\/shop.bazarcia.com\/#\/schema\/logo\/image\/","url":"https:\/\/shop.bazarcia.com\/wp-content\/uploads\/2024\/02\/cropped-logo_bazarcia.png","contentUrl":"https:\/\/shop.bazarcia.com\/wp-content\/uploads\/2024\/02\/cropped-logo_bazarcia.png","width":150,"height":150,"caption":"Bazar & Cia"},"image":{"@id":"https:\/\/shop.bazarcia.com\/#\/schema\/logo\/image\/"},"sameAs":["https:\/\/www.facebook.com\/shopbazarcia","https:\/\/www.instagram.com\/shopbazarcia","https:\/\/br.pinterest.com\/suzane_eloise\/","https:\/\/www.youtube.com\/c\/BazardoBordadoMatrizeseProjetos"]}]}},"_links":{"self":[{"href":"https:\/\/shop.bazarcia.com\/en\/wp-json\/wp\/v2\/product\/217995","targetHints":{"allow":["GET"]}}],"collection":[{"href":"https:\/\/shop.bazarcia.com\/en\/wp-json\/wp\/v2\/product"}],"about":[{"href":"https:\/\/shop.bazarcia.com\/en\/wp-json\/wp\/v2\/types\/product"}],"replies":[{"embeddable":true,"href":"https:\/\/shop.bazarcia.com\/en\/wp-json\/wp\/v2\/comments?post=217995"}],"version-history":[{"count":0,"href":"https:\/\/shop.bazarcia.com\/en\/wp-json\/wp\/v2\/product\/217995\/revisions"}],"wp:featuredmedia":[{"embeddable":true,"href":"https:\/\/shop.bazarcia.com\/en\/wp-json\/wp\/v2\/media\/217997"}],"wp:attachment":[{"href":"https:\/\/shop.bazarcia.com\/en\/wp-json\/wp\/v2\/media?parent=217995"}],"wp:term":[{"taxonomy":"product_brand","embeddable":true,"href":"https:\/\/shop.bazarcia.com\/en\/wp-json\/wp\/v2\/product_brand?post=217995"},{"taxonomy":"product_cat","embeddable":true,"href":"https:\/\/shop.bazarcia.com\/en\/wp-json\/wp\/v2\/product_cat?post=217995"},{"taxonomy":"product_tag","embeddable":true,"href":"https:\/\/shop.bazarcia.com\/en\/wp-json\/wp\/v2\/product_tag?post=217995"}],"curies":[{"name":"wp","href":"https:\/\/api.w.org\/{rel}","templated":true}]}}