{"id":21878,"date":"2020-04-14T08:43:16","date_gmt":"2020-04-14T11:43:16","guid":{"rendered":"https:\/\/shop.bazarcia.com\/produto\/16-matrizes-de-bordado-colecao-anjinhos-rippled-bm\/"},"modified":"2025-03-10T10:07:47","modified_gmt":"2025-03-10T13:07:47","slug":"16-matrizes-de-bordado-colecao-anjinhos-rippled-bm","status":"publish","type":"product","link":"https:\/\/shop.bazarcia.com\/en\/product\/16-matrizes-de-bordado-colecao-anjinhos-rippled-bm\/","title":{"rendered":"Matriz de Bordado &#8211; Cole\u00e7\u00e3o Anjinhos Rippled &#8211; BM"},"content":{"rendered":"<p>Ao efetuar o download da Cole\u00e7\u00e3o de Matrizes de Bordado Anjinhos Rippled da Baixe Matrizes, voc\u00ea receber\u00e1 um arquivo em .zip que cont\u00e9m as matrizes nos formatos .PES e .JEF<\/p>\n<p>&nbsp;<\/p>\n<p>Informa\u00e7\u00f5es das Matrizes desta Cole\u00e7\u00e3o!<\/p>\n<p>Anjinha com Cora\u00e7\u00f5es (6,00 x 10,00cm &#8211; 6.191pts &#8211; 05 linhas)<\/p>\n<p>Anjinha com Flor (6,00 x 10,00cm &#8211; 5.720pts &#8211; 05 linhas)<\/p>\n<p>Anjinha 01 (8,00 x 10,00cm &#8211; 5.903pts &#8211; 04 linhas)<\/p>\n<p>Anjinho 01 (7,00 x 10,00cm &#8211; 4.787pts &#8211; 04 linhas)<\/p>\n<p>Anjinho na Nuvem (7,00 x 10,00cm &#8211; 5.716pts &#8211; 05 linhas)<\/p>\n<p>Anjinha com Passarinho (7,00 x 10,00cm &#8211; 6.944pts &#8211; 06 linhas)<\/p>\n<p>Anjinha na Nuvem com Cora\u00e7\u00e3o (9,00 x 8,00cm &#8211; 6.159pts &#8211; 05 linhas)<\/p>\n<p>Anjinha 02 (7,00 x 10,00cm &#8211; 5.432pts &#8211; 03 linhas)<\/p>\n<p>Anjinho 02 (7,00 x 9,00cm &#8211; 5.155pts &#8211; 03 linhas)<\/p>\n<p>Anjinho Dormindo (10,00 x 8,00cm &#8211; 6.367pts &#8211; 04 linhas)<\/p>\n<p>Anjinha na Nuvem (10,00 x 8,00cm &#8211; 5.504pts &#8211; 03 linhas)<\/p>\n<p>Anjinho 03 (8,00 x 7,00cm &#8211; 4.176pts &#8211; 02 linhas)<\/p>\n<p>Anjinho Dormindo na Nuvem (9,00 x 7,00cm &#8211; 5.476pts &#8211; 05 linhas)<\/p>\n<p>Anjinhas (18,00 x 11,00cm &#8211; 12.796pts &#8211; 06 linhas)<\/p>\n<p>Anjinha na Nuvem (8,00 x 10,00cm &#8211; 5.700pts &#8211; 04 linhas)<\/p>\n<p>Anjinha com Estrelas (7,00 x 10,00cm &#8211; 5.812pts &#8211; 05 linhas)<\/p>","protected":false},"excerpt":{"rendered":"<p>Cole\u00e7\u00e3o com 16 Matrizes de Bordado Anjinhos Rippled | Baixe Matrizes<\/p>\n<p>Anjinha com Cora\u00e7\u00e3o, Anjinha com Flor, Anjinha 01, Anjinho 01, Anjinho na Nuvem, Anjinha com Passarinho, Anjinha na nuvem com Cora\u00e7\u00e3o, Anjinha 02, Anjinho 02, Anjinho Dormindo, Anjinha na Nuvem, Anjinho 03, Anjinho Dormindo na Nuvem, Anjinhas, Anjinha na Nuvem, Anjinha com Estrelas.<\/p>\n<p>Nossas matrizes de bordado est\u00e3o dispon\u00edveis nos formatos .PES e .JEF<\/p>","protected":false},"featured_media":21876,"comment_status":"open","ping_status":"closed","template":"","meta":{"_acf_changed":false,"_joinchat":[]},"product_brand":[],"product_cat":[84,1066,312,306,311,366],"product_tag":[],"class_list":{"0":"post-21878","1":"product","2":"type-product","3":"status-publish","4":"has-post-thumbnail","6":"product_cat-matrizes-de-bordado","7":"product_cat-colecoes-matrizes-de-bordado","8":"product_cat-matrizes-pontos-leves","9":"product_cat-pacotinhos-de-matrizes","10":"product_cat-religiosos","11":"product_cat-anjinhos","13":"first","14":"instock","15":"downloadable","16":"virtual","17":"sold-individually","18":"purchasable","19":"product-type-simple"},"acf":[],"yoast_head":"<!-- This site is optimized with the Yoast SEO plugin v27.2 - https:\/\/yoast.com\/product\/yoast-seo-wordpress\/ -->\n<title>Matriz de Bordado - Cole\u00e7\u00e3o Anjinhos Rippled - BM - \ud835\udc1b\ud835\udc1a\ud835\udc33\ud835\udc1a\ud835\udc2b &amp; \ud835\udc1c\ud835\udc22\ud835\udc1a<\/title>\n<meta name=\"description\" content=\"Please provide a meta description by editing the snippet below. If you don\u2019t, Google will try to find a relevant part of your post to show in the search results.\" \/>\n<meta name=\"robots\" content=\"index, follow, max-snippet:-1, max-image-preview:large, max-video-preview:-1\" \/>\n<link rel=\"canonical\" href=\"https:\/\/shop.bazarcia.com\/en\/product\/16-matrizes-de-bordado-colecao-anjinhos-rippled-bm\/\" \/>\n<meta property=\"og:locale\" content=\"en_US\" \/>\n<meta property=\"og:type\" content=\"article\" \/>\n<meta property=\"og:title\" content=\"Matriz de Bordado - Cole\u00e7\u00e3o Anjinhos Rippled - BM - \ud835\udc1b\ud835\udc1a\ud835\udc33\ud835\udc1a\ud835\udc2b &amp; \ud835\udc1c\ud835\udc22\ud835\udc1a\" \/>\n<meta property=\"og:description\" content=\"Please provide a meta description by editing the snippet below. If you don\u2019t, Google will try to find a relevant part of your post to show in the search results.\" \/>\n<meta property=\"og:url\" content=\"https:\/\/shop.bazarcia.com\/en\/product\/16-matrizes-de-bordado-colecao-anjinhos-rippled-bm\/\" \/>\n<meta property=\"og:site_name\" content=\"\ud835\udc1b\ud835\udc1a\ud835\udc33\ud835\udc1a\ud835\udc2b &amp; \ud835\udc1c\ud835\udc22\ud835\udc1a\" \/>\n<meta property=\"article:publisher\" content=\"https:\/\/www.facebook.com\/shopbazarcia\" \/>\n<meta property=\"article:modified_time\" content=\"2025-03-10T13:07:47+00:00\" \/>\n<meta property=\"og:image\" content=\"https:\/\/shop.bazarcia.com\/wp-content\/uploads\/2020\/04\/16-matrizes-de-bordados-colecao-anjinhos-rippled-BM-01.jpg\" \/>\n\t<meta property=\"og:image:width\" content=\"1080\" \/>\n\t<meta property=\"og:image:height\" content=\"1080\" \/>\n\t<meta property=\"og:image:type\" content=\"image\/jpeg\" \/>\n<meta name=\"twitter:card\" content=\"summary_large_image\" \/>\n<meta name=\"twitter:label1\" content=\"Est. reading time\" \/>\n\t<meta name=\"twitter:data1\" content=\"1 minute\" \/>\n<script type=\"application\/ld+json\" class=\"yoast-schema-graph\">{\"@context\":\"https:\/\/schema.org\",\"@graph\":[{\"@type\":\"WebPage\",\"@id\":\"https:\/\/shop.bazarcia.com\/produto\/16-matrizes-de-bordado-colecao-anjinhos-rippled-bm\/\",\"url\":\"https:\/\/shop.bazarcia.com\/produto\/16-matrizes-de-bordado-colecao-anjinhos-rippled-bm\/\",\"name\":\"Matriz de Bordado - Cole\u00e7\u00e3o Anjinhos Rippled - BM - \ud835\udc1b\ud835\udc1a\ud835\udc33\ud835\udc1a\ud835\udc2b &amp; \ud835\udc1c\ud835\udc22\ud835\udc1a\",\"isPartOf\":{\"@id\":\"https:\/\/shop.bazarcia.com\/#website\"},\"primaryImageOfPage\":{\"@id\":\"https:\/\/shop.bazarcia.com\/produto\/16-matrizes-de-bordado-colecao-anjinhos-rippled-bm\/#primaryimage\"},\"image\":{\"@id\":\"https:\/\/shop.bazarcia.com\/produto\/16-matrizes-de-bordado-colecao-anjinhos-rippled-bm\/#primaryimage\"},\"thumbnailUrl\":\"https:\/\/shop.bazarcia.com\/wp-content\/uploads\/2020\/04\/16-matrizes-de-bordados-colecao-anjinhos-rippled-BM-01.jpg\",\"datePublished\":\"2020-04-14T11:43:16+00:00\",\"dateModified\":\"2025-03-10T13:07:47+00:00\",\"description\":\"Please provide a meta description by editing the snippet below. If you don\u2019t, Google will try to find a relevant part of your post to show in the search results.\",\"breadcrumb\":{\"@id\":\"https:\/\/shop.bazarcia.com\/produto\/16-matrizes-de-bordado-colecao-anjinhos-rippled-bm\/#breadcrumb\"},\"inLanguage\":\"en-US\",\"potentialAction\":[{\"@type\":\"ReadAction\",\"target\":[\"https:\/\/shop.bazarcia.com\/produto\/16-matrizes-de-bordado-colecao-anjinhos-rippled-bm\/\"]}]},{\"@type\":\"ImageObject\",\"inLanguage\":\"en-US\",\"@id\":\"https:\/\/shop.bazarcia.com\/produto\/16-matrizes-de-bordado-colecao-anjinhos-rippled-bm\/#primaryimage\",\"url\":\"https:\/\/shop.bazarcia.com\/wp-content\/uploads\/2020\/04\/16-matrizes-de-bordados-colecao-anjinhos-rippled-BM-01.jpg\",\"contentUrl\":\"https:\/\/shop.bazarcia.com\/wp-content\/uploads\/2020\/04\/16-matrizes-de-bordados-colecao-anjinhos-rippled-BM-01.jpg\",\"width\":1080,\"height\":1080},{\"@type\":\"BreadcrumbList\",\"@id\":\"https:\/\/shop.bazarcia.com\/produto\/16-matrizes-de-bordado-colecao-anjinhos-rippled-bm\/#breadcrumb\",\"itemListElement\":[{\"@type\":\"ListItem\",\"position\":1,\"name\":\"In\u00edcio\",\"item\":\"https:\/\/shop.bazarcia.com\/\"},{\"@type\":\"ListItem\",\"position\":2,\"name\":\"Loja\",\"item\":\"https:\/\/shop.bazarcia.com\/loja\/\"},{\"@type\":\"ListItem\",\"position\":3,\"name\":\"Matriz de Bordado &#8211; Cole\u00e7\u00e3o Anjinhos Rippled &#8211; BM\"}]},{\"@type\":\"WebSite\",\"@id\":\"https:\/\/shop.bazarcia.com\/#website\",\"url\":\"https:\/\/shop.bazarcia.com\/\",\"name\":\"Bazar & Cia\",\"description\":\"criatividade ponto a ponto\",\"publisher\":{\"@id\":\"https:\/\/shop.bazarcia.com\/#organization\"},\"potentialAction\":[{\"@type\":\"SearchAction\",\"target\":{\"@type\":\"EntryPoint\",\"urlTemplate\":\"https:\/\/shop.bazarcia.com\/?s={search_term_string}\"},\"query-input\":{\"@type\":\"PropertyValueSpecification\",\"valueRequired\":true,\"valueName\":\"search_term_string\"}}],\"inLanguage\":\"en-US\"},{\"@type\":\"Organization\",\"@id\":\"https:\/\/shop.bazarcia.com\/#organization\",\"name\":\"Bazar & Cia\",\"url\":\"https:\/\/shop.bazarcia.com\/\",\"logo\":{\"@type\":\"ImageObject\",\"inLanguage\":\"en-US\",\"@id\":\"https:\/\/shop.bazarcia.com\/#\/schema\/logo\/image\/\",\"url\":\"https:\/\/shop.bazarcia.com\/wp-content\/uploads\/2024\/02\/cropped-logo_bazarcia.png\",\"contentUrl\":\"https:\/\/shop.bazarcia.com\/wp-content\/uploads\/2024\/02\/cropped-logo_bazarcia.png\",\"width\":150,\"height\":150,\"caption\":\"Bazar & Cia\"},\"image\":{\"@id\":\"https:\/\/shop.bazarcia.com\/#\/schema\/logo\/image\/\"},\"sameAs\":[\"https:\/\/www.facebook.com\/shopbazarcia\",\"https:\/\/www.instagram.com\/shopbazarcia\",\"https:\/\/br.pinterest.com\/suzane_eloise\/\",\"https:\/\/www.youtube.com\/c\/BazardoBordadoMatrizeseProjetos\"]}]}<\/script>\n<!-- \/ Yoast SEO plugin. -->","yoast_head_json":{"title":"Matriz de Bordado - Cole\u00e7\u00e3o Anjinhos Rippled - BM - \ud835\udc1b\ud835\udc1a\ud835\udc33\ud835\udc1a\ud835\udc2b &amp; \ud835\udc1c\ud835\udc22\ud835\udc1a","description":"Please provide a meta description by editing the snippet below. If you don\u2019t, Google will try to find a relevant part of your post to show in the search results.","robots":{"index":"index","follow":"follow","max-snippet":"max-snippet:-1","max-image-preview":"max-image-preview:large","max-video-preview":"max-video-preview:-1"},"canonical":"https:\/\/shop.bazarcia.com\/en\/product\/16-matrizes-de-bordado-colecao-anjinhos-rippled-bm\/","og_locale":"en_US","og_type":"article","og_title":"Matriz de Bordado - Cole\u00e7\u00e3o Anjinhos Rippled - BM - \ud835\udc1b\ud835\udc1a\ud835\udc33\ud835\udc1a\ud835\udc2b &amp; \ud835\udc1c\ud835\udc22\ud835\udc1a","og_description":"Please provide a meta description by editing the snippet below. If you don\u2019t, Google will try to find a relevant part of your post to show in the search results.","og_url":"https:\/\/shop.bazarcia.com\/en\/product\/16-matrizes-de-bordado-colecao-anjinhos-rippled-bm\/","og_site_name":"\ud835\udc1b\ud835\udc1a\ud835\udc33\ud835\udc1a\ud835\udc2b &amp; \ud835\udc1c\ud835\udc22\ud835\udc1a","article_publisher":"https:\/\/www.facebook.com\/shopbazarcia","article_modified_time":"2025-03-10T13:07:47+00:00","og_image":[{"width":1080,"height":1080,"url":"https:\/\/shop.bazarcia.com\/wp-content\/uploads\/2020\/04\/16-matrizes-de-bordados-colecao-anjinhos-rippled-BM-01.jpg","type":"image\/jpeg"}],"twitter_card":"summary_large_image","twitter_misc":{"Est. reading time":"1 minute"},"schema":{"@context":"https:\/\/schema.org","@graph":[{"@type":"WebPage","@id":"https:\/\/shop.bazarcia.com\/produto\/16-matrizes-de-bordado-colecao-anjinhos-rippled-bm\/","url":"https:\/\/shop.bazarcia.com\/produto\/16-matrizes-de-bordado-colecao-anjinhos-rippled-bm\/","name":"Matriz de Bordado - Cole\u00e7\u00e3o Anjinhos Rippled - BM - \ud835\udc1b\ud835\udc1a\ud835\udc33\ud835\udc1a\ud835\udc2b &amp; \ud835\udc1c\ud835\udc22\ud835\udc1a","isPartOf":{"@id":"https:\/\/shop.bazarcia.com\/#website"},"primaryImageOfPage":{"@id":"https:\/\/shop.bazarcia.com\/produto\/16-matrizes-de-bordado-colecao-anjinhos-rippled-bm\/#primaryimage"},"image":{"@id":"https:\/\/shop.bazarcia.com\/produto\/16-matrizes-de-bordado-colecao-anjinhos-rippled-bm\/#primaryimage"},"thumbnailUrl":"https:\/\/shop.bazarcia.com\/wp-content\/uploads\/2020\/04\/16-matrizes-de-bordados-colecao-anjinhos-rippled-BM-01.jpg","datePublished":"2020-04-14T11:43:16+00:00","dateModified":"2025-03-10T13:07:47+00:00","description":"Please provide a meta description by editing the snippet below. If you don\u2019t, Google will try to find a relevant part of your post to show in the search results.","breadcrumb":{"@id":"https:\/\/shop.bazarcia.com\/produto\/16-matrizes-de-bordado-colecao-anjinhos-rippled-bm\/#breadcrumb"},"inLanguage":"en-US","potentialAction":[{"@type":"ReadAction","target":["https:\/\/shop.bazarcia.com\/produto\/16-matrizes-de-bordado-colecao-anjinhos-rippled-bm\/"]}]},{"@type":"ImageObject","inLanguage":"en-US","@id":"https:\/\/shop.bazarcia.com\/produto\/16-matrizes-de-bordado-colecao-anjinhos-rippled-bm\/#primaryimage","url":"https:\/\/shop.bazarcia.com\/wp-content\/uploads\/2020\/04\/16-matrizes-de-bordados-colecao-anjinhos-rippled-BM-01.jpg","contentUrl":"https:\/\/shop.bazarcia.com\/wp-content\/uploads\/2020\/04\/16-matrizes-de-bordados-colecao-anjinhos-rippled-BM-01.jpg","width":1080,"height":1080},{"@type":"BreadcrumbList","@id":"https:\/\/shop.bazarcia.com\/produto\/16-matrizes-de-bordado-colecao-anjinhos-rippled-bm\/#breadcrumb","itemListElement":[{"@type":"ListItem","position":1,"name":"In\u00edcio","item":"https:\/\/shop.bazarcia.com\/"},{"@type":"ListItem","position":2,"name":"Loja","item":"https:\/\/shop.bazarcia.com\/loja\/"},{"@type":"ListItem","position":3,"name":"Matriz de Bordado &#8211; Cole\u00e7\u00e3o Anjinhos Rippled &#8211; BM"}]},{"@type":"WebSite","@id":"https:\/\/shop.bazarcia.com\/#website","url":"https:\/\/shop.bazarcia.com\/","name":"Bazar & Cia","description":"criatividade ponto a ponto","publisher":{"@id":"https:\/\/shop.bazarcia.com\/#organization"},"potentialAction":[{"@type":"SearchAction","target":{"@type":"EntryPoint","urlTemplate":"https:\/\/shop.bazarcia.com\/?s={search_term_string}"},"query-input":{"@type":"PropertyValueSpecification","valueRequired":true,"valueName":"search_term_string"}}],"inLanguage":"en-US"},{"@type":"Organization","@id":"https:\/\/shop.bazarcia.com\/#organization","name":"Bazar & Cia","url":"https:\/\/shop.bazarcia.com\/","logo":{"@type":"ImageObject","inLanguage":"en-US","@id":"https:\/\/shop.bazarcia.com\/#\/schema\/logo\/image\/","url":"https:\/\/shop.bazarcia.com\/wp-content\/uploads\/2024\/02\/cropped-logo_bazarcia.png","contentUrl":"https:\/\/shop.bazarcia.com\/wp-content\/uploads\/2024\/02\/cropped-logo_bazarcia.png","width":150,"height":150,"caption":"Bazar & Cia"},"image":{"@id":"https:\/\/shop.bazarcia.com\/#\/schema\/logo\/image\/"},"sameAs":["https:\/\/www.facebook.com\/shopbazarcia","https:\/\/www.instagram.com\/shopbazarcia","https:\/\/br.pinterest.com\/suzane_eloise\/","https:\/\/www.youtube.com\/c\/BazardoBordadoMatrizeseProjetos"]}]}},"_links":{"self":[{"href":"https:\/\/shop.bazarcia.com\/en\/wp-json\/wp\/v2\/product\/21878","targetHints":{"allow":["GET"]}}],"collection":[{"href":"https:\/\/shop.bazarcia.com\/en\/wp-json\/wp\/v2\/product"}],"about":[{"href":"https:\/\/shop.bazarcia.com\/en\/wp-json\/wp\/v2\/types\/product"}],"replies":[{"embeddable":true,"href":"https:\/\/shop.bazarcia.com\/en\/wp-json\/wp\/v2\/comments?post=21878"}],"version-history":[{"count":1,"href":"https:\/\/shop.bazarcia.com\/en\/wp-json\/wp\/v2\/product\/21878\/revisions"}],"predecessor-version":[{"id":316774,"href":"https:\/\/shop.bazarcia.com\/en\/wp-json\/wp\/v2\/product\/21878\/revisions\/316774"}],"wp:featuredmedia":[{"embeddable":true,"href":"https:\/\/shop.bazarcia.com\/en\/wp-json\/wp\/v2\/media\/21876"}],"wp:attachment":[{"href":"https:\/\/shop.bazarcia.com\/en\/wp-json\/wp\/v2\/media?parent=21878"}],"wp:term":[{"taxonomy":"product_brand","embeddable":true,"href":"https:\/\/shop.bazarcia.com\/en\/wp-json\/wp\/v2\/product_brand?post=21878"},{"taxonomy":"product_cat","embeddable":true,"href":"https:\/\/shop.bazarcia.com\/en\/wp-json\/wp\/v2\/product_cat?post=21878"},{"taxonomy":"product_tag","embeddable":true,"href":"https:\/\/shop.bazarcia.com\/en\/wp-json\/wp\/v2\/product_tag?post=21878"}],"curies":[{"name":"wp","href":"https:\/\/api.w.org\/{rel}","templated":true}]}}