{"id":220249,"date":"2023-03-28T23:19:40","date_gmt":"2023-03-29T02:19:40","guid":{"rendered":"https:\/\/shop.bazarcia.com\/produto\/colecao-dia-das-maes\/"},"modified":"2023-03-28T23:32:15","modified_gmt":"2023-03-29T02:32:15","slug":"colecao-dia-das-maes","status":"publish","type":"product","link":"https:\/\/shop.bazarcia.com\/en\/product\/colecao-dia-das-maes\/","title":{"rendered":"COLE\u00c7\u00c3O DIA DAS M\u00c3ES"},"content":{"rendered":"<p class=\"MsoNormal\"><span style=\"font-size: 14.0pt;line-height: 115%;font-family: 'Arial','sans-serif';color: #333333;background: white\">\u2705\u00a0<\/span><span style=\"font-size: 14.0pt;line-height: 115%;font-family: 'Arial','sans-serif'\">Voc\u00ea receber\u00e1 uma cole\u00e7\u00e3o contendo 35 artes\u00a0<\/span><span style=\"font-family: Arial, 'sans-serif';font-size: 18.6667px\">conforme a imagem do anuncio.<\/span><\/p>\n<p class=\"MsoNormal\"><i><u><span style=\"font-size: 14.0pt;line-height: 115%;font-family: 'Arial','sans-serif';color: #333333;background: white\">\u26a0\ufe0f\u200b<\/span><\/u><\/i><i><u><span style=\"font-size: 14.0pt;line-height: 115%;font-family: 'Arial','sans-serif';background: white\">As libera\u00e7\u00f5es das artes ocorrem automaticamente ap\u00f3s a confirma\u00e7\u00e3o do pagamento, basta acessar a \u00e1rea de cliente aqui no site e ir \u00e0 aba de downloads.<\/span><\/u><\/i><\/p>\n<p class=\"MsoNormal\"><i><u><span style=\"font-size: 14.0pt;line-height: 115%;font-family: 'Arial','sans-serif';background: white\">\u00a0<\/span><\/u><\/i><\/p>\n<p class=\"MsoNormal\" style=\"line-height: normal;background: white;vertical-align: baseline\"><span style=\"font-size: 14.0pt;font-family: 'Arial','sans-serif';color: #333333;border: none windowtext 1.0pt;padding: 0cm\">\u2705\u00a0\u00a0Artes formatadas na cor CMYK e RGB;<\/span><\/p>\n<p class=\"MsoNormal\" style=\"line-height: normal;background: white;vertical-align: baseline\"><span style=\"font-size: 14.0pt;font-family: 'Arial','sans-serif';color: #333333;border: none windowtext 1.0pt;padding: 0cm\">\u2705\u00a0\u00a0Qualidade da Imagem: 300 dpi;<\/span><\/p>\n<p class=\"MsoNormal\" style=\"line-height: normal;background: white;vertical-align: baseline\"><span style=\"font-size: 14.0pt;font-family: 'Arial','sans-serif';color: #333333;border: none windowtext 1.0pt;padding: 0cm\">\u2705\u00a0\u00a0Imagens Vetorizadas no Corel;<\/span><\/p>\n<p class=\"MsoNormal\" style=\"line-height: normal;background: white;vertical-align: baseline\"><span style=\"font-size: 14.0pt;font-family: 'Arial','sans-serif';color: #333333;border: none windowtext 1.0pt;padding: 0cm\">\u2705\u00a0\u00a0Produto pode ser utilizado para\u00a0<strong>SUBLIMA\u00c7\u00c3O<\/strong>\u00a0e tamb\u00e9m para a cria\u00e7\u00e3o de\u00a0\u00a0<strong>MATRIZES PARA BORDADO<\/strong>;<\/span><\/p>\n<p class=\"MsoNormal\" style=\"line-height: normal;background: white;vertical-align: baseline\"><span style=\"font-size: 14.0pt;font-family: 'Arial','sans-serif';color: #333333;border: none windowtext 1.0pt;padding: 0cm\">\u2705\u00a0 As artes s\u00e3o enviadas nos seguintes formatos PNG e JPG, as mesmas s\u00e3o disponibilizadas em pasta compactada(ZIP), sendo necess\u00e1rio descompactar<\/span><\/p>\n<p class=\"MsoNormal\" style=\"line-height: normal;background: white;vertical-align: baseline\"><span style=\"font-size: 14.0pt;font-family: 'Arial','sans-serif';color: #777777;border: none windowtext 1.0pt;padding: 0cm\">\u00a0<\/span><\/p>\n<p class=\"MsoNormal\" style=\"line-height: normal;background: white;vertical-align: baseline\"><span style=\"font-size: 14.0pt;font-family: 'Arial','sans-serif';color: #333333;border: none windowtext 1.0pt;padding: 0cm;background: white\">\u2705<\/span><span style=\"font-size: 14.0pt;font-family: 'Arial','sans-serif';color: #777777;border: none windowtext 1.0pt;padding: 0cm\">\u00a0Este \u00e9 um produto digital.<\/span><\/p>\n<p class=\"MsoNormal\" style=\"line-height: normal;background: white;vertical-align: baseline\"><i><u><span style=\"font-size: 14.0pt;font-family: 'Arial','sans-serif';color: #333333;border: none windowtext 1.0pt;padding: 0cm;background: white\">\u200b\u200b<\/span><\/u><\/i><span style=\"font-size: 14.0pt;line-height: 115%;font-family: 'Arial','sans-serif'\">\u00a0<\/span><\/p>\n<p class=\"MsoNormal\"><i><u><span style=\"font-size: 14.0pt;line-height: 115%;font-family: 'Arial','sans-serif';color: #333333;background: white\">\u26a0\ufe0f<\/span><\/u><\/i><span style=\"font-size: 14.0pt;line-height: 115%;font-family: 'Arial','sans-serif'\">N\u00e3o enviamos materiais pelo correio, logo o FRETE \u00e9 ZERO.<\/span><\/p>\n<p class=\"MsoNormal\"><span style=\"font-size: 14.0pt;line-height: 115%;font-family: 'Arial','sans-serif'\">\u00a0<\/span><\/p>\n<p class=\"MsoNormal\"><i><u><span style=\"font-size: 14.0pt;line-height: 115%;font-family: 'Arial','sans-serif';color: #333333;background: white\">\u200b\u200b\u26a0\ufe0f<\/span><\/u><\/i><span style=\"font-size: 14.0pt;line-height: 115%;font-family: 'Arial','sans-serif'\">Voc\u00ea n\u00e3o receber\u00e1 nenhum produto f\u00edsico. Somente o arquivo digital em alta defini\u00e7\u00e3o<\/span><\/p>\n<p class=\"MsoNormal\"><span style=\"font-size: 14.0pt;line-height: 115%;font-family: 'Arial','sans-serif'\">\u00a0<\/span><\/p>\n<p class=\"MsoNormal\"><span style=\"font-size: 14.0pt;line-height: 115%;font-family: 'Arial','sans-serif';color: #333333;background: white\">\u2705<\/span><span style=\"font-size: 14.0pt;line-height: 115%;font-family: 'Arial','sans-serif'\">\u00a0 O anuncio se refere a UMA ARTE DA ESTAMPA ANUNCIADA.<\/span><\/p>\n<p class=\"MsoNormal\"><i><u><span style=\"font-size: 14.0pt;line-height: 115%;font-family: 'Arial','sans-serif';color: #333333;background: white\">\u26a0\ufe0f<\/span><\/u><\/i><span style=\"font-size: 14.0pt;line-height: 115%;font-family: 'Arial','sans-serif'\">N\u00e3o fazemos altera\u00e7\u00f5es nas mesmas neste anuncio.<\/span><\/p>\n<p class=\"MsoNormal\"><i><u><span style=\"font-size: 14.0pt;line-height: 115%;font-family: 'Arial','sans-serif';color: #333333;background: white\">\u26a0\ufe0f<\/span><\/u><\/i><span style=\"font-size: 14.0pt;line-height: 115%;font-family: 'Arial','sans-serif'\">Caso queira cria\u00e7\u00e3o de um modelo de arte por gentileza entrar em contato comigo.<\/span><\/p>\n<p class=\"MsoNormal\"><span style=\"font-size: 14.0pt;line-height: 115%;font-family: 'Arial','sans-serif'\">\u00a0<\/span><\/p>\n<p class=\"MsoNormal\"><i><u><span style=\"font-size: 14.0pt;line-height: 115%;font-family: 'Arial','sans-serif';color: #333333;background: white\">\u26a0\ufe0f<\/span><\/u><\/i><span style=\"font-size: 14.0pt;line-height: 115%;font-family: 'Arial','sans-serif'\">\u00a0Por ser um produto digital n\u00e3o \u00e9 necess\u00e1ria a compra de mais de uma unidade da mesma imagem.<\/span><\/p>\n<p class=\"MsoNormal\"><span style=\"font-size: 14.0pt;line-height: 115%;font-family: 'Arial','sans-serif'\">\u00a0<\/span><\/p>\n<p class=\"MsoNormal\" style=\"line-height: normal;vertical-align: baseline\"><span style=\"font-size: 14.0pt;font-family: 'Arial','sans-serif';color: #333333;border: none windowtext 1.0pt;padding: 0cm\">\u200b\u26a0\ufe0f\u200b\u00a0 \u00a0<\/span><b><span style=\"font-size: 14.0pt;font-family: 'inherit','serif';color: #333333;border: none windowtext 1.0pt;padding: 0cm\">OBS.:<\/span><\/b><span style=\"font-size: 14.0pt;font-family: 'Arial','sans-serif';color: #333333;border: none windowtext 1.0pt;padding: 0cm\">\u00a0Esse produto\u00a0<\/span><b><span style=\"font-size: 14.0pt;font-family: 'inherit','serif';color: #333333;border: none windowtext 1.0pt;padding: 0cm\">N\u00c3O \u00c9<\/span><\/b><span style=\"font-size: 14.0pt;font-family: 'Arial','sans-serif';color: #333333;border: none windowtext 1.0pt;padding: 0cm\">\u00a0kit de Matrizes de Bordado!<\/span><\/p>\n<p class=\"MsoNormal\" style=\"line-height: normal;vertical-align: baseline\"><span style=\"font-size: 12.0pt;font-family: 'Arial','sans-serif';color: #333333;border: none windowtext 1.0pt;padding: 0cm\">\u00a0<\/span><\/p>\n<p class=\"MsoNormal\" style=\"line-height: normal;vertical-align: baseline\"><span style=\"font-size: 14.0pt;font-family: 'Times New Roman','serif';color: #333333;border: none windowtext 1.0pt;padding: 0cm\">\u2705<\/span><span style=\"font-size: 14.0pt;font-family: 'Arial','sans-serif';color: #333333;border: none windowtext 1.0pt;padding: 0cm\">\u00a0<\/span><b><span style=\"font-size: 14.0pt;font-family: 'inherit','serif';color: #333333;border: none windowtext 1.0pt;padding: 0cm\">Siga-me no\u00a0<\/span><\/b><a href=\"https:\/\/instagram.com\/euelapersonalizados?igshid=NDc0ODY0MjQ=\"><b><span style=\"font-size: 14.0pt;font-family: 'inherit','serif';color: blue;border: none windowtext 1.0pt;padding: 0cm;text-decoration: none\">Instagram<\/span><\/b><\/a><b><span style=\"font-size: 14.0pt;font-family: 'inherit','serif';color: #333333;border: none windowtext 1.0pt;padding: 0cm\">\u00a0e\u00a0<\/span><\/b><a href=\"https:\/\/instagram.com\/euelapersonalizados?igshid=NDc0ODY0MjQ=\"><b><span style=\"font-size: 14.0pt;font-family: 'inherit','serif';color: blue;border: none windowtext 1.0pt;padding: 0cm;text-decoration: none\">Facebook<\/span><\/b><\/a><b><span style=\"font-size: 14.0pt;font-family: 'inherit','serif';color: #333333;border: none windowtext 1.0pt;padding: 0cm\">\u00a0para mais novidades\u00a0<\/span><\/b><b><u><span style=\"font-size: 14.0pt;font-family: 'Arial','sans-serif';color: #333333;border: none windowtext 1.0pt;padding: 0cm\">@eueelapersonalizados<\/span><\/u><\/b><\/p>","protected":false},"excerpt":{"rendered":"<p>\u2705 Adiante sua produ\u00e7\u00e3o, economize tempo adquirindo essa Arte j\u00e1 pronta para voc\u00ea produzir e vender!<br \/>\n\u2705 Ap\u00f3s a confirma\u00e7\u00e3o da compra voc\u00ea poder\u00e1 efetuar o Download dessa linda arte criada pela Eu &amp; Ela Personalizados para aumentar suas vendas e inovar!!!<\/p>","protected":false},"featured_media":220242,"comment_status":"open","ping_status":"closed","template":"","meta":{"_acf_changed":false,"_joinchat":[]},"product_brand":[],"product_cat":[1115],"product_tag":[],"class_list":{"0":"post-220249","1":"product","2":"type-product","3":"status-publish","4":"has-post-thumbnail","6":"product_cat-sem-categoria","8":"first","9":"instock","10":"downloadable","11":"shipping-taxable","12":"purchasable","13":"product-type-simple"},"acf":[],"yoast_head":"<!-- This site is optimized with the Yoast SEO plugin v27.2 - https:\/\/yoast.com\/product\/yoast-seo-wordpress\/ -->\n<title>COLE\u00c7\u00c3O DIA DAS M\u00c3ES - \ud835\udc1b\ud835\udc1a\ud835\udc33\ud835\udc1a\ud835\udc2b &amp; \ud835\udc1c\ud835\udc22\ud835\udc1a<\/title>\n<meta name=\"description\" content=\"\u2705 Adiante sua produ\u00e7\u00e3o, economize tempo adquirindo essa Arte j\u00e1 pronta para voc\u00ea produzir e vender! \u2705 Ap\u00f3s a confirma\u00e7\u00e3o da compra voc\u00ea poder\u00e1 efetuar o Download dessa linda arte criada pela Eu &amp; Ela Personalizados para aumentar suas vendas e inovar!!!\" \/>\n<meta name=\"robots\" content=\"index, follow, max-snippet:-1, max-image-preview:large, max-video-preview:-1\" \/>\n<link rel=\"canonical\" href=\"https:\/\/shop.bazarcia.com\/en\/product\/colecao-dia-das-maes\/\" \/>\n<meta property=\"og:locale\" content=\"en_US\" \/>\n<meta property=\"og:type\" content=\"article\" \/>\n<meta property=\"og:title\" content=\"COLE\u00c7\u00c3O DIA DAS M\u00c3ES - \ud835\udc1b\ud835\udc1a\ud835\udc33\ud835\udc1a\ud835\udc2b &amp; \ud835\udc1c\ud835\udc22\ud835\udc1a\" \/>\n<meta property=\"og:description\" content=\"\u2705 Adiante sua produ\u00e7\u00e3o, economize tempo adquirindo essa Arte j\u00e1 pronta para voc\u00ea produzir e vender! \u2705 Ap\u00f3s a confirma\u00e7\u00e3o da compra voc\u00ea poder\u00e1 efetuar o Download dessa linda arte criada pela Eu &amp; Ela Personalizados para aumentar suas vendas e inovar!!!\" \/>\n<meta property=\"og:url\" content=\"https:\/\/shop.bazarcia.com\/en\/product\/colecao-dia-das-maes\/\" \/>\n<meta property=\"og:site_name\" content=\"\ud835\udc1b\ud835\udc1a\ud835\udc33\ud835\udc1a\ud835\udc2b &amp; \ud835\udc1c\ud835\udc22\ud835\udc1a\" \/>\n<meta property=\"article:publisher\" content=\"https:\/\/www.facebook.com\/shopbazarcia\" \/>\n<meta property=\"article:modified_time\" content=\"2023-03-29T02:32:15+00:00\" \/>\n<meta property=\"og:image\" content=\"https:\/\/shop.bazarcia.com\/wp-content\/uploads\/2023\/03\/1.jpg\" \/>\n\t<meta property=\"og:image:width\" content=\"1080\" \/>\n\t<meta property=\"og:image:height\" content=\"1080\" \/>\n\t<meta property=\"og:image:type\" content=\"image\/jpeg\" \/>\n<meta name=\"twitter:card\" content=\"summary_large_image\" \/>\n<meta name=\"twitter:label1\" content=\"Est. reading time\" \/>\n\t<meta name=\"twitter:data1\" content=\"1 minute\" \/>\n<script type=\"application\/ld+json\" class=\"yoast-schema-graph\">{\"@context\":\"https:\/\/schema.org\",\"@graph\":[{\"@type\":\"WebPage\",\"@id\":\"https:\/\/shop.bazarcia.com\/produto\/colecao-dia-das-maes\/\",\"url\":\"https:\/\/shop.bazarcia.com\/produto\/colecao-dia-das-maes\/\",\"name\":\"COLE\u00c7\u00c3O DIA DAS M\u00c3ES - \ud835\udc1b\ud835\udc1a\ud835\udc33\ud835\udc1a\ud835\udc2b &amp; \ud835\udc1c\ud835\udc22\ud835\udc1a\",\"isPartOf\":{\"@id\":\"https:\/\/shop.bazarcia.com\/#website\"},\"primaryImageOfPage\":{\"@id\":\"https:\/\/shop.bazarcia.com\/produto\/colecao-dia-das-maes\/#primaryimage\"},\"image\":{\"@id\":\"https:\/\/shop.bazarcia.com\/produto\/colecao-dia-das-maes\/#primaryimage\"},\"thumbnailUrl\":\"https:\/\/shop.bazarcia.com\/wp-content\/uploads\/2023\/03\/1.jpg\",\"datePublished\":\"2023-03-29T02:19:40+00:00\",\"dateModified\":\"2023-03-29T02:32:15+00:00\",\"description\":\"\u2705 Adiante sua produ\u00e7\u00e3o, economize tempo adquirindo essa Arte j\u00e1 pronta para voc\u00ea produzir e vender! \u2705 Ap\u00f3s a confirma\u00e7\u00e3o da compra voc\u00ea poder\u00e1 efetuar o Download dessa linda arte criada pela Eu & Ela Personalizados para aumentar suas vendas e inovar!!!\",\"breadcrumb\":{\"@id\":\"https:\/\/shop.bazarcia.com\/produto\/colecao-dia-das-maes\/#breadcrumb\"},\"inLanguage\":\"en-US\",\"potentialAction\":[{\"@type\":\"ReadAction\",\"target\":[\"https:\/\/shop.bazarcia.com\/produto\/colecao-dia-das-maes\/\"]}]},{\"@type\":\"ImageObject\",\"inLanguage\":\"en-US\",\"@id\":\"https:\/\/shop.bazarcia.com\/produto\/colecao-dia-das-maes\/#primaryimage\",\"url\":\"https:\/\/shop.bazarcia.com\/wp-content\/uploads\/2023\/03\/1.jpg\",\"contentUrl\":\"https:\/\/shop.bazarcia.com\/wp-content\/uploads\/2023\/03\/1.jpg\",\"width\":1080,\"height\":1080},{\"@type\":\"BreadcrumbList\",\"@id\":\"https:\/\/shop.bazarcia.com\/produto\/colecao-dia-das-maes\/#breadcrumb\",\"itemListElement\":[{\"@type\":\"ListItem\",\"position\":1,\"name\":\"In\u00edcio\",\"item\":\"https:\/\/shop.bazarcia.com\/\"},{\"@type\":\"ListItem\",\"position\":2,\"name\":\"Loja\",\"item\":\"https:\/\/shop.bazarcia.com\/loja\/\"},{\"@type\":\"ListItem\",\"position\":3,\"name\":\"COLE\u00c7\u00c3O DIA DAS M\u00c3ES\"}]},{\"@type\":\"WebSite\",\"@id\":\"https:\/\/shop.bazarcia.com\/#website\",\"url\":\"https:\/\/shop.bazarcia.com\/\",\"name\":\"Bazar & Cia\",\"description\":\"criatividade ponto a ponto\",\"publisher\":{\"@id\":\"https:\/\/shop.bazarcia.com\/#organization\"},\"potentialAction\":[{\"@type\":\"SearchAction\",\"target\":{\"@type\":\"EntryPoint\",\"urlTemplate\":\"https:\/\/shop.bazarcia.com\/?s={search_term_string}\"},\"query-input\":{\"@type\":\"PropertyValueSpecification\",\"valueRequired\":true,\"valueName\":\"search_term_string\"}}],\"inLanguage\":\"en-US\"},{\"@type\":\"Organization\",\"@id\":\"https:\/\/shop.bazarcia.com\/#organization\",\"name\":\"Bazar & Cia\",\"url\":\"https:\/\/shop.bazarcia.com\/\",\"logo\":{\"@type\":\"ImageObject\",\"inLanguage\":\"en-US\",\"@id\":\"https:\/\/shop.bazarcia.com\/#\/schema\/logo\/image\/\",\"url\":\"https:\/\/shop.bazarcia.com\/wp-content\/uploads\/2024\/02\/cropped-logo_bazarcia.png\",\"contentUrl\":\"https:\/\/shop.bazarcia.com\/wp-content\/uploads\/2024\/02\/cropped-logo_bazarcia.png\",\"width\":150,\"height\":150,\"caption\":\"Bazar & Cia\"},\"image\":{\"@id\":\"https:\/\/shop.bazarcia.com\/#\/schema\/logo\/image\/\"},\"sameAs\":[\"https:\/\/www.facebook.com\/shopbazarcia\",\"https:\/\/www.instagram.com\/shopbazarcia\",\"https:\/\/br.pinterest.com\/suzane_eloise\/\",\"https:\/\/www.youtube.com\/c\/BazardoBordadoMatrizeseProjetos\"]}]}<\/script>\n<!-- \/ Yoast SEO plugin. -->","yoast_head_json":{"title":"COLE\u00c7\u00c3O DIA DAS M\u00c3ES - \ud835\udc1b\ud835\udc1a\ud835\udc33\ud835\udc1a\ud835\udc2b &amp; \ud835\udc1c\ud835\udc22\ud835\udc1a","description":"\u2705 Adiante sua produ\u00e7\u00e3o, economize tempo adquirindo essa Arte j\u00e1 pronta para voc\u00ea produzir e vender! \u2705 Ap\u00f3s a confirma\u00e7\u00e3o da compra voc\u00ea poder\u00e1 efetuar o Download dessa linda arte criada pela Eu & Ela Personalizados para aumentar suas vendas e inovar!!!","robots":{"index":"index","follow":"follow","max-snippet":"max-snippet:-1","max-image-preview":"max-image-preview:large","max-video-preview":"max-video-preview:-1"},"canonical":"https:\/\/shop.bazarcia.com\/en\/product\/colecao-dia-das-maes\/","og_locale":"en_US","og_type":"article","og_title":"COLE\u00c7\u00c3O DIA DAS M\u00c3ES - \ud835\udc1b\ud835\udc1a\ud835\udc33\ud835\udc1a\ud835\udc2b &amp; \ud835\udc1c\ud835\udc22\ud835\udc1a","og_description":"\u2705 Adiante sua produ\u00e7\u00e3o, economize tempo adquirindo essa Arte j\u00e1 pronta para voc\u00ea produzir e vender! \u2705 Ap\u00f3s a confirma\u00e7\u00e3o da compra voc\u00ea poder\u00e1 efetuar o Download dessa linda arte criada pela Eu & Ela Personalizados para aumentar suas vendas e inovar!!!","og_url":"https:\/\/shop.bazarcia.com\/en\/product\/colecao-dia-das-maes\/","og_site_name":"\ud835\udc1b\ud835\udc1a\ud835\udc33\ud835\udc1a\ud835\udc2b &amp; \ud835\udc1c\ud835\udc22\ud835\udc1a","article_publisher":"https:\/\/www.facebook.com\/shopbazarcia","article_modified_time":"2023-03-29T02:32:15+00:00","og_image":[{"width":1080,"height":1080,"url":"https:\/\/shop.bazarcia.com\/wp-content\/uploads\/2023\/03\/1.jpg","type":"image\/jpeg"}],"twitter_card":"summary_large_image","twitter_misc":{"Est. reading time":"1 minute"},"schema":{"@context":"https:\/\/schema.org","@graph":[{"@type":"WebPage","@id":"https:\/\/shop.bazarcia.com\/produto\/colecao-dia-das-maes\/","url":"https:\/\/shop.bazarcia.com\/produto\/colecao-dia-das-maes\/","name":"COLE\u00c7\u00c3O DIA DAS M\u00c3ES - \ud835\udc1b\ud835\udc1a\ud835\udc33\ud835\udc1a\ud835\udc2b &amp; \ud835\udc1c\ud835\udc22\ud835\udc1a","isPartOf":{"@id":"https:\/\/shop.bazarcia.com\/#website"},"primaryImageOfPage":{"@id":"https:\/\/shop.bazarcia.com\/produto\/colecao-dia-das-maes\/#primaryimage"},"image":{"@id":"https:\/\/shop.bazarcia.com\/produto\/colecao-dia-das-maes\/#primaryimage"},"thumbnailUrl":"https:\/\/shop.bazarcia.com\/wp-content\/uploads\/2023\/03\/1.jpg","datePublished":"2023-03-29T02:19:40+00:00","dateModified":"2023-03-29T02:32:15+00:00","description":"\u2705 Adiante sua produ\u00e7\u00e3o, economize tempo adquirindo essa Arte j\u00e1 pronta para voc\u00ea produzir e vender! \u2705 Ap\u00f3s a confirma\u00e7\u00e3o da compra voc\u00ea poder\u00e1 efetuar o Download dessa linda arte criada pela Eu & Ela Personalizados para aumentar suas vendas e inovar!!!","breadcrumb":{"@id":"https:\/\/shop.bazarcia.com\/produto\/colecao-dia-das-maes\/#breadcrumb"},"inLanguage":"en-US","potentialAction":[{"@type":"ReadAction","target":["https:\/\/shop.bazarcia.com\/produto\/colecao-dia-das-maes\/"]}]},{"@type":"ImageObject","inLanguage":"en-US","@id":"https:\/\/shop.bazarcia.com\/produto\/colecao-dia-das-maes\/#primaryimage","url":"https:\/\/shop.bazarcia.com\/wp-content\/uploads\/2023\/03\/1.jpg","contentUrl":"https:\/\/shop.bazarcia.com\/wp-content\/uploads\/2023\/03\/1.jpg","width":1080,"height":1080},{"@type":"BreadcrumbList","@id":"https:\/\/shop.bazarcia.com\/produto\/colecao-dia-das-maes\/#breadcrumb","itemListElement":[{"@type":"ListItem","position":1,"name":"In\u00edcio","item":"https:\/\/shop.bazarcia.com\/"},{"@type":"ListItem","position":2,"name":"Loja","item":"https:\/\/shop.bazarcia.com\/loja\/"},{"@type":"ListItem","position":3,"name":"COLE\u00c7\u00c3O DIA DAS M\u00c3ES"}]},{"@type":"WebSite","@id":"https:\/\/shop.bazarcia.com\/#website","url":"https:\/\/shop.bazarcia.com\/","name":"Bazar & Cia","description":"criatividade ponto a ponto","publisher":{"@id":"https:\/\/shop.bazarcia.com\/#organization"},"potentialAction":[{"@type":"SearchAction","target":{"@type":"EntryPoint","urlTemplate":"https:\/\/shop.bazarcia.com\/?s={search_term_string}"},"query-input":{"@type":"PropertyValueSpecification","valueRequired":true,"valueName":"search_term_string"}}],"inLanguage":"en-US"},{"@type":"Organization","@id":"https:\/\/shop.bazarcia.com\/#organization","name":"Bazar & Cia","url":"https:\/\/shop.bazarcia.com\/","logo":{"@type":"ImageObject","inLanguage":"en-US","@id":"https:\/\/shop.bazarcia.com\/#\/schema\/logo\/image\/","url":"https:\/\/shop.bazarcia.com\/wp-content\/uploads\/2024\/02\/cropped-logo_bazarcia.png","contentUrl":"https:\/\/shop.bazarcia.com\/wp-content\/uploads\/2024\/02\/cropped-logo_bazarcia.png","width":150,"height":150,"caption":"Bazar & Cia"},"image":{"@id":"https:\/\/shop.bazarcia.com\/#\/schema\/logo\/image\/"},"sameAs":["https:\/\/www.facebook.com\/shopbazarcia","https:\/\/www.instagram.com\/shopbazarcia","https:\/\/br.pinterest.com\/suzane_eloise\/","https:\/\/www.youtube.com\/c\/BazardoBordadoMatrizeseProjetos"]}]}},"_links":{"self":[{"href":"https:\/\/shop.bazarcia.com\/en\/wp-json\/wp\/v2\/product\/220249","targetHints":{"allow":["GET"]}}],"collection":[{"href":"https:\/\/shop.bazarcia.com\/en\/wp-json\/wp\/v2\/product"}],"about":[{"href":"https:\/\/shop.bazarcia.com\/en\/wp-json\/wp\/v2\/types\/product"}],"replies":[{"embeddable":true,"href":"https:\/\/shop.bazarcia.com\/en\/wp-json\/wp\/v2\/comments?post=220249"}],"version-history":[{"count":0,"href":"https:\/\/shop.bazarcia.com\/en\/wp-json\/wp\/v2\/product\/220249\/revisions"}],"wp:featuredmedia":[{"embeddable":true,"href":"https:\/\/shop.bazarcia.com\/en\/wp-json\/wp\/v2\/media\/220242"}],"wp:attachment":[{"href":"https:\/\/shop.bazarcia.com\/en\/wp-json\/wp\/v2\/media?parent=220249"}],"wp:term":[{"taxonomy":"product_brand","embeddable":true,"href":"https:\/\/shop.bazarcia.com\/en\/wp-json\/wp\/v2\/product_brand?post=220249"},{"taxonomy":"product_cat","embeddable":true,"href":"https:\/\/shop.bazarcia.com\/en\/wp-json\/wp\/v2\/product_cat?post=220249"},{"taxonomy":"product_tag","embeddable":true,"href":"https:\/\/shop.bazarcia.com\/en\/wp-json\/wp\/v2\/product_tag?post=220249"}],"curies":[{"name":"wp","href":"https:\/\/api.w.org\/{rel}","templated":true}]}}