{"id":225192,"date":"2023-04-19T19:16:15","date_gmt":"2023-04-19T22:16:15","guid":{"rendered":"https:\/\/shop.bazarcia.com\/produto\/matrizes-de-bordado-colecao-mae-contemporanea\/"},"modified":"2023-04-19T21:14:57","modified_gmt":"2023-04-20T00:14:57","slug":"matrizes-de-bordado-colecao-mae-contemporanea","status":"publish","type":"product","link":"https:\/\/shop.bazarcia.com\/en\/product\/matrizes-de-bordado-colecao-mae-contemporanea\/","title":{"rendered":"matrizes de bordado &#8211; cole\u00e7\u00e3o m\u00e3e contempor\u00e2nea"},"content":{"rendered":"<h3 class=\"accordion-heading\" style=\"margin-top: 0px;margin-bottom: 0px;font-weight: 500;line-height: 1.2;font-size: 1.75rem\"><span style=\"color: #777777;font-family: lato, Arial, Helvetica, sans-serif;font-size: 14px\"><span style=\"color: #777777;font-family: lato, Arial, Helvetica, sans-serif\"><span style=\"font-size: 14px;font-weight: 500\">Os \u00a0\u00a0arquivos estar\u00e3o dispon\u00edveis para download aqui mesmo na sua conta\u00a0 ap\u00f3s confirma\u00e7\u00e3o do pagamento.<\/span><\/span><br \/>\n<span style=\"color: #777777;font-family: lato, Arial, Helvetica, sans-serif\"><span style=\"font-size: 14px;font-weight: 500\">Os arquivos est\u00e3o em pasta compactada (ZIP), sendo necess\u00e1rio descompact\u00e1-la.<\/span><\/span><br \/>\n<span style=\"color: #777777;font-family: lato, Arial, Helvetica, sans-serif\"><span style=\"font-size: 14px;font-weight: 500\">Os mesmos s\u00e3o compat\u00edveis com v\u00e1rios tipos e modelos de m\u00e1quinas, com os seguintes formatos :<\/span><\/span><br \/>\n<span style=\"color: #777777;font-family: lato, Arial, Helvetica, sans-serif\"><span style=\"font-size: 14px;font-weight: 500\">PES \u2013 JEF \u2013 EXP \u2013 DST- XXX<\/span><\/span><br \/>\n<strong style=\"color: #777777;font-family: lato, Arial, Helvetica, sans-serif;font-size: 14px;font-weight: 500\">Com video ensinando a montar o porta papel higienico<\/strong><span style=\"color: #777777;font-family: lato, Arial, Helvetica, sans-serif\"><span style=\"font-size: 14px;font-weight: 500\">.\u00a0<\/span><\/span><br \/>\n<strong>*NOVIDADE <\/strong><span style=\"color: #777777;font-family: lato, Arial, Helvetica, sans-serif\"><span style=\"font-size: 14px\">MUG RUG (mini jogo para caneca)<\/span><\/span><br \/>\n<strong style=\"color: #777777;font-family: lato, Arial, Helvetica, sans-serif;font-size: 14px;font-weight: 500\">Adquirindo nossas matrizes e projetos voc\u00ea se declara de acordo com nossos termos e condi\u00e7\u00f5es.<\/strong><\/span><\/h3>","protected":false},"excerpt":{"rendered":"<p>matrizes de bordado &#8211; cole\u00e7\u00e3o m\u00e3e contempor\u00e2nea<\/p>","protected":false},"featured_media":225188,"comment_status":"open","ping_status":"closed","template":"","meta":{"_acf_changed":false,"_joinchat":[]},"product_brand":[],"product_cat":[279,1657,1692,1210,1066,154,296,1710,84,1775,312,306,1746,1408,98,1385,1386,1330,1644],"product_tag":[1170,1431,1433,1430,1432,1435],"class_list":{"0":"post-225192","1":"product","2":"type-product","3":"status-publish","4":"has-post-thumbnail","6":"product_cat-arabescos-e-ramos","7":"product_cat-arranjo","8":"product_cat-bordados-especiais","9":"product_cat-cama-mesa-banho","10":"product_cat-colecoes-matrizes-de-bordado","11":"product_cat-dia-das-maes","12":"product_cat-florais","13":"product_cat-matrizes-de-bordado-folhagens","14":"product_cat-matrizes-de-bordado","15":"product_cat-matrizes-para-almofadas","16":"product_cat-matrizes-pontos-leves","17":"product_cat-pacotinhos-de-matrizes","18":"product_cat-matrizes-de-bordado-plantas","19":"product_cat-porta-xicara-na-bordadeira-ith","20":"product_cat-projetos-na-bordadeira-in-the-hoop-embroidery","21":"product_cat-projetos-para-bastidor-13x18","22":"product_cat-projetos-para-bastidor-15x26-ou-16x26","23":"product_cat-projetos-para-datas-especiais","24":"product_cat-tapete-de-caneca-na-bordadeira-ith","25":"product_tag-bordado","26":"product_tag-bordado-computadorizado","27":"product_tag-bordado-eletronico","28":"product_tag-matriz-de-bordado","29":"product_tag-matrizes-de-bordado","30":"product_tag-projeto-na-bordadeira-ith","32":"first","33":"instock","34":"downloadable","35":"virtual","36":"purchasable","37":"product-type-simple"},"acf":[],"yoast_head":"<!-- This site is optimized with the Yoast SEO plugin v27.2 - https:\/\/yoast.com\/product\/yoast-seo-wordpress\/ -->\n<title>matrizes de bordado - cole\u00e7\u00e3o m\u00e3e contempor\u00e2nea - \ud835\udc1b\ud835\udc1a\ud835\udc33\ud835\udc1a\ud835\udc2b &amp; \ud835\udc1c\ud835\udc22\ud835\udc1a<\/title>\n<meta name=\"robots\" content=\"index, follow, max-snippet:-1, max-image-preview:large, max-video-preview:-1\" \/>\n<link rel=\"canonical\" href=\"https:\/\/shop.bazarcia.com\/en\/product\/matrizes-de-bordado-colecao-mae-contemporanea\/\" \/>\n<meta property=\"og:locale\" content=\"en_US\" \/>\n<meta property=\"og:type\" content=\"article\" \/>\n<meta property=\"og:title\" content=\"matrizes de bordado - cole\u00e7\u00e3o m\u00e3e contempor\u00e2nea - \ud835\udc1b\ud835\udc1a\ud835\udc33\ud835\udc1a\ud835\udc2b &amp; \ud835\udc1c\ud835\udc22\ud835\udc1a\" \/>\n<meta property=\"og:description\" content=\"matrizes de bordado - cole\u00e7\u00e3o m\u00e3e contempor\u00e2nea\" \/>\n<meta property=\"og:url\" content=\"https:\/\/shop.bazarcia.com\/en\/product\/matrizes-de-bordado-colecao-mae-contemporanea\/\" \/>\n<meta property=\"og:site_name\" content=\"\ud835\udc1b\ud835\udc1a\ud835\udc33\ud835\udc1a\ud835\udc2b &amp; \ud835\udc1c\ud835\udc22\ud835\udc1a\" \/>\n<meta property=\"article:publisher\" content=\"https:\/\/www.facebook.com\/shopbazarcia\" \/>\n<meta property=\"article:modified_time\" content=\"2023-04-20T00:14:57+00:00\" \/>\n<meta property=\"og:image\" content=\"https:\/\/shop.bazarcia.com\/wp-content\/uploads\/2023\/04\/Mae-Contemporanea.png\" \/>\n\t<meta property=\"og:image:width\" content=\"1080\" \/>\n\t<meta property=\"og:image:height\" content=\"1080\" \/>\n\t<meta property=\"og:image:type\" content=\"image\/png\" \/>\n<meta name=\"twitter:card\" content=\"summary_large_image\" \/>\n<script type=\"application\/ld+json\" class=\"yoast-schema-graph\">{\"@context\":\"https:\/\/schema.org\",\"@graph\":[{\"@type\":\"WebPage\",\"@id\":\"https:\/\/shop.bazarcia.com\/produto\/matrizes-de-bordado-colecao-mae-contemporanea\/\",\"url\":\"https:\/\/shop.bazarcia.com\/produto\/matrizes-de-bordado-colecao-mae-contemporanea\/\",\"name\":\"matrizes de bordado - cole\u00e7\u00e3o m\u00e3e contempor\u00e2nea - \ud835\udc1b\ud835\udc1a\ud835\udc33\ud835\udc1a\ud835\udc2b &amp; \ud835\udc1c\ud835\udc22\ud835\udc1a\",\"isPartOf\":{\"@id\":\"https:\/\/shop.bazarcia.com\/#website\"},\"primaryImageOfPage\":{\"@id\":\"https:\/\/shop.bazarcia.com\/produto\/matrizes-de-bordado-colecao-mae-contemporanea\/#primaryimage\"},\"image\":{\"@id\":\"https:\/\/shop.bazarcia.com\/produto\/matrizes-de-bordado-colecao-mae-contemporanea\/#primaryimage\"},\"thumbnailUrl\":\"https:\/\/shop.bazarcia.com\/wp-content\/uploads\/2023\/04\/Mae-Contemporanea.png\",\"datePublished\":\"2023-04-19T22:16:15+00:00\",\"dateModified\":\"2023-04-20T00:14:57+00:00\",\"breadcrumb\":{\"@id\":\"https:\/\/shop.bazarcia.com\/produto\/matrizes-de-bordado-colecao-mae-contemporanea\/#breadcrumb\"},\"inLanguage\":\"en-US\",\"potentialAction\":[{\"@type\":\"ReadAction\",\"target\":[\"https:\/\/shop.bazarcia.com\/produto\/matrizes-de-bordado-colecao-mae-contemporanea\/\"]}]},{\"@type\":\"ImageObject\",\"inLanguage\":\"en-US\",\"@id\":\"https:\/\/shop.bazarcia.com\/produto\/matrizes-de-bordado-colecao-mae-contemporanea\/#primaryimage\",\"url\":\"https:\/\/shop.bazarcia.com\/wp-content\/uploads\/2023\/04\/Mae-Contemporanea.png\",\"contentUrl\":\"https:\/\/shop.bazarcia.com\/wp-content\/uploads\/2023\/04\/Mae-Contemporanea.png\",\"width\":1080,\"height\":1080},{\"@type\":\"BreadcrumbList\",\"@id\":\"https:\/\/shop.bazarcia.com\/produto\/matrizes-de-bordado-colecao-mae-contemporanea\/#breadcrumb\",\"itemListElement\":[{\"@type\":\"ListItem\",\"position\":1,\"name\":\"In\u00edcio\",\"item\":\"https:\/\/shop.bazarcia.com\/\"},{\"@type\":\"ListItem\",\"position\":2,\"name\":\"Loja\",\"item\":\"https:\/\/shop.bazarcia.com\/loja\/\"},{\"@type\":\"ListItem\",\"position\":3,\"name\":\"matrizes de bordado &#8211; cole\u00e7\u00e3o m\u00e3e contempor\u00e2nea\"}]},{\"@type\":\"WebSite\",\"@id\":\"https:\/\/shop.bazarcia.com\/#website\",\"url\":\"https:\/\/shop.bazarcia.com\/\",\"name\":\"Bazar & Cia\",\"description\":\"criatividade ponto a ponto\",\"publisher\":{\"@id\":\"https:\/\/shop.bazarcia.com\/#organization\"},\"potentialAction\":[{\"@type\":\"SearchAction\",\"target\":{\"@type\":\"EntryPoint\",\"urlTemplate\":\"https:\/\/shop.bazarcia.com\/?s={search_term_string}\"},\"query-input\":{\"@type\":\"PropertyValueSpecification\",\"valueRequired\":true,\"valueName\":\"search_term_string\"}}],\"inLanguage\":\"en-US\"},{\"@type\":\"Organization\",\"@id\":\"https:\/\/shop.bazarcia.com\/#organization\",\"name\":\"Bazar & Cia\",\"url\":\"https:\/\/shop.bazarcia.com\/\",\"logo\":{\"@type\":\"ImageObject\",\"inLanguage\":\"en-US\",\"@id\":\"https:\/\/shop.bazarcia.com\/#\/schema\/logo\/image\/\",\"url\":\"https:\/\/shop.bazarcia.com\/wp-content\/uploads\/2024\/02\/cropped-logo_bazarcia.png\",\"contentUrl\":\"https:\/\/shop.bazarcia.com\/wp-content\/uploads\/2024\/02\/cropped-logo_bazarcia.png\",\"width\":150,\"height\":150,\"caption\":\"Bazar & Cia\"},\"image\":{\"@id\":\"https:\/\/shop.bazarcia.com\/#\/schema\/logo\/image\/\"},\"sameAs\":[\"https:\/\/www.facebook.com\/shopbazarcia\",\"https:\/\/www.instagram.com\/shopbazarcia\",\"https:\/\/br.pinterest.com\/suzane_eloise\/\",\"https:\/\/www.youtube.com\/c\/BazardoBordadoMatrizeseProjetos\"]}]}<\/script>\n<!-- \/ Yoast SEO plugin. -->","yoast_head_json":{"title":"matrizes de bordado - cole\u00e7\u00e3o m\u00e3e contempor\u00e2nea - \ud835\udc1b\ud835\udc1a\ud835\udc33\ud835\udc1a\ud835\udc2b &amp; \ud835\udc1c\ud835\udc22\ud835\udc1a","robots":{"index":"index","follow":"follow","max-snippet":"max-snippet:-1","max-image-preview":"max-image-preview:large","max-video-preview":"max-video-preview:-1"},"canonical":"https:\/\/shop.bazarcia.com\/en\/product\/matrizes-de-bordado-colecao-mae-contemporanea\/","og_locale":"en_US","og_type":"article","og_title":"matrizes de bordado - cole\u00e7\u00e3o m\u00e3e contempor\u00e2nea - \ud835\udc1b\ud835\udc1a\ud835\udc33\ud835\udc1a\ud835\udc2b &amp; \ud835\udc1c\ud835\udc22\ud835\udc1a","og_description":"matrizes de bordado - cole\u00e7\u00e3o m\u00e3e contempor\u00e2nea","og_url":"https:\/\/shop.bazarcia.com\/en\/product\/matrizes-de-bordado-colecao-mae-contemporanea\/","og_site_name":"\ud835\udc1b\ud835\udc1a\ud835\udc33\ud835\udc1a\ud835\udc2b &amp; \ud835\udc1c\ud835\udc22\ud835\udc1a","article_publisher":"https:\/\/www.facebook.com\/shopbazarcia","article_modified_time":"2023-04-20T00:14:57+00:00","og_image":[{"width":1080,"height":1080,"url":"https:\/\/shop.bazarcia.com\/wp-content\/uploads\/2023\/04\/Mae-Contemporanea.png","type":"image\/png"}],"twitter_card":"summary_large_image","schema":{"@context":"https:\/\/schema.org","@graph":[{"@type":"WebPage","@id":"https:\/\/shop.bazarcia.com\/produto\/matrizes-de-bordado-colecao-mae-contemporanea\/","url":"https:\/\/shop.bazarcia.com\/produto\/matrizes-de-bordado-colecao-mae-contemporanea\/","name":"matrizes de bordado - cole\u00e7\u00e3o m\u00e3e contempor\u00e2nea - \ud835\udc1b\ud835\udc1a\ud835\udc33\ud835\udc1a\ud835\udc2b &amp; \ud835\udc1c\ud835\udc22\ud835\udc1a","isPartOf":{"@id":"https:\/\/shop.bazarcia.com\/#website"},"primaryImageOfPage":{"@id":"https:\/\/shop.bazarcia.com\/produto\/matrizes-de-bordado-colecao-mae-contemporanea\/#primaryimage"},"image":{"@id":"https:\/\/shop.bazarcia.com\/produto\/matrizes-de-bordado-colecao-mae-contemporanea\/#primaryimage"},"thumbnailUrl":"https:\/\/shop.bazarcia.com\/wp-content\/uploads\/2023\/04\/Mae-Contemporanea.png","datePublished":"2023-04-19T22:16:15+00:00","dateModified":"2023-04-20T00:14:57+00:00","breadcrumb":{"@id":"https:\/\/shop.bazarcia.com\/produto\/matrizes-de-bordado-colecao-mae-contemporanea\/#breadcrumb"},"inLanguage":"en-US","potentialAction":[{"@type":"ReadAction","target":["https:\/\/shop.bazarcia.com\/produto\/matrizes-de-bordado-colecao-mae-contemporanea\/"]}]},{"@type":"ImageObject","inLanguage":"en-US","@id":"https:\/\/shop.bazarcia.com\/produto\/matrizes-de-bordado-colecao-mae-contemporanea\/#primaryimage","url":"https:\/\/shop.bazarcia.com\/wp-content\/uploads\/2023\/04\/Mae-Contemporanea.png","contentUrl":"https:\/\/shop.bazarcia.com\/wp-content\/uploads\/2023\/04\/Mae-Contemporanea.png","width":1080,"height":1080},{"@type":"BreadcrumbList","@id":"https:\/\/shop.bazarcia.com\/produto\/matrizes-de-bordado-colecao-mae-contemporanea\/#breadcrumb","itemListElement":[{"@type":"ListItem","position":1,"name":"In\u00edcio","item":"https:\/\/shop.bazarcia.com\/"},{"@type":"ListItem","position":2,"name":"Loja","item":"https:\/\/shop.bazarcia.com\/loja\/"},{"@type":"ListItem","position":3,"name":"matrizes de bordado &#8211; cole\u00e7\u00e3o m\u00e3e contempor\u00e2nea"}]},{"@type":"WebSite","@id":"https:\/\/shop.bazarcia.com\/#website","url":"https:\/\/shop.bazarcia.com\/","name":"Bazar & Cia","description":"criatividade ponto a ponto","publisher":{"@id":"https:\/\/shop.bazarcia.com\/#organization"},"potentialAction":[{"@type":"SearchAction","target":{"@type":"EntryPoint","urlTemplate":"https:\/\/shop.bazarcia.com\/?s={search_term_string}"},"query-input":{"@type":"PropertyValueSpecification","valueRequired":true,"valueName":"search_term_string"}}],"inLanguage":"en-US"},{"@type":"Organization","@id":"https:\/\/shop.bazarcia.com\/#organization","name":"Bazar & Cia","url":"https:\/\/shop.bazarcia.com\/","logo":{"@type":"ImageObject","inLanguage":"en-US","@id":"https:\/\/shop.bazarcia.com\/#\/schema\/logo\/image\/","url":"https:\/\/shop.bazarcia.com\/wp-content\/uploads\/2024\/02\/cropped-logo_bazarcia.png","contentUrl":"https:\/\/shop.bazarcia.com\/wp-content\/uploads\/2024\/02\/cropped-logo_bazarcia.png","width":150,"height":150,"caption":"Bazar & Cia"},"image":{"@id":"https:\/\/shop.bazarcia.com\/#\/schema\/logo\/image\/"},"sameAs":["https:\/\/www.facebook.com\/shopbazarcia","https:\/\/www.instagram.com\/shopbazarcia","https:\/\/br.pinterest.com\/suzane_eloise\/","https:\/\/www.youtube.com\/c\/BazardoBordadoMatrizeseProjetos"]}]}},"_links":{"self":[{"href":"https:\/\/shop.bazarcia.com\/en\/wp-json\/wp\/v2\/product\/225192","targetHints":{"allow":["GET"]}}],"collection":[{"href":"https:\/\/shop.bazarcia.com\/en\/wp-json\/wp\/v2\/product"}],"about":[{"href":"https:\/\/shop.bazarcia.com\/en\/wp-json\/wp\/v2\/types\/product"}],"replies":[{"embeddable":true,"href":"https:\/\/shop.bazarcia.com\/en\/wp-json\/wp\/v2\/comments?post=225192"}],"version-history":[{"count":1,"href":"https:\/\/shop.bazarcia.com\/en\/wp-json\/wp\/v2\/product\/225192\/revisions"}],"predecessor-version":[{"id":225205,"href":"https:\/\/shop.bazarcia.com\/en\/wp-json\/wp\/v2\/product\/225192\/revisions\/225205"}],"wp:featuredmedia":[{"embeddable":true,"href":"https:\/\/shop.bazarcia.com\/en\/wp-json\/wp\/v2\/media\/225188"}],"wp:attachment":[{"href":"https:\/\/shop.bazarcia.com\/en\/wp-json\/wp\/v2\/media?parent=225192"}],"wp:term":[{"taxonomy":"product_brand","embeddable":true,"href":"https:\/\/shop.bazarcia.com\/en\/wp-json\/wp\/v2\/product_brand?post=225192"},{"taxonomy":"product_cat","embeddable":true,"href":"https:\/\/shop.bazarcia.com\/en\/wp-json\/wp\/v2\/product_cat?post=225192"},{"taxonomy":"product_tag","embeddable":true,"href":"https:\/\/shop.bazarcia.com\/en\/wp-json\/wp\/v2\/product_tag?post=225192"}],"curies":[{"name":"wp","href":"https:\/\/api.w.org\/{rel}","templated":true}]}}