{"id":226019,"date":"2023-04-24T15:31:40","date_gmt":"2023-04-24T18:31:40","guid":{"rendered":"https:\/\/shop.bazarcia.com\/produto\/guia-rapido-mini-treinamento-para-manutencao-em-bordadeira\/"},"modified":"2024-07-09T14:47:11","modified_gmt":"2024-07-09T17:47:11","slug":"guia-rapido-mini-treinamento-para-manutencao-em-bordadeira","status":"publish","type":"product","link":"https:\/\/shop.bazarcia.com\/en\/product\/guia-rapido-mini-treinamento-para-manutencao-em-bordadeira\/","title":{"rendered":"Guia R\u00e1pido &#8211; Mini Treinamento para Manuten\u00e7\u00e3o em Bordadeira"},"content":{"rendered":"","protected":false},"excerpt":{"rendered":"<p>Apresentamos a voc\u00ea o guia r\u00e1pido e definitivo de manuten\u00e7\u00e3o em bordadeiras, o \u00fanico na internet criado por um t\u00e9cnico especializado com mais de 10 anos de experi\u00eancia na \u00e1rea. Este mini treinamento em formato de e-book \u00e9 perfeito para aqueles que desejam aprender a manter suas bordadeiras em estado perfeito e prolongar sua vida \u00fatil. Com instru\u00e7\u00f5es claras e concisas, voc\u00ea aprender\u00e1 a identificar problemas comuns, realizar manuten\u00e7\u00f5es preventivas e corretivas, e evitar gastos desnecess\u00e1rios com reparos caros. Este guia \u00e9 ideal para iniciantes e experientes em bordado, e vai ajudar voc\u00ea a economizar tempo e dinheiro, mantendo sua bordadeira sempre funcionando perfeitamente. N\u00e3o perca mais tempo, adquira agora o guia r\u00e1pido de manuten\u00e7\u00e3o em bordadeiras e torne-se um especialista na manuten\u00e7\u00e3o de sua bordadeira!<\/p>","protected":false},"featured_media":275732,"comment_status":"open","ping_status":"closed","template":"","meta":{"_acf_changed":false,"_joinchat":[]},"product_brand":[],"product_cat":[1047,1133],"product_tag":[1170,1092,1090],"class_list":{"0":"post-226019","1":"product","2":"type-product","3":"status-publish","4":"has-post-thumbnail","6":"product_cat-cursos","7":"product_cat-manutencao-em-maquina-de-bordar","8":"product_tag-bordado","9":"product_tag-maquina-de-bordado-brother-bp2150ldv","10":"product_tag-maquina-de-bordar","12":"first","13":"instock","14":"downloadable","15":"virtual","16":"purchasable","17":"product-type-simple"},"acf":[],"yoast_head":"<!-- This site is optimized with the Yoast SEO plugin v27.2 - https:\/\/yoast.com\/product\/yoast-seo-wordpress\/ -->\n<title>Guia R\u00e1pido - Mini Treinamento para Manuten\u00e7\u00e3o em Bordadeira - \ud835\udc1b\ud835\udc1a\ud835\udc33\ud835\udc1a\ud835\udc2b &amp; \ud835\udc1c\ud835\udc22\ud835\udc1a<\/title>\n<meta name=\"robots\" content=\"index, follow, max-snippet:-1, max-image-preview:large, max-video-preview:-1\" \/>\n<link rel=\"canonical\" href=\"https:\/\/shop.bazarcia.com\/en\/product\/guia-rapido-mini-treinamento-para-manutencao-em-bordadeira\/\" \/>\n<meta property=\"og:locale\" content=\"en_US\" \/>\n<meta property=\"og:type\" content=\"article\" \/>\n<meta property=\"og:title\" content=\"Guia R\u00e1pido - Mini Treinamento para Manuten\u00e7\u00e3o em Bordadeira - \ud835\udc1b\ud835\udc1a\ud835\udc33\ud835\udc1a\ud835\udc2b &amp; \ud835\udc1c\ud835\udc22\ud835\udc1a\" \/>\n<meta property=\"og:description\" content=\"Apresentamos a voc\u00ea o guia r\u00e1pido e definitivo de manuten\u00e7\u00e3o em bordadeiras, o \u00fanico na internet criado por um t\u00e9cnico especializado com mais de 10 anos de experi\u00eancia na \u00e1rea. Este mini treinamento em formato de e-book \u00e9 perfeito para aqueles que desejam aprender a manter suas bordadeiras em estado perfeito e prolongar sua vida \u00fatil. Com instru\u00e7\u00f5es claras e concisas, voc\u00ea aprender\u00e1 a identificar problemas comuns, realizar manuten\u00e7\u00f5es preventivas e corretivas, e evitar gastos desnecess\u00e1rios com reparos caros. Este guia \u00e9 ideal para iniciantes e experientes em bordado, e vai ajudar voc\u00ea a economizar tempo e dinheiro, mantendo sua bordadeira sempre funcionando perfeitamente. N\u00e3o perca mais tempo, adquira agora o guia r\u00e1pido de manuten\u00e7\u00e3o em bordadeiras e torne-se um especialista na manuten\u00e7\u00e3o de sua bordadeira!\" \/>\n<meta property=\"og:url\" content=\"https:\/\/shop.bazarcia.com\/en\/product\/guia-rapido-mini-treinamento-para-manutencao-em-bordadeira\/\" \/>\n<meta property=\"og:site_name\" content=\"\ud835\udc1b\ud835\udc1a\ud835\udc33\ud835\udc1a\ud835\udc2b &amp; \ud835\udc1c\ud835\udc22\ud835\udc1a\" \/>\n<meta property=\"article:publisher\" content=\"https:\/\/www.facebook.com\/shopbazarcia\" \/>\n<meta property=\"article:modified_time\" content=\"2024-07-09T17:47:11+00:00\" \/>\n<meta property=\"og:image\" content=\"https:\/\/shop.bazarcia.com\/wp-content\/uploads\/2024\/05\/1715820935.png\" \/>\n\t<meta property=\"og:image:width\" content=\"2780\" \/>\n\t<meta property=\"og:image:height\" content=\"1840\" \/>\n\t<meta property=\"og:image:type\" content=\"image\/png\" \/>\n<meta name=\"twitter:card\" content=\"summary_large_image\" \/>\n<script type=\"application\/ld+json\" class=\"yoast-schema-graph\">{\"@context\":\"https:\/\/schema.org\",\"@graph\":[{\"@type\":\"WebPage\",\"@id\":\"https:\/\/shop.bazarcia.com\/produto\/guia-rapido-mini-treinamento-para-manutencao-em-bordadeira\/\",\"url\":\"https:\/\/shop.bazarcia.com\/produto\/guia-rapido-mini-treinamento-para-manutencao-em-bordadeira\/\",\"name\":\"Guia R\u00e1pido - Mini Treinamento para Manuten\u00e7\u00e3o em Bordadeira - \ud835\udc1b\ud835\udc1a\ud835\udc33\ud835\udc1a\ud835\udc2b &amp; \ud835\udc1c\ud835\udc22\ud835\udc1a\",\"isPartOf\":{\"@id\":\"https:\/\/shop.bazarcia.com\/#website\"},\"primaryImageOfPage\":{\"@id\":\"https:\/\/shop.bazarcia.com\/produto\/guia-rapido-mini-treinamento-para-manutencao-em-bordadeira\/#primaryimage\"},\"image\":{\"@id\":\"https:\/\/shop.bazarcia.com\/produto\/guia-rapido-mini-treinamento-para-manutencao-em-bordadeira\/#primaryimage\"},\"thumbnailUrl\":\"https:\/\/shop.bazarcia.com\/wp-content\/uploads\/2024\/05\/1715820935-scaled.png\",\"datePublished\":\"2023-04-24T18:31:40+00:00\",\"dateModified\":\"2024-07-09T17:47:11+00:00\",\"breadcrumb\":{\"@id\":\"https:\/\/shop.bazarcia.com\/produto\/guia-rapido-mini-treinamento-para-manutencao-em-bordadeira\/#breadcrumb\"},\"inLanguage\":\"en-US\",\"potentialAction\":[{\"@type\":\"ReadAction\",\"target\":[\"https:\/\/shop.bazarcia.com\/produto\/guia-rapido-mini-treinamento-para-manutencao-em-bordadeira\/\"]}]},{\"@type\":\"ImageObject\",\"inLanguage\":\"en-US\",\"@id\":\"https:\/\/shop.bazarcia.com\/produto\/guia-rapido-mini-treinamento-para-manutencao-em-bordadeira\/#primaryimage\",\"url\":\"https:\/\/shop.bazarcia.com\/wp-content\/uploads\/2024\/05\/1715820935-scaled.png\",\"contentUrl\":\"https:\/\/shop.bazarcia.com\/wp-content\/uploads\/2024\/05\/1715820935-scaled.png\",\"width\":2560,\"height\":1694},{\"@type\":\"BreadcrumbList\",\"@id\":\"https:\/\/shop.bazarcia.com\/produto\/guia-rapido-mini-treinamento-para-manutencao-em-bordadeira\/#breadcrumb\",\"itemListElement\":[{\"@type\":\"ListItem\",\"position\":1,\"name\":\"In\u00edcio\",\"item\":\"https:\/\/shop.bazarcia.com\/\"},{\"@type\":\"ListItem\",\"position\":2,\"name\":\"Loja\",\"item\":\"https:\/\/shop.bazarcia.com\/loja\/\"},{\"@type\":\"ListItem\",\"position\":3,\"name\":\"Guia R\u00e1pido &#8211; Mini Treinamento para Manuten\u00e7\u00e3o em Bordadeira\"}]},{\"@type\":\"WebSite\",\"@id\":\"https:\/\/shop.bazarcia.com\/#website\",\"url\":\"https:\/\/shop.bazarcia.com\/\",\"name\":\"Bazar & Cia\",\"description\":\"criatividade ponto a ponto\",\"publisher\":{\"@id\":\"https:\/\/shop.bazarcia.com\/#organization\"},\"potentialAction\":[{\"@type\":\"SearchAction\",\"target\":{\"@type\":\"EntryPoint\",\"urlTemplate\":\"https:\/\/shop.bazarcia.com\/?s={search_term_string}\"},\"query-input\":{\"@type\":\"PropertyValueSpecification\",\"valueRequired\":true,\"valueName\":\"search_term_string\"}}],\"inLanguage\":\"en-US\"},{\"@type\":\"Organization\",\"@id\":\"https:\/\/shop.bazarcia.com\/#organization\",\"name\":\"Bazar & Cia\",\"url\":\"https:\/\/shop.bazarcia.com\/\",\"logo\":{\"@type\":\"ImageObject\",\"inLanguage\":\"en-US\",\"@id\":\"https:\/\/shop.bazarcia.com\/#\/schema\/logo\/image\/\",\"url\":\"https:\/\/shop.bazarcia.com\/wp-content\/uploads\/2024\/02\/cropped-logo_bazarcia.png\",\"contentUrl\":\"https:\/\/shop.bazarcia.com\/wp-content\/uploads\/2024\/02\/cropped-logo_bazarcia.png\",\"width\":150,\"height\":150,\"caption\":\"Bazar & Cia\"},\"image\":{\"@id\":\"https:\/\/shop.bazarcia.com\/#\/schema\/logo\/image\/\"},\"sameAs\":[\"https:\/\/www.facebook.com\/shopbazarcia\",\"https:\/\/www.instagram.com\/shopbazarcia\",\"https:\/\/br.pinterest.com\/suzane_eloise\/\",\"https:\/\/www.youtube.com\/c\/BazardoBordadoMatrizeseProjetos\"]}]}<\/script>\n<!-- \/ Yoast SEO plugin. -->","yoast_head_json":{"title":"Guia R\u00e1pido - Mini Treinamento para Manuten\u00e7\u00e3o em Bordadeira - \ud835\udc1b\ud835\udc1a\ud835\udc33\ud835\udc1a\ud835\udc2b &amp; \ud835\udc1c\ud835\udc22\ud835\udc1a","robots":{"index":"index","follow":"follow","max-snippet":"max-snippet:-1","max-image-preview":"max-image-preview:large","max-video-preview":"max-video-preview:-1"},"canonical":"https:\/\/shop.bazarcia.com\/en\/product\/guia-rapido-mini-treinamento-para-manutencao-em-bordadeira\/","og_locale":"en_US","og_type":"article","og_title":"Guia R\u00e1pido - Mini Treinamento para Manuten\u00e7\u00e3o em Bordadeira - \ud835\udc1b\ud835\udc1a\ud835\udc33\ud835\udc1a\ud835\udc2b &amp; \ud835\udc1c\ud835\udc22\ud835\udc1a","og_description":"Apresentamos a voc\u00ea o guia r\u00e1pido e definitivo de manuten\u00e7\u00e3o em bordadeiras, o \u00fanico na internet criado por um t\u00e9cnico especializado com mais de 10 anos de experi\u00eancia na \u00e1rea. Este mini treinamento em formato de e-book \u00e9 perfeito para aqueles que desejam aprender a manter suas bordadeiras em estado perfeito e prolongar sua vida \u00fatil. Com instru\u00e7\u00f5es claras e concisas, voc\u00ea aprender\u00e1 a identificar problemas comuns, realizar manuten\u00e7\u00f5es preventivas e corretivas, e evitar gastos desnecess\u00e1rios com reparos caros. Este guia \u00e9 ideal para iniciantes e experientes em bordado, e vai ajudar voc\u00ea a economizar tempo e dinheiro, mantendo sua bordadeira sempre funcionando perfeitamente. N\u00e3o perca mais tempo, adquira agora o guia r\u00e1pido de manuten\u00e7\u00e3o em bordadeiras e torne-se um especialista na manuten\u00e7\u00e3o de sua bordadeira!","og_url":"https:\/\/shop.bazarcia.com\/en\/product\/guia-rapido-mini-treinamento-para-manutencao-em-bordadeira\/","og_site_name":"\ud835\udc1b\ud835\udc1a\ud835\udc33\ud835\udc1a\ud835\udc2b &amp; \ud835\udc1c\ud835\udc22\ud835\udc1a","article_publisher":"https:\/\/www.facebook.com\/shopbazarcia","article_modified_time":"2024-07-09T17:47:11+00:00","og_image":[{"width":2780,"height":1840,"url":"https:\/\/shop.bazarcia.com\/wp-content\/uploads\/2024\/05\/1715820935.png","type":"image\/png"}],"twitter_card":"summary_large_image","schema":{"@context":"https:\/\/schema.org","@graph":[{"@type":"WebPage","@id":"https:\/\/shop.bazarcia.com\/produto\/guia-rapido-mini-treinamento-para-manutencao-em-bordadeira\/","url":"https:\/\/shop.bazarcia.com\/produto\/guia-rapido-mini-treinamento-para-manutencao-em-bordadeira\/","name":"Guia R\u00e1pido - Mini Treinamento para Manuten\u00e7\u00e3o em Bordadeira - \ud835\udc1b\ud835\udc1a\ud835\udc33\ud835\udc1a\ud835\udc2b &amp; \ud835\udc1c\ud835\udc22\ud835\udc1a","isPartOf":{"@id":"https:\/\/shop.bazarcia.com\/#website"},"primaryImageOfPage":{"@id":"https:\/\/shop.bazarcia.com\/produto\/guia-rapido-mini-treinamento-para-manutencao-em-bordadeira\/#primaryimage"},"image":{"@id":"https:\/\/shop.bazarcia.com\/produto\/guia-rapido-mini-treinamento-para-manutencao-em-bordadeira\/#primaryimage"},"thumbnailUrl":"https:\/\/shop.bazarcia.com\/wp-content\/uploads\/2024\/05\/1715820935-scaled.png","datePublished":"2023-04-24T18:31:40+00:00","dateModified":"2024-07-09T17:47:11+00:00","breadcrumb":{"@id":"https:\/\/shop.bazarcia.com\/produto\/guia-rapido-mini-treinamento-para-manutencao-em-bordadeira\/#breadcrumb"},"inLanguage":"en-US","potentialAction":[{"@type":"ReadAction","target":["https:\/\/shop.bazarcia.com\/produto\/guia-rapido-mini-treinamento-para-manutencao-em-bordadeira\/"]}]},{"@type":"ImageObject","inLanguage":"en-US","@id":"https:\/\/shop.bazarcia.com\/produto\/guia-rapido-mini-treinamento-para-manutencao-em-bordadeira\/#primaryimage","url":"https:\/\/shop.bazarcia.com\/wp-content\/uploads\/2024\/05\/1715820935-scaled.png","contentUrl":"https:\/\/shop.bazarcia.com\/wp-content\/uploads\/2024\/05\/1715820935-scaled.png","width":2560,"height":1694},{"@type":"BreadcrumbList","@id":"https:\/\/shop.bazarcia.com\/produto\/guia-rapido-mini-treinamento-para-manutencao-em-bordadeira\/#breadcrumb","itemListElement":[{"@type":"ListItem","position":1,"name":"In\u00edcio","item":"https:\/\/shop.bazarcia.com\/"},{"@type":"ListItem","position":2,"name":"Loja","item":"https:\/\/shop.bazarcia.com\/loja\/"},{"@type":"ListItem","position":3,"name":"Guia R\u00e1pido &#8211; Mini Treinamento para Manuten\u00e7\u00e3o em Bordadeira"}]},{"@type":"WebSite","@id":"https:\/\/shop.bazarcia.com\/#website","url":"https:\/\/shop.bazarcia.com\/","name":"Bazar & Cia","description":"criatividade ponto a ponto","publisher":{"@id":"https:\/\/shop.bazarcia.com\/#organization"},"potentialAction":[{"@type":"SearchAction","target":{"@type":"EntryPoint","urlTemplate":"https:\/\/shop.bazarcia.com\/?s={search_term_string}"},"query-input":{"@type":"PropertyValueSpecification","valueRequired":true,"valueName":"search_term_string"}}],"inLanguage":"en-US"},{"@type":"Organization","@id":"https:\/\/shop.bazarcia.com\/#organization","name":"Bazar & Cia","url":"https:\/\/shop.bazarcia.com\/","logo":{"@type":"ImageObject","inLanguage":"en-US","@id":"https:\/\/shop.bazarcia.com\/#\/schema\/logo\/image\/","url":"https:\/\/shop.bazarcia.com\/wp-content\/uploads\/2024\/02\/cropped-logo_bazarcia.png","contentUrl":"https:\/\/shop.bazarcia.com\/wp-content\/uploads\/2024\/02\/cropped-logo_bazarcia.png","width":150,"height":150,"caption":"Bazar & Cia"},"image":{"@id":"https:\/\/shop.bazarcia.com\/#\/schema\/logo\/image\/"},"sameAs":["https:\/\/www.facebook.com\/shopbazarcia","https:\/\/www.instagram.com\/shopbazarcia","https:\/\/br.pinterest.com\/suzane_eloise\/","https:\/\/www.youtube.com\/c\/BazardoBordadoMatrizeseProjetos"]}]}},"_links":{"self":[{"href":"https:\/\/shop.bazarcia.com\/en\/wp-json\/wp\/v2\/product\/226019","targetHints":{"allow":["GET"]}}],"collection":[{"href":"https:\/\/shop.bazarcia.com\/en\/wp-json\/wp\/v2\/product"}],"about":[{"href":"https:\/\/shop.bazarcia.com\/en\/wp-json\/wp\/v2\/types\/product"}],"replies":[{"embeddable":true,"href":"https:\/\/shop.bazarcia.com\/en\/wp-json\/wp\/v2\/comments?post=226019"}],"version-history":[{"count":2,"href":"https:\/\/shop.bazarcia.com\/en\/wp-json\/wp\/v2\/product\/226019\/revisions"}],"predecessor-version":[{"id":241093,"href":"https:\/\/shop.bazarcia.com\/en\/wp-json\/wp\/v2\/product\/226019\/revisions\/241093"}],"wp:featuredmedia":[{"embeddable":true,"href":"https:\/\/shop.bazarcia.com\/en\/wp-json\/wp\/v2\/media\/275732"}],"wp:attachment":[{"href":"https:\/\/shop.bazarcia.com\/en\/wp-json\/wp\/v2\/media?parent=226019"}],"wp:term":[{"taxonomy":"product_brand","embeddable":true,"href":"https:\/\/shop.bazarcia.com\/en\/wp-json\/wp\/v2\/product_brand?post=226019"},{"taxonomy":"product_cat","embeddable":true,"href":"https:\/\/shop.bazarcia.com\/en\/wp-json\/wp\/v2\/product_cat?post=226019"},{"taxonomy":"product_tag","embeddable":true,"href":"https:\/\/shop.bazarcia.com\/en\/wp-json\/wp\/v2\/product_tag?post=226019"}],"curies":[{"name":"wp","href":"https:\/\/api.w.org\/{rel}","templated":true}]}}