{"id":227198,"date":"2023-04-29T12:31:22","date_gmt":"2023-04-29T15:31:22","guid":{"rendered":"https:\/\/shop.bazarcia.com\/produto\/matriz-safari-menina\/"},"modified":"2023-05-01T00:00:07","modified_gmt":"2023-05-01T03:00:07","slug":"matriz-safari-menina","status":"publish","type":"product","link":"https:\/\/shop.bazarcia.com\/en\/product\/matriz-safari-menina\/","title":{"rendered":"Matriz &#8211; Safari Menina"},"content":{"rendered":"<p>Sabe aquele tema maravilhoso que as mam\u00e3es amam!? Ent\u00e3o chegou em nosso site a Cole\u00e7\u00e3o Safari Menina em pontos leves, r\u00e1pidas e f\u00e1cil de bordar, fica lindo em jogos de toalhas, sa\u00edda maternidade, enxoval de beb\u00ea, toalhinhas, etc<\/p>\n<p>Tamanhos a partir de 11, 12 e 13 cm<\/p>\n<p>Juntos 13 x 18<\/p>\n<p>8 chveirinhos<\/p>\n<p>Este \u00e9 um produto\u00a0<strong>DIGITAL<\/strong>\u00a0e os arquivos de\u00a0<strong>MATRIZES<\/strong>\u00a0estar\u00e3o dispon\u00edveis para download aqui mesmo na sua conta ap\u00f3s confirma\u00e7\u00e3o de pagamento. Por se tratar de um produto digital, n\u00e3o devolvemos dinheiro.<\/p>\n<p>N\u00e3o ensinamos a descompactar, nem a usar a m\u00e1quina de bordar.<\/p>\n<p>Como forma de favorecer o uso da matriz em diferentes m\u00e1quinas, enviamos os arquivos em pasta compactada no formato ZIP. Isso facilita a continuidade do uso da matriz mesmo nos casos em que o cliente tenha trocado de m\u00e1quina ou adquirido um modelo diferente pois na pasta tem v\u00e1rios formatos (\u00c9 necess\u00e1rio que o usu\u00e1rio saiba descompactar a pasta para pegar os arquivos no formato que precisa).<\/p>\n<p>Os arquivos est\u00e3o em PES \u2013 JEF \u2013 DST \u2013 XXX \u2013 EXP<\/p>\n<ul>\n<li>Adquirindo nossas matrizes e projetos voc\u00ea se declara de acordo com nossos\u00a0<strong><a href=\"https:\/\/www.esteralmeida.com.br\/termos-e-condicoes\/\">TERMOS E CONDI\u00c7\u00d5ES<\/a>.<\/strong><\/li>\n<li>N\u00e3o deve ser compartilhados, distribuidos, vendidos ou doados em redes sociais. Pirataria \u00e9 crime!\u00a0Nossas matrizes s\u00e3o criptogradas!<\/li>\n<li>Designer: Freepik<\/li>\n<li>Direitos Autorais reservados \u00e0 Ester Almeida<\/li>\n<\/ul>","protected":false},"excerpt":{"rendered":"<p>Sabe aquele tema maravilhoso que as mam\u00e3es amam!? Ent\u00e3o chegou em nosso site a Cole\u00e7\u00e3o Safari Menina em pontos leves, r\u00e1pidas e f\u00e1cil de bordar, fica lindo em jogos de toalhas, sa\u00edda maternidade, enxoval de beb\u00ea, toalhinhas, etc<br \/>\nTamanhos a partir de 11, 12 e 13 cm<br \/>\nJuntos 13 x 18<br \/>\n8 chaveirinhos<\/p>","protected":false},"featured_media":227194,"comment_status":"open","ping_status":"closed","template":"","meta":{"_acf_changed":false,"_joinchat":[]},"product_brand":[],"product_cat":[84,122,234],"product_tag":[],"class_list":{"0":"post-227198","1":"product","2":"type-product","3":"status-publish","4":"has-post-thumbnail","6":"product_cat-matrizes-de-bordado","7":"product_cat-matrizes-de-bordado-animais","8":"product_cat-safari","10":"first","11":"instock","12":"downloadable","13":"virtual","14":"purchasable","15":"product-type-simple"},"acf":[],"yoast_head":"<!-- This site is optimized with the Yoast SEO plugin v27.2 - https:\/\/yoast.com\/product\/yoast-seo-wordpress\/ -->\n<title>Matriz - Safari Menina - \ud835\udc1b\ud835\udc1a\ud835\udc33\ud835\udc1a\ud835\udc2b &amp; \ud835\udc1c\ud835\udc22\ud835\udc1a<\/title>\n<meta name=\"robots\" content=\"index, follow, max-snippet:-1, max-image-preview:large, max-video-preview:-1\" \/>\n<link rel=\"canonical\" href=\"https:\/\/shop.bazarcia.com\/en\/product\/matriz-safari-menina\/\" \/>\n<meta property=\"og:locale\" content=\"en_US\" \/>\n<meta property=\"og:type\" content=\"article\" \/>\n<meta property=\"og:title\" content=\"Matriz - Safari Menina - \ud835\udc1b\ud835\udc1a\ud835\udc33\ud835\udc1a\ud835\udc2b &amp; \ud835\udc1c\ud835\udc22\ud835\udc1a\" \/>\n<meta property=\"og:description\" content=\"Sabe aquele tema maravilhoso que as mam\u00e3es amam!? Ent\u00e3o chegou em nosso site a Cole\u00e7\u00e3o Safari Menina em pontos leves, r\u00e1pidas e f\u00e1cil de bordar, fica lindo em jogos de toalhas, sa\u00edda maternidade, enxoval de beb\u00ea, toalhinhas, etc Tamanhos a partir de 11, 12 e 13 cm Juntos 13 x 18 8 chaveirinhos\" \/>\n<meta property=\"og:url\" content=\"https:\/\/shop.bazarcia.com\/en\/product\/matriz-safari-menina\/\" \/>\n<meta property=\"og:site_name\" content=\"\ud835\udc1b\ud835\udc1a\ud835\udc33\ud835\udc1a\ud835\udc2b &amp; \ud835\udc1c\ud835\udc22\ud835\udc1a\" \/>\n<meta property=\"article:publisher\" content=\"https:\/\/www.facebook.com\/shopbazarcia\" \/>\n<meta property=\"article:modified_time\" content=\"2023-05-01T03:00:07+00:00\" \/>\n<meta property=\"og:image\" content=\"https:\/\/shop.bazarcia.com\/wp-content\/uploads\/2023\/04\/Florais-Moldurinhas-18.png\" \/>\n\t<meta property=\"og:image:width\" content=\"1080\" \/>\n\t<meta property=\"og:image:height\" content=\"1080\" \/>\n\t<meta property=\"og:image:type\" content=\"image\/png\" \/>\n<meta name=\"twitter:card\" content=\"summary_large_image\" \/>\n<meta name=\"twitter:label1\" content=\"Est. reading time\" \/>\n\t<meta name=\"twitter:data1\" content=\"1 minute\" \/>\n<script type=\"application\/ld+json\" class=\"yoast-schema-graph\">{\"@context\":\"https:\/\/schema.org\",\"@graph\":[{\"@type\":\"WebPage\",\"@id\":\"https:\/\/shop.bazarcia.com\/produto\/matriz-safari-menina\/\",\"url\":\"https:\/\/shop.bazarcia.com\/produto\/matriz-safari-menina\/\",\"name\":\"Matriz - Safari Menina - \ud835\udc1b\ud835\udc1a\ud835\udc33\ud835\udc1a\ud835\udc2b &amp; \ud835\udc1c\ud835\udc22\ud835\udc1a\",\"isPartOf\":{\"@id\":\"https:\/\/shop.bazarcia.com\/#website\"},\"primaryImageOfPage\":{\"@id\":\"https:\/\/shop.bazarcia.com\/produto\/matriz-safari-menina\/#primaryimage\"},\"image\":{\"@id\":\"https:\/\/shop.bazarcia.com\/produto\/matriz-safari-menina\/#primaryimage\"},\"thumbnailUrl\":\"https:\/\/shop.bazarcia.com\/wp-content\/uploads\/2023\/04\/Florais-Moldurinhas-18.png\",\"datePublished\":\"2023-04-29T15:31:22+00:00\",\"dateModified\":\"2023-05-01T03:00:07+00:00\",\"breadcrumb\":{\"@id\":\"https:\/\/shop.bazarcia.com\/produto\/matriz-safari-menina\/#breadcrumb\"},\"inLanguage\":\"en-US\",\"potentialAction\":[{\"@type\":\"ReadAction\",\"target\":[\"https:\/\/shop.bazarcia.com\/produto\/matriz-safari-menina\/\"]}]},{\"@type\":\"ImageObject\",\"inLanguage\":\"en-US\",\"@id\":\"https:\/\/shop.bazarcia.com\/produto\/matriz-safari-menina\/#primaryimage\",\"url\":\"https:\/\/shop.bazarcia.com\/wp-content\/uploads\/2023\/04\/Florais-Moldurinhas-18.png\",\"contentUrl\":\"https:\/\/shop.bazarcia.com\/wp-content\/uploads\/2023\/04\/Florais-Moldurinhas-18.png\",\"width\":1080,\"height\":1080},{\"@type\":\"BreadcrumbList\",\"@id\":\"https:\/\/shop.bazarcia.com\/produto\/matriz-safari-menina\/#breadcrumb\",\"itemListElement\":[{\"@type\":\"ListItem\",\"position\":1,\"name\":\"In\u00edcio\",\"item\":\"https:\/\/shop.bazarcia.com\/\"},{\"@type\":\"ListItem\",\"position\":2,\"name\":\"Loja\",\"item\":\"https:\/\/shop.bazarcia.com\/loja\/\"},{\"@type\":\"ListItem\",\"position\":3,\"name\":\"Matriz &#8211; Safari Menina\"}]},{\"@type\":\"WebSite\",\"@id\":\"https:\/\/shop.bazarcia.com\/#website\",\"url\":\"https:\/\/shop.bazarcia.com\/\",\"name\":\"Bazar & Cia\",\"description\":\"criatividade ponto a ponto\",\"publisher\":{\"@id\":\"https:\/\/shop.bazarcia.com\/#organization\"},\"potentialAction\":[{\"@type\":\"SearchAction\",\"target\":{\"@type\":\"EntryPoint\",\"urlTemplate\":\"https:\/\/shop.bazarcia.com\/?s={search_term_string}\"},\"query-input\":{\"@type\":\"PropertyValueSpecification\",\"valueRequired\":true,\"valueName\":\"search_term_string\"}}],\"inLanguage\":\"en-US\"},{\"@type\":\"Organization\",\"@id\":\"https:\/\/shop.bazarcia.com\/#organization\",\"name\":\"Bazar & Cia\",\"url\":\"https:\/\/shop.bazarcia.com\/\",\"logo\":{\"@type\":\"ImageObject\",\"inLanguage\":\"en-US\",\"@id\":\"https:\/\/shop.bazarcia.com\/#\/schema\/logo\/image\/\",\"url\":\"https:\/\/shop.bazarcia.com\/wp-content\/uploads\/2024\/02\/cropped-logo_bazarcia.png\",\"contentUrl\":\"https:\/\/shop.bazarcia.com\/wp-content\/uploads\/2024\/02\/cropped-logo_bazarcia.png\",\"width\":150,\"height\":150,\"caption\":\"Bazar & Cia\"},\"image\":{\"@id\":\"https:\/\/shop.bazarcia.com\/#\/schema\/logo\/image\/\"},\"sameAs\":[\"https:\/\/www.facebook.com\/shopbazarcia\",\"https:\/\/www.instagram.com\/shopbazarcia\",\"https:\/\/br.pinterest.com\/suzane_eloise\/\",\"https:\/\/www.youtube.com\/c\/BazardoBordadoMatrizeseProjetos\"]}]}<\/script>\n<!-- \/ Yoast SEO plugin. -->","yoast_head_json":{"title":"Matriz - Safari Menina - \ud835\udc1b\ud835\udc1a\ud835\udc33\ud835\udc1a\ud835\udc2b &amp; \ud835\udc1c\ud835\udc22\ud835\udc1a","robots":{"index":"index","follow":"follow","max-snippet":"max-snippet:-1","max-image-preview":"max-image-preview:large","max-video-preview":"max-video-preview:-1"},"canonical":"https:\/\/shop.bazarcia.com\/en\/product\/matriz-safari-menina\/","og_locale":"en_US","og_type":"article","og_title":"Matriz - Safari Menina - \ud835\udc1b\ud835\udc1a\ud835\udc33\ud835\udc1a\ud835\udc2b &amp; \ud835\udc1c\ud835\udc22\ud835\udc1a","og_description":"Sabe aquele tema maravilhoso que as mam\u00e3es amam!? Ent\u00e3o chegou em nosso site a Cole\u00e7\u00e3o Safari Menina em pontos leves, r\u00e1pidas e f\u00e1cil de bordar, fica lindo em jogos de toalhas, sa\u00edda maternidade, enxoval de beb\u00ea, toalhinhas, etc Tamanhos a partir de 11, 12 e 13 cm Juntos 13 x 18 8 chaveirinhos","og_url":"https:\/\/shop.bazarcia.com\/en\/product\/matriz-safari-menina\/","og_site_name":"\ud835\udc1b\ud835\udc1a\ud835\udc33\ud835\udc1a\ud835\udc2b &amp; \ud835\udc1c\ud835\udc22\ud835\udc1a","article_publisher":"https:\/\/www.facebook.com\/shopbazarcia","article_modified_time":"2023-05-01T03:00:07+00:00","og_image":[{"width":1080,"height":1080,"url":"https:\/\/shop.bazarcia.com\/wp-content\/uploads\/2023\/04\/Florais-Moldurinhas-18.png","type":"image\/png"}],"twitter_card":"summary_large_image","twitter_misc":{"Est. reading time":"1 minute"},"schema":{"@context":"https:\/\/schema.org","@graph":[{"@type":"WebPage","@id":"https:\/\/shop.bazarcia.com\/produto\/matriz-safari-menina\/","url":"https:\/\/shop.bazarcia.com\/produto\/matriz-safari-menina\/","name":"Matriz - Safari Menina - \ud835\udc1b\ud835\udc1a\ud835\udc33\ud835\udc1a\ud835\udc2b &amp; \ud835\udc1c\ud835\udc22\ud835\udc1a","isPartOf":{"@id":"https:\/\/shop.bazarcia.com\/#website"},"primaryImageOfPage":{"@id":"https:\/\/shop.bazarcia.com\/produto\/matriz-safari-menina\/#primaryimage"},"image":{"@id":"https:\/\/shop.bazarcia.com\/produto\/matriz-safari-menina\/#primaryimage"},"thumbnailUrl":"https:\/\/shop.bazarcia.com\/wp-content\/uploads\/2023\/04\/Florais-Moldurinhas-18.png","datePublished":"2023-04-29T15:31:22+00:00","dateModified":"2023-05-01T03:00:07+00:00","breadcrumb":{"@id":"https:\/\/shop.bazarcia.com\/produto\/matriz-safari-menina\/#breadcrumb"},"inLanguage":"en-US","potentialAction":[{"@type":"ReadAction","target":["https:\/\/shop.bazarcia.com\/produto\/matriz-safari-menina\/"]}]},{"@type":"ImageObject","inLanguage":"en-US","@id":"https:\/\/shop.bazarcia.com\/produto\/matriz-safari-menina\/#primaryimage","url":"https:\/\/shop.bazarcia.com\/wp-content\/uploads\/2023\/04\/Florais-Moldurinhas-18.png","contentUrl":"https:\/\/shop.bazarcia.com\/wp-content\/uploads\/2023\/04\/Florais-Moldurinhas-18.png","width":1080,"height":1080},{"@type":"BreadcrumbList","@id":"https:\/\/shop.bazarcia.com\/produto\/matriz-safari-menina\/#breadcrumb","itemListElement":[{"@type":"ListItem","position":1,"name":"In\u00edcio","item":"https:\/\/shop.bazarcia.com\/"},{"@type":"ListItem","position":2,"name":"Loja","item":"https:\/\/shop.bazarcia.com\/loja\/"},{"@type":"ListItem","position":3,"name":"Matriz &#8211; Safari Menina"}]},{"@type":"WebSite","@id":"https:\/\/shop.bazarcia.com\/#website","url":"https:\/\/shop.bazarcia.com\/","name":"Bazar & Cia","description":"criatividade ponto a ponto","publisher":{"@id":"https:\/\/shop.bazarcia.com\/#organization"},"potentialAction":[{"@type":"SearchAction","target":{"@type":"EntryPoint","urlTemplate":"https:\/\/shop.bazarcia.com\/?s={search_term_string}"},"query-input":{"@type":"PropertyValueSpecification","valueRequired":true,"valueName":"search_term_string"}}],"inLanguage":"en-US"},{"@type":"Organization","@id":"https:\/\/shop.bazarcia.com\/#organization","name":"Bazar & Cia","url":"https:\/\/shop.bazarcia.com\/","logo":{"@type":"ImageObject","inLanguage":"en-US","@id":"https:\/\/shop.bazarcia.com\/#\/schema\/logo\/image\/","url":"https:\/\/shop.bazarcia.com\/wp-content\/uploads\/2024\/02\/cropped-logo_bazarcia.png","contentUrl":"https:\/\/shop.bazarcia.com\/wp-content\/uploads\/2024\/02\/cropped-logo_bazarcia.png","width":150,"height":150,"caption":"Bazar & Cia"},"image":{"@id":"https:\/\/shop.bazarcia.com\/#\/schema\/logo\/image\/"},"sameAs":["https:\/\/www.facebook.com\/shopbazarcia","https:\/\/www.instagram.com\/shopbazarcia","https:\/\/br.pinterest.com\/suzane_eloise\/","https:\/\/www.youtube.com\/c\/BazardoBordadoMatrizeseProjetos"]}]}},"_links":{"self":[{"href":"https:\/\/shop.bazarcia.com\/en\/wp-json\/wp\/v2\/product\/227198","targetHints":{"allow":["GET"]}}],"collection":[{"href":"https:\/\/shop.bazarcia.com\/en\/wp-json\/wp\/v2\/product"}],"about":[{"href":"https:\/\/shop.bazarcia.com\/en\/wp-json\/wp\/v2\/types\/product"}],"replies":[{"embeddable":true,"href":"https:\/\/shop.bazarcia.com\/en\/wp-json\/wp\/v2\/comments?post=227198"}],"version-history":[{"count":1,"href":"https:\/\/shop.bazarcia.com\/en\/wp-json\/wp\/v2\/product\/227198\/revisions"}],"predecessor-version":[{"id":227200,"href":"https:\/\/shop.bazarcia.com\/en\/wp-json\/wp\/v2\/product\/227198\/revisions\/227200"}],"wp:featuredmedia":[{"embeddable":true,"href":"https:\/\/shop.bazarcia.com\/en\/wp-json\/wp\/v2\/media\/227194"}],"wp:attachment":[{"href":"https:\/\/shop.bazarcia.com\/en\/wp-json\/wp\/v2\/media?parent=227198"}],"wp:term":[{"taxonomy":"product_brand","embeddable":true,"href":"https:\/\/shop.bazarcia.com\/en\/wp-json\/wp\/v2\/product_brand?post=227198"},{"taxonomy":"product_cat","embeddable":true,"href":"https:\/\/shop.bazarcia.com\/en\/wp-json\/wp\/v2\/product_cat?post=227198"},{"taxonomy":"product_tag","embeddable":true,"href":"https:\/\/shop.bazarcia.com\/en\/wp-json\/wp\/v2\/product_tag?post=227198"}],"curies":[{"name":"wp","href":"https:\/\/api.w.org\/{rel}","templated":true}]}}