{"id":227298,"date":"2023-04-30T12:04:17","date_gmt":"2023-04-30T15:04:17","guid":{"rendered":"https:\/\/shop.bazarcia.com\/produto\/matriz-de-bordado-girafinha-menina-2\/"},"modified":"2024-08-26T04:42:22","modified_gmt":"2024-08-26T07:42:22","slug":"matriz-de-bordado-girafinha-menina-2","status":"publish","type":"product","link":"https:\/\/shop.bazarcia.com\/en\/product\/matriz-de-bordado-girafinha-menina-2\/","title":{"rendered":"Matriz de Bordado &#8211; Girafinha Menina"},"content":{"rendered":"<p><span style=\"color: #666666;font-family: Montserrat, sans-serif;font-size: 18px\">Este \u00e9 um arquivo digital de matriz de bordado computadorizado, necess\u00e1rio m\u00e1quina de bordar para a utiliza\u00e7\u00e3o do produto.<\/span><\/p>\n<p><strong>4 TAMANHO<\/strong><\/p>\n<p><strong>Largura (cm ) 9\u00d7 10 <\/strong><strong>Al<\/strong><strong>tura\u00a0(cm)\u00a0<\/strong><strong>Pontos: 10813<\/strong><\/p>\n<p><strong>Largura (cm ) 11\u00d7 12 <\/strong><strong>Al<\/strong><strong>tura\u00a0(cm)\u00a0<\/strong><strong>Pontos: 13227<\/strong><\/p>\n<p><strong>Largura (cm ) 12 \u00d7 13,5 <\/strong><strong>Al<\/strong><strong>tura\u00a0(cm)\u00a0<\/strong><strong>Pontos: 15238<\/strong><\/p>\n<p><strong>Largura (cm ) 12,5\u00d7 14 <\/strong><strong>Al<\/strong><strong>tura\u00a0(cm)\u00a0<\/strong><strong>Pontos: 16226<\/strong><\/p>\n<p><strong>Bastidor a partir do: 10x10cm \/ 14x14cm \/ 13x18cm<\/strong><\/p>\n<p><strong>Quantidade De Cores: 10 Cores<\/strong><\/p>\n<p style=\"margin: 0px 0px 1rem;padding: 0px;border: 0px;vertical-align: baseline;line-height: inherit;font-family: Montserrat, sans-serif;font-size: 18px;color: #666666\">Antes de efetuar a compra, verifique a compatibilidade dos tamanhos dispon\u00edveis da matriz com o tamanho de bastidor da sua m\u00e1quina de bordar, ap\u00f3s a entrega n\u00e3o realizamos trocas nem devolu\u00e7\u00e3o, pois \u00e9 um arquivo digital.<\/p>\n<p style=\"margin: 0px 0px 1rem;padding: 0px;border: 0px;vertical-align: baseline;line-height: inherit;font-family: Montserrat, sans-serif;font-size: 18px;color: #666666\">Ap\u00f3s a finaliza\u00e7\u00e3o do pedido e confirma\u00e7\u00e3o do pagamento, acesse sua conta e na aba \u201cDownload\u201d estar\u00e1 dispon\u00edvel o arquivo para voc\u00ea baixar suas matrizes.<\/p>\n<p style=\"margin: 0px 0px 1rem;padding: 0px;border: 0px;vertical-align: baseline;line-height: inherit;font-family: Montserrat, sans-serif;font-size: 18px;color: #666666\">Formatos: JEF, PES, DST, EXP, XXX e HUS<\/p>\n<p style=\"margin: 0px 0px 1rem;padding: 0px;border: 0px;vertical-align: baseline;line-height: inherit;font-family: Montserrat, sans-serif;font-size: 18px;color: #666666\">Libera\u00e7\u00e3o autom\u00e1tica das matrizes ap\u00f3s a confirma\u00e7\u00e3o do pagamento<\/p>\n<p style=\"margin: 0px 0px 1rem;padding: 0px;border: 0px;vertical-align: baseline;line-height: inherit;font-family: Montserrat, sans-serif;font-size: 18px;color: #666666\">Matriz de bordado desenvolvida pela Designer e Programadora de Matrizes de Bordados: Mirna Programadora<\/p>","protected":false},"excerpt":{"rendered":"<p>4 TAMANHO<\/p>\n<p>Largura (cm ) 9\u00d7 10 Altura\u00a0(cm)\u00a0Pontos: 10813<\/p>\n<p>Largura (cm ) 11\u00d7 12 Altura\u00a0(cm)\u00a0Pontos: 13227<\/p>\n<p>Largura (cm ) 12 \u00d7 13,5 Altura\u00a0(cm)\u00a0Pontos: 15238<\/p>\n<p>Largura (cm ) 12,5\u00d7 14 Altura\u00a0(cm)\u00a0Pontos: 16226<\/p>\n<p>Bastidor a partir do: 10x10cm \/ 14x14cm \/ 13x18cm<\/p>","protected":false},"featured_media":227297,"comment_status":"closed","ping_status":"closed","template":"","meta":{"_acf_changed":false,"_joinchat":[]},"product_brand":[],"product_cat":[84,122,235,234,1059,1061],"product_tag":[1430,1432],"class_list":{"0":"post-227298","1":"product","2":"type-product","3":"status-publish","4":"has-post-thumbnail","6":"product_cat-matrizes-de-bordado","7":"product_cat-matrizes-de-bordado-animais","8":"product_cat-girafinha","9":"product_cat-safari","10":"product_cat-criancas","11":"product_cat-meninas","12":"product_tag-matriz-de-bordado","13":"product_tag-matrizes-de-bordado","15":"first","16":"instock","17":"downloadable","18":"virtual","19":"sold-individually","20":"purchasable","21":"product-type-simple"},"acf":[],"yoast_head":"<!-- This site is optimized with the Yoast SEO plugin v27.2 - https:\/\/yoast.com\/product\/yoast-seo-wordpress\/ -->\n<title>Matriz de Bordado - Girafinha Menina - \ud835\udc1b\ud835\udc1a\ud835\udc33\ud835\udc1a\ud835\udc2b &amp; \ud835\udc1c\ud835\udc22\ud835\udc1a<\/title>\n<meta name=\"robots\" content=\"index, follow, max-snippet:-1, max-image-preview:large, max-video-preview:-1\" \/>\n<link rel=\"canonical\" href=\"https:\/\/shop.bazarcia.com\/en\/product\/matriz-de-bordado-girafinha-menina-2\/\" \/>\n<meta property=\"og:locale\" content=\"en_US\" \/>\n<meta property=\"og:type\" content=\"article\" \/>\n<meta property=\"og:title\" content=\"Matriz de Bordado - Girafinha Menina - \ud835\udc1b\ud835\udc1a\ud835\udc33\ud835\udc1a\ud835\udc2b &amp; \ud835\udc1c\ud835\udc22\ud835\udc1a\" \/>\n<meta property=\"og:description\" content=\"4 TAMANHO  Largura (cm ) 9\u00d7 10 Altura\u00a0(cm)\u00a0Pontos: 10813  Largura (cm ) 11\u00d7 12 Altura\u00a0(cm)\u00a0Pontos: 13227  Largura (cm ) 12 \u00d7 13,5 Altura\u00a0(cm)\u00a0Pontos: 15238  Largura (cm ) 12,5\u00d7 14 Altura\u00a0(cm)\u00a0Pontos: 16226  Bastidor a partir do: 10x10cm \/ 14x14cm \/ 13x18cm\" \/>\n<meta property=\"og:url\" content=\"https:\/\/shop.bazarcia.com\/en\/product\/matriz-de-bordado-girafinha-menina-2\/\" \/>\n<meta property=\"og:site_name\" content=\"\ud835\udc1b\ud835\udc1a\ud835\udc33\ud835\udc1a\ud835\udc2b &amp; \ud835\udc1c\ud835\udc22\ud835\udc1a\" \/>\n<meta property=\"article:publisher\" content=\"https:\/\/www.facebook.com\/shopbazarcia\" \/>\n<meta property=\"article:modified_time\" content=\"2024-08-26T07:42:22+00:00\" \/>\n<meta property=\"og:image\" content=\"https:\/\/shop.bazarcia.com\/wp-content\/uploads\/2023\/04\/matriz-de-bordado-girafinha-menina-bdb.jpg\" \/>\n\t<meta property=\"og:image:width\" content=\"1084\" \/>\n\t<meta property=\"og:image:height\" content=\"1082\" \/>\n\t<meta property=\"og:image:type\" content=\"image\/jpeg\" \/>\n<meta name=\"twitter:card\" content=\"summary_large_image\" \/>\n<meta name=\"twitter:label1\" content=\"Est. reading time\" \/>\n\t<meta name=\"twitter:data1\" content=\"1 minute\" \/>\n<script type=\"application\/ld+json\" class=\"yoast-schema-graph\">{\"@context\":\"https:\/\/schema.org\",\"@graph\":[{\"@type\":\"WebPage\",\"@id\":\"https:\/\/shop.bazarcia.com\/produto\/matriz-de-bordado-girafinha-menina-2\/\",\"url\":\"https:\/\/shop.bazarcia.com\/produto\/matriz-de-bordado-girafinha-menina-2\/\",\"name\":\"Matriz de Bordado - Girafinha Menina - \ud835\udc1b\ud835\udc1a\ud835\udc33\ud835\udc1a\ud835\udc2b &amp; \ud835\udc1c\ud835\udc22\ud835\udc1a\",\"isPartOf\":{\"@id\":\"https:\/\/shop.bazarcia.com\/#website\"},\"primaryImageOfPage\":{\"@id\":\"https:\/\/shop.bazarcia.com\/produto\/matriz-de-bordado-girafinha-menina-2\/#primaryimage\"},\"image\":{\"@id\":\"https:\/\/shop.bazarcia.com\/produto\/matriz-de-bordado-girafinha-menina-2\/#primaryimage\"},\"thumbnailUrl\":\"https:\/\/shop.bazarcia.com\/wp-content\/uploads\/2023\/04\/matriz-de-bordado-girafinha-menina-bdb.jpg\",\"datePublished\":\"2023-04-30T15:04:17+00:00\",\"dateModified\":\"2024-08-26T07:42:22+00:00\",\"breadcrumb\":{\"@id\":\"https:\/\/shop.bazarcia.com\/produto\/matriz-de-bordado-girafinha-menina-2\/#breadcrumb\"},\"inLanguage\":\"en-US\",\"potentialAction\":[{\"@type\":\"ReadAction\",\"target\":[\"https:\/\/shop.bazarcia.com\/produto\/matriz-de-bordado-girafinha-menina-2\/\"]}]},{\"@type\":\"ImageObject\",\"inLanguage\":\"en-US\",\"@id\":\"https:\/\/shop.bazarcia.com\/produto\/matriz-de-bordado-girafinha-menina-2\/#primaryimage\",\"url\":\"https:\/\/shop.bazarcia.com\/wp-content\/uploads\/2023\/04\/matriz-de-bordado-girafinha-menina-bdb.jpg\",\"contentUrl\":\"https:\/\/shop.bazarcia.com\/wp-content\/uploads\/2023\/04\/matriz-de-bordado-girafinha-menina-bdb.jpg\",\"width\":1084,\"height\":1082,\"caption\":\"matriz-de-bordado-girafinha-menina-bdb\"},{\"@type\":\"BreadcrumbList\",\"@id\":\"https:\/\/shop.bazarcia.com\/produto\/matriz-de-bordado-girafinha-menina-2\/#breadcrumb\",\"itemListElement\":[{\"@type\":\"ListItem\",\"position\":1,\"name\":\"In\u00edcio\",\"item\":\"https:\/\/shop.bazarcia.com\/\"},{\"@type\":\"ListItem\",\"position\":2,\"name\":\"Loja\",\"item\":\"https:\/\/shop.bazarcia.com\/loja\/\"},{\"@type\":\"ListItem\",\"position\":3,\"name\":\"Matriz de Bordado &#8211; Girafinha Menina\"}]},{\"@type\":\"WebSite\",\"@id\":\"https:\/\/shop.bazarcia.com\/#website\",\"url\":\"https:\/\/shop.bazarcia.com\/\",\"name\":\"Bazar & Cia\",\"description\":\"criatividade ponto a ponto\",\"publisher\":{\"@id\":\"https:\/\/shop.bazarcia.com\/#organization\"},\"potentialAction\":[{\"@type\":\"SearchAction\",\"target\":{\"@type\":\"EntryPoint\",\"urlTemplate\":\"https:\/\/shop.bazarcia.com\/?s={search_term_string}\"},\"query-input\":{\"@type\":\"PropertyValueSpecification\",\"valueRequired\":true,\"valueName\":\"search_term_string\"}}],\"inLanguage\":\"en-US\"},{\"@type\":\"Organization\",\"@id\":\"https:\/\/shop.bazarcia.com\/#organization\",\"name\":\"Bazar & Cia\",\"url\":\"https:\/\/shop.bazarcia.com\/\",\"logo\":{\"@type\":\"ImageObject\",\"inLanguage\":\"en-US\",\"@id\":\"https:\/\/shop.bazarcia.com\/#\/schema\/logo\/image\/\",\"url\":\"https:\/\/shop.bazarcia.com\/wp-content\/uploads\/2024\/02\/cropped-logo_bazarcia.png\",\"contentUrl\":\"https:\/\/shop.bazarcia.com\/wp-content\/uploads\/2024\/02\/cropped-logo_bazarcia.png\",\"width\":150,\"height\":150,\"caption\":\"Bazar & Cia\"},\"image\":{\"@id\":\"https:\/\/shop.bazarcia.com\/#\/schema\/logo\/image\/\"},\"sameAs\":[\"https:\/\/www.facebook.com\/shopbazarcia\",\"https:\/\/www.instagram.com\/shopbazarcia\",\"https:\/\/br.pinterest.com\/suzane_eloise\/\",\"https:\/\/www.youtube.com\/c\/BazardoBordadoMatrizeseProjetos\"]}]}<\/script>\n<!-- \/ Yoast SEO plugin. -->","yoast_head_json":{"title":"Matriz de Bordado - Girafinha Menina - \ud835\udc1b\ud835\udc1a\ud835\udc33\ud835\udc1a\ud835\udc2b &amp; \ud835\udc1c\ud835\udc22\ud835\udc1a","robots":{"index":"index","follow":"follow","max-snippet":"max-snippet:-1","max-image-preview":"max-image-preview:large","max-video-preview":"max-video-preview:-1"},"canonical":"https:\/\/shop.bazarcia.com\/en\/product\/matriz-de-bordado-girafinha-menina-2\/","og_locale":"en_US","og_type":"article","og_title":"Matriz de Bordado - Girafinha Menina - \ud835\udc1b\ud835\udc1a\ud835\udc33\ud835\udc1a\ud835\udc2b &amp; \ud835\udc1c\ud835\udc22\ud835\udc1a","og_description":"4 TAMANHO  Largura (cm ) 9\u00d7 10 Altura\u00a0(cm)\u00a0Pontos: 10813  Largura (cm ) 11\u00d7 12 Altura\u00a0(cm)\u00a0Pontos: 13227  Largura (cm ) 12 \u00d7 13,5 Altura\u00a0(cm)\u00a0Pontos: 15238  Largura (cm ) 12,5\u00d7 14 Altura\u00a0(cm)\u00a0Pontos: 16226  Bastidor a partir do: 10x10cm \/ 14x14cm \/ 13x18cm","og_url":"https:\/\/shop.bazarcia.com\/en\/product\/matriz-de-bordado-girafinha-menina-2\/","og_site_name":"\ud835\udc1b\ud835\udc1a\ud835\udc33\ud835\udc1a\ud835\udc2b &amp; \ud835\udc1c\ud835\udc22\ud835\udc1a","article_publisher":"https:\/\/www.facebook.com\/shopbazarcia","article_modified_time":"2024-08-26T07:42:22+00:00","og_image":[{"width":1084,"height":1082,"url":"https:\/\/shop.bazarcia.com\/wp-content\/uploads\/2023\/04\/matriz-de-bordado-girafinha-menina-bdb.jpg","type":"image\/jpeg"}],"twitter_card":"summary_large_image","twitter_misc":{"Est. reading time":"1 minute"},"schema":{"@context":"https:\/\/schema.org","@graph":[{"@type":"WebPage","@id":"https:\/\/shop.bazarcia.com\/produto\/matriz-de-bordado-girafinha-menina-2\/","url":"https:\/\/shop.bazarcia.com\/produto\/matriz-de-bordado-girafinha-menina-2\/","name":"Matriz de Bordado - Girafinha Menina - \ud835\udc1b\ud835\udc1a\ud835\udc33\ud835\udc1a\ud835\udc2b &amp; \ud835\udc1c\ud835\udc22\ud835\udc1a","isPartOf":{"@id":"https:\/\/shop.bazarcia.com\/#website"},"primaryImageOfPage":{"@id":"https:\/\/shop.bazarcia.com\/produto\/matriz-de-bordado-girafinha-menina-2\/#primaryimage"},"image":{"@id":"https:\/\/shop.bazarcia.com\/produto\/matriz-de-bordado-girafinha-menina-2\/#primaryimage"},"thumbnailUrl":"https:\/\/shop.bazarcia.com\/wp-content\/uploads\/2023\/04\/matriz-de-bordado-girafinha-menina-bdb.jpg","datePublished":"2023-04-30T15:04:17+00:00","dateModified":"2024-08-26T07:42:22+00:00","breadcrumb":{"@id":"https:\/\/shop.bazarcia.com\/produto\/matriz-de-bordado-girafinha-menina-2\/#breadcrumb"},"inLanguage":"en-US","potentialAction":[{"@type":"ReadAction","target":["https:\/\/shop.bazarcia.com\/produto\/matriz-de-bordado-girafinha-menina-2\/"]}]},{"@type":"ImageObject","inLanguage":"en-US","@id":"https:\/\/shop.bazarcia.com\/produto\/matriz-de-bordado-girafinha-menina-2\/#primaryimage","url":"https:\/\/shop.bazarcia.com\/wp-content\/uploads\/2023\/04\/matriz-de-bordado-girafinha-menina-bdb.jpg","contentUrl":"https:\/\/shop.bazarcia.com\/wp-content\/uploads\/2023\/04\/matriz-de-bordado-girafinha-menina-bdb.jpg","width":1084,"height":1082,"caption":"matriz-de-bordado-girafinha-menina-bdb"},{"@type":"BreadcrumbList","@id":"https:\/\/shop.bazarcia.com\/produto\/matriz-de-bordado-girafinha-menina-2\/#breadcrumb","itemListElement":[{"@type":"ListItem","position":1,"name":"In\u00edcio","item":"https:\/\/shop.bazarcia.com\/"},{"@type":"ListItem","position":2,"name":"Loja","item":"https:\/\/shop.bazarcia.com\/loja\/"},{"@type":"ListItem","position":3,"name":"Matriz de Bordado &#8211; Girafinha Menina"}]},{"@type":"WebSite","@id":"https:\/\/shop.bazarcia.com\/#website","url":"https:\/\/shop.bazarcia.com\/","name":"Bazar & Cia","description":"criatividade ponto a ponto","publisher":{"@id":"https:\/\/shop.bazarcia.com\/#organization"},"potentialAction":[{"@type":"SearchAction","target":{"@type":"EntryPoint","urlTemplate":"https:\/\/shop.bazarcia.com\/?s={search_term_string}"},"query-input":{"@type":"PropertyValueSpecification","valueRequired":true,"valueName":"search_term_string"}}],"inLanguage":"en-US"},{"@type":"Organization","@id":"https:\/\/shop.bazarcia.com\/#organization","name":"Bazar & Cia","url":"https:\/\/shop.bazarcia.com\/","logo":{"@type":"ImageObject","inLanguage":"en-US","@id":"https:\/\/shop.bazarcia.com\/#\/schema\/logo\/image\/","url":"https:\/\/shop.bazarcia.com\/wp-content\/uploads\/2024\/02\/cropped-logo_bazarcia.png","contentUrl":"https:\/\/shop.bazarcia.com\/wp-content\/uploads\/2024\/02\/cropped-logo_bazarcia.png","width":150,"height":150,"caption":"Bazar & Cia"},"image":{"@id":"https:\/\/shop.bazarcia.com\/#\/schema\/logo\/image\/"},"sameAs":["https:\/\/www.facebook.com\/shopbazarcia","https:\/\/www.instagram.com\/shopbazarcia","https:\/\/br.pinterest.com\/suzane_eloise\/","https:\/\/www.youtube.com\/c\/BazardoBordadoMatrizeseProjetos"]}]}},"_links":{"self":[{"href":"https:\/\/shop.bazarcia.com\/en\/wp-json\/wp\/v2\/product\/227298","targetHints":{"allow":["GET"]}}],"collection":[{"href":"https:\/\/shop.bazarcia.com\/en\/wp-json\/wp\/v2\/product"}],"about":[{"href":"https:\/\/shop.bazarcia.com\/en\/wp-json\/wp\/v2\/types\/product"}],"replies":[{"embeddable":true,"href":"https:\/\/shop.bazarcia.com\/en\/wp-json\/wp\/v2\/comments?post=227298"}],"version-history":[{"count":1,"href":"https:\/\/shop.bazarcia.com\/en\/wp-json\/wp\/v2\/product\/227298\/revisions"}],"predecessor-version":[{"id":227300,"href":"https:\/\/shop.bazarcia.com\/en\/wp-json\/wp\/v2\/product\/227298\/revisions\/227300"}],"wp:featuredmedia":[{"embeddable":true,"href":"https:\/\/shop.bazarcia.com\/en\/wp-json\/wp\/v2\/media\/227297"}],"wp:attachment":[{"href":"https:\/\/shop.bazarcia.com\/en\/wp-json\/wp\/v2\/media?parent=227298"}],"wp:term":[{"taxonomy":"product_brand","embeddable":true,"href":"https:\/\/shop.bazarcia.com\/en\/wp-json\/wp\/v2\/product_brand?post=227298"},{"taxonomy":"product_cat","embeddable":true,"href":"https:\/\/shop.bazarcia.com\/en\/wp-json\/wp\/v2\/product_cat?post=227298"},{"taxonomy":"product_tag","embeddable":true,"href":"https:\/\/shop.bazarcia.com\/en\/wp-json\/wp\/v2\/product_tag?post=227298"}],"curies":[{"name":"wp","href":"https:\/\/api.w.org\/{rel}","templated":true}]}}