{"id":228703,"date":"2023-05-08T15:38:03","date_gmt":"2023-05-08T18:38:03","guid":{"rendered":"https:\/\/shop.bazarcia.com\/produto\/porta-veu-projeto\/"},"modified":"2023-08-09T16:25:25","modified_gmt":"2023-08-09T19:25:25","slug":"porta-veu-projeto","status":"publish","type":"product","link":"https:\/\/shop.bazarcia.com\/en\/product\/porta-veu-projeto\/","title":{"rendered":"Porta V\u00e9u &#8211; Projeto"},"content":{"rendered":"","protected":false},"excerpt":{"rendered":"<p>Porta V\u00e9u CCB<br \/>\nCongrega\u00e7\u00e3o Crist\u00e3 Brasil<\/p>\n<p>Projeto 100% na Bordadeira Bastidor apartir de 13&#215;18<br \/>\nAten\u00e7\u00e3o Bolsa Ester no Bastidor de 13&#215;18<br \/>\nN\u00e3o cabe o V\u00e9u..<br \/>\nOp\u00e7\u00e3o pra necessaire<br \/>\nAba da Bolsinha Ester e colocado na M\u00e1quina de Costura.<\/p>\n<p>?Porta V\u00e9u Ester<br \/>\n?Porta V\u00e9u D\u00e9bora<br \/>\n?Porta Receitativo<br \/>\nBastidores A partir de 13&#215;18<br \/>\nAcompanha PAP (Passo a passo em V\u00eddeo).<\/p>\n<p>Ap\u00f3s a compra voc\u00ea confere aqui mesmo no site os v\u00eddeos.<\/p>\n<p>Para acessar a aula, basta estar logado em sua conta no site<\/p>\n<p>Moldes em PDF<br \/>\nApostila Com as Medidas<br \/>\nOs arquivos ser\u00e3o disponibilizados para DOWNLOAD em sua conta no site.(N\u00c3O SER\u00c3O ENVIADOS NO EMAIL).<\/p>\n<p>Ap\u00f3s a confirma\u00e7\u00e3o do pagamento e enviado um e-mail com as informa\u00e7\u00f5es sobre o pedido.<\/p>","protected":false},"featured_media":228694,"comment_status":"open","ping_status":"closed","template":"","meta":{"_acf_changed":false,"_joinchat":[]},"product_brand":[],"product_cat":[98,1416],"product_tag":[],"class_list":{"0":"post-228703","1":"product","2":"type-product","3":"status-publish","4":"has-post-thumbnail","6":"product_cat-projetos-na-bordadeira-in-the-hoop-embroidery","7":"product_cat-bolsinha-na-bordadeira-ith","9":"first","10":"instock","11":"downloadable","12":"virtual","13":"purchasable","14":"product-type-simple"},"acf":[],"yoast_head":"<!-- This site is optimized with the Yoast SEO plugin v27.2 - https:\/\/yoast.com\/product\/yoast-seo-wordpress\/ -->\n<title>Porta V\u00e9u - Projeto - \ud835\udc1b\ud835\udc1a\ud835\udc33\ud835\udc1a\ud835\udc2b &amp; \ud835\udc1c\ud835\udc22\ud835\udc1a<\/title>\n<meta name=\"robots\" content=\"index, follow, max-snippet:-1, max-image-preview:large, max-video-preview:-1\" \/>\n<link rel=\"canonical\" href=\"https:\/\/shop.bazarcia.com\/en\/product\/porta-veu-projeto\/\" \/>\n<meta property=\"og:locale\" content=\"en_US\" \/>\n<meta property=\"og:type\" content=\"article\" \/>\n<meta property=\"og:title\" content=\"Porta V\u00e9u - Projeto - \ud835\udc1b\ud835\udc1a\ud835\udc33\ud835\udc1a\ud835\udc2b &amp; \ud835\udc1c\ud835\udc22\ud835\udc1a\" \/>\n<meta property=\"og:description\" content=\"Porta V\u00e9u CCB Congrega\u00e7\u00e3o Crist\u00e3 Brasil  Projeto 100% na Bordadeira Bastidor apartir de 13x18 Aten\u00e7\u00e3o Bolsa Ester no Bastidor de 13x18 N\u00e3o cabe o V\u00e9u.. Op\u00e7\u00e3o pra necessaire Aba da Bolsinha Ester e colocado na M\u00e1quina de Costura.  ?Porta V\u00e9u Ester ?Porta V\u00e9u D\u00e9bora ?Porta Receitativo Bastidores A partir de 13x18 Acompanha PAP (Passo a passo em V\u00eddeo).  Ap\u00f3s a compra voc\u00ea confere aqui mesmo no site os v\u00eddeos.  Para acessar a aula, basta estar logado em sua conta no site  Moldes em PDF Apostila Com as Medidas Os arquivos ser\u00e3o disponibilizados para DOWNLOAD em sua conta no site.(N\u00c3O SER\u00c3O ENVIADOS NO EMAIL).  Ap\u00f3s a confirma\u00e7\u00e3o do pagamento e enviado um e-mail com as informa\u00e7\u00f5es sobre o pedido.\" \/>\n<meta property=\"og:url\" content=\"https:\/\/shop.bazarcia.com\/en\/product\/porta-veu-projeto\/\" \/>\n<meta property=\"og:site_name\" content=\"\ud835\udc1b\ud835\udc1a\ud835\udc33\ud835\udc1a\ud835\udc2b &amp; \ud835\udc1c\ud835\udc22\ud835\udc1a\" \/>\n<meta property=\"article:publisher\" content=\"https:\/\/www.facebook.com\/shopbazarcia\" \/>\n<meta property=\"article:modified_time\" content=\"2023-08-09T19:25:25+00:00\" \/>\n<meta property=\"og:image\" content=\"https:\/\/shop.bazarcia.com\/wp-content\/uploads\/2023\/05\/WhatsApp-Image-2023-05-08-at-15.18.36.jpeg\" \/>\n\t<meta property=\"og:image:width\" content=\"1080\" \/>\n\t<meta property=\"og:image:height\" content=\"1080\" \/>\n\t<meta property=\"og:image:type\" content=\"image\/jpeg\" \/>\n<meta name=\"twitter:card\" content=\"summary_large_image\" \/>\n<script type=\"application\/ld+json\" class=\"yoast-schema-graph\">{\"@context\":\"https:\/\/schema.org\",\"@graph\":[{\"@type\":\"WebPage\",\"@id\":\"https:\/\/shop.bazarcia.com\/produto\/porta-veu-projeto\/\",\"url\":\"https:\/\/shop.bazarcia.com\/produto\/porta-veu-projeto\/\",\"name\":\"Porta V\u00e9u - Projeto - \ud835\udc1b\ud835\udc1a\ud835\udc33\ud835\udc1a\ud835\udc2b &amp; \ud835\udc1c\ud835\udc22\ud835\udc1a\",\"isPartOf\":{\"@id\":\"https:\/\/shop.bazarcia.com\/#website\"},\"primaryImageOfPage\":{\"@id\":\"https:\/\/shop.bazarcia.com\/produto\/porta-veu-projeto\/#primaryimage\"},\"image\":{\"@id\":\"https:\/\/shop.bazarcia.com\/produto\/porta-veu-projeto\/#primaryimage\"},\"thumbnailUrl\":\"https:\/\/shop.bazarcia.com\/wp-content\/uploads\/2023\/05\/WhatsApp-Image-2023-05-08-at-15.18.36.jpeg\",\"datePublished\":\"2023-05-08T18:38:03+00:00\",\"dateModified\":\"2023-08-09T19:25:25+00:00\",\"breadcrumb\":{\"@id\":\"https:\/\/shop.bazarcia.com\/produto\/porta-veu-projeto\/#breadcrumb\"},\"inLanguage\":\"en-US\",\"potentialAction\":[{\"@type\":\"ReadAction\",\"target\":[\"https:\/\/shop.bazarcia.com\/produto\/porta-veu-projeto\/\"]}]},{\"@type\":\"ImageObject\",\"inLanguage\":\"en-US\",\"@id\":\"https:\/\/shop.bazarcia.com\/produto\/porta-veu-projeto\/#primaryimage\",\"url\":\"https:\/\/shop.bazarcia.com\/wp-content\/uploads\/2023\/05\/WhatsApp-Image-2023-05-08-at-15.18.36.jpeg\",\"contentUrl\":\"https:\/\/shop.bazarcia.com\/wp-content\/uploads\/2023\/05\/WhatsApp-Image-2023-05-08-at-15.18.36.jpeg\",\"width\":1080,\"height\":1080},{\"@type\":\"BreadcrumbList\",\"@id\":\"https:\/\/shop.bazarcia.com\/produto\/porta-veu-projeto\/#breadcrumb\",\"itemListElement\":[{\"@type\":\"ListItem\",\"position\":1,\"name\":\"In\u00edcio\",\"item\":\"https:\/\/shop.bazarcia.com\/\"},{\"@type\":\"ListItem\",\"position\":2,\"name\":\"Loja\",\"item\":\"https:\/\/shop.bazarcia.com\/loja\/\"},{\"@type\":\"ListItem\",\"position\":3,\"name\":\"Porta V\u00e9u &#8211; Projeto\"}]},{\"@type\":\"WebSite\",\"@id\":\"https:\/\/shop.bazarcia.com\/#website\",\"url\":\"https:\/\/shop.bazarcia.com\/\",\"name\":\"Bazar & Cia\",\"description\":\"criatividade ponto a ponto\",\"publisher\":{\"@id\":\"https:\/\/shop.bazarcia.com\/#organization\"},\"potentialAction\":[{\"@type\":\"SearchAction\",\"target\":{\"@type\":\"EntryPoint\",\"urlTemplate\":\"https:\/\/shop.bazarcia.com\/?s={search_term_string}\"},\"query-input\":{\"@type\":\"PropertyValueSpecification\",\"valueRequired\":true,\"valueName\":\"search_term_string\"}}],\"inLanguage\":\"en-US\"},{\"@type\":\"Organization\",\"@id\":\"https:\/\/shop.bazarcia.com\/#organization\",\"name\":\"Bazar & Cia\",\"url\":\"https:\/\/shop.bazarcia.com\/\",\"logo\":{\"@type\":\"ImageObject\",\"inLanguage\":\"en-US\",\"@id\":\"https:\/\/shop.bazarcia.com\/#\/schema\/logo\/image\/\",\"url\":\"https:\/\/shop.bazarcia.com\/wp-content\/uploads\/2024\/02\/cropped-logo_bazarcia.png\",\"contentUrl\":\"https:\/\/shop.bazarcia.com\/wp-content\/uploads\/2024\/02\/cropped-logo_bazarcia.png\",\"width\":150,\"height\":150,\"caption\":\"Bazar & Cia\"},\"image\":{\"@id\":\"https:\/\/shop.bazarcia.com\/#\/schema\/logo\/image\/\"},\"sameAs\":[\"https:\/\/www.facebook.com\/shopbazarcia\",\"https:\/\/www.instagram.com\/shopbazarcia\",\"https:\/\/br.pinterest.com\/suzane_eloise\/\",\"https:\/\/www.youtube.com\/c\/BazardoBordadoMatrizeseProjetos\"]}]}<\/script>\n<!-- \/ Yoast SEO plugin. -->","yoast_head_json":{"title":"Porta V\u00e9u - Projeto - \ud835\udc1b\ud835\udc1a\ud835\udc33\ud835\udc1a\ud835\udc2b &amp; \ud835\udc1c\ud835\udc22\ud835\udc1a","robots":{"index":"index","follow":"follow","max-snippet":"max-snippet:-1","max-image-preview":"max-image-preview:large","max-video-preview":"max-video-preview:-1"},"canonical":"https:\/\/shop.bazarcia.com\/en\/product\/porta-veu-projeto\/","og_locale":"en_US","og_type":"article","og_title":"Porta V\u00e9u - Projeto - \ud835\udc1b\ud835\udc1a\ud835\udc33\ud835\udc1a\ud835\udc2b &amp; \ud835\udc1c\ud835\udc22\ud835\udc1a","og_description":"Porta V\u00e9u CCB Congrega\u00e7\u00e3o Crist\u00e3 Brasil  Projeto 100% na Bordadeira Bastidor apartir de 13x18 Aten\u00e7\u00e3o Bolsa Ester no Bastidor de 13x18 N\u00e3o cabe o V\u00e9u.. Op\u00e7\u00e3o pra necessaire Aba da Bolsinha Ester e colocado na M\u00e1quina de Costura.  ?Porta V\u00e9u Ester ?Porta V\u00e9u D\u00e9bora ?Porta Receitativo Bastidores A partir de 13x18 Acompanha PAP (Passo a passo em V\u00eddeo).  Ap\u00f3s a compra voc\u00ea confere aqui mesmo no site os v\u00eddeos.  Para acessar a aula, basta estar logado em sua conta no site  Moldes em PDF Apostila Com as Medidas Os arquivos ser\u00e3o disponibilizados para DOWNLOAD em sua conta no site.(N\u00c3O SER\u00c3O ENVIADOS NO EMAIL).  Ap\u00f3s a confirma\u00e7\u00e3o do pagamento e enviado um e-mail com as informa\u00e7\u00f5es sobre o pedido.","og_url":"https:\/\/shop.bazarcia.com\/en\/product\/porta-veu-projeto\/","og_site_name":"\ud835\udc1b\ud835\udc1a\ud835\udc33\ud835\udc1a\ud835\udc2b &amp; \ud835\udc1c\ud835\udc22\ud835\udc1a","article_publisher":"https:\/\/www.facebook.com\/shopbazarcia","article_modified_time":"2023-08-09T19:25:25+00:00","og_image":[{"width":1080,"height":1080,"url":"https:\/\/shop.bazarcia.com\/wp-content\/uploads\/2023\/05\/WhatsApp-Image-2023-05-08-at-15.18.36.jpeg","type":"image\/jpeg"}],"twitter_card":"summary_large_image","schema":{"@context":"https:\/\/schema.org","@graph":[{"@type":"WebPage","@id":"https:\/\/shop.bazarcia.com\/produto\/porta-veu-projeto\/","url":"https:\/\/shop.bazarcia.com\/produto\/porta-veu-projeto\/","name":"Porta V\u00e9u - Projeto - \ud835\udc1b\ud835\udc1a\ud835\udc33\ud835\udc1a\ud835\udc2b &amp; \ud835\udc1c\ud835\udc22\ud835\udc1a","isPartOf":{"@id":"https:\/\/shop.bazarcia.com\/#website"},"primaryImageOfPage":{"@id":"https:\/\/shop.bazarcia.com\/produto\/porta-veu-projeto\/#primaryimage"},"image":{"@id":"https:\/\/shop.bazarcia.com\/produto\/porta-veu-projeto\/#primaryimage"},"thumbnailUrl":"https:\/\/shop.bazarcia.com\/wp-content\/uploads\/2023\/05\/WhatsApp-Image-2023-05-08-at-15.18.36.jpeg","datePublished":"2023-05-08T18:38:03+00:00","dateModified":"2023-08-09T19:25:25+00:00","breadcrumb":{"@id":"https:\/\/shop.bazarcia.com\/produto\/porta-veu-projeto\/#breadcrumb"},"inLanguage":"en-US","potentialAction":[{"@type":"ReadAction","target":["https:\/\/shop.bazarcia.com\/produto\/porta-veu-projeto\/"]}]},{"@type":"ImageObject","inLanguage":"en-US","@id":"https:\/\/shop.bazarcia.com\/produto\/porta-veu-projeto\/#primaryimage","url":"https:\/\/shop.bazarcia.com\/wp-content\/uploads\/2023\/05\/WhatsApp-Image-2023-05-08-at-15.18.36.jpeg","contentUrl":"https:\/\/shop.bazarcia.com\/wp-content\/uploads\/2023\/05\/WhatsApp-Image-2023-05-08-at-15.18.36.jpeg","width":1080,"height":1080},{"@type":"BreadcrumbList","@id":"https:\/\/shop.bazarcia.com\/produto\/porta-veu-projeto\/#breadcrumb","itemListElement":[{"@type":"ListItem","position":1,"name":"In\u00edcio","item":"https:\/\/shop.bazarcia.com\/"},{"@type":"ListItem","position":2,"name":"Loja","item":"https:\/\/shop.bazarcia.com\/loja\/"},{"@type":"ListItem","position":3,"name":"Porta V\u00e9u &#8211; Projeto"}]},{"@type":"WebSite","@id":"https:\/\/shop.bazarcia.com\/#website","url":"https:\/\/shop.bazarcia.com\/","name":"Bazar & Cia","description":"criatividade ponto a ponto","publisher":{"@id":"https:\/\/shop.bazarcia.com\/#organization"},"potentialAction":[{"@type":"SearchAction","target":{"@type":"EntryPoint","urlTemplate":"https:\/\/shop.bazarcia.com\/?s={search_term_string}"},"query-input":{"@type":"PropertyValueSpecification","valueRequired":true,"valueName":"search_term_string"}}],"inLanguage":"en-US"},{"@type":"Organization","@id":"https:\/\/shop.bazarcia.com\/#organization","name":"Bazar & Cia","url":"https:\/\/shop.bazarcia.com\/","logo":{"@type":"ImageObject","inLanguage":"en-US","@id":"https:\/\/shop.bazarcia.com\/#\/schema\/logo\/image\/","url":"https:\/\/shop.bazarcia.com\/wp-content\/uploads\/2024\/02\/cropped-logo_bazarcia.png","contentUrl":"https:\/\/shop.bazarcia.com\/wp-content\/uploads\/2024\/02\/cropped-logo_bazarcia.png","width":150,"height":150,"caption":"Bazar & Cia"},"image":{"@id":"https:\/\/shop.bazarcia.com\/#\/schema\/logo\/image\/"},"sameAs":["https:\/\/www.facebook.com\/shopbazarcia","https:\/\/www.instagram.com\/shopbazarcia","https:\/\/br.pinterest.com\/suzane_eloise\/","https:\/\/www.youtube.com\/c\/BazardoBordadoMatrizeseProjetos"]}]}},"_links":{"self":[{"href":"https:\/\/shop.bazarcia.com\/en\/wp-json\/wp\/v2\/product\/228703","targetHints":{"allow":["GET"]}}],"collection":[{"href":"https:\/\/shop.bazarcia.com\/en\/wp-json\/wp\/v2\/product"}],"about":[{"href":"https:\/\/shop.bazarcia.com\/en\/wp-json\/wp\/v2\/types\/product"}],"replies":[{"embeddable":true,"href":"https:\/\/shop.bazarcia.com\/en\/wp-json\/wp\/v2\/comments?post=228703"}],"version-history":[{"count":4,"href":"https:\/\/shop.bazarcia.com\/en\/wp-json\/wp\/v2\/product\/228703\/revisions"}],"predecessor-version":[{"id":228968,"href":"https:\/\/shop.bazarcia.com\/en\/wp-json\/wp\/v2\/product\/228703\/revisions\/228968"}],"wp:featuredmedia":[{"embeddable":true,"href":"https:\/\/shop.bazarcia.com\/en\/wp-json\/wp\/v2\/media\/228694"}],"wp:attachment":[{"href":"https:\/\/shop.bazarcia.com\/en\/wp-json\/wp\/v2\/media?parent=228703"}],"wp:term":[{"taxonomy":"product_brand","embeddable":true,"href":"https:\/\/shop.bazarcia.com\/en\/wp-json\/wp\/v2\/product_brand?post=228703"},{"taxonomy":"product_cat","embeddable":true,"href":"https:\/\/shop.bazarcia.com\/en\/wp-json\/wp\/v2\/product_cat?post=228703"},{"taxonomy":"product_tag","embeddable":true,"href":"https:\/\/shop.bazarcia.com\/en\/wp-json\/wp\/v2\/product_tag?post=228703"}],"curies":[{"name":"wp","href":"https:\/\/api.w.org\/{rel}","templated":true}]}}