{"id":229861,"date":"2023-05-16T12:52:29","date_gmt":"2023-05-16T15:52:29","guid":{"rendered":"https:\/\/shop.bazarcia.com\/produto\/bordado-pet-personalizado-3\/"},"modified":"2023-05-16T13:01:32","modified_gmt":"2023-05-16T16:01:32","slug":"bordado-pet-personalizado-3","status":"publish","type":"product","link":"https:\/\/shop.bazarcia.com\/en\/product\/bordado-pet-personalizado-3\/","title":{"rendered":"Bordado Pet Personalizado"},"content":{"rendered":"<p>Sempre ao seu lado, eternizado em pintura de linha! Fant\u00e1stico n\u00e9?!<\/p>\n<p>Acompanha bastidor de 20 cm, todo personalizado igual seu amado pet!<\/p>\n<p class=\"_04xlpA direction-ltr align-justify para-style-body\" style=\"color: #57433d;font-family: 'YALBs0MvhmA 0', _fb_, auto;--font-size: 40.0003px;--line-height: 1.4;line-height: 56px\"><span class=\"WdYUQQ\">Oi, tudo bem? Aqui vou colocar algumas informa\u00e7\u00f5es sobre seu bordado.<\/span> <span class=\"WdYUQQ\">Para come\u00e7ar \u00e9 importante dizer que meu trabalho \u00e9 todinho feito a m\u00e3o com todo carinho.<\/span><span class=\"WdYUQQ\">Todo meu trabalho exige etapas que concretizo assim: atendimento personalizado, envio do or\u00e7amento pr\u00e9vio, projeto digital&#8230;at\u00e9 o envio pra voc\u00ea!<\/span><\/p>\n<p class=\"_04xlpA direction-ltr align-justify para-style-body\" style=\"color: #9c625c;font-family: 'YALBs0MvhmA 0', _fb_, auto;--font-size: 40.0003px;--line-height: 1.4;line-height: 56px\"><span class=\"WdYUQQ\" style=\"color: #57433d\">Alguns detalhes do meu trabalho s\u00e3o inegoci\u00e1veis e isso atribui valor ao meu trabalho e no que voc\u00ea ir\u00e1 receber na sua casa.<\/span><\/p>\n<p>&nbsp;<\/p>\n<p class=\"_04xlpA direction-ltr align-justify para-style-body\" style=\"color: #9c625c;font-family: 'YALBs0MvhmA 0', _fb_, auto;--font-size: 40.0003px;--line-height: 1.4;line-height: 56px\"><span class=\"WdYUQQ\" style=\"color: #57433d\">Cada projeto \u00e9 \u00fanico e especial, assim como voc\u00ea, em toda sua complexidade e suas horas de produ\u00e7\u00e3o manual \u00e9 realizado com todo amor, assim a inclus\u00e3o de materiais especiais: pedraria, tecido colorido, linhas douradas ser\u00e1 embutido no or\u00e7amento.<\/span><\/p>\n<p class=\"_04xlpA direction-ltr align-justify para-style-body\" style=\"color: #9c625c;font-family: 'YALBs0MvhmA 0', _fb_, auto;--font-size: 40.0003px;--line-height: 1.4;line-height: 56px\"><span class=\"WdYUQQ\" style=\"color: #57433d\">A medida do seu bordado \u00e9 de 20 cm j\u00e1 no bastidor.<\/span><\/p>\n<p>Para mais informa\u00e7\u00f5es, me chame no whatsapp 16999090001, que terei o prazer em atender!<\/p>\n<p>Por ser produto totalmente personalizado a entrega dever\u00e1 ser previamente combinada, ok.<\/p>","protected":false},"excerpt":{"rendered":"<p>J\u00e1 imaginou seu Aumiguinho eternizado em um lindo bordado todinho feito a m\u00e3o?<br \/>\nAgora \u00e9 poss\u00edvel!<br \/>\nMemorize com amor aquele que est\u00e1 sempre com voc\u00ea!Fazemos Cachorrinhos, Gatinhos, P\u00e1ssaros em pintura em Bordado!<\/p>","protected":false},"featured_media":229845,"comment_status":"open","ping_status":"closed","template":"","meta":{"_acf_changed":false,"_joinchat":[]},"product_brand":[],"product_cat":[122,1692,1081,326,201],"product_tag":[1170],"class_list":{"0":"post-229861","1":"product","2":"type-product","3":"status-publish","4":"has-post-thumbnail","6":"product_cat-matrizes-de-bordado-animais","7":"product_cat-bordados-especiais","8":"product_cat-cachorrinhos","9":"product_cat-gatinhos","10":"product_cat-passarinhos","11":"product_tag-bordado","13":"first","14":"instock","15":"shipping-taxable","16":"purchasable","17":"product-type-simple"},"acf":[],"yoast_head":"<!-- This site is optimized with the Yoast SEO plugin v27.2 - https:\/\/yoast.com\/product\/yoast-seo-wordpress\/ -->\n<title>Bordado Pet Personalizado - \ud835\udc1b\ud835\udc1a\ud835\udc33\ud835\udc1a\ud835\udc2b &amp; \ud835\udc1c\ud835\udc22\ud835\udc1a<\/title>\n<meta name=\"robots\" content=\"index, follow, max-snippet:-1, max-image-preview:large, max-video-preview:-1\" \/>\n<link rel=\"canonical\" href=\"https:\/\/shop.bazarcia.com\/en\/product\/bordado-pet-personalizado-3\/\" \/>\n<meta property=\"og:locale\" content=\"en_US\" \/>\n<meta property=\"og:type\" content=\"article\" \/>\n<meta property=\"og:title\" content=\"Bordado Pet Personalizado - \ud835\udc1b\ud835\udc1a\ud835\udc33\ud835\udc1a\ud835\udc2b &amp; \ud835\udc1c\ud835\udc22\ud835\udc1a\" \/>\n<meta property=\"og:description\" content=\"J\u00e1 imaginou seu Aumiguinho eternizado em um lindo bordado todinho feito a m\u00e3o? Agora \u00e9 poss\u00edvel! Memorize com amor aquele que est\u00e1 sempre com voc\u00ea!Fazemos Cachorrinhos, Gatinhos, P\u00e1ssaros em pintura em Bordado!\" \/>\n<meta property=\"og:url\" content=\"https:\/\/shop.bazarcia.com\/en\/product\/bordado-pet-personalizado-3\/\" \/>\n<meta property=\"og:site_name\" content=\"\ud835\udc1b\ud835\udc1a\ud835\udc33\ud835\udc1a\ud835\udc2b &amp; \ud835\udc1c\ud835\udc22\ud835\udc1a\" \/>\n<meta property=\"article:publisher\" content=\"https:\/\/www.facebook.com\/shopbazarcia\" \/>\n<meta property=\"article:modified_time\" content=\"2023-05-16T16:01:32+00:00\" \/>\n<meta property=\"og:image\" content=\"https:\/\/shop.bazarcia.com\/wp-content\/uploads\/2023\/05\/balu-Copia.png\" \/>\n\t<meta property=\"og:image:width\" content=\"1080\" \/>\n\t<meta property=\"og:image:height\" content=\"1080\" \/>\n\t<meta property=\"og:image:type\" content=\"image\/png\" \/>\n<meta name=\"twitter:card\" content=\"summary_large_image\" \/>\n<meta name=\"twitter:label1\" content=\"Est. reading time\" \/>\n\t<meta name=\"twitter:data1\" content=\"1 minute\" \/>\n<script type=\"application\/ld+json\" class=\"yoast-schema-graph\">{\"@context\":\"https:\/\/schema.org\",\"@graph\":[{\"@type\":\"WebPage\",\"@id\":\"https:\/\/shop.bazarcia.com\/produto\/bordado-pet-personalizado-3\/\",\"url\":\"https:\/\/shop.bazarcia.com\/produto\/bordado-pet-personalizado-3\/\",\"name\":\"Bordado Pet Personalizado - \ud835\udc1b\ud835\udc1a\ud835\udc33\ud835\udc1a\ud835\udc2b &amp; \ud835\udc1c\ud835\udc22\ud835\udc1a\",\"isPartOf\":{\"@id\":\"https:\/\/shop.bazarcia.com\/#website\"},\"primaryImageOfPage\":{\"@id\":\"https:\/\/shop.bazarcia.com\/produto\/bordado-pet-personalizado-3\/#primaryimage\"},\"image\":{\"@id\":\"https:\/\/shop.bazarcia.com\/produto\/bordado-pet-personalizado-3\/#primaryimage\"},\"thumbnailUrl\":\"https:\/\/shop.bazarcia.com\/wp-content\/uploads\/2023\/05\/balu-Copia.png\",\"datePublished\":\"2023-05-16T15:52:29+00:00\",\"dateModified\":\"2023-05-16T16:01:32+00:00\",\"breadcrumb\":{\"@id\":\"https:\/\/shop.bazarcia.com\/produto\/bordado-pet-personalizado-3\/#breadcrumb\"},\"inLanguage\":\"en-US\",\"potentialAction\":[{\"@type\":\"ReadAction\",\"target\":[\"https:\/\/shop.bazarcia.com\/produto\/bordado-pet-personalizado-3\/\"]}]},{\"@type\":\"ImageObject\",\"inLanguage\":\"en-US\",\"@id\":\"https:\/\/shop.bazarcia.com\/produto\/bordado-pet-personalizado-3\/#primaryimage\",\"url\":\"https:\/\/shop.bazarcia.com\/wp-content\/uploads\/2023\/05\/balu-Copia.png\",\"contentUrl\":\"https:\/\/shop.bazarcia.com\/wp-content\/uploads\/2023\/05\/balu-Copia.png\",\"width\":1080,\"height\":1080},{\"@type\":\"BreadcrumbList\",\"@id\":\"https:\/\/shop.bazarcia.com\/produto\/bordado-pet-personalizado-3\/#breadcrumb\",\"itemListElement\":[{\"@type\":\"ListItem\",\"position\":1,\"name\":\"In\u00edcio\",\"item\":\"https:\/\/shop.bazarcia.com\/\"},{\"@type\":\"ListItem\",\"position\":2,\"name\":\"Loja\",\"item\":\"https:\/\/shop.bazarcia.com\/loja\/\"},{\"@type\":\"ListItem\",\"position\":3,\"name\":\"Bordado Pet Personalizado\"}]},{\"@type\":\"WebSite\",\"@id\":\"https:\/\/shop.bazarcia.com\/#website\",\"url\":\"https:\/\/shop.bazarcia.com\/\",\"name\":\"Bazar & Cia\",\"description\":\"criatividade ponto a ponto\",\"publisher\":{\"@id\":\"https:\/\/shop.bazarcia.com\/#organization\"},\"potentialAction\":[{\"@type\":\"SearchAction\",\"target\":{\"@type\":\"EntryPoint\",\"urlTemplate\":\"https:\/\/shop.bazarcia.com\/?s={search_term_string}\"},\"query-input\":{\"@type\":\"PropertyValueSpecification\",\"valueRequired\":true,\"valueName\":\"search_term_string\"}}],\"inLanguage\":\"en-US\"},{\"@type\":\"Organization\",\"@id\":\"https:\/\/shop.bazarcia.com\/#organization\",\"name\":\"Bazar & Cia\",\"url\":\"https:\/\/shop.bazarcia.com\/\",\"logo\":{\"@type\":\"ImageObject\",\"inLanguage\":\"en-US\",\"@id\":\"https:\/\/shop.bazarcia.com\/#\/schema\/logo\/image\/\",\"url\":\"https:\/\/shop.bazarcia.com\/wp-content\/uploads\/2024\/02\/cropped-logo_bazarcia.png\",\"contentUrl\":\"https:\/\/shop.bazarcia.com\/wp-content\/uploads\/2024\/02\/cropped-logo_bazarcia.png\",\"width\":150,\"height\":150,\"caption\":\"Bazar & Cia\"},\"image\":{\"@id\":\"https:\/\/shop.bazarcia.com\/#\/schema\/logo\/image\/\"},\"sameAs\":[\"https:\/\/www.facebook.com\/shopbazarcia\",\"https:\/\/www.instagram.com\/shopbazarcia\",\"https:\/\/br.pinterest.com\/suzane_eloise\/\",\"https:\/\/www.youtube.com\/c\/BazardoBordadoMatrizeseProjetos\"]}]}<\/script>\n<!-- \/ Yoast SEO plugin. -->","yoast_head_json":{"title":"Bordado Pet Personalizado - \ud835\udc1b\ud835\udc1a\ud835\udc33\ud835\udc1a\ud835\udc2b &amp; \ud835\udc1c\ud835\udc22\ud835\udc1a","robots":{"index":"index","follow":"follow","max-snippet":"max-snippet:-1","max-image-preview":"max-image-preview:large","max-video-preview":"max-video-preview:-1"},"canonical":"https:\/\/shop.bazarcia.com\/en\/product\/bordado-pet-personalizado-3\/","og_locale":"en_US","og_type":"article","og_title":"Bordado Pet Personalizado - \ud835\udc1b\ud835\udc1a\ud835\udc33\ud835\udc1a\ud835\udc2b &amp; \ud835\udc1c\ud835\udc22\ud835\udc1a","og_description":"J\u00e1 imaginou seu Aumiguinho eternizado em um lindo bordado todinho feito a m\u00e3o? Agora \u00e9 poss\u00edvel! Memorize com amor aquele que est\u00e1 sempre com voc\u00ea!Fazemos Cachorrinhos, Gatinhos, P\u00e1ssaros em pintura em Bordado!","og_url":"https:\/\/shop.bazarcia.com\/en\/product\/bordado-pet-personalizado-3\/","og_site_name":"\ud835\udc1b\ud835\udc1a\ud835\udc33\ud835\udc1a\ud835\udc2b &amp; \ud835\udc1c\ud835\udc22\ud835\udc1a","article_publisher":"https:\/\/www.facebook.com\/shopbazarcia","article_modified_time":"2023-05-16T16:01:32+00:00","og_image":[{"width":1080,"height":1080,"url":"https:\/\/shop.bazarcia.com\/wp-content\/uploads\/2023\/05\/balu-Copia.png","type":"image\/png"}],"twitter_card":"summary_large_image","twitter_misc":{"Est. reading time":"1 minute"},"schema":{"@context":"https:\/\/schema.org","@graph":[{"@type":"WebPage","@id":"https:\/\/shop.bazarcia.com\/produto\/bordado-pet-personalizado-3\/","url":"https:\/\/shop.bazarcia.com\/produto\/bordado-pet-personalizado-3\/","name":"Bordado Pet Personalizado - \ud835\udc1b\ud835\udc1a\ud835\udc33\ud835\udc1a\ud835\udc2b &amp; \ud835\udc1c\ud835\udc22\ud835\udc1a","isPartOf":{"@id":"https:\/\/shop.bazarcia.com\/#website"},"primaryImageOfPage":{"@id":"https:\/\/shop.bazarcia.com\/produto\/bordado-pet-personalizado-3\/#primaryimage"},"image":{"@id":"https:\/\/shop.bazarcia.com\/produto\/bordado-pet-personalizado-3\/#primaryimage"},"thumbnailUrl":"https:\/\/shop.bazarcia.com\/wp-content\/uploads\/2023\/05\/balu-Copia.png","datePublished":"2023-05-16T15:52:29+00:00","dateModified":"2023-05-16T16:01:32+00:00","breadcrumb":{"@id":"https:\/\/shop.bazarcia.com\/produto\/bordado-pet-personalizado-3\/#breadcrumb"},"inLanguage":"en-US","potentialAction":[{"@type":"ReadAction","target":["https:\/\/shop.bazarcia.com\/produto\/bordado-pet-personalizado-3\/"]}]},{"@type":"ImageObject","inLanguage":"en-US","@id":"https:\/\/shop.bazarcia.com\/produto\/bordado-pet-personalizado-3\/#primaryimage","url":"https:\/\/shop.bazarcia.com\/wp-content\/uploads\/2023\/05\/balu-Copia.png","contentUrl":"https:\/\/shop.bazarcia.com\/wp-content\/uploads\/2023\/05\/balu-Copia.png","width":1080,"height":1080},{"@type":"BreadcrumbList","@id":"https:\/\/shop.bazarcia.com\/produto\/bordado-pet-personalizado-3\/#breadcrumb","itemListElement":[{"@type":"ListItem","position":1,"name":"In\u00edcio","item":"https:\/\/shop.bazarcia.com\/"},{"@type":"ListItem","position":2,"name":"Loja","item":"https:\/\/shop.bazarcia.com\/loja\/"},{"@type":"ListItem","position":3,"name":"Bordado Pet Personalizado"}]},{"@type":"WebSite","@id":"https:\/\/shop.bazarcia.com\/#website","url":"https:\/\/shop.bazarcia.com\/","name":"Bazar & Cia","description":"criatividade ponto a ponto","publisher":{"@id":"https:\/\/shop.bazarcia.com\/#organization"},"potentialAction":[{"@type":"SearchAction","target":{"@type":"EntryPoint","urlTemplate":"https:\/\/shop.bazarcia.com\/?s={search_term_string}"},"query-input":{"@type":"PropertyValueSpecification","valueRequired":true,"valueName":"search_term_string"}}],"inLanguage":"en-US"},{"@type":"Organization","@id":"https:\/\/shop.bazarcia.com\/#organization","name":"Bazar & Cia","url":"https:\/\/shop.bazarcia.com\/","logo":{"@type":"ImageObject","inLanguage":"en-US","@id":"https:\/\/shop.bazarcia.com\/#\/schema\/logo\/image\/","url":"https:\/\/shop.bazarcia.com\/wp-content\/uploads\/2024\/02\/cropped-logo_bazarcia.png","contentUrl":"https:\/\/shop.bazarcia.com\/wp-content\/uploads\/2024\/02\/cropped-logo_bazarcia.png","width":150,"height":150,"caption":"Bazar & Cia"},"image":{"@id":"https:\/\/shop.bazarcia.com\/#\/schema\/logo\/image\/"},"sameAs":["https:\/\/www.facebook.com\/shopbazarcia","https:\/\/www.instagram.com\/shopbazarcia","https:\/\/br.pinterest.com\/suzane_eloise\/","https:\/\/www.youtube.com\/c\/BazardoBordadoMatrizeseProjetos"]}]}},"_links":{"self":[{"href":"https:\/\/shop.bazarcia.com\/en\/wp-json\/wp\/v2\/product\/229861","targetHints":{"allow":["GET"]}}],"collection":[{"href":"https:\/\/shop.bazarcia.com\/en\/wp-json\/wp\/v2\/product"}],"about":[{"href":"https:\/\/shop.bazarcia.com\/en\/wp-json\/wp\/v2\/types\/product"}],"replies":[{"embeddable":true,"href":"https:\/\/shop.bazarcia.com\/en\/wp-json\/wp\/v2\/comments?post=229861"}],"version-history":[{"count":1,"href":"https:\/\/shop.bazarcia.com\/en\/wp-json\/wp\/v2\/product\/229861\/revisions"}],"predecessor-version":[{"id":229863,"href":"https:\/\/shop.bazarcia.com\/en\/wp-json\/wp\/v2\/product\/229861\/revisions\/229863"}],"wp:featuredmedia":[{"embeddable":true,"href":"https:\/\/shop.bazarcia.com\/en\/wp-json\/wp\/v2\/media\/229845"}],"wp:attachment":[{"href":"https:\/\/shop.bazarcia.com\/en\/wp-json\/wp\/v2\/media?parent=229861"}],"wp:term":[{"taxonomy":"product_brand","embeddable":true,"href":"https:\/\/shop.bazarcia.com\/en\/wp-json\/wp\/v2\/product_brand?post=229861"},{"taxonomy":"product_cat","embeddable":true,"href":"https:\/\/shop.bazarcia.com\/en\/wp-json\/wp\/v2\/product_cat?post=229861"},{"taxonomy":"product_tag","embeddable":true,"href":"https:\/\/shop.bazarcia.com\/en\/wp-json\/wp\/v2\/product_tag?post=229861"}],"curies":[{"name":"wp","href":"https:\/\/api.w.org\/{rel}","templated":true}]}}