{"id":231076,"date":"2023-05-23T22:23:52","date_gmt":"2023-05-24T01:23:52","guid":{"rendered":"https:\/\/shop.bazarcia.com\/produto\/arabesco-brasao-coracao-matriz-de-bordado\/"},"modified":"2026-01-05T11:29:14","modified_gmt":"2026-01-05T14:29:14","slug":"arabesco-brasao-coracao-matriz-de-bordado","status":"publish","type":"product","link":"https:\/\/shop.bazarcia.com\/en\/product\/arabesco-brasao-coracao-matriz-de-bordado\/","title":{"rendered":"Arabesco Bras\u00e3o + cora\u00e7\u00e3o \/ Matriz de bordado"},"content":{"rendered":"<p>MATRIZ DE BORDADO \u2013 Bras\u00e3o Arabesco com cora\u00e7\u00e3o<\/p>\n<p>&nbsp;<\/p>\n<p>Arquivo digital de matriz de bordado computadorizado, necess\u00e1rio m\u00e1quina de bordar para a utiliza\u00e7\u00e3o do produto.<\/p>\n<p>&nbsp;<\/p>\n<p>Formatos : .PES, .JEF. DST. e etc..<\/p>\n<p>Tamanhos: 12&#215;12 cm<\/p>\n<p>15&#215;15 cm<\/p>","protected":false},"excerpt":{"rendered":"<p>MATRIZ DE BORDADO \u2013 Bras\u00e3o Arabesco com cora\u00e7\u00e3o<\/p>\n<p>Arquivo digital de matriz de bordado computadorizado, necess\u00e1rio m\u00e1quina de bordar para a utiliza\u00e7\u00e3o do produto.<\/p>\n<p>Formatos : .PES, .JEF. DST. e etc..<br \/>\nTamanhos: 12&#215;12 cm<br \/>\n15&#215;15 cm<\/p>","protected":false},"featured_media":231074,"comment_status":"open","ping_status":"closed","template":"","meta":{"_acf_changed":false,"_joinchat":[]},"product_brand":[],"product_cat":[1246,1210,339,1047,87,84,1775,1773,336,1550,86,1195,98,1330,311,1115],"product_tag":[1541,1170,1431,1433,1091,1092,1430],"class_list":{"0":"post-231076","1":"product","2":"type-product","3":"status-publish","4":"has-post-thumbnail","6":"product_cat-brasoes","7":"product_cat-cama-mesa-banho","8":"product_cat-casamento","9":"product_cat-cursos","10":"product_cat-maquinas-de-bordar","11":"product_cat-matrizes-de-bordado","12":"product_cat-matrizes-para-almofadas","13":"product_cat-moldura-de-casamento","14":"product_cat-molduras","15":"product_cat-molduras-em-bordado","16":"product_cat-materiais-para-bordado-computadorizado","17":"product_cat-projetos-de-costura-bordado","18":"product_cat-projetos-na-bordadeira-in-the-hoop-embroidery","19":"product_cat-projetos-para-datas-especiais","20":"product_cat-religiosos","21":"product_cat-sem-categoria","22":"product_tag-almofada-decorativa","23":"product_tag-bordado","24":"product_tag-bordado-computadorizado","25":"product_tag-bordado-eletronico","26":"product_tag-brother","27":"product_tag-maquina-de-bordado-brother-bp2150ldv","28":"product_tag-matriz-de-bordado","30":"first","31":"instock","32":"sale","33":"downloadable","34":"virtual","35":"purchasable","36":"product-type-simple"},"acf":[],"yoast_head":"<!-- This site is optimized with the Yoast SEO plugin v27.2 - https:\/\/yoast.com\/product\/yoast-seo-wordpress\/ -->\n<title>Arabesco Bras\u00e3o + cora\u00e7\u00e3o \/ Matriz de bordado - \ud835\udc1b\ud835\udc1a\ud835\udc33\ud835\udc1a\ud835\udc2b &amp; \ud835\udc1c\ud835\udc22\ud835\udc1a<\/title>\n<meta name=\"robots\" content=\"index, follow, max-snippet:-1, max-image-preview:large, max-video-preview:-1\" \/>\n<link rel=\"canonical\" href=\"https:\/\/shop.bazarcia.com\/en\/product\/arabesco-brasao-coracao-matriz-de-bordado\/\" \/>\n<meta property=\"og:locale\" content=\"en_US\" \/>\n<meta property=\"og:type\" content=\"article\" \/>\n<meta property=\"og:title\" content=\"Arabesco Bras\u00e3o + cora\u00e7\u00e3o \/ Matriz de bordado - \ud835\udc1b\ud835\udc1a\ud835\udc33\ud835\udc1a\ud835\udc2b &amp; \ud835\udc1c\ud835\udc22\ud835\udc1a\" \/>\n<meta property=\"og:description\" content=\"MATRIZ DE BORDADO \u2013 Bras\u00e3o Arabesco com cora\u00e7\u00e3o  Arquivo digital de matriz de bordado computadorizado, necess\u00e1rio m\u00e1quina de bordar para a utiliza\u00e7\u00e3o do produto.  Formatos : .PES, .JEF. DST. e etc.. Tamanhos: 12x12 cm 15x15 cm\" \/>\n<meta property=\"og:url\" content=\"https:\/\/shop.bazarcia.com\/en\/product\/arabesco-brasao-coracao-matriz-de-bordado\/\" \/>\n<meta property=\"og:site_name\" content=\"\ud835\udc1b\ud835\udc1a\ud835\udc33\ud835\udc1a\ud835\udc2b &amp; \ud835\udc1c\ud835\udc22\ud835\udc1a\" \/>\n<meta property=\"article:publisher\" content=\"https:\/\/www.facebook.com\/shopbazarcia\" \/>\n<meta property=\"article:modified_time\" content=\"2026-01-05T14:29:14+00:00\" \/>\n<meta property=\"og:image\" content=\"https:\/\/shop.bazarcia.com\/wp-content\/uploads\/2023\/05\/Sem-titulo-1-1-768x768.jpg\" \/>\n\t<meta property=\"og:image:width\" content=\"768\" \/>\n\t<meta property=\"og:image:height\" content=\"768\" \/>\n\t<meta property=\"og:image:type\" content=\"image\/jpeg\" \/>\n<meta name=\"twitter:card\" content=\"summary_large_image\" \/>\n<script type=\"application\/ld+json\" class=\"yoast-schema-graph\">{\"@context\":\"https:\/\/schema.org\",\"@graph\":[{\"@type\":\"WebPage\",\"@id\":\"https:\/\/shop.bazarcia.com\/produto\/arabesco-brasao-coracao-matriz-de-bordado\/\",\"url\":\"https:\/\/shop.bazarcia.com\/produto\/arabesco-brasao-coracao-matriz-de-bordado\/\",\"name\":\"Arabesco Bras\u00e3o + cora\u00e7\u00e3o \/ Matriz de bordado - \ud835\udc1b\ud835\udc1a\ud835\udc33\ud835\udc1a\ud835\udc2b &amp; \ud835\udc1c\ud835\udc22\ud835\udc1a\",\"isPartOf\":{\"@id\":\"https:\/\/shop.bazarcia.com\/#website\"},\"primaryImageOfPage\":{\"@id\":\"https:\/\/shop.bazarcia.com\/produto\/arabesco-brasao-coracao-matriz-de-bordado\/#primaryimage\"},\"image\":{\"@id\":\"https:\/\/shop.bazarcia.com\/produto\/arabesco-brasao-coracao-matriz-de-bordado\/#primaryimage\"},\"thumbnailUrl\":\"https:\/\/shop.bazarcia.com\/wp-content\/uploads\/2023\/05\/Sem-titulo-1-1.jpg\",\"datePublished\":\"2023-05-24T01:23:52+00:00\",\"dateModified\":\"2026-01-05T14:29:14+00:00\",\"breadcrumb\":{\"@id\":\"https:\/\/shop.bazarcia.com\/produto\/arabesco-brasao-coracao-matriz-de-bordado\/#breadcrumb\"},\"inLanguage\":\"en-US\",\"potentialAction\":[{\"@type\":\"ReadAction\",\"target\":[\"https:\/\/shop.bazarcia.com\/produto\/arabesco-brasao-coracao-matriz-de-bordado\/\"]}]},{\"@type\":\"ImageObject\",\"inLanguage\":\"en-US\",\"@id\":\"https:\/\/shop.bazarcia.com\/produto\/arabesco-brasao-coracao-matriz-de-bordado\/#primaryimage\",\"url\":\"https:\/\/shop.bazarcia.com\/wp-content\/uploads\/2023\/05\/Sem-titulo-1-1.jpg\",\"contentUrl\":\"https:\/\/shop.bazarcia.com\/wp-content\/uploads\/2023\/05\/Sem-titulo-1-1.jpg\",\"width\":2063,\"height\":2062,\"caption\":\"arabesco\"},{\"@type\":\"BreadcrumbList\",\"@id\":\"https:\/\/shop.bazarcia.com\/produto\/arabesco-brasao-coracao-matriz-de-bordado\/#breadcrumb\",\"itemListElement\":[{\"@type\":\"ListItem\",\"position\":1,\"name\":\"In\u00edcio\",\"item\":\"https:\/\/shop.bazarcia.com\/\"},{\"@type\":\"ListItem\",\"position\":2,\"name\":\"Loja\",\"item\":\"https:\/\/shop.bazarcia.com\/loja\/\"},{\"@type\":\"ListItem\",\"position\":3,\"name\":\"Arabesco Bras\u00e3o + cora\u00e7\u00e3o \/ Matriz de bordado\"}]},{\"@type\":\"WebSite\",\"@id\":\"https:\/\/shop.bazarcia.com\/#website\",\"url\":\"https:\/\/shop.bazarcia.com\/\",\"name\":\"Bazar & Cia\",\"description\":\"criatividade ponto a ponto\",\"publisher\":{\"@id\":\"https:\/\/shop.bazarcia.com\/#organization\"},\"potentialAction\":[{\"@type\":\"SearchAction\",\"target\":{\"@type\":\"EntryPoint\",\"urlTemplate\":\"https:\/\/shop.bazarcia.com\/?s={search_term_string}\"},\"query-input\":{\"@type\":\"PropertyValueSpecification\",\"valueRequired\":true,\"valueName\":\"search_term_string\"}}],\"inLanguage\":\"en-US\"},{\"@type\":\"Organization\",\"@id\":\"https:\/\/shop.bazarcia.com\/#organization\",\"name\":\"Bazar & Cia\",\"url\":\"https:\/\/shop.bazarcia.com\/\",\"logo\":{\"@type\":\"ImageObject\",\"inLanguage\":\"en-US\",\"@id\":\"https:\/\/shop.bazarcia.com\/#\/schema\/logo\/image\/\",\"url\":\"https:\/\/shop.bazarcia.com\/wp-content\/uploads\/2024\/02\/cropped-logo_bazarcia.png\",\"contentUrl\":\"https:\/\/shop.bazarcia.com\/wp-content\/uploads\/2024\/02\/cropped-logo_bazarcia.png\",\"width\":150,\"height\":150,\"caption\":\"Bazar & Cia\"},\"image\":{\"@id\":\"https:\/\/shop.bazarcia.com\/#\/schema\/logo\/image\/\"},\"sameAs\":[\"https:\/\/www.facebook.com\/shopbazarcia\",\"https:\/\/www.instagram.com\/shopbazarcia\",\"https:\/\/br.pinterest.com\/suzane_eloise\/\",\"https:\/\/www.youtube.com\/c\/BazardoBordadoMatrizeseProjetos\"]}]}<\/script>\n<!-- \/ Yoast SEO plugin. -->","yoast_head_json":{"title":"Arabesco Bras\u00e3o + cora\u00e7\u00e3o \/ Matriz de bordado - \ud835\udc1b\ud835\udc1a\ud835\udc33\ud835\udc1a\ud835\udc2b &amp; \ud835\udc1c\ud835\udc22\ud835\udc1a","robots":{"index":"index","follow":"follow","max-snippet":"max-snippet:-1","max-image-preview":"max-image-preview:large","max-video-preview":"max-video-preview:-1"},"canonical":"https:\/\/shop.bazarcia.com\/en\/product\/arabesco-brasao-coracao-matriz-de-bordado\/","og_locale":"en_US","og_type":"article","og_title":"Arabesco Bras\u00e3o + cora\u00e7\u00e3o \/ Matriz de bordado - \ud835\udc1b\ud835\udc1a\ud835\udc33\ud835\udc1a\ud835\udc2b &amp; \ud835\udc1c\ud835\udc22\ud835\udc1a","og_description":"MATRIZ DE BORDADO \u2013 Bras\u00e3o Arabesco com cora\u00e7\u00e3o  Arquivo digital de matriz de bordado computadorizado, necess\u00e1rio m\u00e1quina de bordar para a utiliza\u00e7\u00e3o do produto.  Formatos : .PES, .JEF. DST. e etc.. Tamanhos: 12x12 cm 15x15 cm","og_url":"https:\/\/shop.bazarcia.com\/en\/product\/arabesco-brasao-coracao-matriz-de-bordado\/","og_site_name":"\ud835\udc1b\ud835\udc1a\ud835\udc33\ud835\udc1a\ud835\udc2b &amp; \ud835\udc1c\ud835\udc22\ud835\udc1a","article_publisher":"https:\/\/www.facebook.com\/shopbazarcia","article_modified_time":"2026-01-05T14:29:14+00:00","og_image":[{"width":768,"height":768,"url":"https:\/\/shop.bazarcia.com\/wp-content\/uploads\/2023\/05\/Sem-titulo-1-1-768x768.jpg","type":"image\/jpeg"}],"twitter_card":"summary_large_image","schema":{"@context":"https:\/\/schema.org","@graph":[{"@type":"WebPage","@id":"https:\/\/shop.bazarcia.com\/produto\/arabesco-brasao-coracao-matriz-de-bordado\/","url":"https:\/\/shop.bazarcia.com\/produto\/arabesco-brasao-coracao-matriz-de-bordado\/","name":"Arabesco Bras\u00e3o + cora\u00e7\u00e3o \/ Matriz de bordado - \ud835\udc1b\ud835\udc1a\ud835\udc33\ud835\udc1a\ud835\udc2b &amp; \ud835\udc1c\ud835\udc22\ud835\udc1a","isPartOf":{"@id":"https:\/\/shop.bazarcia.com\/#website"},"primaryImageOfPage":{"@id":"https:\/\/shop.bazarcia.com\/produto\/arabesco-brasao-coracao-matriz-de-bordado\/#primaryimage"},"image":{"@id":"https:\/\/shop.bazarcia.com\/produto\/arabesco-brasao-coracao-matriz-de-bordado\/#primaryimage"},"thumbnailUrl":"https:\/\/shop.bazarcia.com\/wp-content\/uploads\/2023\/05\/Sem-titulo-1-1.jpg","datePublished":"2023-05-24T01:23:52+00:00","dateModified":"2026-01-05T14:29:14+00:00","breadcrumb":{"@id":"https:\/\/shop.bazarcia.com\/produto\/arabesco-brasao-coracao-matriz-de-bordado\/#breadcrumb"},"inLanguage":"en-US","potentialAction":[{"@type":"ReadAction","target":["https:\/\/shop.bazarcia.com\/produto\/arabesco-brasao-coracao-matriz-de-bordado\/"]}]},{"@type":"ImageObject","inLanguage":"en-US","@id":"https:\/\/shop.bazarcia.com\/produto\/arabesco-brasao-coracao-matriz-de-bordado\/#primaryimage","url":"https:\/\/shop.bazarcia.com\/wp-content\/uploads\/2023\/05\/Sem-titulo-1-1.jpg","contentUrl":"https:\/\/shop.bazarcia.com\/wp-content\/uploads\/2023\/05\/Sem-titulo-1-1.jpg","width":2063,"height":2062,"caption":"arabesco"},{"@type":"BreadcrumbList","@id":"https:\/\/shop.bazarcia.com\/produto\/arabesco-brasao-coracao-matriz-de-bordado\/#breadcrumb","itemListElement":[{"@type":"ListItem","position":1,"name":"In\u00edcio","item":"https:\/\/shop.bazarcia.com\/"},{"@type":"ListItem","position":2,"name":"Loja","item":"https:\/\/shop.bazarcia.com\/loja\/"},{"@type":"ListItem","position":3,"name":"Arabesco Bras\u00e3o + cora\u00e7\u00e3o \/ Matriz de bordado"}]},{"@type":"WebSite","@id":"https:\/\/shop.bazarcia.com\/#website","url":"https:\/\/shop.bazarcia.com\/","name":"Bazar & Cia","description":"criatividade ponto a ponto","publisher":{"@id":"https:\/\/shop.bazarcia.com\/#organization"},"potentialAction":[{"@type":"SearchAction","target":{"@type":"EntryPoint","urlTemplate":"https:\/\/shop.bazarcia.com\/?s={search_term_string}"},"query-input":{"@type":"PropertyValueSpecification","valueRequired":true,"valueName":"search_term_string"}}],"inLanguage":"en-US"},{"@type":"Organization","@id":"https:\/\/shop.bazarcia.com\/#organization","name":"Bazar & Cia","url":"https:\/\/shop.bazarcia.com\/","logo":{"@type":"ImageObject","inLanguage":"en-US","@id":"https:\/\/shop.bazarcia.com\/#\/schema\/logo\/image\/","url":"https:\/\/shop.bazarcia.com\/wp-content\/uploads\/2024\/02\/cropped-logo_bazarcia.png","contentUrl":"https:\/\/shop.bazarcia.com\/wp-content\/uploads\/2024\/02\/cropped-logo_bazarcia.png","width":150,"height":150,"caption":"Bazar & Cia"},"image":{"@id":"https:\/\/shop.bazarcia.com\/#\/schema\/logo\/image\/"},"sameAs":["https:\/\/www.facebook.com\/shopbazarcia","https:\/\/www.instagram.com\/shopbazarcia","https:\/\/br.pinterest.com\/suzane_eloise\/","https:\/\/www.youtube.com\/c\/BazardoBordadoMatrizeseProjetos"]}]}},"_links":{"self":[{"href":"https:\/\/shop.bazarcia.com\/en\/wp-json\/wp\/v2\/product\/231076","targetHints":{"allow":["GET"]}}],"collection":[{"href":"https:\/\/shop.bazarcia.com\/en\/wp-json\/wp\/v2\/product"}],"about":[{"href":"https:\/\/shop.bazarcia.com\/en\/wp-json\/wp\/v2\/types\/product"}],"replies":[{"embeddable":true,"href":"https:\/\/shop.bazarcia.com\/en\/wp-json\/wp\/v2\/comments?post=231076"}],"version-history":[{"count":1,"href":"https:\/\/shop.bazarcia.com\/en\/wp-json\/wp\/v2\/product\/231076\/revisions"}],"predecessor-version":[{"id":231081,"href":"https:\/\/shop.bazarcia.com\/en\/wp-json\/wp\/v2\/product\/231076\/revisions\/231081"}],"wp:featuredmedia":[{"embeddable":true,"href":"https:\/\/shop.bazarcia.com\/en\/wp-json\/wp\/v2\/media\/231074"}],"wp:attachment":[{"href":"https:\/\/shop.bazarcia.com\/en\/wp-json\/wp\/v2\/media?parent=231076"}],"wp:term":[{"taxonomy":"product_brand","embeddable":true,"href":"https:\/\/shop.bazarcia.com\/en\/wp-json\/wp\/v2\/product_brand?post=231076"},{"taxonomy":"product_cat","embeddable":true,"href":"https:\/\/shop.bazarcia.com\/en\/wp-json\/wp\/v2\/product_cat?post=231076"},{"taxonomy":"product_tag","embeddable":true,"href":"https:\/\/shop.bazarcia.com\/en\/wp-json\/wp\/v2\/product_tag?post=231076"}],"curies":[{"name":"wp","href":"https:\/\/api.w.org\/{rel}","templated":true}]}}