{"id":231700,"date":"2023-05-26T08:28:38","date_gmt":"2023-05-26T11:28:38","guid":{"rendered":"https:\/\/shop.bazarcia.com\/produto\/capa-de-caderneta-baby-bastidores-maiores-projeto\/"},"modified":"2025-08-28T10:26:01","modified_gmt":"2025-08-28T13:26:01","slug":"capa-de-caderneta-baby-bastidores-maiores-projeto","status":"publish","type":"product","link":"https:\/\/shop.bazarcia.com\/en\/product\/capa-de-caderneta-baby-bastidores-maiores-projeto\/","title":{"rendered":"Capa de Caderneta Baby (Bastidores Maiores) &#8211; Projeto"},"content":{"rendered":"","protected":false},"excerpt":{"rendered":"<p>Capa cont\u00e9m 5 Modelo de Capa<\/p>\n<p>Montagem da Pe\u00e7a 100% Na Bordadeira<\/p>\n<p>Bastidor compat\u00edvel 15&#215;26, 16&#215;26, 18&#215;30, 20&#215;3000% Na Bordadeira e 20&#215;28.<\/p>\n<p>Feito em 3 Etapas<br \/>\nTamanho final da pe\u00e7a Aberta: 34\u00d723 cm<\/p>\n<p>Acompanha PAP Passo a passo em V\u00eddeo com Material Feito no Tricoline.<\/p>\n<p>Outros materiais que voc\u00ea ter\u00e1 acesso:<br \/>\nMoldes em PDF<br \/>\nApostila Com as Medidas<br \/>\nTudo disponibilizado para DOWNLOAD em sua conta no site.<\/p>\n<p>Sua conta em nosso site \u00e9 criada automaticamente no momento da compra, um e-mail lhe ser\u00e1 enviado com todas as instru\u00e7\u00f5es de acesso e defini\u00e7\u00e3o de senha (novos usu\u00e1rios)!<\/p>","protected":false},"featured_media":231697,"comment_status":"open","ping_status":"closed","template":"","meta":{"_acf_changed":false,"_joinchat":[]},"product_brand":[],"product_cat":[1422,98],"product_tag":[],"class_list":{"0":"post-231700","1":"product","2":"type-product","3":"status-publish","4":"has-post-thumbnail","6":"product_cat-capa-de-caderneta-na-bordadeira-ith","7":"product_cat-projetos-na-bordadeira-in-the-hoop-embroidery","9":"first","10":"instock","11":"sale","12":"downloadable","13":"virtual","14":"purchasable","15":"product-type-simple"},"acf":[],"yoast_head":"<!-- This site is optimized with the Yoast SEO plugin v27.2 - https:\/\/yoast.com\/product\/yoast-seo-wordpress\/ -->\n<title>Capa de Caderneta Baby (Bastidores Maiores) - Projeto - \ud835\udc1b\ud835\udc1a\ud835\udc33\ud835\udc1a\ud835\udc2b &amp; \ud835\udc1c\ud835\udc22\ud835\udc1a<\/title>\n<meta name=\"robots\" content=\"index, follow, max-snippet:-1, max-image-preview:large, max-video-preview:-1\" \/>\n<link rel=\"canonical\" href=\"https:\/\/shop.bazarcia.com\/en\/product\/capa-de-caderneta-baby-bastidores-maiores-projeto\/\" \/>\n<meta property=\"og:locale\" content=\"en_US\" \/>\n<meta property=\"og:type\" content=\"article\" \/>\n<meta property=\"og:title\" content=\"Capa de Caderneta Baby (Bastidores Maiores) - Projeto - \ud835\udc1b\ud835\udc1a\ud835\udc33\ud835\udc1a\ud835\udc2b &amp; \ud835\udc1c\ud835\udc22\ud835\udc1a\" \/>\n<meta property=\"og:description\" content=\"Capa cont\u00e9m 5 Modelo de Capa  Montagem da Pe\u00e7a 100% Na Bordadeira  Bastidor compat\u00edvel 15x26, 16x26, 18x30, 20x3000% Na Bordadeira e 20x28.  Feito em 3 Etapas Tamanho final da pe\u00e7a Aberta: 34\u00d723 cm  Acompanha PAP Passo a passo em V\u00eddeo com Material Feito no Tricoline.  Outros materiais que voc\u00ea ter\u00e1 acesso: Moldes em PDF Apostila Com as Medidas Tudo disponibilizado para DOWNLOAD em sua conta no site.  Sua conta em nosso site \u00e9 criada automaticamente no momento da compra, um e-mail lhe ser\u00e1 enviado com todas as instru\u00e7\u00f5es de acesso e defini\u00e7\u00e3o de senha (novos usu\u00e1rios)!\" \/>\n<meta property=\"og:url\" content=\"https:\/\/shop.bazarcia.com\/en\/product\/capa-de-caderneta-baby-bastidores-maiores-projeto\/\" \/>\n<meta property=\"og:site_name\" content=\"\ud835\udc1b\ud835\udc1a\ud835\udc33\ud835\udc1a\ud835\udc2b &amp; \ud835\udc1c\ud835\udc22\ud835\udc1a\" \/>\n<meta property=\"article:publisher\" content=\"https:\/\/www.facebook.com\/shopbazarcia\" \/>\n<meta property=\"article:modified_time\" content=\"2025-08-28T13:26:01+00:00\" \/>\n<meta property=\"og:image\" content=\"https:\/\/shop.bazarcia.com\/wp-content\/uploads\/2023\/05\/Capa-de-caderneta-baby-Atelie-Ge-Bordados-3.jpg\" \/>\n\t<meta property=\"og:image:width\" content=\"1080\" \/>\n\t<meta property=\"og:image:height\" content=\"1080\" \/>\n\t<meta property=\"og:image:type\" content=\"image\/jpeg\" \/>\n<meta name=\"twitter:card\" content=\"summary_large_image\" \/>\n<meta name=\"twitter:label1\" content=\"Est. reading time\" \/>\n\t<meta name=\"twitter:data1\" content=\"1 minute\" \/>\n<script type=\"application\/ld+json\" class=\"yoast-schema-graph\">{\"@context\":\"https:\/\/schema.org\",\"@graph\":[{\"@type\":\"WebPage\",\"@id\":\"https:\/\/shop.bazarcia.com\/produto\/capa-de-caderneta-baby-bastidores-maiores-projeto\/\",\"url\":\"https:\/\/shop.bazarcia.com\/produto\/capa-de-caderneta-baby-bastidores-maiores-projeto\/\",\"name\":\"Capa de Caderneta Baby (Bastidores Maiores) - Projeto - \ud835\udc1b\ud835\udc1a\ud835\udc33\ud835\udc1a\ud835\udc2b &amp; \ud835\udc1c\ud835\udc22\ud835\udc1a\",\"isPartOf\":{\"@id\":\"https:\/\/shop.bazarcia.com\/#website\"},\"primaryImageOfPage\":{\"@id\":\"https:\/\/shop.bazarcia.com\/produto\/capa-de-caderneta-baby-bastidores-maiores-projeto\/#primaryimage\"},\"image\":{\"@id\":\"https:\/\/shop.bazarcia.com\/produto\/capa-de-caderneta-baby-bastidores-maiores-projeto\/#primaryimage\"},\"thumbnailUrl\":\"https:\/\/shop.bazarcia.com\/wp-content\/uploads\/2023\/05\/Capa-de-caderneta-baby-Atelie-Ge-Bordados-3.jpg\",\"datePublished\":\"2023-05-26T11:28:38+00:00\",\"dateModified\":\"2025-08-28T13:26:01+00:00\",\"breadcrumb\":{\"@id\":\"https:\/\/shop.bazarcia.com\/produto\/capa-de-caderneta-baby-bastidores-maiores-projeto\/#breadcrumb\"},\"inLanguage\":\"en-US\",\"potentialAction\":[{\"@type\":\"ReadAction\",\"target\":[\"https:\/\/shop.bazarcia.com\/produto\/capa-de-caderneta-baby-bastidores-maiores-projeto\/\"]}]},{\"@type\":\"ImageObject\",\"inLanguage\":\"en-US\",\"@id\":\"https:\/\/shop.bazarcia.com\/produto\/capa-de-caderneta-baby-bastidores-maiores-projeto\/#primaryimage\",\"url\":\"https:\/\/shop.bazarcia.com\/wp-content\/uploads\/2023\/05\/Capa-de-caderneta-baby-Atelie-Ge-Bordados-3.jpg\",\"contentUrl\":\"https:\/\/shop.bazarcia.com\/wp-content\/uploads\/2023\/05\/Capa-de-caderneta-baby-Atelie-Ge-Bordados-3.jpg\",\"width\":1080,\"height\":1080},{\"@type\":\"BreadcrumbList\",\"@id\":\"https:\/\/shop.bazarcia.com\/produto\/capa-de-caderneta-baby-bastidores-maiores-projeto\/#breadcrumb\",\"itemListElement\":[{\"@type\":\"ListItem\",\"position\":1,\"name\":\"In\u00edcio\",\"item\":\"https:\/\/shop.bazarcia.com\/\"},{\"@type\":\"ListItem\",\"position\":2,\"name\":\"Loja\",\"item\":\"https:\/\/shop.bazarcia.com\/loja\/\"},{\"@type\":\"ListItem\",\"position\":3,\"name\":\"Capa de Caderneta Baby (Bastidores Maiores) &#8211; Projeto\"}]},{\"@type\":\"WebSite\",\"@id\":\"https:\/\/shop.bazarcia.com\/#website\",\"url\":\"https:\/\/shop.bazarcia.com\/\",\"name\":\"Bazar & Cia\",\"description\":\"criatividade ponto a ponto\",\"publisher\":{\"@id\":\"https:\/\/shop.bazarcia.com\/#organization\"},\"potentialAction\":[{\"@type\":\"SearchAction\",\"target\":{\"@type\":\"EntryPoint\",\"urlTemplate\":\"https:\/\/shop.bazarcia.com\/?s={search_term_string}\"},\"query-input\":{\"@type\":\"PropertyValueSpecification\",\"valueRequired\":true,\"valueName\":\"search_term_string\"}}],\"inLanguage\":\"en-US\"},{\"@type\":\"Organization\",\"@id\":\"https:\/\/shop.bazarcia.com\/#organization\",\"name\":\"Bazar & Cia\",\"url\":\"https:\/\/shop.bazarcia.com\/\",\"logo\":{\"@type\":\"ImageObject\",\"inLanguage\":\"en-US\",\"@id\":\"https:\/\/shop.bazarcia.com\/#\/schema\/logo\/image\/\",\"url\":\"https:\/\/shop.bazarcia.com\/wp-content\/uploads\/2024\/02\/cropped-logo_bazarcia.png\",\"contentUrl\":\"https:\/\/shop.bazarcia.com\/wp-content\/uploads\/2024\/02\/cropped-logo_bazarcia.png\",\"width\":150,\"height\":150,\"caption\":\"Bazar & Cia\"},\"image\":{\"@id\":\"https:\/\/shop.bazarcia.com\/#\/schema\/logo\/image\/\"},\"sameAs\":[\"https:\/\/www.facebook.com\/shopbazarcia\",\"https:\/\/www.instagram.com\/shopbazarcia\",\"https:\/\/br.pinterest.com\/suzane_eloise\/\",\"https:\/\/www.youtube.com\/c\/BazardoBordadoMatrizeseProjetos\"]}]}<\/script>\n<!-- \/ Yoast SEO plugin. -->","yoast_head_json":{"title":"Capa de Caderneta Baby (Bastidores Maiores) - Projeto - \ud835\udc1b\ud835\udc1a\ud835\udc33\ud835\udc1a\ud835\udc2b &amp; \ud835\udc1c\ud835\udc22\ud835\udc1a","robots":{"index":"index","follow":"follow","max-snippet":"max-snippet:-1","max-image-preview":"max-image-preview:large","max-video-preview":"max-video-preview:-1"},"canonical":"https:\/\/shop.bazarcia.com\/en\/product\/capa-de-caderneta-baby-bastidores-maiores-projeto\/","og_locale":"en_US","og_type":"article","og_title":"Capa de Caderneta Baby (Bastidores Maiores) - Projeto - \ud835\udc1b\ud835\udc1a\ud835\udc33\ud835\udc1a\ud835\udc2b &amp; \ud835\udc1c\ud835\udc22\ud835\udc1a","og_description":"Capa cont\u00e9m 5 Modelo de Capa  Montagem da Pe\u00e7a 100% Na Bordadeira  Bastidor compat\u00edvel 15x26, 16x26, 18x30, 20x3000% Na Bordadeira e 20x28.  Feito em 3 Etapas Tamanho final da pe\u00e7a Aberta: 34\u00d723 cm  Acompanha PAP Passo a passo em V\u00eddeo com Material Feito no Tricoline.  Outros materiais que voc\u00ea ter\u00e1 acesso: Moldes em PDF Apostila Com as Medidas Tudo disponibilizado para DOWNLOAD em sua conta no site.  Sua conta em nosso site \u00e9 criada automaticamente no momento da compra, um e-mail lhe ser\u00e1 enviado com todas as instru\u00e7\u00f5es de acesso e defini\u00e7\u00e3o de senha (novos usu\u00e1rios)!","og_url":"https:\/\/shop.bazarcia.com\/en\/product\/capa-de-caderneta-baby-bastidores-maiores-projeto\/","og_site_name":"\ud835\udc1b\ud835\udc1a\ud835\udc33\ud835\udc1a\ud835\udc2b &amp; \ud835\udc1c\ud835\udc22\ud835\udc1a","article_publisher":"https:\/\/www.facebook.com\/shopbazarcia","article_modified_time":"2025-08-28T13:26:01+00:00","og_image":[{"width":1080,"height":1080,"url":"https:\/\/shop.bazarcia.com\/wp-content\/uploads\/2023\/05\/Capa-de-caderneta-baby-Atelie-Ge-Bordados-3.jpg","type":"image\/jpeg"}],"twitter_card":"summary_large_image","twitter_misc":{"Est. reading time":"1 minute"},"schema":{"@context":"https:\/\/schema.org","@graph":[{"@type":"WebPage","@id":"https:\/\/shop.bazarcia.com\/produto\/capa-de-caderneta-baby-bastidores-maiores-projeto\/","url":"https:\/\/shop.bazarcia.com\/produto\/capa-de-caderneta-baby-bastidores-maiores-projeto\/","name":"Capa de Caderneta Baby (Bastidores Maiores) - Projeto - \ud835\udc1b\ud835\udc1a\ud835\udc33\ud835\udc1a\ud835\udc2b &amp; \ud835\udc1c\ud835\udc22\ud835\udc1a","isPartOf":{"@id":"https:\/\/shop.bazarcia.com\/#website"},"primaryImageOfPage":{"@id":"https:\/\/shop.bazarcia.com\/produto\/capa-de-caderneta-baby-bastidores-maiores-projeto\/#primaryimage"},"image":{"@id":"https:\/\/shop.bazarcia.com\/produto\/capa-de-caderneta-baby-bastidores-maiores-projeto\/#primaryimage"},"thumbnailUrl":"https:\/\/shop.bazarcia.com\/wp-content\/uploads\/2023\/05\/Capa-de-caderneta-baby-Atelie-Ge-Bordados-3.jpg","datePublished":"2023-05-26T11:28:38+00:00","dateModified":"2025-08-28T13:26:01+00:00","breadcrumb":{"@id":"https:\/\/shop.bazarcia.com\/produto\/capa-de-caderneta-baby-bastidores-maiores-projeto\/#breadcrumb"},"inLanguage":"en-US","potentialAction":[{"@type":"ReadAction","target":["https:\/\/shop.bazarcia.com\/produto\/capa-de-caderneta-baby-bastidores-maiores-projeto\/"]}]},{"@type":"ImageObject","inLanguage":"en-US","@id":"https:\/\/shop.bazarcia.com\/produto\/capa-de-caderneta-baby-bastidores-maiores-projeto\/#primaryimage","url":"https:\/\/shop.bazarcia.com\/wp-content\/uploads\/2023\/05\/Capa-de-caderneta-baby-Atelie-Ge-Bordados-3.jpg","contentUrl":"https:\/\/shop.bazarcia.com\/wp-content\/uploads\/2023\/05\/Capa-de-caderneta-baby-Atelie-Ge-Bordados-3.jpg","width":1080,"height":1080},{"@type":"BreadcrumbList","@id":"https:\/\/shop.bazarcia.com\/produto\/capa-de-caderneta-baby-bastidores-maiores-projeto\/#breadcrumb","itemListElement":[{"@type":"ListItem","position":1,"name":"In\u00edcio","item":"https:\/\/shop.bazarcia.com\/"},{"@type":"ListItem","position":2,"name":"Loja","item":"https:\/\/shop.bazarcia.com\/loja\/"},{"@type":"ListItem","position":3,"name":"Capa de Caderneta Baby (Bastidores Maiores) &#8211; Projeto"}]},{"@type":"WebSite","@id":"https:\/\/shop.bazarcia.com\/#website","url":"https:\/\/shop.bazarcia.com\/","name":"Bazar & Cia","description":"criatividade ponto a ponto","publisher":{"@id":"https:\/\/shop.bazarcia.com\/#organization"},"potentialAction":[{"@type":"SearchAction","target":{"@type":"EntryPoint","urlTemplate":"https:\/\/shop.bazarcia.com\/?s={search_term_string}"},"query-input":{"@type":"PropertyValueSpecification","valueRequired":true,"valueName":"search_term_string"}}],"inLanguage":"en-US"},{"@type":"Organization","@id":"https:\/\/shop.bazarcia.com\/#organization","name":"Bazar & Cia","url":"https:\/\/shop.bazarcia.com\/","logo":{"@type":"ImageObject","inLanguage":"en-US","@id":"https:\/\/shop.bazarcia.com\/#\/schema\/logo\/image\/","url":"https:\/\/shop.bazarcia.com\/wp-content\/uploads\/2024\/02\/cropped-logo_bazarcia.png","contentUrl":"https:\/\/shop.bazarcia.com\/wp-content\/uploads\/2024\/02\/cropped-logo_bazarcia.png","width":150,"height":150,"caption":"Bazar & Cia"},"image":{"@id":"https:\/\/shop.bazarcia.com\/#\/schema\/logo\/image\/"},"sameAs":["https:\/\/www.facebook.com\/shopbazarcia","https:\/\/www.instagram.com\/shopbazarcia","https:\/\/br.pinterest.com\/suzane_eloise\/","https:\/\/www.youtube.com\/c\/BazardoBordadoMatrizeseProjetos"]}]}},"_links":{"self":[{"href":"https:\/\/shop.bazarcia.com\/en\/wp-json\/wp\/v2\/product\/231700","targetHints":{"allow":["GET"]}}],"collection":[{"href":"https:\/\/shop.bazarcia.com\/en\/wp-json\/wp\/v2\/product"}],"about":[{"href":"https:\/\/shop.bazarcia.com\/en\/wp-json\/wp\/v2\/types\/product"}],"replies":[{"embeddable":true,"href":"https:\/\/shop.bazarcia.com\/en\/wp-json\/wp\/v2\/comments?post=231700"}],"version-history":[{"count":4,"href":"https:\/\/shop.bazarcia.com\/en\/wp-json\/wp\/v2\/product\/231700\/revisions"}],"predecessor-version":[{"id":341176,"href":"https:\/\/shop.bazarcia.com\/en\/wp-json\/wp\/v2\/product\/231700\/revisions\/341176"}],"wp:featuredmedia":[{"embeddable":true,"href":"https:\/\/shop.bazarcia.com\/en\/wp-json\/wp\/v2\/media\/231697"}],"wp:attachment":[{"href":"https:\/\/shop.bazarcia.com\/en\/wp-json\/wp\/v2\/media?parent=231700"}],"wp:term":[{"taxonomy":"product_brand","embeddable":true,"href":"https:\/\/shop.bazarcia.com\/en\/wp-json\/wp\/v2\/product_brand?post=231700"},{"taxonomy":"product_cat","embeddable":true,"href":"https:\/\/shop.bazarcia.com\/en\/wp-json\/wp\/v2\/product_cat?post=231700"},{"taxonomy":"product_tag","embeddable":true,"href":"https:\/\/shop.bazarcia.com\/en\/wp-json\/wp\/v2\/product_tag?post=231700"}],"curies":[{"name":"wp","href":"https:\/\/api.w.org\/{rel}","templated":true}]}}