{"id":23372,"date":"2020-04-21T11:38:19","date_gmt":"2020-04-21T14:38:19","guid":{"rendered":"https:\/\/shop.bazarcia.com\/produto\/colecao-ouvindo-o-coracao\/"},"modified":"2022-08-04T00:04:06","modified_gmt":"2022-08-04T03:04:06","slug":"colecao-ouvindo-o-coracao","status":"publish","type":"product","link":"https:\/\/shop.bazarcia.com\/en\/product\/colecao-ouvindo-o-coracao\/","title":{"rendered":"Cole\u00e7\u00e3o Ouvindo o Cora\u00e7\u00e3o"},"content":{"rendered":"<p style=\"margin: 0px;padding: 0px;border: 0px;vertical-align: baseline;background: 0px 0px;font: inherit\">Quando pensamos em enfermagem e medicina logo vem \u00e0 mente o cuidado com a vida.<\/p>\n<p style=\"margin: 0px;padding: 0px;border: 0px;vertical-align: baseline;background: 0px 0px;font: inherit\">Seja enfermaria, pediatria, geriatria ou veterin\u00e1ria os profissionais da \u00e1rea usam muitos uniformes e a identifica\u00e7\u00e3o de suas pe\u00e7as \u00e9 primordial.<\/p>\n<p style=\"margin: 0px;padding: 0px;border: 0px;vertical-align: baseline;background: 0px 0px;font: inherit\">Pensando neste nicho de mercado trazemos a cole\u00e7\u00e3o &#8220;Ouvindo o Cora\u00e7\u00e3o&#8221; com bordados prontinhos, testados e aprovados pelas parceiras da M\u00e3ozinha Digital.<\/p>\n<p style=\"margin: 0px;padding: 0px;border: 0px;vertical-align: baseline;background: 0px 0px;font: inherit\">A cole\u00e7\u00e3o conta com:<\/p>\n<ul style=\"margin: 0px 0px 0px 1em;padding: 0px 0px 0px 40px;border: 0px;vertical-align: baseline;background: 0px 0px;font: inherit\">\n<li style=\"margin: 0px;padding: 0px;border: 0px;vertical-align: baseline;background: 0px 0px;font: inherit\">10 modelos<\/li>\n<li style=\"margin: 0px;padding: 0px;border: 0px;vertical-align: baseline;background: 0px 0px;font: inherit\">Vers\u00f5es 3 tamanhos: 10, 16 e 18cm<\/li>\n<li style=\"margin: 0px;padding: 0px;border: 0px;vertical-align: baseline;background: 0px 0px;font: inherit\">Total de 30 matrizes<\/li>\n<\/ul>\n<p style=\"margin: 0px;padding: 0px;border: 0px;vertical-align: baseline;background: 0px 0px;font: inherit\"><span style=\"margin: 0px;padding: 0px;border: 0px;vertical-align: baseline;background: 0px 0px;font: inherit\"><strong style=\"margin: 0px;padding: 0px;border: 0px;vertical-align: baseline;background: 0px 0px\"><span style=\"margin: 0px;padding: 0px;border: 0px;vertical-align: baseline;background: 0px 0px;font: inherit\"><span style=\"margin: 0px;padding: 0px;border: 0px;vertical-align: baseline;background: 0px 0px;font: inherit\">IMPORTANTE:\u00a0<\/span><\/span><\/strong><em style=\"margin: 0px;padding: 0px;border: 0px;vertical-align: baseline;background: 0px 0px\"><span style=\"margin: 0px;padding: 0px;border: 0px;vertical-align: baseline;background: 0px 0px;font: inherit\"><span style=\"margin: 0px;padding: 0px;border: 0px;vertical-align: baseline;background: 0px 0px;font: inherit\">\u00c9 preciso salientar que a venda da cole\u00e7\u00e3o est\u00e1 condicionada ao ACEITE por parte da artes\u00e3 de que ela \u00e9 pra USO PESSOAL. A artes\u00e3 pode usar de sua criatividade usando as matrizes para bordar seus produtos, mas n\u00e3o d\u00e1 a artes\u00e3 o direito de distribuir as matrizes ou mesmo ceder ou revender estes arquivos.<\/span><\/span><\/em><\/span><\/p>\n<p style=\"margin: 0px;padding: 0px;border: 0px;vertical-align: baseline;background: 0px 0px;font: inherit\"><span style=\"margin: 0px;padding: 0px;border: 0px;vertical-align: baseline;background: 0px 0px;font: inherit\">Fotos ilustrativas com sugest\u00f5es de uso.<\/span><\/p>","protected":false},"excerpt":{"rendered":"<p>Cora\u00e7\u00f5es, batimentos e estetosc\u00f3pios, juntos em montagens lindas e cheias de significado, ideal para m\u00e9dicos, enfermeiros, pediatras, veterin\u00e1rios e todo os profissionais da medicina.<\/p>","protected":false},"featured_media":23371,"comment_status":"open","ping_status":"closed","template":"","meta":{"_acf_changed":false,"_joinchat":[]},"product_brand":[],"product_cat":[289,348,84,355],"product_tag":[],"class_list":{"0":"post-23372","1":"product","2":"type-product","3":"status-publish","4":"has-post-thumbnail","6":"product_cat-coracoes","7":"product_cat-enfermagem","8":"product_cat-matrizes-de-bordado","9":"product_cat-medicina","11":"first","12":"instock","13":"downloadable","14":"virtual","15":"purchasable","16":"product-type-simple"},"acf":[],"yoast_head":"<!-- This site is optimized with the Yoast SEO plugin v27.2 - https:\/\/yoast.com\/product\/yoast-seo-wordpress\/ -->\n<title>Cole\u00e7\u00e3o Ouvindo o Cora\u00e7\u00e3o - \ud835\udc1b\ud835\udc1a\ud835\udc33\ud835\udc1a\ud835\udc2b &amp; \ud835\udc1c\ud835\udc22\ud835\udc1a<\/title>\n<meta name=\"robots\" content=\"index, follow, max-snippet:-1, max-image-preview:large, max-video-preview:-1\" \/>\n<link rel=\"canonical\" href=\"https:\/\/shop.bazarcia.com\/en\/product\/colecao-ouvindo-o-coracao\/\" \/>\n<meta property=\"og:locale\" content=\"en_US\" \/>\n<meta property=\"og:type\" content=\"article\" \/>\n<meta property=\"og:title\" content=\"Cole\u00e7\u00e3o Ouvindo o Cora\u00e7\u00e3o - \ud835\udc1b\ud835\udc1a\ud835\udc33\ud835\udc1a\ud835\udc2b &amp; \ud835\udc1c\ud835\udc22\ud835\udc1a\" \/>\n<meta property=\"og:description\" content=\"Cora\u00e7\u00f5es, batimentos e estetosc\u00f3pios, juntos em montagens lindas e cheias de significado, ideal para m\u00e9dicos, enfermeiros, pediatras, veterin\u00e1rios e todo os profissionais da medicina.\" \/>\n<meta property=\"og:url\" content=\"https:\/\/shop.bazarcia.com\/en\/product\/colecao-ouvindo-o-coracao\/\" \/>\n<meta property=\"og:site_name\" content=\"\ud835\udc1b\ud835\udc1a\ud835\udc33\ud835\udc1a\ud835\udc2b &amp; \ud835\udc1c\ud835\udc22\ud835\udc1a\" \/>\n<meta property=\"article:publisher\" content=\"https:\/\/www.facebook.com\/shopbazarcia\" \/>\n<meta property=\"article:modified_time\" content=\"2022-08-04T03:04:06+00:00\" \/>\n<meta property=\"og:image\" content=\"https:\/\/shop.bazarcia.com\/wp-content\/uploads\/2020\/04\/toalha.jpg\" \/>\n\t<meta property=\"og:image:width\" content=\"225\" \/>\n\t<meta property=\"og:image:height\" content=\"225\" \/>\n\t<meta property=\"og:image:type\" content=\"image\/jpeg\" \/>\n<meta name=\"twitter:card\" content=\"summary_large_image\" \/>\n<meta name=\"twitter:label1\" content=\"Est. reading time\" \/>\n\t<meta name=\"twitter:data1\" content=\"1 minute\" \/>\n<script type=\"application\/ld+json\" class=\"yoast-schema-graph\">{\"@context\":\"https:\/\/schema.org\",\"@graph\":[{\"@type\":\"WebPage\",\"@id\":\"https:\/\/shop.bazarcia.com\/produto\/colecao-ouvindo-o-coracao\/\",\"url\":\"https:\/\/shop.bazarcia.com\/produto\/colecao-ouvindo-o-coracao\/\",\"name\":\"Cole\u00e7\u00e3o Ouvindo o Cora\u00e7\u00e3o - \ud835\udc1b\ud835\udc1a\ud835\udc33\ud835\udc1a\ud835\udc2b &amp; \ud835\udc1c\ud835\udc22\ud835\udc1a\",\"isPartOf\":{\"@id\":\"https:\/\/shop.bazarcia.com\/#website\"},\"primaryImageOfPage\":{\"@id\":\"https:\/\/shop.bazarcia.com\/produto\/colecao-ouvindo-o-coracao\/#primaryimage\"},\"image\":{\"@id\":\"https:\/\/shop.bazarcia.com\/produto\/colecao-ouvindo-o-coracao\/#primaryimage\"},\"thumbnailUrl\":\"https:\/\/shop.bazarcia.com\/wp-content\/uploads\/2020\/04\/toalha.jpg\",\"datePublished\":\"2020-04-21T14:38:19+00:00\",\"dateModified\":\"2022-08-04T03:04:06+00:00\",\"breadcrumb\":{\"@id\":\"https:\/\/shop.bazarcia.com\/produto\/colecao-ouvindo-o-coracao\/#breadcrumb\"},\"inLanguage\":\"en-US\",\"potentialAction\":[{\"@type\":\"ReadAction\",\"target\":[\"https:\/\/shop.bazarcia.com\/produto\/colecao-ouvindo-o-coracao\/\"]}]},{\"@type\":\"ImageObject\",\"inLanguage\":\"en-US\",\"@id\":\"https:\/\/shop.bazarcia.com\/produto\/colecao-ouvindo-o-coracao\/#primaryimage\",\"url\":\"https:\/\/shop.bazarcia.com\/wp-content\/uploads\/2020\/04\/toalha.jpg\",\"contentUrl\":\"https:\/\/shop.bazarcia.com\/wp-content\/uploads\/2020\/04\/toalha.jpg\",\"width\":225,\"height\":225},{\"@type\":\"BreadcrumbList\",\"@id\":\"https:\/\/shop.bazarcia.com\/produto\/colecao-ouvindo-o-coracao\/#breadcrumb\",\"itemListElement\":[{\"@type\":\"ListItem\",\"position\":1,\"name\":\"In\u00edcio\",\"item\":\"https:\/\/shop.bazarcia.com\/\"},{\"@type\":\"ListItem\",\"position\":2,\"name\":\"Loja\",\"item\":\"https:\/\/shop.bazarcia.com\/loja\/\"},{\"@type\":\"ListItem\",\"position\":3,\"name\":\"Cole\u00e7\u00e3o Ouvindo o Cora\u00e7\u00e3o\"}]},{\"@type\":\"WebSite\",\"@id\":\"https:\/\/shop.bazarcia.com\/#website\",\"url\":\"https:\/\/shop.bazarcia.com\/\",\"name\":\"Bazar & Cia\",\"description\":\"criatividade ponto a ponto\",\"publisher\":{\"@id\":\"https:\/\/shop.bazarcia.com\/#organization\"},\"potentialAction\":[{\"@type\":\"SearchAction\",\"target\":{\"@type\":\"EntryPoint\",\"urlTemplate\":\"https:\/\/shop.bazarcia.com\/?s={search_term_string}\"},\"query-input\":{\"@type\":\"PropertyValueSpecification\",\"valueRequired\":true,\"valueName\":\"search_term_string\"}}],\"inLanguage\":\"en-US\"},{\"@type\":\"Organization\",\"@id\":\"https:\/\/shop.bazarcia.com\/#organization\",\"name\":\"Bazar & Cia\",\"url\":\"https:\/\/shop.bazarcia.com\/\",\"logo\":{\"@type\":\"ImageObject\",\"inLanguage\":\"en-US\",\"@id\":\"https:\/\/shop.bazarcia.com\/#\/schema\/logo\/image\/\",\"url\":\"https:\/\/shop.bazarcia.com\/wp-content\/uploads\/2024\/02\/cropped-logo_bazarcia.png\",\"contentUrl\":\"https:\/\/shop.bazarcia.com\/wp-content\/uploads\/2024\/02\/cropped-logo_bazarcia.png\",\"width\":150,\"height\":150,\"caption\":\"Bazar & Cia\"},\"image\":{\"@id\":\"https:\/\/shop.bazarcia.com\/#\/schema\/logo\/image\/\"},\"sameAs\":[\"https:\/\/www.facebook.com\/shopbazarcia\",\"https:\/\/www.instagram.com\/shopbazarcia\",\"https:\/\/br.pinterest.com\/suzane_eloise\/\",\"https:\/\/www.youtube.com\/c\/BazardoBordadoMatrizeseProjetos\"]}]}<\/script>\n<!-- \/ Yoast SEO plugin. -->","yoast_head_json":{"title":"Cole\u00e7\u00e3o Ouvindo o Cora\u00e7\u00e3o - \ud835\udc1b\ud835\udc1a\ud835\udc33\ud835\udc1a\ud835\udc2b &amp; \ud835\udc1c\ud835\udc22\ud835\udc1a","robots":{"index":"index","follow":"follow","max-snippet":"max-snippet:-1","max-image-preview":"max-image-preview:large","max-video-preview":"max-video-preview:-1"},"canonical":"https:\/\/shop.bazarcia.com\/en\/product\/colecao-ouvindo-o-coracao\/","og_locale":"en_US","og_type":"article","og_title":"Cole\u00e7\u00e3o Ouvindo o Cora\u00e7\u00e3o - \ud835\udc1b\ud835\udc1a\ud835\udc33\ud835\udc1a\ud835\udc2b &amp; \ud835\udc1c\ud835\udc22\ud835\udc1a","og_description":"Cora\u00e7\u00f5es, batimentos e estetosc\u00f3pios, juntos em montagens lindas e cheias de significado, ideal para m\u00e9dicos, enfermeiros, pediatras, veterin\u00e1rios e todo os profissionais da medicina.","og_url":"https:\/\/shop.bazarcia.com\/en\/product\/colecao-ouvindo-o-coracao\/","og_site_name":"\ud835\udc1b\ud835\udc1a\ud835\udc33\ud835\udc1a\ud835\udc2b &amp; \ud835\udc1c\ud835\udc22\ud835\udc1a","article_publisher":"https:\/\/www.facebook.com\/shopbazarcia","article_modified_time":"2022-08-04T03:04:06+00:00","og_image":[{"width":225,"height":225,"url":"https:\/\/shop.bazarcia.com\/wp-content\/uploads\/2020\/04\/toalha.jpg","type":"image\/jpeg"}],"twitter_card":"summary_large_image","twitter_misc":{"Est. reading time":"1 minute"},"schema":{"@context":"https:\/\/schema.org","@graph":[{"@type":"WebPage","@id":"https:\/\/shop.bazarcia.com\/produto\/colecao-ouvindo-o-coracao\/","url":"https:\/\/shop.bazarcia.com\/produto\/colecao-ouvindo-o-coracao\/","name":"Cole\u00e7\u00e3o Ouvindo o Cora\u00e7\u00e3o - \ud835\udc1b\ud835\udc1a\ud835\udc33\ud835\udc1a\ud835\udc2b &amp; \ud835\udc1c\ud835\udc22\ud835\udc1a","isPartOf":{"@id":"https:\/\/shop.bazarcia.com\/#website"},"primaryImageOfPage":{"@id":"https:\/\/shop.bazarcia.com\/produto\/colecao-ouvindo-o-coracao\/#primaryimage"},"image":{"@id":"https:\/\/shop.bazarcia.com\/produto\/colecao-ouvindo-o-coracao\/#primaryimage"},"thumbnailUrl":"https:\/\/shop.bazarcia.com\/wp-content\/uploads\/2020\/04\/toalha.jpg","datePublished":"2020-04-21T14:38:19+00:00","dateModified":"2022-08-04T03:04:06+00:00","breadcrumb":{"@id":"https:\/\/shop.bazarcia.com\/produto\/colecao-ouvindo-o-coracao\/#breadcrumb"},"inLanguage":"en-US","potentialAction":[{"@type":"ReadAction","target":["https:\/\/shop.bazarcia.com\/produto\/colecao-ouvindo-o-coracao\/"]}]},{"@type":"ImageObject","inLanguage":"en-US","@id":"https:\/\/shop.bazarcia.com\/produto\/colecao-ouvindo-o-coracao\/#primaryimage","url":"https:\/\/shop.bazarcia.com\/wp-content\/uploads\/2020\/04\/toalha.jpg","contentUrl":"https:\/\/shop.bazarcia.com\/wp-content\/uploads\/2020\/04\/toalha.jpg","width":225,"height":225},{"@type":"BreadcrumbList","@id":"https:\/\/shop.bazarcia.com\/produto\/colecao-ouvindo-o-coracao\/#breadcrumb","itemListElement":[{"@type":"ListItem","position":1,"name":"In\u00edcio","item":"https:\/\/shop.bazarcia.com\/"},{"@type":"ListItem","position":2,"name":"Loja","item":"https:\/\/shop.bazarcia.com\/loja\/"},{"@type":"ListItem","position":3,"name":"Cole\u00e7\u00e3o Ouvindo o Cora\u00e7\u00e3o"}]},{"@type":"WebSite","@id":"https:\/\/shop.bazarcia.com\/#website","url":"https:\/\/shop.bazarcia.com\/","name":"Bazar & Cia","description":"criatividade ponto a ponto","publisher":{"@id":"https:\/\/shop.bazarcia.com\/#organization"},"potentialAction":[{"@type":"SearchAction","target":{"@type":"EntryPoint","urlTemplate":"https:\/\/shop.bazarcia.com\/?s={search_term_string}"},"query-input":{"@type":"PropertyValueSpecification","valueRequired":true,"valueName":"search_term_string"}}],"inLanguage":"en-US"},{"@type":"Organization","@id":"https:\/\/shop.bazarcia.com\/#organization","name":"Bazar & Cia","url":"https:\/\/shop.bazarcia.com\/","logo":{"@type":"ImageObject","inLanguage":"en-US","@id":"https:\/\/shop.bazarcia.com\/#\/schema\/logo\/image\/","url":"https:\/\/shop.bazarcia.com\/wp-content\/uploads\/2024\/02\/cropped-logo_bazarcia.png","contentUrl":"https:\/\/shop.bazarcia.com\/wp-content\/uploads\/2024\/02\/cropped-logo_bazarcia.png","width":150,"height":150,"caption":"Bazar & Cia"},"image":{"@id":"https:\/\/shop.bazarcia.com\/#\/schema\/logo\/image\/"},"sameAs":["https:\/\/www.facebook.com\/shopbazarcia","https:\/\/www.instagram.com\/shopbazarcia","https:\/\/br.pinterest.com\/suzane_eloise\/","https:\/\/www.youtube.com\/c\/BazardoBordadoMatrizeseProjetos"]}]}},"_links":{"self":[{"href":"https:\/\/shop.bazarcia.com\/en\/wp-json\/wp\/v2\/product\/23372","targetHints":{"allow":["GET"]}}],"collection":[{"href":"https:\/\/shop.bazarcia.com\/en\/wp-json\/wp\/v2\/product"}],"about":[{"href":"https:\/\/shop.bazarcia.com\/en\/wp-json\/wp\/v2\/types\/product"}],"replies":[{"embeddable":true,"href":"https:\/\/shop.bazarcia.com\/en\/wp-json\/wp\/v2\/comments?post=23372"}],"version-history":[{"count":0,"href":"https:\/\/shop.bazarcia.com\/en\/wp-json\/wp\/v2\/product\/23372\/revisions"}],"wp:featuredmedia":[{"embeddable":true,"href":"https:\/\/shop.bazarcia.com\/en\/wp-json\/wp\/v2\/media\/23371"}],"wp:attachment":[{"href":"https:\/\/shop.bazarcia.com\/en\/wp-json\/wp\/v2\/media?parent=23372"}],"wp:term":[{"taxonomy":"product_brand","embeddable":true,"href":"https:\/\/shop.bazarcia.com\/en\/wp-json\/wp\/v2\/product_brand?post=23372"},{"taxonomy":"product_cat","embeddable":true,"href":"https:\/\/shop.bazarcia.com\/en\/wp-json\/wp\/v2\/product_cat?post=23372"},{"taxonomy":"product_tag","embeddable":true,"href":"https:\/\/shop.bazarcia.com\/en\/wp-json\/wp\/v2\/product_tag?post=23372"}],"curies":[{"name":"wp","href":"https:\/\/api.w.org\/{rel}","templated":true}]}}