{"id":234204,"date":"2023-06-13T14:08:56","date_gmt":"2023-06-13T17:08:56","guid":{"rendered":"https:\/\/shop.bazarcia.com\/produto\/alfabeto-delicadeza-ponto-cheio\/"},"modified":"2023-11-14T19:07:33","modified_gmt":"2023-11-14T22:07:33","slug":"alfabeto-delicadeza-ponto-cheio","status":"publish","type":"product","link":"https:\/\/shop.bazarcia.com\/en\/product\/alfabeto-delicadeza-ponto-cheio\/","title":{"rendered":"Alfabeto Delicadeza &#8211; Ponto Cheio"},"content":{"rendered":"","protected":false},"excerpt":{"rendered":"<p><strong>Cole\u00e7\u00e3o de Matrizes Alfabeto Delicadeza<br \/>\n&#8211; Matrizes em Ponto Cheio<\/strong><\/p>\n<p>O Alfabeto Delicadeza \u00e9 uma cole\u00e7\u00e3o de matrizes cl\u00e1ssica, vers\u00e1til e atemporal, que combina ramos florais com letras elegantes e \u00e9 claro &#8211; muita delicadeza.<br \/>\nA cole\u00e7\u00e3o cont\u00e9m todas as 26 letras do alfabeto &#8211; do A ao Z, cada uma delas sendo uma op\u00e7\u00e3o perfeita para personalizar os mais diversos itens como, por exemplo, toalhas, fraldas, almofadas, necessaires, capas de caderneta, roupas de cama para tanto para adultos como para beb\u00eas e tudo mais que sua imagina\u00e7\u00e3o manda.<\/p>\n<p>Cada letra \u00e9 disponibilizada em matrizes nos seguintes tamanhos:<br \/>\n&#8211; 08 cm de altura x largura proporcional<br \/>\n&#8211; 10 cm de altura x largura proporcional<br \/>\n&#8211; 12 cm de altura x largura proporcional<\/p>\n<p>Cada matriz est\u00e1 dispon\u00edvel nas extens\u00f5es:<br \/>\n&#8211; DST<br \/>\n&#8211; EXP<br \/>\n&#8211; JEF<br \/>\n&#8211; PES<br \/>\n&#8211; XXX<\/p>\n<p><strong>Outras Informa\u00e7\u00f5es:<\/strong><br \/>\n&#8211; As matrizes est\u00e3o dispon\u00edveis para download imediato ap\u00f3s a identifica\u00e7\u00e3o do pagamento pelo sistema financeiro da nossa loja.<br \/>\n&#8211; O processo de pagamento e libera\u00e7\u00e3o das matrizes para download \u00e9 automatizado n\u00e3o sendo necess\u00e1rio o envio de nenhum tipo de comprovante.<\/p>","protected":false},"featured_media":234205,"comment_status":"open","ping_status":"closed","template":"","meta":{"_acf_changed":false,"_joinchat":[]},"product_brand":[],"product_cat":[84,277,303],"product_tag":[],"class_list":{"0":"post-234204","1":"product","2":"type-product","3":"status-publish","4":"has-post-thumbnail","6":"product_cat-matrizes-de-bordado","7":"product_cat-alfabetos","8":"product_cat-monogramas","10":"first","11":"instock","12":"downloadable","13":"virtual","14":"purchasable","15":"product-type-simple"},"acf":[],"yoast_head":"<!-- This site is optimized with the Yoast SEO plugin v27.2 - https:\/\/yoast.com\/product\/yoast-seo-wordpress\/ -->\n<title>Alfabeto Delicadeza - Ponto Cheio - \ud835\udc1b\ud835\udc1a\ud835\udc33\ud835\udc1a\ud835\udc2b &amp; \ud835\udc1c\ud835\udc22\ud835\udc1a<\/title>\n<meta name=\"robots\" content=\"index, follow, max-snippet:-1, max-image-preview:large, max-video-preview:-1\" \/>\n<link rel=\"canonical\" href=\"https:\/\/shop.bazarcia.com\/en\/product\/alfabeto-delicadeza-ponto-cheio\/\" \/>\n<meta property=\"og:locale\" content=\"en_US\" \/>\n<meta property=\"og:type\" content=\"article\" \/>\n<meta property=\"og:title\" content=\"Alfabeto Delicadeza - Ponto Cheio - \ud835\udc1b\ud835\udc1a\ud835\udc33\ud835\udc1a\ud835\udc2b &amp; \ud835\udc1c\ud835\udc22\ud835\udc1a\" \/>\n<meta property=\"og:description\" content=\"Cole\u00e7\u00e3o de Matrizes Alfabeto Delicadeza - Matrizes em Ponto Cheio  O Alfabeto Delicadeza \u00e9 uma cole\u00e7\u00e3o de matrizes cl\u00e1ssica, vers\u00e1til e atemporal, que combina ramos florais com letras elegantes e \u00e9 claro - muita delicadeza. A cole\u00e7\u00e3o cont\u00e9m todas as 26 letras do alfabeto - do A ao Z, cada uma delas sendo uma op\u00e7\u00e3o perfeita para personalizar os mais diversos itens como, por exemplo, toalhas, fraldas, almofadas, necessaires, capas de caderneta, roupas de cama para tanto para adultos como para beb\u00eas e tudo mais que sua imagina\u00e7\u00e3o manda.  Cada letra \u00e9 disponibilizada em matrizes nos seguintes tamanhos: - 08 cm de altura x largura proporcional - 10 cm de altura x largura proporcional - 12 cm de altura x largura proporcional  Cada matriz est\u00e1 dispon\u00edvel nas extens\u00f5es: - DST - EXP - JEF - PES - XXX  Outras Informa\u00e7\u00f5es: - As matrizes est\u00e3o dispon\u00edveis para download imediato ap\u00f3s a identifica\u00e7\u00e3o do pagamento pelo sistema financeiro da nossa loja. - O processo de pagamento e libera\u00e7\u00e3o das matrizes para download \u00e9 automatizado n\u00e3o sendo necess\u00e1rio o envio de nenhum tipo de comprovante.\" \/>\n<meta property=\"og:url\" content=\"https:\/\/shop.bazarcia.com\/en\/product\/alfabeto-delicadeza-ponto-cheio\/\" \/>\n<meta property=\"og:site_name\" content=\"\ud835\udc1b\ud835\udc1a\ud835\udc33\ud835\udc1a\ud835\udc2b &amp; \ud835\udc1c\ud835\udc22\ud835\udc1a\" \/>\n<meta property=\"article:publisher\" content=\"https:\/\/www.facebook.com\/shopbazarcia\" \/>\n<meta property=\"article:modified_time\" content=\"2023-11-14T22:07:33+00:00\" \/>\n<meta property=\"og:image\" content=\"https:\/\/shop.bazarcia.com\/wp-content\/uploads\/2023\/06\/PL_Alfabeto_Delicadeza_A.png\" \/>\n\t<meta property=\"og:image:width\" content=\"613\" \/>\n\t<meta property=\"og:image:height\" content=\"616\" \/>\n\t<meta property=\"og:image:type\" content=\"image\/png\" \/>\n<meta name=\"twitter:card\" content=\"summary_large_image\" \/>\n<script type=\"application\/ld+json\" class=\"yoast-schema-graph\">{\"@context\":\"https:\/\/schema.org\",\"@graph\":[{\"@type\":\"WebPage\",\"@id\":\"https:\/\/shop.bazarcia.com\/produto\/alfabeto-delicadeza-ponto-cheio\/\",\"url\":\"https:\/\/shop.bazarcia.com\/produto\/alfabeto-delicadeza-ponto-cheio\/\",\"name\":\"Alfabeto Delicadeza - Ponto Cheio - \ud835\udc1b\ud835\udc1a\ud835\udc33\ud835\udc1a\ud835\udc2b &amp; \ud835\udc1c\ud835\udc22\ud835\udc1a\",\"isPartOf\":{\"@id\":\"https:\/\/shop.bazarcia.com\/#website\"},\"primaryImageOfPage\":{\"@id\":\"https:\/\/shop.bazarcia.com\/produto\/alfabeto-delicadeza-ponto-cheio\/#primaryimage\"},\"image\":{\"@id\":\"https:\/\/shop.bazarcia.com\/produto\/alfabeto-delicadeza-ponto-cheio\/#primaryimage\"},\"thumbnailUrl\":\"https:\/\/shop.bazarcia.com\/wp-content\/uploads\/2023\/06\/PL_Alfabeto_Delicadeza_A.png\",\"datePublished\":\"2023-06-13T17:08:56+00:00\",\"dateModified\":\"2023-11-14T22:07:33+00:00\",\"breadcrumb\":{\"@id\":\"https:\/\/shop.bazarcia.com\/produto\/alfabeto-delicadeza-ponto-cheio\/#breadcrumb\"},\"inLanguage\":\"en-US\",\"potentialAction\":[{\"@type\":\"ReadAction\",\"target\":[\"https:\/\/shop.bazarcia.com\/produto\/alfabeto-delicadeza-ponto-cheio\/\"]}]},{\"@type\":\"ImageObject\",\"inLanguage\":\"en-US\",\"@id\":\"https:\/\/shop.bazarcia.com\/produto\/alfabeto-delicadeza-ponto-cheio\/#primaryimage\",\"url\":\"https:\/\/shop.bazarcia.com\/wp-content\/uploads\/2023\/06\/PL_Alfabeto_Delicadeza_A.png\",\"contentUrl\":\"https:\/\/shop.bazarcia.com\/wp-content\/uploads\/2023\/06\/PL_Alfabeto_Delicadeza_A.png\",\"width\":613,\"height\":616},{\"@type\":\"BreadcrumbList\",\"@id\":\"https:\/\/shop.bazarcia.com\/produto\/alfabeto-delicadeza-ponto-cheio\/#breadcrumb\",\"itemListElement\":[{\"@type\":\"ListItem\",\"position\":1,\"name\":\"In\u00edcio\",\"item\":\"https:\/\/shop.bazarcia.com\/\"},{\"@type\":\"ListItem\",\"position\":2,\"name\":\"Loja\",\"item\":\"https:\/\/shop.bazarcia.com\/loja\/\"},{\"@type\":\"ListItem\",\"position\":3,\"name\":\"Alfabeto Delicadeza &#8211; Ponto Cheio\"}]},{\"@type\":\"WebSite\",\"@id\":\"https:\/\/shop.bazarcia.com\/#website\",\"url\":\"https:\/\/shop.bazarcia.com\/\",\"name\":\"Bazar & Cia\",\"description\":\"criatividade ponto a ponto\",\"publisher\":{\"@id\":\"https:\/\/shop.bazarcia.com\/#organization\"},\"potentialAction\":[{\"@type\":\"SearchAction\",\"target\":{\"@type\":\"EntryPoint\",\"urlTemplate\":\"https:\/\/shop.bazarcia.com\/?s={search_term_string}\"},\"query-input\":{\"@type\":\"PropertyValueSpecification\",\"valueRequired\":true,\"valueName\":\"search_term_string\"}}],\"inLanguage\":\"en-US\"},{\"@type\":\"Organization\",\"@id\":\"https:\/\/shop.bazarcia.com\/#organization\",\"name\":\"Bazar & Cia\",\"url\":\"https:\/\/shop.bazarcia.com\/\",\"logo\":{\"@type\":\"ImageObject\",\"inLanguage\":\"en-US\",\"@id\":\"https:\/\/shop.bazarcia.com\/#\/schema\/logo\/image\/\",\"url\":\"https:\/\/shop.bazarcia.com\/wp-content\/uploads\/2024\/02\/cropped-logo_bazarcia.png\",\"contentUrl\":\"https:\/\/shop.bazarcia.com\/wp-content\/uploads\/2024\/02\/cropped-logo_bazarcia.png\",\"width\":150,\"height\":150,\"caption\":\"Bazar & Cia\"},\"image\":{\"@id\":\"https:\/\/shop.bazarcia.com\/#\/schema\/logo\/image\/\"},\"sameAs\":[\"https:\/\/www.facebook.com\/shopbazarcia\",\"https:\/\/www.instagram.com\/shopbazarcia\",\"https:\/\/br.pinterest.com\/suzane_eloise\/\",\"https:\/\/www.youtube.com\/c\/BazardoBordadoMatrizeseProjetos\"]}]}<\/script>\n<!-- \/ Yoast SEO plugin. -->","yoast_head_json":{"title":"Alfabeto Delicadeza - Ponto Cheio - \ud835\udc1b\ud835\udc1a\ud835\udc33\ud835\udc1a\ud835\udc2b &amp; \ud835\udc1c\ud835\udc22\ud835\udc1a","robots":{"index":"index","follow":"follow","max-snippet":"max-snippet:-1","max-image-preview":"max-image-preview:large","max-video-preview":"max-video-preview:-1"},"canonical":"https:\/\/shop.bazarcia.com\/en\/product\/alfabeto-delicadeza-ponto-cheio\/","og_locale":"en_US","og_type":"article","og_title":"Alfabeto Delicadeza - Ponto Cheio - \ud835\udc1b\ud835\udc1a\ud835\udc33\ud835\udc1a\ud835\udc2b &amp; \ud835\udc1c\ud835\udc22\ud835\udc1a","og_description":"Cole\u00e7\u00e3o de Matrizes Alfabeto Delicadeza - Matrizes em Ponto Cheio  O Alfabeto Delicadeza \u00e9 uma cole\u00e7\u00e3o de matrizes cl\u00e1ssica, vers\u00e1til e atemporal, que combina ramos florais com letras elegantes e \u00e9 claro - muita delicadeza. A cole\u00e7\u00e3o cont\u00e9m todas as 26 letras do alfabeto - do A ao Z, cada uma delas sendo uma op\u00e7\u00e3o perfeita para personalizar os mais diversos itens como, por exemplo, toalhas, fraldas, almofadas, necessaires, capas de caderneta, roupas de cama para tanto para adultos como para beb\u00eas e tudo mais que sua imagina\u00e7\u00e3o manda.  Cada letra \u00e9 disponibilizada em matrizes nos seguintes tamanhos: - 08 cm de altura x largura proporcional - 10 cm de altura x largura proporcional - 12 cm de altura x largura proporcional  Cada matriz est\u00e1 dispon\u00edvel nas extens\u00f5es: - DST - EXP - JEF - PES - XXX  Outras Informa\u00e7\u00f5es: - As matrizes est\u00e3o dispon\u00edveis para download imediato ap\u00f3s a identifica\u00e7\u00e3o do pagamento pelo sistema financeiro da nossa loja. - O processo de pagamento e libera\u00e7\u00e3o das matrizes para download \u00e9 automatizado n\u00e3o sendo necess\u00e1rio o envio de nenhum tipo de comprovante.","og_url":"https:\/\/shop.bazarcia.com\/en\/product\/alfabeto-delicadeza-ponto-cheio\/","og_site_name":"\ud835\udc1b\ud835\udc1a\ud835\udc33\ud835\udc1a\ud835\udc2b &amp; \ud835\udc1c\ud835\udc22\ud835\udc1a","article_publisher":"https:\/\/www.facebook.com\/shopbazarcia","article_modified_time":"2023-11-14T22:07:33+00:00","og_image":[{"width":613,"height":616,"url":"https:\/\/shop.bazarcia.com\/wp-content\/uploads\/2023\/06\/PL_Alfabeto_Delicadeza_A.png","type":"image\/png"}],"twitter_card":"summary_large_image","schema":{"@context":"https:\/\/schema.org","@graph":[{"@type":"WebPage","@id":"https:\/\/shop.bazarcia.com\/produto\/alfabeto-delicadeza-ponto-cheio\/","url":"https:\/\/shop.bazarcia.com\/produto\/alfabeto-delicadeza-ponto-cheio\/","name":"Alfabeto Delicadeza - Ponto Cheio - \ud835\udc1b\ud835\udc1a\ud835\udc33\ud835\udc1a\ud835\udc2b &amp; \ud835\udc1c\ud835\udc22\ud835\udc1a","isPartOf":{"@id":"https:\/\/shop.bazarcia.com\/#website"},"primaryImageOfPage":{"@id":"https:\/\/shop.bazarcia.com\/produto\/alfabeto-delicadeza-ponto-cheio\/#primaryimage"},"image":{"@id":"https:\/\/shop.bazarcia.com\/produto\/alfabeto-delicadeza-ponto-cheio\/#primaryimage"},"thumbnailUrl":"https:\/\/shop.bazarcia.com\/wp-content\/uploads\/2023\/06\/PL_Alfabeto_Delicadeza_A.png","datePublished":"2023-06-13T17:08:56+00:00","dateModified":"2023-11-14T22:07:33+00:00","breadcrumb":{"@id":"https:\/\/shop.bazarcia.com\/produto\/alfabeto-delicadeza-ponto-cheio\/#breadcrumb"},"inLanguage":"en-US","potentialAction":[{"@type":"ReadAction","target":["https:\/\/shop.bazarcia.com\/produto\/alfabeto-delicadeza-ponto-cheio\/"]}]},{"@type":"ImageObject","inLanguage":"en-US","@id":"https:\/\/shop.bazarcia.com\/produto\/alfabeto-delicadeza-ponto-cheio\/#primaryimage","url":"https:\/\/shop.bazarcia.com\/wp-content\/uploads\/2023\/06\/PL_Alfabeto_Delicadeza_A.png","contentUrl":"https:\/\/shop.bazarcia.com\/wp-content\/uploads\/2023\/06\/PL_Alfabeto_Delicadeza_A.png","width":613,"height":616},{"@type":"BreadcrumbList","@id":"https:\/\/shop.bazarcia.com\/produto\/alfabeto-delicadeza-ponto-cheio\/#breadcrumb","itemListElement":[{"@type":"ListItem","position":1,"name":"In\u00edcio","item":"https:\/\/shop.bazarcia.com\/"},{"@type":"ListItem","position":2,"name":"Loja","item":"https:\/\/shop.bazarcia.com\/loja\/"},{"@type":"ListItem","position":3,"name":"Alfabeto Delicadeza &#8211; Ponto Cheio"}]},{"@type":"WebSite","@id":"https:\/\/shop.bazarcia.com\/#website","url":"https:\/\/shop.bazarcia.com\/","name":"Bazar & Cia","description":"criatividade ponto a ponto","publisher":{"@id":"https:\/\/shop.bazarcia.com\/#organization"},"potentialAction":[{"@type":"SearchAction","target":{"@type":"EntryPoint","urlTemplate":"https:\/\/shop.bazarcia.com\/?s={search_term_string}"},"query-input":{"@type":"PropertyValueSpecification","valueRequired":true,"valueName":"search_term_string"}}],"inLanguage":"en-US"},{"@type":"Organization","@id":"https:\/\/shop.bazarcia.com\/#organization","name":"Bazar & Cia","url":"https:\/\/shop.bazarcia.com\/","logo":{"@type":"ImageObject","inLanguage":"en-US","@id":"https:\/\/shop.bazarcia.com\/#\/schema\/logo\/image\/","url":"https:\/\/shop.bazarcia.com\/wp-content\/uploads\/2024\/02\/cropped-logo_bazarcia.png","contentUrl":"https:\/\/shop.bazarcia.com\/wp-content\/uploads\/2024\/02\/cropped-logo_bazarcia.png","width":150,"height":150,"caption":"Bazar & Cia"},"image":{"@id":"https:\/\/shop.bazarcia.com\/#\/schema\/logo\/image\/"},"sameAs":["https:\/\/www.facebook.com\/shopbazarcia","https:\/\/www.instagram.com\/shopbazarcia","https:\/\/br.pinterest.com\/suzane_eloise\/","https:\/\/www.youtube.com\/c\/BazardoBordadoMatrizeseProjetos"]}]}},"_links":{"self":[{"href":"https:\/\/shop.bazarcia.com\/en\/wp-json\/wp\/v2\/product\/234204","targetHints":{"allow":["GET"]}}],"collection":[{"href":"https:\/\/shop.bazarcia.com\/en\/wp-json\/wp\/v2\/product"}],"about":[{"href":"https:\/\/shop.bazarcia.com\/en\/wp-json\/wp\/v2\/types\/product"}],"replies":[{"embeddable":true,"href":"https:\/\/shop.bazarcia.com\/en\/wp-json\/wp\/v2\/comments?post=234204"}],"version-history":[{"count":3,"href":"https:\/\/shop.bazarcia.com\/en\/wp-json\/wp\/v2\/product\/234204\/revisions"}],"predecessor-version":[{"id":234241,"href":"https:\/\/shop.bazarcia.com\/en\/wp-json\/wp\/v2\/product\/234204\/revisions\/234241"}],"wp:featuredmedia":[{"embeddable":true,"href":"https:\/\/shop.bazarcia.com\/en\/wp-json\/wp\/v2\/media\/234205"}],"wp:attachment":[{"href":"https:\/\/shop.bazarcia.com\/en\/wp-json\/wp\/v2\/media?parent=234204"}],"wp:term":[{"taxonomy":"product_brand","embeddable":true,"href":"https:\/\/shop.bazarcia.com\/en\/wp-json\/wp\/v2\/product_brand?post=234204"},{"taxonomy":"product_cat","embeddable":true,"href":"https:\/\/shop.bazarcia.com\/en\/wp-json\/wp\/v2\/product_cat?post=234204"},{"taxonomy":"product_tag","embeddable":true,"href":"https:\/\/shop.bazarcia.com\/en\/wp-json\/wp\/v2\/product_tag?post=234204"}],"curies":[{"name":"wp","href":"https:\/\/api.w.org\/{rel}","templated":true}]}}