{"id":235022,"date":"2023-06-20T01:06:10","date_gmt":"2023-06-20T04:06:10","guid":{"rendered":"https:\/\/shop.bazarcia.com\/produto\/matriz-de-bordado-pacote-orixas-13-matrizes\/"},"modified":"2024-08-20T15:27:40","modified_gmt":"2024-08-20T18:27:40","slug":"matriz-de-bordado-pacote-orixas-13-matrizes","status":"publish","type":"product","link":"https:\/\/shop.bazarcia.com\/en\/product\/matriz-de-bordado-pacote-orixas-13-matrizes\/","title":{"rendered":"Matriz de Bordado &#8211; Pacote Orix\u00e1s &#8211; 13 Matrizes"},"content":{"rendered":"<p>Este \u00e9 um produto digital que \u00e9 disponibilizado para DOWNLOAD logo ap\u00f3s a confirma\u00e7\u00e3o do pagamento.<br \/>\nOs arquivos est\u00e3o em pasta compactada(ZIP), sendo necess\u00e1rio descompactar.<br \/>\nOs mesmos s\u00e3o compat\u00edveis com v\u00e1rios tipos e modelos de m\u00e1quinas, com os seguintes formatos :<br \/>\nPES \u2013 JEF \u2013\u00a0 EXP \u2013 DST \u2013 VP3<\/p>\n<p>Pacote com 13 matrizes.<br \/>\nTamanhos das Matrizes (AxL) em cm:<br \/>\n(Seguindo a ordem das Imagems)<\/p>\n<p>Matriz 01 &#8211; Iansa 01<br \/>\n&#8211; 08 x 09 (5.291 pontos)<br \/>\n&#8211; 10 x 11 (6.678 pontos)<br \/>\n&#8211; 12 x 13 (8.211 pontos)<br \/>\n&#8211; 14 x 15 (9.230 pontos)<br \/>\n3 Trocas de Linhas.<\/p>\n<p>Matriz 02 &#8211; Iansa 02<br \/>\n&#8211; 10 x 08 (11.528 pontos)<br \/>\n&#8211; 12 x 10 (14.298 pontos)<br \/>\n&#8211; 14 x 11 (17.593 pontos)<br \/>\n08 Trocas de Linhas.<\/p>\n<p>Matriz 03 &#8211; Iemanja 01<br \/>\n&#8211; 10 x 04 (9.188 pontos)<br \/>\n&#8211; 12 x 05 (11.266 pontos)<br \/>\n&#8211; 14 x 06 (13.690 pontos)<br \/>\n07 Trocas de Linhas.<\/p>\n<p>Matriz 04 &#8211; Iemanja 02<br \/>\n&#8211; 08 x 08(8.749 pontos)<br \/>\n&#8211; 10 x 10 (10.779 pontos)<br \/>\n&#8211; 12 x 12 (13.053 pontos)<br \/>\n02 Trocas de Linhas.<\/p>\n<p>Matriz 05 &#8211; Nana 01<br \/>\n&#8211; 10 x 06 (13.448 pontos)<br \/>\n&#8211; 12 x 08 (17.293 pontos)<br \/>\n&#8211; 14 x 09 (21.336 pontos)<br \/>\n08 Trocas de Linhas.<\/p>\n<p>Matriz 06 &#8211; Nana 02<br \/>\n&#8211; 10 x 07 (11.115 pontos)<br \/>\n&#8211; 12 x 09 (13.959 pontos)<br \/>\n&#8211; 14 x 10 (16.815 pontos)<br \/>\n&#8211; 16 x 12 (20.343 pontos)<br \/>\n10 Trocas de Linhas.<\/p>\n<p>Matriz 07 &#8211; Ogum<br \/>\n&#8211; 10 x 05 (10.949 asasa pontos)<br \/>\n&#8211; 12 x 06 (12.707 pontos)<br \/>\n&#8211; 14 x 07 (15.144 pontos)<br \/>\n07 Trocas de Linhas.<\/p>\n<p>Matriz 08 &#8211; Omolu<br \/>\n&#8211; 10 x 08 (12.996 asasa pontos)<br \/>\n&#8211; 12 x 10 (16.107 pontos)<br \/>\n&#8211; 14 x 12 (19.421 pontos)<br \/>\n08 Trocas de Linhas.<\/p>\n<p>Matriz 09 &#8211; Oxal\u00e1<br \/>\n&#8211; 08 x 09 (11.221 pontos)<br \/>\n&#8211; 10 x 11 (14.282 pontos)<br \/>\n&#8211; 12 x 13 (17.454 pontos)<br \/>\n07 Trocas de Linhas.<\/p>\n<p>Matriz 10 &#8211; Oxossi<br \/>\n&#8211; 10 x 06.5 (10.602 pontos)<br \/>\n&#8211; 12 x 08 (12.803 pontos)<br \/>\n&#8211; 14 x 09 (15.295 pontos)<br \/>\n08 Trocas de Linhas.<\/p>\n<p>Matriz 11 &#8211; Oxum 01<br \/>\n&#8211; 08 x 11 (14.866 pontos)<br \/>\n&#8211; 10 x 13 (19.470 pontos)<br \/>\n&#8211; 12 x 16 (24.618 pontos)<br \/>\n07 Trocas de Linhas.<\/p>\n<p>Matriz 12 &#8211; Oxum 02<br \/>\n&#8211; 08 x 07 (9.284 pontos)<br \/>\n&#8211; 10 x 08 (12.071 pontos)<br \/>\n&#8211; 12 x 10 (15.421 pontos)<br \/>\n07 Trocas de Linhas.<\/p>\n<p>Matriz 13 &#8211; Xang\u00f4<br \/>\n&#8211; 10 x 05 (5.854 pontos)<br \/>\n&#8211; 12 x 06 (7.284 pontos)<br \/>\n&#8211; 14 x 07 (8.781 pontos)<br \/>\n06 Trocas de Linhas<\/p>\n<p>Por favor conferir os tamanhos antes de efetuar a compra!<\/p>","protected":false},"excerpt":{"rendered":"<p>Matriz de Bordado &#8211; Pacote Orix\u00e1s &#8211; 13 Matrizes<\/p>","protected":false},"featured_media":235020,"comment_status":"open","ping_status":"closed","template":"","meta":{"_acf_changed":false,"_joinchat":[]},"product_brand":[],"product_cat":[84,1066,306,311],"product_tag":[1170,1091,1090],"class_list":{"0":"post-235022","1":"product","2":"type-product","3":"status-publish","4":"has-post-thumbnail","6":"product_cat-matrizes-de-bordado","7":"product_cat-colecoes-matrizes-de-bordado","8":"product_cat-pacotinhos-de-matrizes","9":"product_cat-religiosos","10":"product_tag-bordado","11":"product_tag-brother","12":"product_tag-maquina-de-bordar","14":"first","15":"instock","16":"downloadable","17":"virtual","18":"sold-individually","19":"purchasable","20":"product-type-simple"},"acf":[],"yoast_head":"<!-- This site is optimized with the Yoast SEO plugin v27.2 - https:\/\/yoast.com\/product\/yoast-seo-wordpress\/ -->\n<title>Matriz de Bordado - Pacote Orix\u00e1s - 13 Matrizes - \ud835\udc1b\ud835\udc1a\ud835\udc33\ud835\udc1a\ud835\udc2b &amp; \ud835\udc1c\ud835\udc22\ud835\udc1a<\/title>\n<meta name=\"robots\" content=\"index, follow, max-snippet:-1, max-image-preview:large, max-video-preview:-1\" \/>\n<link rel=\"canonical\" href=\"https:\/\/shop.bazarcia.com\/en\/product\/matriz-de-bordado-pacote-orixas-13-matrizes\/\" \/>\n<meta property=\"og:locale\" content=\"en_US\" \/>\n<meta property=\"og:type\" content=\"article\" \/>\n<meta property=\"og:title\" content=\"Matriz de Bordado - Pacote Orix\u00e1s - 13 Matrizes - \ud835\udc1b\ud835\udc1a\ud835\udc33\ud835\udc1a\ud835\udc2b &amp; \ud835\udc1c\ud835\udc22\ud835\udc1a\" \/>\n<meta property=\"og:description\" content=\"Matriz de Bordado - Pacote Orix\u00e1s - 13 Matrizes\" \/>\n<meta property=\"og:url\" content=\"https:\/\/shop.bazarcia.com\/en\/product\/matriz-de-bordado-pacote-orixas-13-matrizes\/\" \/>\n<meta property=\"og:site_name\" content=\"\ud835\udc1b\ud835\udc1a\ud835\udc33\ud835\udc1a\ud835\udc2b &amp; \ud835\udc1c\ud835\udc22\ud835\udc1a\" \/>\n<meta property=\"article:publisher\" content=\"https:\/\/www.facebook.com\/shopbazarcia\" \/>\n<meta property=\"article:modified_time\" content=\"2024-08-20T18:27:40+00:00\" \/>\n<meta property=\"og:image\" content=\"https:\/\/shop.bazarcia.com\/wp-content\/uploads\/2023\/06\/Colecao-Orixas-BD.png\" \/>\n\t<meta property=\"og:image:width\" content=\"1080\" \/>\n\t<meta property=\"og:image:height\" content=\"1080\" \/>\n\t<meta property=\"og:image:type\" content=\"image\/png\" \/>\n<meta name=\"twitter:card\" content=\"summary_large_image\" \/>\n<meta name=\"twitter:label1\" content=\"Est. reading time\" \/>\n\t<meta name=\"twitter:data1\" content=\"1 minute\" \/>\n<script type=\"application\/ld+json\" class=\"yoast-schema-graph\">{\"@context\":\"https:\/\/schema.org\",\"@graph\":[{\"@type\":\"WebPage\",\"@id\":\"https:\/\/shop.bazarcia.com\/produto\/matriz-de-bordado-pacote-orixas-13-matrizes\/\",\"url\":\"https:\/\/shop.bazarcia.com\/produto\/matriz-de-bordado-pacote-orixas-13-matrizes\/\",\"name\":\"Matriz de Bordado - Pacote Orix\u00e1s - 13 Matrizes - \ud835\udc1b\ud835\udc1a\ud835\udc33\ud835\udc1a\ud835\udc2b &amp; \ud835\udc1c\ud835\udc22\ud835\udc1a\",\"isPartOf\":{\"@id\":\"https:\/\/shop.bazarcia.com\/#website\"},\"primaryImageOfPage\":{\"@id\":\"https:\/\/shop.bazarcia.com\/produto\/matriz-de-bordado-pacote-orixas-13-matrizes\/#primaryimage\"},\"image\":{\"@id\":\"https:\/\/shop.bazarcia.com\/produto\/matriz-de-bordado-pacote-orixas-13-matrizes\/#primaryimage\"},\"thumbnailUrl\":\"https:\/\/shop.bazarcia.com\/wp-content\/uploads\/2023\/06\/Colecao-Orixas-BD.png\",\"datePublished\":\"2023-06-20T04:06:10+00:00\",\"dateModified\":\"2024-08-20T18:27:40+00:00\",\"breadcrumb\":{\"@id\":\"https:\/\/shop.bazarcia.com\/produto\/matriz-de-bordado-pacote-orixas-13-matrizes\/#breadcrumb\"},\"inLanguage\":\"en-US\",\"potentialAction\":[{\"@type\":\"ReadAction\",\"target\":[\"https:\/\/shop.bazarcia.com\/produto\/matriz-de-bordado-pacote-orixas-13-matrizes\/\"]}]},{\"@type\":\"ImageObject\",\"inLanguage\":\"en-US\",\"@id\":\"https:\/\/shop.bazarcia.com\/produto\/matriz-de-bordado-pacote-orixas-13-matrizes\/#primaryimage\",\"url\":\"https:\/\/shop.bazarcia.com\/wp-content\/uploads\/2023\/06\/Colecao-Orixas-BD.png\",\"contentUrl\":\"https:\/\/shop.bazarcia.com\/wp-content\/uploads\/2023\/06\/Colecao-Orixas-BD.png\",\"width\":1080,\"height\":1080},{\"@type\":\"BreadcrumbList\",\"@id\":\"https:\/\/shop.bazarcia.com\/produto\/matriz-de-bordado-pacote-orixas-13-matrizes\/#breadcrumb\",\"itemListElement\":[{\"@type\":\"ListItem\",\"position\":1,\"name\":\"In\u00edcio\",\"item\":\"https:\/\/shop.bazarcia.com\/\"},{\"@type\":\"ListItem\",\"position\":2,\"name\":\"Loja\",\"item\":\"https:\/\/shop.bazarcia.com\/loja\/\"},{\"@type\":\"ListItem\",\"position\":3,\"name\":\"Matriz de Bordado &#8211; Pacote Orix\u00e1s &#8211; 13 Matrizes\"}]},{\"@type\":\"WebSite\",\"@id\":\"https:\/\/shop.bazarcia.com\/#website\",\"url\":\"https:\/\/shop.bazarcia.com\/\",\"name\":\"Bazar & Cia\",\"description\":\"criatividade ponto a ponto\",\"publisher\":{\"@id\":\"https:\/\/shop.bazarcia.com\/#organization\"},\"potentialAction\":[{\"@type\":\"SearchAction\",\"target\":{\"@type\":\"EntryPoint\",\"urlTemplate\":\"https:\/\/shop.bazarcia.com\/?s={search_term_string}\"},\"query-input\":{\"@type\":\"PropertyValueSpecification\",\"valueRequired\":true,\"valueName\":\"search_term_string\"}}],\"inLanguage\":\"en-US\"},{\"@type\":\"Organization\",\"@id\":\"https:\/\/shop.bazarcia.com\/#organization\",\"name\":\"Bazar & Cia\",\"url\":\"https:\/\/shop.bazarcia.com\/\",\"logo\":{\"@type\":\"ImageObject\",\"inLanguage\":\"en-US\",\"@id\":\"https:\/\/shop.bazarcia.com\/#\/schema\/logo\/image\/\",\"url\":\"https:\/\/shop.bazarcia.com\/wp-content\/uploads\/2024\/02\/cropped-logo_bazarcia.png\",\"contentUrl\":\"https:\/\/shop.bazarcia.com\/wp-content\/uploads\/2024\/02\/cropped-logo_bazarcia.png\",\"width\":150,\"height\":150,\"caption\":\"Bazar & Cia\"},\"image\":{\"@id\":\"https:\/\/shop.bazarcia.com\/#\/schema\/logo\/image\/\"},\"sameAs\":[\"https:\/\/www.facebook.com\/shopbazarcia\",\"https:\/\/www.instagram.com\/shopbazarcia\",\"https:\/\/br.pinterest.com\/suzane_eloise\/\",\"https:\/\/www.youtube.com\/c\/BazardoBordadoMatrizeseProjetos\"]}]}<\/script>\n<!-- \/ Yoast SEO plugin. -->","yoast_head_json":{"title":"Matriz de Bordado - Pacote Orix\u00e1s - 13 Matrizes - \ud835\udc1b\ud835\udc1a\ud835\udc33\ud835\udc1a\ud835\udc2b &amp; \ud835\udc1c\ud835\udc22\ud835\udc1a","robots":{"index":"index","follow":"follow","max-snippet":"max-snippet:-1","max-image-preview":"max-image-preview:large","max-video-preview":"max-video-preview:-1"},"canonical":"https:\/\/shop.bazarcia.com\/en\/product\/matriz-de-bordado-pacote-orixas-13-matrizes\/","og_locale":"en_US","og_type":"article","og_title":"Matriz de Bordado - Pacote Orix\u00e1s - 13 Matrizes - \ud835\udc1b\ud835\udc1a\ud835\udc33\ud835\udc1a\ud835\udc2b &amp; \ud835\udc1c\ud835\udc22\ud835\udc1a","og_description":"Matriz de Bordado - Pacote Orix\u00e1s - 13 Matrizes","og_url":"https:\/\/shop.bazarcia.com\/en\/product\/matriz-de-bordado-pacote-orixas-13-matrizes\/","og_site_name":"\ud835\udc1b\ud835\udc1a\ud835\udc33\ud835\udc1a\ud835\udc2b &amp; \ud835\udc1c\ud835\udc22\ud835\udc1a","article_publisher":"https:\/\/www.facebook.com\/shopbazarcia","article_modified_time":"2024-08-20T18:27:40+00:00","og_image":[{"width":1080,"height":1080,"url":"https:\/\/shop.bazarcia.com\/wp-content\/uploads\/2023\/06\/Colecao-Orixas-BD.png","type":"image\/png"}],"twitter_card":"summary_large_image","twitter_misc":{"Est. reading time":"1 minute"},"schema":{"@context":"https:\/\/schema.org","@graph":[{"@type":"WebPage","@id":"https:\/\/shop.bazarcia.com\/produto\/matriz-de-bordado-pacote-orixas-13-matrizes\/","url":"https:\/\/shop.bazarcia.com\/produto\/matriz-de-bordado-pacote-orixas-13-matrizes\/","name":"Matriz de Bordado - Pacote Orix\u00e1s - 13 Matrizes - \ud835\udc1b\ud835\udc1a\ud835\udc33\ud835\udc1a\ud835\udc2b &amp; \ud835\udc1c\ud835\udc22\ud835\udc1a","isPartOf":{"@id":"https:\/\/shop.bazarcia.com\/#website"},"primaryImageOfPage":{"@id":"https:\/\/shop.bazarcia.com\/produto\/matriz-de-bordado-pacote-orixas-13-matrizes\/#primaryimage"},"image":{"@id":"https:\/\/shop.bazarcia.com\/produto\/matriz-de-bordado-pacote-orixas-13-matrizes\/#primaryimage"},"thumbnailUrl":"https:\/\/shop.bazarcia.com\/wp-content\/uploads\/2023\/06\/Colecao-Orixas-BD.png","datePublished":"2023-06-20T04:06:10+00:00","dateModified":"2024-08-20T18:27:40+00:00","breadcrumb":{"@id":"https:\/\/shop.bazarcia.com\/produto\/matriz-de-bordado-pacote-orixas-13-matrizes\/#breadcrumb"},"inLanguage":"en-US","potentialAction":[{"@type":"ReadAction","target":["https:\/\/shop.bazarcia.com\/produto\/matriz-de-bordado-pacote-orixas-13-matrizes\/"]}]},{"@type":"ImageObject","inLanguage":"en-US","@id":"https:\/\/shop.bazarcia.com\/produto\/matriz-de-bordado-pacote-orixas-13-matrizes\/#primaryimage","url":"https:\/\/shop.bazarcia.com\/wp-content\/uploads\/2023\/06\/Colecao-Orixas-BD.png","contentUrl":"https:\/\/shop.bazarcia.com\/wp-content\/uploads\/2023\/06\/Colecao-Orixas-BD.png","width":1080,"height":1080},{"@type":"BreadcrumbList","@id":"https:\/\/shop.bazarcia.com\/produto\/matriz-de-bordado-pacote-orixas-13-matrizes\/#breadcrumb","itemListElement":[{"@type":"ListItem","position":1,"name":"In\u00edcio","item":"https:\/\/shop.bazarcia.com\/"},{"@type":"ListItem","position":2,"name":"Loja","item":"https:\/\/shop.bazarcia.com\/loja\/"},{"@type":"ListItem","position":3,"name":"Matriz de Bordado &#8211; Pacote Orix\u00e1s &#8211; 13 Matrizes"}]},{"@type":"WebSite","@id":"https:\/\/shop.bazarcia.com\/#website","url":"https:\/\/shop.bazarcia.com\/","name":"Bazar & Cia","description":"criatividade ponto a ponto","publisher":{"@id":"https:\/\/shop.bazarcia.com\/#organization"},"potentialAction":[{"@type":"SearchAction","target":{"@type":"EntryPoint","urlTemplate":"https:\/\/shop.bazarcia.com\/?s={search_term_string}"},"query-input":{"@type":"PropertyValueSpecification","valueRequired":true,"valueName":"search_term_string"}}],"inLanguage":"en-US"},{"@type":"Organization","@id":"https:\/\/shop.bazarcia.com\/#organization","name":"Bazar & Cia","url":"https:\/\/shop.bazarcia.com\/","logo":{"@type":"ImageObject","inLanguage":"en-US","@id":"https:\/\/shop.bazarcia.com\/#\/schema\/logo\/image\/","url":"https:\/\/shop.bazarcia.com\/wp-content\/uploads\/2024\/02\/cropped-logo_bazarcia.png","contentUrl":"https:\/\/shop.bazarcia.com\/wp-content\/uploads\/2024\/02\/cropped-logo_bazarcia.png","width":150,"height":150,"caption":"Bazar & Cia"},"image":{"@id":"https:\/\/shop.bazarcia.com\/#\/schema\/logo\/image\/"},"sameAs":["https:\/\/www.facebook.com\/shopbazarcia","https:\/\/www.instagram.com\/shopbazarcia","https:\/\/br.pinterest.com\/suzane_eloise\/","https:\/\/www.youtube.com\/c\/BazardoBordadoMatrizeseProjetos"]}]}},"_links":{"self":[{"href":"https:\/\/shop.bazarcia.com\/en\/wp-json\/wp\/v2\/product\/235022","targetHints":{"allow":["GET"]}}],"collection":[{"href":"https:\/\/shop.bazarcia.com\/en\/wp-json\/wp\/v2\/product"}],"about":[{"href":"https:\/\/shop.bazarcia.com\/en\/wp-json\/wp\/v2\/types\/product"}],"replies":[{"embeddable":true,"href":"https:\/\/shop.bazarcia.com\/en\/wp-json\/wp\/v2\/comments?post=235022"}],"version-history":[{"count":3,"href":"https:\/\/shop.bazarcia.com\/en\/wp-json\/wp\/v2\/product\/235022\/revisions"}],"predecessor-version":[{"id":366697,"href":"https:\/\/shop.bazarcia.com\/en\/wp-json\/wp\/v2\/product\/235022\/revisions\/366697"}],"wp:featuredmedia":[{"embeddable":true,"href":"https:\/\/shop.bazarcia.com\/en\/wp-json\/wp\/v2\/media\/235020"}],"wp:attachment":[{"href":"https:\/\/shop.bazarcia.com\/en\/wp-json\/wp\/v2\/media?parent=235022"}],"wp:term":[{"taxonomy":"product_brand","embeddable":true,"href":"https:\/\/shop.bazarcia.com\/en\/wp-json\/wp\/v2\/product_brand?post=235022"},{"taxonomy":"product_cat","embeddable":true,"href":"https:\/\/shop.bazarcia.com\/en\/wp-json\/wp\/v2\/product_cat?post=235022"},{"taxonomy":"product_tag","embeddable":true,"href":"https:\/\/shop.bazarcia.com\/en\/wp-json\/wp\/v2\/product_tag?post=235022"}],"curies":[{"name":"wp","href":"https:\/\/api.w.org\/{rel}","templated":true}]}}