{"id":235243,"date":"2023-06-21T16:18:17","date_gmt":"2023-06-21T19:18:17","guid":{"rendered":"https:\/\/shop.bazarcia.com\/produto\/matriz-de-bordado-sagrada-familia-3\/"},"modified":"2025-08-06T14:11:11","modified_gmt":"2025-08-06T17:11:11","slug":"matriz-de-bordado-sagrada-familia-3","status":"publish","type":"product","link":"https:\/\/shop.bazarcia.com\/en\/product\/matriz-de-bordado-sagrada-familia-3\/","title":{"rendered":"Matriz de Bordado &#8211; Sagrada Fam\u00edlia"},"content":{"rendered":"<p>Matriz de bordado Sagrada Fam\u00edlia. Pensadas para serem leves e f\u00e1ceis de bordar, em rippled e ponto cheio.\u00a0 Matrizes nos formatos para bordar toalhinhas, fraldinhas e o que mais a sua imagina\u00e7\u00e3o permitir.<\/p>\n<p>Tamanhos: 11cm, 12cm, 13cm, 15cm, 16cm e 17cm. Tamanho referente a altura, e a largura \u00e9 proporcional.<\/p>\n<p>Os mesmos s\u00e3o compat\u00edveis com v\u00e1rios tipos e modelos de m\u00e1quinas, com os seguintes formatos : PES \u2013 JEF \u2013\u00a0 EXP \u2013 XXX \u2013 DST &#8211; HUS.<\/p>\n<p>Este \u00e9 um produto digital que \u00e9 disponibilizado para DOWNLOAD logo ap\u00f3s a confirma\u00e7\u00e3o do pagamento.<\/p>\n<p>Os arquivos est\u00e3o em pasta compactada(ZIP), sendo necess\u00e1rio descompactar.<\/p>\n<p>&nbsp;<\/p>\n<p>Ao efetuar a compra de alguma matriz ou projeto de nossa loja, voc\u00ea adquire a LICEN\u00c7A DE USO do produto. Isso significa que o arquivo pertence \u00fanica e exclusivamente ao Pequena Margarida Ateli\u00ea e voc\u00ea obt\u00e9m, a partir da compra, o direito de us\u00e1-lo sob determinadas condi\u00e7\u00f5es, sendo elas:<\/p>\n<p>&#8211; Uso Pessoal: uso dos arquivos para produ\u00e7\u00e3o de itens para uso pessoal e sem fins lucrativos.<\/p>\n<p>&#8211; Uso Comercial: Uso dos arquivos para produ\u00e7\u00e3o de pe\u00e7as para comercializa\u00e7\u00e3o. As licen\u00e7as de Uso N\u00c3O te d\u00e3o direito, em hip\u00f3tese alguma de sub-licenciar, distribuir, doar, repassar, comercializar, revender ou compartilhar nosso arquivos. Isso tamb\u00e9m se aplica aos nossos arquivos gratuitos (Brindes). Pirataria \u00e9 CRIME!<\/p>","protected":false},"excerpt":{"rendered":"<p>*Matriz de bordado Sagrada Fam\u00edlia * Composta por uma matriz linda, em rippled e ponto cheio, para voc\u00ea bordar diversas pe\u00e7as. Dispon\u00edvel em v\u00e1rios tamanhos e formatos: PES \u2013 JEF \u2013 EXP \u2013 DST \u2013 HUS \u2013 XXX. Bastidores: 13\u00d718 ou maiores.<\/p>","protected":false},"featured_media":235240,"comment_status":"open","ping_status":"closed","template":"","meta":{"_acf_changed":false,"_joinchat":[]},"product_brand":[],"product_cat":[1556,84,312,311,1772,1115],"product_tag":[1431,1433,1430,1432],"class_list":{"0":"post-235243","1":"product","2":"type-product","3":"status-publish","4":"has-post-thumbnail","6":"product_cat-matriz-para-quadro-bastidor","7":"product_cat-matrizes-de-bordado","8":"product_cat-matrizes-pontos-leves","9":"product_cat-religiosos","10":"product_cat-santinhos","11":"product_cat-sem-categoria","12":"product_tag-bordado-computadorizado","13":"product_tag-bordado-eletronico","14":"product_tag-matriz-de-bordado","15":"product_tag-matrizes-de-bordado","17":"first","18":"instock","19":"downloadable","20":"virtual","21":"purchasable","22":"product-type-simple"},"acf":[],"yoast_head":"<!-- This site is optimized with the Yoast SEO plugin v27.2 - https:\/\/yoast.com\/product\/yoast-seo-wordpress\/ -->\n<title>Matriz de Bordado - Sagrada Fam\u00edlia - \ud835\udc1b\ud835\udc1a\ud835\udc33\ud835\udc1a\ud835\udc2b &amp; \ud835\udc1c\ud835\udc22\ud835\udc1a<\/title>\n<meta name=\"robots\" content=\"index, follow, max-snippet:-1, max-image-preview:large, max-video-preview:-1\" \/>\n<link rel=\"canonical\" href=\"https:\/\/shop.bazarcia.com\/en\/product\/matriz-de-bordado-sagrada-familia-3\/\" \/>\n<meta property=\"og:locale\" content=\"en_US\" \/>\n<meta property=\"og:type\" content=\"article\" \/>\n<meta property=\"og:title\" content=\"Matriz de Bordado - Sagrada Fam\u00edlia - \ud835\udc1b\ud835\udc1a\ud835\udc33\ud835\udc1a\ud835\udc2b &amp; \ud835\udc1c\ud835\udc22\ud835\udc1a\" \/>\n<meta property=\"og:description\" content=\"*Matriz de bordado Sagrada Fam\u00edlia * Composta por uma matriz linda, em rippled e ponto cheio, para voc\u00ea bordar diversas pe\u00e7as. Dispon\u00edvel em v\u00e1rios tamanhos e formatos: PES \u2013 JEF \u2013 EXP \u2013 DST \u2013 HUS \u2013 XXX. Bastidores: 13\u00d718 ou maiores.\" \/>\n<meta property=\"og:url\" content=\"https:\/\/shop.bazarcia.com\/en\/product\/matriz-de-bordado-sagrada-familia-3\/\" \/>\n<meta property=\"og:site_name\" content=\"\ud835\udc1b\ud835\udc1a\ud835\udc33\ud835\udc1a\ud835\udc2b &amp; \ud835\udc1c\ud835\udc22\ud835\udc1a\" \/>\n<meta property=\"article:publisher\" content=\"https:\/\/www.facebook.com\/shopbazarcia\" \/>\n<meta property=\"article:modified_time\" content=\"2025-08-06T17:11:11+00:00\" \/>\n<meta property=\"og:image\" content=\"https:\/\/shop.bazarcia.com\/wp-content\/uploads\/2023\/06\/MatrizSagradaFamilia-PM.png\" \/>\n\t<meta property=\"og:image:width\" content=\"1080\" \/>\n\t<meta property=\"og:image:height\" content=\"1080\" \/>\n\t<meta property=\"og:image:type\" content=\"image\/png\" \/>\n<meta name=\"twitter:card\" content=\"summary_large_image\" \/>\n<meta name=\"twitter:label1\" content=\"Est. reading time\" \/>\n\t<meta name=\"twitter:data1\" content=\"1 minute\" \/>\n<script type=\"application\/ld+json\" class=\"yoast-schema-graph\">{\"@context\":\"https:\/\/schema.org\",\"@graph\":[{\"@type\":\"WebPage\",\"@id\":\"https:\/\/shop.bazarcia.com\/en\/product\/matriz-de-bordado-sagrada-familia-3\/\",\"url\":\"https:\/\/shop.bazarcia.com\/en\/product\/matriz-de-bordado-sagrada-familia-3\/\",\"name\":\"Matriz de Bordado - Sagrada Fam\u00edlia - \ud835\udc1b\ud835\udc1a\ud835\udc33\ud835\udc1a\ud835\udc2b &amp; \ud835\udc1c\ud835\udc22\ud835\udc1a\",\"isPartOf\":{\"@id\":\"https:\/\/shop.bazarcia.com\/#website\"},\"primaryImageOfPage\":{\"@id\":\"https:\/\/shop.bazarcia.com\/en\/product\/matriz-de-bordado-sagrada-familia-3\/#primaryimage\"},\"image\":{\"@id\":\"https:\/\/shop.bazarcia.com\/en\/product\/matriz-de-bordado-sagrada-familia-3\/#primaryimage\"},\"thumbnailUrl\":\"https:\/\/shop.bazarcia.com\/wp-content\/uploads\/2023\/06\/MatrizSagradaFamilia-PM.png\",\"datePublished\":\"2023-06-21T19:18:17+00:00\",\"dateModified\":\"2025-08-06T17:11:11+00:00\",\"breadcrumb\":{\"@id\":\"https:\/\/shop.bazarcia.com\/en\/product\/matriz-de-bordado-sagrada-familia-3\/#breadcrumb\"},\"inLanguage\":\"en-US\",\"potentialAction\":[{\"@type\":\"ReadAction\",\"target\":[\"https:\/\/shop.bazarcia.com\/en\/product\/matriz-de-bordado-sagrada-familia-3\/\"]}]},{\"@type\":\"ImageObject\",\"inLanguage\":\"en-US\",\"@id\":\"https:\/\/shop.bazarcia.com\/en\/product\/matriz-de-bordado-sagrada-familia-3\/#primaryimage\",\"url\":\"https:\/\/shop.bazarcia.com\/wp-content\/uploads\/2023\/06\/MatrizSagradaFamilia-PM.png\",\"contentUrl\":\"https:\/\/shop.bazarcia.com\/wp-content\/uploads\/2023\/06\/MatrizSagradaFamilia-PM.png\",\"width\":1080,\"height\":1080},{\"@type\":\"BreadcrumbList\",\"@id\":\"https:\/\/shop.bazarcia.com\/en\/product\/matriz-de-bordado-sagrada-familia-3\/#breadcrumb\",\"itemListElement\":[{\"@type\":\"ListItem\",\"position\":1,\"name\":\"In\u00edcio\",\"item\":\"https:\/\/shop.bazarcia.com\/\"},{\"@type\":\"ListItem\",\"position\":2,\"name\":\"Loja\",\"item\":\"https:\/\/shop.bazarcia.com\/loja\/\"},{\"@type\":\"ListItem\",\"position\":3,\"name\":\"Matriz de Bordado &#8211; Sagrada Fam\u00edlia\"}]},{\"@type\":\"WebSite\",\"@id\":\"https:\/\/shop.bazarcia.com\/#website\",\"url\":\"https:\/\/shop.bazarcia.com\/\",\"name\":\"Bazar & Cia\",\"description\":\"criatividade ponto a ponto\",\"publisher\":{\"@id\":\"https:\/\/shop.bazarcia.com\/#organization\"},\"potentialAction\":[{\"@type\":\"SearchAction\",\"target\":{\"@type\":\"EntryPoint\",\"urlTemplate\":\"https:\/\/shop.bazarcia.com\/?s={search_term_string}\"},\"query-input\":{\"@type\":\"PropertyValueSpecification\",\"valueRequired\":true,\"valueName\":\"search_term_string\"}}],\"inLanguage\":\"en-US\"},{\"@type\":\"Organization\",\"@id\":\"https:\/\/shop.bazarcia.com\/#organization\",\"name\":\"Bazar & Cia\",\"url\":\"https:\/\/shop.bazarcia.com\/\",\"logo\":{\"@type\":\"ImageObject\",\"inLanguage\":\"en-US\",\"@id\":\"https:\/\/shop.bazarcia.com\/#\/schema\/logo\/image\/\",\"url\":\"https:\/\/shop.bazarcia.com\/wp-content\/uploads\/2024\/02\/cropped-logo_bazarcia.png\",\"contentUrl\":\"https:\/\/shop.bazarcia.com\/wp-content\/uploads\/2024\/02\/cropped-logo_bazarcia.png\",\"width\":150,\"height\":150,\"caption\":\"Bazar & Cia\"},\"image\":{\"@id\":\"https:\/\/shop.bazarcia.com\/#\/schema\/logo\/image\/\"},\"sameAs\":[\"https:\/\/www.facebook.com\/shopbazarcia\",\"https:\/\/www.instagram.com\/shopbazarcia\",\"https:\/\/br.pinterest.com\/suzane_eloise\/\",\"https:\/\/www.youtube.com\/c\/BazardoBordadoMatrizeseProjetos\"]}]}<\/script>\n<!-- \/ Yoast SEO plugin. -->","yoast_head_json":{"title":"Matriz de Bordado - Sagrada Fam\u00edlia - \ud835\udc1b\ud835\udc1a\ud835\udc33\ud835\udc1a\ud835\udc2b &amp; \ud835\udc1c\ud835\udc22\ud835\udc1a","robots":{"index":"index","follow":"follow","max-snippet":"max-snippet:-1","max-image-preview":"max-image-preview:large","max-video-preview":"max-video-preview:-1"},"canonical":"https:\/\/shop.bazarcia.com\/en\/product\/matriz-de-bordado-sagrada-familia-3\/","og_locale":"en_US","og_type":"article","og_title":"Matriz de Bordado - Sagrada Fam\u00edlia - \ud835\udc1b\ud835\udc1a\ud835\udc33\ud835\udc1a\ud835\udc2b &amp; \ud835\udc1c\ud835\udc22\ud835\udc1a","og_description":"*Matriz de bordado Sagrada Fam\u00edlia * Composta por uma matriz linda, em rippled e ponto cheio, para voc\u00ea bordar diversas pe\u00e7as. Dispon\u00edvel em v\u00e1rios tamanhos e formatos: PES \u2013 JEF \u2013 EXP \u2013 DST \u2013 HUS \u2013 XXX. Bastidores: 13\u00d718 ou maiores.","og_url":"https:\/\/shop.bazarcia.com\/en\/product\/matriz-de-bordado-sagrada-familia-3\/","og_site_name":"\ud835\udc1b\ud835\udc1a\ud835\udc33\ud835\udc1a\ud835\udc2b &amp; \ud835\udc1c\ud835\udc22\ud835\udc1a","article_publisher":"https:\/\/www.facebook.com\/shopbazarcia","article_modified_time":"2025-08-06T17:11:11+00:00","og_image":[{"width":1080,"height":1080,"url":"https:\/\/shop.bazarcia.com\/wp-content\/uploads\/2023\/06\/MatrizSagradaFamilia-PM.png","type":"image\/png"}],"twitter_card":"summary_large_image","twitter_misc":{"Est. reading time":"1 minute"},"schema":{"@context":"https:\/\/schema.org","@graph":[{"@type":"WebPage","@id":"https:\/\/shop.bazarcia.com\/en\/product\/matriz-de-bordado-sagrada-familia-3\/","url":"https:\/\/shop.bazarcia.com\/en\/product\/matriz-de-bordado-sagrada-familia-3\/","name":"Matriz de Bordado - Sagrada Fam\u00edlia - \ud835\udc1b\ud835\udc1a\ud835\udc33\ud835\udc1a\ud835\udc2b &amp; \ud835\udc1c\ud835\udc22\ud835\udc1a","isPartOf":{"@id":"https:\/\/shop.bazarcia.com\/#website"},"primaryImageOfPage":{"@id":"https:\/\/shop.bazarcia.com\/en\/product\/matriz-de-bordado-sagrada-familia-3\/#primaryimage"},"image":{"@id":"https:\/\/shop.bazarcia.com\/en\/product\/matriz-de-bordado-sagrada-familia-3\/#primaryimage"},"thumbnailUrl":"https:\/\/shop.bazarcia.com\/wp-content\/uploads\/2023\/06\/MatrizSagradaFamilia-PM.png","datePublished":"2023-06-21T19:18:17+00:00","dateModified":"2025-08-06T17:11:11+00:00","breadcrumb":{"@id":"https:\/\/shop.bazarcia.com\/en\/product\/matriz-de-bordado-sagrada-familia-3\/#breadcrumb"},"inLanguage":"en-US","potentialAction":[{"@type":"ReadAction","target":["https:\/\/shop.bazarcia.com\/en\/product\/matriz-de-bordado-sagrada-familia-3\/"]}]},{"@type":"ImageObject","inLanguage":"en-US","@id":"https:\/\/shop.bazarcia.com\/en\/product\/matriz-de-bordado-sagrada-familia-3\/#primaryimage","url":"https:\/\/shop.bazarcia.com\/wp-content\/uploads\/2023\/06\/MatrizSagradaFamilia-PM.png","contentUrl":"https:\/\/shop.bazarcia.com\/wp-content\/uploads\/2023\/06\/MatrizSagradaFamilia-PM.png","width":1080,"height":1080},{"@type":"BreadcrumbList","@id":"https:\/\/shop.bazarcia.com\/en\/product\/matriz-de-bordado-sagrada-familia-3\/#breadcrumb","itemListElement":[{"@type":"ListItem","position":1,"name":"In\u00edcio","item":"https:\/\/shop.bazarcia.com\/"},{"@type":"ListItem","position":2,"name":"Loja","item":"https:\/\/shop.bazarcia.com\/loja\/"},{"@type":"ListItem","position":3,"name":"Matriz de Bordado &#8211; Sagrada Fam\u00edlia"}]},{"@type":"WebSite","@id":"https:\/\/shop.bazarcia.com\/#website","url":"https:\/\/shop.bazarcia.com\/","name":"Bazar & Cia","description":"criatividade ponto a ponto","publisher":{"@id":"https:\/\/shop.bazarcia.com\/#organization"},"potentialAction":[{"@type":"SearchAction","target":{"@type":"EntryPoint","urlTemplate":"https:\/\/shop.bazarcia.com\/?s={search_term_string}"},"query-input":{"@type":"PropertyValueSpecification","valueRequired":true,"valueName":"search_term_string"}}],"inLanguage":"en-US"},{"@type":"Organization","@id":"https:\/\/shop.bazarcia.com\/#organization","name":"Bazar & Cia","url":"https:\/\/shop.bazarcia.com\/","logo":{"@type":"ImageObject","inLanguage":"en-US","@id":"https:\/\/shop.bazarcia.com\/#\/schema\/logo\/image\/","url":"https:\/\/shop.bazarcia.com\/wp-content\/uploads\/2024\/02\/cropped-logo_bazarcia.png","contentUrl":"https:\/\/shop.bazarcia.com\/wp-content\/uploads\/2024\/02\/cropped-logo_bazarcia.png","width":150,"height":150,"caption":"Bazar & Cia"},"image":{"@id":"https:\/\/shop.bazarcia.com\/#\/schema\/logo\/image\/"},"sameAs":["https:\/\/www.facebook.com\/shopbazarcia","https:\/\/www.instagram.com\/shopbazarcia","https:\/\/br.pinterest.com\/suzane_eloise\/","https:\/\/www.youtube.com\/c\/BazardoBordadoMatrizeseProjetos"]}]}},"_links":{"self":[{"href":"https:\/\/shop.bazarcia.com\/en\/wp-json\/wp\/v2\/product\/235243","targetHints":{"allow":["GET"]}}],"collection":[{"href":"https:\/\/shop.bazarcia.com\/en\/wp-json\/wp\/v2\/product"}],"about":[{"href":"https:\/\/shop.bazarcia.com\/en\/wp-json\/wp\/v2\/types\/product"}],"replies":[{"embeddable":true,"href":"https:\/\/shop.bazarcia.com\/en\/wp-json\/wp\/v2\/comments?post=235243"}],"version-history":[{"count":2,"href":"https:\/\/shop.bazarcia.com\/en\/wp-json\/wp\/v2\/product\/235243\/revisions"}],"predecessor-version":[{"id":337704,"href":"https:\/\/shop.bazarcia.com\/en\/wp-json\/wp\/v2\/product\/235243\/revisions\/337704"}],"wp:featuredmedia":[{"embeddable":true,"href":"https:\/\/shop.bazarcia.com\/en\/wp-json\/wp\/v2\/media\/235240"}],"wp:attachment":[{"href":"https:\/\/shop.bazarcia.com\/en\/wp-json\/wp\/v2\/media?parent=235243"}],"wp:term":[{"taxonomy":"product_brand","embeddable":true,"href":"https:\/\/shop.bazarcia.com\/en\/wp-json\/wp\/v2\/product_brand?post=235243"},{"taxonomy":"product_cat","embeddable":true,"href":"https:\/\/shop.bazarcia.com\/en\/wp-json\/wp\/v2\/product_cat?post=235243"},{"taxonomy":"product_tag","embeddable":true,"href":"https:\/\/shop.bazarcia.com\/en\/wp-json\/wp\/v2\/product_tag?post=235243"}],"curies":[{"name":"wp","href":"https:\/\/api.w.org\/{rel}","templated":true}]}}