{"id":237823,"date":"2023-07-06T16:59:55","date_gmt":"2023-07-06T19:59:55","guid":{"rendered":"https:\/\/shop.bazarcia.com\/produto\/kit-matrizes-frutas-na-moldura\/"},"modified":"2026-05-05T23:05:38","modified_gmt":"2026-05-06T02:05:38","slug":"kit-matrizes-frutas-na-moldura","status":"publish","type":"product","link":"https:\/\/shop.bazarcia.com\/en\/product\/kit-matrizes-frutas-na-moldura\/","title":{"rendered":"Cole\u00e7\u00e3o de Matrizes Semaninha Frutal"},"content":{"rendered":"<p data-start=\"234\" data-end=\"732\"><strong data-start=\"234\" data-end=\"302\">\ud83c\udf53\u00a0 \ud83c\udf4c<\/strong><br data-start=\"302\" data-end=\"305\" \/>Uma explos\u00e3o de do\u00e7ura e cores chegou para encher sua semana de charme!<br data-start=\"376\" data-end=\"379\" \/>A Cole\u00e7\u00e3o <strong data-start=\"389\" data-end=\"409\">Semaninha Frutal<\/strong> traz <strong data-start=\"415\" data-end=\"465\">7 frutinhas lindas e delicadamente emolduradas<\/strong>, cada uma representando um dia da semana com muito estilo e alegria. As frutas v\u00eam em <strong data-start=\"552\" data-end=\"566\">3 tamanhos<\/strong> diferentes para bastidores <strong data-start=\"594\" data-end=\"618\">13&#215;18, 16&#215;26 e 20&#215;20<\/strong>, permitindo que voc\u00ea componha seu jogo de panos de prato como quiser \u2014 do seu jeitinho, com liberdade criativa! \u2728<\/p>\n<p data-start=\"734\" data-end=\"1052\">Os <strong data-start=\"737\" data-end=\"755\">dias da semana<\/strong> s\u00e3o bordados em fontes\u00a0 fofinhas e encantadoras, dispon\u00edveis em <strong data-start=\"817\" data-end=\"854\">tamanho \u00fanico para bastidor 13&#215;18<\/strong>, prontinhos para combinar com qualquer fruta da cole\u00e7\u00e3o.<br data-start=\"911\" data-end=\"914\" \/>Tudo isso entregue nos formatos: <strong data-start=\"947\" data-end=\"980\">PES, XXX, EXP, JEF, DST e SEW<\/strong>, garantindo compatibilidade com a maioria das m\u00e1quinas de bordado. \ud83e\uddf5\ud83d\udc9b<\/p>\n<p data-start=\"1054\" data-end=\"1196\">Seja para presentear, vender ou embelezar sua pr\u00f3pria cozinha, essa semaninha \u00e9 um convite para bordar com alegria todos os dias! \ud83c\udf08\ud83c\udf49\ud83c\udf51\ud83c\udf50\ud83c\udf4c<\/p>\n<p data-start=\"1054\" data-end=\"1196\"><strong data-start=\"234\" data-end=\"302\">\u00a0Damel Programa\u00e7\u00e3o de Bordados <\/strong><\/p>\n<p><a href=\"https:\/\/shop.bazarcia.com\/en\/store\/damel-programacao-de-bordados\/toc\/\">Termos e Condi\u00e7\u00f5es<\/a><\/p>","protected":false},"excerpt":{"rendered":"<p>Uma cole\u00e7\u00e3o de semaninha linda onde voc\u00ea escolhe o dia da semana de cada fruta.<\/p>","protected":false},"featured_media":337137,"comment_status":"open","ping_status":"closed","template":"","meta":{"_acf_changed":false,"_joinchat":[]},"product_brand":[],"product_cat":[292,84,312,1115,1188],"product_tag":[1170,1431,1433,1432],"class_list":{"0":"post-237823","1":"product","2":"type-product","3":"status-publish","4":"has-post-thumbnail","6":"product_cat-cozinha","7":"product_cat-matrizes-de-bordado","8":"product_cat-matrizes-pontos-leves","9":"product_cat-sem-categoria","10":"product_cat-semaninha","11":"product_tag-bordado","12":"product_tag-bordado-computadorizado","13":"product_tag-bordado-eletronico","14":"product_tag-matrizes-de-bordado","16":"first","17":"instock","18":"downloadable","19":"virtual","20":"purchasable","21":"product-type-simple"},"acf":[],"yoast_head":"<!-- This site is optimized with the Yoast SEO plugin v27.2 - https:\/\/yoast.com\/product\/yoast-seo-wordpress\/ -->\n<title>Cole\u00e7\u00e3o de Matrizes Semaninha Frutal - \ud835\udc1b\ud835\udc1a\ud835\udc33\ud835\udc1a\ud835\udc2b &amp; \ud835\udc1c\ud835\udc22\ud835\udc1a<\/title>\n<meta name=\"robots\" content=\"index, follow, max-snippet:-1, max-image-preview:large, max-video-preview:-1\" \/>\n<link rel=\"canonical\" href=\"https:\/\/shop.bazarcia.com\/en\/product\/kit-matrizes-frutas-na-moldura\/\" \/>\n<meta property=\"og:locale\" content=\"en_US\" \/>\n<meta property=\"og:type\" content=\"article\" \/>\n<meta property=\"og:title\" content=\"Cole\u00e7\u00e3o de Matrizes Semaninha Frutal - \ud835\udc1b\ud835\udc1a\ud835\udc33\ud835\udc1a\ud835\udc2b &amp; \ud835\udc1c\ud835\udc22\ud835\udc1a\" \/>\n<meta property=\"og:description\" content=\"Uma cole\u00e7\u00e3o de semaninha linda onde voc\u00ea escolhe o dia da semana de cada fruta.\" \/>\n<meta property=\"og:url\" content=\"https:\/\/shop.bazarcia.com\/en\/product\/kit-matrizes-frutas-na-moldura\/\" \/>\n<meta property=\"og:site_name\" content=\"\ud835\udc1b\ud835\udc1a\ud835\udc33\ud835\udc1a\ud835\udc2b &amp; \ud835\udc1c\ud835\udc22\ud835\udc1a\" \/>\n<meta property=\"article:publisher\" content=\"https:\/\/www.facebook.com\/shopbazarcia\" \/>\n<meta property=\"article:modified_time\" content=\"2026-05-06T02:05:38+00:00\" \/>\n<meta property=\"og:image\" content=\"https:\/\/shop.bazarcia.com\/wp-content\/uploads\/2025\/08\/frutas-na-moldura.png\" \/>\n\t<meta property=\"og:image:width\" content=\"1080\" \/>\n\t<meta property=\"og:image:height\" content=\"1080\" \/>\n\t<meta property=\"og:image:type\" content=\"image\/png\" \/>\n<meta name=\"twitter:card\" content=\"summary_large_image\" \/>\n<meta name=\"twitter:label1\" content=\"Est. reading time\" \/>\n\t<meta name=\"twitter:data1\" content=\"1 minute\" \/>\n<script type=\"application\/ld+json\" class=\"yoast-schema-graph\">{\"@context\":\"https:\/\/schema.org\",\"@graph\":[{\"@type\":\"WebPage\",\"@id\":\"https:\/\/shop.bazarcia.com\/produto\/kit-matrizes-frutas-na-moldura\/\",\"url\":\"https:\/\/shop.bazarcia.com\/produto\/kit-matrizes-frutas-na-moldura\/\",\"name\":\"Cole\u00e7\u00e3o de Matrizes Semaninha Frutal - \ud835\udc1b\ud835\udc1a\ud835\udc33\ud835\udc1a\ud835\udc2b &amp; \ud835\udc1c\ud835\udc22\ud835\udc1a\",\"isPartOf\":{\"@id\":\"https:\/\/shop.bazarcia.com\/#website\"},\"primaryImageOfPage\":{\"@id\":\"https:\/\/shop.bazarcia.com\/produto\/kit-matrizes-frutas-na-moldura\/#primaryimage\"},\"image\":{\"@id\":\"https:\/\/shop.bazarcia.com\/produto\/kit-matrizes-frutas-na-moldura\/#primaryimage\"},\"thumbnailUrl\":\"https:\/\/shop.bazarcia.com\/wp-content\/uploads\/2025\/08\/frutas-na-moldura.png\",\"datePublished\":\"2023-07-06T19:59:55+00:00\",\"dateModified\":\"2026-05-06T02:05:38+00:00\",\"breadcrumb\":{\"@id\":\"https:\/\/shop.bazarcia.com\/produto\/kit-matrizes-frutas-na-moldura\/#breadcrumb\"},\"inLanguage\":\"en-US\",\"potentialAction\":[{\"@type\":\"ReadAction\",\"target\":[\"https:\/\/shop.bazarcia.com\/produto\/kit-matrizes-frutas-na-moldura\/\"]}]},{\"@type\":\"ImageObject\",\"inLanguage\":\"en-US\",\"@id\":\"https:\/\/shop.bazarcia.com\/produto\/kit-matrizes-frutas-na-moldura\/#primaryimage\",\"url\":\"https:\/\/shop.bazarcia.com\/wp-content\/uploads\/2025\/08\/frutas-na-moldura.png\",\"contentUrl\":\"https:\/\/shop.bazarcia.com\/wp-content\/uploads\/2025\/08\/frutas-na-moldura.png\",\"width\":1080,\"height\":1080},{\"@type\":\"BreadcrumbList\",\"@id\":\"https:\/\/shop.bazarcia.com\/produto\/kit-matrizes-frutas-na-moldura\/#breadcrumb\",\"itemListElement\":[{\"@type\":\"ListItem\",\"position\":1,\"name\":\"In\u00edcio\",\"item\":\"https:\/\/shop.bazarcia.com\/\"},{\"@type\":\"ListItem\",\"position\":2,\"name\":\"Loja\",\"item\":\"https:\/\/shop.bazarcia.com\/loja\/\"},{\"@type\":\"ListItem\",\"position\":3,\"name\":\"Cole\u00e7\u00e3o de Matrizes Semaninha Frutal\"}]},{\"@type\":\"WebSite\",\"@id\":\"https:\/\/shop.bazarcia.com\/#website\",\"url\":\"https:\/\/shop.bazarcia.com\/\",\"name\":\"Bazar & Cia\",\"description\":\"criatividade ponto a ponto\",\"publisher\":{\"@id\":\"https:\/\/shop.bazarcia.com\/#organization\"},\"potentialAction\":[{\"@type\":\"SearchAction\",\"target\":{\"@type\":\"EntryPoint\",\"urlTemplate\":\"https:\/\/shop.bazarcia.com\/?s={search_term_string}\"},\"query-input\":{\"@type\":\"PropertyValueSpecification\",\"valueRequired\":true,\"valueName\":\"search_term_string\"}}],\"inLanguage\":\"en-US\"},{\"@type\":\"Organization\",\"@id\":\"https:\/\/shop.bazarcia.com\/#organization\",\"name\":\"Bazar & Cia\",\"url\":\"https:\/\/shop.bazarcia.com\/\",\"logo\":{\"@type\":\"ImageObject\",\"inLanguage\":\"en-US\",\"@id\":\"https:\/\/shop.bazarcia.com\/#\/schema\/logo\/image\/\",\"url\":\"https:\/\/shop.bazarcia.com\/wp-content\/uploads\/2024\/02\/cropped-logo_bazarcia.png\",\"contentUrl\":\"https:\/\/shop.bazarcia.com\/wp-content\/uploads\/2024\/02\/cropped-logo_bazarcia.png\",\"width\":150,\"height\":150,\"caption\":\"Bazar & Cia\"},\"image\":{\"@id\":\"https:\/\/shop.bazarcia.com\/#\/schema\/logo\/image\/\"},\"sameAs\":[\"https:\/\/www.facebook.com\/shopbazarcia\",\"https:\/\/www.instagram.com\/shopbazarcia\",\"https:\/\/br.pinterest.com\/suzane_eloise\/\",\"https:\/\/www.youtube.com\/c\/BazardoBordadoMatrizeseProjetos\"]}]}<\/script>\n<!-- \/ Yoast SEO plugin. -->","yoast_head_json":{"title":"Cole\u00e7\u00e3o de Matrizes Semaninha Frutal - \ud835\udc1b\ud835\udc1a\ud835\udc33\ud835\udc1a\ud835\udc2b &amp; \ud835\udc1c\ud835\udc22\ud835\udc1a","robots":{"index":"index","follow":"follow","max-snippet":"max-snippet:-1","max-image-preview":"max-image-preview:large","max-video-preview":"max-video-preview:-1"},"canonical":"https:\/\/shop.bazarcia.com\/en\/product\/kit-matrizes-frutas-na-moldura\/","og_locale":"en_US","og_type":"article","og_title":"Cole\u00e7\u00e3o de Matrizes Semaninha Frutal - \ud835\udc1b\ud835\udc1a\ud835\udc33\ud835\udc1a\ud835\udc2b &amp; \ud835\udc1c\ud835\udc22\ud835\udc1a","og_description":"Uma cole\u00e7\u00e3o de semaninha linda onde voc\u00ea escolhe o dia da semana de cada fruta.","og_url":"https:\/\/shop.bazarcia.com\/en\/product\/kit-matrizes-frutas-na-moldura\/","og_site_name":"\ud835\udc1b\ud835\udc1a\ud835\udc33\ud835\udc1a\ud835\udc2b &amp; \ud835\udc1c\ud835\udc22\ud835\udc1a","article_publisher":"https:\/\/www.facebook.com\/shopbazarcia","article_modified_time":"2026-05-06T02:05:38+00:00","og_image":[{"width":1080,"height":1080,"url":"https:\/\/shop.bazarcia.com\/wp-content\/uploads\/2025\/08\/frutas-na-moldura.png","type":"image\/png"}],"twitter_card":"summary_large_image","twitter_misc":{"Est. reading time":"1 minute"},"schema":{"@context":"https:\/\/schema.org","@graph":[{"@type":"WebPage","@id":"https:\/\/shop.bazarcia.com\/produto\/kit-matrizes-frutas-na-moldura\/","url":"https:\/\/shop.bazarcia.com\/produto\/kit-matrizes-frutas-na-moldura\/","name":"Cole\u00e7\u00e3o de Matrizes Semaninha Frutal - \ud835\udc1b\ud835\udc1a\ud835\udc33\ud835\udc1a\ud835\udc2b &amp; \ud835\udc1c\ud835\udc22\ud835\udc1a","isPartOf":{"@id":"https:\/\/shop.bazarcia.com\/#website"},"primaryImageOfPage":{"@id":"https:\/\/shop.bazarcia.com\/produto\/kit-matrizes-frutas-na-moldura\/#primaryimage"},"image":{"@id":"https:\/\/shop.bazarcia.com\/produto\/kit-matrizes-frutas-na-moldura\/#primaryimage"},"thumbnailUrl":"https:\/\/shop.bazarcia.com\/wp-content\/uploads\/2025\/08\/frutas-na-moldura.png","datePublished":"2023-07-06T19:59:55+00:00","dateModified":"2026-05-06T02:05:38+00:00","breadcrumb":{"@id":"https:\/\/shop.bazarcia.com\/produto\/kit-matrizes-frutas-na-moldura\/#breadcrumb"},"inLanguage":"en-US","potentialAction":[{"@type":"ReadAction","target":["https:\/\/shop.bazarcia.com\/produto\/kit-matrizes-frutas-na-moldura\/"]}]},{"@type":"ImageObject","inLanguage":"en-US","@id":"https:\/\/shop.bazarcia.com\/produto\/kit-matrizes-frutas-na-moldura\/#primaryimage","url":"https:\/\/shop.bazarcia.com\/wp-content\/uploads\/2025\/08\/frutas-na-moldura.png","contentUrl":"https:\/\/shop.bazarcia.com\/wp-content\/uploads\/2025\/08\/frutas-na-moldura.png","width":1080,"height":1080},{"@type":"BreadcrumbList","@id":"https:\/\/shop.bazarcia.com\/produto\/kit-matrizes-frutas-na-moldura\/#breadcrumb","itemListElement":[{"@type":"ListItem","position":1,"name":"In\u00edcio","item":"https:\/\/shop.bazarcia.com\/"},{"@type":"ListItem","position":2,"name":"Loja","item":"https:\/\/shop.bazarcia.com\/loja\/"},{"@type":"ListItem","position":3,"name":"Cole\u00e7\u00e3o de Matrizes Semaninha Frutal"}]},{"@type":"WebSite","@id":"https:\/\/shop.bazarcia.com\/#website","url":"https:\/\/shop.bazarcia.com\/","name":"Bazar & Cia","description":"criatividade ponto a ponto","publisher":{"@id":"https:\/\/shop.bazarcia.com\/#organization"},"potentialAction":[{"@type":"SearchAction","target":{"@type":"EntryPoint","urlTemplate":"https:\/\/shop.bazarcia.com\/?s={search_term_string}"},"query-input":{"@type":"PropertyValueSpecification","valueRequired":true,"valueName":"search_term_string"}}],"inLanguage":"en-US"},{"@type":"Organization","@id":"https:\/\/shop.bazarcia.com\/#organization","name":"Bazar & Cia","url":"https:\/\/shop.bazarcia.com\/","logo":{"@type":"ImageObject","inLanguage":"en-US","@id":"https:\/\/shop.bazarcia.com\/#\/schema\/logo\/image\/","url":"https:\/\/shop.bazarcia.com\/wp-content\/uploads\/2024\/02\/cropped-logo_bazarcia.png","contentUrl":"https:\/\/shop.bazarcia.com\/wp-content\/uploads\/2024\/02\/cropped-logo_bazarcia.png","width":150,"height":150,"caption":"Bazar & Cia"},"image":{"@id":"https:\/\/shop.bazarcia.com\/#\/schema\/logo\/image\/"},"sameAs":["https:\/\/www.facebook.com\/shopbazarcia","https:\/\/www.instagram.com\/shopbazarcia","https:\/\/br.pinterest.com\/suzane_eloise\/","https:\/\/www.youtube.com\/c\/BazardoBordadoMatrizeseProjetos"]}]}},"_links":{"self":[{"href":"https:\/\/shop.bazarcia.com\/en\/wp-json\/wp\/v2\/product\/237823","targetHints":{"allow":["GET"]}}],"collection":[{"href":"https:\/\/shop.bazarcia.com\/en\/wp-json\/wp\/v2\/product"}],"about":[{"href":"https:\/\/shop.bazarcia.com\/en\/wp-json\/wp\/v2\/types\/product"}],"replies":[{"embeddable":true,"href":"https:\/\/shop.bazarcia.com\/en\/wp-json\/wp\/v2\/comments?post=237823"}],"version-history":[{"count":4,"href":"https:\/\/shop.bazarcia.com\/en\/wp-json\/wp\/v2\/product\/237823\/revisions"}],"predecessor-version":[{"id":337141,"href":"https:\/\/shop.bazarcia.com\/en\/wp-json\/wp\/v2\/product\/237823\/revisions\/337141"}],"wp:featuredmedia":[{"embeddable":true,"href":"https:\/\/shop.bazarcia.com\/en\/wp-json\/wp\/v2\/media\/337137"}],"wp:attachment":[{"href":"https:\/\/shop.bazarcia.com\/en\/wp-json\/wp\/v2\/media?parent=237823"}],"wp:term":[{"taxonomy":"product_brand","embeddable":true,"href":"https:\/\/shop.bazarcia.com\/en\/wp-json\/wp\/v2\/product_brand?post=237823"},{"taxonomy":"product_cat","embeddable":true,"href":"https:\/\/shop.bazarcia.com\/en\/wp-json\/wp\/v2\/product_cat?post=237823"},{"taxonomy":"product_tag","embeddable":true,"href":"https:\/\/shop.bazarcia.com\/en\/wp-json\/wp\/v2\/product_tag?post=237823"}],"curies":[{"name":"wp","href":"https:\/\/api.w.org\/{rel}","templated":true}]}}