{"id":238240,"date":"2023-07-10T13:41:29","date_gmt":"2023-07-10T16:41:29","guid":{"rendered":"https:\/\/shop.bazarcia.com\/produto\/matriz-de-bordado-casal-de-gatinhos-enrolados-pontos-leves\/"},"modified":"2023-07-10T13:52:39","modified_gmt":"2023-07-10T16:52:39","slug":"matriz-de-bordado-casal-de-gatinhos-enrolados-pontos-leves","status":"publish","type":"product","link":"https:\/\/shop.bazarcia.com\/en\/product\/matriz-de-bordado-casal-de-gatinhos-enrolados-pontos-leves\/","title":{"rendered":"Matriz de Bordado &#8211; Casal de Gatinhos Enrolados (PONTOS LEVES)"},"content":{"rendered":"<p style=\"margin: 0px 0px var(--wd-tags-mb) 0px;padding: 0px;border: 0px;vertical-align: baseline;line-height: inherit;font-family: Lato, Arial, Helvetica, sans-serif;font-size: 14px;color: #777777\">Matriz de Bordado \u2013 Casal de Gatinhos Enrolados (PONTOS LEVES \u00e9 um produto virtual, compat\u00edvel com v\u00e1rios modelos de m\u00e1quinas de bordar.<\/p>\n<p style=\"margin: 0px 0px var(--wd-tags-mb) 0px;padding: 0px;border: 0px;vertical-align: baseline;line-height: inherit;font-family: Lato, Arial, Helvetica, sans-serif;font-size: 14px;color: #777777\">\u00c9 ideal para bordar em camisas, capas para almofadas, toalhinhas, bolsas, entre outros.<\/p>\n<p style=\"margin: 0px 0px var(--wd-tags-mb) 0px;padding: 0px;border: 0px;vertical-align: baseline;line-height: inherit;font-family: Lato, Arial, Helvetica, sans-serif;font-size: 14px;color: #777777\">A libera\u00e7\u00e3o da matriz ocorre imediatamente ap\u00f3s o pagamento, basta acessar a \u00e1rea de cliente aqui no site e ir na aba de downloads.<\/p>\n<p style=\"margin: 0px 0px var(--wd-tags-mb) 0px;padding: 0px;border: 0px;vertical-align: baseline;line-height: inherit;font-family: Lato, Arial, Helvetica, sans-serif;font-size: 14px;color: #777777\">Tamanhos dispon\u00edveis: 7x9cm<\/p>\n<p style=\"margin: 0px 0px var(--wd-tags-mb) 0px;padding: 0px;border: 0px;vertical-align: baseline;line-height: inherit;font-family: Lato, Arial, Helvetica, sans-serif;font-size: 14px;color: #777777\">Os arquivos s\u00e3o compat\u00edveis com v\u00e1rios tipos e modelos de m\u00e1quinas, com os seguintes formatos: PES \u2013 JEF \u2013 EXP \u2013 XXX \u2013 DST \u2013 HUS, os mesmos s\u00e3o disponibilizados em pasta compactada(ZIP), sendo necess\u00e1rio descompactar.<\/p>","protected":false},"excerpt":{"rendered":"<p>Matriz de Bordado \u2013 Casal de Gatinhos Enrolados (PONTOS LEVES) \u00e9 um produto virtual, compat\u00edvel com v\u00e1rios modelos de m\u00e1quinas de bordar. \u00c9 ideal para bordar em camisas, capas para almofadas, toalhinhas, bolsas, entre outros.<\/p>\n<p>A libera\u00e7\u00e3o da matriz ocorre imediatamente ap\u00f3s o pagamento, basta acessar a \u00e1rea de cliente aqui no site e ir na aba de downloads.<\/p>","protected":false},"featured_media":238238,"comment_status":"open","ping_status":"closed","template":"","meta":{"_acf_changed":false,"_joinchat":[]},"product_brand":[],"product_cat":[84,122,326,147,312],"product_tag":[1170,1431,1433,1280,1091,1092,1090,1348,1430,1432],"class_list":{"0":"post-238240","1":"product","2":"type-product","3":"status-publish","4":"has-post-thumbnail","6":"product_cat-matrizes-de-bordado","7":"product_cat-matrizes-de-bordado-animais","8":"product_cat-gatinhos","9":"product_cat-projeto-matrizes-pet-moda-animal","10":"product_cat-matrizes-pontos-leves","11":"product_tag-bordado","12":"product_tag-bordado-computadorizado","13":"product_tag-bordado-eletronico","14":"product_tag-bordar","15":"product_tag-brother","16":"product_tag-maquina-de-bordado-brother-bp2150ldv","17":"product_tag-maquina-de-bordar","18":"product_tag-maquina-domestica","19":"product_tag-matriz-de-bordado","20":"product_tag-matrizes-de-bordado","22":"first","23":"instock","24":"downloadable","25":"virtual","26":"purchasable","27":"product-type-simple"},"acf":[],"yoast_head":"<!-- This site is optimized with the Yoast SEO plugin v27.2 - https:\/\/yoast.com\/product\/yoast-seo-wordpress\/ -->\n<title>Matriz de Bordado \u2013 Casal de Gatinhos Enrolados (PONTOS LEVES)<\/title>\n<meta name=\"description\" content=\"Matriz de Bordado \u2013 Casal de Gatinhos Enrolados (PONTOS LEVES) \u00e9 um produto virtual, compat\u00edvel com v\u00e1rios modelos de m\u00e1quinas de bordar. \u00c9 ideal para bordar em camisas, capas para almofadas, toalhinhas, bolsas, entre outros. A libera\u00e7\u00e3o da matriz ocorre imediatamente ap\u00f3s o pagamento, basta acessar a \u00e1rea de cliente aqui no site e ir na aba de downloads.\" \/>\n<meta name=\"robots\" content=\"index, follow, max-snippet:-1, max-image-preview:large, max-video-preview:-1\" \/>\n<link rel=\"canonical\" href=\"https:\/\/shop.bazarcia.com\/en\/product\/matriz-de-bordado-casal-de-gatinhos-enrolados-pontos-leves\/\" \/>\n<meta property=\"og:locale\" content=\"en_US\" \/>\n<meta property=\"og:type\" content=\"article\" \/>\n<meta property=\"og:title\" content=\"Matriz de Bordado \u2013 Casal de Gatinhos Enrolados (PONTOS LEVES)\" \/>\n<meta property=\"og:description\" content=\"Matriz de Bordado \u2013 Casal de Gatinhos Enrolados (PONTOS LEVES) \u00e9 um produto virtual, compat\u00edvel com v\u00e1rios modelos de m\u00e1quinas de bordar. \u00c9 ideal para bordar em camisas, capas para almofadas, toalhinhas, bolsas, entre outros. A libera\u00e7\u00e3o da matriz ocorre imediatamente ap\u00f3s o pagamento, basta acessar a \u00e1rea de cliente aqui no site e ir na aba de downloads.\" \/>\n<meta property=\"og:url\" content=\"https:\/\/shop.bazarcia.com\/en\/product\/matriz-de-bordado-casal-de-gatinhos-enrolados-pontos-leves\/\" \/>\n<meta property=\"og:site_name\" content=\"\ud835\udc1b\ud835\udc1a\ud835\udc33\ud835\udc1a\ud835\udc2b &amp; \ud835\udc1c\ud835\udc22\ud835\udc1a\" \/>\n<meta property=\"article:publisher\" content=\"https:\/\/www.facebook.com\/shopbazarcia\" \/>\n<meta property=\"article:modified_time\" content=\"2023-07-10T16:52:39+00:00\" \/>\n<meta property=\"og:image\" content=\"https:\/\/shop.bazarcia.com\/wp-content\/uploads\/2023\/07\/casal-de-gatinhos-enrolados.jpg\" \/>\n\t<meta property=\"og:image:width\" content=\"1080\" \/>\n\t<meta property=\"og:image:height\" content=\"1080\" \/>\n\t<meta property=\"og:image:type\" content=\"image\/jpeg\" \/>\n<meta name=\"twitter:card\" content=\"summary_large_image\" \/>\n<meta name=\"twitter:label1\" content=\"Est. reading time\" \/>\n\t<meta name=\"twitter:data1\" content=\"1 minute\" \/>\n<script type=\"application\/ld+json\" class=\"yoast-schema-graph\">{\"@context\":\"https:\/\/schema.org\",\"@graph\":[{\"@type\":\"WebPage\",\"@id\":\"https:\/\/shop.bazarcia.com\/produto\/matriz-de-bordado-casal-de-gatinhos-enrolados-pontos-leves\/\",\"url\":\"https:\/\/shop.bazarcia.com\/produto\/matriz-de-bordado-casal-de-gatinhos-enrolados-pontos-leves\/\",\"name\":\"Matriz de Bordado \u2013 Casal de Gatinhos Enrolados (PONTOS LEVES)\",\"isPartOf\":{\"@id\":\"https:\/\/shop.bazarcia.com\/#website\"},\"primaryImageOfPage\":{\"@id\":\"https:\/\/shop.bazarcia.com\/produto\/matriz-de-bordado-casal-de-gatinhos-enrolados-pontos-leves\/#primaryimage\"},\"image\":{\"@id\":\"https:\/\/shop.bazarcia.com\/produto\/matriz-de-bordado-casal-de-gatinhos-enrolados-pontos-leves\/#primaryimage\"},\"thumbnailUrl\":\"https:\/\/shop.bazarcia.com\/wp-content\/uploads\/2023\/07\/casal-de-gatinhos-enrolados.jpg\",\"datePublished\":\"2023-07-10T16:41:29+00:00\",\"dateModified\":\"2023-07-10T16:52:39+00:00\",\"description\":\"Matriz de Bordado \u2013 Casal de Gatinhos Enrolados (PONTOS LEVES) \u00e9 um produto virtual, compat\u00edvel com v\u00e1rios modelos de m\u00e1quinas de bordar. \u00c9 ideal para bordar em camisas, capas para almofadas, toalhinhas, bolsas, entre outros. A libera\u00e7\u00e3o da matriz ocorre imediatamente ap\u00f3s o pagamento, basta acessar a \u00e1rea de cliente aqui no site e ir na aba de downloads.\",\"breadcrumb\":{\"@id\":\"https:\/\/shop.bazarcia.com\/produto\/matriz-de-bordado-casal-de-gatinhos-enrolados-pontos-leves\/#breadcrumb\"},\"inLanguage\":\"en-US\",\"potentialAction\":[{\"@type\":\"ReadAction\",\"target\":[\"https:\/\/shop.bazarcia.com\/produto\/matriz-de-bordado-casal-de-gatinhos-enrolados-pontos-leves\/\"]}]},{\"@type\":\"ImageObject\",\"inLanguage\":\"en-US\",\"@id\":\"https:\/\/shop.bazarcia.com\/produto\/matriz-de-bordado-casal-de-gatinhos-enrolados-pontos-leves\/#primaryimage\",\"url\":\"https:\/\/shop.bazarcia.com\/wp-content\/uploads\/2023\/07\/casal-de-gatinhos-enrolados.jpg\",\"contentUrl\":\"https:\/\/shop.bazarcia.com\/wp-content\/uploads\/2023\/07\/casal-de-gatinhos-enrolados.jpg\",\"width\":1080,\"height\":1080},{\"@type\":\"BreadcrumbList\",\"@id\":\"https:\/\/shop.bazarcia.com\/produto\/matriz-de-bordado-casal-de-gatinhos-enrolados-pontos-leves\/#breadcrumb\",\"itemListElement\":[{\"@type\":\"ListItem\",\"position\":1,\"name\":\"In\u00edcio\",\"item\":\"https:\/\/shop.bazarcia.com\/\"},{\"@type\":\"ListItem\",\"position\":2,\"name\":\"Loja\",\"item\":\"https:\/\/shop.bazarcia.com\/loja\/\"},{\"@type\":\"ListItem\",\"position\":3,\"name\":\"Matriz de Bordado &#8211; Casal de Gatinhos Enrolados (PONTOS LEVES)\"}]},{\"@type\":\"WebSite\",\"@id\":\"https:\/\/shop.bazarcia.com\/#website\",\"url\":\"https:\/\/shop.bazarcia.com\/\",\"name\":\"Bazar & Cia\",\"description\":\"criatividade ponto a ponto\",\"publisher\":{\"@id\":\"https:\/\/shop.bazarcia.com\/#organization\"},\"potentialAction\":[{\"@type\":\"SearchAction\",\"target\":{\"@type\":\"EntryPoint\",\"urlTemplate\":\"https:\/\/shop.bazarcia.com\/?s={search_term_string}\"},\"query-input\":{\"@type\":\"PropertyValueSpecification\",\"valueRequired\":true,\"valueName\":\"search_term_string\"}}],\"inLanguage\":\"en-US\"},{\"@type\":\"Organization\",\"@id\":\"https:\/\/shop.bazarcia.com\/#organization\",\"name\":\"Bazar & Cia\",\"url\":\"https:\/\/shop.bazarcia.com\/\",\"logo\":{\"@type\":\"ImageObject\",\"inLanguage\":\"en-US\",\"@id\":\"https:\/\/shop.bazarcia.com\/#\/schema\/logo\/image\/\",\"url\":\"https:\/\/shop.bazarcia.com\/wp-content\/uploads\/2024\/02\/cropped-logo_bazarcia.png\",\"contentUrl\":\"https:\/\/shop.bazarcia.com\/wp-content\/uploads\/2024\/02\/cropped-logo_bazarcia.png\",\"width\":150,\"height\":150,\"caption\":\"Bazar & Cia\"},\"image\":{\"@id\":\"https:\/\/shop.bazarcia.com\/#\/schema\/logo\/image\/\"},\"sameAs\":[\"https:\/\/www.facebook.com\/shopbazarcia\",\"https:\/\/www.instagram.com\/shopbazarcia\",\"https:\/\/br.pinterest.com\/suzane_eloise\/\",\"https:\/\/www.youtube.com\/c\/BazardoBordadoMatrizeseProjetos\"]}]}<\/script>\n<!-- \/ Yoast SEO plugin. -->","yoast_head_json":{"title":"Matriz de Bordado \u2013 Casal de Gatinhos Enrolados (PONTOS LEVES)","description":"Matriz de Bordado \u2013 Casal de Gatinhos Enrolados (PONTOS LEVES) \u00e9 um produto virtual, compat\u00edvel com v\u00e1rios modelos de m\u00e1quinas de bordar. \u00c9 ideal para bordar em camisas, capas para almofadas, toalhinhas, bolsas, entre outros. A libera\u00e7\u00e3o da matriz ocorre imediatamente ap\u00f3s o pagamento, basta acessar a \u00e1rea de cliente aqui no site e ir na aba de downloads.","robots":{"index":"index","follow":"follow","max-snippet":"max-snippet:-1","max-image-preview":"max-image-preview:large","max-video-preview":"max-video-preview:-1"},"canonical":"https:\/\/shop.bazarcia.com\/en\/product\/matriz-de-bordado-casal-de-gatinhos-enrolados-pontos-leves\/","og_locale":"en_US","og_type":"article","og_title":"Matriz de Bordado \u2013 Casal de Gatinhos Enrolados (PONTOS LEVES)","og_description":"Matriz de Bordado \u2013 Casal de Gatinhos Enrolados (PONTOS LEVES) \u00e9 um produto virtual, compat\u00edvel com v\u00e1rios modelos de m\u00e1quinas de bordar. \u00c9 ideal para bordar em camisas, capas para almofadas, toalhinhas, bolsas, entre outros. A libera\u00e7\u00e3o da matriz ocorre imediatamente ap\u00f3s o pagamento, basta acessar a \u00e1rea de cliente aqui no site e ir na aba de downloads.","og_url":"https:\/\/shop.bazarcia.com\/en\/product\/matriz-de-bordado-casal-de-gatinhos-enrolados-pontos-leves\/","og_site_name":"\ud835\udc1b\ud835\udc1a\ud835\udc33\ud835\udc1a\ud835\udc2b &amp; \ud835\udc1c\ud835\udc22\ud835\udc1a","article_publisher":"https:\/\/www.facebook.com\/shopbazarcia","article_modified_time":"2023-07-10T16:52:39+00:00","og_image":[{"width":1080,"height":1080,"url":"https:\/\/shop.bazarcia.com\/wp-content\/uploads\/2023\/07\/casal-de-gatinhos-enrolados.jpg","type":"image\/jpeg"}],"twitter_card":"summary_large_image","twitter_misc":{"Est. reading time":"1 minute"},"schema":{"@context":"https:\/\/schema.org","@graph":[{"@type":"WebPage","@id":"https:\/\/shop.bazarcia.com\/produto\/matriz-de-bordado-casal-de-gatinhos-enrolados-pontos-leves\/","url":"https:\/\/shop.bazarcia.com\/produto\/matriz-de-bordado-casal-de-gatinhos-enrolados-pontos-leves\/","name":"Matriz de Bordado \u2013 Casal de Gatinhos Enrolados (PONTOS LEVES)","isPartOf":{"@id":"https:\/\/shop.bazarcia.com\/#website"},"primaryImageOfPage":{"@id":"https:\/\/shop.bazarcia.com\/produto\/matriz-de-bordado-casal-de-gatinhos-enrolados-pontos-leves\/#primaryimage"},"image":{"@id":"https:\/\/shop.bazarcia.com\/produto\/matriz-de-bordado-casal-de-gatinhos-enrolados-pontos-leves\/#primaryimage"},"thumbnailUrl":"https:\/\/shop.bazarcia.com\/wp-content\/uploads\/2023\/07\/casal-de-gatinhos-enrolados.jpg","datePublished":"2023-07-10T16:41:29+00:00","dateModified":"2023-07-10T16:52:39+00:00","description":"Matriz de Bordado \u2013 Casal de Gatinhos Enrolados (PONTOS LEVES) \u00e9 um produto virtual, compat\u00edvel com v\u00e1rios modelos de m\u00e1quinas de bordar. \u00c9 ideal para bordar em camisas, capas para almofadas, toalhinhas, bolsas, entre outros. A libera\u00e7\u00e3o da matriz ocorre imediatamente ap\u00f3s o pagamento, basta acessar a \u00e1rea de cliente aqui no site e ir na aba de downloads.","breadcrumb":{"@id":"https:\/\/shop.bazarcia.com\/produto\/matriz-de-bordado-casal-de-gatinhos-enrolados-pontos-leves\/#breadcrumb"},"inLanguage":"en-US","potentialAction":[{"@type":"ReadAction","target":["https:\/\/shop.bazarcia.com\/produto\/matriz-de-bordado-casal-de-gatinhos-enrolados-pontos-leves\/"]}]},{"@type":"ImageObject","inLanguage":"en-US","@id":"https:\/\/shop.bazarcia.com\/produto\/matriz-de-bordado-casal-de-gatinhos-enrolados-pontos-leves\/#primaryimage","url":"https:\/\/shop.bazarcia.com\/wp-content\/uploads\/2023\/07\/casal-de-gatinhos-enrolados.jpg","contentUrl":"https:\/\/shop.bazarcia.com\/wp-content\/uploads\/2023\/07\/casal-de-gatinhos-enrolados.jpg","width":1080,"height":1080},{"@type":"BreadcrumbList","@id":"https:\/\/shop.bazarcia.com\/produto\/matriz-de-bordado-casal-de-gatinhos-enrolados-pontos-leves\/#breadcrumb","itemListElement":[{"@type":"ListItem","position":1,"name":"In\u00edcio","item":"https:\/\/shop.bazarcia.com\/"},{"@type":"ListItem","position":2,"name":"Loja","item":"https:\/\/shop.bazarcia.com\/loja\/"},{"@type":"ListItem","position":3,"name":"Matriz de Bordado &#8211; Casal de Gatinhos Enrolados (PONTOS LEVES)"}]},{"@type":"WebSite","@id":"https:\/\/shop.bazarcia.com\/#website","url":"https:\/\/shop.bazarcia.com\/","name":"Bazar & Cia","description":"criatividade ponto a ponto","publisher":{"@id":"https:\/\/shop.bazarcia.com\/#organization"},"potentialAction":[{"@type":"SearchAction","target":{"@type":"EntryPoint","urlTemplate":"https:\/\/shop.bazarcia.com\/?s={search_term_string}"},"query-input":{"@type":"PropertyValueSpecification","valueRequired":true,"valueName":"search_term_string"}}],"inLanguage":"en-US"},{"@type":"Organization","@id":"https:\/\/shop.bazarcia.com\/#organization","name":"Bazar & Cia","url":"https:\/\/shop.bazarcia.com\/","logo":{"@type":"ImageObject","inLanguage":"en-US","@id":"https:\/\/shop.bazarcia.com\/#\/schema\/logo\/image\/","url":"https:\/\/shop.bazarcia.com\/wp-content\/uploads\/2024\/02\/cropped-logo_bazarcia.png","contentUrl":"https:\/\/shop.bazarcia.com\/wp-content\/uploads\/2024\/02\/cropped-logo_bazarcia.png","width":150,"height":150,"caption":"Bazar & Cia"},"image":{"@id":"https:\/\/shop.bazarcia.com\/#\/schema\/logo\/image\/"},"sameAs":["https:\/\/www.facebook.com\/shopbazarcia","https:\/\/www.instagram.com\/shopbazarcia","https:\/\/br.pinterest.com\/suzane_eloise\/","https:\/\/www.youtube.com\/c\/BazardoBordadoMatrizeseProjetos"]}]}},"_links":{"self":[{"href":"https:\/\/shop.bazarcia.com\/en\/wp-json\/wp\/v2\/product\/238240","targetHints":{"allow":["GET"]}}],"collection":[{"href":"https:\/\/shop.bazarcia.com\/en\/wp-json\/wp\/v2\/product"}],"about":[{"href":"https:\/\/shop.bazarcia.com\/en\/wp-json\/wp\/v2\/types\/product"}],"replies":[{"embeddable":true,"href":"https:\/\/shop.bazarcia.com\/en\/wp-json\/wp\/v2\/comments?post=238240"}],"version-history":[{"count":1,"href":"https:\/\/shop.bazarcia.com\/en\/wp-json\/wp\/v2\/product\/238240\/revisions"}],"predecessor-version":[{"id":238242,"href":"https:\/\/shop.bazarcia.com\/en\/wp-json\/wp\/v2\/product\/238240\/revisions\/238242"}],"wp:featuredmedia":[{"embeddable":true,"href":"https:\/\/shop.bazarcia.com\/en\/wp-json\/wp\/v2\/media\/238238"}],"wp:attachment":[{"href":"https:\/\/shop.bazarcia.com\/en\/wp-json\/wp\/v2\/media?parent=238240"}],"wp:term":[{"taxonomy":"product_brand","embeddable":true,"href":"https:\/\/shop.bazarcia.com\/en\/wp-json\/wp\/v2\/product_brand?post=238240"},{"taxonomy":"product_cat","embeddable":true,"href":"https:\/\/shop.bazarcia.com\/en\/wp-json\/wp\/v2\/product_cat?post=238240"},{"taxonomy":"product_tag","embeddable":true,"href":"https:\/\/shop.bazarcia.com\/en\/wp-json\/wp\/v2\/product_tag?post=238240"}],"curies":[{"name":"wp","href":"https:\/\/api.w.org\/{rel}","templated":true}]}}