{"id":239438,"date":"2023-07-18T12:46:35","date_gmt":"2023-07-18T15:46:35","guid":{"rendered":"https:\/\/shop.bazarcia.com\/?post_type=product&#038;p=239438"},"modified":"2023-10-23T08:13:40","modified_gmt":"2023-10-23T11:13:40","slug":"kit-perfil-profissional-up-no-perfil","status":"publish","type":"product","link":"https:\/\/shop.bazarcia.com\/en\/product\/kit-perfil-profissional-up-no-perfil\/","title":{"rendered":"KIT Perfil Profissional | UP no Perfil"},"content":{"rendered":"<p>Voc\u00ea est\u00e1 precisando melhorar seu Perfil nas Redes Sociais e n\u00e3o sabe como? N\u00f3s ajudamos voc\u00ea!<\/p>\n<p><strong><span class=\"fe5nidar khvhiq1o r5qsrrlp i5tg98hk f9ovudaz przvwfww gx1rr48f gfz4du6o r7fjleex nz2484kf svot0ezm dcnh1tix sxl192xd t3g6t33p\"><span class=\"mpj7bzys xzlurrtv\">?\u00a0<\/span><\/span>Nesse kit voc\u00ea recebe:<\/strong><\/p>\n<p><strong>1 . Edi\u00e7\u00e3o\/MELHORIA de uma foto para seu perfil (caso n\u00e3o tenha uma foto boa, voc\u00ea pode optar por Ensaio com Intelig\u00eancia Artificial, <a href=\"https:\/\/shop.bazarcia.com\/en\/product-category\/marketing-e-branding\/fotos-digitais-com-ia\/\" target=\"_blank\" rel=\"noopener\">CLIQUE AQUI E SAIBA MAIS<\/a>);<\/strong><\/p>\n<p><strong>2. <span class=\"WdYUQQ text-decoration-none text-strikethrough-none\">Montagem da Foto para Redes Sociais (Com c\u00edrculo colorido no tom da sua marca\/prefer\u00eancia);<\/span><\/strong><\/p>\n<p><strong>3. <span class=\"WdYUQQ text-decoration-none text-strikethrough-none\">Cria\u00e7\u00e3o de Bio\/<\/span>estrutura de Perfil Profissional (Caso tenha um perfil no Instagram para trabalho);<\/strong><\/p>\n<p><strong>GR\u00c1TIS:<\/strong> 1 capinha para destaques<\/p>\n<p>Ap\u00f3s a compra, voc\u00ea receber\u00e1 o contato do time Bazar &amp; Cia por WhatsApp, l\u00e1 poder\u00e1 sanar d\u00favidas e realizar as aprova\u00e7\u00f5es.<\/p>\n<p><strong>Prazo:<\/strong> <strong>3 dias \u00fateis<\/strong> (ap\u00f3s o envio da imagem (foto)\u00a0 e respostas do breve question\u00e1rio).<\/p>","protected":false},"excerpt":{"rendered":"<p>Voc\u00ea est\u00e1 precisando melhorar seu Perfil nas Redes Sociais e n\u00e3o sabe como? N\u00f3s ajudamos voc\u00ea!<\/p>\n<p><strong><span class=\"fe5nidar khvhiq1o r5qsrrlp i5tg98hk f9ovudaz przvwfww gx1rr48f gfz4du6o r7fjleex nz2484kf svot0ezm dcnh1tix sxl192xd t3g6t33p\"><span class=\"mpj7bzys xzlurrtv\">\u00a0<\/span><\/span>Nesse kit voc\u00ea recebe:<\/strong><\/p>\n<p><strong>1 . Edi\u00e7\u00e3o\/MELHORIA de uma foto para seu perfil (caso n\u00e3o tenha uma foto boa, voc\u00ea pode optar por Ensaio com Intelig\u00eancia Artificial, <a href=\"https:\/\/shop.bazarcia.com\/en\/product-category\/marketing-e-branding\/fotos-digitais-com-ia\/\" target=\"_blank\" rel=\"noopener\">CLIQUE AQUI E SAIBA MAIS<\/a>);<\/strong><\/p>\n<p><strong>2. <span class=\"WdYUQQ text-decoration-none text-strikethrough-none\">Montagem da Foto para Redes Sociais (Com c\u00edrculo colorido no tom da sua marca\/prefer\u00eancia);<\/span><\/strong><\/p>\n<p><strong>3. <span class=\"WdYUQQ text-decoration-none text-strikethrough-none\">Cria\u00e7\u00e3o de Bio\/<\/span>estrutura de Perfil Profissional (Caso tenha um perfil no Instagram para trabalho);<\/strong><\/p>\n<p><strong>GR\u00c1TIS:<\/strong> 1 capinha para destaques<\/p>\n<p>Ap\u00f3s a compra, voc\u00ea receber\u00e1 o contato do time Bazar &amp; Cia por WhatsApp, l\u00e1 poder\u00e1 sanar d\u00favidas e realizar as aprova\u00e7\u00f5es.<\/p>\n<p><strong>Prazo:<\/strong> <strong>3 dias \u00fateis<\/strong> (ap\u00f3s o envio da imagem (foto)\u00a0 e respostas do breve question\u00e1rio).<\/p>","protected":false},"featured_media":239440,"comment_status":"open","ping_status":"closed","template":"","meta":{"_acf_changed":false,"_joinchat":[]},"product_brand":[],"product_cat":[100],"product_tag":[],"class_list":{"0":"post-239438","1":"product","2":"type-product","3":"status-publish","4":"has-post-thumbnail","6":"product_cat-design-para-marca","8":"first","9":"instock","10":"sale","11":"virtual","12":"purchasable","13":"product-type-simple"},"acf":[],"yoast_head":"<!-- This site is optimized with the Yoast SEO plugin v27.2 - https:\/\/yoast.com\/product\/yoast-seo-wordpress\/ -->\n<title>Kit Perfil Profissional - d\u00ea um UP no seu Perfil e se Destaque!<\/title>\n<meta name=\"description\" content=\"Voc\u00ea est\u00e1 precisando melhorar seu Perfil nas Redes Sociais e n\u00e3o sabe como? N\u00f3s ajudamos voc\u00ea!Com o Kit Perfil Profissional voc\u00ea se Destaca no seu segmento!\" \/>\n<meta name=\"robots\" content=\"index, follow, max-snippet:-1, max-image-preview:large, max-video-preview:-1\" \/>\n<link rel=\"canonical\" href=\"https:\/\/shop.bazarcia.com\/en\/product\/kit-perfil-profissional-up-no-perfil\/\" \/>\n<meta property=\"og:locale\" content=\"en_US\" \/>\n<meta property=\"og:type\" content=\"article\" \/>\n<meta property=\"og:title\" content=\"Kit Perfil Profissional - d\u00ea um UP no seu Perfil e se Destaque!\" \/>\n<meta property=\"og:description\" content=\"Voc\u00ea est\u00e1 precisando melhorar seu Perfil nas Redes Sociais e n\u00e3o sabe como? N\u00f3s ajudamos voc\u00ea!Com o Kit Perfil Profissional voc\u00ea se Destaca no seu segmento!\" \/>\n<meta property=\"og:url\" content=\"https:\/\/shop.bazarcia.com\/en\/product\/kit-perfil-profissional-up-no-perfil\/\" \/>\n<meta property=\"og:site_name\" content=\"\ud835\udc1b\ud835\udc1a\ud835\udc33\ud835\udc1a\ud835\udc2b &amp; \ud835\udc1c\ud835\udc22\ud835\udc1a\" \/>\n<meta property=\"article:publisher\" content=\"https:\/\/www.facebook.com\/shopbazarcia\" \/>\n<meta property=\"article:modified_time\" content=\"2023-10-23T11:13:40+00:00\" \/>\n<meta property=\"og:image\" content=\"https:\/\/shop.bazarcia.com\/wp-content\/uploads\/2023\/07\/up-perfil.png\" \/>\n\t<meta property=\"og:image:width\" content=\"1080\" \/>\n\t<meta property=\"og:image:height\" content=\"1080\" \/>\n\t<meta property=\"og:image:type\" content=\"image\/png\" \/>\n<meta name=\"twitter:card\" content=\"summary_large_image\" \/>\n<meta name=\"twitter:label1\" content=\"Est. reading time\" \/>\n\t<meta name=\"twitter:data1\" content=\"1 minute\" \/>\n<script type=\"application\/ld+json\" class=\"yoast-schema-graph\">{\"@context\":\"https:\/\/schema.org\",\"@graph\":[{\"@type\":\"WebPage\",\"@id\":\"https:\/\/shop.bazarcia.com\/produto\/kit-perfil-profissional-up-no-perfil\/\",\"url\":\"https:\/\/shop.bazarcia.com\/produto\/kit-perfil-profissional-up-no-perfil\/\",\"name\":\"Kit Perfil Profissional - d\u00ea um UP no seu Perfil e se Destaque!\",\"isPartOf\":{\"@id\":\"https:\/\/shop.bazarcia.com\/#website\"},\"primaryImageOfPage\":{\"@id\":\"https:\/\/shop.bazarcia.com\/produto\/kit-perfil-profissional-up-no-perfil\/#primaryimage\"},\"image\":{\"@id\":\"https:\/\/shop.bazarcia.com\/produto\/kit-perfil-profissional-up-no-perfil\/#primaryimage\"},\"thumbnailUrl\":\"https:\/\/shop.bazarcia.com\/wp-content\/uploads\/2023\/07\/up-perfil.png\",\"datePublished\":\"2023-07-18T15:46:35+00:00\",\"dateModified\":\"2023-10-23T11:13:40+00:00\",\"description\":\"Voc\u00ea est\u00e1 precisando melhorar seu Perfil nas Redes Sociais e n\u00e3o sabe como? N\u00f3s ajudamos voc\u00ea!Com o Kit Perfil Profissional voc\u00ea se Destaca no seu segmento!\",\"breadcrumb\":{\"@id\":\"https:\/\/shop.bazarcia.com\/produto\/kit-perfil-profissional-up-no-perfil\/#breadcrumb\"},\"inLanguage\":\"en-US\",\"potentialAction\":[{\"@type\":\"ReadAction\",\"target\":[\"https:\/\/shop.bazarcia.com\/produto\/kit-perfil-profissional-up-no-perfil\/\"]}]},{\"@type\":\"ImageObject\",\"inLanguage\":\"en-US\",\"@id\":\"https:\/\/shop.bazarcia.com\/produto\/kit-perfil-profissional-up-no-perfil\/#primaryimage\",\"url\":\"https:\/\/shop.bazarcia.com\/wp-content\/uploads\/2023\/07\/up-perfil.png\",\"contentUrl\":\"https:\/\/shop.bazarcia.com\/wp-content\/uploads\/2023\/07\/up-perfil.png\",\"width\":1080,\"height\":1080},{\"@type\":\"BreadcrumbList\",\"@id\":\"https:\/\/shop.bazarcia.com\/produto\/kit-perfil-profissional-up-no-perfil\/#breadcrumb\",\"itemListElement\":[{\"@type\":\"ListItem\",\"position\":1,\"name\":\"In\u00edcio\",\"item\":\"https:\/\/shop.bazarcia.com\/\"},{\"@type\":\"ListItem\",\"position\":2,\"name\":\"Loja\",\"item\":\"https:\/\/shop.bazarcia.com\/loja\/\"},{\"@type\":\"ListItem\",\"position\":3,\"name\":\"KIT Perfil Profissional | UP no Perfil\"}]},{\"@type\":\"WebSite\",\"@id\":\"https:\/\/shop.bazarcia.com\/#website\",\"url\":\"https:\/\/shop.bazarcia.com\/\",\"name\":\"Bazar & Cia\",\"description\":\"criatividade ponto a ponto\",\"publisher\":{\"@id\":\"https:\/\/shop.bazarcia.com\/#organization\"},\"potentialAction\":[{\"@type\":\"SearchAction\",\"target\":{\"@type\":\"EntryPoint\",\"urlTemplate\":\"https:\/\/shop.bazarcia.com\/?s={search_term_string}\"},\"query-input\":{\"@type\":\"PropertyValueSpecification\",\"valueRequired\":true,\"valueName\":\"search_term_string\"}}],\"inLanguage\":\"en-US\"},{\"@type\":\"Organization\",\"@id\":\"https:\/\/shop.bazarcia.com\/#organization\",\"name\":\"Bazar & Cia\",\"url\":\"https:\/\/shop.bazarcia.com\/\",\"logo\":{\"@type\":\"ImageObject\",\"inLanguage\":\"en-US\",\"@id\":\"https:\/\/shop.bazarcia.com\/#\/schema\/logo\/image\/\",\"url\":\"https:\/\/shop.bazarcia.com\/wp-content\/uploads\/2024\/02\/cropped-logo_bazarcia.png\",\"contentUrl\":\"https:\/\/shop.bazarcia.com\/wp-content\/uploads\/2024\/02\/cropped-logo_bazarcia.png\",\"width\":150,\"height\":150,\"caption\":\"Bazar & Cia\"},\"image\":{\"@id\":\"https:\/\/shop.bazarcia.com\/#\/schema\/logo\/image\/\"},\"sameAs\":[\"https:\/\/www.facebook.com\/shopbazarcia\",\"https:\/\/www.instagram.com\/shopbazarcia\",\"https:\/\/br.pinterest.com\/suzane_eloise\/\",\"https:\/\/www.youtube.com\/c\/BazardoBordadoMatrizeseProjetos\"]}]}<\/script>\n<!-- \/ Yoast SEO plugin. -->","yoast_head_json":{"title":"Kit Perfil Profissional - d\u00ea um UP no seu Perfil e se Destaque!","description":"Voc\u00ea est\u00e1 precisando melhorar seu Perfil nas Redes Sociais e n\u00e3o sabe como? N\u00f3s ajudamos voc\u00ea!Com o Kit Perfil Profissional voc\u00ea se Destaca no seu segmento!","robots":{"index":"index","follow":"follow","max-snippet":"max-snippet:-1","max-image-preview":"max-image-preview:large","max-video-preview":"max-video-preview:-1"},"canonical":"https:\/\/shop.bazarcia.com\/en\/product\/kit-perfil-profissional-up-no-perfil\/","og_locale":"en_US","og_type":"article","og_title":"Kit Perfil Profissional - d\u00ea um UP no seu Perfil e se Destaque!","og_description":"Voc\u00ea est\u00e1 precisando melhorar seu Perfil nas Redes Sociais e n\u00e3o sabe como? N\u00f3s ajudamos voc\u00ea!Com o Kit Perfil Profissional voc\u00ea se Destaca no seu segmento!","og_url":"https:\/\/shop.bazarcia.com\/en\/product\/kit-perfil-profissional-up-no-perfil\/","og_site_name":"\ud835\udc1b\ud835\udc1a\ud835\udc33\ud835\udc1a\ud835\udc2b &amp; \ud835\udc1c\ud835\udc22\ud835\udc1a","article_publisher":"https:\/\/www.facebook.com\/shopbazarcia","article_modified_time":"2023-10-23T11:13:40+00:00","og_image":[{"width":1080,"height":1080,"url":"https:\/\/shop.bazarcia.com\/wp-content\/uploads\/2023\/07\/up-perfil.png","type":"image\/png"}],"twitter_card":"summary_large_image","twitter_misc":{"Est. reading time":"1 minute"},"schema":{"@context":"https:\/\/schema.org","@graph":[{"@type":"WebPage","@id":"https:\/\/shop.bazarcia.com\/produto\/kit-perfil-profissional-up-no-perfil\/","url":"https:\/\/shop.bazarcia.com\/produto\/kit-perfil-profissional-up-no-perfil\/","name":"Kit Perfil Profissional - d\u00ea um UP no seu Perfil e se Destaque!","isPartOf":{"@id":"https:\/\/shop.bazarcia.com\/#website"},"primaryImageOfPage":{"@id":"https:\/\/shop.bazarcia.com\/produto\/kit-perfil-profissional-up-no-perfil\/#primaryimage"},"image":{"@id":"https:\/\/shop.bazarcia.com\/produto\/kit-perfil-profissional-up-no-perfil\/#primaryimage"},"thumbnailUrl":"https:\/\/shop.bazarcia.com\/wp-content\/uploads\/2023\/07\/up-perfil.png","datePublished":"2023-07-18T15:46:35+00:00","dateModified":"2023-10-23T11:13:40+00:00","description":"Voc\u00ea est\u00e1 precisando melhorar seu Perfil nas Redes Sociais e n\u00e3o sabe como? N\u00f3s ajudamos voc\u00ea!Com o Kit Perfil Profissional voc\u00ea se Destaca no seu segmento!","breadcrumb":{"@id":"https:\/\/shop.bazarcia.com\/produto\/kit-perfil-profissional-up-no-perfil\/#breadcrumb"},"inLanguage":"en-US","potentialAction":[{"@type":"ReadAction","target":["https:\/\/shop.bazarcia.com\/produto\/kit-perfil-profissional-up-no-perfil\/"]}]},{"@type":"ImageObject","inLanguage":"en-US","@id":"https:\/\/shop.bazarcia.com\/produto\/kit-perfil-profissional-up-no-perfil\/#primaryimage","url":"https:\/\/shop.bazarcia.com\/wp-content\/uploads\/2023\/07\/up-perfil.png","contentUrl":"https:\/\/shop.bazarcia.com\/wp-content\/uploads\/2023\/07\/up-perfil.png","width":1080,"height":1080},{"@type":"BreadcrumbList","@id":"https:\/\/shop.bazarcia.com\/produto\/kit-perfil-profissional-up-no-perfil\/#breadcrumb","itemListElement":[{"@type":"ListItem","position":1,"name":"In\u00edcio","item":"https:\/\/shop.bazarcia.com\/"},{"@type":"ListItem","position":2,"name":"Loja","item":"https:\/\/shop.bazarcia.com\/loja\/"},{"@type":"ListItem","position":3,"name":"KIT Perfil Profissional | UP no Perfil"}]},{"@type":"WebSite","@id":"https:\/\/shop.bazarcia.com\/#website","url":"https:\/\/shop.bazarcia.com\/","name":"Bazar & Cia","description":"criatividade ponto a ponto","publisher":{"@id":"https:\/\/shop.bazarcia.com\/#organization"},"potentialAction":[{"@type":"SearchAction","target":{"@type":"EntryPoint","urlTemplate":"https:\/\/shop.bazarcia.com\/?s={search_term_string}"},"query-input":{"@type":"PropertyValueSpecification","valueRequired":true,"valueName":"search_term_string"}}],"inLanguage":"en-US"},{"@type":"Organization","@id":"https:\/\/shop.bazarcia.com\/#organization","name":"Bazar & Cia","url":"https:\/\/shop.bazarcia.com\/","logo":{"@type":"ImageObject","inLanguage":"en-US","@id":"https:\/\/shop.bazarcia.com\/#\/schema\/logo\/image\/","url":"https:\/\/shop.bazarcia.com\/wp-content\/uploads\/2024\/02\/cropped-logo_bazarcia.png","contentUrl":"https:\/\/shop.bazarcia.com\/wp-content\/uploads\/2024\/02\/cropped-logo_bazarcia.png","width":150,"height":150,"caption":"Bazar & Cia"},"image":{"@id":"https:\/\/shop.bazarcia.com\/#\/schema\/logo\/image\/"},"sameAs":["https:\/\/www.facebook.com\/shopbazarcia","https:\/\/www.instagram.com\/shopbazarcia","https:\/\/br.pinterest.com\/suzane_eloise\/","https:\/\/www.youtube.com\/c\/BazardoBordadoMatrizeseProjetos"]}]}},"_links":{"self":[{"href":"https:\/\/shop.bazarcia.com\/en\/wp-json\/wp\/v2\/product\/239438","targetHints":{"allow":["GET"]}}],"collection":[{"href":"https:\/\/shop.bazarcia.com\/en\/wp-json\/wp\/v2\/product"}],"about":[{"href":"https:\/\/shop.bazarcia.com\/en\/wp-json\/wp\/v2\/types\/product"}],"replies":[{"embeddable":true,"href":"https:\/\/shop.bazarcia.com\/en\/wp-json\/wp\/v2\/comments?post=239438"}],"version-history":[{"count":4,"href":"https:\/\/shop.bazarcia.com\/en\/wp-json\/wp\/v2\/product\/239438\/revisions"}],"predecessor-version":[{"id":250412,"href":"https:\/\/shop.bazarcia.com\/en\/wp-json\/wp\/v2\/product\/239438\/revisions\/250412"}],"wp:featuredmedia":[{"embeddable":true,"href":"https:\/\/shop.bazarcia.com\/en\/wp-json\/wp\/v2\/media\/239440"}],"wp:attachment":[{"href":"https:\/\/shop.bazarcia.com\/en\/wp-json\/wp\/v2\/media?parent=239438"}],"wp:term":[{"taxonomy":"product_brand","embeddable":true,"href":"https:\/\/shop.bazarcia.com\/en\/wp-json\/wp\/v2\/product_brand?post=239438"},{"taxonomy":"product_cat","embeddable":true,"href":"https:\/\/shop.bazarcia.com\/en\/wp-json\/wp\/v2\/product_cat?post=239438"},{"taxonomy":"product_tag","embeddable":true,"href":"https:\/\/shop.bazarcia.com\/en\/wp-json\/wp\/v2\/product_tag?post=239438"}],"curies":[{"name":"wp","href":"https:\/\/api.w.org\/{rel}","templated":true}]}}