{"id":239672,"date":"2023-07-18T20:46:10","date_gmt":"2023-07-18T23:46:10","guid":{"rendered":"https:\/\/shop.bazarcia.com\/produto\/medicina-brasao-matriz-3\/"},"modified":"2026-03-03T20:43:53","modified_gmt":"2026-03-03T23:43:53","slug":"medicina-brasao-matriz-3","status":"publish","type":"product","link":"https:\/\/shop.bazarcia.com\/en\/product\/medicina-brasao-matriz-3\/","title":{"rendered":"Medicina Bras\u00e3o ,Matriz"},"content":{"rendered":"<p>MATRIZ DE BORDADO \u2013 MEDICINA<\/p>\n<p>&nbsp;<\/p>\n<p>Arquivo digital de matriz de bordado computadorizado,<\/p>\n<p>\u00e9 necess\u00e1rio m\u00e1quina de bordar para a utiliza\u00e7\u00e3o do produto (arquivo).<\/p>\n<p>&nbsp;<\/p>\n<p>Formatos : .PES, .JEF. DST.<\/p>\n<p>&nbsp;<\/p>\n<p>tamanho :<\/p>\n<p>*10 cm<\/p>","protected":false},"excerpt":{"rendered":"<p>MATRIZ DE BORDADO \u2013 MEDICINA<\/p>\n<p>Arquivo digital de matriz de bordado computadorizado,<br \/>\n\u00e9 necess\u00e1rio m\u00e1quina de bordar para a utiliza\u00e7\u00e3o do produto (arquivo).<\/p>\n<p>Formatos : .PES, .JEF. DST.<\/p>\n<p>tamanho :<br \/>\n*10 cm<\/p>","protected":false},"featured_media":239669,"comment_status":"open","ping_status":"closed","template":"","meta":{"_acf_changed":false,"_joinchat":[]},"product_brand":[],"product_cat":[1768,1692,1246,348,84,1318,355,310,98,1330,1115],"product_tag":[1170,1431,1433,1280,1091,1090,1430,1432],"class_list":{"0":"post-239672","1":"product","2":"type-product","3":"status-publish","4":"has-post-thumbnail","6":"product_cat-biomedicina","7":"product_cat-bordados-especiais","8":"product_cat-brasoes","9":"product_cat-enfermagem","10":"product_cat-matrizes-de-bordado","11":"product_cat-matrizes-de-bordado-sob-encomenda","12":"product_cat-medicina","13":"product_cat-profissoes","14":"product_cat-projetos-na-bordadeira-in-the-hoop-embroidery","15":"product_cat-projetos-para-datas-especiais","16":"product_cat-sem-categoria","17":"product_tag-bordado","18":"product_tag-bordado-computadorizado","19":"product_tag-bordado-eletronico","20":"product_tag-bordar","21":"product_tag-brother","22":"product_tag-maquina-de-bordar","23":"product_tag-matriz-de-bordado","24":"product_tag-matrizes-de-bordado","26":"first","27":"instock","28":"sale","29":"downloadable","30":"virtual","31":"purchasable","32":"product-type-simple"},"acf":[],"yoast_head":"<!-- This site is optimized with the Yoast SEO plugin v27.2 - https:\/\/yoast.com\/product\/yoast-seo-wordpress\/ -->\n<title>Medicina Bras\u00e3o ,Matriz - \ud835\udc1b\ud835\udc1a\ud835\udc33\ud835\udc1a\ud835\udc2b &amp; \ud835\udc1c\ud835\udc22\ud835\udc1a<\/title>\n<meta name=\"robots\" content=\"index, follow, max-snippet:-1, max-image-preview:large, max-video-preview:-1\" \/>\n<link rel=\"canonical\" href=\"https:\/\/shop.bazarcia.com\/en\/product\/medicina-brasao-matriz-3\/\" \/>\n<meta property=\"og:locale\" content=\"en_US\" \/>\n<meta property=\"og:type\" content=\"article\" \/>\n<meta property=\"og:title\" content=\"Medicina Bras\u00e3o ,Matriz - \ud835\udc1b\ud835\udc1a\ud835\udc33\ud835\udc1a\ud835\udc2b &amp; \ud835\udc1c\ud835\udc22\ud835\udc1a\" \/>\n<meta property=\"og:description\" content=\"MATRIZ DE BORDADO \u2013 MEDICINA  Arquivo digital de matriz de bordado computadorizado, \u00e9 necess\u00e1rio m\u00e1quina de bordar para a utiliza\u00e7\u00e3o do produto (arquivo).  Formatos : .PES, .JEF. DST.  tamanho : *10 cm\" \/>\n<meta property=\"og:url\" content=\"https:\/\/shop.bazarcia.com\/en\/product\/medicina-brasao-matriz-3\/\" \/>\n<meta property=\"og:site_name\" content=\"\ud835\udc1b\ud835\udc1a\ud835\udc33\ud835\udc1a\ud835\udc2b &amp; \ud835\udc1c\ud835\udc22\ud835\udc1a\" \/>\n<meta property=\"article:publisher\" content=\"https:\/\/www.facebook.com\/shopbazarcia\" \/>\n<meta property=\"article:modified_time\" content=\"2026-03-03T23:43:53+00:00\" \/>\n<meta property=\"og:image\" content=\"https:\/\/shop.bazarcia.com\/wp-content\/uploads\/2023\/07\/med10.jpg\" \/>\n\t<meta property=\"og:image:width\" content=\"1563\" \/>\n\t<meta property=\"og:image:height\" content=\"1256\" \/>\n\t<meta property=\"og:image:type\" content=\"image\/jpeg\" \/>\n<meta name=\"twitter:card\" content=\"summary_large_image\" \/>\n<script type=\"application\/ld+json\" class=\"yoast-schema-graph\">{\"@context\":\"https:\/\/schema.org\",\"@graph\":[{\"@type\":\"WebPage\",\"@id\":\"https:\/\/shop.bazarcia.com\/produto\/medicina-brasao-matriz-3\/\",\"url\":\"https:\/\/shop.bazarcia.com\/produto\/medicina-brasao-matriz-3\/\",\"name\":\"Medicina Bras\u00e3o ,Matriz - \ud835\udc1b\ud835\udc1a\ud835\udc33\ud835\udc1a\ud835\udc2b &amp; \ud835\udc1c\ud835\udc22\ud835\udc1a\",\"isPartOf\":{\"@id\":\"https:\/\/shop.bazarcia.com\/#website\"},\"primaryImageOfPage\":{\"@id\":\"https:\/\/shop.bazarcia.com\/produto\/medicina-brasao-matriz-3\/#primaryimage\"},\"image\":{\"@id\":\"https:\/\/shop.bazarcia.com\/produto\/medicina-brasao-matriz-3\/#primaryimage\"},\"thumbnailUrl\":\"https:\/\/shop.bazarcia.com\/wp-content\/uploads\/2023\/07\/med10.jpg\",\"datePublished\":\"2023-07-18T23:46:10+00:00\",\"dateModified\":\"2026-03-03T23:43:53+00:00\",\"breadcrumb\":{\"@id\":\"https:\/\/shop.bazarcia.com\/produto\/medicina-brasao-matriz-3\/#breadcrumb\"},\"inLanguage\":\"en-US\",\"potentialAction\":[{\"@type\":\"ReadAction\",\"target\":[\"https:\/\/shop.bazarcia.com\/produto\/medicina-brasao-matriz-3\/\"]}]},{\"@type\":\"ImageObject\",\"inLanguage\":\"en-US\",\"@id\":\"https:\/\/shop.bazarcia.com\/produto\/medicina-brasao-matriz-3\/#primaryimage\",\"url\":\"https:\/\/shop.bazarcia.com\/wp-content\/uploads\/2023\/07\/med10.jpg\",\"contentUrl\":\"https:\/\/shop.bazarcia.com\/wp-content\/uploads\/2023\/07\/med10.jpg\",\"width\":1563,\"height\":1256,\"caption\":\"MEDICINA\"},{\"@type\":\"BreadcrumbList\",\"@id\":\"https:\/\/shop.bazarcia.com\/produto\/medicina-brasao-matriz-3\/#breadcrumb\",\"itemListElement\":[{\"@type\":\"ListItem\",\"position\":1,\"name\":\"In\u00edcio\",\"item\":\"https:\/\/shop.bazarcia.com\/\"},{\"@type\":\"ListItem\",\"position\":2,\"name\":\"Loja\",\"item\":\"https:\/\/shop.bazarcia.com\/loja\/\"},{\"@type\":\"ListItem\",\"position\":3,\"name\":\"Medicina Bras\u00e3o ,Matriz\"}]},{\"@type\":\"WebSite\",\"@id\":\"https:\/\/shop.bazarcia.com\/#website\",\"url\":\"https:\/\/shop.bazarcia.com\/\",\"name\":\"Bazar & Cia\",\"description\":\"criatividade ponto a ponto\",\"publisher\":{\"@id\":\"https:\/\/shop.bazarcia.com\/#organization\"},\"potentialAction\":[{\"@type\":\"SearchAction\",\"target\":{\"@type\":\"EntryPoint\",\"urlTemplate\":\"https:\/\/shop.bazarcia.com\/?s={search_term_string}\"},\"query-input\":{\"@type\":\"PropertyValueSpecification\",\"valueRequired\":true,\"valueName\":\"search_term_string\"}}],\"inLanguage\":\"en-US\"},{\"@type\":\"Organization\",\"@id\":\"https:\/\/shop.bazarcia.com\/#organization\",\"name\":\"Bazar & Cia\",\"url\":\"https:\/\/shop.bazarcia.com\/\",\"logo\":{\"@type\":\"ImageObject\",\"inLanguage\":\"en-US\",\"@id\":\"https:\/\/shop.bazarcia.com\/#\/schema\/logo\/image\/\",\"url\":\"https:\/\/shop.bazarcia.com\/wp-content\/uploads\/2024\/02\/cropped-logo_bazarcia.png\",\"contentUrl\":\"https:\/\/shop.bazarcia.com\/wp-content\/uploads\/2024\/02\/cropped-logo_bazarcia.png\",\"width\":150,\"height\":150,\"caption\":\"Bazar & Cia\"},\"image\":{\"@id\":\"https:\/\/shop.bazarcia.com\/#\/schema\/logo\/image\/\"},\"sameAs\":[\"https:\/\/www.facebook.com\/shopbazarcia\",\"https:\/\/www.instagram.com\/shopbazarcia\",\"https:\/\/br.pinterest.com\/suzane_eloise\/\",\"https:\/\/www.youtube.com\/c\/BazardoBordadoMatrizeseProjetos\"]}]}<\/script>\n<!-- \/ Yoast SEO plugin. -->","yoast_head_json":{"title":"Medicina Bras\u00e3o ,Matriz - \ud835\udc1b\ud835\udc1a\ud835\udc33\ud835\udc1a\ud835\udc2b &amp; \ud835\udc1c\ud835\udc22\ud835\udc1a","robots":{"index":"index","follow":"follow","max-snippet":"max-snippet:-1","max-image-preview":"max-image-preview:large","max-video-preview":"max-video-preview:-1"},"canonical":"https:\/\/shop.bazarcia.com\/en\/product\/medicina-brasao-matriz-3\/","og_locale":"en_US","og_type":"article","og_title":"Medicina Bras\u00e3o ,Matriz - \ud835\udc1b\ud835\udc1a\ud835\udc33\ud835\udc1a\ud835\udc2b &amp; \ud835\udc1c\ud835\udc22\ud835\udc1a","og_description":"MATRIZ DE BORDADO \u2013 MEDICINA  Arquivo digital de matriz de bordado computadorizado, \u00e9 necess\u00e1rio m\u00e1quina de bordar para a utiliza\u00e7\u00e3o do produto (arquivo).  Formatos : .PES, .JEF. DST.  tamanho : *10 cm","og_url":"https:\/\/shop.bazarcia.com\/en\/product\/medicina-brasao-matriz-3\/","og_site_name":"\ud835\udc1b\ud835\udc1a\ud835\udc33\ud835\udc1a\ud835\udc2b &amp; \ud835\udc1c\ud835\udc22\ud835\udc1a","article_publisher":"https:\/\/www.facebook.com\/shopbazarcia","article_modified_time":"2026-03-03T23:43:53+00:00","og_image":[{"width":1563,"height":1256,"url":"https:\/\/shop.bazarcia.com\/wp-content\/uploads\/2023\/07\/med10.jpg","type":"image\/jpeg"}],"twitter_card":"summary_large_image","schema":{"@context":"https:\/\/schema.org","@graph":[{"@type":"WebPage","@id":"https:\/\/shop.bazarcia.com\/produto\/medicina-brasao-matriz-3\/","url":"https:\/\/shop.bazarcia.com\/produto\/medicina-brasao-matriz-3\/","name":"Medicina Bras\u00e3o ,Matriz - \ud835\udc1b\ud835\udc1a\ud835\udc33\ud835\udc1a\ud835\udc2b &amp; \ud835\udc1c\ud835\udc22\ud835\udc1a","isPartOf":{"@id":"https:\/\/shop.bazarcia.com\/#website"},"primaryImageOfPage":{"@id":"https:\/\/shop.bazarcia.com\/produto\/medicina-brasao-matriz-3\/#primaryimage"},"image":{"@id":"https:\/\/shop.bazarcia.com\/produto\/medicina-brasao-matriz-3\/#primaryimage"},"thumbnailUrl":"https:\/\/shop.bazarcia.com\/wp-content\/uploads\/2023\/07\/med10.jpg","datePublished":"2023-07-18T23:46:10+00:00","dateModified":"2026-03-03T23:43:53+00:00","breadcrumb":{"@id":"https:\/\/shop.bazarcia.com\/produto\/medicina-brasao-matriz-3\/#breadcrumb"},"inLanguage":"en-US","potentialAction":[{"@type":"ReadAction","target":["https:\/\/shop.bazarcia.com\/produto\/medicina-brasao-matriz-3\/"]}]},{"@type":"ImageObject","inLanguage":"en-US","@id":"https:\/\/shop.bazarcia.com\/produto\/medicina-brasao-matriz-3\/#primaryimage","url":"https:\/\/shop.bazarcia.com\/wp-content\/uploads\/2023\/07\/med10.jpg","contentUrl":"https:\/\/shop.bazarcia.com\/wp-content\/uploads\/2023\/07\/med10.jpg","width":1563,"height":1256,"caption":"MEDICINA"},{"@type":"BreadcrumbList","@id":"https:\/\/shop.bazarcia.com\/produto\/medicina-brasao-matriz-3\/#breadcrumb","itemListElement":[{"@type":"ListItem","position":1,"name":"In\u00edcio","item":"https:\/\/shop.bazarcia.com\/"},{"@type":"ListItem","position":2,"name":"Loja","item":"https:\/\/shop.bazarcia.com\/loja\/"},{"@type":"ListItem","position":3,"name":"Medicina Bras\u00e3o ,Matriz"}]},{"@type":"WebSite","@id":"https:\/\/shop.bazarcia.com\/#website","url":"https:\/\/shop.bazarcia.com\/","name":"Bazar & Cia","description":"criatividade ponto a ponto","publisher":{"@id":"https:\/\/shop.bazarcia.com\/#organization"},"potentialAction":[{"@type":"SearchAction","target":{"@type":"EntryPoint","urlTemplate":"https:\/\/shop.bazarcia.com\/?s={search_term_string}"},"query-input":{"@type":"PropertyValueSpecification","valueRequired":true,"valueName":"search_term_string"}}],"inLanguage":"en-US"},{"@type":"Organization","@id":"https:\/\/shop.bazarcia.com\/#organization","name":"Bazar & Cia","url":"https:\/\/shop.bazarcia.com\/","logo":{"@type":"ImageObject","inLanguage":"en-US","@id":"https:\/\/shop.bazarcia.com\/#\/schema\/logo\/image\/","url":"https:\/\/shop.bazarcia.com\/wp-content\/uploads\/2024\/02\/cropped-logo_bazarcia.png","contentUrl":"https:\/\/shop.bazarcia.com\/wp-content\/uploads\/2024\/02\/cropped-logo_bazarcia.png","width":150,"height":150,"caption":"Bazar & Cia"},"image":{"@id":"https:\/\/shop.bazarcia.com\/#\/schema\/logo\/image\/"},"sameAs":["https:\/\/www.facebook.com\/shopbazarcia","https:\/\/www.instagram.com\/shopbazarcia","https:\/\/br.pinterest.com\/suzane_eloise\/","https:\/\/www.youtube.com\/c\/BazardoBordadoMatrizeseProjetos"]}]}},"_links":{"self":[{"href":"https:\/\/shop.bazarcia.com\/en\/wp-json\/wp\/v2\/product\/239672","targetHints":{"allow":["GET"]}}],"collection":[{"href":"https:\/\/shop.bazarcia.com\/en\/wp-json\/wp\/v2\/product"}],"about":[{"href":"https:\/\/shop.bazarcia.com\/en\/wp-json\/wp\/v2\/types\/product"}],"replies":[{"embeddable":true,"href":"https:\/\/shop.bazarcia.com\/en\/wp-json\/wp\/v2\/comments?post=239672"}],"version-history":[{"count":1,"href":"https:\/\/shop.bazarcia.com\/en\/wp-json\/wp\/v2\/product\/239672\/revisions"}],"predecessor-version":[{"id":239674,"href":"https:\/\/shop.bazarcia.com\/en\/wp-json\/wp\/v2\/product\/239672\/revisions\/239674"}],"wp:featuredmedia":[{"embeddable":true,"href":"https:\/\/shop.bazarcia.com\/en\/wp-json\/wp\/v2\/media\/239669"}],"wp:attachment":[{"href":"https:\/\/shop.bazarcia.com\/en\/wp-json\/wp\/v2\/media?parent=239672"}],"wp:term":[{"taxonomy":"product_brand","embeddable":true,"href":"https:\/\/shop.bazarcia.com\/en\/wp-json\/wp\/v2\/product_brand?post=239672"},{"taxonomy":"product_cat","embeddable":true,"href":"https:\/\/shop.bazarcia.com\/en\/wp-json\/wp\/v2\/product_cat?post=239672"},{"taxonomy":"product_tag","embeddable":true,"href":"https:\/\/shop.bazarcia.com\/en\/wp-json\/wp\/v2\/product_tag?post=239672"}],"curies":[{"name":"wp","href":"https:\/\/api.w.org\/{rel}","templated":true}]}}