{"id":240828,"date":"2023-07-31T12:48:47","date_gmt":"2023-07-31T15:48:47","guid":{"rendered":"https:\/\/shop.bazarcia.com\/produto\/projetos-na-bordadeira-naninhas-corujitas\/"},"modified":"2023-07-31T13:04:34","modified_gmt":"2023-07-31T16:04:34","slug":"projetos-na-bordadeira-naninhas-corujitas","status":"publish","type":"product","link":"https:\/\/shop.bazarcia.com\/en\/product\/projetos-na-bordadeira-naninhas-corujitas\/","title":{"rendered":"Projetos na Bordadeira Naninhas Corujitas"},"content":{"rendered":"<p style=\"margin-top: 0px;margin-bottom: 1rem;color: #6c737b;font-family: Roboto, sans-serif\"><span style=\"font-weight: bolder\"><span style=\"font-weight: bolder\"><span style=\"font-weight: bolder\"><span style=\"font-weight: bolder\"><span style=\"font-weight: bolder\"><span style=\"font-weight: bolder\"><span style=\"font-weight: bolder\">Projetos na Bordadeira Naninhas Corujitas<\/span><\/span><\/span><\/span><\/span><br \/>\n<\/span><\/span><\/p>\n<div style=\"color: #212529;font-family: Roboto, sans-serif\">\n<p style=\"margin-top: 0px;margin-bottom: 1rem;color: #6c737b\"><span style=\"font-weight: bolder\"><span style=\"font-weight: bolder\"><i style=\"vertical-align: middle\">Descri\u00e7\u00e3o das Matrizes<br \/>\n<\/i>\u2665 Para bastidores: 10&#215;10, 13&#215;14, 14&#215;14, 15&#215;26, 16&#215;26, 18&#215;30, 20&#215;20 e 20&#215;30 cm.<br \/>\n<\/span><\/span><span style=\"font-weight: bolder\"><span style=\"font-weight: bolder\"><br \/>\n\u2661 Este \u00e9 um produto DIGITAL, os arquivos estar\u00e3o dispon\u00edveis para download aqui mesmo, na sua conta, ap\u00f3s confirma\u00e7\u00e3o do pagamento. Para produtos em pr\u00e9-venda, atente-se \u00e0 data de entrega.<\/span><\/span><span style=\"font-weight: bolder\"><span style=\"font-weight: bolder\"><br \/>\n<\/span><\/span><\/p>\n<p style=\"margin-top: 0px;margin-bottom: 1rem;color: #6c737b\"><span style=\"font-weight: bolder\"><span style=\"font-weight: bolder\">\u2661 As v\u00eddeo aulas estar\u00e3o dispon\u00edveis aqui mesmo dentro do seu pedido at\u00e9 o dia 10 agosto.<br \/>\n<\/span><\/span><\/p>\n<p style=\"margin-top: 0px;margin-bottom: 1rem;color: #6c737b\"><span style=\"font-weight: bolder\"><span style=\"font-weight: bolder\">\u2661 Os arquivos est\u00e3o em pasta compactada (ZIP), sendo necess\u00e1rio descompact\u00e1-la.<\/span><\/span><\/p>\n<p style=\"margin-top: 0px;margin-bottom: 1rem;color: #6c737b\"><span style=\"font-weight: bolder\"><span style=\"font-weight: bolder\">\u2661 Os mesmos s\u00e3o compat\u00edveis com v\u00e1rios tipos e modelos de m\u00e1quinas, com os seguintes formatos:<br \/>\nDST &#8211; EXP &#8211; HUS &#8211; JEF &#8211; PES &#8211; XXX<\/span><\/span><\/p>\n<p style=\"margin-top: 0px;margin-bottom: 1rem;color: #6c737b\"><span style=\"font-weight: bolder\"><span style=\"font-weight: bolder\">\u2661 Adquirindo nossas matrizes e projetos voc\u00ea se declara de acordo com nossos\u00a0<a style=\"color: #95663c;background-color: transparent\" href=\"https:\/\/shop.bazarcia.com\/en\/store\/atelie-mamae-coruja\/toc\/\" target=\"_blank\" rel=\"nofollow noopener\">TERMOS E CONDI\u00c7\u00d5ES<\/a>.<\/span><\/span><\/p>\n<p>Designer: Val\u00e9ria Ribeiro (Ateli\u00ea Mam\u00e3e Coruja) &#8211; Todos os Direitos Reservados<\/p>\n<\/div>","protected":false},"excerpt":{"rendered":"<p>Este \u00e9 um PRODUTO DIGITAL destinado a artes\u00e3s e artes\u00e3os \u2665<\/p>\n<p>\u2665 Para marcar nossa singela participa\u00e7\u00e3o na Mega Artesanal deste ano trouxemos alguns mimos pra voc\u00eas e este \u00e9 um deles. S\u00e3o projetos para confecc\u00e7\u00e3o de naninhas, bonecos e chocalhos baseado nas nossas mascotinhas de corujas. Apresentamos oficialmente a voc\u00eas a Babusquinha, a Katiuskinha e a Lelinha ?<br \/>\n\u00c9 isso mesmo, s\u00e3o nossas corujitas para voc\u00eas confeccionarem pe\u00e7as incr\u00edveis.<\/p>\n<p>\u2665 S\u00e3o 3 modelos e 8 tamanhos de matrizes para confec\u00e7\u00e3o dessas pe\u00e7as, para bastidores de 10&#215;10, 13&#215;14, 14&#215;14, 15&#215;26, 16&#215;26, 18&#215;30, 20&#215;20 e 20&#215;30 cm.<br \/>\nAcompanha ainda duas vers\u00f5es de chocalhos.<\/p>\n<p>\u2665 Esta foi a melhor maneira que encontramos, n\u00e3o s\u00f3 de mimar voc\u00eas nesta ocasi\u00e3o especial, mas tamb\u00e9m de estarmos ainda mais juntinhas.<br \/>\nMas gostariamos de lembrar que mesmo sendo um kit gratuito como um presente feito com todo carinho para voc\u00eas, detemos todos os direitos destes arquivos, ainda mais que eles foram programados a partir da nossa logo. Voc\u00ea pode confeccionar e vender as pe\u00e7as que desejar com elas, mas qualquer tipo de venda, doa\u00e7\u00e3o, distribui\u00e7\u00e3o destes arquivos \u00e9 proibida.<br \/>\nSe alguma amiga artes\u00e3 gostar de seu trabalho feito com estas matrizes, indique nosso trabalho a ela e por favor oriente-a a baixar tamb\u00e9m estes arquivos gratuitamente em nosso site. Afinal o artesanato \u00e9 uma corrente onde cada uma de n\u00f3s somos um elo nela, e quanto mais nos ajudarmos mais forte essa corrente ser\u00e1.<br \/>\nEsperamos que fa\u00e7am muitas pe\u00e7as lindas com nossas corujitas e que elas sejam ben\u00e7\u00e3os no ateli\u00ea de voc\u00eas, afinal o sucesso de voc\u00eas sempre ser\u00e1 o nosso sucesso!<\/p>\n<p>\u2665 Para baixar os arquivos gratuitamente clique <a href=\"\/wp-content\/uploads\/woocommerce_uploads\/2023\/07\/MC-Corujitas-Naninhas-m6b9bh.zip\"><span style=\"text-decoration: underline\"><em><strong>AQUI<\/strong><\/em><\/span><\/a>.<\/p>\n<p>\u2665 Se gostou destes arquivos, temos tamb\u00e9m dispon\u00edves gratuitamente o Kit de Rostinhos neste tema. Para adquir\u00ed-los clique <a href=\"https:\/\/shop.bazarcia.com\/en\/product\/matrizes-de-bordado-corujitas-rostinhos\/\"><span style=\"text-decoration: underline\"><em><strong>AQUI<\/strong><\/em><\/span><\/a>.<\/p>\n<p>\u2665 E se quiser confeccionar um enxoval ainda mais completo, temos tamb\u00e9m a Cole\u00e7\u00e3o Corujitas com diversas matrizes em apliques, abas, tags, miniminis, naninhas planas e segura chupetas num valor super especial. Clique <a href=\"https:\/\/shop.bazarcia.com\/en\/product\/colecao-corujitas\/\"><span style=\"text-decoration: underline\"><em><strong>AQUI<\/strong><\/em><\/span><\/a> para saber mais sobre a cole\u00e7\u00e3o.<\/p>\n<p>Mais informa\u00e7\u00f5es abaixo!<\/p>","protected":false},"featured_media":240818,"comment_status":"open","ping_status":"closed","template":"","meta":{"_acf_changed":false,"_joinchat":[]},"product_brand":[],"product_cat":[122,189,84,213,1548,98],"product_tag":[],"class_list":{"0":"post-240828","1":"product","2":"type-product","3":"status-publish","4":"has-post-thumbnail","6":"product_cat-matrizes-de-bordado-animais","7":"product_cat-corujinhas","8":"product_cat-matrizes-de-bordado","9":"product_cat-projeto-naninhas-na-bordadeira","10":"product_cat-naninhas-na-bordadeira-modelo-enchimento-ith","11":"product_cat-projetos-na-bordadeira-in-the-hoop-embroidery","13":"first","14":"instock","15":"downloadable","16":"virtual","17":"purchasable","18":"product-type-simple"},"acf":[],"yoast_head":"<!-- This site is optimized with the Yoast SEO plugin v27.2 - https:\/\/yoast.com\/product\/yoast-seo-wordpress\/ -->\n<title>Projetos na Bordadeira Naninhas Corujitas - \ud835\udc1b\ud835\udc1a\ud835\udc33\ud835\udc1a\ud835\udc2b &amp; \ud835\udc1c\ud835\udc22\ud835\udc1a<\/title>\n<meta name=\"robots\" content=\"index, follow, max-snippet:-1, max-image-preview:large, max-video-preview:-1\" \/>\n<link rel=\"canonical\" href=\"https:\/\/shop.bazarcia.com\/en\/product\/projetos-na-bordadeira-naninhas-corujitas\/\" \/>\n<meta property=\"og:locale\" content=\"en_US\" \/>\n<meta property=\"og:type\" content=\"article\" \/>\n<meta property=\"og:title\" content=\"Projetos na Bordadeira Naninhas Corujitas - \ud835\udc1b\ud835\udc1a\ud835\udc33\ud835\udc1a\ud835\udc2b &amp; \ud835\udc1c\ud835\udc22\ud835\udc1a\" \/>\n<meta property=\"og:description\" content=\"Este \u00e9 um PRODUTO DIGITAL destinado a artes\u00e3s e artes\u00e3os \u2665  \u2665 Para marcar nossa singela participa\u00e7\u00e3o na Mega Artesanal deste ano trouxemos alguns mimos pra voc\u00eas e este \u00e9 um deles. S\u00e3o projetos para confecc\u00e7\u00e3o de naninhas, bonecos e chocalhos baseado nas nossas mascotinhas de corujas. Apresentamos oficialmente a voc\u00eas a Babusquinha, a Katiuskinha e a Lelinha ? \u00c9 isso mesmo, s\u00e3o nossas corujitas para voc\u00eas confeccionarem pe\u00e7as incr\u00edveis.  \u2665 S\u00e3o 3 modelos e 8 tamanhos de matrizes para confec\u00e7\u00e3o dessas pe\u00e7as, para bastidores de 10x10, 13x14, 14x14, 15x26, 16x26, 18x30, 20x20 e 20x30 cm. Acompanha ainda duas vers\u00f5es de chocalhos.  \u2665 Esta foi a melhor maneira que encontramos, n\u00e3o s\u00f3 de mimar voc\u00eas nesta ocasi\u00e3o especial, mas tamb\u00e9m de estarmos ainda mais juntinhas. Mas gostariamos de lembrar que mesmo sendo um kit gratuito como um presente feito com todo carinho para voc\u00eas, detemos todos os direitos destes arquivos, ainda mais que eles foram programados a partir da nossa logo. Voc\u00ea pode confeccionar e vender as pe\u00e7as que desejar com elas, mas qualquer tipo de venda, doa\u00e7\u00e3o, distribui\u00e7\u00e3o destes arquivos \u00e9 proibida. Se alguma amiga artes\u00e3 gostar de seu trabalho feito com estas matrizes, indique nosso trabalho a ela e por favor oriente-a a baixar tamb\u00e9m estes arquivos gratuitamente em nosso site. Afinal o artesanato \u00e9 uma corrente onde cada uma de n\u00f3s somos um elo nela, e quanto mais nos ajudarmos mais forte essa corrente ser\u00e1. Esperamos que fa\u00e7am muitas pe\u00e7as lindas com nossas corujitas e que elas sejam ben\u00e7\u00e3os no ateli\u00ea de voc\u00eas, afinal o sucesso de voc\u00eas sempre ser\u00e1 o nosso sucesso!  \u2665 Para baixar os arquivos gratuitamente clique AQUI.  \u2665 Se gostou destes arquivos, temos tamb\u00e9m dispon\u00edves gratuitamente o Kit de Rostinhos neste tema. Para adquir\u00ed-los clique AQUI.  \u2665 E se quiser confeccionar um enxoval ainda mais completo, temos tamb\u00e9m a Cole\u00e7\u00e3o Corujitas com diversas matrizes em apliques, abas, tags, miniminis, naninhas planas e segura chupetas num valor super especial. Clique AQUI para saber mais sobre a cole\u00e7\u00e3o.  Mais informa\u00e7\u00f5es abaixo!\" \/>\n<meta property=\"og:url\" content=\"https:\/\/shop.bazarcia.com\/en\/product\/projetos-na-bordadeira-naninhas-corujitas\/\" \/>\n<meta property=\"og:site_name\" content=\"\ud835\udc1b\ud835\udc1a\ud835\udc33\ud835\udc1a\ud835\udc2b &amp; \ud835\udc1c\ud835\udc22\ud835\udc1a\" \/>\n<meta property=\"article:publisher\" content=\"https:\/\/www.facebook.com\/shopbazarcia\" \/>\n<meta property=\"article:modified_time\" content=\"2023-07-31T16:04:34+00:00\" \/>\n<meta property=\"og:image\" content=\"https:\/\/shop.bazarcia.com\/wp-content\/uploads\/2023\/07\/Matrizes-de-bordado-projetos-na-bordadeira-naninhas-corujitas-coruja-corujinha-1.jpg\" \/>\n\t<meta property=\"og:image:width\" content=\"540\" \/>\n\t<meta property=\"og:image:height\" content=\"540\" \/>\n\t<meta property=\"og:image:type\" content=\"image\/jpeg\" \/>\n<meta name=\"twitter:card\" content=\"summary_large_image\" \/>\n<meta name=\"twitter:label1\" content=\"Est. reading time\" \/>\n\t<meta name=\"twitter:data1\" content=\"1 minute\" \/>\n<script type=\"application\/ld+json\" class=\"yoast-schema-graph\">{\"@context\":\"https:\/\/schema.org\",\"@graph\":[{\"@type\":\"WebPage\",\"@id\":\"https:\/\/shop.bazarcia.com\/produto\/projetos-na-bordadeira-naninhas-corujitas\/\",\"url\":\"https:\/\/shop.bazarcia.com\/produto\/projetos-na-bordadeira-naninhas-corujitas\/\",\"name\":\"Projetos na Bordadeira Naninhas Corujitas - \ud835\udc1b\ud835\udc1a\ud835\udc33\ud835\udc1a\ud835\udc2b &amp; \ud835\udc1c\ud835\udc22\ud835\udc1a\",\"isPartOf\":{\"@id\":\"https:\/\/shop.bazarcia.com\/#website\"},\"primaryImageOfPage\":{\"@id\":\"https:\/\/shop.bazarcia.com\/produto\/projetos-na-bordadeira-naninhas-corujitas\/#primaryimage\"},\"image\":{\"@id\":\"https:\/\/shop.bazarcia.com\/produto\/projetos-na-bordadeira-naninhas-corujitas\/#primaryimage\"},\"thumbnailUrl\":\"https:\/\/shop.bazarcia.com\/wp-content\/uploads\/2023\/07\/Matrizes-de-bordado-projetos-na-bordadeira-naninhas-corujitas-coruja-corujinha-1.jpg\",\"datePublished\":\"2023-07-31T15:48:47+00:00\",\"dateModified\":\"2023-07-31T16:04:34+00:00\",\"breadcrumb\":{\"@id\":\"https:\/\/shop.bazarcia.com\/produto\/projetos-na-bordadeira-naninhas-corujitas\/#breadcrumb\"},\"inLanguage\":\"en-US\",\"potentialAction\":[{\"@type\":\"ReadAction\",\"target\":[\"https:\/\/shop.bazarcia.com\/produto\/projetos-na-bordadeira-naninhas-corujitas\/\"]}]},{\"@type\":\"ImageObject\",\"inLanguage\":\"en-US\",\"@id\":\"https:\/\/shop.bazarcia.com\/produto\/projetos-na-bordadeira-naninhas-corujitas\/#primaryimage\",\"url\":\"https:\/\/shop.bazarcia.com\/wp-content\/uploads\/2023\/07\/Matrizes-de-bordado-projetos-na-bordadeira-naninhas-corujitas-coruja-corujinha-1.jpg\",\"contentUrl\":\"https:\/\/shop.bazarcia.com\/wp-content\/uploads\/2023\/07\/Matrizes-de-bordado-projetos-na-bordadeira-naninhas-corujitas-coruja-corujinha-1.jpg\",\"width\":540,\"height\":540},{\"@type\":\"BreadcrumbList\",\"@id\":\"https:\/\/shop.bazarcia.com\/produto\/projetos-na-bordadeira-naninhas-corujitas\/#breadcrumb\",\"itemListElement\":[{\"@type\":\"ListItem\",\"position\":1,\"name\":\"In\u00edcio\",\"item\":\"https:\/\/shop.bazarcia.com\/\"},{\"@type\":\"ListItem\",\"position\":2,\"name\":\"Loja\",\"item\":\"https:\/\/shop.bazarcia.com\/loja\/\"},{\"@type\":\"ListItem\",\"position\":3,\"name\":\"Projetos na Bordadeira Naninhas Corujitas\"}]},{\"@type\":\"WebSite\",\"@id\":\"https:\/\/shop.bazarcia.com\/#website\",\"url\":\"https:\/\/shop.bazarcia.com\/\",\"name\":\"Bazar & Cia\",\"description\":\"criatividade ponto a ponto\",\"publisher\":{\"@id\":\"https:\/\/shop.bazarcia.com\/#organization\"},\"potentialAction\":[{\"@type\":\"SearchAction\",\"target\":{\"@type\":\"EntryPoint\",\"urlTemplate\":\"https:\/\/shop.bazarcia.com\/?s={search_term_string}\"},\"query-input\":{\"@type\":\"PropertyValueSpecification\",\"valueRequired\":true,\"valueName\":\"search_term_string\"}}],\"inLanguage\":\"en-US\"},{\"@type\":\"Organization\",\"@id\":\"https:\/\/shop.bazarcia.com\/#organization\",\"name\":\"Bazar & Cia\",\"url\":\"https:\/\/shop.bazarcia.com\/\",\"logo\":{\"@type\":\"ImageObject\",\"inLanguage\":\"en-US\",\"@id\":\"https:\/\/shop.bazarcia.com\/#\/schema\/logo\/image\/\",\"url\":\"https:\/\/shop.bazarcia.com\/wp-content\/uploads\/2024\/02\/cropped-logo_bazarcia.png\",\"contentUrl\":\"https:\/\/shop.bazarcia.com\/wp-content\/uploads\/2024\/02\/cropped-logo_bazarcia.png\",\"width\":150,\"height\":150,\"caption\":\"Bazar & Cia\"},\"image\":{\"@id\":\"https:\/\/shop.bazarcia.com\/#\/schema\/logo\/image\/\"},\"sameAs\":[\"https:\/\/www.facebook.com\/shopbazarcia\",\"https:\/\/www.instagram.com\/shopbazarcia\",\"https:\/\/br.pinterest.com\/suzane_eloise\/\",\"https:\/\/www.youtube.com\/c\/BazardoBordadoMatrizeseProjetos\"]}]}<\/script>\n<!-- \/ Yoast SEO plugin. -->","yoast_head_json":{"title":"Projetos na Bordadeira Naninhas Corujitas - \ud835\udc1b\ud835\udc1a\ud835\udc33\ud835\udc1a\ud835\udc2b &amp; \ud835\udc1c\ud835\udc22\ud835\udc1a","robots":{"index":"index","follow":"follow","max-snippet":"max-snippet:-1","max-image-preview":"max-image-preview:large","max-video-preview":"max-video-preview:-1"},"canonical":"https:\/\/shop.bazarcia.com\/en\/product\/projetos-na-bordadeira-naninhas-corujitas\/","og_locale":"en_US","og_type":"article","og_title":"Projetos na Bordadeira Naninhas Corujitas - \ud835\udc1b\ud835\udc1a\ud835\udc33\ud835\udc1a\ud835\udc2b &amp; \ud835\udc1c\ud835\udc22\ud835\udc1a","og_description":"Este \u00e9 um PRODUTO DIGITAL destinado a artes\u00e3s e artes\u00e3os \u2665  \u2665 Para marcar nossa singela participa\u00e7\u00e3o na Mega Artesanal deste ano trouxemos alguns mimos pra voc\u00eas e este \u00e9 um deles. S\u00e3o projetos para confecc\u00e7\u00e3o de naninhas, bonecos e chocalhos baseado nas nossas mascotinhas de corujas. Apresentamos oficialmente a voc\u00eas a Babusquinha, a Katiuskinha e a Lelinha ? \u00c9 isso mesmo, s\u00e3o nossas corujitas para voc\u00eas confeccionarem pe\u00e7as incr\u00edveis.  \u2665 S\u00e3o 3 modelos e 8 tamanhos de matrizes para confec\u00e7\u00e3o dessas pe\u00e7as, para bastidores de 10x10, 13x14, 14x14, 15x26, 16x26, 18x30, 20x20 e 20x30 cm. Acompanha ainda duas vers\u00f5es de chocalhos.  \u2665 Esta foi a melhor maneira que encontramos, n\u00e3o s\u00f3 de mimar voc\u00eas nesta ocasi\u00e3o especial, mas tamb\u00e9m de estarmos ainda mais juntinhas. Mas gostariamos de lembrar que mesmo sendo um kit gratuito como um presente feito com todo carinho para voc\u00eas, detemos todos os direitos destes arquivos, ainda mais que eles foram programados a partir da nossa logo. Voc\u00ea pode confeccionar e vender as pe\u00e7as que desejar com elas, mas qualquer tipo de venda, doa\u00e7\u00e3o, distribui\u00e7\u00e3o destes arquivos \u00e9 proibida. Se alguma amiga artes\u00e3 gostar de seu trabalho feito com estas matrizes, indique nosso trabalho a ela e por favor oriente-a a baixar tamb\u00e9m estes arquivos gratuitamente em nosso site. Afinal o artesanato \u00e9 uma corrente onde cada uma de n\u00f3s somos um elo nela, e quanto mais nos ajudarmos mais forte essa corrente ser\u00e1. Esperamos que fa\u00e7am muitas pe\u00e7as lindas com nossas corujitas e que elas sejam ben\u00e7\u00e3os no ateli\u00ea de voc\u00eas, afinal o sucesso de voc\u00eas sempre ser\u00e1 o nosso sucesso!  \u2665 Para baixar os arquivos gratuitamente clique AQUI.  \u2665 Se gostou destes arquivos, temos tamb\u00e9m dispon\u00edves gratuitamente o Kit de Rostinhos neste tema. Para adquir\u00ed-los clique AQUI.  \u2665 E se quiser confeccionar um enxoval ainda mais completo, temos tamb\u00e9m a Cole\u00e7\u00e3o Corujitas com diversas matrizes em apliques, abas, tags, miniminis, naninhas planas e segura chupetas num valor super especial. Clique AQUI para saber mais sobre a cole\u00e7\u00e3o.  Mais informa\u00e7\u00f5es abaixo!","og_url":"https:\/\/shop.bazarcia.com\/en\/product\/projetos-na-bordadeira-naninhas-corujitas\/","og_site_name":"\ud835\udc1b\ud835\udc1a\ud835\udc33\ud835\udc1a\ud835\udc2b &amp; \ud835\udc1c\ud835\udc22\ud835\udc1a","article_publisher":"https:\/\/www.facebook.com\/shopbazarcia","article_modified_time":"2023-07-31T16:04:34+00:00","og_image":[{"width":540,"height":540,"url":"https:\/\/shop.bazarcia.com\/wp-content\/uploads\/2023\/07\/Matrizes-de-bordado-projetos-na-bordadeira-naninhas-corujitas-coruja-corujinha-1.jpg","type":"image\/jpeg"}],"twitter_card":"summary_large_image","twitter_misc":{"Est. reading time":"1 minute"},"schema":{"@context":"https:\/\/schema.org","@graph":[{"@type":"WebPage","@id":"https:\/\/shop.bazarcia.com\/produto\/projetos-na-bordadeira-naninhas-corujitas\/","url":"https:\/\/shop.bazarcia.com\/produto\/projetos-na-bordadeira-naninhas-corujitas\/","name":"Projetos na Bordadeira Naninhas Corujitas - \ud835\udc1b\ud835\udc1a\ud835\udc33\ud835\udc1a\ud835\udc2b &amp; \ud835\udc1c\ud835\udc22\ud835\udc1a","isPartOf":{"@id":"https:\/\/shop.bazarcia.com\/#website"},"primaryImageOfPage":{"@id":"https:\/\/shop.bazarcia.com\/produto\/projetos-na-bordadeira-naninhas-corujitas\/#primaryimage"},"image":{"@id":"https:\/\/shop.bazarcia.com\/produto\/projetos-na-bordadeira-naninhas-corujitas\/#primaryimage"},"thumbnailUrl":"https:\/\/shop.bazarcia.com\/wp-content\/uploads\/2023\/07\/Matrizes-de-bordado-projetos-na-bordadeira-naninhas-corujitas-coruja-corujinha-1.jpg","datePublished":"2023-07-31T15:48:47+00:00","dateModified":"2023-07-31T16:04:34+00:00","breadcrumb":{"@id":"https:\/\/shop.bazarcia.com\/produto\/projetos-na-bordadeira-naninhas-corujitas\/#breadcrumb"},"inLanguage":"en-US","potentialAction":[{"@type":"ReadAction","target":["https:\/\/shop.bazarcia.com\/produto\/projetos-na-bordadeira-naninhas-corujitas\/"]}]},{"@type":"ImageObject","inLanguage":"en-US","@id":"https:\/\/shop.bazarcia.com\/produto\/projetos-na-bordadeira-naninhas-corujitas\/#primaryimage","url":"https:\/\/shop.bazarcia.com\/wp-content\/uploads\/2023\/07\/Matrizes-de-bordado-projetos-na-bordadeira-naninhas-corujitas-coruja-corujinha-1.jpg","contentUrl":"https:\/\/shop.bazarcia.com\/wp-content\/uploads\/2023\/07\/Matrizes-de-bordado-projetos-na-bordadeira-naninhas-corujitas-coruja-corujinha-1.jpg","width":540,"height":540},{"@type":"BreadcrumbList","@id":"https:\/\/shop.bazarcia.com\/produto\/projetos-na-bordadeira-naninhas-corujitas\/#breadcrumb","itemListElement":[{"@type":"ListItem","position":1,"name":"In\u00edcio","item":"https:\/\/shop.bazarcia.com\/"},{"@type":"ListItem","position":2,"name":"Loja","item":"https:\/\/shop.bazarcia.com\/loja\/"},{"@type":"ListItem","position":3,"name":"Projetos na Bordadeira Naninhas Corujitas"}]},{"@type":"WebSite","@id":"https:\/\/shop.bazarcia.com\/#website","url":"https:\/\/shop.bazarcia.com\/","name":"Bazar & Cia","description":"criatividade ponto a ponto","publisher":{"@id":"https:\/\/shop.bazarcia.com\/#organization"},"potentialAction":[{"@type":"SearchAction","target":{"@type":"EntryPoint","urlTemplate":"https:\/\/shop.bazarcia.com\/?s={search_term_string}"},"query-input":{"@type":"PropertyValueSpecification","valueRequired":true,"valueName":"search_term_string"}}],"inLanguage":"en-US"},{"@type":"Organization","@id":"https:\/\/shop.bazarcia.com\/#organization","name":"Bazar & Cia","url":"https:\/\/shop.bazarcia.com\/","logo":{"@type":"ImageObject","inLanguage":"en-US","@id":"https:\/\/shop.bazarcia.com\/#\/schema\/logo\/image\/","url":"https:\/\/shop.bazarcia.com\/wp-content\/uploads\/2024\/02\/cropped-logo_bazarcia.png","contentUrl":"https:\/\/shop.bazarcia.com\/wp-content\/uploads\/2024\/02\/cropped-logo_bazarcia.png","width":150,"height":150,"caption":"Bazar & Cia"},"image":{"@id":"https:\/\/shop.bazarcia.com\/#\/schema\/logo\/image\/"},"sameAs":["https:\/\/www.facebook.com\/shopbazarcia","https:\/\/www.instagram.com\/shopbazarcia","https:\/\/br.pinterest.com\/suzane_eloise\/","https:\/\/www.youtube.com\/c\/BazardoBordadoMatrizeseProjetos"]}]}},"_links":{"self":[{"href":"https:\/\/shop.bazarcia.com\/en\/wp-json\/wp\/v2\/product\/240828","targetHints":{"allow":["GET"]}}],"collection":[{"href":"https:\/\/shop.bazarcia.com\/en\/wp-json\/wp\/v2\/product"}],"about":[{"href":"https:\/\/shop.bazarcia.com\/en\/wp-json\/wp\/v2\/types\/product"}],"replies":[{"embeddable":true,"href":"https:\/\/shop.bazarcia.com\/en\/wp-json\/wp\/v2\/comments?post=240828"}],"version-history":[{"count":5,"href":"https:\/\/shop.bazarcia.com\/en\/wp-json\/wp\/v2\/product\/240828\/revisions"}],"predecessor-version":[{"id":350615,"href":"https:\/\/shop.bazarcia.com\/en\/wp-json\/wp\/v2\/product\/240828\/revisions\/350615"}],"wp:featuredmedia":[{"embeddable":true,"href":"https:\/\/shop.bazarcia.com\/en\/wp-json\/wp\/v2\/media\/240818"}],"wp:attachment":[{"href":"https:\/\/shop.bazarcia.com\/en\/wp-json\/wp\/v2\/media?parent=240828"}],"wp:term":[{"taxonomy":"product_brand","embeddable":true,"href":"https:\/\/shop.bazarcia.com\/en\/wp-json\/wp\/v2\/product_brand?post=240828"},{"taxonomy":"product_cat","embeddable":true,"href":"https:\/\/shop.bazarcia.com\/en\/wp-json\/wp\/v2\/product_cat?post=240828"},{"taxonomy":"product_tag","embeddable":true,"href":"https:\/\/shop.bazarcia.com\/en\/wp-json\/wp\/v2\/product_tag?post=240828"}],"curies":[{"name":"wp","href":"https:\/\/api.w.org\/{rel}","templated":true}]}}