{"id":241797,"date":"2023-08-08T14:57:33","date_gmt":"2023-08-08T17:57:33","guid":{"rendered":"https:\/\/shop.bazarcia.com\/produto\/matriz-de-bordado-body-meu-primeiro-dia-dos-pais-com-meu-papai-dani-faitanin\/"},"modified":"2023-08-08T20:18:48","modified_gmt":"2023-08-08T23:18:48","slug":"matriz-de-bordado-body-meu-primeiro-dia-dos-pais-com-meu-papai-dani-faitanin","status":"publish","type":"product","link":"https:\/\/shop.bazarcia.com\/en\/product\/matriz-de-bordado-body-meu-primeiro-dia-dos-pais-com-meu-papai-dani-faitanin\/","title":{"rendered":"Matriz de Bordado &#8211; BODY MEU PRIMEIRO DIA DOS PAIS COM MEU PAPAI &#8211; Dani Faitanin"},"content":{"rendered":"<p><strong>BODY MEU PRIMEIRO DIA DOS PAIS COM MEU PAPAI &#8211; Dani Faitanin (PRODUTO DIGITAL)<\/strong><\/p>\n<p>Matriz para bordado em body, em pontos leves, f\u00e1cil de bordar.<\/p>\n<p>Tamanho Proporcional para bastidor 13&#215;18.<\/p>\n<p>Os arquivos estar\u00e3o dispon\u00edveis para download aqui mesmo na sua conta no site ap\u00f3s confirma\u00e7\u00e3o do pagamento. (N\u00e3o ser\u00e3o enviados por e-mail!)<\/p>\n<p>Os arquivos est\u00e3o em pasta compactada (ZIP), sendo necess\u00e1rio descompact\u00e1-la<\/p>\n<p>Os mesmos s\u00e3o compat\u00edveis com v\u00e1rios tipos e modelos de m\u00e1quinas, com os seguintes formatos : PES \u2013 JEF \u2013 EXP \u2013 DST- XXX \u2013 HUS<\/p>","protected":false},"excerpt":{"rendered":"<p>BODY MEU PRIMEIRO DIA DOS PAIS COM MEU PAPAI &#8211; Dani Faitanin (PRODUTO DIGITAL)<\/p>\n<p>Matriz para bordado em body, em pontos leves, f\u00e1cil de bordar.<\/p>\n<p>Tamanho Proporcional para bastidor 13&#215;18.<\/p>\n<p>Os arquivos estar\u00e3o dispon\u00edveis para download aqui mesmo na sua conta no site ap\u00f3s confirma\u00e7\u00e3o do pagamento. (N\u00e3o ser\u00e3o enviados por e-mail!)<\/p>","protected":false},"featured_media":241795,"comment_status":"open","ping_status":"closed","template":"","meta":{"_acf_changed":false,"_joinchat":[]},"product_brand":[],"product_cat":[84,145,1393],"product_tag":[1462,1091,1090,1430],"class_list":{"0":"post-241797","1":"product","2":"type-product","3":"status-publish","4":"has-post-thumbnail","6":"product_cat-matrizes-de-bordado","7":"product_cat-dia-dos-pais","8":"product_cat-matrizes-de-bordado-para-bodys","9":"product_tag-body-personalizado","10":"product_tag-brother","11":"product_tag-maquina-de-bordar","12":"product_tag-matriz-de-bordado","14":"first","15":"instock","16":"downloadable","17":"virtual","18":"purchasable","19":"product-type-simple"},"acf":[],"yoast_head":"<!-- This site is optimized with the Yoast SEO plugin v27.2 - https:\/\/yoast.com\/product\/yoast-seo-wordpress\/ -->\n<title>Matriz de Bordado - BODY MEU PRIMEIRO DIA DOS PAIS COM MEU PAPAI - Dani Faitanin - \ud835\udc1b\ud835\udc1a\ud835\udc33\ud835\udc1a\ud835\udc2b &amp; \ud835\udc1c\ud835\udc22\ud835\udc1a<\/title>\n<meta name=\"robots\" content=\"index, follow, max-snippet:-1, max-image-preview:large, max-video-preview:-1\" \/>\n<link rel=\"canonical\" href=\"https:\/\/shop.bazarcia.com\/en\/product\/matriz-de-bordado-body-meu-primeiro-dia-dos-pais-com-meu-papai-dani-faitanin\/\" \/>\n<meta property=\"og:locale\" content=\"en_US\" \/>\n<meta property=\"og:type\" content=\"article\" \/>\n<meta property=\"og:title\" content=\"Matriz de Bordado - BODY MEU PRIMEIRO DIA DOS PAIS COM MEU PAPAI - Dani Faitanin - \ud835\udc1b\ud835\udc1a\ud835\udc33\ud835\udc1a\ud835\udc2b &amp; \ud835\udc1c\ud835\udc22\ud835\udc1a\" \/>\n<meta property=\"og:description\" content=\"BODY MEU PRIMEIRO DIA DOS PAIS COM MEU PAPAI - Dani Faitanin (PRODUTO DIGITAL)  Matriz para bordado em body, em pontos leves, f\u00e1cil de bordar.  Tamanho Proporcional para bastidor 13x18.  Os arquivos estar\u00e3o dispon\u00edveis para download aqui mesmo na sua conta no site ap\u00f3s confirma\u00e7\u00e3o do pagamento. (N\u00e3o ser\u00e3o enviados por e-mail!)\" \/>\n<meta property=\"og:url\" content=\"https:\/\/shop.bazarcia.com\/en\/product\/matriz-de-bordado-body-meu-primeiro-dia-dos-pais-com-meu-papai-dani-faitanin\/\" \/>\n<meta property=\"og:site_name\" content=\"\ud835\udc1b\ud835\udc1a\ud835\udc33\ud835\udc1a\ud835\udc2b &amp; \ud835\udc1c\ud835\udc22\ud835\udc1a\" \/>\n<meta property=\"article:publisher\" content=\"https:\/\/www.facebook.com\/shopbazarcia\" \/>\n<meta property=\"article:modified_time\" content=\"2023-08-08T23:18:48+00:00\" \/>\n<meta property=\"og:image\" content=\"https:\/\/shop.bazarcia.com\/wp-content\/uploads\/2023\/08\/BODY-dia-dos-pais2.png\" \/>\n\t<meta property=\"og:image:width\" content=\"1157\" \/>\n\t<meta property=\"og:image:height\" content=\"1115\" \/>\n\t<meta property=\"og:image:type\" content=\"image\/png\" \/>\n<meta name=\"twitter:card\" content=\"summary_large_image\" \/>\n<script type=\"application\/ld+json\" class=\"yoast-schema-graph\">{\"@context\":\"https:\/\/schema.org\",\"@graph\":[{\"@type\":\"WebPage\",\"@id\":\"https:\/\/shop.bazarcia.com\/produto\/matriz-de-bordado-body-meu-primeiro-dia-dos-pais-com-meu-papai-dani-faitanin\/\",\"url\":\"https:\/\/shop.bazarcia.com\/produto\/matriz-de-bordado-body-meu-primeiro-dia-dos-pais-com-meu-papai-dani-faitanin\/\",\"name\":\"Matriz de Bordado - BODY MEU PRIMEIRO DIA DOS PAIS COM MEU PAPAI - Dani Faitanin - \ud835\udc1b\ud835\udc1a\ud835\udc33\ud835\udc1a\ud835\udc2b &amp; \ud835\udc1c\ud835\udc22\ud835\udc1a\",\"isPartOf\":{\"@id\":\"https:\/\/shop.bazarcia.com\/#website\"},\"primaryImageOfPage\":{\"@id\":\"https:\/\/shop.bazarcia.com\/produto\/matriz-de-bordado-body-meu-primeiro-dia-dos-pais-com-meu-papai-dani-faitanin\/#primaryimage\"},\"image\":{\"@id\":\"https:\/\/shop.bazarcia.com\/produto\/matriz-de-bordado-body-meu-primeiro-dia-dos-pais-com-meu-papai-dani-faitanin\/#primaryimage\"},\"thumbnailUrl\":\"https:\/\/shop.bazarcia.com\/wp-content\/uploads\/2023\/08\/BODY-dia-dos-pais2.png\",\"datePublished\":\"2023-08-08T17:57:33+00:00\",\"dateModified\":\"2023-08-08T23:18:48+00:00\",\"breadcrumb\":{\"@id\":\"https:\/\/shop.bazarcia.com\/produto\/matriz-de-bordado-body-meu-primeiro-dia-dos-pais-com-meu-papai-dani-faitanin\/#breadcrumb\"},\"inLanguage\":\"en-US\",\"potentialAction\":[{\"@type\":\"ReadAction\",\"target\":[\"https:\/\/shop.bazarcia.com\/produto\/matriz-de-bordado-body-meu-primeiro-dia-dos-pais-com-meu-papai-dani-faitanin\/\"]}]},{\"@type\":\"ImageObject\",\"inLanguage\":\"en-US\",\"@id\":\"https:\/\/shop.bazarcia.com\/produto\/matriz-de-bordado-body-meu-primeiro-dia-dos-pais-com-meu-papai-dani-faitanin\/#primaryimage\",\"url\":\"https:\/\/shop.bazarcia.com\/wp-content\/uploads\/2023\/08\/BODY-dia-dos-pais2.png\",\"contentUrl\":\"https:\/\/shop.bazarcia.com\/wp-content\/uploads\/2023\/08\/BODY-dia-dos-pais2.png\",\"width\":1157,\"height\":1115},{\"@type\":\"BreadcrumbList\",\"@id\":\"https:\/\/shop.bazarcia.com\/produto\/matriz-de-bordado-body-meu-primeiro-dia-dos-pais-com-meu-papai-dani-faitanin\/#breadcrumb\",\"itemListElement\":[{\"@type\":\"ListItem\",\"position\":1,\"name\":\"In\u00edcio\",\"item\":\"https:\/\/shop.bazarcia.com\/\"},{\"@type\":\"ListItem\",\"position\":2,\"name\":\"Loja\",\"item\":\"https:\/\/shop.bazarcia.com\/loja\/\"},{\"@type\":\"ListItem\",\"position\":3,\"name\":\"Matriz de Bordado &#8211; BODY MEU PRIMEIRO DIA DOS PAIS COM MEU PAPAI &#8211; Dani Faitanin\"}]},{\"@type\":\"WebSite\",\"@id\":\"https:\/\/shop.bazarcia.com\/#website\",\"url\":\"https:\/\/shop.bazarcia.com\/\",\"name\":\"Bazar & Cia\",\"description\":\"criatividade ponto a ponto\",\"publisher\":{\"@id\":\"https:\/\/shop.bazarcia.com\/#organization\"},\"potentialAction\":[{\"@type\":\"SearchAction\",\"target\":{\"@type\":\"EntryPoint\",\"urlTemplate\":\"https:\/\/shop.bazarcia.com\/?s={search_term_string}\"},\"query-input\":{\"@type\":\"PropertyValueSpecification\",\"valueRequired\":true,\"valueName\":\"search_term_string\"}}],\"inLanguage\":\"en-US\"},{\"@type\":\"Organization\",\"@id\":\"https:\/\/shop.bazarcia.com\/#organization\",\"name\":\"Bazar & Cia\",\"url\":\"https:\/\/shop.bazarcia.com\/\",\"logo\":{\"@type\":\"ImageObject\",\"inLanguage\":\"en-US\",\"@id\":\"https:\/\/shop.bazarcia.com\/#\/schema\/logo\/image\/\",\"url\":\"https:\/\/shop.bazarcia.com\/wp-content\/uploads\/2024\/02\/cropped-logo_bazarcia.png\",\"contentUrl\":\"https:\/\/shop.bazarcia.com\/wp-content\/uploads\/2024\/02\/cropped-logo_bazarcia.png\",\"width\":150,\"height\":150,\"caption\":\"Bazar & Cia\"},\"image\":{\"@id\":\"https:\/\/shop.bazarcia.com\/#\/schema\/logo\/image\/\"},\"sameAs\":[\"https:\/\/www.facebook.com\/shopbazarcia\",\"https:\/\/www.instagram.com\/shopbazarcia\",\"https:\/\/br.pinterest.com\/suzane_eloise\/\",\"https:\/\/www.youtube.com\/c\/BazardoBordadoMatrizeseProjetos\"]}]}<\/script>\n<!-- \/ Yoast SEO plugin. -->","yoast_head_json":{"title":"Matriz de Bordado - BODY MEU PRIMEIRO DIA DOS PAIS COM MEU PAPAI - Dani Faitanin - \ud835\udc1b\ud835\udc1a\ud835\udc33\ud835\udc1a\ud835\udc2b &amp; \ud835\udc1c\ud835\udc22\ud835\udc1a","robots":{"index":"index","follow":"follow","max-snippet":"max-snippet:-1","max-image-preview":"max-image-preview:large","max-video-preview":"max-video-preview:-1"},"canonical":"https:\/\/shop.bazarcia.com\/en\/product\/matriz-de-bordado-body-meu-primeiro-dia-dos-pais-com-meu-papai-dani-faitanin\/","og_locale":"en_US","og_type":"article","og_title":"Matriz de Bordado - BODY MEU PRIMEIRO DIA DOS PAIS COM MEU PAPAI - Dani Faitanin - \ud835\udc1b\ud835\udc1a\ud835\udc33\ud835\udc1a\ud835\udc2b &amp; \ud835\udc1c\ud835\udc22\ud835\udc1a","og_description":"BODY MEU PRIMEIRO DIA DOS PAIS COM MEU PAPAI - Dani Faitanin (PRODUTO DIGITAL)  Matriz para bordado em body, em pontos leves, f\u00e1cil de bordar.  Tamanho Proporcional para bastidor 13x18.  Os arquivos estar\u00e3o dispon\u00edveis para download aqui mesmo na sua conta no site ap\u00f3s confirma\u00e7\u00e3o do pagamento. (N\u00e3o ser\u00e3o enviados por e-mail!)","og_url":"https:\/\/shop.bazarcia.com\/en\/product\/matriz-de-bordado-body-meu-primeiro-dia-dos-pais-com-meu-papai-dani-faitanin\/","og_site_name":"\ud835\udc1b\ud835\udc1a\ud835\udc33\ud835\udc1a\ud835\udc2b &amp; \ud835\udc1c\ud835\udc22\ud835\udc1a","article_publisher":"https:\/\/www.facebook.com\/shopbazarcia","article_modified_time":"2023-08-08T23:18:48+00:00","og_image":[{"width":1157,"height":1115,"url":"https:\/\/shop.bazarcia.com\/wp-content\/uploads\/2023\/08\/BODY-dia-dos-pais2.png","type":"image\/png"}],"twitter_card":"summary_large_image","schema":{"@context":"https:\/\/schema.org","@graph":[{"@type":"WebPage","@id":"https:\/\/shop.bazarcia.com\/produto\/matriz-de-bordado-body-meu-primeiro-dia-dos-pais-com-meu-papai-dani-faitanin\/","url":"https:\/\/shop.bazarcia.com\/produto\/matriz-de-bordado-body-meu-primeiro-dia-dos-pais-com-meu-papai-dani-faitanin\/","name":"Matriz de Bordado - BODY MEU PRIMEIRO DIA DOS PAIS COM MEU PAPAI - Dani Faitanin - \ud835\udc1b\ud835\udc1a\ud835\udc33\ud835\udc1a\ud835\udc2b &amp; \ud835\udc1c\ud835\udc22\ud835\udc1a","isPartOf":{"@id":"https:\/\/shop.bazarcia.com\/#website"},"primaryImageOfPage":{"@id":"https:\/\/shop.bazarcia.com\/produto\/matriz-de-bordado-body-meu-primeiro-dia-dos-pais-com-meu-papai-dani-faitanin\/#primaryimage"},"image":{"@id":"https:\/\/shop.bazarcia.com\/produto\/matriz-de-bordado-body-meu-primeiro-dia-dos-pais-com-meu-papai-dani-faitanin\/#primaryimage"},"thumbnailUrl":"https:\/\/shop.bazarcia.com\/wp-content\/uploads\/2023\/08\/BODY-dia-dos-pais2.png","datePublished":"2023-08-08T17:57:33+00:00","dateModified":"2023-08-08T23:18:48+00:00","breadcrumb":{"@id":"https:\/\/shop.bazarcia.com\/produto\/matriz-de-bordado-body-meu-primeiro-dia-dos-pais-com-meu-papai-dani-faitanin\/#breadcrumb"},"inLanguage":"en-US","potentialAction":[{"@type":"ReadAction","target":["https:\/\/shop.bazarcia.com\/produto\/matriz-de-bordado-body-meu-primeiro-dia-dos-pais-com-meu-papai-dani-faitanin\/"]}]},{"@type":"ImageObject","inLanguage":"en-US","@id":"https:\/\/shop.bazarcia.com\/produto\/matriz-de-bordado-body-meu-primeiro-dia-dos-pais-com-meu-papai-dani-faitanin\/#primaryimage","url":"https:\/\/shop.bazarcia.com\/wp-content\/uploads\/2023\/08\/BODY-dia-dos-pais2.png","contentUrl":"https:\/\/shop.bazarcia.com\/wp-content\/uploads\/2023\/08\/BODY-dia-dos-pais2.png","width":1157,"height":1115},{"@type":"BreadcrumbList","@id":"https:\/\/shop.bazarcia.com\/produto\/matriz-de-bordado-body-meu-primeiro-dia-dos-pais-com-meu-papai-dani-faitanin\/#breadcrumb","itemListElement":[{"@type":"ListItem","position":1,"name":"In\u00edcio","item":"https:\/\/shop.bazarcia.com\/"},{"@type":"ListItem","position":2,"name":"Loja","item":"https:\/\/shop.bazarcia.com\/loja\/"},{"@type":"ListItem","position":3,"name":"Matriz de Bordado &#8211; BODY MEU PRIMEIRO DIA DOS PAIS COM MEU PAPAI &#8211; Dani Faitanin"}]},{"@type":"WebSite","@id":"https:\/\/shop.bazarcia.com\/#website","url":"https:\/\/shop.bazarcia.com\/","name":"Bazar & Cia","description":"criatividade ponto a ponto","publisher":{"@id":"https:\/\/shop.bazarcia.com\/#organization"},"potentialAction":[{"@type":"SearchAction","target":{"@type":"EntryPoint","urlTemplate":"https:\/\/shop.bazarcia.com\/?s={search_term_string}"},"query-input":{"@type":"PropertyValueSpecification","valueRequired":true,"valueName":"search_term_string"}}],"inLanguage":"en-US"},{"@type":"Organization","@id":"https:\/\/shop.bazarcia.com\/#organization","name":"Bazar & Cia","url":"https:\/\/shop.bazarcia.com\/","logo":{"@type":"ImageObject","inLanguage":"en-US","@id":"https:\/\/shop.bazarcia.com\/#\/schema\/logo\/image\/","url":"https:\/\/shop.bazarcia.com\/wp-content\/uploads\/2024\/02\/cropped-logo_bazarcia.png","contentUrl":"https:\/\/shop.bazarcia.com\/wp-content\/uploads\/2024\/02\/cropped-logo_bazarcia.png","width":150,"height":150,"caption":"Bazar & Cia"},"image":{"@id":"https:\/\/shop.bazarcia.com\/#\/schema\/logo\/image\/"},"sameAs":["https:\/\/www.facebook.com\/shopbazarcia","https:\/\/www.instagram.com\/shopbazarcia","https:\/\/br.pinterest.com\/suzane_eloise\/","https:\/\/www.youtube.com\/c\/BazardoBordadoMatrizeseProjetos"]}]}},"_links":{"self":[{"href":"https:\/\/shop.bazarcia.com\/en\/wp-json\/wp\/v2\/product\/241797","targetHints":{"allow":["GET"]}}],"collection":[{"href":"https:\/\/shop.bazarcia.com\/en\/wp-json\/wp\/v2\/product"}],"about":[{"href":"https:\/\/shop.bazarcia.com\/en\/wp-json\/wp\/v2\/types\/product"}],"replies":[{"embeddable":true,"href":"https:\/\/shop.bazarcia.com\/en\/wp-json\/wp\/v2\/comments?post=241797"}],"version-history":[{"count":1,"href":"https:\/\/shop.bazarcia.com\/en\/wp-json\/wp\/v2\/product\/241797\/revisions"}],"predecessor-version":[{"id":241799,"href":"https:\/\/shop.bazarcia.com\/en\/wp-json\/wp\/v2\/product\/241797\/revisions\/241799"}],"wp:featuredmedia":[{"embeddable":true,"href":"https:\/\/shop.bazarcia.com\/en\/wp-json\/wp\/v2\/media\/241795"}],"wp:attachment":[{"href":"https:\/\/shop.bazarcia.com\/en\/wp-json\/wp\/v2\/media?parent=241797"}],"wp:term":[{"taxonomy":"product_brand","embeddable":true,"href":"https:\/\/shop.bazarcia.com\/en\/wp-json\/wp\/v2\/product_brand?post=241797"},{"taxonomy":"product_cat","embeddable":true,"href":"https:\/\/shop.bazarcia.com\/en\/wp-json\/wp\/v2\/product_cat?post=241797"},{"taxonomy":"product_tag","embeddable":true,"href":"https:\/\/shop.bazarcia.com\/en\/wp-json\/wp\/v2\/product_tag?post=241797"}],"curies":[{"name":"wp","href":"https:\/\/api.w.org\/{rel}","templated":true}]}}