{"id":243235,"date":"2023-08-21T09:31:17","date_gmt":"2023-08-21T12:31:17","guid":{"rendered":"https:\/\/shop.bazarcia.com\/?post_type=product&#038;p=243235"},"modified":"2024-08-28T17:04:03","modified_gmt":"2024-08-28T20:04:03","slug":"figurinhas-para-whatsapp-colecao-costureiras","status":"publish","type":"product","link":"https:\/\/shop.bazarcia.com\/en\/product\/figurinhas-para-whatsapp-colecao-costureiras\/","title":{"rendered":"Figurinhas para WhatsApp | Cole\u00e7\u00e3o Costureiras"},"content":{"rendered":"<blockquote><p><strong>Figurinhas Artesanais Exclusivas para Encantar seus Clientes!<\/strong> ?<\/p><\/blockquote>\n<p>Voc\u00ea \u00e9 artes\u00e3? Ent\u00e3o vai amar isso!!!<\/p>\n<p>? Transforme suas conversas com os seus clientes em momentos encantadores e personalizados com nosso pacote exclusivo de figurinhas artesanais!<\/p>\n<p><strong>\u00a0O que voc\u00ea vai encontrar:<\/strong><\/p>\n<p>\u2728 <strong>10 Figurinhas Artesanais Exclusivas:<\/strong> nossas figurinhas foram criadas com carinho para artes\u00e3s como voc\u00ea! Veja os 10 modelos na imagem de capa.<\/p>\n<p>? <strong>F\u00e1cil de Usar:<\/strong> Basta tocar e enviar! Nossas figurinhas s\u00e3o compat\u00edveis com o WhatsApp, tornando a comunica\u00e7\u00e3o r\u00e1pida e eficaz.<\/p>\n<p>? <strong>Entrega Imediata:<\/strong> Assim que voc\u00ea fizer a compra, poder\u00e1 baixar o pacote de figurinhas. Por\u00e9m voc\u00ea pode nos chamar no pr\u00f3prio <strong>WhatsApp (62) 99351 7244<\/strong> que enviaremos as figurinhas diretamente para voc\u00ea. <strong>\u00c9 r\u00e1pido e f\u00e1cil!<\/strong><\/p>\n<p>&nbsp;<\/p>\n<p><strong>DICAS DO BAZAR<\/strong><\/p>\n<p>? <strong>Conversas Mais Engajadas:<\/strong> Utilize nossas figurinhas para responder a perguntas comuns, agradecer pelos pedidos e manter uma comunica\u00e7\u00e3o calorosa.<\/p>\n<p>? <strong>Interaja com seus Clientes:<\/strong> Use as figurinhas em chats individuais e em grupos para criar conex\u00f5es mais fortes com seus clientes.<\/p>\n<p>Bordados<\/p>","protected":false},"excerpt":{"rendered":"<p><strong>Figurinhas Artesanais Exclusivas para Encantar seus Clientes!<\/strong> ?<\/p>\n<p>Voc\u00ea \u00e9 artes\u00e3? Ent\u00e3o vai amar isso!!!<\/p>\n<p>? Transforme suas conversas com os seus clientes em momentos encantadores e personalizados com nosso pacote exclusivo de figurinhas artesanais!<\/p>\n<p><strong>\u00a0O que voc\u00ea vai encontrar:<\/strong><\/p>\n<p>\u2728 <strong>10 Figurinhas Artesanais Exclusivas:<\/strong> nossas figurinhas foram criadas com carinho para artes\u00e3s como voc\u00ea! Veja os 10 modelos na imagem de capa.<\/p>\n<p>? <strong>F\u00e1cil de Usar:<\/strong> Basta tocar e enviar! Nossas figurinhas s\u00e3o compat\u00edveis com o WhatsApp, tornando a comunica\u00e7\u00e3o r\u00e1pida e eficaz.<\/p>\n<p>? <strong>Entrega Imediata:<\/strong> Assim que voc\u00ea fizer a compra, poder\u00e1 baixar o pacote de figurinhas. Por\u00e9m voc\u00ea pode nos chamar no pr\u00f3prio <strong>WhatsApp (62) 99351 7244<\/strong> que enviaremos as figurinhas diretamente para voc\u00ea. <strong>\u00c9 r\u00e1pido e f\u00e1cil!<\/strong><\/p>\n<p>&nbsp;<\/p>\n<p><strong>DICAS DO BAZAR<\/strong><\/p>\n<p>? <strong>Conversas Mais Engajadas:<\/strong> Utilize nossas figurinhas para responder a perguntas comuns, agradecer pelos pedidos e manter uma comunica\u00e7\u00e3o calorosa.<\/p>\n<p>? <strong>Interaja com seus Clientes:<\/strong> Use as figurinhas em chats individuais e em grupos para criar conex\u00f5es mais fortes com seus clientes.<\/p>","protected":false},"featured_media":244126,"comment_status":"open","ping_status":"closed","template":"","meta":{"_acf_changed":false,"_joinchat":[]},"product_brand":[],"product_cat":[1656,1919,86,266],"product_tag":[1920,1918,1163,1917],"class_list":{"0":"post-243235","1":"product","2":"type-product","3":"status-publish","4":"has-post-thumbnail","6":"product_cat-kits-digitais","7":"product_cat-figurinhas-para-whatsapp","8":"product_cat-materiais-para-bordado-computadorizado","9":"product_cat-bastidores","10":"product_tag-costureira","11":"product_tag-figurinhas-digitais","12":"product_tag-maquina-de-costura","13":"product_tag-whatsapp","15":"first","16":"instock","17":"downloadable","18":"virtual","19":"purchasable","20":"product-type-simple"},"acf":[],"yoast_head":"<!-- This site is optimized with the Yoast SEO plugin v27.2 - https:\/\/yoast.com\/product\/yoast-seo-wordpress\/ -->\n<title>Figurinhas para WhatsApp | Cole\u00e7\u00e3o Costureiras<\/title>\n<meta name=\"description\" content=\"? Transforme suas conversas com os seus clientes em momentos encantadores e personalizados com nosso pacote exclusivo de figurinhas artesanais!\u00a0\" \/>\n<meta name=\"robots\" content=\"index, follow, max-snippet:-1, max-image-preview:large, max-video-preview:-1\" \/>\n<link rel=\"canonical\" href=\"https:\/\/shop.bazarcia.com\/en\/product\/figurinhas-para-whatsapp-colecao-costureiras\/\" \/>\n<meta property=\"og:locale\" content=\"en_US\" \/>\n<meta property=\"og:type\" content=\"article\" \/>\n<meta property=\"og:title\" content=\"Figurinhas para WhatsApp | Cole\u00e7\u00e3o Costureiras\" \/>\n<meta property=\"og:description\" content=\"? Transforme suas conversas com os seus clientes em momentos encantadores e personalizados com nosso pacote exclusivo de figurinhas artesanais!\u00a0\" \/>\n<meta property=\"og:url\" content=\"https:\/\/shop.bazarcia.com\/en\/product\/figurinhas-para-whatsapp-colecao-costureiras\/\" \/>\n<meta property=\"og:site_name\" content=\"\ud835\udc1b\ud835\udc1a\ud835\udc33\ud835\udc1a\ud835\udc2b &amp; \ud835\udc1c\ud835\udc22\ud835\udc1a\" \/>\n<meta property=\"article:publisher\" content=\"https:\/\/www.facebook.com\/shopbazarcia\" \/>\n<meta property=\"article:modified_time\" content=\"2024-08-28T20:04:03+00:00\" \/>\n<meta property=\"og:image\" content=\"https:\/\/shop.bazarcia.com\/wp-content\/uploads\/2023\/08\/figurinhas-COSTUREIRAS.jpg\" \/>\n\t<meta property=\"og:image:width\" content=\"1080\" \/>\n\t<meta property=\"og:image:height\" content=\"1080\" \/>\n\t<meta property=\"og:image:type\" content=\"image\/jpeg\" \/>\n<meta name=\"twitter:card\" content=\"summary_large_image\" \/>\n<meta name=\"twitter:label1\" content=\"Est. reading time\" \/>\n\t<meta name=\"twitter:data1\" content=\"1 minute\" \/>\n<script type=\"application\/ld+json\" class=\"yoast-schema-graph\">{\"@context\":\"https:\/\/schema.org\",\"@graph\":[{\"@type\":\"WebPage\",\"@id\":\"https:\/\/shop.bazarcia.com\/produto\/figurinhas-para-whatsapp-colecao-costureiras\/\",\"url\":\"https:\/\/shop.bazarcia.com\/produto\/figurinhas-para-whatsapp-colecao-costureiras\/\",\"name\":\"Figurinhas para WhatsApp | Cole\u00e7\u00e3o Costureiras\",\"isPartOf\":{\"@id\":\"https:\/\/shop.bazarcia.com\/#website\"},\"primaryImageOfPage\":{\"@id\":\"https:\/\/shop.bazarcia.com\/produto\/figurinhas-para-whatsapp-colecao-costureiras\/#primaryimage\"},\"image\":{\"@id\":\"https:\/\/shop.bazarcia.com\/produto\/figurinhas-para-whatsapp-colecao-costureiras\/#primaryimage\"},\"thumbnailUrl\":\"https:\/\/shop.bazarcia.com\/wp-content\/uploads\/2023\/08\/figurinhas-COSTUREIRAS.jpg\",\"datePublished\":\"2023-08-21T12:31:17+00:00\",\"dateModified\":\"2024-08-28T20:04:03+00:00\",\"description\":\"? Transforme suas conversas com os seus clientes em momentos encantadores e personalizados com nosso pacote exclusivo de figurinhas artesanais!\u00a0\",\"breadcrumb\":{\"@id\":\"https:\/\/shop.bazarcia.com\/produto\/figurinhas-para-whatsapp-colecao-costureiras\/#breadcrumb\"},\"inLanguage\":\"en-US\",\"potentialAction\":[{\"@type\":\"ReadAction\",\"target\":[\"https:\/\/shop.bazarcia.com\/produto\/figurinhas-para-whatsapp-colecao-costureiras\/\"]}]},{\"@type\":\"ImageObject\",\"inLanguage\":\"en-US\",\"@id\":\"https:\/\/shop.bazarcia.com\/produto\/figurinhas-para-whatsapp-colecao-costureiras\/#primaryimage\",\"url\":\"https:\/\/shop.bazarcia.com\/wp-content\/uploads\/2023\/08\/figurinhas-COSTUREIRAS.jpg\",\"contentUrl\":\"https:\/\/shop.bazarcia.com\/wp-content\/uploads\/2023\/08\/figurinhas-COSTUREIRAS.jpg\",\"width\":1080,\"height\":1080},{\"@type\":\"BreadcrumbList\",\"@id\":\"https:\/\/shop.bazarcia.com\/produto\/figurinhas-para-whatsapp-colecao-costureiras\/#breadcrumb\",\"itemListElement\":[{\"@type\":\"ListItem\",\"position\":1,\"name\":\"In\u00edcio\",\"item\":\"https:\/\/shop.bazarcia.com\/\"},{\"@type\":\"ListItem\",\"position\":2,\"name\":\"Loja\",\"item\":\"https:\/\/shop.bazarcia.com\/loja\/\"},{\"@type\":\"ListItem\",\"position\":3,\"name\":\"Figurinhas para WhatsApp | Cole\u00e7\u00e3o Costureiras\"}]},{\"@type\":\"WebSite\",\"@id\":\"https:\/\/shop.bazarcia.com\/#website\",\"url\":\"https:\/\/shop.bazarcia.com\/\",\"name\":\"Bazar & Cia\",\"description\":\"criatividade ponto a ponto\",\"publisher\":{\"@id\":\"https:\/\/shop.bazarcia.com\/#organization\"},\"potentialAction\":[{\"@type\":\"SearchAction\",\"target\":{\"@type\":\"EntryPoint\",\"urlTemplate\":\"https:\/\/shop.bazarcia.com\/?s={search_term_string}\"},\"query-input\":{\"@type\":\"PropertyValueSpecification\",\"valueRequired\":true,\"valueName\":\"search_term_string\"}}],\"inLanguage\":\"en-US\"},{\"@type\":\"Organization\",\"@id\":\"https:\/\/shop.bazarcia.com\/#organization\",\"name\":\"Bazar & Cia\",\"url\":\"https:\/\/shop.bazarcia.com\/\",\"logo\":{\"@type\":\"ImageObject\",\"inLanguage\":\"en-US\",\"@id\":\"https:\/\/shop.bazarcia.com\/#\/schema\/logo\/image\/\",\"url\":\"https:\/\/shop.bazarcia.com\/wp-content\/uploads\/2024\/02\/cropped-logo_bazarcia.png\",\"contentUrl\":\"https:\/\/shop.bazarcia.com\/wp-content\/uploads\/2024\/02\/cropped-logo_bazarcia.png\",\"width\":150,\"height\":150,\"caption\":\"Bazar & Cia\"},\"image\":{\"@id\":\"https:\/\/shop.bazarcia.com\/#\/schema\/logo\/image\/\"},\"sameAs\":[\"https:\/\/www.facebook.com\/shopbazarcia\",\"https:\/\/www.instagram.com\/shopbazarcia\",\"https:\/\/br.pinterest.com\/suzane_eloise\/\",\"https:\/\/www.youtube.com\/c\/BazardoBordadoMatrizeseProjetos\"]}]}<\/script>\n<!-- \/ Yoast SEO plugin. -->","yoast_head_json":{"title":"Figurinhas para WhatsApp | Cole\u00e7\u00e3o Costureiras","description":"? Transforme suas conversas com os seus clientes em momentos encantadores e personalizados com nosso pacote exclusivo de figurinhas artesanais!\u00a0","robots":{"index":"index","follow":"follow","max-snippet":"max-snippet:-1","max-image-preview":"max-image-preview:large","max-video-preview":"max-video-preview:-1"},"canonical":"https:\/\/shop.bazarcia.com\/en\/product\/figurinhas-para-whatsapp-colecao-costureiras\/","og_locale":"en_US","og_type":"article","og_title":"Figurinhas para WhatsApp | Cole\u00e7\u00e3o Costureiras","og_description":"? Transforme suas conversas com os seus clientes em momentos encantadores e personalizados com nosso pacote exclusivo de figurinhas artesanais!\u00a0","og_url":"https:\/\/shop.bazarcia.com\/en\/product\/figurinhas-para-whatsapp-colecao-costureiras\/","og_site_name":"\ud835\udc1b\ud835\udc1a\ud835\udc33\ud835\udc1a\ud835\udc2b &amp; \ud835\udc1c\ud835\udc22\ud835\udc1a","article_publisher":"https:\/\/www.facebook.com\/shopbazarcia","article_modified_time":"2024-08-28T20:04:03+00:00","og_image":[{"width":1080,"height":1080,"url":"https:\/\/shop.bazarcia.com\/wp-content\/uploads\/2023\/08\/figurinhas-COSTUREIRAS.jpg","type":"image\/jpeg"}],"twitter_card":"summary_large_image","twitter_misc":{"Est. reading time":"1 minute"},"schema":{"@context":"https:\/\/schema.org","@graph":[{"@type":"WebPage","@id":"https:\/\/shop.bazarcia.com\/produto\/figurinhas-para-whatsapp-colecao-costureiras\/","url":"https:\/\/shop.bazarcia.com\/produto\/figurinhas-para-whatsapp-colecao-costureiras\/","name":"Figurinhas para WhatsApp | Cole\u00e7\u00e3o Costureiras","isPartOf":{"@id":"https:\/\/shop.bazarcia.com\/#website"},"primaryImageOfPage":{"@id":"https:\/\/shop.bazarcia.com\/produto\/figurinhas-para-whatsapp-colecao-costureiras\/#primaryimage"},"image":{"@id":"https:\/\/shop.bazarcia.com\/produto\/figurinhas-para-whatsapp-colecao-costureiras\/#primaryimage"},"thumbnailUrl":"https:\/\/shop.bazarcia.com\/wp-content\/uploads\/2023\/08\/figurinhas-COSTUREIRAS.jpg","datePublished":"2023-08-21T12:31:17+00:00","dateModified":"2024-08-28T20:04:03+00:00","description":"? Transforme suas conversas com os seus clientes em momentos encantadores e personalizados com nosso pacote exclusivo de figurinhas artesanais!\u00a0","breadcrumb":{"@id":"https:\/\/shop.bazarcia.com\/produto\/figurinhas-para-whatsapp-colecao-costureiras\/#breadcrumb"},"inLanguage":"en-US","potentialAction":[{"@type":"ReadAction","target":["https:\/\/shop.bazarcia.com\/produto\/figurinhas-para-whatsapp-colecao-costureiras\/"]}]},{"@type":"ImageObject","inLanguage":"en-US","@id":"https:\/\/shop.bazarcia.com\/produto\/figurinhas-para-whatsapp-colecao-costureiras\/#primaryimage","url":"https:\/\/shop.bazarcia.com\/wp-content\/uploads\/2023\/08\/figurinhas-COSTUREIRAS.jpg","contentUrl":"https:\/\/shop.bazarcia.com\/wp-content\/uploads\/2023\/08\/figurinhas-COSTUREIRAS.jpg","width":1080,"height":1080},{"@type":"BreadcrumbList","@id":"https:\/\/shop.bazarcia.com\/produto\/figurinhas-para-whatsapp-colecao-costureiras\/#breadcrumb","itemListElement":[{"@type":"ListItem","position":1,"name":"In\u00edcio","item":"https:\/\/shop.bazarcia.com\/"},{"@type":"ListItem","position":2,"name":"Loja","item":"https:\/\/shop.bazarcia.com\/loja\/"},{"@type":"ListItem","position":3,"name":"Figurinhas para WhatsApp | Cole\u00e7\u00e3o Costureiras"}]},{"@type":"WebSite","@id":"https:\/\/shop.bazarcia.com\/#website","url":"https:\/\/shop.bazarcia.com\/","name":"Bazar & Cia","description":"criatividade ponto a ponto","publisher":{"@id":"https:\/\/shop.bazarcia.com\/#organization"},"potentialAction":[{"@type":"SearchAction","target":{"@type":"EntryPoint","urlTemplate":"https:\/\/shop.bazarcia.com\/?s={search_term_string}"},"query-input":{"@type":"PropertyValueSpecification","valueRequired":true,"valueName":"search_term_string"}}],"inLanguage":"en-US"},{"@type":"Organization","@id":"https:\/\/shop.bazarcia.com\/#organization","name":"Bazar & Cia","url":"https:\/\/shop.bazarcia.com\/","logo":{"@type":"ImageObject","inLanguage":"en-US","@id":"https:\/\/shop.bazarcia.com\/#\/schema\/logo\/image\/","url":"https:\/\/shop.bazarcia.com\/wp-content\/uploads\/2024\/02\/cropped-logo_bazarcia.png","contentUrl":"https:\/\/shop.bazarcia.com\/wp-content\/uploads\/2024\/02\/cropped-logo_bazarcia.png","width":150,"height":150,"caption":"Bazar & Cia"},"image":{"@id":"https:\/\/shop.bazarcia.com\/#\/schema\/logo\/image\/"},"sameAs":["https:\/\/www.facebook.com\/shopbazarcia","https:\/\/www.instagram.com\/shopbazarcia","https:\/\/br.pinterest.com\/suzane_eloise\/","https:\/\/www.youtube.com\/c\/BazardoBordadoMatrizeseProjetos"]}]}},"_links":{"self":[{"href":"https:\/\/shop.bazarcia.com\/en\/wp-json\/wp\/v2\/product\/243235","targetHints":{"allow":["GET"]}}],"collection":[{"href":"https:\/\/shop.bazarcia.com\/en\/wp-json\/wp\/v2\/product"}],"about":[{"href":"https:\/\/shop.bazarcia.com\/en\/wp-json\/wp\/v2\/types\/product"}],"replies":[{"embeddable":true,"href":"https:\/\/shop.bazarcia.com\/en\/wp-json\/wp\/v2\/comments?post=243235"}],"version-history":[{"count":3,"href":"https:\/\/shop.bazarcia.com\/en\/wp-json\/wp\/v2\/product\/243235\/revisions"}],"predecessor-version":[{"id":243239,"href":"https:\/\/shop.bazarcia.com\/en\/wp-json\/wp\/v2\/product\/243235\/revisions\/243239"}],"wp:featuredmedia":[{"embeddable":true,"href":"https:\/\/shop.bazarcia.com\/en\/wp-json\/wp\/v2\/media\/244126"}],"wp:attachment":[{"href":"https:\/\/shop.bazarcia.com\/en\/wp-json\/wp\/v2\/media?parent=243235"}],"wp:term":[{"taxonomy":"product_brand","embeddable":true,"href":"https:\/\/shop.bazarcia.com\/en\/wp-json\/wp\/v2\/product_brand?post=243235"},{"taxonomy":"product_cat","embeddable":true,"href":"https:\/\/shop.bazarcia.com\/en\/wp-json\/wp\/v2\/product_cat?post=243235"},{"taxonomy":"product_tag","embeddable":true,"href":"https:\/\/shop.bazarcia.com\/en\/wp-json\/wp\/v2\/product_tag?post=243235"}],"curies":[{"name":"wp","href":"https:\/\/api.w.org\/{rel}","templated":true}]}}