{"id":243871,"date":"2023-08-27T19:50:35","date_gmt":"2023-08-27T22:50:35","guid":{"rendered":"https:\/\/shop.bazarcia.com\/produto\/jogo-da-memoria-expressoes-arte-digital-2\/"},"modified":"2024-06-25T18:57:33","modified_gmt":"2024-06-25T21:57:33","slug":"jogo-da-memoria-expressoes-arte-digital-2","status":"publish","type":"product","link":"https:\/\/shop.bazarcia.com\/en\/product\/jogo-da-memoria-expressoes-arte-digital-2\/","title":{"rendered":"Jogo da Mem\u00f3ria Express\u00f5es \u2013 Arte Digital"},"content":{"rendered":"<p style=\"margin: 0px 0px 10px;font-size: 14px;letter-spacing: 0.005em;line-height: 1.9;color: #777777;font-family: 'Open Sans', sans-serif\">Antes de efetuar sua compra leia com aten\u00e7\u00e3o os Detalhes do Produto, e caso haja alguma d\u00favida entre em contato conosco atrav\u00e9s do nosso whatsapp ou email.<\/p>\n<p style=\"margin: 0px 0px 10px;font-size: 14px;letter-spacing: 0.005em;line-height: 1.9;color: #777777;font-family: 'Open Sans', sans-serif\">*ATEN\u00c7\u00c3O*<br style=\"margin-bottom: 0px\" \/>PRODUTO DIGITAL, DOWNLOAD IMEDIATO AP\u00d3S A CONFIRMA\u00c7\u00c3O DA COMPRA.<\/p>\n<p style=\"margin: 0px 0px 10px;font-size: 14px;letter-spacing: 0.005em;line-height: 1.9;color: #777777;font-family: 'Open Sans', sans-serif\">INFORMA\u00c7\u00d4ES SOBRE O ARQUIVO:<br \/>\nALTA RESOLU\u00c7\u00c3O 300 DPI<br \/>\nARQUIVO EM JPG<br \/>\nFORMATO para impress\u00e3o em folha A4, imagens em tamanho real<br style=\"margin-bottom: 0px\" \/>ESCALA DE COR: RGB (Obs: a cor da arte pode variar dependendo da tinta e\/ou papel e\/ou perfil de cores utilizados para a impress\u00e3o).<\/p>\n<p style=\"margin: 0px 0px 10px;font-size: 14px;letter-spacing: 0.005em;line-height: 1.9;color: #777777;font-family: 'Open Sans', sans-serif\">ARQUIVO N\u00c3O EDIT\u00c1VEL<\/p>\n<p style=\"margin: 0px 0px 10px;font-size: 14px;letter-spacing: 0.005em;line-height: 1.9;color: #777777;font-family: 'Open Sans', sans-serif\">ATEN\u00c7\u00c3O: escolha os produtos com aten\u00e7\u00e3o, pois uma vez que o produto tiver sido enviado, n\u00e3o \u00e9 permitido solicitar devolu\u00e7\u00e3o. Trabalhamos com produtos digitais, que n\u00e3o podem ser devolvidos.<br \/>\nUma vez que voc\u00ea finalizar a compra n\u00e3o haver\u00e1 possibilidade de devolu\u00e7\u00e3o do valor pago. Os itens que voc\u00ea ir\u00e1 receber est\u00e3o na descri\u00e7\u00e3o do produto apresentado nas imagens.<br style=\"margin-bottom: 0px\" \/>Por\u00e9m as cores podem variar de monitor para monitor e a fidelidade da impress\u00e3o depender\u00e1 da quantidade de tinta dispon\u00edvel nos cartuchos e da qualidade da impressora, assim como o perfil de cores da sua impressora sublim\u00e1tica.<\/p>\n<p style=\"margin: 0px 0px 10px;font-size: 14px;letter-spacing: 0.005em;line-height: 1.9;color: #777777;font-family: 'Open Sans', sans-serif\">Adquirindo nossas matrizes e projetos voc\u00ea se declara de acordo com nossos\u00a0<a style=\"color: #f03d5a;margin-bottom: 0px\" href=\"https:\/\/bordarebrincar.com.br\/termos-de-uso\/?swcfpc=1\" target=\"_blank\" rel=\"noopener\">TERMOS DE USO.<\/a><\/p>\n<p><span style=\"color: #777777;font-family: 'Open Sans', sans-serif;font-size: 14px;letter-spacing: 0.07px\">Acompanhe tamb\u00e9m nosso canal do\u00a0<\/span><a style=\"color: #f03d5a;margin-bottom: 0px\" href=\"https:\/\/www.youtube.com\/channel\/UCYRJKA_Zp9IEFH0JJAs39BQ\" target=\"_blank\" rel=\"noopener\">Youtube<\/a><span style=\"color: #777777;font-family: 'Open Sans', sans-serif;font-size: 14px;letter-spacing: 0.07px\">!<\/span><\/p>\n<p style=\"margin: 0px;font-size: 14px;letter-spacing: 0.005em;line-height: 1.9;color: #777777;font-family: 'Open Sans', sans-serif\">\u00c9 TOTALMENTE PROIBIDA A REVENDA E DISTRIBUI\u00c7\u00c3O DESSE PRODUTO!<\/p>","protected":false},"excerpt":{"rendered":"<p>Este arquivo cont\u00e9m uma imagem em tamanho A4, SUBLIM\u00c1VEL em FELTRO ou qualquer outro tecido de POLIESTER, para confec\u00e7\u00e3o do jogo da mem\u00f3ria, podendo ser usado em livros sensoriais ou de forma avulsa, auxiliando no desenvolvimento infantil de forma l\u00fadica e divertida.<\/p>\n<p>Sugest\u00e3o: assista ao v\u00eddeo logo abaixo do passo a passo do jogo do domin\u00f3 no youtube, passamos dicas importantes para essa confec\u00e7\u00e3o.<\/p>","protected":false},"featured_media":243864,"comment_status":"open","ping_status":"closed","template":"","meta":{"_acf_changed":false,"_joinchat":[]},"product_brand":[],"product_cat":[1115],"product_tag":[1433,1260,1521,1092,1432],"class_list":{"0":"post-243871","1":"product","2":"type-product","3":"status-publish","4":"has-post-thumbnail","6":"product_cat-sem-categoria","7":"product_tag-bordado-eletronico","8":"product_tag-costura","9":"product_tag-livro-do-bebe","10":"product_tag-maquina-de-bordado-brother-bp2150ldv","11":"product_tag-matrizes-de-bordado","13":"first","14":"instock","15":"downloadable","16":"virtual","17":"purchasable","18":"product-type-simple"},"acf":[],"yoast_head":"<!-- This site is optimized with the Yoast SEO plugin v27.2 - https:\/\/yoast.com\/product\/yoast-seo-wordpress\/ -->\n<title>Jogo da Mem\u00f3ria Express\u00f5es \u2013 Arte Digital - \ud835\udc1b\ud835\udc1a\ud835\udc33\ud835\udc1a\ud835\udc2b &amp; \ud835\udc1c\ud835\udc22\ud835\udc1a<\/title>\n<meta name=\"robots\" content=\"index, follow, max-snippet:-1, max-image-preview:large, max-video-preview:-1\" \/>\n<link rel=\"canonical\" href=\"https:\/\/shop.bazarcia.com\/en\/product\/jogo-da-memoria-expressoes-arte-digital-2\/\" \/>\n<meta property=\"og:locale\" content=\"en_US\" \/>\n<meta property=\"og:type\" content=\"article\" \/>\n<meta property=\"og:title\" content=\"Jogo da Mem\u00f3ria Express\u00f5es \u2013 Arte Digital - \ud835\udc1b\ud835\udc1a\ud835\udc33\ud835\udc1a\ud835\udc2b &amp; \ud835\udc1c\ud835\udc22\ud835\udc1a\" \/>\n<meta property=\"og:description\" content=\"Este arquivo cont\u00e9m uma imagem em tamanho A4, SUBLIM\u00c1VEL em FELTRO ou qualquer outro tecido de POLIESTER, para confec\u00e7\u00e3o do jogo da mem\u00f3ria, podendo ser usado em livros sensoriais ou de forma avulsa, auxiliando no desenvolvimento infantil de forma l\u00fadica e divertida.  Sugest\u00e3o: assista ao v\u00eddeo logo abaixo do passo a passo do jogo do domin\u00f3 no youtube, passamos dicas importantes para essa confec\u00e7\u00e3o.\" \/>\n<meta property=\"og:url\" content=\"https:\/\/shop.bazarcia.com\/en\/product\/jogo-da-memoria-expressoes-arte-digital-2\/\" \/>\n<meta property=\"og:site_name\" content=\"\ud835\udc1b\ud835\udc1a\ud835\udc33\ud835\udc1a\ud835\udc2b &amp; \ud835\udc1c\ud835\udc22\ud835\udc1a\" \/>\n<meta property=\"article:publisher\" content=\"https:\/\/www.facebook.com\/shopbazarcia\" \/>\n<meta property=\"article:modified_time\" content=\"2024-06-25T21:57:33+00:00\" \/>\n<meta property=\"og:image\" content=\"https:\/\/shop.bazarcia.com\/wp-content\/uploads\/2023\/08\/3-26.jpg\" \/>\n\t<meta property=\"og:image:width\" content=\"1080\" \/>\n\t<meta property=\"og:image:height\" content=\"1080\" \/>\n\t<meta property=\"og:image:type\" content=\"image\/jpeg\" \/>\n<meta name=\"twitter:card\" content=\"summary_large_image\" \/>\n<meta name=\"twitter:label1\" content=\"Est. reading time\" \/>\n\t<meta name=\"twitter:data1\" content=\"1 minute\" \/>\n<script type=\"application\/ld+json\" class=\"yoast-schema-graph\">{\"@context\":\"https:\/\/schema.org\",\"@graph\":[{\"@type\":\"WebPage\",\"@id\":\"https:\/\/shop.bazarcia.com\/produto\/jogo-da-memoria-expressoes-arte-digital-2\/\",\"url\":\"https:\/\/shop.bazarcia.com\/produto\/jogo-da-memoria-expressoes-arte-digital-2\/\",\"name\":\"Jogo da Mem\u00f3ria Express\u00f5es \u2013 Arte Digital - \ud835\udc1b\ud835\udc1a\ud835\udc33\ud835\udc1a\ud835\udc2b &amp; \ud835\udc1c\ud835\udc22\ud835\udc1a\",\"isPartOf\":{\"@id\":\"https:\/\/shop.bazarcia.com\/#website\"},\"primaryImageOfPage\":{\"@id\":\"https:\/\/shop.bazarcia.com\/produto\/jogo-da-memoria-expressoes-arte-digital-2\/#primaryimage\"},\"image\":{\"@id\":\"https:\/\/shop.bazarcia.com\/produto\/jogo-da-memoria-expressoes-arte-digital-2\/#primaryimage\"},\"thumbnailUrl\":\"https:\/\/shop.bazarcia.com\/wp-content\/uploads\/2023\/08\/3-26.jpg\",\"datePublished\":\"2023-08-27T22:50:35+00:00\",\"dateModified\":\"2024-06-25T21:57:33+00:00\",\"breadcrumb\":{\"@id\":\"https:\/\/shop.bazarcia.com\/produto\/jogo-da-memoria-expressoes-arte-digital-2\/#breadcrumb\"},\"inLanguage\":\"en-US\",\"potentialAction\":[{\"@type\":\"ReadAction\",\"target\":[\"https:\/\/shop.bazarcia.com\/produto\/jogo-da-memoria-expressoes-arte-digital-2\/\"]}]},{\"@type\":\"ImageObject\",\"inLanguage\":\"en-US\",\"@id\":\"https:\/\/shop.bazarcia.com\/produto\/jogo-da-memoria-expressoes-arte-digital-2\/#primaryimage\",\"url\":\"https:\/\/shop.bazarcia.com\/wp-content\/uploads\/2023\/08\/3-26.jpg\",\"contentUrl\":\"https:\/\/shop.bazarcia.com\/wp-content\/uploads\/2023\/08\/3-26.jpg\",\"width\":1080,\"height\":1080},{\"@type\":\"BreadcrumbList\",\"@id\":\"https:\/\/shop.bazarcia.com\/produto\/jogo-da-memoria-expressoes-arte-digital-2\/#breadcrumb\",\"itemListElement\":[{\"@type\":\"ListItem\",\"position\":1,\"name\":\"In\u00edcio\",\"item\":\"https:\/\/shop.bazarcia.com\/\"},{\"@type\":\"ListItem\",\"position\":2,\"name\":\"Loja\",\"item\":\"https:\/\/shop.bazarcia.com\/loja\/\"},{\"@type\":\"ListItem\",\"position\":3,\"name\":\"Jogo da Mem\u00f3ria Express\u00f5es \u2013 Arte Digital\"}]},{\"@type\":\"WebSite\",\"@id\":\"https:\/\/shop.bazarcia.com\/#website\",\"url\":\"https:\/\/shop.bazarcia.com\/\",\"name\":\"Bazar & Cia\",\"description\":\"criatividade ponto a ponto\",\"publisher\":{\"@id\":\"https:\/\/shop.bazarcia.com\/#organization\"},\"potentialAction\":[{\"@type\":\"SearchAction\",\"target\":{\"@type\":\"EntryPoint\",\"urlTemplate\":\"https:\/\/shop.bazarcia.com\/?s={search_term_string}\"},\"query-input\":{\"@type\":\"PropertyValueSpecification\",\"valueRequired\":true,\"valueName\":\"search_term_string\"}}],\"inLanguage\":\"en-US\"},{\"@type\":\"Organization\",\"@id\":\"https:\/\/shop.bazarcia.com\/#organization\",\"name\":\"Bazar & Cia\",\"url\":\"https:\/\/shop.bazarcia.com\/\",\"logo\":{\"@type\":\"ImageObject\",\"inLanguage\":\"en-US\",\"@id\":\"https:\/\/shop.bazarcia.com\/#\/schema\/logo\/image\/\",\"url\":\"https:\/\/shop.bazarcia.com\/wp-content\/uploads\/2024\/02\/cropped-logo_bazarcia.png\",\"contentUrl\":\"https:\/\/shop.bazarcia.com\/wp-content\/uploads\/2024\/02\/cropped-logo_bazarcia.png\",\"width\":150,\"height\":150,\"caption\":\"Bazar & Cia\"},\"image\":{\"@id\":\"https:\/\/shop.bazarcia.com\/#\/schema\/logo\/image\/\"},\"sameAs\":[\"https:\/\/www.facebook.com\/shopbazarcia\",\"https:\/\/www.instagram.com\/shopbazarcia\",\"https:\/\/br.pinterest.com\/suzane_eloise\/\",\"https:\/\/www.youtube.com\/c\/BazardoBordadoMatrizeseProjetos\"]}]}<\/script>\n<!-- \/ Yoast SEO plugin. -->","yoast_head_json":{"title":"Jogo da Mem\u00f3ria Express\u00f5es \u2013 Arte Digital - \ud835\udc1b\ud835\udc1a\ud835\udc33\ud835\udc1a\ud835\udc2b &amp; \ud835\udc1c\ud835\udc22\ud835\udc1a","robots":{"index":"index","follow":"follow","max-snippet":"max-snippet:-1","max-image-preview":"max-image-preview:large","max-video-preview":"max-video-preview:-1"},"canonical":"https:\/\/shop.bazarcia.com\/en\/product\/jogo-da-memoria-expressoes-arte-digital-2\/","og_locale":"en_US","og_type":"article","og_title":"Jogo da Mem\u00f3ria Express\u00f5es \u2013 Arte Digital - \ud835\udc1b\ud835\udc1a\ud835\udc33\ud835\udc1a\ud835\udc2b &amp; \ud835\udc1c\ud835\udc22\ud835\udc1a","og_description":"Este arquivo cont\u00e9m uma imagem em tamanho A4, SUBLIM\u00c1VEL em FELTRO ou qualquer outro tecido de POLIESTER, para confec\u00e7\u00e3o do jogo da mem\u00f3ria, podendo ser usado em livros sensoriais ou de forma avulsa, auxiliando no desenvolvimento infantil de forma l\u00fadica e divertida.  Sugest\u00e3o: assista ao v\u00eddeo logo abaixo do passo a passo do jogo do domin\u00f3 no youtube, passamos dicas importantes para essa confec\u00e7\u00e3o.","og_url":"https:\/\/shop.bazarcia.com\/en\/product\/jogo-da-memoria-expressoes-arte-digital-2\/","og_site_name":"\ud835\udc1b\ud835\udc1a\ud835\udc33\ud835\udc1a\ud835\udc2b &amp; \ud835\udc1c\ud835\udc22\ud835\udc1a","article_publisher":"https:\/\/www.facebook.com\/shopbazarcia","article_modified_time":"2024-06-25T21:57:33+00:00","og_image":[{"width":1080,"height":1080,"url":"https:\/\/shop.bazarcia.com\/wp-content\/uploads\/2023\/08\/3-26.jpg","type":"image\/jpeg"}],"twitter_card":"summary_large_image","twitter_misc":{"Est. reading time":"1 minute"},"schema":{"@context":"https:\/\/schema.org","@graph":[{"@type":"WebPage","@id":"https:\/\/shop.bazarcia.com\/produto\/jogo-da-memoria-expressoes-arte-digital-2\/","url":"https:\/\/shop.bazarcia.com\/produto\/jogo-da-memoria-expressoes-arte-digital-2\/","name":"Jogo da Mem\u00f3ria Express\u00f5es \u2013 Arte Digital - \ud835\udc1b\ud835\udc1a\ud835\udc33\ud835\udc1a\ud835\udc2b &amp; \ud835\udc1c\ud835\udc22\ud835\udc1a","isPartOf":{"@id":"https:\/\/shop.bazarcia.com\/#website"},"primaryImageOfPage":{"@id":"https:\/\/shop.bazarcia.com\/produto\/jogo-da-memoria-expressoes-arte-digital-2\/#primaryimage"},"image":{"@id":"https:\/\/shop.bazarcia.com\/produto\/jogo-da-memoria-expressoes-arte-digital-2\/#primaryimage"},"thumbnailUrl":"https:\/\/shop.bazarcia.com\/wp-content\/uploads\/2023\/08\/3-26.jpg","datePublished":"2023-08-27T22:50:35+00:00","dateModified":"2024-06-25T21:57:33+00:00","breadcrumb":{"@id":"https:\/\/shop.bazarcia.com\/produto\/jogo-da-memoria-expressoes-arte-digital-2\/#breadcrumb"},"inLanguage":"en-US","potentialAction":[{"@type":"ReadAction","target":["https:\/\/shop.bazarcia.com\/produto\/jogo-da-memoria-expressoes-arte-digital-2\/"]}]},{"@type":"ImageObject","inLanguage":"en-US","@id":"https:\/\/shop.bazarcia.com\/produto\/jogo-da-memoria-expressoes-arte-digital-2\/#primaryimage","url":"https:\/\/shop.bazarcia.com\/wp-content\/uploads\/2023\/08\/3-26.jpg","contentUrl":"https:\/\/shop.bazarcia.com\/wp-content\/uploads\/2023\/08\/3-26.jpg","width":1080,"height":1080},{"@type":"BreadcrumbList","@id":"https:\/\/shop.bazarcia.com\/produto\/jogo-da-memoria-expressoes-arte-digital-2\/#breadcrumb","itemListElement":[{"@type":"ListItem","position":1,"name":"In\u00edcio","item":"https:\/\/shop.bazarcia.com\/"},{"@type":"ListItem","position":2,"name":"Loja","item":"https:\/\/shop.bazarcia.com\/loja\/"},{"@type":"ListItem","position":3,"name":"Jogo da Mem\u00f3ria Express\u00f5es \u2013 Arte Digital"}]},{"@type":"WebSite","@id":"https:\/\/shop.bazarcia.com\/#website","url":"https:\/\/shop.bazarcia.com\/","name":"Bazar & Cia","description":"criatividade ponto a ponto","publisher":{"@id":"https:\/\/shop.bazarcia.com\/#organization"},"potentialAction":[{"@type":"SearchAction","target":{"@type":"EntryPoint","urlTemplate":"https:\/\/shop.bazarcia.com\/?s={search_term_string}"},"query-input":{"@type":"PropertyValueSpecification","valueRequired":true,"valueName":"search_term_string"}}],"inLanguage":"en-US"},{"@type":"Organization","@id":"https:\/\/shop.bazarcia.com\/#organization","name":"Bazar & Cia","url":"https:\/\/shop.bazarcia.com\/","logo":{"@type":"ImageObject","inLanguage":"en-US","@id":"https:\/\/shop.bazarcia.com\/#\/schema\/logo\/image\/","url":"https:\/\/shop.bazarcia.com\/wp-content\/uploads\/2024\/02\/cropped-logo_bazarcia.png","contentUrl":"https:\/\/shop.bazarcia.com\/wp-content\/uploads\/2024\/02\/cropped-logo_bazarcia.png","width":150,"height":150,"caption":"Bazar & Cia"},"image":{"@id":"https:\/\/shop.bazarcia.com\/#\/schema\/logo\/image\/"},"sameAs":["https:\/\/www.facebook.com\/shopbazarcia","https:\/\/www.instagram.com\/shopbazarcia","https:\/\/br.pinterest.com\/suzane_eloise\/","https:\/\/www.youtube.com\/c\/BazardoBordadoMatrizeseProjetos"]}]}},"_links":{"self":[{"href":"https:\/\/shop.bazarcia.com\/en\/wp-json\/wp\/v2\/product\/243871","targetHints":{"allow":["GET"]}}],"collection":[{"href":"https:\/\/shop.bazarcia.com\/en\/wp-json\/wp\/v2\/product"}],"about":[{"href":"https:\/\/shop.bazarcia.com\/en\/wp-json\/wp\/v2\/types\/product"}],"replies":[{"embeddable":true,"href":"https:\/\/shop.bazarcia.com\/en\/wp-json\/wp\/v2\/comments?post=243871"}],"version-history":[{"count":2,"href":"https:\/\/shop.bazarcia.com\/en\/wp-json\/wp\/v2\/product\/243871\/revisions"}],"predecessor-version":[{"id":281447,"href":"https:\/\/shop.bazarcia.com\/en\/wp-json\/wp\/v2\/product\/243871\/revisions\/281447"}],"wp:featuredmedia":[{"embeddable":true,"href":"https:\/\/shop.bazarcia.com\/en\/wp-json\/wp\/v2\/media\/243864"}],"wp:attachment":[{"href":"https:\/\/shop.bazarcia.com\/en\/wp-json\/wp\/v2\/media?parent=243871"}],"wp:term":[{"taxonomy":"product_brand","embeddable":true,"href":"https:\/\/shop.bazarcia.com\/en\/wp-json\/wp\/v2\/product_brand?post=243871"},{"taxonomy":"product_cat","embeddable":true,"href":"https:\/\/shop.bazarcia.com\/en\/wp-json\/wp\/v2\/product_cat?post=243871"},{"taxonomy":"product_tag","embeddable":true,"href":"https:\/\/shop.bazarcia.com\/en\/wp-json\/wp\/v2\/product_tag?post=243871"}],"curies":[{"name":"wp","href":"https:\/\/api.w.org\/{rel}","templated":true}]}}