{"id":245296,"date":"2023-09-10T14:12:08","date_gmt":"2023-09-10T17:12:08","guid":{"rendered":"https:\/\/shop.bazarcia.com\/produto\/matrizes-de-bordados-albabeto-floral-com-borboleta-dani-faitanin\/"},"modified":"2023-09-10T14:22:30","modified_gmt":"2023-09-10T17:22:30","slug":"matrizes-de-bordados-albabeto-floral-com-borboleta-dani-faitanin","status":"publish","type":"product","link":"https:\/\/shop.bazarcia.com\/en\/product\/matrizes-de-bordados-albabeto-floral-com-borboleta-dani-faitanin\/","title":{"rendered":"MATRIZES DE BORDADOS &#8211; ALBABETO FLORAL com BORBOLETA &#8211; DANI FAITANIN"},"content":{"rendered":"<p><strong>ALBABETO FLORAL com BORBOLETA &#8211; DANI FAITANIN<\/strong><\/p>\n<p>Matriz para bordado em pontos leves, f\u00e1ceis de bordar.<\/p>\n<p>Alfabeto completo nos tamanhos de 10 e 13cm de altura com alturas proporcionais.<\/p>\n<p>Consultar tamanhos e detalhes nas imagens.<\/p>\n<p>Os arquivos s\u00e3o compat\u00edveis com v\u00e1rios tipos e modelos de m\u00e1quinas, com os seguintes formatos: PES \u2013 JEF \u2013 EXP \u2013 DST- XXX \u2013 HUS<\/p>\n<p><em>Aten\u00e7\u00e3o: Produto vendido de forma digital, n\u00e3o f\u00edsica.<\/em><\/p>\n<p>Os arquivos estar\u00e3o dispon\u00edveis para download aqui mesmo na sua conta no site ap\u00f3s confirma\u00e7\u00e3o do pagamento. (N\u00e3o ser\u00e3o enviados por e-mail!)<\/p>\n<p>Os arquivos est\u00e3o em pasta compactada (ZIP), sendo necess\u00e1rio descompact\u00e1-la.<\/p>\n<p><strong>Adquirindo nossas matrizes e projetos voc\u00ea se declara de acordo com nossos termos e condi\u00e7\u00f5es.<\/strong><\/p>","protected":false},"excerpt":{"rendered":"<p>ALBABETO FLORAL com BORBOLETA &#8211; DANI FAITANIN<\/p>\n<p>Matriz para bordado em pontos leves, f\u00e1ceis de bordar.<\/p>\n<p>Alfabeto completo nos tamanhos de 10 e 13cm de altura com alturas proporcionais.<\/p>\n<p>Consultar tamanhos e detalhes nas imagens.<\/p>\n<p>Os arquivos s\u00e3o compat\u00edveis com v\u00e1rios tipos e modelos de m\u00e1quinas, com os seguintes formatos: PES \u2013 JEF \u2013 EXP \u2013 DST- XXX \u2013 HUS<\/p>\n<p>Aten\u00e7\u00e3o: Produto vendido de forma digital, n\u00e3o f\u00edsica.<\/p>","protected":false},"featured_media":245293,"comment_status":"open","ping_status":"closed","template":"","meta":{"_acf_changed":false,"_joinchat":[]},"product_brand":[],"product_cat":[277,122,321,84,302],"product_tag":[1090,1430],"class_list":{"0":"post-245296","1":"product","2":"type-product","3":"status-publish","4":"has-post-thumbnail","6":"product_cat-alfabetos","7":"product_cat-matrizes-de-bordado-animais","8":"product_cat-borboletas","9":"product_cat-matrizes-de-bordado","10":"product_cat-matrizes-de-bordado-3d","11":"product_tag-maquina-de-bordar","12":"product_tag-matriz-de-bordado","14":"first","15":"instock","16":"downloadable","17":"virtual","18":"purchasable","19":"product-type-simple"},"acf":[],"yoast_head":"<!-- This site is optimized with the Yoast SEO plugin v27.2 - https:\/\/yoast.com\/product\/yoast-seo-wordpress\/ -->\n<title>MATRIZES DE BORDADOS - ALBABETO FLORAL com BORBOLETA - DANI FAITANIN - \ud835\udc1b\ud835\udc1a\ud835\udc33\ud835\udc1a\ud835\udc2b &amp; \ud835\udc1c\ud835\udc22\ud835\udc1a<\/title>\n<meta name=\"robots\" content=\"index, follow, max-snippet:-1, max-image-preview:large, max-video-preview:-1\" \/>\n<link rel=\"canonical\" href=\"https:\/\/shop.bazarcia.com\/en\/product\/matrizes-de-bordados-albabeto-floral-com-borboleta-dani-faitanin\/\" \/>\n<meta property=\"og:locale\" content=\"en_US\" \/>\n<meta property=\"og:type\" content=\"article\" \/>\n<meta property=\"og:title\" content=\"MATRIZES DE BORDADOS - ALBABETO FLORAL com BORBOLETA - DANI FAITANIN - \ud835\udc1b\ud835\udc1a\ud835\udc33\ud835\udc1a\ud835\udc2b &amp; \ud835\udc1c\ud835\udc22\ud835\udc1a\" \/>\n<meta property=\"og:description\" content=\"ALBABETO FLORAL com BORBOLETA - DANI FAITANIN  Matriz para bordado em pontos leves, f\u00e1ceis de bordar.  Alfabeto completo nos tamanhos de 10 e 13cm de altura com alturas proporcionais.  Consultar tamanhos e detalhes nas imagens.  Os arquivos s\u00e3o compat\u00edveis com v\u00e1rios tipos e modelos de m\u00e1quinas, com os seguintes formatos: PES \u2013 JEF \u2013 EXP \u2013 DST- XXX \u2013 HUS  Aten\u00e7\u00e3o: Produto vendido de forma digital, n\u00e3o f\u00edsica.\" \/>\n<meta property=\"og:url\" content=\"https:\/\/shop.bazarcia.com\/en\/product\/matrizes-de-bordados-albabeto-floral-com-borboleta-dani-faitanin\/\" \/>\n<meta property=\"og:site_name\" content=\"\ud835\udc1b\ud835\udc1a\ud835\udc33\ud835\udc1a\ud835\udc2b &amp; \ud835\udc1c\ud835\udc22\ud835\udc1a\" \/>\n<meta property=\"article:publisher\" content=\"https:\/\/www.facebook.com\/shopbazarcia\" \/>\n<meta property=\"article:modified_time\" content=\"2023-09-10T17:22:30+00:00\" \/>\n<meta property=\"og:image\" content=\"https:\/\/shop.bazarcia.com\/wp-content\/uploads\/2023\/09\/a.png\" \/>\n\t<meta property=\"og:image:width\" content=\"1084\" \/>\n\t<meta property=\"og:image:height\" content=\"1354\" \/>\n\t<meta property=\"og:image:type\" content=\"image\/png\" \/>\n<meta name=\"twitter:card\" content=\"summary_large_image\" \/>\n<meta name=\"twitter:label1\" content=\"Est. reading time\" \/>\n\t<meta name=\"twitter:data1\" content=\"1 minute\" \/>\n<script type=\"application\/ld+json\" class=\"yoast-schema-graph\">{\"@context\":\"https:\/\/schema.org\",\"@graph\":[{\"@type\":\"WebPage\",\"@id\":\"https:\/\/shop.bazarcia.com\/produto\/matrizes-de-bordados-albabeto-floral-com-borboleta-dani-faitanin\/\",\"url\":\"https:\/\/shop.bazarcia.com\/produto\/matrizes-de-bordados-albabeto-floral-com-borboleta-dani-faitanin\/\",\"name\":\"MATRIZES DE BORDADOS - ALBABETO FLORAL com BORBOLETA - DANI FAITANIN - \ud835\udc1b\ud835\udc1a\ud835\udc33\ud835\udc1a\ud835\udc2b &amp; \ud835\udc1c\ud835\udc22\ud835\udc1a\",\"isPartOf\":{\"@id\":\"https:\/\/shop.bazarcia.com\/#website\"},\"primaryImageOfPage\":{\"@id\":\"https:\/\/shop.bazarcia.com\/produto\/matrizes-de-bordados-albabeto-floral-com-borboleta-dani-faitanin\/#primaryimage\"},\"image\":{\"@id\":\"https:\/\/shop.bazarcia.com\/produto\/matrizes-de-bordados-albabeto-floral-com-borboleta-dani-faitanin\/#primaryimage\"},\"thumbnailUrl\":\"https:\/\/shop.bazarcia.com\/wp-content\/uploads\/2023\/09\/a.png\",\"datePublished\":\"2023-09-10T17:12:08+00:00\",\"dateModified\":\"2023-09-10T17:22:30+00:00\",\"breadcrumb\":{\"@id\":\"https:\/\/shop.bazarcia.com\/produto\/matrizes-de-bordados-albabeto-floral-com-borboleta-dani-faitanin\/#breadcrumb\"},\"inLanguage\":\"en-US\",\"potentialAction\":[{\"@type\":\"ReadAction\",\"target\":[\"https:\/\/shop.bazarcia.com\/produto\/matrizes-de-bordados-albabeto-floral-com-borboleta-dani-faitanin\/\"]}]},{\"@type\":\"ImageObject\",\"inLanguage\":\"en-US\",\"@id\":\"https:\/\/shop.bazarcia.com\/produto\/matrizes-de-bordados-albabeto-floral-com-borboleta-dani-faitanin\/#primaryimage\",\"url\":\"https:\/\/shop.bazarcia.com\/wp-content\/uploads\/2023\/09\/a.png\",\"contentUrl\":\"https:\/\/shop.bazarcia.com\/wp-content\/uploads\/2023\/09\/a.png\",\"width\":1084,\"height\":1354},{\"@type\":\"BreadcrumbList\",\"@id\":\"https:\/\/shop.bazarcia.com\/produto\/matrizes-de-bordados-albabeto-floral-com-borboleta-dani-faitanin\/#breadcrumb\",\"itemListElement\":[{\"@type\":\"ListItem\",\"position\":1,\"name\":\"In\u00edcio\",\"item\":\"https:\/\/shop.bazarcia.com\/\"},{\"@type\":\"ListItem\",\"position\":2,\"name\":\"Loja\",\"item\":\"https:\/\/shop.bazarcia.com\/loja\/\"},{\"@type\":\"ListItem\",\"position\":3,\"name\":\"MATRIZES DE BORDADOS &#8211; ALBABETO FLORAL com BORBOLETA &#8211; DANI FAITANIN\"}]},{\"@type\":\"WebSite\",\"@id\":\"https:\/\/shop.bazarcia.com\/#website\",\"url\":\"https:\/\/shop.bazarcia.com\/\",\"name\":\"Bazar & Cia\",\"description\":\"criatividade ponto a ponto\",\"publisher\":{\"@id\":\"https:\/\/shop.bazarcia.com\/#organization\"},\"potentialAction\":[{\"@type\":\"SearchAction\",\"target\":{\"@type\":\"EntryPoint\",\"urlTemplate\":\"https:\/\/shop.bazarcia.com\/?s={search_term_string}\"},\"query-input\":{\"@type\":\"PropertyValueSpecification\",\"valueRequired\":true,\"valueName\":\"search_term_string\"}}],\"inLanguage\":\"en-US\"},{\"@type\":\"Organization\",\"@id\":\"https:\/\/shop.bazarcia.com\/#organization\",\"name\":\"Bazar & Cia\",\"url\":\"https:\/\/shop.bazarcia.com\/\",\"logo\":{\"@type\":\"ImageObject\",\"inLanguage\":\"en-US\",\"@id\":\"https:\/\/shop.bazarcia.com\/#\/schema\/logo\/image\/\",\"url\":\"https:\/\/shop.bazarcia.com\/wp-content\/uploads\/2024\/02\/cropped-logo_bazarcia.png\",\"contentUrl\":\"https:\/\/shop.bazarcia.com\/wp-content\/uploads\/2024\/02\/cropped-logo_bazarcia.png\",\"width\":150,\"height\":150,\"caption\":\"Bazar & Cia\"},\"image\":{\"@id\":\"https:\/\/shop.bazarcia.com\/#\/schema\/logo\/image\/\"},\"sameAs\":[\"https:\/\/www.facebook.com\/shopbazarcia\",\"https:\/\/www.instagram.com\/shopbazarcia\",\"https:\/\/br.pinterest.com\/suzane_eloise\/\",\"https:\/\/www.youtube.com\/c\/BazardoBordadoMatrizeseProjetos\"]}]}<\/script>\n<!-- \/ Yoast SEO plugin. -->","yoast_head_json":{"title":"MATRIZES DE BORDADOS - ALBABETO FLORAL com BORBOLETA - DANI FAITANIN - \ud835\udc1b\ud835\udc1a\ud835\udc33\ud835\udc1a\ud835\udc2b &amp; \ud835\udc1c\ud835\udc22\ud835\udc1a","robots":{"index":"index","follow":"follow","max-snippet":"max-snippet:-1","max-image-preview":"max-image-preview:large","max-video-preview":"max-video-preview:-1"},"canonical":"https:\/\/shop.bazarcia.com\/en\/product\/matrizes-de-bordados-albabeto-floral-com-borboleta-dani-faitanin\/","og_locale":"en_US","og_type":"article","og_title":"MATRIZES DE BORDADOS - ALBABETO FLORAL com BORBOLETA - DANI FAITANIN - \ud835\udc1b\ud835\udc1a\ud835\udc33\ud835\udc1a\ud835\udc2b &amp; \ud835\udc1c\ud835\udc22\ud835\udc1a","og_description":"ALBABETO FLORAL com BORBOLETA - DANI FAITANIN  Matriz para bordado em pontos leves, f\u00e1ceis de bordar.  Alfabeto completo nos tamanhos de 10 e 13cm de altura com alturas proporcionais.  Consultar tamanhos e detalhes nas imagens.  Os arquivos s\u00e3o compat\u00edveis com v\u00e1rios tipos e modelos de m\u00e1quinas, com os seguintes formatos: PES \u2013 JEF \u2013 EXP \u2013 DST- XXX \u2013 HUS  Aten\u00e7\u00e3o: Produto vendido de forma digital, n\u00e3o f\u00edsica.","og_url":"https:\/\/shop.bazarcia.com\/en\/product\/matrizes-de-bordados-albabeto-floral-com-borboleta-dani-faitanin\/","og_site_name":"\ud835\udc1b\ud835\udc1a\ud835\udc33\ud835\udc1a\ud835\udc2b &amp; \ud835\udc1c\ud835\udc22\ud835\udc1a","article_publisher":"https:\/\/www.facebook.com\/shopbazarcia","article_modified_time":"2023-09-10T17:22:30+00:00","og_image":[{"width":1084,"height":1354,"url":"https:\/\/shop.bazarcia.com\/wp-content\/uploads\/2023\/09\/a.png","type":"image\/png"}],"twitter_card":"summary_large_image","twitter_misc":{"Est. reading time":"1 minute"},"schema":{"@context":"https:\/\/schema.org","@graph":[{"@type":"WebPage","@id":"https:\/\/shop.bazarcia.com\/produto\/matrizes-de-bordados-albabeto-floral-com-borboleta-dani-faitanin\/","url":"https:\/\/shop.bazarcia.com\/produto\/matrizes-de-bordados-albabeto-floral-com-borboleta-dani-faitanin\/","name":"MATRIZES DE BORDADOS - ALBABETO FLORAL com BORBOLETA - DANI FAITANIN - \ud835\udc1b\ud835\udc1a\ud835\udc33\ud835\udc1a\ud835\udc2b &amp; \ud835\udc1c\ud835\udc22\ud835\udc1a","isPartOf":{"@id":"https:\/\/shop.bazarcia.com\/#website"},"primaryImageOfPage":{"@id":"https:\/\/shop.bazarcia.com\/produto\/matrizes-de-bordados-albabeto-floral-com-borboleta-dani-faitanin\/#primaryimage"},"image":{"@id":"https:\/\/shop.bazarcia.com\/produto\/matrizes-de-bordados-albabeto-floral-com-borboleta-dani-faitanin\/#primaryimage"},"thumbnailUrl":"https:\/\/shop.bazarcia.com\/wp-content\/uploads\/2023\/09\/a.png","datePublished":"2023-09-10T17:12:08+00:00","dateModified":"2023-09-10T17:22:30+00:00","breadcrumb":{"@id":"https:\/\/shop.bazarcia.com\/produto\/matrizes-de-bordados-albabeto-floral-com-borboleta-dani-faitanin\/#breadcrumb"},"inLanguage":"en-US","potentialAction":[{"@type":"ReadAction","target":["https:\/\/shop.bazarcia.com\/produto\/matrizes-de-bordados-albabeto-floral-com-borboleta-dani-faitanin\/"]}]},{"@type":"ImageObject","inLanguage":"en-US","@id":"https:\/\/shop.bazarcia.com\/produto\/matrizes-de-bordados-albabeto-floral-com-borboleta-dani-faitanin\/#primaryimage","url":"https:\/\/shop.bazarcia.com\/wp-content\/uploads\/2023\/09\/a.png","contentUrl":"https:\/\/shop.bazarcia.com\/wp-content\/uploads\/2023\/09\/a.png","width":1084,"height":1354},{"@type":"BreadcrumbList","@id":"https:\/\/shop.bazarcia.com\/produto\/matrizes-de-bordados-albabeto-floral-com-borboleta-dani-faitanin\/#breadcrumb","itemListElement":[{"@type":"ListItem","position":1,"name":"In\u00edcio","item":"https:\/\/shop.bazarcia.com\/"},{"@type":"ListItem","position":2,"name":"Loja","item":"https:\/\/shop.bazarcia.com\/loja\/"},{"@type":"ListItem","position":3,"name":"MATRIZES DE BORDADOS &#8211; ALBABETO FLORAL com BORBOLETA &#8211; DANI FAITANIN"}]},{"@type":"WebSite","@id":"https:\/\/shop.bazarcia.com\/#website","url":"https:\/\/shop.bazarcia.com\/","name":"Bazar & Cia","description":"criatividade ponto a ponto","publisher":{"@id":"https:\/\/shop.bazarcia.com\/#organization"},"potentialAction":[{"@type":"SearchAction","target":{"@type":"EntryPoint","urlTemplate":"https:\/\/shop.bazarcia.com\/?s={search_term_string}"},"query-input":{"@type":"PropertyValueSpecification","valueRequired":true,"valueName":"search_term_string"}}],"inLanguage":"en-US"},{"@type":"Organization","@id":"https:\/\/shop.bazarcia.com\/#organization","name":"Bazar & Cia","url":"https:\/\/shop.bazarcia.com\/","logo":{"@type":"ImageObject","inLanguage":"en-US","@id":"https:\/\/shop.bazarcia.com\/#\/schema\/logo\/image\/","url":"https:\/\/shop.bazarcia.com\/wp-content\/uploads\/2024\/02\/cropped-logo_bazarcia.png","contentUrl":"https:\/\/shop.bazarcia.com\/wp-content\/uploads\/2024\/02\/cropped-logo_bazarcia.png","width":150,"height":150,"caption":"Bazar & Cia"},"image":{"@id":"https:\/\/shop.bazarcia.com\/#\/schema\/logo\/image\/"},"sameAs":["https:\/\/www.facebook.com\/shopbazarcia","https:\/\/www.instagram.com\/shopbazarcia","https:\/\/br.pinterest.com\/suzane_eloise\/","https:\/\/www.youtube.com\/c\/BazardoBordadoMatrizeseProjetos"]}]}},"_links":{"self":[{"href":"https:\/\/shop.bazarcia.com\/en\/wp-json\/wp\/v2\/product\/245296","targetHints":{"allow":["GET"]}}],"collection":[{"href":"https:\/\/shop.bazarcia.com\/en\/wp-json\/wp\/v2\/product"}],"about":[{"href":"https:\/\/shop.bazarcia.com\/en\/wp-json\/wp\/v2\/types\/product"}],"replies":[{"embeddable":true,"href":"https:\/\/shop.bazarcia.com\/en\/wp-json\/wp\/v2\/comments?post=245296"}],"version-history":[{"count":2,"href":"https:\/\/shop.bazarcia.com\/en\/wp-json\/wp\/v2\/product\/245296\/revisions"}],"predecessor-version":[{"id":245305,"href":"https:\/\/shop.bazarcia.com\/en\/wp-json\/wp\/v2\/product\/245296\/revisions\/245305"}],"wp:featuredmedia":[{"embeddable":true,"href":"https:\/\/shop.bazarcia.com\/en\/wp-json\/wp\/v2\/media\/245293"}],"wp:attachment":[{"href":"https:\/\/shop.bazarcia.com\/en\/wp-json\/wp\/v2\/media?parent=245296"}],"wp:term":[{"taxonomy":"product_brand","embeddable":true,"href":"https:\/\/shop.bazarcia.com\/en\/wp-json\/wp\/v2\/product_brand?post=245296"},{"taxonomy":"product_cat","embeddable":true,"href":"https:\/\/shop.bazarcia.com\/en\/wp-json\/wp\/v2\/product_cat?post=245296"},{"taxonomy":"product_tag","embeddable":true,"href":"https:\/\/shop.bazarcia.com\/en\/wp-json\/wp\/v2\/product_tag?post=245296"}],"curies":[{"name":"wp","href":"https:\/\/api.w.org\/{rel}","templated":true}]}}