{"id":246710,"date":"2023-09-21T08:33:27","date_gmt":"2023-09-21T11:33:27","guid":{"rendered":"https:\/\/shop.bazarcia.com\/produto\/matrizes-de-bordado-girafinhas-rostinhos\/"},"modified":"2023-09-21T08:38:34","modified_gmt":"2023-09-21T11:38:34","slug":"matrizes-de-bordado-girafinhas-rostinhos","status":"publish","type":"product","link":"https:\/\/shop.bazarcia.com\/en\/product\/matrizes-de-bordado-girafinhas-rostinhos\/","title":{"rendered":"Matrizes de Bordado Girafinhas Rostinhos"},"content":{"rendered":"<p style=\"margin-top: 0px;margin-bottom: 1rem;color: #6c737b;font-family: Roboto, sans-serif\"><span style=\"font-weight: bolder\"><span style=\"font-weight: bolder\"><span style=\"font-weight: bolder\"><span style=\"font-weight: bolder\"><span style=\"font-weight: bolder\"><span style=\"font-weight: bolder\"><span style=\"font-weight: bolder\"><span style=\"font-weight: bolder\"><span style=\"font-weight: bolder\"><span style=\"font-weight: bolder\"><span style=\"font-weight: bolder\"><span style=\"font-weight: bolder\"><span style=\"font-weight: bolder\"><span style=\"font-weight: bolder\"><span style=\"font-weight: bolder\"><span style=\"font-weight: bolder\"><span style=\"font-weight: bolder\"><span style=\"font-weight: bolder\"><span style=\"font-weight: bolder\"><span style=\"font-weight: bolder\"><span style=\"font-weight: bolder\"><span style=\"font-weight: bolder\"><span style=\"font-weight: bolder\"><span style=\"font-weight: bolder\"><span style=\"font-weight: bolder\">Matrizes de Bordado Girafinhas Rostinhos<\/span><\/span><\/span><\/span><\/span><\/span><\/span><\/span><\/span><\/span><\/span><\/span><\/span><\/span><\/span><\/span><\/span><\/span><\/span><\/span><\/span><\/span><\/span><br \/>\n<\/span><\/span><\/p>\n<div style=\"color: #212529;font-family: Roboto, sans-serif\">\n<p style=\"margin-top: 0px;margin-bottom: 1rem;color: #6c737b\"><span style=\"font-weight: bolder\"><i style=\"vertical-align: middle\"><span style=\"font-weight: bolder\">Descri\u00e7\u00e3o das Matrizes:<br \/>\n<span style=\"font-weight: bolder\"><span style=\"font-weight: bolder\">\u2665 S\u00e3o 11 tamanhos de rostinhos: 6, 8, 10, 12, 14, 16, 18, 20, 22, 24 e 26 cm de largura com altura proporcional.<br \/>\n-&gt; Vide bastidor para cada tamanho de matriz na \u00faltima foto. &lt;-<br \/>\n<\/span><\/span><i style=\"vertical-align: middle\">Acompanha matrizes das orelhinhas, patinhas e manchinhas.<br \/>\nE de brinde dois chaveirinhos lindos, um de chap\u00e9u de explorador e outro de folhinha.<br \/>\n<\/i><br \/>\n<\/span><\/i><\/span><span style=\"font-weight: bolder\"><span style=\"font-weight: bolder\">\u2665 Acompanha ainda dois tamanhos especiais para confec\u00e7\u00e3o da Bag LepetitBaby, um para bastidores de 13&#215;18 cm e outro para bastidores de 16&#215;26 cm.<br \/>\n<\/span><\/span><span style=\"font-weight: bolder\"><span style=\"font-weight: bolder\"><br \/>\n\u2665 \u00a0Acompanha apostila com moldes para confec\u00e7\u00e3o de almofadas em 3 tamanhos.<br \/>\n&#8211; Matriz de 14 cm &#8211; \u00a0<span style=\"font-weight: bolder\"><span style=\"font-weight: bolder\">almofada com aproximadamente 15&#215;16 cm<\/span><\/span><br \/>\n&#8211; Matriz de 18 cm &#8211; almofada com aproximadamente 20&#215;21 cm<br \/>\n&#8211; Matriz de 22 cm &#8211; almofada com aproximadamente 24&#215;26 cm<br \/>\n* sem contar com as orelhas<\/span><\/span><\/p>\n<p style=\"margin-top: 0px;margin-bottom: 1rem;color: #6c737b\"><span style=\"font-weight: bolder\"><span style=\"font-weight: bolder\"><br \/>\n\u2661 Este \u00e9 um produto DIGITAL, os arquivos estar\u00e3o dispon\u00edveis para download aqui mesmo, na sua conta, ap\u00f3s confirma\u00e7\u00e3o do pagamento. Para produtos em pr\u00e9-venda, atente-se \u00e0 data de entrega.<\/span><\/span><span style=\"font-weight: bolder\"><span style=\"font-weight: bolder\"><br \/>\n<\/span><\/span><\/p>\n<p style=\"margin-top: 0px;margin-bottom: 1rem;color: #6c737b\"><span style=\"font-weight: bolder\"><span style=\"font-weight: bolder\">\u2661 Os arquivos est\u00e3o em pasta compactada (ZIP), sendo necess\u00e1rio descompact\u00e1-la.<\/span><\/span><\/p>\n<p style=\"margin-top: 0px;margin-bottom: 1rem;color: #6c737b\">\u2661 Os mesmos s\u00e3o compat\u00edveis com v\u00e1rios tipos e modelos de m\u00e1quinas, com os seguintes formatos:<br \/>\nDST &#8211; EXP &#8211; HUS &#8211; JEF &#8211; PES &#8211; XXX<\/p>\n<p style=\"margin-top: 0px;margin-bottom: 1rem;color: #6c737b\">\u2661 Adquirindo nossas matrizes e projetos voc\u00ea se declara de acordo com nossos\u00a0<span style=\"font-weight: bolder\"><span style=\"font-weight: bolder\"><span style=\"font-weight: bolder\"><span style=\"font-weight: bolder\"><span style=\"font-weight: bolder\"><a style=\"color: #95663c;background-color: transparent\" href=\"https:\/\/shop.bazarcia.com\/en\/store\/atelie-mamae-coruja\/toc\/\" target=\"_blank\" rel=\"nofollow noopener\">TERMOS E CONDI\u00c7\u00d5ES<\/a><\/span>.<\/span><\/span><\/span><\/span><\/p>\n<p style=\"margin-top: 0px;margin-bottom: 1rem;color: #6c737b\">Designers: Atelie Mam\u00e3e Coruja<\/p>\n<\/div>","protected":false},"excerpt":{"rendered":"<p>Este \u00e9 um PRODUTO DIGITAL destinado a artes\u00e3s e artes\u00e3os \u2665<\/p>\n<p>\u2665 Agora nossas Girafinhas Cute ganharam tamb\u00e9m sua vers\u00e3o de rostinho \u2665<\/p>\n<p>\u2665 Cada desenho tem suas particularidades, assim como cada bichinho. O rostinho da nossa girafinha \u00e9 mais gordinho e por isso a quantidade de tamanhos \u00e9 um pouco menor que os demais, mas caprichamos muito para ficar t\u00e3o incr\u00edvel quanto.<\/p>\n<p>\u2665 Esse kit acompanha 11 tamanhos de rostinhos: 6, 8, 10, 12, 14, 16, 18, 20, 22, 24 e 26 cm de altura com largura proporcional, acompanha ainda 2 tamanhos especiais para confec\u00e7\u00e3o da Bag LepetitBaby que a nossa querida Grazi ensinar\u00e1 gratuitamente em seu canal do YOUTUBE. E para as amantes de almofadas, o kit tamb\u00e9m acompanhar\u00e1 uma apostila com moldes para confec\u00e7\u00e3o de almofadas em 3 tamanhos utilizando as matrizes de 14, 16 e 22 cm.<\/p>\n<p>\u2665 Acompanha tamb\u00e9m as orelhinhas, 2 modelos de patinhas, matrizes das manchinhas e de BRINDE dois chaveirinhos, um de chap\u00e9u de explorador e outro de folhinha.<\/p>\n<p>\u2665 Para confec\u00e7\u00e3o das almofadas, o bordado do rostinho e as orelhinhas s\u00e3o feitos na bordadeira e o fechamento na m\u00e1quina de costura.<\/p>\n<p>Mais informa\u00e7\u00f5es abaixo!<\/p>","protected":false},"featured_media":246701,"comment_status":"open","ping_status":"closed","template":"","meta":{"_acf_changed":false,"_joinchat":[]},"product_brand":[],"product_cat":[84,122,235,1210,1775,1056],"product_tag":[],"class_list":{"0":"post-246710","1":"product","2":"type-product","3":"status-publish","4":"has-post-thumbnail","6":"product_cat-matrizes-de-bordado","7":"product_cat-matrizes-de-bordado-animais","8":"product_cat-girafinha","9":"product_cat-cama-mesa-banho","10":"product_cat-matrizes-para-almofadas","11":"product_cat-rostinhos","13":"first","14":"instock","15":"downloadable","16":"virtual","17":"sold-individually","18":"purchasable","19":"product-type-simple"},"acf":[],"yoast_head":"<!-- This site is optimized with the Yoast SEO plugin v27.2 - https:\/\/yoast.com\/product\/yoast-seo-wordpress\/ -->\n<title>Matrizes de Bordado Girafinhas Rostinhos - \ud835\udc1b\ud835\udc1a\ud835\udc33\ud835\udc1a\ud835\udc2b &amp; \ud835\udc1c\ud835\udc22\ud835\udc1a<\/title>\n<meta name=\"robots\" content=\"index, follow, max-snippet:-1, max-image-preview:large, max-video-preview:-1\" \/>\n<link rel=\"canonical\" href=\"https:\/\/shop.bazarcia.com\/en\/product\/matrizes-de-bordado-girafinhas-rostinhos\/\" \/>\n<meta property=\"og:locale\" content=\"en_US\" \/>\n<meta property=\"og:type\" content=\"article\" \/>\n<meta property=\"og:title\" content=\"Matrizes de Bordado Girafinhas Rostinhos - \ud835\udc1b\ud835\udc1a\ud835\udc33\ud835\udc1a\ud835\udc2b &amp; \ud835\udc1c\ud835\udc22\ud835\udc1a\" \/>\n<meta property=\"og:description\" content=\"Este \u00e9 um PRODUTO DIGITAL destinado a artes\u00e3s e artes\u00e3os \u2665  \u2665 Agora nossas Girafinhas Cute ganharam tamb\u00e9m sua vers\u00e3o de rostinho \u2665  \u2665 Cada desenho tem suas particularidades, assim como cada bichinho. O rostinho da nossa girafinha \u00e9 mais gordinho e por isso a quantidade de tamanhos \u00e9 um pouco menor que os demais, mas caprichamos muito para ficar t\u00e3o incr\u00edvel quanto.  \u2665 Esse kit acompanha 11 tamanhos de rostinhos: 6, 8, 10, 12, 14, 16, 18, 20, 22, 24 e 26 cm de altura com largura proporcional, acompanha ainda 2 tamanhos especiais para confec\u00e7\u00e3o da Bag LepetitBaby que a nossa querida Grazi ensinar\u00e1 gratuitamente em seu canal do YOUTUBE. E para as amantes de almofadas, o kit tamb\u00e9m acompanhar\u00e1 uma apostila com moldes para confec\u00e7\u00e3o de almofadas em 3 tamanhos utilizando as matrizes de 14, 16 e 22 cm.  \u2665 Acompanha tamb\u00e9m as orelhinhas, 2 modelos de patinhas, matrizes das manchinhas e de BRINDE dois chaveirinhos, um de chap\u00e9u de explorador e outro de folhinha.  \u2665 Para confec\u00e7\u00e3o das almofadas, o bordado do rostinho e as orelhinhas s\u00e3o feitos na bordadeira e o fechamento na m\u00e1quina de costura.  Mais informa\u00e7\u00f5es abaixo!\" \/>\n<meta property=\"og:url\" content=\"https:\/\/shop.bazarcia.com\/en\/product\/matrizes-de-bordado-girafinhas-rostinhos\/\" \/>\n<meta property=\"og:site_name\" content=\"\ud835\udc1b\ud835\udc1a\ud835\udc33\ud835\udc1a\ud835\udc2b &amp; \ud835\udc1c\ud835\udc22\ud835\udc1a\" \/>\n<meta property=\"article:publisher\" content=\"https:\/\/www.facebook.com\/shopbazarcia\" \/>\n<meta property=\"article:modified_time\" content=\"2023-09-21T11:38:34+00:00\" \/>\n<meta property=\"og:image\" content=\"https:\/\/shop.bazarcia.com\/wp-content\/uploads\/2023\/09\/matrizes-de-bordado-rostinho-girafinhas-girafas-projetos-diversos-1.jpg\" \/>\n\t<meta property=\"og:image:width\" content=\"540\" \/>\n\t<meta property=\"og:image:height\" content=\"540\" \/>\n\t<meta property=\"og:image:type\" content=\"image\/jpeg\" \/>\n<meta name=\"twitter:card\" content=\"summary_large_image\" \/>\n<meta name=\"twitter:label1\" content=\"Est. reading time\" \/>\n\t<meta name=\"twitter:data1\" content=\"1 minute\" \/>\n<script type=\"application\/ld+json\" class=\"yoast-schema-graph\">{\"@context\":\"https:\/\/schema.org\",\"@graph\":[{\"@type\":\"WebPage\",\"@id\":\"https:\/\/shop.bazarcia.com\/produto\/matrizes-de-bordado-girafinhas-rostinhos\/\",\"url\":\"https:\/\/shop.bazarcia.com\/produto\/matrizes-de-bordado-girafinhas-rostinhos\/\",\"name\":\"Matrizes de Bordado Girafinhas Rostinhos - \ud835\udc1b\ud835\udc1a\ud835\udc33\ud835\udc1a\ud835\udc2b &amp; \ud835\udc1c\ud835\udc22\ud835\udc1a\",\"isPartOf\":{\"@id\":\"https:\/\/shop.bazarcia.com\/#website\"},\"primaryImageOfPage\":{\"@id\":\"https:\/\/shop.bazarcia.com\/produto\/matrizes-de-bordado-girafinhas-rostinhos\/#primaryimage\"},\"image\":{\"@id\":\"https:\/\/shop.bazarcia.com\/produto\/matrizes-de-bordado-girafinhas-rostinhos\/#primaryimage\"},\"thumbnailUrl\":\"https:\/\/shop.bazarcia.com\/wp-content\/uploads\/2023\/09\/matrizes-de-bordado-rostinho-girafinhas-girafas-projetos-diversos-1.jpg\",\"datePublished\":\"2023-09-21T11:33:27+00:00\",\"dateModified\":\"2023-09-21T11:38:34+00:00\",\"breadcrumb\":{\"@id\":\"https:\/\/shop.bazarcia.com\/produto\/matrizes-de-bordado-girafinhas-rostinhos\/#breadcrumb\"},\"inLanguage\":\"en-US\",\"potentialAction\":[{\"@type\":\"ReadAction\",\"target\":[\"https:\/\/shop.bazarcia.com\/produto\/matrizes-de-bordado-girafinhas-rostinhos\/\"]}]},{\"@type\":\"ImageObject\",\"inLanguage\":\"en-US\",\"@id\":\"https:\/\/shop.bazarcia.com\/produto\/matrizes-de-bordado-girafinhas-rostinhos\/#primaryimage\",\"url\":\"https:\/\/shop.bazarcia.com\/wp-content\/uploads\/2023\/09\/matrizes-de-bordado-rostinho-girafinhas-girafas-projetos-diversos-1.jpg\",\"contentUrl\":\"https:\/\/shop.bazarcia.com\/wp-content\/uploads\/2023\/09\/matrizes-de-bordado-rostinho-girafinhas-girafas-projetos-diversos-1.jpg\",\"width\":540,\"height\":540},{\"@type\":\"BreadcrumbList\",\"@id\":\"https:\/\/shop.bazarcia.com\/produto\/matrizes-de-bordado-girafinhas-rostinhos\/#breadcrumb\",\"itemListElement\":[{\"@type\":\"ListItem\",\"position\":1,\"name\":\"In\u00edcio\",\"item\":\"https:\/\/shop.bazarcia.com\/\"},{\"@type\":\"ListItem\",\"position\":2,\"name\":\"Loja\",\"item\":\"https:\/\/shop.bazarcia.com\/loja\/\"},{\"@type\":\"ListItem\",\"position\":3,\"name\":\"Matrizes de Bordado Girafinhas Rostinhos\"}]},{\"@type\":\"WebSite\",\"@id\":\"https:\/\/shop.bazarcia.com\/#website\",\"url\":\"https:\/\/shop.bazarcia.com\/\",\"name\":\"Bazar & Cia\",\"description\":\"criatividade ponto a ponto\",\"publisher\":{\"@id\":\"https:\/\/shop.bazarcia.com\/#organization\"},\"potentialAction\":[{\"@type\":\"SearchAction\",\"target\":{\"@type\":\"EntryPoint\",\"urlTemplate\":\"https:\/\/shop.bazarcia.com\/?s={search_term_string}\"},\"query-input\":{\"@type\":\"PropertyValueSpecification\",\"valueRequired\":true,\"valueName\":\"search_term_string\"}}],\"inLanguage\":\"en-US\"},{\"@type\":\"Organization\",\"@id\":\"https:\/\/shop.bazarcia.com\/#organization\",\"name\":\"Bazar & Cia\",\"url\":\"https:\/\/shop.bazarcia.com\/\",\"logo\":{\"@type\":\"ImageObject\",\"inLanguage\":\"en-US\",\"@id\":\"https:\/\/shop.bazarcia.com\/#\/schema\/logo\/image\/\",\"url\":\"https:\/\/shop.bazarcia.com\/wp-content\/uploads\/2024\/02\/cropped-logo_bazarcia.png\",\"contentUrl\":\"https:\/\/shop.bazarcia.com\/wp-content\/uploads\/2024\/02\/cropped-logo_bazarcia.png\",\"width\":150,\"height\":150,\"caption\":\"Bazar & Cia\"},\"image\":{\"@id\":\"https:\/\/shop.bazarcia.com\/#\/schema\/logo\/image\/\"},\"sameAs\":[\"https:\/\/www.facebook.com\/shopbazarcia\",\"https:\/\/www.instagram.com\/shopbazarcia\",\"https:\/\/br.pinterest.com\/suzane_eloise\/\",\"https:\/\/www.youtube.com\/c\/BazardoBordadoMatrizeseProjetos\"]}]}<\/script>\n<!-- \/ Yoast SEO plugin. -->","yoast_head_json":{"title":"Matrizes de Bordado Girafinhas Rostinhos - \ud835\udc1b\ud835\udc1a\ud835\udc33\ud835\udc1a\ud835\udc2b &amp; \ud835\udc1c\ud835\udc22\ud835\udc1a","robots":{"index":"index","follow":"follow","max-snippet":"max-snippet:-1","max-image-preview":"max-image-preview:large","max-video-preview":"max-video-preview:-1"},"canonical":"https:\/\/shop.bazarcia.com\/en\/product\/matrizes-de-bordado-girafinhas-rostinhos\/","og_locale":"en_US","og_type":"article","og_title":"Matrizes de Bordado Girafinhas Rostinhos - \ud835\udc1b\ud835\udc1a\ud835\udc33\ud835\udc1a\ud835\udc2b &amp; \ud835\udc1c\ud835\udc22\ud835\udc1a","og_description":"Este \u00e9 um PRODUTO DIGITAL destinado a artes\u00e3s e artes\u00e3os \u2665  \u2665 Agora nossas Girafinhas Cute ganharam tamb\u00e9m sua vers\u00e3o de rostinho \u2665  \u2665 Cada desenho tem suas particularidades, assim como cada bichinho. O rostinho da nossa girafinha \u00e9 mais gordinho e por isso a quantidade de tamanhos \u00e9 um pouco menor que os demais, mas caprichamos muito para ficar t\u00e3o incr\u00edvel quanto.  \u2665 Esse kit acompanha 11 tamanhos de rostinhos: 6, 8, 10, 12, 14, 16, 18, 20, 22, 24 e 26 cm de altura com largura proporcional, acompanha ainda 2 tamanhos especiais para confec\u00e7\u00e3o da Bag LepetitBaby que a nossa querida Grazi ensinar\u00e1 gratuitamente em seu canal do YOUTUBE. E para as amantes de almofadas, o kit tamb\u00e9m acompanhar\u00e1 uma apostila com moldes para confec\u00e7\u00e3o de almofadas em 3 tamanhos utilizando as matrizes de 14, 16 e 22 cm.  \u2665 Acompanha tamb\u00e9m as orelhinhas, 2 modelos de patinhas, matrizes das manchinhas e de BRINDE dois chaveirinhos, um de chap\u00e9u de explorador e outro de folhinha.  \u2665 Para confec\u00e7\u00e3o das almofadas, o bordado do rostinho e as orelhinhas s\u00e3o feitos na bordadeira e o fechamento na m\u00e1quina de costura.  Mais informa\u00e7\u00f5es abaixo!","og_url":"https:\/\/shop.bazarcia.com\/en\/product\/matrizes-de-bordado-girafinhas-rostinhos\/","og_site_name":"\ud835\udc1b\ud835\udc1a\ud835\udc33\ud835\udc1a\ud835\udc2b &amp; \ud835\udc1c\ud835\udc22\ud835\udc1a","article_publisher":"https:\/\/www.facebook.com\/shopbazarcia","article_modified_time":"2023-09-21T11:38:34+00:00","og_image":[{"width":540,"height":540,"url":"https:\/\/shop.bazarcia.com\/wp-content\/uploads\/2023\/09\/matrizes-de-bordado-rostinho-girafinhas-girafas-projetos-diversos-1.jpg","type":"image\/jpeg"}],"twitter_card":"summary_large_image","twitter_misc":{"Est. reading time":"1 minute"},"schema":{"@context":"https:\/\/schema.org","@graph":[{"@type":"WebPage","@id":"https:\/\/shop.bazarcia.com\/produto\/matrizes-de-bordado-girafinhas-rostinhos\/","url":"https:\/\/shop.bazarcia.com\/produto\/matrizes-de-bordado-girafinhas-rostinhos\/","name":"Matrizes de Bordado Girafinhas Rostinhos - \ud835\udc1b\ud835\udc1a\ud835\udc33\ud835\udc1a\ud835\udc2b &amp; \ud835\udc1c\ud835\udc22\ud835\udc1a","isPartOf":{"@id":"https:\/\/shop.bazarcia.com\/#website"},"primaryImageOfPage":{"@id":"https:\/\/shop.bazarcia.com\/produto\/matrizes-de-bordado-girafinhas-rostinhos\/#primaryimage"},"image":{"@id":"https:\/\/shop.bazarcia.com\/produto\/matrizes-de-bordado-girafinhas-rostinhos\/#primaryimage"},"thumbnailUrl":"https:\/\/shop.bazarcia.com\/wp-content\/uploads\/2023\/09\/matrizes-de-bordado-rostinho-girafinhas-girafas-projetos-diversos-1.jpg","datePublished":"2023-09-21T11:33:27+00:00","dateModified":"2023-09-21T11:38:34+00:00","breadcrumb":{"@id":"https:\/\/shop.bazarcia.com\/produto\/matrizes-de-bordado-girafinhas-rostinhos\/#breadcrumb"},"inLanguage":"en-US","potentialAction":[{"@type":"ReadAction","target":["https:\/\/shop.bazarcia.com\/produto\/matrizes-de-bordado-girafinhas-rostinhos\/"]}]},{"@type":"ImageObject","inLanguage":"en-US","@id":"https:\/\/shop.bazarcia.com\/produto\/matrizes-de-bordado-girafinhas-rostinhos\/#primaryimage","url":"https:\/\/shop.bazarcia.com\/wp-content\/uploads\/2023\/09\/matrizes-de-bordado-rostinho-girafinhas-girafas-projetos-diversos-1.jpg","contentUrl":"https:\/\/shop.bazarcia.com\/wp-content\/uploads\/2023\/09\/matrizes-de-bordado-rostinho-girafinhas-girafas-projetos-diversos-1.jpg","width":540,"height":540},{"@type":"BreadcrumbList","@id":"https:\/\/shop.bazarcia.com\/produto\/matrizes-de-bordado-girafinhas-rostinhos\/#breadcrumb","itemListElement":[{"@type":"ListItem","position":1,"name":"In\u00edcio","item":"https:\/\/shop.bazarcia.com\/"},{"@type":"ListItem","position":2,"name":"Loja","item":"https:\/\/shop.bazarcia.com\/loja\/"},{"@type":"ListItem","position":3,"name":"Matrizes de Bordado Girafinhas Rostinhos"}]},{"@type":"WebSite","@id":"https:\/\/shop.bazarcia.com\/#website","url":"https:\/\/shop.bazarcia.com\/","name":"Bazar & Cia","description":"criatividade ponto a ponto","publisher":{"@id":"https:\/\/shop.bazarcia.com\/#organization"},"potentialAction":[{"@type":"SearchAction","target":{"@type":"EntryPoint","urlTemplate":"https:\/\/shop.bazarcia.com\/?s={search_term_string}"},"query-input":{"@type":"PropertyValueSpecification","valueRequired":true,"valueName":"search_term_string"}}],"inLanguage":"en-US"},{"@type":"Organization","@id":"https:\/\/shop.bazarcia.com\/#organization","name":"Bazar & Cia","url":"https:\/\/shop.bazarcia.com\/","logo":{"@type":"ImageObject","inLanguage":"en-US","@id":"https:\/\/shop.bazarcia.com\/#\/schema\/logo\/image\/","url":"https:\/\/shop.bazarcia.com\/wp-content\/uploads\/2024\/02\/cropped-logo_bazarcia.png","contentUrl":"https:\/\/shop.bazarcia.com\/wp-content\/uploads\/2024\/02\/cropped-logo_bazarcia.png","width":150,"height":150,"caption":"Bazar & Cia"},"image":{"@id":"https:\/\/shop.bazarcia.com\/#\/schema\/logo\/image\/"},"sameAs":["https:\/\/www.facebook.com\/shopbazarcia","https:\/\/www.instagram.com\/shopbazarcia","https:\/\/br.pinterest.com\/suzane_eloise\/","https:\/\/www.youtube.com\/c\/BazardoBordadoMatrizeseProjetos"]}]}},"_links":{"self":[{"href":"https:\/\/shop.bazarcia.com\/en\/wp-json\/wp\/v2\/product\/246710","targetHints":{"allow":["GET"]}}],"collection":[{"href":"https:\/\/shop.bazarcia.com\/en\/wp-json\/wp\/v2\/product"}],"about":[{"href":"https:\/\/shop.bazarcia.com\/en\/wp-json\/wp\/v2\/types\/product"}],"replies":[{"embeddable":true,"href":"https:\/\/shop.bazarcia.com\/en\/wp-json\/wp\/v2\/comments?post=246710"}],"version-history":[{"count":1,"href":"https:\/\/shop.bazarcia.com\/en\/wp-json\/wp\/v2\/product\/246710\/revisions"}],"predecessor-version":[{"id":246725,"href":"https:\/\/shop.bazarcia.com\/en\/wp-json\/wp\/v2\/product\/246710\/revisions\/246725"}],"wp:featuredmedia":[{"embeddable":true,"href":"https:\/\/shop.bazarcia.com\/en\/wp-json\/wp\/v2\/media\/246701"}],"wp:attachment":[{"href":"https:\/\/shop.bazarcia.com\/en\/wp-json\/wp\/v2\/media?parent=246710"}],"wp:term":[{"taxonomy":"product_brand","embeddable":true,"href":"https:\/\/shop.bazarcia.com\/en\/wp-json\/wp\/v2\/product_brand?post=246710"},{"taxonomy":"product_cat","embeddable":true,"href":"https:\/\/shop.bazarcia.com\/en\/wp-json\/wp\/v2\/product_cat?post=246710"},{"taxonomy":"product_tag","embeddable":true,"href":"https:\/\/shop.bazarcia.com\/en\/wp-json\/wp\/v2\/product_tag?post=246710"}],"curies":[{"name":"wp","href":"https:\/\/api.w.org\/{rel}","templated":true}]}}