{"id":248829,"date":"2023-10-09T17:12:31","date_gmt":"2023-10-09T20:12:31","guid":{"rendered":"https:\/\/shop.bazarcia.com\/produto\/safari-rippled\/"},"modified":"2023-10-09T17:21:03","modified_gmt":"2023-10-09T20:21:03","slug":"safari-rippled","status":"publish","type":"product","link":"https:\/\/shop.bazarcia.com\/en\/product\/safari-rippled\/","title":{"rendered":"SAFARI RIPPLED"},"content":{"rendered":"<p style=\"margin: 24px 0px;color: #1f1f1f;font-family: 'Google Sans', 'Helvetica Neue', sans-serif\" data-sourcepos=\"3:1-3:148\">A Cole\u00e7\u00e3o Safari \u00e9 uma cole\u00e7\u00e3o de matrizes de bordado com animais fofos em pontos leves. Ideal para voc\u00ea que gosta de bordado delicado e r\u00e1pido.<\/p>\n<p style=\"margin: 24px 0px;color: #1f1f1f;font-family: 'Google Sans', 'Helvetica Neue', sans-serif\" data-sourcepos=\"5:1-5:120\">Nesta cole\u00e7\u00e3o, voc\u00ea encontrar\u00e1 animais em um carro e pilotando avi\u00e3o, em cenas divertidas e cheias de personalidade.<\/p>\n<p style=\"margin: 24px 0px;color: #1f1f1f;font-family: 'Google Sans', 'Helvetica Neue', sans-serif\" data-sourcepos=\"9:1-9:20\">aracter\u00edsticas:<\/p>\n<ul style=\"margin: 4px 0px;padding-inline-start: 36px;color: #1f1f1f;font-family: 'Google Sans', 'Helvetica Neue', sans-serif\" data-sourcepos=\"11:1-15:0\">\n<li style=\"margin-bottom: 10px\" data-sourcepos=\"11:1-11:54\">Pontos leves, ideais para bordado r\u00e1pido e delicado;<\/li>\n<li style=\"margin-bottom: 10px\" data-sourcepos=\"12:1-12:36\">Animais fofos em cenas divertidas;<\/li>\n<li style=\"margin-bottom: 10px\" data-sourcepos=\"13:1-13:39\">Mais de 7 matrizes para voc\u00ea bordar;<\/li>\n<\/ul>","protected":false},"excerpt":{"rendered":"<p>A Cole\u00e7\u00e3o Safari \u00e9 uma cole\u00e7\u00e3o de matrizes de bordado com animais fofos em pontos leves. Ideal para voc\u00ea que gosta de bordado delicado e r\u00e1pido.<\/p>\n<p>Nesta cole\u00e7\u00e3o, voc\u00ea encontrar\u00e1 animais em um carro e pilotando avi\u00e3o, em cenas divertidas e cheias de personalidade.<\/p>","protected":false},"featured_media":248815,"comment_status":"open","ping_status":"closed","template":"","meta":{"_acf_changed":false,"_joinchat":[]},"product_brand":[],"product_cat":[122,1047,235,236,84,234],"product_tag":[],"class_list":{"0":"post-248829","1":"product","2":"type-product","3":"status-publish","4":"has-post-thumbnail","6":"product_cat-matrizes-de-bordado-animais","7":"product_cat-cursos","8":"product_cat-girafinha","9":"product_cat-hipopotamos","10":"product_cat-matrizes-de-bordado","11":"product_cat-safari","13":"first","14":"instock","15":"downloadable","16":"virtual","17":"purchasable","18":"product-type-simple"},"acf":[],"yoast_head":"<!-- This site is optimized with the Yoast SEO plugin v27.2 - https:\/\/yoast.com\/product\/yoast-seo-wordpress\/ -->\n<title>SAFARI RIPPLED - \ud835\udc1b\ud835\udc1a\ud835\udc33\ud835\udc1a\ud835\udc2b &amp; \ud835\udc1c\ud835\udc22\ud835\udc1a<\/title>\n<meta name=\"robots\" content=\"index, follow, max-snippet:-1, max-image-preview:large, max-video-preview:-1\" \/>\n<link rel=\"canonical\" href=\"https:\/\/shop.bazarcia.com\/en\/product\/safari-rippled\/\" \/>\n<meta property=\"og:locale\" content=\"en_US\" \/>\n<meta property=\"og:type\" content=\"article\" \/>\n<meta property=\"og:title\" content=\"SAFARI RIPPLED - \ud835\udc1b\ud835\udc1a\ud835\udc33\ud835\udc1a\ud835\udc2b &amp; \ud835\udc1c\ud835\udc22\ud835\udc1a\" \/>\n<meta property=\"og:description\" content=\"A Cole\u00e7\u00e3o Safari \u00e9 uma cole\u00e7\u00e3o de matrizes de bordado com animais fofos em pontos leves. Ideal para voc\u00ea que gosta de bordado delicado e r\u00e1pido.  Nesta cole\u00e7\u00e3o, voc\u00ea encontrar\u00e1 animais em um carro e pilotando avi\u00e3o, em cenas divertidas e cheias de personalidade.\" \/>\n<meta property=\"og:url\" content=\"https:\/\/shop.bazarcia.com\/en\/product\/safari-rippled\/\" \/>\n<meta property=\"og:site_name\" content=\"\ud835\udc1b\ud835\udc1a\ud835\udc33\ud835\udc1a\ud835\udc2b &amp; \ud835\udc1c\ud835\udc22\ud835\udc1a\" \/>\n<meta property=\"article:publisher\" content=\"https:\/\/www.facebook.com\/shopbazarcia\" \/>\n<meta property=\"article:modified_time\" content=\"2023-10-09T20:21:03+00:00\" \/>\n<meta property=\"og:image\" content=\"https:\/\/shop.bazarcia.com\/wp-content\/uploads\/2023\/10\/ampost-768x841.png\" \/>\n\t<meta property=\"og:image:width\" content=\"768\" \/>\n\t<meta property=\"og:image:height\" content=\"841\" \/>\n\t<meta property=\"og:image:type\" content=\"image\/png\" \/>\n<meta name=\"twitter:card\" content=\"summary_large_image\" \/>\n<script type=\"application\/ld+json\" class=\"yoast-schema-graph\">{\"@context\":\"https:\/\/schema.org\",\"@graph\":[{\"@type\":\"WebPage\",\"@id\":\"https:\/\/shop.bazarcia.com\/produto\/safari-rippled\/\",\"url\":\"https:\/\/shop.bazarcia.com\/produto\/safari-rippled\/\",\"name\":\"SAFARI RIPPLED - \ud835\udc1b\ud835\udc1a\ud835\udc33\ud835\udc1a\ud835\udc2b &amp; \ud835\udc1c\ud835\udc22\ud835\udc1a\",\"isPartOf\":{\"@id\":\"https:\/\/shop.bazarcia.com\/#website\"},\"primaryImageOfPage\":{\"@id\":\"https:\/\/shop.bazarcia.com\/produto\/safari-rippled\/#primaryimage\"},\"image\":{\"@id\":\"https:\/\/shop.bazarcia.com\/produto\/safari-rippled\/#primaryimage\"},\"thumbnailUrl\":\"https:\/\/shop.bazarcia.com\/wp-content\/uploads\/2023\/10\/ampost.png\",\"datePublished\":\"2023-10-09T20:12:31+00:00\",\"dateModified\":\"2023-10-09T20:21:03+00:00\",\"breadcrumb\":{\"@id\":\"https:\/\/shop.bazarcia.com\/produto\/safari-rippled\/#breadcrumb\"},\"inLanguage\":\"en-US\",\"potentialAction\":[{\"@type\":\"ReadAction\",\"target\":[\"https:\/\/shop.bazarcia.com\/produto\/safari-rippled\/\"]}]},{\"@type\":\"ImageObject\",\"inLanguage\":\"en-US\",\"@id\":\"https:\/\/shop.bazarcia.com\/produto\/safari-rippled\/#primaryimage\",\"url\":\"https:\/\/shop.bazarcia.com\/wp-content\/uploads\/2023\/10\/ampost.png\",\"contentUrl\":\"https:\/\/shop.bazarcia.com\/wp-content\/uploads\/2023\/10\/ampost.png\",\"width\":2482,\"height\":2718},{\"@type\":\"BreadcrumbList\",\"@id\":\"https:\/\/shop.bazarcia.com\/produto\/safari-rippled\/#breadcrumb\",\"itemListElement\":[{\"@type\":\"ListItem\",\"position\":1,\"name\":\"In\u00edcio\",\"item\":\"https:\/\/shop.bazarcia.com\/\"},{\"@type\":\"ListItem\",\"position\":2,\"name\":\"Loja\",\"item\":\"https:\/\/shop.bazarcia.com\/loja\/\"},{\"@type\":\"ListItem\",\"position\":3,\"name\":\"SAFARI RIPPLED\"}]},{\"@type\":\"WebSite\",\"@id\":\"https:\/\/shop.bazarcia.com\/#website\",\"url\":\"https:\/\/shop.bazarcia.com\/\",\"name\":\"Bazar & Cia\",\"description\":\"criatividade ponto a ponto\",\"publisher\":{\"@id\":\"https:\/\/shop.bazarcia.com\/#organization\"},\"potentialAction\":[{\"@type\":\"SearchAction\",\"target\":{\"@type\":\"EntryPoint\",\"urlTemplate\":\"https:\/\/shop.bazarcia.com\/?s={search_term_string}\"},\"query-input\":{\"@type\":\"PropertyValueSpecification\",\"valueRequired\":true,\"valueName\":\"search_term_string\"}}],\"inLanguage\":\"en-US\"},{\"@type\":\"Organization\",\"@id\":\"https:\/\/shop.bazarcia.com\/#organization\",\"name\":\"Bazar & Cia\",\"url\":\"https:\/\/shop.bazarcia.com\/\",\"logo\":{\"@type\":\"ImageObject\",\"inLanguage\":\"en-US\",\"@id\":\"https:\/\/shop.bazarcia.com\/#\/schema\/logo\/image\/\",\"url\":\"https:\/\/shop.bazarcia.com\/wp-content\/uploads\/2024\/02\/cropped-logo_bazarcia.png\",\"contentUrl\":\"https:\/\/shop.bazarcia.com\/wp-content\/uploads\/2024\/02\/cropped-logo_bazarcia.png\",\"width\":150,\"height\":150,\"caption\":\"Bazar & Cia\"},\"image\":{\"@id\":\"https:\/\/shop.bazarcia.com\/#\/schema\/logo\/image\/\"},\"sameAs\":[\"https:\/\/www.facebook.com\/shopbazarcia\",\"https:\/\/www.instagram.com\/shopbazarcia\",\"https:\/\/br.pinterest.com\/suzane_eloise\/\",\"https:\/\/www.youtube.com\/c\/BazardoBordadoMatrizeseProjetos\"]}]}<\/script>\n<!-- \/ Yoast SEO plugin. -->","yoast_head_json":{"title":"SAFARI RIPPLED - \ud835\udc1b\ud835\udc1a\ud835\udc33\ud835\udc1a\ud835\udc2b &amp; \ud835\udc1c\ud835\udc22\ud835\udc1a","robots":{"index":"index","follow":"follow","max-snippet":"max-snippet:-1","max-image-preview":"max-image-preview:large","max-video-preview":"max-video-preview:-1"},"canonical":"https:\/\/shop.bazarcia.com\/en\/product\/safari-rippled\/","og_locale":"en_US","og_type":"article","og_title":"SAFARI RIPPLED - \ud835\udc1b\ud835\udc1a\ud835\udc33\ud835\udc1a\ud835\udc2b &amp; \ud835\udc1c\ud835\udc22\ud835\udc1a","og_description":"A Cole\u00e7\u00e3o Safari \u00e9 uma cole\u00e7\u00e3o de matrizes de bordado com animais fofos em pontos leves. Ideal para voc\u00ea que gosta de bordado delicado e r\u00e1pido.  Nesta cole\u00e7\u00e3o, voc\u00ea encontrar\u00e1 animais em um carro e pilotando avi\u00e3o, em cenas divertidas e cheias de personalidade.","og_url":"https:\/\/shop.bazarcia.com\/en\/product\/safari-rippled\/","og_site_name":"\ud835\udc1b\ud835\udc1a\ud835\udc33\ud835\udc1a\ud835\udc2b &amp; \ud835\udc1c\ud835\udc22\ud835\udc1a","article_publisher":"https:\/\/www.facebook.com\/shopbazarcia","article_modified_time":"2023-10-09T20:21:03+00:00","og_image":[{"width":768,"height":841,"url":"https:\/\/shop.bazarcia.com\/wp-content\/uploads\/2023\/10\/ampost-768x841.png","type":"image\/png"}],"twitter_card":"summary_large_image","schema":{"@context":"https:\/\/schema.org","@graph":[{"@type":"WebPage","@id":"https:\/\/shop.bazarcia.com\/produto\/safari-rippled\/","url":"https:\/\/shop.bazarcia.com\/produto\/safari-rippled\/","name":"SAFARI RIPPLED - \ud835\udc1b\ud835\udc1a\ud835\udc33\ud835\udc1a\ud835\udc2b &amp; \ud835\udc1c\ud835\udc22\ud835\udc1a","isPartOf":{"@id":"https:\/\/shop.bazarcia.com\/#website"},"primaryImageOfPage":{"@id":"https:\/\/shop.bazarcia.com\/produto\/safari-rippled\/#primaryimage"},"image":{"@id":"https:\/\/shop.bazarcia.com\/produto\/safari-rippled\/#primaryimage"},"thumbnailUrl":"https:\/\/shop.bazarcia.com\/wp-content\/uploads\/2023\/10\/ampost.png","datePublished":"2023-10-09T20:12:31+00:00","dateModified":"2023-10-09T20:21:03+00:00","breadcrumb":{"@id":"https:\/\/shop.bazarcia.com\/produto\/safari-rippled\/#breadcrumb"},"inLanguage":"en-US","potentialAction":[{"@type":"ReadAction","target":["https:\/\/shop.bazarcia.com\/produto\/safari-rippled\/"]}]},{"@type":"ImageObject","inLanguage":"en-US","@id":"https:\/\/shop.bazarcia.com\/produto\/safari-rippled\/#primaryimage","url":"https:\/\/shop.bazarcia.com\/wp-content\/uploads\/2023\/10\/ampost.png","contentUrl":"https:\/\/shop.bazarcia.com\/wp-content\/uploads\/2023\/10\/ampost.png","width":2482,"height":2718},{"@type":"BreadcrumbList","@id":"https:\/\/shop.bazarcia.com\/produto\/safari-rippled\/#breadcrumb","itemListElement":[{"@type":"ListItem","position":1,"name":"In\u00edcio","item":"https:\/\/shop.bazarcia.com\/"},{"@type":"ListItem","position":2,"name":"Loja","item":"https:\/\/shop.bazarcia.com\/loja\/"},{"@type":"ListItem","position":3,"name":"SAFARI RIPPLED"}]},{"@type":"WebSite","@id":"https:\/\/shop.bazarcia.com\/#website","url":"https:\/\/shop.bazarcia.com\/","name":"Bazar & Cia","description":"criatividade ponto a ponto","publisher":{"@id":"https:\/\/shop.bazarcia.com\/#organization"},"potentialAction":[{"@type":"SearchAction","target":{"@type":"EntryPoint","urlTemplate":"https:\/\/shop.bazarcia.com\/?s={search_term_string}"},"query-input":{"@type":"PropertyValueSpecification","valueRequired":true,"valueName":"search_term_string"}}],"inLanguage":"en-US"},{"@type":"Organization","@id":"https:\/\/shop.bazarcia.com\/#organization","name":"Bazar & Cia","url":"https:\/\/shop.bazarcia.com\/","logo":{"@type":"ImageObject","inLanguage":"en-US","@id":"https:\/\/shop.bazarcia.com\/#\/schema\/logo\/image\/","url":"https:\/\/shop.bazarcia.com\/wp-content\/uploads\/2024\/02\/cropped-logo_bazarcia.png","contentUrl":"https:\/\/shop.bazarcia.com\/wp-content\/uploads\/2024\/02\/cropped-logo_bazarcia.png","width":150,"height":150,"caption":"Bazar & Cia"},"image":{"@id":"https:\/\/shop.bazarcia.com\/#\/schema\/logo\/image\/"},"sameAs":["https:\/\/www.facebook.com\/shopbazarcia","https:\/\/www.instagram.com\/shopbazarcia","https:\/\/br.pinterest.com\/suzane_eloise\/","https:\/\/www.youtube.com\/c\/BazardoBordadoMatrizeseProjetos"]}]}},"_links":{"self":[{"href":"https:\/\/shop.bazarcia.com\/en\/wp-json\/wp\/v2\/product\/248829","targetHints":{"allow":["GET"]}}],"collection":[{"href":"https:\/\/shop.bazarcia.com\/en\/wp-json\/wp\/v2\/product"}],"about":[{"href":"https:\/\/shop.bazarcia.com\/en\/wp-json\/wp\/v2\/types\/product"}],"replies":[{"embeddable":true,"href":"https:\/\/shop.bazarcia.com\/en\/wp-json\/wp\/v2\/comments?post=248829"}],"version-history":[{"count":1,"href":"https:\/\/shop.bazarcia.com\/en\/wp-json\/wp\/v2\/product\/248829\/revisions"}],"predecessor-version":[{"id":248830,"href":"https:\/\/shop.bazarcia.com\/en\/wp-json\/wp\/v2\/product\/248829\/revisions\/248830"}],"wp:featuredmedia":[{"embeddable":true,"href":"https:\/\/shop.bazarcia.com\/en\/wp-json\/wp\/v2\/media\/248815"}],"wp:attachment":[{"href":"https:\/\/shop.bazarcia.com\/en\/wp-json\/wp\/v2\/media?parent=248829"}],"wp:term":[{"taxonomy":"product_brand","embeddable":true,"href":"https:\/\/shop.bazarcia.com\/en\/wp-json\/wp\/v2\/product_brand?post=248829"},{"taxonomy":"product_cat","embeddable":true,"href":"https:\/\/shop.bazarcia.com\/en\/wp-json\/wp\/v2\/product_cat?post=248829"},{"taxonomy":"product_tag","embeddable":true,"href":"https:\/\/shop.bazarcia.com\/en\/wp-json\/wp\/v2\/product_tag?post=248829"}],"curies":[{"name":"wp","href":"https:\/\/api.w.org\/{rel}","templated":true}]}}