{"id":250613,"date":"2023-10-25T11:34:37","date_gmt":"2023-10-25T14:34:37","guid":{"rendered":"https:\/\/shop.bazarcia.com\/produto\/matriz-de-bordado-nutricao-01-3\/"},"modified":"2023-11-30T11:23:55","modified_gmt":"2023-11-30T14:23:55","slug":"matriz-de-bordado-nutricao-01-3","status":"publish","type":"product","link":"https:\/\/shop.bazarcia.com\/en\/product\/matriz-de-bordado-nutricao-01-3\/","title":{"rendered":"Matriz de Bordado &#8211; Nutri\u00e7\u00e3o 01"},"content":{"rendered":"<p style=\"margin: 0px 0px var(--wd-tags-mb) 0px;padding: 0px;border: 0px;vertical-align: baseline;line-height: inherit;font-family: Lato, Arial, Helvetica, sans-serif;font-size: 14px;color: #777777\">Matriz de Bordado \u2013 Nutri\u00e7\u00e3o 01, \u00e9 um produto virtual, compat\u00edvel com v\u00e1rios modelos de m\u00e1quinas de bordar. \u00c9 ideal para bordar em camisas, jalecos, capas para almofadas, toalhinhas, bolsas, entre outros.<\/p>\n<p style=\"margin: 0px 0px var(--wd-tags-mb) 0px;padding: 0px;border: 0px;vertical-align: baseline;line-height: inherit;font-family: Lato, Arial, Helvetica, sans-serif;font-size: 14px;color: #777777\">A libera\u00e7\u00e3o da matriz ocorre imediatamente ap\u00f3s o pagamento, basta acessar a \u00e1rea de cliente aqui no site e ir na aba de downloads.<\/p>\n<p style=\"margin: 0px 0px var(--wd-tags-mb) 0px;padding: 0px;border: 0px;vertical-align: baseline;line-height: inherit;font-family: Lato, Arial, Helvetica, sans-serif;font-size: 14px;color: #777777\">Tamanhos: 8x9cm &#8212;&gt; 6.745 pontos\/ 10x12cm &#8212;&gt; 8.687 pontos<\/p>\n<p style=\"margin: 0px 0px var(--wd-tags-mb) 0px;padding: 0px;border: 0px;vertical-align: baseline;line-height: inherit;font-family: Lato, Arial, Helvetica, sans-serif;font-size: 14px;color: #777777\">Os arquivos s\u00e3o compat\u00edveis com v\u00e1rios tipos e modelos de m\u00e1quinas, com os seguintes formatos: PES \u2013 JEF \u2013 EXP \u2013 XXX \u2013 DST \u2013 HUS, os mesmos s\u00e3o disponibilizados em pasta compactada(ZIP), sendo necess\u00e1rio descompactar.<\/p>","protected":false},"excerpt":{"rendered":"<p>Matriz de Bordado \u2013 Nutri\u00e7\u00e3o 01 \u00e9 ideal para bordar em camisas, jalecos, pijama cir\u00fargico, almofadas, toalhas etc. A libera\u00e7\u00e3o da matriz ocorre imediatamente ap\u00f3s o pagamento.<br \/>\nTamanhos: 8x9cm &#8212;&gt; 6.745 pontos\/ 10x12cm &#8212;&gt; 8.687 pontos<\/p>","protected":false},"featured_media":250610,"comment_status":"open","ping_status":"closed","template":"","meta":{"_acf_changed":false,"_joinchat":[]},"product_brand":[],"product_cat":[84,310,356],"product_tag":[1431,1433,1430,1432],"class_list":{"0":"post-250613","1":"product","2":"type-product","3":"status-publish","4":"has-post-thumbnail","6":"product_cat-matrizes-de-bordado","7":"product_cat-profissoes","8":"product_cat-nutricao","9":"product_tag-bordado-computadorizado","10":"product_tag-bordado-eletronico","11":"product_tag-matriz-de-bordado","12":"product_tag-matrizes-de-bordado","14":"first","15":"instock","16":"sale","17":"downloadable","18":"virtual","19":"purchasable","20":"product-type-simple"},"acf":[],"yoast_head":"<!-- This site is optimized with the Yoast SEO plugin v27.2 - https:\/\/yoast.com\/product\/yoast-seo-wordpress\/ -->\n<title>Matriz de Bordado \u2013 Nutri\u00e7\u00e3o 01<\/title>\n<meta name=\"description\" content=\"Matriz de Bordado \u2013 Nutri\u00e7\u00e3o 01 \u00e9 ideal para bordar em camisas, jalecos, pijama cir\u00fargico, almofadas, toalhas etc. A libera\u00e7\u00e3o da matriz ocorre imediatamente ap\u00f3s o pagamento. Tamanhos: 8x9cm ---&gt; 6.745 pontos\/ 10x12cm ---&gt; 8.687 pontos\" \/>\n<meta name=\"robots\" content=\"index, follow, max-snippet:-1, max-image-preview:large, max-video-preview:-1\" \/>\n<link rel=\"canonical\" href=\"https:\/\/shop.bazarcia.com\/en\/product\/matriz-de-bordado-nutricao-01-3\/\" \/>\n<meta property=\"og:locale\" content=\"en_US\" \/>\n<meta property=\"og:type\" content=\"article\" \/>\n<meta property=\"og:title\" content=\"Matriz de Bordado \u2013 Nutri\u00e7\u00e3o 01\" \/>\n<meta property=\"og:description\" content=\"Matriz de Bordado \u2013 Nutri\u00e7\u00e3o 01 \u00e9 ideal para bordar em camisas, jalecos, pijama cir\u00fargico, almofadas, toalhas etc. A libera\u00e7\u00e3o da matriz ocorre imediatamente ap\u00f3s o pagamento. Tamanhos: 8x9cm ---&gt; 6.745 pontos\/ 10x12cm ---&gt; 8.687 pontos\" \/>\n<meta property=\"og:url\" content=\"https:\/\/shop.bazarcia.com\/en\/product\/matriz-de-bordado-nutricao-01-3\/\" \/>\n<meta property=\"og:site_name\" content=\"\ud835\udc1b\ud835\udc1a\ud835\udc33\ud835\udc1a\ud835\udc2b &amp; \ud835\udc1c\ud835\udc22\ud835\udc1a\" \/>\n<meta property=\"article:publisher\" content=\"https:\/\/www.facebook.com\/shopbazarcia\" \/>\n<meta property=\"article:modified_time\" content=\"2023-11-30T14:23:55+00:00\" \/>\n<meta property=\"og:image\" content=\"https:\/\/shop.bazarcia.com\/wp-content\/uploads\/2023\/10\/1-2.jpg\" \/>\n\t<meta property=\"og:image:width\" content=\"1080\" \/>\n\t<meta property=\"og:image:height\" content=\"1080\" \/>\n\t<meta property=\"og:image:type\" content=\"image\/jpeg\" \/>\n<meta name=\"twitter:card\" content=\"summary_large_image\" \/>\n<meta name=\"twitter:label1\" content=\"Est. reading time\" \/>\n\t<meta name=\"twitter:data1\" content=\"1 minute\" \/>\n<script type=\"application\/ld+json\" class=\"yoast-schema-graph\">{\"@context\":\"https:\/\/schema.org\",\"@graph\":[{\"@type\":\"WebPage\",\"@id\":\"https:\/\/shop.bazarcia.com\/produto\/matriz-de-bordado-nutricao-01-3\/\",\"url\":\"https:\/\/shop.bazarcia.com\/produto\/matriz-de-bordado-nutricao-01-3\/\",\"name\":\"Matriz de Bordado \u2013 Nutri\u00e7\u00e3o 01\",\"isPartOf\":{\"@id\":\"https:\/\/shop.bazarcia.com\/#website\"},\"primaryImageOfPage\":{\"@id\":\"https:\/\/shop.bazarcia.com\/produto\/matriz-de-bordado-nutricao-01-3\/#primaryimage\"},\"image\":{\"@id\":\"https:\/\/shop.bazarcia.com\/produto\/matriz-de-bordado-nutricao-01-3\/#primaryimage\"},\"thumbnailUrl\":\"https:\/\/shop.bazarcia.com\/wp-content\/uploads\/2023\/10\/1-2.jpg\",\"datePublished\":\"2023-10-25T14:34:37+00:00\",\"dateModified\":\"2023-11-30T14:23:55+00:00\",\"description\":\"Matriz de Bordado \u2013 Nutri\u00e7\u00e3o 01 \u00e9 ideal para bordar em camisas, jalecos, pijama cir\u00fargico, almofadas, toalhas etc. A libera\u00e7\u00e3o da matriz ocorre imediatamente ap\u00f3s o pagamento. Tamanhos: 8x9cm ---> 6.745 pontos\/ 10x12cm ---> 8.687 pontos\",\"breadcrumb\":{\"@id\":\"https:\/\/shop.bazarcia.com\/produto\/matriz-de-bordado-nutricao-01-3\/#breadcrumb\"},\"inLanguage\":\"en-US\",\"potentialAction\":[{\"@type\":\"ReadAction\",\"target\":[\"https:\/\/shop.bazarcia.com\/produto\/matriz-de-bordado-nutricao-01-3\/\"]}]},{\"@type\":\"ImageObject\",\"inLanguage\":\"en-US\",\"@id\":\"https:\/\/shop.bazarcia.com\/produto\/matriz-de-bordado-nutricao-01-3\/#primaryimage\",\"url\":\"https:\/\/shop.bazarcia.com\/wp-content\/uploads\/2023\/10\/1-2.jpg\",\"contentUrl\":\"https:\/\/shop.bazarcia.com\/wp-content\/uploads\/2023\/10\/1-2.jpg\",\"width\":1080,\"height\":1080},{\"@type\":\"BreadcrumbList\",\"@id\":\"https:\/\/shop.bazarcia.com\/produto\/matriz-de-bordado-nutricao-01-3\/#breadcrumb\",\"itemListElement\":[{\"@type\":\"ListItem\",\"position\":1,\"name\":\"In\u00edcio\",\"item\":\"https:\/\/shop.bazarcia.com\/\"},{\"@type\":\"ListItem\",\"position\":2,\"name\":\"Loja\",\"item\":\"https:\/\/shop.bazarcia.com\/loja\/\"},{\"@type\":\"ListItem\",\"position\":3,\"name\":\"Matriz de Bordado &#8211; Nutri\u00e7\u00e3o 01\"}]},{\"@type\":\"WebSite\",\"@id\":\"https:\/\/shop.bazarcia.com\/#website\",\"url\":\"https:\/\/shop.bazarcia.com\/\",\"name\":\"Bazar & Cia\",\"description\":\"criatividade ponto a ponto\",\"publisher\":{\"@id\":\"https:\/\/shop.bazarcia.com\/#organization\"},\"potentialAction\":[{\"@type\":\"SearchAction\",\"target\":{\"@type\":\"EntryPoint\",\"urlTemplate\":\"https:\/\/shop.bazarcia.com\/?s={search_term_string}\"},\"query-input\":{\"@type\":\"PropertyValueSpecification\",\"valueRequired\":true,\"valueName\":\"search_term_string\"}}],\"inLanguage\":\"en-US\"},{\"@type\":\"Organization\",\"@id\":\"https:\/\/shop.bazarcia.com\/#organization\",\"name\":\"Bazar & Cia\",\"url\":\"https:\/\/shop.bazarcia.com\/\",\"logo\":{\"@type\":\"ImageObject\",\"inLanguage\":\"en-US\",\"@id\":\"https:\/\/shop.bazarcia.com\/#\/schema\/logo\/image\/\",\"url\":\"https:\/\/shop.bazarcia.com\/wp-content\/uploads\/2024\/02\/cropped-logo_bazarcia.png\",\"contentUrl\":\"https:\/\/shop.bazarcia.com\/wp-content\/uploads\/2024\/02\/cropped-logo_bazarcia.png\",\"width\":150,\"height\":150,\"caption\":\"Bazar & Cia\"},\"image\":{\"@id\":\"https:\/\/shop.bazarcia.com\/#\/schema\/logo\/image\/\"},\"sameAs\":[\"https:\/\/www.facebook.com\/shopbazarcia\",\"https:\/\/www.instagram.com\/shopbazarcia\",\"https:\/\/br.pinterest.com\/suzane_eloise\/\",\"https:\/\/www.youtube.com\/c\/BazardoBordadoMatrizeseProjetos\"]}]}<\/script>\n<!-- \/ Yoast SEO plugin. -->","yoast_head_json":{"title":"Matriz de Bordado \u2013 Nutri\u00e7\u00e3o 01","description":"Matriz de Bordado \u2013 Nutri\u00e7\u00e3o 01 \u00e9 ideal para bordar em camisas, jalecos, pijama cir\u00fargico, almofadas, toalhas etc. A libera\u00e7\u00e3o da matriz ocorre imediatamente ap\u00f3s o pagamento. Tamanhos: 8x9cm ---> 6.745 pontos\/ 10x12cm ---> 8.687 pontos","robots":{"index":"index","follow":"follow","max-snippet":"max-snippet:-1","max-image-preview":"max-image-preview:large","max-video-preview":"max-video-preview:-1"},"canonical":"https:\/\/shop.bazarcia.com\/en\/product\/matriz-de-bordado-nutricao-01-3\/","og_locale":"en_US","og_type":"article","og_title":"Matriz de Bordado \u2013 Nutri\u00e7\u00e3o 01","og_description":"Matriz de Bordado \u2013 Nutri\u00e7\u00e3o 01 \u00e9 ideal para bordar em camisas, jalecos, pijama cir\u00fargico, almofadas, toalhas etc. A libera\u00e7\u00e3o da matriz ocorre imediatamente ap\u00f3s o pagamento. Tamanhos: 8x9cm ---> 6.745 pontos\/ 10x12cm ---> 8.687 pontos","og_url":"https:\/\/shop.bazarcia.com\/en\/product\/matriz-de-bordado-nutricao-01-3\/","og_site_name":"\ud835\udc1b\ud835\udc1a\ud835\udc33\ud835\udc1a\ud835\udc2b &amp; \ud835\udc1c\ud835\udc22\ud835\udc1a","article_publisher":"https:\/\/www.facebook.com\/shopbazarcia","article_modified_time":"2023-11-30T14:23:55+00:00","og_image":[{"width":1080,"height":1080,"url":"https:\/\/shop.bazarcia.com\/wp-content\/uploads\/2023\/10\/1-2.jpg","type":"image\/jpeg"}],"twitter_card":"summary_large_image","twitter_misc":{"Est. reading time":"1 minute"},"schema":{"@context":"https:\/\/schema.org","@graph":[{"@type":"WebPage","@id":"https:\/\/shop.bazarcia.com\/produto\/matriz-de-bordado-nutricao-01-3\/","url":"https:\/\/shop.bazarcia.com\/produto\/matriz-de-bordado-nutricao-01-3\/","name":"Matriz de Bordado \u2013 Nutri\u00e7\u00e3o 01","isPartOf":{"@id":"https:\/\/shop.bazarcia.com\/#website"},"primaryImageOfPage":{"@id":"https:\/\/shop.bazarcia.com\/produto\/matriz-de-bordado-nutricao-01-3\/#primaryimage"},"image":{"@id":"https:\/\/shop.bazarcia.com\/produto\/matriz-de-bordado-nutricao-01-3\/#primaryimage"},"thumbnailUrl":"https:\/\/shop.bazarcia.com\/wp-content\/uploads\/2023\/10\/1-2.jpg","datePublished":"2023-10-25T14:34:37+00:00","dateModified":"2023-11-30T14:23:55+00:00","description":"Matriz de Bordado \u2013 Nutri\u00e7\u00e3o 01 \u00e9 ideal para bordar em camisas, jalecos, pijama cir\u00fargico, almofadas, toalhas etc. A libera\u00e7\u00e3o da matriz ocorre imediatamente ap\u00f3s o pagamento. Tamanhos: 8x9cm ---> 6.745 pontos\/ 10x12cm ---> 8.687 pontos","breadcrumb":{"@id":"https:\/\/shop.bazarcia.com\/produto\/matriz-de-bordado-nutricao-01-3\/#breadcrumb"},"inLanguage":"en-US","potentialAction":[{"@type":"ReadAction","target":["https:\/\/shop.bazarcia.com\/produto\/matriz-de-bordado-nutricao-01-3\/"]}]},{"@type":"ImageObject","inLanguage":"en-US","@id":"https:\/\/shop.bazarcia.com\/produto\/matriz-de-bordado-nutricao-01-3\/#primaryimage","url":"https:\/\/shop.bazarcia.com\/wp-content\/uploads\/2023\/10\/1-2.jpg","contentUrl":"https:\/\/shop.bazarcia.com\/wp-content\/uploads\/2023\/10\/1-2.jpg","width":1080,"height":1080},{"@type":"BreadcrumbList","@id":"https:\/\/shop.bazarcia.com\/produto\/matriz-de-bordado-nutricao-01-3\/#breadcrumb","itemListElement":[{"@type":"ListItem","position":1,"name":"In\u00edcio","item":"https:\/\/shop.bazarcia.com\/"},{"@type":"ListItem","position":2,"name":"Loja","item":"https:\/\/shop.bazarcia.com\/loja\/"},{"@type":"ListItem","position":3,"name":"Matriz de Bordado &#8211; Nutri\u00e7\u00e3o 01"}]},{"@type":"WebSite","@id":"https:\/\/shop.bazarcia.com\/#website","url":"https:\/\/shop.bazarcia.com\/","name":"Bazar & Cia","description":"criatividade ponto a ponto","publisher":{"@id":"https:\/\/shop.bazarcia.com\/#organization"},"potentialAction":[{"@type":"SearchAction","target":{"@type":"EntryPoint","urlTemplate":"https:\/\/shop.bazarcia.com\/?s={search_term_string}"},"query-input":{"@type":"PropertyValueSpecification","valueRequired":true,"valueName":"search_term_string"}}],"inLanguage":"en-US"},{"@type":"Organization","@id":"https:\/\/shop.bazarcia.com\/#organization","name":"Bazar & Cia","url":"https:\/\/shop.bazarcia.com\/","logo":{"@type":"ImageObject","inLanguage":"en-US","@id":"https:\/\/shop.bazarcia.com\/#\/schema\/logo\/image\/","url":"https:\/\/shop.bazarcia.com\/wp-content\/uploads\/2024\/02\/cropped-logo_bazarcia.png","contentUrl":"https:\/\/shop.bazarcia.com\/wp-content\/uploads\/2024\/02\/cropped-logo_bazarcia.png","width":150,"height":150,"caption":"Bazar & Cia"},"image":{"@id":"https:\/\/shop.bazarcia.com\/#\/schema\/logo\/image\/"},"sameAs":["https:\/\/www.facebook.com\/shopbazarcia","https:\/\/www.instagram.com\/shopbazarcia","https:\/\/br.pinterest.com\/suzane_eloise\/","https:\/\/www.youtube.com\/c\/BazardoBordadoMatrizeseProjetos"]}]}},"_links":{"self":[{"href":"https:\/\/shop.bazarcia.com\/en\/wp-json\/wp\/v2\/product\/250613","targetHints":{"allow":["GET"]}}],"collection":[{"href":"https:\/\/shop.bazarcia.com\/en\/wp-json\/wp\/v2\/product"}],"about":[{"href":"https:\/\/shop.bazarcia.com\/en\/wp-json\/wp\/v2\/types\/product"}],"replies":[{"embeddable":true,"href":"https:\/\/shop.bazarcia.com\/en\/wp-json\/wp\/v2\/comments?post=250613"}],"version-history":[{"count":1,"href":"https:\/\/shop.bazarcia.com\/en\/wp-json\/wp\/v2\/product\/250613\/revisions"}],"predecessor-version":[{"id":250620,"href":"https:\/\/shop.bazarcia.com\/en\/wp-json\/wp\/v2\/product\/250613\/revisions\/250620"}],"wp:featuredmedia":[{"embeddable":true,"href":"https:\/\/shop.bazarcia.com\/en\/wp-json\/wp\/v2\/media\/250610"}],"wp:attachment":[{"href":"https:\/\/shop.bazarcia.com\/en\/wp-json\/wp\/v2\/media?parent=250613"}],"wp:term":[{"taxonomy":"product_brand","embeddable":true,"href":"https:\/\/shop.bazarcia.com\/en\/wp-json\/wp\/v2\/product_brand?post=250613"},{"taxonomy":"product_cat","embeddable":true,"href":"https:\/\/shop.bazarcia.com\/en\/wp-json\/wp\/v2\/product_cat?post=250613"},{"taxonomy":"product_tag","embeddable":true,"href":"https:\/\/shop.bazarcia.com\/en\/wp-json\/wp\/v2\/product_tag?post=250613"}],"curies":[{"name":"wp","href":"https:\/\/api.w.org\/{rel}","templated":true}]}}