{"id":253282,"date":"2023-11-16T22:16:08","date_gmt":"2023-11-17T01:16:08","guid":{"rendered":"https:\/\/shop.bazarcia.com\/produto\/painel-alfabeto-ilustrado-arte-digital\/"},"modified":"2024-06-25T18:47:41","modified_gmt":"2024-06-25T21:47:41","slug":"painel-alfabeto-ilustrado-arte-digital","status":"publish","type":"product","link":"https:\/\/shop.bazarcia.com\/en\/product\/painel-alfabeto-ilustrado-arte-digital\/","title":{"rendered":"Painel Alfabeto Ilustrado \u2013 Arte Digital"},"content":{"rendered":"<p><span style=\"color: #777777;font-family: 'Open Sans', sans-serif;font-size: 14px;letter-spacing: 0.07px\">Adquirindo nossas matrizes e projetos voc\u00ea se declara de acordo com nossos\u00a0<\/span><a style=\"font-family: 'Open Sans', sans-serif;font-size: 14px;letter-spacing: 0.07px\" href=\"https:\/\/bordarebrincar.com.br\/termos-de-uso\/\" target=\"_blank\" rel=\"noopener\">TERMOS DE USO<\/a><span style=\"color: #777777;font-family: 'Open Sans', sans-serif;font-size: 14px;letter-spacing: 0.07px\">.<\/span><\/p>\n<p><span style=\"color: #777777;font-family: 'Open Sans', sans-serif;font-size: 14px;letter-spacing: 0.07px\">Acompanhe tamb\u00e9m nosso canal do\u00a0<\/span><a style=\"color: #f03d5a;margin-bottom: 0px\" href=\"https:\/\/www.youtube.com\/channel\/UCYRJKA_Zp9IEFH0JJAs39BQ\" target=\"_blank\" rel=\"noopener\">Youtube<\/a><span style=\"color: #777777;font-family: 'Open Sans', sans-serif;font-size: 14px;letter-spacing: 0.07px\">!<\/span><\/p>","protected":false},"excerpt":{"rendered":"<p>Este arquivo cont\u00e9m oito imagens em tamanho A4, SUBLIM\u00c1VEIS em FELTRO ou qualquer outro tecido de POLIESTER, para confec\u00e7\u00e3o de um painel do alfabeto com ilustra\u00e7\u00f5es de cada letra, incluindo n\u00fameros. Pode ser usado para auxiliar no desenvolvimento infantil de forma l\u00fadica e divertida.<\/p>","protected":false},"featured_media":253276,"comment_status":"open","ping_status":"closed","template":"","meta":{"_acf_changed":false,"_joinchat":[]},"product_brand":[],"product_cat":[1115],"product_tag":[1091,1348],"class_list":{"0":"post-253282","1":"product","2":"type-product","3":"status-publish","4":"has-post-thumbnail","6":"product_cat-sem-categoria","7":"product_tag-brother","8":"product_tag-maquina-domestica","10":"first","11":"instock","12":"downloadable","13":"virtual","14":"purchasable","15":"product-type-simple"},"acf":[],"yoast_head":"<!-- This site is optimized with the Yoast SEO plugin v27.2 - https:\/\/yoast.com\/product\/yoast-seo-wordpress\/ -->\n<title>Painel Alfabeto Ilustrado \u2013 Arte Digital - \ud835\udc1b\ud835\udc1a\ud835\udc33\ud835\udc1a\ud835\udc2b &amp; \ud835\udc1c\ud835\udc22\ud835\udc1a<\/title>\n<meta name=\"robots\" content=\"index, follow, max-snippet:-1, max-image-preview:large, max-video-preview:-1\" \/>\n<link rel=\"canonical\" href=\"https:\/\/shop.bazarcia.com\/en\/product\/painel-alfabeto-ilustrado-arte-digital\/\" \/>\n<meta property=\"og:locale\" content=\"en_US\" \/>\n<meta property=\"og:type\" content=\"article\" \/>\n<meta property=\"og:title\" content=\"Painel Alfabeto Ilustrado \u2013 Arte Digital - \ud835\udc1b\ud835\udc1a\ud835\udc33\ud835\udc1a\ud835\udc2b &amp; \ud835\udc1c\ud835\udc22\ud835\udc1a\" \/>\n<meta property=\"og:description\" content=\"Este arquivo cont\u00e9m oito imagens em tamanho A4, SUBLIM\u00c1VEIS em FELTRO ou qualquer outro tecido de POLIESTER, para confec\u00e7\u00e3o de um painel do alfabeto com ilustra\u00e7\u00f5es de cada letra, incluindo n\u00fameros. Pode ser usado para auxiliar no desenvolvimento infantil de forma l\u00fadica e divertida.\" \/>\n<meta property=\"og:url\" content=\"https:\/\/shop.bazarcia.com\/en\/product\/painel-alfabeto-ilustrado-arte-digital\/\" \/>\n<meta property=\"og:site_name\" content=\"\ud835\udc1b\ud835\udc1a\ud835\udc33\ud835\udc1a\ud835\udc2b &amp; \ud835\udc1c\ud835\udc22\ud835\udc1a\" \/>\n<meta property=\"article:publisher\" content=\"https:\/\/www.facebook.com\/shopbazarcia\" \/>\n<meta property=\"article:modified_time\" content=\"2024-06-25T21:47:41+00:00\" \/>\n<meta property=\"og:image\" content=\"https:\/\/shop.bazarcia.com\/wp-content\/uploads\/2023\/11\/5-1.jpg\" \/>\n\t<meta property=\"og:image:width\" content=\"1080\" \/>\n\t<meta property=\"og:image:height\" content=\"1080\" \/>\n\t<meta property=\"og:image:type\" content=\"image\/jpeg\" \/>\n<meta name=\"twitter:card\" content=\"summary_large_image\" \/>\n<script type=\"application\/ld+json\" class=\"yoast-schema-graph\">{\"@context\":\"https:\/\/schema.org\",\"@graph\":[{\"@type\":\"WebPage\",\"@id\":\"https:\/\/shop.bazarcia.com\/produto\/painel-alfabeto-ilustrado-arte-digital\/\",\"url\":\"https:\/\/shop.bazarcia.com\/produto\/painel-alfabeto-ilustrado-arte-digital\/\",\"name\":\"Painel Alfabeto Ilustrado \u2013 Arte Digital - \ud835\udc1b\ud835\udc1a\ud835\udc33\ud835\udc1a\ud835\udc2b &amp; \ud835\udc1c\ud835\udc22\ud835\udc1a\",\"isPartOf\":{\"@id\":\"https:\/\/shop.bazarcia.com\/#website\"},\"primaryImageOfPage\":{\"@id\":\"https:\/\/shop.bazarcia.com\/produto\/painel-alfabeto-ilustrado-arte-digital\/#primaryimage\"},\"image\":{\"@id\":\"https:\/\/shop.bazarcia.com\/produto\/painel-alfabeto-ilustrado-arte-digital\/#primaryimage\"},\"thumbnailUrl\":\"https:\/\/shop.bazarcia.com\/wp-content\/uploads\/2023\/11\/5-1.jpg\",\"datePublished\":\"2023-11-17T01:16:08+00:00\",\"dateModified\":\"2024-06-25T21:47:41+00:00\",\"breadcrumb\":{\"@id\":\"https:\/\/shop.bazarcia.com\/produto\/painel-alfabeto-ilustrado-arte-digital\/#breadcrumb\"},\"inLanguage\":\"en-US\",\"potentialAction\":[{\"@type\":\"ReadAction\",\"target\":[\"https:\/\/shop.bazarcia.com\/produto\/painel-alfabeto-ilustrado-arte-digital\/\"]}]},{\"@type\":\"ImageObject\",\"inLanguage\":\"en-US\",\"@id\":\"https:\/\/shop.bazarcia.com\/produto\/painel-alfabeto-ilustrado-arte-digital\/#primaryimage\",\"url\":\"https:\/\/shop.bazarcia.com\/wp-content\/uploads\/2023\/11\/5-1.jpg\",\"contentUrl\":\"https:\/\/shop.bazarcia.com\/wp-content\/uploads\/2023\/11\/5-1.jpg\",\"width\":1080,\"height\":1080},{\"@type\":\"BreadcrumbList\",\"@id\":\"https:\/\/shop.bazarcia.com\/produto\/painel-alfabeto-ilustrado-arte-digital\/#breadcrumb\",\"itemListElement\":[{\"@type\":\"ListItem\",\"position\":1,\"name\":\"In\u00edcio\",\"item\":\"https:\/\/shop.bazarcia.com\/\"},{\"@type\":\"ListItem\",\"position\":2,\"name\":\"Loja\",\"item\":\"https:\/\/shop.bazarcia.com\/loja\/\"},{\"@type\":\"ListItem\",\"position\":3,\"name\":\"Painel Alfabeto Ilustrado \u2013 Arte Digital\"}]},{\"@type\":\"WebSite\",\"@id\":\"https:\/\/shop.bazarcia.com\/#website\",\"url\":\"https:\/\/shop.bazarcia.com\/\",\"name\":\"Bazar & Cia\",\"description\":\"criatividade ponto a ponto\",\"publisher\":{\"@id\":\"https:\/\/shop.bazarcia.com\/#organization\"},\"potentialAction\":[{\"@type\":\"SearchAction\",\"target\":{\"@type\":\"EntryPoint\",\"urlTemplate\":\"https:\/\/shop.bazarcia.com\/?s={search_term_string}\"},\"query-input\":{\"@type\":\"PropertyValueSpecification\",\"valueRequired\":true,\"valueName\":\"search_term_string\"}}],\"inLanguage\":\"en-US\"},{\"@type\":\"Organization\",\"@id\":\"https:\/\/shop.bazarcia.com\/#organization\",\"name\":\"Bazar & Cia\",\"url\":\"https:\/\/shop.bazarcia.com\/\",\"logo\":{\"@type\":\"ImageObject\",\"inLanguage\":\"en-US\",\"@id\":\"https:\/\/shop.bazarcia.com\/#\/schema\/logo\/image\/\",\"url\":\"https:\/\/shop.bazarcia.com\/wp-content\/uploads\/2024\/02\/cropped-logo_bazarcia.png\",\"contentUrl\":\"https:\/\/shop.bazarcia.com\/wp-content\/uploads\/2024\/02\/cropped-logo_bazarcia.png\",\"width\":150,\"height\":150,\"caption\":\"Bazar & Cia\"},\"image\":{\"@id\":\"https:\/\/shop.bazarcia.com\/#\/schema\/logo\/image\/\"},\"sameAs\":[\"https:\/\/www.facebook.com\/shopbazarcia\",\"https:\/\/www.instagram.com\/shopbazarcia\",\"https:\/\/br.pinterest.com\/suzane_eloise\/\",\"https:\/\/www.youtube.com\/c\/BazardoBordadoMatrizeseProjetos\"]}]}<\/script>\n<!-- \/ Yoast SEO plugin. -->","yoast_head_json":{"title":"Painel Alfabeto Ilustrado \u2013 Arte Digital - \ud835\udc1b\ud835\udc1a\ud835\udc33\ud835\udc1a\ud835\udc2b &amp; \ud835\udc1c\ud835\udc22\ud835\udc1a","robots":{"index":"index","follow":"follow","max-snippet":"max-snippet:-1","max-image-preview":"max-image-preview:large","max-video-preview":"max-video-preview:-1"},"canonical":"https:\/\/shop.bazarcia.com\/en\/product\/painel-alfabeto-ilustrado-arte-digital\/","og_locale":"en_US","og_type":"article","og_title":"Painel Alfabeto Ilustrado \u2013 Arte Digital - \ud835\udc1b\ud835\udc1a\ud835\udc33\ud835\udc1a\ud835\udc2b &amp; \ud835\udc1c\ud835\udc22\ud835\udc1a","og_description":"Este arquivo cont\u00e9m oito imagens em tamanho A4, SUBLIM\u00c1VEIS em FELTRO ou qualquer outro tecido de POLIESTER, para confec\u00e7\u00e3o de um painel do alfabeto com ilustra\u00e7\u00f5es de cada letra, incluindo n\u00fameros. Pode ser usado para auxiliar no desenvolvimento infantil de forma l\u00fadica e divertida.","og_url":"https:\/\/shop.bazarcia.com\/en\/product\/painel-alfabeto-ilustrado-arte-digital\/","og_site_name":"\ud835\udc1b\ud835\udc1a\ud835\udc33\ud835\udc1a\ud835\udc2b &amp; \ud835\udc1c\ud835\udc22\ud835\udc1a","article_publisher":"https:\/\/www.facebook.com\/shopbazarcia","article_modified_time":"2024-06-25T21:47:41+00:00","og_image":[{"width":1080,"height":1080,"url":"https:\/\/shop.bazarcia.com\/wp-content\/uploads\/2023\/11\/5-1.jpg","type":"image\/jpeg"}],"twitter_card":"summary_large_image","schema":{"@context":"https:\/\/schema.org","@graph":[{"@type":"WebPage","@id":"https:\/\/shop.bazarcia.com\/produto\/painel-alfabeto-ilustrado-arte-digital\/","url":"https:\/\/shop.bazarcia.com\/produto\/painel-alfabeto-ilustrado-arte-digital\/","name":"Painel Alfabeto Ilustrado \u2013 Arte Digital - \ud835\udc1b\ud835\udc1a\ud835\udc33\ud835\udc1a\ud835\udc2b &amp; \ud835\udc1c\ud835\udc22\ud835\udc1a","isPartOf":{"@id":"https:\/\/shop.bazarcia.com\/#website"},"primaryImageOfPage":{"@id":"https:\/\/shop.bazarcia.com\/produto\/painel-alfabeto-ilustrado-arte-digital\/#primaryimage"},"image":{"@id":"https:\/\/shop.bazarcia.com\/produto\/painel-alfabeto-ilustrado-arte-digital\/#primaryimage"},"thumbnailUrl":"https:\/\/shop.bazarcia.com\/wp-content\/uploads\/2023\/11\/5-1.jpg","datePublished":"2023-11-17T01:16:08+00:00","dateModified":"2024-06-25T21:47:41+00:00","breadcrumb":{"@id":"https:\/\/shop.bazarcia.com\/produto\/painel-alfabeto-ilustrado-arte-digital\/#breadcrumb"},"inLanguage":"en-US","potentialAction":[{"@type":"ReadAction","target":["https:\/\/shop.bazarcia.com\/produto\/painel-alfabeto-ilustrado-arte-digital\/"]}]},{"@type":"ImageObject","inLanguage":"en-US","@id":"https:\/\/shop.bazarcia.com\/produto\/painel-alfabeto-ilustrado-arte-digital\/#primaryimage","url":"https:\/\/shop.bazarcia.com\/wp-content\/uploads\/2023\/11\/5-1.jpg","contentUrl":"https:\/\/shop.bazarcia.com\/wp-content\/uploads\/2023\/11\/5-1.jpg","width":1080,"height":1080},{"@type":"BreadcrumbList","@id":"https:\/\/shop.bazarcia.com\/produto\/painel-alfabeto-ilustrado-arte-digital\/#breadcrumb","itemListElement":[{"@type":"ListItem","position":1,"name":"In\u00edcio","item":"https:\/\/shop.bazarcia.com\/"},{"@type":"ListItem","position":2,"name":"Loja","item":"https:\/\/shop.bazarcia.com\/loja\/"},{"@type":"ListItem","position":3,"name":"Painel Alfabeto Ilustrado \u2013 Arte Digital"}]},{"@type":"WebSite","@id":"https:\/\/shop.bazarcia.com\/#website","url":"https:\/\/shop.bazarcia.com\/","name":"Bazar & Cia","description":"criatividade ponto a ponto","publisher":{"@id":"https:\/\/shop.bazarcia.com\/#organization"},"potentialAction":[{"@type":"SearchAction","target":{"@type":"EntryPoint","urlTemplate":"https:\/\/shop.bazarcia.com\/?s={search_term_string}"},"query-input":{"@type":"PropertyValueSpecification","valueRequired":true,"valueName":"search_term_string"}}],"inLanguage":"en-US"},{"@type":"Organization","@id":"https:\/\/shop.bazarcia.com\/#organization","name":"Bazar & Cia","url":"https:\/\/shop.bazarcia.com\/","logo":{"@type":"ImageObject","inLanguage":"en-US","@id":"https:\/\/shop.bazarcia.com\/#\/schema\/logo\/image\/","url":"https:\/\/shop.bazarcia.com\/wp-content\/uploads\/2024\/02\/cropped-logo_bazarcia.png","contentUrl":"https:\/\/shop.bazarcia.com\/wp-content\/uploads\/2024\/02\/cropped-logo_bazarcia.png","width":150,"height":150,"caption":"Bazar & Cia"},"image":{"@id":"https:\/\/shop.bazarcia.com\/#\/schema\/logo\/image\/"},"sameAs":["https:\/\/www.facebook.com\/shopbazarcia","https:\/\/www.instagram.com\/shopbazarcia","https:\/\/br.pinterest.com\/suzane_eloise\/","https:\/\/www.youtube.com\/c\/BazardoBordadoMatrizeseProjetos"]}]}},"_links":{"self":[{"href":"https:\/\/shop.bazarcia.com\/en\/wp-json\/wp\/v2\/product\/253282","targetHints":{"allow":["GET"]}}],"collection":[{"href":"https:\/\/shop.bazarcia.com\/en\/wp-json\/wp\/v2\/product"}],"about":[{"href":"https:\/\/shop.bazarcia.com\/en\/wp-json\/wp\/v2\/types\/product"}],"replies":[{"embeddable":true,"href":"https:\/\/shop.bazarcia.com\/en\/wp-json\/wp\/v2\/comments?post=253282"}],"version-history":[{"count":2,"href":"https:\/\/shop.bazarcia.com\/en\/wp-json\/wp\/v2\/product\/253282\/revisions"}],"predecessor-version":[{"id":281439,"href":"https:\/\/shop.bazarcia.com\/en\/wp-json\/wp\/v2\/product\/253282\/revisions\/281439"}],"wp:featuredmedia":[{"embeddable":true,"href":"https:\/\/shop.bazarcia.com\/en\/wp-json\/wp\/v2\/media\/253276"}],"wp:attachment":[{"href":"https:\/\/shop.bazarcia.com\/en\/wp-json\/wp\/v2\/media?parent=253282"}],"wp:term":[{"taxonomy":"product_brand","embeddable":true,"href":"https:\/\/shop.bazarcia.com\/en\/wp-json\/wp\/v2\/product_brand?post=253282"},{"taxonomy":"product_cat","embeddable":true,"href":"https:\/\/shop.bazarcia.com\/en\/wp-json\/wp\/v2\/product_cat?post=253282"},{"taxonomy":"product_tag","embeddable":true,"href":"https:\/\/shop.bazarcia.com\/en\/wp-json\/wp\/v2\/product_tag?post=253282"}],"curies":[{"name":"wp","href":"https:\/\/api.w.org\/{rel}","templated":true}]}}