{"id":253441,"date":"2023-11-17T17:58:22","date_gmt":"2023-11-17T20:58:22","guid":{"rendered":"https:\/\/shop.bazarcia.com\/?post_type=product&#038;p=253441"},"modified":"2024-10-25T18:40:28","modified_gmt":"2024-10-25T21:40:28","slug":"matriz-de-bordado-letra-ramo-e-coroa-menino-10x10-copia-2","status":"publish","type":"product","link":"https:\/\/shop.bazarcia.com\/en\/product\/matriz-de-bordado-letra-ramo-e-coroa-menino-10x10-copia-2\/","title":{"rendered":"Matriz de bordado- Letra ramo e coroa menino 10X10"},"content":{"rendered":"<p><!-- [if gte mso 9]&gt;--><\/p>\n<p><!-- [if gte mso 9]&gt;--><\/p>\n<p class=\"MsoNormal\">Matriz de Bordado, nome sobre posto com a inicial em ponto Tatame e e nome em ponto cheio, para personalizar pe\u00e7as delicadas, leves para bordar. Ideal para bordar em pe\u00e7as\u00a0 especiais infantis .O TAMANHO ESTA NA DESCRI\u00c7\u00c3O DA FOTO, compat\u00edvel com quase todas as maquinas.<\/p>\n<p class=\"MsoNormal\" style=\"line-height: normal\"><b><span style=\"font-size: 12.0pt;font-family: 'Times New Roman','serif'\">Libera\u00e7\u00e3o das Matrizes ocorre automaticamente ap\u00f3s a confirma\u00e7\u00e3o do pagamento, basta acessar a \u00e1rea de CLIENTE, aqui no SITE e ir na aba de DOWNLOADS.<\/span><\/b><\/p>\n<p class=\"MsoNormal\" style=\"line-height: normal\"><b><span style=\"font-size: 12.0pt;font-family: 'Times New Roman','serif'\"><br \/>\nS\u00e3o compat\u00edveis com v\u00e1rios tipos e modelos de maquinas, com os seguintes formatos:<br \/>\nEMB, PES, JEF, EXP, XXX, DST, HUS.<\/span><\/b><\/p>\n<p class=\"MsoNormal\" style=\"line-height: normal\"><b><span style=\"font-size: 12.0pt;font-family: 'Times New Roman','serif'\">Os mesmo s\u00e3o disponibilizados em pastas compactadas(zipadas), sendo necess\u00e1rio descompactar ap\u00f3s a compra.<\/span><\/b><\/p>\n","protected":false},"excerpt":{"rendered":"<p>Matriz de Bordado, nome sobre posto com a inicial em ponto Tatame e e nome em ponto cheio, para personalizar pe\u00e7as delicadas, leves para bordar. Ideal para bordar em pe\u00e7as\u00a0 especiais infantis . O TAMANHO ESTA NA DESCRI\u00c7\u00c3O DA FOTO, compat\u00edvel com quase todas as maquinas.<\/p>","protected":false},"featured_media":253443,"comment_status":"open","ping_status":"closed","template":"","meta":{"_acf_changed":false,"_joinchat":[]},"product_brand":[],"product_cat":[277,85,222,1059,1047,84,306],"product_tag":[1431,1433,1430,1544],"class_list":{"0":"post-253441","1":"product","2":"type-product","3":"status-publish","4":"has-post-thumbnail","6":"product_cat-alfabetos","7":"product_cat-apliques","8":"product_cat-batizado","9":"product_cat-criancas","10":"product_cat-cursos","11":"product_cat-matrizes-de-bordado","12":"product_cat-pacotinhos-de-matrizes","13":"product_tag-bordado-computadorizado","14":"product_tag-bordado-eletronico","15":"product_tag-matriz-de-bordado","16":"product_tag-toalha-de-mao","18":"first","19":"instock","20":"downloadable","21":"virtual","22":"purchasable","23":"product-type-simple"},"acf":[],"yoast_head":"<!-- This site is optimized with the Yoast SEO plugin v27.2 - https:\/\/yoast.com\/product\/yoast-seo-wordpress\/ -->\n<title>Matriz de bordado- Letra ramo e coroa menino 10X10 - \ud835\udc1b\ud835\udc1a\ud835\udc33\ud835\udc1a\ud835\udc2b &amp; \ud835\udc1c\ud835\udc22\ud835\udc1a<\/title>\n<meta name=\"robots\" content=\"index, follow, max-snippet:-1, max-image-preview:large, max-video-preview:-1\" \/>\n<link rel=\"canonical\" href=\"https:\/\/shop.bazarcia.com\/en\/product\/matriz-de-bordado-letra-ramo-e-coroa-menino-10x10-copia-2\/\" \/>\n<meta property=\"og:locale\" content=\"en_US\" \/>\n<meta property=\"og:type\" content=\"article\" \/>\n<meta property=\"og:title\" content=\"Matriz de bordado- Letra ramo e coroa menino 10X10 - \ud835\udc1b\ud835\udc1a\ud835\udc33\ud835\udc1a\ud835\udc2b &amp; \ud835\udc1c\ud835\udc22\ud835\udc1a\" \/>\n<meta property=\"og:description\" content=\"Matriz de Bordado, nome sobre posto com a inicial em ponto Tatame e e nome em ponto cheio, para personalizar pe\u00e7as delicadas, leves para bordar. Ideal para bordar em pe\u00e7as\u00a0 especiais infantis . O TAMANHO ESTA NA DESCRI\u00c7\u00c3O DA FOTO, compat\u00edvel com quase todas as maquinas.\" \/>\n<meta property=\"og:url\" content=\"https:\/\/shop.bazarcia.com\/en\/product\/matriz-de-bordado-letra-ramo-e-coroa-menino-10x10-copia-2\/\" \/>\n<meta property=\"og:site_name\" content=\"\ud835\udc1b\ud835\udc1a\ud835\udc33\ud835\udc1a\ud835\udc2b &amp; \ud835\udc1c\ud835\udc22\ud835\udc1a\" \/>\n<meta property=\"article:publisher\" content=\"https:\/\/www.facebook.com\/shopbazarcia\" \/>\n<meta property=\"article:modified_time\" content=\"2024-10-25T21:40:28+00:00\" \/>\n<meta property=\"og:image\" content=\"https:\/\/shop.bazarcia.com\/wp-content\/uploads\/2023\/11\/F-rippled-coroa-e-ramo.jpg\" \/>\n\t<meta property=\"og:image:width\" content=\"349\" \/>\n\t<meta property=\"og:image:height\" content=\"328\" \/>\n\t<meta property=\"og:image:type\" content=\"image\/jpeg\" \/>\n<meta name=\"twitter:card\" content=\"summary_large_image\" \/>\n<meta name=\"twitter:label1\" content=\"Est. reading time\" \/>\n\t<meta name=\"twitter:data1\" content=\"1 minute\" \/>\n<script type=\"application\/ld+json\" class=\"yoast-schema-graph\">{\"@context\":\"https:\/\/schema.org\",\"@graph\":[{\"@type\":\"WebPage\",\"@id\":\"https:\/\/shop.bazarcia.com\/produto\/matriz-de-bordado-letra-ramo-e-coroa-menino-10x10-copia-2\/\",\"url\":\"https:\/\/shop.bazarcia.com\/produto\/matriz-de-bordado-letra-ramo-e-coroa-menino-10x10-copia-2\/\",\"name\":\"Matriz de bordado- Letra ramo e coroa menino 10X10 - \ud835\udc1b\ud835\udc1a\ud835\udc33\ud835\udc1a\ud835\udc2b &amp; \ud835\udc1c\ud835\udc22\ud835\udc1a\",\"isPartOf\":{\"@id\":\"https:\/\/shop.bazarcia.com\/#website\"},\"primaryImageOfPage\":{\"@id\":\"https:\/\/shop.bazarcia.com\/produto\/matriz-de-bordado-letra-ramo-e-coroa-menino-10x10-copia-2\/#primaryimage\"},\"image\":{\"@id\":\"https:\/\/shop.bazarcia.com\/produto\/matriz-de-bordado-letra-ramo-e-coroa-menino-10x10-copia-2\/#primaryimage\"},\"thumbnailUrl\":\"https:\/\/shop.bazarcia.com\/wp-content\/uploads\/2023\/11\/F-rippled-coroa-e-ramo.jpg\",\"datePublished\":\"2023-11-17T20:58:22+00:00\",\"dateModified\":\"2024-10-25T21:40:28+00:00\",\"breadcrumb\":{\"@id\":\"https:\/\/shop.bazarcia.com\/produto\/matriz-de-bordado-letra-ramo-e-coroa-menino-10x10-copia-2\/#breadcrumb\"},\"inLanguage\":\"en-US\",\"potentialAction\":[{\"@type\":\"ReadAction\",\"target\":[\"https:\/\/shop.bazarcia.com\/produto\/matriz-de-bordado-letra-ramo-e-coroa-menino-10x10-copia-2\/\"]}]},{\"@type\":\"ImageObject\",\"inLanguage\":\"en-US\",\"@id\":\"https:\/\/shop.bazarcia.com\/produto\/matriz-de-bordado-letra-ramo-e-coroa-menino-10x10-copia-2\/#primaryimage\",\"url\":\"https:\/\/shop.bazarcia.com\/wp-content\/uploads\/2023\/11\/F-rippled-coroa-e-ramo.jpg\",\"contentUrl\":\"https:\/\/shop.bazarcia.com\/wp-content\/uploads\/2023\/11\/F-rippled-coroa-e-ramo.jpg\",\"width\":349,\"height\":328},{\"@type\":\"BreadcrumbList\",\"@id\":\"https:\/\/shop.bazarcia.com\/produto\/matriz-de-bordado-letra-ramo-e-coroa-menino-10x10-copia-2\/#breadcrumb\",\"itemListElement\":[{\"@type\":\"ListItem\",\"position\":1,\"name\":\"In\u00edcio\",\"item\":\"https:\/\/shop.bazarcia.com\/\"},{\"@type\":\"ListItem\",\"position\":2,\"name\":\"Loja\",\"item\":\"https:\/\/shop.bazarcia.com\/loja\/\"},{\"@type\":\"ListItem\",\"position\":3,\"name\":\"Matriz de bordado- Letra ramo e coroa menino 10X10\"}]},{\"@type\":\"WebSite\",\"@id\":\"https:\/\/shop.bazarcia.com\/#website\",\"url\":\"https:\/\/shop.bazarcia.com\/\",\"name\":\"Bazar & Cia\",\"description\":\"criatividade ponto a ponto\",\"publisher\":{\"@id\":\"https:\/\/shop.bazarcia.com\/#organization\"},\"potentialAction\":[{\"@type\":\"SearchAction\",\"target\":{\"@type\":\"EntryPoint\",\"urlTemplate\":\"https:\/\/shop.bazarcia.com\/?s={search_term_string}\"},\"query-input\":{\"@type\":\"PropertyValueSpecification\",\"valueRequired\":true,\"valueName\":\"search_term_string\"}}],\"inLanguage\":\"en-US\"},{\"@type\":\"Organization\",\"@id\":\"https:\/\/shop.bazarcia.com\/#organization\",\"name\":\"Bazar & Cia\",\"url\":\"https:\/\/shop.bazarcia.com\/\",\"logo\":{\"@type\":\"ImageObject\",\"inLanguage\":\"en-US\",\"@id\":\"https:\/\/shop.bazarcia.com\/#\/schema\/logo\/image\/\",\"url\":\"https:\/\/shop.bazarcia.com\/wp-content\/uploads\/2024\/02\/cropped-logo_bazarcia.png\",\"contentUrl\":\"https:\/\/shop.bazarcia.com\/wp-content\/uploads\/2024\/02\/cropped-logo_bazarcia.png\",\"width\":150,\"height\":150,\"caption\":\"Bazar & Cia\"},\"image\":{\"@id\":\"https:\/\/shop.bazarcia.com\/#\/schema\/logo\/image\/\"},\"sameAs\":[\"https:\/\/www.facebook.com\/shopbazarcia\",\"https:\/\/www.instagram.com\/shopbazarcia\",\"https:\/\/br.pinterest.com\/suzane_eloise\/\",\"https:\/\/www.youtube.com\/c\/BazardoBordadoMatrizeseProjetos\"]}]}<\/script>\n<!-- \/ Yoast SEO plugin. -->","yoast_head_json":{"title":"Matriz de bordado- Letra ramo e coroa menino 10X10 - \ud835\udc1b\ud835\udc1a\ud835\udc33\ud835\udc1a\ud835\udc2b &amp; \ud835\udc1c\ud835\udc22\ud835\udc1a","robots":{"index":"index","follow":"follow","max-snippet":"max-snippet:-1","max-image-preview":"max-image-preview:large","max-video-preview":"max-video-preview:-1"},"canonical":"https:\/\/shop.bazarcia.com\/en\/product\/matriz-de-bordado-letra-ramo-e-coroa-menino-10x10-copia-2\/","og_locale":"en_US","og_type":"article","og_title":"Matriz de bordado- Letra ramo e coroa menino 10X10 - \ud835\udc1b\ud835\udc1a\ud835\udc33\ud835\udc1a\ud835\udc2b &amp; \ud835\udc1c\ud835\udc22\ud835\udc1a","og_description":"Matriz de Bordado, nome sobre posto com a inicial em ponto Tatame e e nome em ponto cheio, para personalizar pe\u00e7as delicadas, leves para bordar. Ideal para bordar em pe\u00e7as\u00a0 especiais infantis . O TAMANHO ESTA NA DESCRI\u00c7\u00c3O DA FOTO, compat\u00edvel com quase todas as maquinas.","og_url":"https:\/\/shop.bazarcia.com\/en\/product\/matriz-de-bordado-letra-ramo-e-coroa-menino-10x10-copia-2\/","og_site_name":"\ud835\udc1b\ud835\udc1a\ud835\udc33\ud835\udc1a\ud835\udc2b &amp; \ud835\udc1c\ud835\udc22\ud835\udc1a","article_publisher":"https:\/\/www.facebook.com\/shopbazarcia","article_modified_time":"2024-10-25T21:40:28+00:00","og_image":[{"width":349,"height":328,"url":"https:\/\/shop.bazarcia.com\/wp-content\/uploads\/2023\/11\/F-rippled-coroa-e-ramo.jpg","type":"image\/jpeg"}],"twitter_card":"summary_large_image","twitter_misc":{"Est. reading time":"1 minute"},"schema":{"@context":"https:\/\/schema.org","@graph":[{"@type":"WebPage","@id":"https:\/\/shop.bazarcia.com\/produto\/matriz-de-bordado-letra-ramo-e-coroa-menino-10x10-copia-2\/","url":"https:\/\/shop.bazarcia.com\/produto\/matriz-de-bordado-letra-ramo-e-coroa-menino-10x10-copia-2\/","name":"Matriz de bordado- Letra ramo e coroa menino 10X10 - \ud835\udc1b\ud835\udc1a\ud835\udc33\ud835\udc1a\ud835\udc2b &amp; \ud835\udc1c\ud835\udc22\ud835\udc1a","isPartOf":{"@id":"https:\/\/shop.bazarcia.com\/#website"},"primaryImageOfPage":{"@id":"https:\/\/shop.bazarcia.com\/produto\/matriz-de-bordado-letra-ramo-e-coroa-menino-10x10-copia-2\/#primaryimage"},"image":{"@id":"https:\/\/shop.bazarcia.com\/produto\/matriz-de-bordado-letra-ramo-e-coroa-menino-10x10-copia-2\/#primaryimage"},"thumbnailUrl":"https:\/\/shop.bazarcia.com\/wp-content\/uploads\/2023\/11\/F-rippled-coroa-e-ramo.jpg","datePublished":"2023-11-17T20:58:22+00:00","dateModified":"2024-10-25T21:40:28+00:00","breadcrumb":{"@id":"https:\/\/shop.bazarcia.com\/produto\/matriz-de-bordado-letra-ramo-e-coroa-menino-10x10-copia-2\/#breadcrumb"},"inLanguage":"en-US","potentialAction":[{"@type":"ReadAction","target":["https:\/\/shop.bazarcia.com\/produto\/matriz-de-bordado-letra-ramo-e-coroa-menino-10x10-copia-2\/"]}]},{"@type":"ImageObject","inLanguage":"en-US","@id":"https:\/\/shop.bazarcia.com\/produto\/matriz-de-bordado-letra-ramo-e-coroa-menino-10x10-copia-2\/#primaryimage","url":"https:\/\/shop.bazarcia.com\/wp-content\/uploads\/2023\/11\/F-rippled-coroa-e-ramo.jpg","contentUrl":"https:\/\/shop.bazarcia.com\/wp-content\/uploads\/2023\/11\/F-rippled-coroa-e-ramo.jpg","width":349,"height":328},{"@type":"BreadcrumbList","@id":"https:\/\/shop.bazarcia.com\/produto\/matriz-de-bordado-letra-ramo-e-coroa-menino-10x10-copia-2\/#breadcrumb","itemListElement":[{"@type":"ListItem","position":1,"name":"In\u00edcio","item":"https:\/\/shop.bazarcia.com\/"},{"@type":"ListItem","position":2,"name":"Loja","item":"https:\/\/shop.bazarcia.com\/loja\/"},{"@type":"ListItem","position":3,"name":"Matriz de bordado- Letra ramo e coroa menino 10X10"}]},{"@type":"WebSite","@id":"https:\/\/shop.bazarcia.com\/#website","url":"https:\/\/shop.bazarcia.com\/","name":"Bazar & Cia","description":"criatividade ponto a ponto","publisher":{"@id":"https:\/\/shop.bazarcia.com\/#organization"},"potentialAction":[{"@type":"SearchAction","target":{"@type":"EntryPoint","urlTemplate":"https:\/\/shop.bazarcia.com\/?s={search_term_string}"},"query-input":{"@type":"PropertyValueSpecification","valueRequired":true,"valueName":"search_term_string"}}],"inLanguage":"en-US"},{"@type":"Organization","@id":"https:\/\/shop.bazarcia.com\/#organization","name":"Bazar & Cia","url":"https:\/\/shop.bazarcia.com\/","logo":{"@type":"ImageObject","inLanguage":"en-US","@id":"https:\/\/shop.bazarcia.com\/#\/schema\/logo\/image\/","url":"https:\/\/shop.bazarcia.com\/wp-content\/uploads\/2024\/02\/cropped-logo_bazarcia.png","contentUrl":"https:\/\/shop.bazarcia.com\/wp-content\/uploads\/2024\/02\/cropped-logo_bazarcia.png","width":150,"height":150,"caption":"Bazar & Cia"},"image":{"@id":"https:\/\/shop.bazarcia.com\/#\/schema\/logo\/image\/"},"sameAs":["https:\/\/www.facebook.com\/shopbazarcia","https:\/\/www.instagram.com\/shopbazarcia","https:\/\/br.pinterest.com\/suzane_eloise\/","https:\/\/www.youtube.com\/c\/BazardoBordadoMatrizeseProjetos"]}]}},"_links":{"self":[{"href":"https:\/\/shop.bazarcia.com\/en\/wp-json\/wp\/v2\/product\/253441","targetHints":{"allow":["GET"]}}],"collection":[{"href":"https:\/\/shop.bazarcia.com\/en\/wp-json\/wp\/v2\/product"}],"about":[{"href":"https:\/\/shop.bazarcia.com\/en\/wp-json\/wp\/v2\/types\/product"}],"replies":[{"embeddable":true,"href":"https:\/\/shop.bazarcia.com\/en\/wp-json\/wp\/v2\/comments?post=253441"}],"version-history":[{"count":2,"href":"https:\/\/shop.bazarcia.com\/en\/wp-json\/wp\/v2\/product\/253441\/revisions"}],"predecessor-version":[{"id":253445,"href":"https:\/\/shop.bazarcia.com\/en\/wp-json\/wp\/v2\/product\/253441\/revisions\/253445"}],"wp:featuredmedia":[{"embeddable":true,"href":"https:\/\/shop.bazarcia.com\/en\/wp-json\/wp\/v2\/media\/253443"}],"wp:attachment":[{"href":"https:\/\/shop.bazarcia.com\/en\/wp-json\/wp\/v2\/media?parent=253441"}],"wp:term":[{"taxonomy":"product_brand","embeddable":true,"href":"https:\/\/shop.bazarcia.com\/en\/wp-json\/wp\/v2\/product_brand?post=253441"},{"taxonomy":"product_cat","embeddable":true,"href":"https:\/\/shop.bazarcia.com\/en\/wp-json\/wp\/v2\/product_cat?post=253441"},{"taxonomy":"product_tag","embeddable":true,"href":"https:\/\/shop.bazarcia.com\/en\/wp-json\/wp\/v2\/product_tag?post=253441"}],"curies":[{"name":"wp","href":"https:\/\/api.w.org\/{rel}","templated":true}]}}