{"id":254600,"date":"2023-11-27T06:48:07","date_gmt":"2023-11-27T09:48:07","guid":{"rendered":"https:\/\/shop.bazarcia.com\/en\/product\/matrizes-de-bordado-colecao-brasao-ursinhos\/"},"modified":"2023-11-28T09:50:56","modified_gmt":"2023-11-28T12:50:56","slug":"matrizes-de-bordado-colecao-brasao-ursinhos","status":"publish","type":"product","link":"https:\/\/shop.bazarcia.com\/en\/product\/matrizes-de-bordado-colecao-brasao-ursinhos\/","title":{"rendered":"Matrizes de Bordado &#8211; Cole\u00e7\u00e3o Bras\u00e3o Ursinhos"},"content":{"rendered":"<p>Matrizes de bordado &#8211; Cole\u00e7\u00e3o Bras\u00e3o Ursinhos . S\u00e3o 6 matrizes, pensadas para serem leves e f\u00e1ceis de bordar, em rippled e ponto cheio. Matrizes ideais para toalhinhas, fraldinhas e o que sua imagina\u00e7\u00e3o permitir.<\/p>\n<p>Matrizes com altura e largura proporcional: 10cm, 12cm, 13cm, 15cm, 18cm e 20cm<\/p>\n<p>Os mesmos s\u00e3o compat\u00edveis com v\u00e1rios tipos e modelos de m\u00e1quinas, com os seguintes formatos : PES \u2013 JEF \u2013\u00a0 EXP \u2013 XXX \u2013 DST &#8211; HUS.<\/p>\n<p>Este \u00e9 um produto digital que \u00e9 disponibilizado para DOWNLOAD logo ap\u00f3s a confirma\u00e7\u00e3o do pagamento.<\/p>\n<p>Os arquivos est\u00e3o em pasta compactada(ZIP), sendo necess\u00e1rio descompactar.<\/p>\n<p>&nbsp;<\/p>\n<p>Ao efetuar a compra de alguma matriz ou projeto de nossa loja, voc\u00ea adquire a LICEN\u00c7A DE USO do produto. Isso significa que o arquivo pertence \u00fanica e exclusivamente ao Pequena Margarida Ateli\u00ea e voc\u00ea obt\u00e9m, a partir da compra, o direito de us\u00e1-lo sob determinadas condi\u00e7\u00f5es, sendo elas:<\/p>\n<p>&#8211; Uso Pessoal: uso dos arquivos para produ\u00e7\u00e3o de itens para uso pessoal e sem fins lucrativos.<\/p>\n<p>&#8211; Uso Comercial: Uso dos arquivos para produ\u00e7\u00e3o de pe\u00e7as para comercializa\u00e7\u00e3o. As licen\u00e7as de Uso N\u00c3O te d\u00e3o direito, em hip\u00f3tese alguma de sub-licenciar, distribuir, doar, repassar, comercializar, revender ou compartilhar nosso arquivos. Isso tamb\u00e9m se aplica aos nossos arquivos gratuitos (Brindes). Pirataria \u00e9 CRIME!<\/p>","protected":false},"excerpt":{"rendered":"<p>*Matrizes de bordado &#8211; Cole\u00e7\u00e3o Bras\u00e3o Ursinhos* Composta por 5 matrizes lindas, em rippled e ponto cheio. Dispon\u00edvel em v\u00e1rios tamanhos e formatos: PES \u2013 JEF \u2013 EXP \u2013 DST \u2013 HUS \u2013 XXX. Bastidores: 13\u00d718 ou maiores.<\/p>","protected":false},"featured_media":254597,"comment_status":"open","ping_status":"closed","template":"","meta":{"_acf_changed":false,"_joinchat":[]},"product_brand":[],"product_cat":[122,279,1246,1066,84,312,336,1550,303,123],"product_tag":[1430,1432],"class_list":{"0":"post-254600","1":"product","2":"type-product","3":"status-publish","4":"has-post-thumbnail","6":"product_cat-matrizes-de-bordado-animais","7":"product_cat-arabescos-e-ramos","8":"product_cat-brasoes","9":"product_cat-colecoes-matrizes-de-bordado","10":"product_cat-matrizes-de-bordado","11":"product_cat-matrizes-pontos-leves","12":"product_cat-molduras","13":"product_cat-molduras-em-bordado","14":"product_cat-monogramas","15":"product_cat-ursinhos","16":"product_tag-matriz-de-bordado","17":"product_tag-matrizes-de-bordado","19":"first","20":"instock","21":"downloadable","22":"virtual","23":"purchasable","24":"product-type-simple"},"acf":[],"yoast_head":"<!-- This site is optimized with the Yoast SEO plugin v27.2 - https:\/\/yoast.com\/product\/yoast-seo-wordpress\/ -->\n<title>Matrizes de Bordado - Cole\u00e7\u00e3o Bras\u00e3o Ursinhos - \ud835\udc1b\ud835\udc1a\ud835\udc33\ud835\udc1a\ud835\udc2b &amp; \ud835\udc1c\ud835\udc22\ud835\udc1a<\/title>\n<meta name=\"robots\" content=\"index, follow, max-snippet:-1, max-image-preview:large, max-video-preview:-1\" \/>\n<link rel=\"canonical\" href=\"https:\/\/shop.bazarcia.com\/en\/product\/matrizes-de-bordado-colecao-brasao-ursinhos\/\" \/>\n<meta property=\"og:locale\" content=\"en_US\" \/>\n<meta property=\"og:type\" content=\"article\" \/>\n<meta property=\"og:title\" content=\"Matrizes de Bordado - Cole\u00e7\u00e3o Bras\u00e3o Ursinhos - \ud835\udc1b\ud835\udc1a\ud835\udc33\ud835\udc1a\ud835\udc2b &amp; \ud835\udc1c\ud835\udc22\ud835\udc1a\" \/>\n<meta property=\"og:description\" content=\"*Matrizes de bordado - Cole\u00e7\u00e3o Bras\u00e3o Ursinhos* Composta por 5 matrizes lindas, em rippled e ponto cheio. Dispon\u00edvel em v\u00e1rios tamanhos e formatos: PES \u2013 JEF \u2013 EXP \u2013 DST \u2013 HUS \u2013 XXX. Bastidores: 13\u00d718 ou maiores.\" \/>\n<meta property=\"og:url\" content=\"https:\/\/shop.bazarcia.com\/en\/product\/matrizes-de-bordado-colecao-brasao-ursinhos\/\" \/>\n<meta property=\"og:site_name\" content=\"\ud835\udc1b\ud835\udc1a\ud835\udc33\ud835\udc1a\ud835\udc2b &amp; \ud835\udc1c\ud835\udc22\ud835\udc1a\" \/>\n<meta property=\"article:publisher\" content=\"https:\/\/www.facebook.com\/shopbazarcia\" \/>\n<meta property=\"article:modified_time\" content=\"2023-11-28T12:50:56+00:00\" \/>\n<meta property=\"og:image\" content=\"https:\/\/shop.bazarcia.com\/wp-content\/uploads\/2023\/11\/BrasaoUrsinhos1.png\" \/>\n\t<meta property=\"og:image:width\" content=\"1080\" \/>\n\t<meta property=\"og:image:height\" content=\"1080\" \/>\n\t<meta property=\"og:image:type\" content=\"image\/png\" \/>\n<meta name=\"twitter:card\" content=\"summary_large_image\" \/>\n<meta name=\"twitter:label1\" content=\"Est. reading time\" \/>\n\t<meta name=\"twitter:data1\" content=\"1 minute\" \/>\n<script type=\"application\/ld+json\" class=\"yoast-schema-graph\">{\"@context\":\"https:\/\/schema.org\",\"@graph\":[{\"@type\":\"WebPage\",\"@id\":\"https:\/\/shop.bazarcia.com\/en\/product\/matrizes-de-bordado-colecao-brasao-ursinhos\/\",\"url\":\"https:\/\/shop.bazarcia.com\/en\/product\/matrizes-de-bordado-colecao-brasao-ursinhos\/\",\"name\":\"Matrizes de Bordado - Cole\u00e7\u00e3o Bras\u00e3o Ursinhos - \ud835\udc1b\ud835\udc1a\ud835\udc33\ud835\udc1a\ud835\udc2b &amp; \ud835\udc1c\ud835\udc22\ud835\udc1a\",\"isPartOf\":{\"@id\":\"https:\/\/shop.bazarcia.com\/#website\"},\"primaryImageOfPage\":{\"@id\":\"https:\/\/shop.bazarcia.com\/en\/product\/matrizes-de-bordado-colecao-brasao-ursinhos\/#primaryimage\"},\"image\":{\"@id\":\"https:\/\/shop.bazarcia.com\/en\/product\/matrizes-de-bordado-colecao-brasao-ursinhos\/#primaryimage\"},\"thumbnailUrl\":\"https:\/\/shop.bazarcia.com\/wp-content\/uploads\/2023\/11\/BrasaoUrsinhos1.png\",\"datePublished\":\"2023-11-27T09:48:07+00:00\",\"dateModified\":\"2023-11-28T12:50:56+00:00\",\"breadcrumb\":{\"@id\":\"https:\/\/shop.bazarcia.com\/en\/product\/matrizes-de-bordado-colecao-brasao-ursinhos\/#breadcrumb\"},\"inLanguage\":\"en-US\",\"potentialAction\":[{\"@type\":\"ReadAction\",\"target\":[\"https:\/\/shop.bazarcia.com\/en\/product\/matrizes-de-bordado-colecao-brasao-ursinhos\/\"]}]},{\"@type\":\"ImageObject\",\"inLanguage\":\"en-US\",\"@id\":\"https:\/\/shop.bazarcia.com\/en\/product\/matrizes-de-bordado-colecao-brasao-ursinhos\/#primaryimage\",\"url\":\"https:\/\/shop.bazarcia.com\/wp-content\/uploads\/2023\/11\/BrasaoUrsinhos1.png\",\"contentUrl\":\"https:\/\/shop.bazarcia.com\/wp-content\/uploads\/2023\/11\/BrasaoUrsinhos1.png\",\"width\":1080,\"height\":1080},{\"@type\":\"BreadcrumbList\",\"@id\":\"https:\/\/shop.bazarcia.com\/en\/product\/matrizes-de-bordado-colecao-brasao-ursinhos\/#breadcrumb\",\"itemListElement\":[{\"@type\":\"ListItem\",\"position\":1,\"name\":\"In\u00edcio\",\"item\":\"https:\/\/shop.bazarcia.com\/\"},{\"@type\":\"ListItem\",\"position\":2,\"name\":\"Loja\",\"item\":\"https:\/\/shop.bazarcia.com\/loja\/\"},{\"@type\":\"ListItem\",\"position\":3,\"name\":\"Matrizes de Bordado &#8211; Cole\u00e7\u00e3o Bras\u00e3o Ursinhos\"}]},{\"@type\":\"WebSite\",\"@id\":\"https:\/\/shop.bazarcia.com\/#website\",\"url\":\"https:\/\/shop.bazarcia.com\/\",\"name\":\"Bazar & Cia\",\"description\":\"criatividade ponto a ponto\",\"publisher\":{\"@id\":\"https:\/\/shop.bazarcia.com\/#organization\"},\"potentialAction\":[{\"@type\":\"SearchAction\",\"target\":{\"@type\":\"EntryPoint\",\"urlTemplate\":\"https:\/\/shop.bazarcia.com\/?s={search_term_string}\"},\"query-input\":{\"@type\":\"PropertyValueSpecification\",\"valueRequired\":true,\"valueName\":\"search_term_string\"}}],\"inLanguage\":\"en-US\"},{\"@type\":\"Organization\",\"@id\":\"https:\/\/shop.bazarcia.com\/#organization\",\"name\":\"Bazar & Cia\",\"url\":\"https:\/\/shop.bazarcia.com\/\",\"logo\":{\"@type\":\"ImageObject\",\"inLanguage\":\"en-US\",\"@id\":\"https:\/\/shop.bazarcia.com\/#\/schema\/logo\/image\/\",\"url\":\"https:\/\/shop.bazarcia.com\/wp-content\/uploads\/2024\/02\/cropped-logo_bazarcia.png\",\"contentUrl\":\"https:\/\/shop.bazarcia.com\/wp-content\/uploads\/2024\/02\/cropped-logo_bazarcia.png\",\"width\":150,\"height\":150,\"caption\":\"Bazar & Cia\"},\"image\":{\"@id\":\"https:\/\/shop.bazarcia.com\/#\/schema\/logo\/image\/\"},\"sameAs\":[\"https:\/\/www.facebook.com\/shopbazarcia\",\"https:\/\/www.instagram.com\/shopbazarcia\",\"https:\/\/br.pinterest.com\/suzane_eloise\/\",\"https:\/\/www.youtube.com\/c\/BazardoBordadoMatrizeseProjetos\"]}]}<\/script>\n<!-- \/ Yoast SEO plugin. -->","yoast_head_json":{"title":"Matrizes de Bordado - Cole\u00e7\u00e3o Bras\u00e3o Ursinhos - \ud835\udc1b\ud835\udc1a\ud835\udc33\ud835\udc1a\ud835\udc2b &amp; \ud835\udc1c\ud835\udc22\ud835\udc1a","robots":{"index":"index","follow":"follow","max-snippet":"max-snippet:-1","max-image-preview":"max-image-preview:large","max-video-preview":"max-video-preview:-1"},"canonical":"https:\/\/shop.bazarcia.com\/en\/product\/matrizes-de-bordado-colecao-brasao-ursinhos\/","og_locale":"en_US","og_type":"article","og_title":"Matrizes de Bordado - Cole\u00e7\u00e3o Bras\u00e3o Ursinhos - \ud835\udc1b\ud835\udc1a\ud835\udc33\ud835\udc1a\ud835\udc2b &amp; \ud835\udc1c\ud835\udc22\ud835\udc1a","og_description":"*Matrizes de bordado - Cole\u00e7\u00e3o Bras\u00e3o Ursinhos* Composta por 5 matrizes lindas, em rippled e ponto cheio. Dispon\u00edvel em v\u00e1rios tamanhos e formatos: PES \u2013 JEF \u2013 EXP \u2013 DST \u2013 HUS \u2013 XXX. Bastidores: 13\u00d718 ou maiores.","og_url":"https:\/\/shop.bazarcia.com\/en\/product\/matrizes-de-bordado-colecao-brasao-ursinhos\/","og_site_name":"\ud835\udc1b\ud835\udc1a\ud835\udc33\ud835\udc1a\ud835\udc2b &amp; \ud835\udc1c\ud835\udc22\ud835\udc1a","article_publisher":"https:\/\/www.facebook.com\/shopbazarcia","article_modified_time":"2023-11-28T12:50:56+00:00","og_image":[{"width":1080,"height":1080,"url":"https:\/\/shop.bazarcia.com\/wp-content\/uploads\/2023\/11\/BrasaoUrsinhos1.png","type":"image\/png"}],"twitter_card":"summary_large_image","twitter_misc":{"Est. reading time":"1 minute"},"schema":{"@context":"https:\/\/schema.org","@graph":[{"@type":"WebPage","@id":"https:\/\/shop.bazarcia.com\/en\/product\/matrizes-de-bordado-colecao-brasao-ursinhos\/","url":"https:\/\/shop.bazarcia.com\/en\/product\/matrizes-de-bordado-colecao-brasao-ursinhos\/","name":"Matrizes de Bordado - Cole\u00e7\u00e3o Bras\u00e3o Ursinhos - \ud835\udc1b\ud835\udc1a\ud835\udc33\ud835\udc1a\ud835\udc2b &amp; \ud835\udc1c\ud835\udc22\ud835\udc1a","isPartOf":{"@id":"https:\/\/shop.bazarcia.com\/#website"},"primaryImageOfPage":{"@id":"https:\/\/shop.bazarcia.com\/en\/product\/matrizes-de-bordado-colecao-brasao-ursinhos\/#primaryimage"},"image":{"@id":"https:\/\/shop.bazarcia.com\/en\/product\/matrizes-de-bordado-colecao-brasao-ursinhos\/#primaryimage"},"thumbnailUrl":"https:\/\/shop.bazarcia.com\/wp-content\/uploads\/2023\/11\/BrasaoUrsinhos1.png","datePublished":"2023-11-27T09:48:07+00:00","dateModified":"2023-11-28T12:50:56+00:00","breadcrumb":{"@id":"https:\/\/shop.bazarcia.com\/en\/product\/matrizes-de-bordado-colecao-brasao-ursinhos\/#breadcrumb"},"inLanguage":"en-US","potentialAction":[{"@type":"ReadAction","target":["https:\/\/shop.bazarcia.com\/en\/product\/matrizes-de-bordado-colecao-brasao-ursinhos\/"]}]},{"@type":"ImageObject","inLanguage":"en-US","@id":"https:\/\/shop.bazarcia.com\/en\/product\/matrizes-de-bordado-colecao-brasao-ursinhos\/#primaryimage","url":"https:\/\/shop.bazarcia.com\/wp-content\/uploads\/2023\/11\/BrasaoUrsinhos1.png","contentUrl":"https:\/\/shop.bazarcia.com\/wp-content\/uploads\/2023\/11\/BrasaoUrsinhos1.png","width":1080,"height":1080},{"@type":"BreadcrumbList","@id":"https:\/\/shop.bazarcia.com\/en\/product\/matrizes-de-bordado-colecao-brasao-ursinhos\/#breadcrumb","itemListElement":[{"@type":"ListItem","position":1,"name":"In\u00edcio","item":"https:\/\/shop.bazarcia.com\/"},{"@type":"ListItem","position":2,"name":"Loja","item":"https:\/\/shop.bazarcia.com\/loja\/"},{"@type":"ListItem","position":3,"name":"Matrizes de Bordado &#8211; Cole\u00e7\u00e3o Bras\u00e3o Ursinhos"}]},{"@type":"WebSite","@id":"https:\/\/shop.bazarcia.com\/#website","url":"https:\/\/shop.bazarcia.com\/","name":"Bazar & Cia","description":"criatividade ponto a ponto","publisher":{"@id":"https:\/\/shop.bazarcia.com\/#organization"},"potentialAction":[{"@type":"SearchAction","target":{"@type":"EntryPoint","urlTemplate":"https:\/\/shop.bazarcia.com\/?s={search_term_string}"},"query-input":{"@type":"PropertyValueSpecification","valueRequired":true,"valueName":"search_term_string"}}],"inLanguage":"en-US"},{"@type":"Organization","@id":"https:\/\/shop.bazarcia.com\/#organization","name":"Bazar & Cia","url":"https:\/\/shop.bazarcia.com\/","logo":{"@type":"ImageObject","inLanguage":"en-US","@id":"https:\/\/shop.bazarcia.com\/#\/schema\/logo\/image\/","url":"https:\/\/shop.bazarcia.com\/wp-content\/uploads\/2024\/02\/cropped-logo_bazarcia.png","contentUrl":"https:\/\/shop.bazarcia.com\/wp-content\/uploads\/2024\/02\/cropped-logo_bazarcia.png","width":150,"height":150,"caption":"Bazar & Cia"},"image":{"@id":"https:\/\/shop.bazarcia.com\/#\/schema\/logo\/image\/"},"sameAs":["https:\/\/www.facebook.com\/shopbazarcia","https:\/\/www.instagram.com\/shopbazarcia","https:\/\/br.pinterest.com\/suzane_eloise\/","https:\/\/www.youtube.com\/c\/BazardoBordadoMatrizeseProjetos"]}]}},"_links":{"self":[{"href":"https:\/\/shop.bazarcia.com\/en\/wp-json\/wp\/v2\/product\/254600","targetHints":{"allow":["GET"]}}],"collection":[{"href":"https:\/\/shop.bazarcia.com\/en\/wp-json\/wp\/v2\/product"}],"about":[{"href":"https:\/\/shop.bazarcia.com\/en\/wp-json\/wp\/v2\/types\/product"}],"replies":[{"embeddable":true,"href":"https:\/\/shop.bazarcia.com\/en\/wp-json\/wp\/v2\/comments?post=254600"}],"version-history":[{"count":1,"href":"https:\/\/shop.bazarcia.com\/en\/wp-json\/wp\/v2\/product\/254600\/revisions"}],"predecessor-version":[{"id":254602,"href":"https:\/\/shop.bazarcia.com\/en\/wp-json\/wp\/v2\/product\/254600\/revisions\/254602"}],"wp:featuredmedia":[{"embeddable":true,"href":"https:\/\/shop.bazarcia.com\/en\/wp-json\/wp\/v2\/media\/254597"}],"wp:attachment":[{"href":"https:\/\/shop.bazarcia.com\/en\/wp-json\/wp\/v2\/media?parent=254600"}],"wp:term":[{"taxonomy":"product_brand","embeddable":true,"href":"https:\/\/shop.bazarcia.com\/en\/wp-json\/wp\/v2\/product_brand?post=254600"},{"taxonomy":"product_cat","embeddable":true,"href":"https:\/\/shop.bazarcia.com\/en\/wp-json\/wp\/v2\/product_cat?post=254600"},{"taxonomy":"product_tag","embeddable":true,"href":"https:\/\/shop.bazarcia.com\/en\/wp-json\/wp\/v2\/product_tag?post=254600"}],"curies":[{"name":"wp","href":"https:\/\/api.w.org\/{rel}","templated":true}]}}