{"id":257055,"date":"2023-12-23T14:21:51","date_gmt":"2023-12-23T17:21:51","guid":{"rendered":"https:\/\/shop.bazarcia.com\/?post_type=product&#038;p=257055"},"modified":"2023-12-23T14:34:13","modified_gmt":"2023-12-23T17:34:13","slug":"projeto-coelhinho-esconde-esconde-cade-achoou","status":"publish","type":"product","link":"https:\/\/shop.bazarcia.com\/en\/product\/projeto-coelhinho-esconde-esconde-cade-achoou\/","title":{"rendered":"Projeto Coelhinho Esconde-Esconde (Cad\u00ea? Achoou!)"},"content":{"rendered":"<p>Projeto para fazer\u00a0 na Bordadeira, com passo a passo em fotos e explica\u00e7\u00f5es escritas (bem detalhadas).<\/p>\n<p>Um projeto\u00a0 que voc\u00ea pode fazer bordando no Body, Camiseta, P\u00e1gina de Livro Sensorial ou qualquer outra pe\u00e7a que desejar. Muito bom para vender\u00a0 ou presentear na P\u00e1scoa.<\/p>\n<p>? Bastidor necess\u00e1rio: a partir do 10&#215;10.<\/p>","protected":false},"excerpt":{"rendered":"<p>Projeto para fazer\u00a0 na Bordadeira, com passo a passo em fotos e explica\u00e7\u00f5es escritas (bem detalhadas).<\/p>\n<p>Um projeto\u00a0 que voc\u00ea pode fazer bordando no Body, Camiseta, P\u00e1gina de Livro Sensorial ou qualquer outra pe\u00e7a que desejar. Muito bom para vender\u00a0 ou presentear na P\u00e1scoa.<\/p>\n<p>? Bastidor necess\u00e1rio: a partir do 10&#215;10.<\/p>","protected":false},"featured_media":257057,"comment_status":"open","ping_status":"closed","template":"","meta":{"_acf_changed":false,"_joinchat":[]},"product_brand":[],"product_cat":[122,208,84,302,1893,98,1383,1384,1330,1373],"product_tag":[],"class_list":{"0":"post-257055","1":"product","2":"type-product","3":"status-publish","4":"has-post-thumbnail","6":"product_cat-matrizes-de-bordado-animais","7":"product_cat-coelhinhos","8":"product_cat-matrizes-de-bordado","9":"product_cat-matrizes-de-bordado-3d","10":"product_cat-projetos-didaticos-na-bordadeira-ith","11":"product_cat-projetos-na-bordadeira-in-the-hoop-embroidery","12":"product_cat-projetos-para-bastidor-10x10","13":"product_cat-projetos-para-bastidor-14x14","14":"product_cat-projetos-para-datas-especiais","15":"product_cat-pascoa-projetos-para-datas-especiais","17":"first","18":"instock","19":"sale","20":"downloadable","21":"virtual","22":"purchasable","23":"product-type-simple"},"acf":[],"yoast_head":"<!-- This site is optimized with the Yoast SEO plugin v27.2 - https:\/\/yoast.com\/product\/yoast-seo-wordpress\/ -->\n<title>Projeto Coelhinho Esconde-Esconde (Cad\u00ea? Achoou!) - \ud835\udc1b\ud835\udc1a\ud835\udc33\ud835\udc1a\ud835\udc2b &amp; \ud835\udc1c\ud835\udc22\ud835\udc1a<\/title>\n<meta name=\"robots\" content=\"index, follow, max-snippet:-1, max-image-preview:large, max-video-preview:-1\" \/>\n<link rel=\"canonical\" href=\"https:\/\/shop.bazarcia.com\/en\/product\/projeto-coelhinho-esconde-esconde-cade-achoou\/\" \/>\n<meta property=\"og:locale\" content=\"en_US\" \/>\n<meta property=\"og:type\" content=\"article\" \/>\n<meta property=\"og:title\" content=\"Projeto Coelhinho Esconde-Esconde (Cad\u00ea? Achoou!) - \ud835\udc1b\ud835\udc1a\ud835\udc33\ud835\udc1a\ud835\udc2b &amp; \ud835\udc1c\ud835\udc22\ud835\udc1a\" \/>\n<meta property=\"og:description\" content=\"Projeto para fazer\u00a0 na Bordadeira, com passo a passo em fotos e explica\u00e7\u00f5es escritas (bem detalhadas).  Um projeto\u00a0 que voc\u00ea pode fazer bordando no Body, Camiseta, P\u00e1gina de Livro Sensorial ou qualquer outra pe\u00e7a que desejar. Muito bom para vender\u00a0 ou presentear na P\u00e1scoa.  ? Bastidor necess\u00e1rio: a partir do 10x10.\" \/>\n<meta property=\"og:url\" content=\"https:\/\/shop.bazarcia.com\/en\/product\/projeto-coelhinho-esconde-esconde-cade-achoou\/\" \/>\n<meta property=\"og:site_name\" content=\"\ud835\udc1b\ud835\udc1a\ud835\udc33\ud835\udc1a\ud835\udc2b &amp; \ud835\udc1c\ud835\udc22\ud835\udc1a\" \/>\n<meta property=\"article:publisher\" content=\"https:\/\/www.facebook.com\/shopbazarcia\" \/>\n<meta property=\"article:modified_time\" content=\"2023-12-23T17:34:13+00:00\" \/>\n<meta property=\"og:image\" content=\"https:\/\/shop.bazarcia.com\/wp-content\/uploads\/2023\/12\/coelho-esconde.png\" \/>\n\t<meta property=\"og:image:width\" content=\"1080\" \/>\n\t<meta property=\"og:image:height\" content=\"1080\" \/>\n\t<meta property=\"og:image:type\" content=\"image\/png\" \/>\n<meta name=\"twitter:card\" content=\"summary_large_image\" \/>\n<meta name=\"twitter:label1\" content=\"Est. reading time\" \/>\n\t<meta name=\"twitter:data1\" content=\"1 minute\" \/>\n<script type=\"application\/ld+json\" class=\"yoast-schema-graph\">{\"@context\":\"https:\/\/schema.org\",\"@graph\":[{\"@type\":\"WebPage\",\"@id\":\"https:\/\/shop.bazarcia.com\/produto\/projeto-coelhinho-esconde-esconde-cade-achoou\/\",\"url\":\"https:\/\/shop.bazarcia.com\/produto\/projeto-coelhinho-esconde-esconde-cade-achoou\/\",\"name\":\"Projeto Coelhinho Esconde-Esconde (Cad\u00ea? Achoou!) - \ud835\udc1b\ud835\udc1a\ud835\udc33\ud835\udc1a\ud835\udc2b &amp; \ud835\udc1c\ud835\udc22\ud835\udc1a\",\"isPartOf\":{\"@id\":\"https:\/\/shop.bazarcia.com\/#website\"},\"primaryImageOfPage\":{\"@id\":\"https:\/\/shop.bazarcia.com\/produto\/projeto-coelhinho-esconde-esconde-cade-achoou\/#primaryimage\"},\"image\":{\"@id\":\"https:\/\/shop.bazarcia.com\/produto\/projeto-coelhinho-esconde-esconde-cade-achoou\/#primaryimage\"},\"thumbnailUrl\":\"https:\/\/shop.bazarcia.com\/wp-content\/uploads\/2023\/12\/coelho-esconde.png\",\"datePublished\":\"2023-12-23T17:21:51+00:00\",\"dateModified\":\"2023-12-23T17:34:13+00:00\",\"breadcrumb\":{\"@id\":\"https:\/\/shop.bazarcia.com\/produto\/projeto-coelhinho-esconde-esconde-cade-achoou\/#breadcrumb\"},\"inLanguage\":\"en-US\",\"potentialAction\":[{\"@type\":\"ReadAction\",\"target\":[\"https:\/\/shop.bazarcia.com\/produto\/projeto-coelhinho-esconde-esconde-cade-achoou\/\"]}]},{\"@type\":\"ImageObject\",\"inLanguage\":\"en-US\",\"@id\":\"https:\/\/shop.bazarcia.com\/produto\/projeto-coelhinho-esconde-esconde-cade-achoou\/#primaryimage\",\"url\":\"https:\/\/shop.bazarcia.com\/wp-content\/uploads\/2023\/12\/coelho-esconde.png\",\"contentUrl\":\"https:\/\/shop.bazarcia.com\/wp-content\/uploads\/2023\/12\/coelho-esconde.png\",\"width\":1080,\"height\":1080},{\"@type\":\"BreadcrumbList\",\"@id\":\"https:\/\/shop.bazarcia.com\/produto\/projeto-coelhinho-esconde-esconde-cade-achoou\/#breadcrumb\",\"itemListElement\":[{\"@type\":\"ListItem\",\"position\":1,\"name\":\"In\u00edcio\",\"item\":\"https:\/\/shop.bazarcia.com\/\"},{\"@type\":\"ListItem\",\"position\":2,\"name\":\"Loja\",\"item\":\"https:\/\/shop.bazarcia.com\/loja\/\"},{\"@type\":\"ListItem\",\"position\":3,\"name\":\"Projeto Coelhinho Esconde-Esconde (Cad\u00ea? Achoou!)\"}]},{\"@type\":\"WebSite\",\"@id\":\"https:\/\/shop.bazarcia.com\/#website\",\"url\":\"https:\/\/shop.bazarcia.com\/\",\"name\":\"Bazar & Cia\",\"description\":\"criatividade ponto a ponto\",\"publisher\":{\"@id\":\"https:\/\/shop.bazarcia.com\/#organization\"},\"potentialAction\":[{\"@type\":\"SearchAction\",\"target\":{\"@type\":\"EntryPoint\",\"urlTemplate\":\"https:\/\/shop.bazarcia.com\/?s={search_term_string}\"},\"query-input\":{\"@type\":\"PropertyValueSpecification\",\"valueRequired\":true,\"valueName\":\"search_term_string\"}}],\"inLanguage\":\"en-US\"},{\"@type\":\"Organization\",\"@id\":\"https:\/\/shop.bazarcia.com\/#organization\",\"name\":\"Bazar & Cia\",\"url\":\"https:\/\/shop.bazarcia.com\/\",\"logo\":{\"@type\":\"ImageObject\",\"inLanguage\":\"en-US\",\"@id\":\"https:\/\/shop.bazarcia.com\/#\/schema\/logo\/image\/\",\"url\":\"https:\/\/shop.bazarcia.com\/wp-content\/uploads\/2024\/02\/cropped-logo_bazarcia.png\",\"contentUrl\":\"https:\/\/shop.bazarcia.com\/wp-content\/uploads\/2024\/02\/cropped-logo_bazarcia.png\",\"width\":150,\"height\":150,\"caption\":\"Bazar & Cia\"},\"image\":{\"@id\":\"https:\/\/shop.bazarcia.com\/#\/schema\/logo\/image\/\"},\"sameAs\":[\"https:\/\/www.facebook.com\/shopbazarcia\",\"https:\/\/www.instagram.com\/shopbazarcia\",\"https:\/\/br.pinterest.com\/suzane_eloise\/\",\"https:\/\/www.youtube.com\/c\/BazardoBordadoMatrizeseProjetos\"]}]}<\/script>\n<!-- \/ Yoast SEO plugin. -->","yoast_head_json":{"title":"Projeto Coelhinho Esconde-Esconde (Cad\u00ea? Achoou!) - \ud835\udc1b\ud835\udc1a\ud835\udc33\ud835\udc1a\ud835\udc2b &amp; \ud835\udc1c\ud835\udc22\ud835\udc1a","robots":{"index":"index","follow":"follow","max-snippet":"max-snippet:-1","max-image-preview":"max-image-preview:large","max-video-preview":"max-video-preview:-1"},"canonical":"https:\/\/shop.bazarcia.com\/en\/product\/projeto-coelhinho-esconde-esconde-cade-achoou\/","og_locale":"en_US","og_type":"article","og_title":"Projeto Coelhinho Esconde-Esconde (Cad\u00ea? Achoou!) - \ud835\udc1b\ud835\udc1a\ud835\udc33\ud835\udc1a\ud835\udc2b &amp; \ud835\udc1c\ud835\udc22\ud835\udc1a","og_description":"Projeto para fazer\u00a0 na Bordadeira, com passo a passo em fotos e explica\u00e7\u00f5es escritas (bem detalhadas).  Um projeto\u00a0 que voc\u00ea pode fazer bordando no Body, Camiseta, P\u00e1gina de Livro Sensorial ou qualquer outra pe\u00e7a que desejar. Muito bom para vender\u00a0 ou presentear na P\u00e1scoa.  ? Bastidor necess\u00e1rio: a partir do 10x10.","og_url":"https:\/\/shop.bazarcia.com\/en\/product\/projeto-coelhinho-esconde-esconde-cade-achoou\/","og_site_name":"\ud835\udc1b\ud835\udc1a\ud835\udc33\ud835\udc1a\ud835\udc2b &amp; \ud835\udc1c\ud835\udc22\ud835\udc1a","article_publisher":"https:\/\/www.facebook.com\/shopbazarcia","article_modified_time":"2023-12-23T17:34:13+00:00","og_image":[{"width":1080,"height":1080,"url":"https:\/\/shop.bazarcia.com\/wp-content\/uploads\/2023\/12\/coelho-esconde.png","type":"image\/png"}],"twitter_card":"summary_large_image","twitter_misc":{"Est. reading time":"1 minute"},"schema":{"@context":"https:\/\/schema.org","@graph":[{"@type":"WebPage","@id":"https:\/\/shop.bazarcia.com\/produto\/projeto-coelhinho-esconde-esconde-cade-achoou\/","url":"https:\/\/shop.bazarcia.com\/produto\/projeto-coelhinho-esconde-esconde-cade-achoou\/","name":"Projeto Coelhinho Esconde-Esconde (Cad\u00ea? Achoou!) - \ud835\udc1b\ud835\udc1a\ud835\udc33\ud835\udc1a\ud835\udc2b &amp; \ud835\udc1c\ud835\udc22\ud835\udc1a","isPartOf":{"@id":"https:\/\/shop.bazarcia.com\/#website"},"primaryImageOfPage":{"@id":"https:\/\/shop.bazarcia.com\/produto\/projeto-coelhinho-esconde-esconde-cade-achoou\/#primaryimage"},"image":{"@id":"https:\/\/shop.bazarcia.com\/produto\/projeto-coelhinho-esconde-esconde-cade-achoou\/#primaryimage"},"thumbnailUrl":"https:\/\/shop.bazarcia.com\/wp-content\/uploads\/2023\/12\/coelho-esconde.png","datePublished":"2023-12-23T17:21:51+00:00","dateModified":"2023-12-23T17:34:13+00:00","breadcrumb":{"@id":"https:\/\/shop.bazarcia.com\/produto\/projeto-coelhinho-esconde-esconde-cade-achoou\/#breadcrumb"},"inLanguage":"en-US","potentialAction":[{"@type":"ReadAction","target":["https:\/\/shop.bazarcia.com\/produto\/projeto-coelhinho-esconde-esconde-cade-achoou\/"]}]},{"@type":"ImageObject","inLanguage":"en-US","@id":"https:\/\/shop.bazarcia.com\/produto\/projeto-coelhinho-esconde-esconde-cade-achoou\/#primaryimage","url":"https:\/\/shop.bazarcia.com\/wp-content\/uploads\/2023\/12\/coelho-esconde.png","contentUrl":"https:\/\/shop.bazarcia.com\/wp-content\/uploads\/2023\/12\/coelho-esconde.png","width":1080,"height":1080},{"@type":"BreadcrumbList","@id":"https:\/\/shop.bazarcia.com\/produto\/projeto-coelhinho-esconde-esconde-cade-achoou\/#breadcrumb","itemListElement":[{"@type":"ListItem","position":1,"name":"In\u00edcio","item":"https:\/\/shop.bazarcia.com\/"},{"@type":"ListItem","position":2,"name":"Loja","item":"https:\/\/shop.bazarcia.com\/loja\/"},{"@type":"ListItem","position":3,"name":"Projeto Coelhinho Esconde-Esconde (Cad\u00ea? Achoou!)"}]},{"@type":"WebSite","@id":"https:\/\/shop.bazarcia.com\/#website","url":"https:\/\/shop.bazarcia.com\/","name":"Bazar & Cia","description":"criatividade ponto a ponto","publisher":{"@id":"https:\/\/shop.bazarcia.com\/#organization"},"potentialAction":[{"@type":"SearchAction","target":{"@type":"EntryPoint","urlTemplate":"https:\/\/shop.bazarcia.com\/?s={search_term_string}"},"query-input":{"@type":"PropertyValueSpecification","valueRequired":true,"valueName":"search_term_string"}}],"inLanguage":"en-US"},{"@type":"Organization","@id":"https:\/\/shop.bazarcia.com\/#organization","name":"Bazar & Cia","url":"https:\/\/shop.bazarcia.com\/","logo":{"@type":"ImageObject","inLanguage":"en-US","@id":"https:\/\/shop.bazarcia.com\/#\/schema\/logo\/image\/","url":"https:\/\/shop.bazarcia.com\/wp-content\/uploads\/2024\/02\/cropped-logo_bazarcia.png","contentUrl":"https:\/\/shop.bazarcia.com\/wp-content\/uploads\/2024\/02\/cropped-logo_bazarcia.png","width":150,"height":150,"caption":"Bazar & Cia"},"image":{"@id":"https:\/\/shop.bazarcia.com\/#\/schema\/logo\/image\/"},"sameAs":["https:\/\/www.facebook.com\/shopbazarcia","https:\/\/www.instagram.com\/shopbazarcia","https:\/\/br.pinterest.com\/suzane_eloise\/","https:\/\/www.youtube.com\/c\/BazardoBordadoMatrizeseProjetos"]}]}},"_links":{"self":[{"href":"https:\/\/shop.bazarcia.com\/en\/wp-json\/wp\/v2\/product\/257055","targetHints":{"allow":["GET"]}}],"collection":[{"href":"https:\/\/shop.bazarcia.com\/en\/wp-json\/wp\/v2\/product"}],"about":[{"href":"https:\/\/shop.bazarcia.com\/en\/wp-json\/wp\/v2\/types\/product"}],"replies":[{"embeddable":true,"href":"https:\/\/shop.bazarcia.com\/en\/wp-json\/wp\/v2\/comments?post=257055"}],"version-history":[{"count":2,"href":"https:\/\/shop.bazarcia.com\/en\/wp-json\/wp\/v2\/product\/257055\/revisions"}],"predecessor-version":[{"id":257063,"href":"https:\/\/shop.bazarcia.com\/en\/wp-json\/wp\/v2\/product\/257055\/revisions\/257063"}],"wp:featuredmedia":[{"embeddable":true,"href":"https:\/\/shop.bazarcia.com\/en\/wp-json\/wp\/v2\/media\/257057"}],"wp:attachment":[{"href":"https:\/\/shop.bazarcia.com\/en\/wp-json\/wp\/v2\/media?parent=257055"}],"wp:term":[{"taxonomy":"product_brand","embeddable":true,"href":"https:\/\/shop.bazarcia.com\/en\/wp-json\/wp\/v2\/product_brand?post=257055"},{"taxonomy":"product_cat","embeddable":true,"href":"https:\/\/shop.bazarcia.com\/en\/wp-json\/wp\/v2\/product_cat?post=257055"},{"taxonomy":"product_tag","embeddable":true,"href":"https:\/\/shop.bazarcia.com\/en\/wp-json\/wp\/v2\/product_tag?post=257055"}],"curies":[{"name":"wp","href":"https:\/\/api.w.org\/{rel}","templated":true}]}}