{"id":257239,"date":"2023-12-27T20:16:07","date_gmt":"2023-12-27T23:16:07","guid":{"rendered":"https:\/\/shop.bazarcia.com\/produto\/matrizes-de-bordado-espelho-para-necessaire\/"},"modified":"2026-01-05T14:05:31","modified_gmt":"2026-01-05T17:05:31","slug":"matrizes-de-bordado-espelho-para-necessaire","status":"publish","type":"product","link":"https:\/\/shop.bazarcia.com\/en\/product\/matrizes-de-bordado-espelho-para-necessaire\/","title":{"rendered":"[Matrizes de Bordado] Espelho para Necessaire Linhas"},"content":{"rendered":"<p style=\"padding: 0px;border: 0px;vertical-align: baseline;line-height: inherit;margin: 0px 0px var(--wd-tags-mb) 0px\"><span style=\"color: #777777;font-family: Lato, Arial, Helvetica, sans-serif\"><span style=\"font-size: 14px\">Fa\u00e7a lindas pe\u00e7as para o Volta as Aulas! E ainda pode ser adaptado para o Dia dos Professores.<\/span><\/span><\/p>\n<p>&nbsp;<\/p>\n<p style=\"padding: 0px;border: 0px;vertical-align: baseline;line-height: inherit;margin: 0px 0px var(--wd-tags-mb) 0px\"><span style=\"color: #777777;font-family: Lato, Arial, Helvetica, sans-serif\"><span style=\"font-size: 14px\">Cada espelho tem cerca de 13 x 18 cm.<\/span><\/span><\/p>\n<p style=\"padding: 0px;border: 0px;vertical-align: baseline;line-height: inherit;margin: 0px 0px var(--wd-tags-mb) 0px\"><span style=\"color: #777777;font-family: Lato, Arial, Helvetica, sans-serif\"><span style=\"font-size: 14px\">\u00a0<\/span><\/span><\/p>\n<p style=\"padding: 0px;border: 0px;vertical-align: baseline;line-height: inherit;margin: 0px 0px var(--wd-tags-mb) 0px\"><span style=\"color: #777777;font-family: Lato, Arial, Helvetica, sans-serif\"><span style=\"font-size: 14px\">Ahh, teremos PAP&#8217;s l\u00e1 no Instagram e no Canal Ateli\u00ea Ju&#8217;s Artes.<\/span><\/span><\/p>\n<p style=\"padding: 0px;border: 0px;vertical-align: baseline;line-height: inherit;margin: 0px 0px var(--wd-tags-mb) 0px\"><span style=\"color: #777777;font-family: Lato, Arial, Helvetica, sans-serif\"><span style=\"font-size: 14px\">\u00a0<\/span><\/span><\/p>\n<p style=\"padding: 0px;border: 0px;vertical-align: baseline;line-height: inherit;margin: 0px 0px var(--wd-tags-mb) 0px\"><span style=\"color: #777777;font-family: Lato, Arial, Helvetica, sans-serif\"><span style=\"font-size: 14px\">Para bastidores a partir de 13&#215;18.<\/span><\/span><\/p>\n<p style=\"padding: 0px;border: 0px;vertical-align: baseline;line-height: inherit;margin: 0px 0px var(--wd-tags-mb) 0px\"><span style=\"color: #777777;font-family: Lato, Arial, Helvetica, sans-serif\"><span style=\"font-size: 14px\">\u00a0<\/span><\/span><\/p>\n<p style=\"padding: 0px;border: 0px;vertical-align: baseline;line-height: inherit;margin: 0px 0px var(--wd-tags-mb) 0px\"><span style=\"color: #777777;font-family: Lato, Arial, Helvetica, sans-serif\"><span style=\"font-size: 14px\">Este \u00e9 um produto DIGITAL e os arquivos estar\u00e3o dispon\u00edveis para download aqui mesmo na sua conta ap\u00f3s confirma\u00e7\u00e3o do pagamento.<\/span><\/span><\/p>\n<p style=\"padding: 0px;border: 0px;vertical-align: baseline;line-height: inherit;margin: 0px 0px var(--wd-tags-mb) 0px\"><span style=\"color: #777777;font-family: Lato, Arial, Helvetica, sans-serif\"><span style=\"font-size: 14px\">\u00a0<\/span><\/span><\/p>\n<p style=\"padding: 0px;border: 0px;vertical-align: baseline;line-height: inherit;margin: 0px 0px var(--wd-tags-mb) 0px\"><span style=\"color: #777777;font-family: Lato, Arial, Helvetica, sans-serif\"><span style=\"font-size: 14px\">Os arquivos est\u00e3o em pasta compactada (ZIP), sendo necess\u00e1rio descompact\u00e1-la.<\/span><\/span><\/p>\n<p style=\"padding: 0px;border: 0px;vertical-align: baseline;line-height: inherit;margin: 0px 0px var(--wd-tags-mb) 0px\"><span style=\"color: #777777;font-family: Lato, Arial, Helvetica, sans-serif\"><span style=\"font-size: 14px\">\u00a0<\/span><\/span><\/p>\n<p style=\"padding: 0px;border: 0px;vertical-align: baseline;line-height: inherit;margin: 0px 0px var(--wd-tags-mb) 0px\"><span style=\"color: #777777;font-family: Lato, Arial, Helvetica, sans-serif\"><span style=\"font-size: 14px\">Os mesmos s\u00e3o compat\u00edveis com v\u00e1rios tipos e modelos de m\u00e1quinas, com os seguintes formatos: DST \u2013 EXP \u2013 HUS \u2013 JEF \u2013 PES \u2013 XXX<\/span><\/span><\/p>","protected":false},"excerpt":{"rendered":"<p>Fa\u00e7a lindas pe\u00e7as para o Volta as Aulas 2024! Que podem ser adaptados para o Dia dos Professores!<br \/>\nMatrizes para bastidores a partir de 13 x 18cm.<br \/>\nProjeto misto Bordadeira + M\u00e1quina de Costura.<br \/>\nArrasta para o lado para conferir mais ideias.<br \/>\nPES \u2013 JEF\u2013 DST \u2013 XXX \u2013 EXP \u2013 HUS<\/p>","protected":false},"featured_media":257236,"comment_status":"open","ping_status":"closed","template":"","meta":{"_acf_changed":false,"_joinchat":[]},"product_brand":[],"product_cat":[84,1066,137,157,98,1330,1368],"product_tag":[1430,1432],"class_list":{"0":"post-257239","1":"product","2":"type-product","3":"status-publish","4":"has-post-thumbnail","6":"product_cat-matrizes-de-bordado","7":"product_cat-colecoes-matrizes-de-bordado","8":"product_cat-datas-especiais","9":"product_cat-volta-as-aulas","10":"product_cat-projetos-na-bordadeira-in-the-hoop-embroidery","11":"product_cat-projetos-para-datas-especiais","12":"product_cat-dia-dos-professores-projetos-para-datas-especiais","13":"product_tag-matriz-de-bordado","14":"product_tag-matrizes-de-bordado","16":"first","17":"instock","18":"downloadable","19":"virtual","20":"purchasable","21":"product-type-simple"},"acf":[],"yoast_head":"<!-- This site is optimized with the Yoast SEO plugin v27.2 - https:\/\/yoast.com\/product\/yoast-seo-wordpress\/ -->\n<title>[Matrizes de Bordado] Espelho para Necessaire Linhas - \ud835\udc1b\ud835\udc1a\ud835\udc33\ud835\udc1a\ud835\udc2b &amp; \ud835\udc1c\ud835\udc22\ud835\udc1a<\/title>\n<meta name=\"robots\" content=\"index, follow, max-snippet:-1, max-image-preview:large, max-video-preview:-1\" \/>\n<link rel=\"canonical\" href=\"https:\/\/shop.bazarcia.com\/en\/product\/matrizes-de-bordado-espelho-para-necessaire\/\" \/>\n<meta property=\"og:locale\" content=\"en_US\" \/>\n<meta property=\"og:type\" content=\"article\" \/>\n<meta property=\"og:title\" content=\"[Matrizes de Bordado] Espelho para Necessaire Linhas - \ud835\udc1b\ud835\udc1a\ud835\udc33\ud835\udc1a\ud835\udc2b &amp; \ud835\udc1c\ud835\udc22\ud835\udc1a\" \/>\n<meta property=\"og:description\" content=\"Fa\u00e7a lindas pe\u00e7as para o Volta as Aulas 2024! Que podem ser adaptados para o Dia dos Professores! Matrizes para bastidores a partir de 13 x 18cm. Projeto misto Bordadeira + M\u00e1quina de Costura. Arrasta para o lado para conferir mais ideias. PES \u2013 JEF\u2013 DST \u2013 XXX \u2013 EXP \u2013 HUS\" \/>\n<meta property=\"og:url\" content=\"https:\/\/shop.bazarcia.com\/en\/product\/matrizes-de-bordado-espelho-para-necessaire\/\" \/>\n<meta property=\"og:site_name\" content=\"\ud835\udc1b\ud835\udc1a\ud835\udc33\ud835\udc1a\ud835\udc2b &amp; \ud835\udc1c\ud835\udc22\ud835\udc1a\" \/>\n<meta property=\"article:publisher\" content=\"https:\/\/www.facebook.com\/shopbazarcia\" \/>\n<meta property=\"article:modified_time\" content=\"2026-01-05T17:05:31+00:00\" \/>\n<meta property=\"og:image\" content=\"https:\/\/shop.bazarcia.com\/wp-content\/uploads\/2023\/12\/Imagem-para-Bazar-1-1.jpg\" \/>\n\t<meta property=\"og:image:width\" content=\"1080\" \/>\n\t<meta property=\"og:image:height\" content=\"1080\" \/>\n\t<meta property=\"og:image:type\" content=\"image\/jpeg\" \/>\n<meta name=\"twitter:card\" content=\"summary_large_image\" \/>\n<meta name=\"twitter:label1\" content=\"Est. reading time\" \/>\n\t<meta name=\"twitter:data1\" content=\"1 minute\" \/>\n<script type=\"application\/ld+json\" class=\"yoast-schema-graph\">{\"@context\":\"https:\/\/schema.org\",\"@graph\":[{\"@type\":\"WebPage\",\"@id\":\"https:\/\/shop.bazarcia.com\/produto\/matrizes-de-bordado-espelho-para-necessaire\/\",\"url\":\"https:\/\/shop.bazarcia.com\/produto\/matrizes-de-bordado-espelho-para-necessaire\/\",\"name\":\"[Matrizes de Bordado] Espelho para Necessaire Linhas - \ud835\udc1b\ud835\udc1a\ud835\udc33\ud835\udc1a\ud835\udc2b &amp; \ud835\udc1c\ud835\udc22\ud835\udc1a\",\"isPartOf\":{\"@id\":\"https:\/\/shop.bazarcia.com\/#website\"},\"primaryImageOfPage\":{\"@id\":\"https:\/\/shop.bazarcia.com\/produto\/matrizes-de-bordado-espelho-para-necessaire\/#primaryimage\"},\"image\":{\"@id\":\"https:\/\/shop.bazarcia.com\/produto\/matrizes-de-bordado-espelho-para-necessaire\/#primaryimage\"},\"thumbnailUrl\":\"https:\/\/shop.bazarcia.com\/wp-content\/uploads\/2023\/12\/Imagem-para-Bazar-1-1.jpg\",\"datePublished\":\"2023-12-27T23:16:07+00:00\",\"dateModified\":\"2026-01-05T17:05:31+00:00\",\"breadcrumb\":{\"@id\":\"https:\/\/shop.bazarcia.com\/produto\/matrizes-de-bordado-espelho-para-necessaire\/#breadcrumb\"},\"inLanguage\":\"en-US\",\"potentialAction\":[{\"@type\":\"ReadAction\",\"target\":[\"https:\/\/shop.bazarcia.com\/produto\/matrizes-de-bordado-espelho-para-necessaire\/\"]}]},{\"@type\":\"ImageObject\",\"inLanguage\":\"en-US\",\"@id\":\"https:\/\/shop.bazarcia.com\/produto\/matrizes-de-bordado-espelho-para-necessaire\/#primaryimage\",\"url\":\"https:\/\/shop.bazarcia.com\/wp-content\/uploads\/2023\/12\/Imagem-para-Bazar-1-1.jpg\",\"contentUrl\":\"https:\/\/shop.bazarcia.com\/wp-content\/uploads\/2023\/12\/Imagem-para-Bazar-1-1.jpg\",\"width\":1080,\"height\":1080},{\"@type\":\"BreadcrumbList\",\"@id\":\"https:\/\/shop.bazarcia.com\/produto\/matrizes-de-bordado-espelho-para-necessaire\/#breadcrumb\",\"itemListElement\":[{\"@type\":\"ListItem\",\"position\":1,\"name\":\"In\u00edcio\",\"item\":\"https:\/\/shop.bazarcia.com\/\"},{\"@type\":\"ListItem\",\"position\":2,\"name\":\"Loja\",\"item\":\"https:\/\/shop.bazarcia.com\/loja\/\"},{\"@type\":\"ListItem\",\"position\":3,\"name\":\"[Matrizes de Bordado] Espelho para Necessaire Linhas\"}]},{\"@type\":\"WebSite\",\"@id\":\"https:\/\/shop.bazarcia.com\/#website\",\"url\":\"https:\/\/shop.bazarcia.com\/\",\"name\":\"Bazar & Cia\",\"description\":\"criatividade ponto a ponto\",\"publisher\":{\"@id\":\"https:\/\/shop.bazarcia.com\/#organization\"},\"potentialAction\":[{\"@type\":\"SearchAction\",\"target\":{\"@type\":\"EntryPoint\",\"urlTemplate\":\"https:\/\/shop.bazarcia.com\/?s={search_term_string}\"},\"query-input\":{\"@type\":\"PropertyValueSpecification\",\"valueRequired\":true,\"valueName\":\"search_term_string\"}}],\"inLanguage\":\"en-US\"},{\"@type\":\"Organization\",\"@id\":\"https:\/\/shop.bazarcia.com\/#organization\",\"name\":\"Bazar & Cia\",\"url\":\"https:\/\/shop.bazarcia.com\/\",\"logo\":{\"@type\":\"ImageObject\",\"inLanguage\":\"en-US\",\"@id\":\"https:\/\/shop.bazarcia.com\/#\/schema\/logo\/image\/\",\"url\":\"https:\/\/shop.bazarcia.com\/wp-content\/uploads\/2024\/02\/cropped-logo_bazarcia.png\",\"contentUrl\":\"https:\/\/shop.bazarcia.com\/wp-content\/uploads\/2024\/02\/cropped-logo_bazarcia.png\",\"width\":150,\"height\":150,\"caption\":\"Bazar & Cia\"},\"image\":{\"@id\":\"https:\/\/shop.bazarcia.com\/#\/schema\/logo\/image\/\"},\"sameAs\":[\"https:\/\/www.facebook.com\/shopbazarcia\",\"https:\/\/www.instagram.com\/shopbazarcia\",\"https:\/\/br.pinterest.com\/suzane_eloise\/\",\"https:\/\/www.youtube.com\/c\/BazardoBordadoMatrizeseProjetos\"]}]}<\/script>\n<!-- \/ Yoast SEO plugin. -->","yoast_head_json":{"title":"[Matrizes de Bordado] Espelho para Necessaire Linhas - \ud835\udc1b\ud835\udc1a\ud835\udc33\ud835\udc1a\ud835\udc2b &amp; \ud835\udc1c\ud835\udc22\ud835\udc1a","robots":{"index":"index","follow":"follow","max-snippet":"max-snippet:-1","max-image-preview":"max-image-preview:large","max-video-preview":"max-video-preview:-1"},"canonical":"https:\/\/shop.bazarcia.com\/en\/product\/matrizes-de-bordado-espelho-para-necessaire\/","og_locale":"en_US","og_type":"article","og_title":"[Matrizes de Bordado] Espelho para Necessaire Linhas - \ud835\udc1b\ud835\udc1a\ud835\udc33\ud835\udc1a\ud835\udc2b &amp; \ud835\udc1c\ud835\udc22\ud835\udc1a","og_description":"Fa\u00e7a lindas pe\u00e7as para o Volta as Aulas 2024! Que podem ser adaptados para o Dia dos Professores! Matrizes para bastidores a partir de 13 x 18cm. Projeto misto Bordadeira + M\u00e1quina de Costura. Arrasta para o lado para conferir mais ideias. PES \u2013 JEF\u2013 DST \u2013 XXX \u2013 EXP \u2013 HUS","og_url":"https:\/\/shop.bazarcia.com\/en\/product\/matrizes-de-bordado-espelho-para-necessaire\/","og_site_name":"\ud835\udc1b\ud835\udc1a\ud835\udc33\ud835\udc1a\ud835\udc2b &amp; \ud835\udc1c\ud835\udc22\ud835\udc1a","article_publisher":"https:\/\/www.facebook.com\/shopbazarcia","article_modified_time":"2026-01-05T17:05:31+00:00","og_image":[{"width":1080,"height":1080,"url":"https:\/\/shop.bazarcia.com\/wp-content\/uploads\/2023\/12\/Imagem-para-Bazar-1-1.jpg","type":"image\/jpeg"}],"twitter_card":"summary_large_image","twitter_misc":{"Est. reading time":"1 minute"},"schema":{"@context":"https:\/\/schema.org","@graph":[{"@type":"WebPage","@id":"https:\/\/shop.bazarcia.com\/produto\/matrizes-de-bordado-espelho-para-necessaire\/","url":"https:\/\/shop.bazarcia.com\/produto\/matrizes-de-bordado-espelho-para-necessaire\/","name":"[Matrizes de Bordado] Espelho para Necessaire Linhas - \ud835\udc1b\ud835\udc1a\ud835\udc33\ud835\udc1a\ud835\udc2b &amp; \ud835\udc1c\ud835\udc22\ud835\udc1a","isPartOf":{"@id":"https:\/\/shop.bazarcia.com\/#website"},"primaryImageOfPage":{"@id":"https:\/\/shop.bazarcia.com\/produto\/matrizes-de-bordado-espelho-para-necessaire\/#primaryimage"},"image":{"@id":"https:\/\/shop.bazarcia.com\/produto\/matrizes-de-bordado-espelho-para-necessaire\/#primaryimage"},"thumbnailUrl":"https:\/\/shop.bazarcia.com\/wp-content\/uploads\/2023\/12\/Imagem-para-Bazar-1-1.jpg","datePublished":"2023-12-27T23:16:07+00:00","dateModified":"2026-01-05T17:05:31+00:00","breadcrumb":{"@id":"https:\/\/shop.bazarcia.com\/produto\/matrizes-de-bordado-espelho-para-necessaire\/#breadcrumb"},"inLanguage":"en-US","potentialAction":[{"@type":"ReadAction","target":["https:\/\/shop.bazarcia.com\/produto\/matrizes-de-bordado-espelho-para-necessaire\/"]}]},{"@type":"ImageObject","inLanguage":"en-US","@id":"https:\/\/shop.bazarcia.com\/produto\/matrizes-de-bordado-espelho-para-necessaire\/#primaryimage","url":"https:\/\/shop.bazarcia.com\/wp-content\/uploads\/2023\/12\/Imagem-para-Bazar-1-1.jpg","contentUrl":"https:\/\/shop.bazarcia.com\/wp-content\/uploads\/2023\/12\/Imagem-para-Bazar-1-1.jpg","width":1080,"height":1080},{"@type":"BreadcrumbList","@id":"https:\/\/shop.bazarcia.com\/produto\/matrizes-de-bordado-espelho-para-necessaire\/#breadcrumb","itemListElement":[{"@type":"ListItem","position":1,"name":"In\u00edcio","item":"https:\/\/shop.bazarcia.com\/"},{"@type":"ListItem","position":2,"name":"Loja","item":"https:\/\/shop.bazarcia.com\/loja\/"},{"@type":"ListItem","position":3,"name":"[Matrizes de Bordado] Espelho para Necessaire Linhas"}]},{"@type":"WebSite","@id":"https:\/\/shop.bazarcia.com\/#website","url":"https:\/\/shop.bazarcia.com\/","name":"Bazar & Cia","description":"criatividade ponto a ponto","publisher":{"@id":"https:\/\/shop.bazarcia.com\/#organization"},"potentialAction":[{"@type":"SearchAction","target":{"@type":"EntryPoint","urlTemplate":"https:\/\/shop.bazarcia.com\/?s={search_term_string}"},"query-input":{"@type":"PropertyValueSpecification","valueRequired":true,"valueName":"search_term_string"}}],"inLanguage":"en-US"},{"@type":"Organization","@id":"https:\/\/shop.bazarcia.com\/#organization","name":"Bazar & Cia","url":"https:\/\/shop.bazarcia.com\/","logo":{"@type":"ImageObject","inLanguage":"en-US","@id":"https:\/\/shop.bazarcia.com\/#\/schema\/logo\/image\/","url":"https:\/\/shop.bazarcia.com\/wp-content\/uploads\/2024\/02\/cropped-logo_bazarcia.png","contentUrl":"https:\/\/shop.bazarcia.com\/wp-content\/uploads\/2024\/02\/cropped-logo_bazarcia.png","width":150,"height":150,"caption":"Bazar & Cia"},"image":{"@id":"https:\/\/shop.bazarcia.com\/#\/schema\/logo\/image\/"},"sameAs":["https:\/\/www.facebook.com\/shopbazarcia","https:\/\/www.instagram.com\/shopbazarcia","https:\/\/br.pinterest.com\/suzane_eloise\/","https:\/\/www.youtube.com\/c\/BazardoBordadoMatrizeseProjetos"]}]}},"_links":{"self":[{"href":"https:\/\/shop.bazarcia.com\/en\/wp-json\/wp\/v2\/product\/257239","targetHints":{"allow":["GET"]}}],"collection":[{"href":"https:\/\/shop.bazarcia.com\/en\/wp-json\/wp\/v2\/product"}],"about":[{"href":"https:\/\/shop.bazarcia.com\/en\/wp-json\/wp\/v2\/types\/product"}],"replies":[{"embeddable":true,"href":"https:\/\/shop.bazarcia.com\/en\/wp-json\/wp\/v2\/comments?post=257239"}],"version-history":[{"count":4,"href":"https:\/\/shop.bazarcia.com\/en\/wp-json\/wp\/v2\/product\/257239\/revisions"}],"predecessor-version":[{"id":361927,"href":"https:\/\/shop.bazarcia.com\/en\/wp-json\/wp\/v2\/product\/257239\/revisions\/361927"}],"wp:featuredmedia":[{"embeddable":true,"href":"https:\/\/shop.bazarcia.com\/en\/wp-json\/wp\/v2\/media\/257236"}],"wp:attachment":[{"href":"https:\/\/shop.bazarcia.com\/en\/wp-json\/wp\/v2\/media?parent=257239"}],"wp:term":[{"taxonomy":"product_brand","embeddable":true,"href":"https:\/\/shop.bazarcia.com\/en\/wp-json\/wp\/v2\/product_brand?post=257239"},{"taxonomy":"product_cat","embeddable":true,"href":"https:\/\/shop.bazarcia.com\/en\/wp-json\/wp\/v2\/product_cat?post=257239"},{"taxonomy":"product_tag","embeddable":true,"href":"https:\/\/shop.bazarcia.com\/en\/wp-json\/wp\/v2\/product_tag?post=257239"}],"curies":[{"name":"wp","href":"https:\/\/api.w.org\/{rel}","templated":true}]}}