{"id":258116,"date":"2024-01-09T16:23:01","date_gmt":"2024-01-09T19:23:01","guid":{"rendered":"https:\/\/shop.bazarcia.com\/produto\/pacote-de-matrizes-moldura-encantada\/"},"modified":"2024-01-09T16:27:43","modified_gmt":"2024-01-09T19:27:43","slug":"pacote-de-matrizes-moldura-encantada","status":"publish","type":"product","link":"https:\/\/shop.bazarcia.com\/en\/product\/pacote-de-matrizes-moldura-encantada\/","title":{"rendered":"Pacote de Matrizes &#8211; Moldura Encantada"},"content":{"rendered":"<p style=\"padding: 0px;border: 0px;vertical-align: baseline;line-height: inherit;margin: 0px 0px var(--wd-tags-mb) 0px\"><span style=\"color: #777777;font-family: Lato, Arial, Helvetica, sans-serif\"><span style=\"font-size: 14px\">Pacote de Matrizes &#8211; Moldura Encantada, ideal para bordar em, bastidor de casamento, camisas, toalhinhas, fraldinhas etc. A libera\u00e7\u00e3o da matriz ocorre imediatamente ap\u00f3s o pagamento.<\/span><\/span><\/p>\n<p style=\"padding: 0px;border: 0px;vertical-align: baseline;line-height: inherit;margin: 0px 0px var(--wd-tags-mb) 0px\"><span style=\"color: #777777;font-family: Lato, Arial, Helvetica, sans-serif\"><span style=\"font-size: 14px\">S\u00e3o 5 lindas molduras em tr\u00eas tamanhos diferentes.\u00a0<\/span><\/span><\/p>\n<p style=\"padding: 0px;border: 0px;vertical-align: baseline;line-height: inherit;font-family: Lato, Arial, Helvetica, sans-serif;font-size: 14px;color: #777777;margin: 0px 0px var(--wd-tags-mb) 0px\">A libera\u00e7\u00e3o da matriz ocorre imediatamente ap\u00f3s o pagamento, basta acessar a \u00e1rea de cliente aqui no site e ir na aba de downloads.<\/p>\n<p style=\"padding: 0px;border: 0px;vertical-align: baseline;line-height: inherit;font-family: Lato, Arial, Helvetica, sans-serif;font-size: 14px;color: #777777;margin: 0px 0px var(--wd-tags-mb) 0px\">Os arquivos s\u00e3o compat\u00edveis com v\u00e1rios tipos e modelos de m\u00e1quinas, com os seguintes formatos: PES \u2013 JEF \u2013 EXP \u2013 XXX \u2013 DST \u2013 HUS, os mesmos s\u00e3o disponibilizados em pasta compactada(ZIP), sendo necess\u00e1rio descompactar.<\/p>","protected":false},"excerpt":{"rendered":"<p>Pacote de Matrizes &#8211; Moldura Encantada, ideal para bordar em, bastidor de casamento, camisas, toalhinhas, fraldinhas etc. A libera\u00e7\u00e3o da matriz ocorre imediatamente ap\u00f3s o pagamento.<br \/>\nS\u00e3o 5 lindas molduras em tr\u00eas tamanhos diferentes.<\/p>","protected":false},"featured_media":258115,"comment_status":"open","ping_status":"closed","template":"","meta":{"_acf_changed":false,"_joinchat":[]},"product_brand":[],"product_cat":[84,336,1773],"product_tag":[1431,1430,1432],"class_list":{"0":"post-258116","1":"product","2":"type-product","3":"status-publish","4":"has-post-thumbnail","6":"product_cat-matrizes-de-bordado","7":"product_cat-molduras","8":"product_cat-moldura-de-casamento","9":"product_tag-bordado-computadorizado","10":"product_tag-matriz-de-bordado","11":"product_tag-matrizes-de-bordado","13":"first","14":"instock","15":"sale","16":"downloadable","17":"virtual","18":"purchasable","19":"product-type-simple"},"acf":[],"yoast_head":"<!-- This site is optimized with the Yoast SEO plugin v27.2 - https:\/\/yoast.com\/product\/yoast-seo-wordpress\/ -->\n<title>Pacote de Matrizes - Moldura Encantada<\/title>\n<meta name=\"description\" content=\"Pacote de Matrizes - Moldura Encantada, ideal para bordar em, bastidor de casamento, camisas, toalhinhas, fraldinhas etc. A libera\u00e7\u00e3o da matriz ocorre imediatamente ap\u00f3s o pagamento. S\u00e3o 5 lindas molduras em tr\u00eas tamanhos diferentes.\" \/>\n<meta name=\"robots\" content=\"index, follow, max-snippet:-1, max-image-preview:large, max-video-preview:-1\" \/>\n<link rel=\"canonical\" href=\"https:\/\/shop.bazarcia.com\/en\/product\/pacote-de-matrizes-moldura-encantada\/\" \/>\n<meta property=\"og:locale\" content=\"en_US\" \/>\n<meta property=\"og:type\" content=\"article\" \/>\n<meta property=\"og:title\" content=\"Pacote de Matrizes - Moldura Encantada\" \/>\n<meta property=\"og:description\" content=\"Pacote de Matrizes - Moldura Encantada, ideal para bordar em, bastidor de casamento, camisas, toalhinhas, fraldinhas etc. A libera\u00e7\u00e3o da matriz ocorre imediatamente ap\u00f3s o pagamento. S\u00e3o 5 lindas molduras em tr\u00eas tamanhos diferentes.\" \/>\n<meta property=\"og:url\" content=\"https:\/\/shop.bazarcia.com\/en\/product\/pacote-de-matrizes-moldura-encantada\/\" \/>\n<meta property=\"og:site_name\" content=\"\ud835\udc1b\ud835\udc1a\ud835\udc33\ud835\udc1a\ud835\udc2b &amp; \ud835\udc1c\ud835\udc22\ud835\udc1a\" \/>\n<meta property=\"article:publisher\" content=\"https:\/\/www.facebook.com\/shopbazarcia\" \/>\n<meta property=\"article:modified_time\" content=\"2024-01-09T19:27:43+00:00\" \/>\n<meta property=\"og:image\" content=\"https:\/\/shop.bazarcia.com\/wp-content\/uploads\/2024\/01\/6.jpg\" \/>\n\t<meta property=\"og:image:width\" content=\"1350\" \/>\n\t<meta property=\"og:image:height\" content=\"1350\" \/>\n\t<meta property=\"og:image:type\" content=\"image\/jpeg\" \/>\n<meta name=\"twitter:card\" content=\"summary_large_image\" \/>\n<meta name=\"twitter:label1\" content=\"Est. reading time\" \/>\n\t<meta name=\"twitter:data1\" content=\"1 minute\" \/>\n<script type=\"application\/ld+json\" class=\"yoast-schema-graph\">{\"@context\":\"https:\/\/schema.org\",\"@graph\":[{\"@type\":\"WebPage\",\"@id\":\"https:\/\/shop.bazarcia.com\/produto\/pacote-de-matrizes-moldura-encantada\/\",\"url\":\"https:\/\/shop.bazarcia.com\/produto\/pacote-de-matrizes-moldura-encantada\/\",\"name\":\"Pacote de Matrizes - Moldura Encantada\",\"isPartOf\":{\"@id\":\"https:\/\/shop.bazarcia.com\/#website\"},\"primaryImageOfPage\":{\"@id\":\"https:\/\/shop.bazarcia.com\/produto\/pacote-de-matrizes-moldura-encantada\/#primaryimage\"},\"image\":{\"@id\":\"https:\/\/shop.bazarcia.com\/produto\/pacote-de-matrizes-moldura-encantada\/#primaryimage\"},\"thumbnailUrl\":\"https:\/\/shop.bazarcia.com\/wp-content\/uploads\/2024\/01\/6.jpg\",\"datePublished\":\"2024-01-09T19:23:01+00:00\",\"dateModified\":\"2024-01-09T19:27:43+00:00\",\"description\":\"Pacote de Matrizes - Moldura Encantada, ideal para bordar em, bastidor de casamento, camisas, toalhinhas, fraldinhas etc. A libera\u00e7\u00e3o da matriz ocorre imediatamente ap\u00f3s o pagamento. S\u00e3o 5 lindas molduras em tr\u00eas tamanhos diferentes.\",\"breadcrumb\":{\"@id\":\"https:\/\/shop.bazarcia.com\/produto\/pacote-de-matrizes-moldura-encantada\/#breadcrumb\"},\"inLanguage\":\"en-US\",\"potentialAction\":[{\"@type\":\"ReadAction\",\"target\":[\"https:\/\/shop.bazarcia.com\/produto\/pacote-de-matrizes-moldura-encantada\/\"]}]},{\"@type\":\"ImageObject\",\"inLanguage\":\"en-US\",\"@id\":\"https:\/\/shop.bazarcia.com\/produto\/pacote-de-matrizes-moldura-encantada\/#primaryimage\",\"url\":\"https:\/\/shop.bazarcia.com\/wp-content\/uploads\/2024\/01\/6.jpg\",\"contentUrl\":\"https:\/\/shop.bazarcia.com\/wp-content\/uploads\/2024\/01\/6.jpg\",\"width\":1350,\"height\":1350},{\"@type\":\"BreadcrumbList\",\"@id\":\"https:\/\/shop.bazarcia.com\/produto\/pacote-de-matrizes-moldura-encantada\/#breadcrumb\",\"itemListElement\":[{\"@type\":\"ListItem\",\"position\":1,\"name\":\"In\u00edcio\",\"item\":\"https:\/\/shop.bazarcia.com\/\"},{\"@type\":\"ListItem\",\"position\":2,\"name\":\"Loja\",\"item\":\"https:\/\/shop.bazarcia.com\/loja\/\"},{\"@type\":\"ListItem\",\"position\":3,\"name\":\"Pacote de Matrizes &#8211; Moldura Encantada\"}]},{\"@type\":\"WebSite\",\"@id\":\"https:\/\/shop.bazarcia.com\/#website\",\"url\":\"https:\/\/shop.bazarcia.com\/\",\"name\":\"Bazar & Cia\",\"description\":\"criatividade ponto a ponto\",\"publisher\":{\"@id\":\"https:\/\/shop.bazarcia.com\/#organization\"},\"potentialAction\":[{\"@type\":\"SearchAction\",\"target\":{\"@type\":\"EntryPoint\",\"urlTemplate\":\"https:\/\/shop.bazarcia.com\/?s={search_term_string}\"},\"query-input\":{\"@type\":\"PropertyValueSpecification\",\"valueRequired\":true,\"valueName\":\"search_term_string\"}}],\"inLanguage\":\"en-US\"},{\"@type\":\"Organization\",\"@id\":\"https:\/\/shop.bazarcia.com\/#organization\",\"name\":\"Bazar & Cia\",\"url\":\"https:\/\/shop.bazarcia.com\/\",\"logo\":{\"@type\":\"ImageObject\",\"inLanguage\":\"en-US\",\"@id\":\"https:\/\/shop.bazarcia.com\/#\/schema\/logo\/image\/\",\"url\":\"https:\/\/shop.bazarcia.com\/wp-content\/uploads\/2024\/02\/cropped-logo_bazarcia.png\",\"contentUrl\":\"https:\/\/shop.bazarcia.com\/wp-content\/uploads\/2024\/02\/cropped-logo_bazarcia.png\",\"width\":150,\"height\":150,\"caption\":\"Bazar & Cia\"},\"image\":{\"@id\":\"https:\/\/shop.bazarcia.com\/#\/schema\/logo\/image\/\"},\"sameAs\":[\"https:\/\/www.facebook.com\/shopbazarcia\",\"https:\/\/www.instagram.com\/shopbazarcia\",\"https:\/\/br.pinterest.com\/suzane_eloise\/\",\"https:\/\/www.youtube.com\/c\/BazardoBordadoMatrizeseProjetos\"]}]}<\/script>\n<!-- \/ Yoast SEO plugin. -->","yoast_head_json":{"title":"Pacote de Matrizes - Moldura Encantada","description":"Pacote de Matrizes - Moldura Encantada, ideal para bordar em, bastidor de casamento, camisas, toalhinhas, fraldinhas etc. A libera\u00e7\u00e3o da matriz ocorre imediatamente ap\u00f3s o pagamento. S\u00e3o 5 lindas molduras em tr\u00eas tamanhos diferentes.","robots":{"index":"index","follow":"follow","max-snippet":"max-snippet:-1","max-image-preview":"max-image-preview:large","max-video-preview":"max-video-preview:-1"},"canonical":"https:\/\/shop.bazarcia.com\/en\/product\/pacote-de-matrizes-moldura-encantada\/","og_locale":"en_US","og_type":"article","og_title":"Pacote de Matrizes - Moldura Encantada","og_description":"Pacote de Matrizes - Moldura Encantada, ideal para bordar em, bastidor de casamento, camisas, toalhinhas, fraldinhas etc. A libera\u00e7\u00e3o da matriz ocorre imediatamente ap\u00f3s o pagamento. S\u00e3o 5 lindas molduras em tr\u00eas tamanhos diferentes.","og_url":"https:\/\/shop.bazarcia.com\/en\/product\/pacote-de-matrizes-moldura-encantada\/","og_site_name":"\ud835\udc1b\ud835\udc1a\ud835\udc33\ud835\udc1a\ud835\udc2b &amp; \ud835\udc1c\ud835\udc22\ud835\udc1a","article_publisher":"https:\/\/www.facebook.com\/shopbazarcia","article_modified_time":"2024-01-09T19:27:43+00:00","og_image":[{"width":1350,"height":1350,"url":"https:\/\/shop.bazarcia.com\/wp-content\/uploads\/2024\/01\/6.jpg","type":"image\/jpeg"}],"twitter_card":"summary_large_image","twitter_misc":{"Est. reading time":"1 minute"},"schema":{"@context":"https:\/\/schema.org","@graph":[{"@type":"WebPage","@id":"https:\/\/shop.bazarcia.com\/produto\/pacote-de-matrizes-moldura-encantada\/","url":"https:\/\/shop.bazarcia.com\/produto\/pacote-de-matrizes-moldura-encantada\/","name":"Pacote de Matrizes - Moldura Encantada","isPartOf":{"@id":"https:\/\/shop.bazarcia.com\/#website"},"primaryImageOfPage":{"@id":"https:\/\/shop.bazarcia.com\/produto\/pacote-de-matrizes-moldura-encantada\/#primaryimage"},"image":{"@id":"https:\/\/shop.bazarcia.com\/produto\/pacote-de-matrizes-moldura-encantada\/#primaryimage"},"thumbnailUrl":"https:\/\/shop.bazarcia.com\/wp-content\/uploads\/2024\/01\/6.jpg","datePublished":"2024-01-09T19:23:01+00:00","dateModified":"2024-01-09T19:27:43+00:00","description":"Pacote de Matrizes - Moldura Encantada, ideal para bordar em, bastidor de casamento, camisas, toalhinhas, fraldinhas etc. A libera\u00e7\u00e3o da matriz ocorre imediatamente ap\u00f3s o pagamento. S\u00e3o 5 lindas molduras em tr\u00eas tamanhos diferentes.","breadcrumb":{"@id":"https:\/\/shop.bazarcia.com\/produto\/pacote-de-matrizes-moldura-encantada\/#breadcrumb"},"inLanguage":"en-US","potentialAction":[{"@type":"ReadAction","target":["https:\/\/shop.bazarcia.com\/produto\/pacote-de-matrizes-moldura-encantada\/"]}]},{"@type":"ImageObject","inLanguage":"en-US","@id":"https:\/\/shop.bazarcia.com\/produto\/pacote-de-matrizes-moldura-encantada\/#primaryimage","url":"https:\/\/shop.bazarcia.com\/wp-content\/uploads\/2024\/01\/6.jpg","contentUrl":"https:\/\/shop.bazarcia.com\/wp-content\/uploads\/2024\/01\/6.jpg","width":1350,"height":1350},{"@type":"BreadcrumbList","@id":"https:\/\/shop.bazarcia.com\/produto\/pacote-de-matrizes-moldura-encantada\/#breadcrumb","itemListElement":[{"@type":"ListItem","position":1,"name":"In\u00edcio","item":"https:\/\/shop.bazarcia.com\/"},{"@type":"ListItem","position":2,"name":"Loja","item":"https:\/\/shop.bazarcia.com\/loja\/"},{"@type":"ListItem","position":3,"name":"Pacote de Matrizes &#8211; Moldura Encantada"}]},{"@type":"WebSite","@id":"https:\/\/shop.bazarcia.com\/#website","url":"https:\/\/shop.bazarcia.com\/","name":"Bazar & Cia","description":"criatividade ponto a ponto","publisher":{"@id":"https:\/\/shop.bazarcia.com\/#organization"},"potentialAction":[{"@type":"SearchAction","target":{"@type":"EntryPoint","urlTemplate":"https:\/\/shop.bazarcia.com\/?s={search_term_string}"},"query-input":{"@type":"PropertyValueSpecification","valueRequired":true,"valueName":"search_term_string"}}],"inLanguage":"en-US"},{"@type":"Organization","@id":"https:\/\/shop.bazarcia.com\/#organization","name":"Bazar & Cia","url":"https:\/\/shop.bazarcia.com\/","logo":{"@type":"ImageObject","inLanguage":"en-US","@id":"https:\/\/shop.bazarcia.com\/#\/schema\/logo\/image\/","url":"https:\/\/shop.bazarcia.com\/wp-content\/uploads\/2024\/02\/cropped-logo_bazarcia.png","contentUrl":"https:\/\/shop.bazarcia.com\/wp-content\/uploads\/2024\/02\/cropped-logo_bazarcia.png","width":150,"height":150,"caption":"Bazar & Cia"},"image":{"@id":"https:\/\/shop.bazarcia.com\/#\/schema\/logo\/image\/"},"sameAs":["https:\/\/www.facebook.com\/shopbazarcia","https:\/\/www.instagram.com\/shopbazarcia","https:\/\/br.pinterest.com\/suzane_eloise\/","https:\/\/www.youtube.com\/c\/BazardoBordadoMatrizeseProjetos"]}]}},"_links":{"self":[{"href":"https:\/\/shop.bazarcia.com\/en\/wp-json\/wp\/v2\/product\/258116","targetHints":{"allow":["GET"]}}],"collection":[{"href":"https:\/\/shop.bazarcia.com\/en\/wp-json\/wp\/v2\/product"}],"about":[{"href":"https:\/\/shop.bazarcia.com\/en\/wp-json\/wp\/v2\/types\/product"}],"replies":[{"embeddable":true,"href":"https:\/\/shop.bazarcia.com\/en\/wp-json\/wp\/v2\/comments?post=258116"}],"version-history":[{"count":1,"href":"https:\/\/shop.bazarcia.com\/en\/wp-json\/wp\/v2\/product\/258116\/revisions"}],"predecessor-version":[{"id":258118,"href":"https:\/\/shop.bazarcia.com\/en\/wp-json\/wp\/v2\/product\/258116\/revisions\/258118"}],"wp:featuredmedia":[{"embeddable":true,"href":"https:\/\/shop.bazarcia.com\/en\/wp-json\/wp\/v2\/media\/258115"}],"wp:attachment":[{"href":"https:\/\/shop.bazarcia.com\/en\/wp-json\/wp\/v2\/media?parent=258116"}],"wp:term":[{"taxonomy":"product_brand","embeddable":true,"href":"https:\/\/shop.bazarcia.com\/en\/wp-json\/wp\/v2\/product_brand?post=258116"},{"taxonomy":"product_cat","embeddable":true,"href":"https:\/\/shop.bazarcia.com\/en\/wp-json\/wp\/v2\/product_cat?post=258116"},{"taxonomy":"product_tag","embeddable":true,"href":"https:\/\/shop.bazarcia.com\/en\/wp-json\/wp\/v2\/product_tag?post=258116"}],"curies":[{"name":"wp","href":"https:\/\/api.w.org\/{rel}","templated":true}]}}