{"id":258626,"date":"2024-01-15T20:04:40","date_gmt":"2024-01-15T23:04:40","guid":{"rendered":"https:\/\/shop.bazarcia.com\/produto\/matriz-naninha-astronauta-13x18\/"},"modified":"2024-01-25T00:00:02","modified_gmt":"2024-01-25T03:00:02","slug":"matriz-naninha-astronauta-13x18","status":"publish","type":"product","link":"https:\/\/shop.bazarcia.com\/en\/product\/matriz-naninha-astronauta-13x18\/","title":{"rendered":"Matriz Naninha Astronauta (13&#215;18)"},"content":{"rendered":"","protected":false},"excerpt":{"rendered":"<p>Matriz para Maquina de Bordar Eletronica<\/p>\n<p>Projeto Misto requer m\u00e1quina der bordar e m\u00e1quina de costura<\/p>\n<p>Requer bastidor 13&#215;18<\/p>\n<p>Verifique se a matriz que est\u00e1 adquirindo serve para o seu bastidor, ap\u00f3s a entrega n\u00e3o realizamos troca nem devolu\u00e7\u00e3o, por se tratar de um arquivo eletr\u00f4nico.<\/p>\n<p>Os arquivos s\u00e3o compat\u00edveis com v\u00e1rios tipos e modelos de m\u00e1quinas, com os seguintes formatos: PES \u2013 JEF \u2013 EXP \u2013 XXX \u2013 DST, os mesmos s\u00e3o disponibilizados em pasta compactada(ZIP), sendo necess\u00e1rio descompactar.<\/p>\n<p>Nosso produtos n\u00e3o podem ser copiados, trocados, editados, compartilhados ou revendidos. Eles tem somente a finalidade de uso pessoal, para a produ\u00e7\u00e3o de pe\u00e7as para uso ou venda<\/p>","protected":false},"featured_media":258621,"comment_status":"open","ping_status":"closed","template":"","meta":{"_acf_changed":false,"_joinchat":[]},"product_brand":[],"product_cat":[98,213,1548],"product_tag":[],"class_list":{"0":"post-258626","1":"product","2":"type-product","3":"status-publish","4":"has-post-thumbnail","6":"product_cat-projetos-na-bordadeira-in-the-hoop-embroidery","7":"product_cat-projeto-naninhas-na-bordadeira","8":"product_cat-naninhas-na-bordadeira-modelo-enchimento-ith","10":"first","11":"instock","12":"downloadable","13":"virtual","14":"purchasable","15":"product-type-simple"},"acf":[],"yoast_head":"<!-- This site is optimized with the Yoast SEO plugin v27.2 - https:\/\/yoast.com\/product\/yoast-seo-wordpress\/ -->\n<title>Matriz Naninha Astronauta (13x18) - \ud835\udc1b\ud835\udc1a\ud835\udc33\ud835\udc1a\ud835\udc2b &amp; \ud835\udc1c\ud835\udc22\ud835\udc1a<\/title>\n<meta name=\"robots\" content=\"index, follow, max-snippet:-1, max-image-preview:large, max-video-preview:-1\" \/>\n<link rel=\"canonical\" href=\"https:\/\/shop.bazarcia.com\/en\/product\/matriz-naninha-astronauta-13x18\/\" \/>\n<meta property=\"og:locale\" content=\"en_US\" \/>\n<meta property=\"og:type\" content=\"article\" \/>\n<meta property=\"og:title\" content=\"Matriz Naninha Astronauta (13x18) - \ud835\udc1b\ud835\udc1a\ud835\udc33\ud835\udc1a\ud835\udc2b &amp; \ud835\udc1c\ud835\udc22\ud835\udc1a\" \/>\n<meta property=\"og:description\" content=\"Matriz para Maquina de Bordar Eletronica  Projeto Misto requer m\u00e1quina der bordar e m\u00e1quina de costura  Requer bastidor 13x18  Verifique se a matriz que est\u00e1 adquirindo serve para o seu bastidor, ap\u00f3s a entrega n\u00e3o realizamos troca nem devolu\u00e7\u00e3o, por se tratar de um arquivo eletr\u00f4nico.  Os arquivos s\u00e3o compat\u00edveis com v\u00e1rios tipos e modelos de m\u00e1quinas, com os seguintes formatos: PES \u2013 JEF \u2013 EXP \u2013 XXX \u2013 DST, os mesmos s\u00e3o disponibilizados em pasta compactada(ZIP), sendo necess\u00e1rio descompactar.  Nosso produtos n\u00e3o podem ser copiados, trocados, editados, compartilhados ou revendidos. Eles tem somente a finalidade de uso pessoal, para a produ\u00e7\u00e3o de pe\u00e7as para uso ou venda\" \/>\n<meta property=\"og:url\" content=\"https:\/\/shop.bazarcia.com\/en\/product\/matriz-naninha-astronauta-13x18\/\" \/>\n<meta property=\"og:site_name\" content=\"\ud835\udc1b\ud835\udc1a\ud835\udc33\ud835\udc1a\ud835\udc2b &amp; \ud835\udc1c\ud835\udc22\ud835\udc1a\" \/>\n<meta property=\"article:publisher\" content=\"https:\/\/www.facebook.com\/shopbazarcia\" \/>\n<meta property=\"article:modified_time\" content=\"2024-01-25T03:00:02+00:00\" \/>\n<meta property=\"og:image\" content=\"https:\/\/shop.bazarcia.com\/wp-content\/uploads\/2024\/01\/Copia-de-Copia-de-Copia-de-Copia-de-Copia-de-Copia-de-Copia-de-Copia-de-Copia-de-Copia-de-Copia-de-Copia-de-Copia-de-Copia-de-Copia-de-Matriz-Barbie-10x10-e-13x18-R-1000-1.jpg\" \/>\n\t<meta property=\"og:image:width\" content=\"1080\" \/>\n\t<meta property=\"og:image:height\" content=\"1080\" \/>\n\t<meta property=\"og:image:type\" content=\"image\/jpeg\" \/>\n<meta name=\"twitter:card\" content=\"summary_large_image\" \/>\n<script type=\"application\/ld+json\" class=\"yoast-schema-graph\">{\"@context\":\"https:\/\/schema.org\",\"@graph\":[{\"@type\":\"WebPage\",\"@id\":\"https:\/\/shop.bazarcia.com\/produto\/matriz-naninha-astronauta-13x18\/\",\"url\":\"https:\/\/shop.bazarcia.com\/produto\/matriz-naninha-astronauta-13x18\/\",\"name\":\"Matriz Naninha Astronauta (13x18) - \ud835\udc1b\ud835\udc1a\ud835\udc33\ud835\udc1a\ud835\udc2b &amp; \ud835\udc1c\ud835\udc22\ud835\udc1a\",\"isPartOf\":{\"@id\":\"https:\/\/shop.bazarcia.com\/#website\"},\"primaryImageOfPage\":{\"@id\":\"https:\/\/shop.bazarcia.com\/produto\/matriz-naninha-astronauta-13x18\/#primaryimage\"},\"image\":{\"@id\":\"https:\/\/shop.bazarcia.com\/produto\/matriz-naninha-astronauta-13x18\/#primaryimage\"},\"thumbnailUrl\":\"https:\/\/shop.bazarcia.com\/wp-content\/uploads\/2024\/01\/Copia-de-Copia-de-Copia-de-Copia-de-Copia-de-Copia-de-Copia-de-Copia-de-Copia-de-Copia-de-Copia-de-Copia-de-Copia-de-Copia-de-Copia-de-Matriz-Barbie-10x10-e-13x18-R-1000-1.jpg\",\"datePublished\":\"2024-01-15T23:04:40+00:00\",\"dateModified\":\"2024-01-25T03:00:02+00:00\",\"breadcrumb\":{\"@id\":\"https:\/\/shop.bazarcia.com\/produto\/matriz-naninha-astronauta-13x18\/#breadcrumb\"},\"inLanguage\":\"en-US\",\"potentialAction\":[{\"@type\":\"ReadAction\",\"target\":[\"https:\/\/shop.bazarcia.com\/produto\/matriz-naninha-astronauta-13x18\/\"]}]},{\"@type\":\"ImageObject\",\"inLanguage\":\"en-US\",\"@id\":\"https:\/\/shop.bazarcia.com\/produto\/matriz-naninha-astronauta-13x18\/#primaryimage\",\"url\":\"https:\/\/shop.bazarcia.com\/wp-content\/uploads\/2024\/01\/Copia-de-Copia-de-Copia-de-Copia-de-Copia-de-Copia-de-Copia-de-Copia-de-Copia-de-Copia-de-Copia-de-Copia-de-Copia-de-Copia-de-Copia-de-Matriz-Barbie-10x10-e-13x18-R-1000-1.jpg\",\"contentUrl\":\"https:\/\/shop.bazarcia.com\/wp-content\/uploads\/2024\/01\/Copia-de-Copia-de-Copia-de-Copia-de-Copia-de-Copia-de-Copia-de-Copia-de-Copia-de-Copia-de-Copia-de-Copia-de-Copia-de-Copia-de-Copia-de-Matriz-Barbie-10x10-e-13x18-R-1000-1.jpg\",\"width\":1080,\"height\":1080},{\"@type\":\"BreadcrumbList\",\"@id\":\"https:\/\/shop.bazarcia.com\/produto\/matriz-naninha-astronauta-13x18\/#breadcrumb\",\"itemListElement\":[{\"@type\":\"ListItem\",\"position\":1,\"name\":\"In\u00edcio\",\"item\":\"https:\/\/shop.bazarcia.com\/\"},{\"@type\":\"ListItem\",\"position\":2,\"name\":\"Loja\",\"item\":\"https:\/\/shop.bazarcia.com\/loja\/\"},{\"@type\":\"ListItem\",\"position\":3,\"name\":\"Matriz Naninha Astronauta (13&#215;18)\"}]},{\"@type\":\"WebSite\",\"@id\":\"https:\/\/shop.bazarcia.com\/#website\",\"url\":\"https:\/\/shop.bazarcia.com\/\",\"name\":\"Bazar & Cia\",\"description\":\"criatividade ponto a ponto\",\"publisher\":{\"@id\":\"https:\/\/shop.bazarcia.com\/#organization\"},\"potentialAction\":[{\"@type\":\"SearchAction\",\"target\":{\"@type\":\"EntryPoint\",\"urlTemplate\":\"https:\/\/shop.bazarcia.com\/?s={search_term_string}\"},\"query-input\":{\"@type\":\"PropertyValueSpecification\",\"valueRequired\":true,\"valueName\":\"search_term_string\"}}],\"inLanguage\":\"en-US\"},{\"@type\":\"Organization\",\"@id\":\"https:\/\/shop.bazarcia.com\/#organization\",\"name\":\"Bazar & Cia\",\"url\":\"https:\/\/shop.bazarcia.com\/\",\"logo\":{\"@type\":\"ImageObject\",\"inLanguage\":\"en-US\",\"@id\":\"https:\/\/shop.bazarcia.com\/#\/schema\/logo\/image\/\",\"url\":\"https:\/\/shop.bazarcia.com\/wp-content\/uploads\/2024\/02\/cropped-logo_bazarcia.png\",\"contentUrl\":\"https:\/\/shop.bazarcia.com\/wp-content\/uploads\/2024\/02\/cropped-logo_bazarcia.png\",\"width\":150,\"height\":150,\"caption\":\"Bazar & Cia\"},\"image\":{\"@id\":\"https:\/\/shop.bazarcia.com\/#\/schema\/logo\/image\/\"},\"sameAs\":[\"https:\/\/www.facebook.com\/shopbazarcia\",\"https:\/\/www.instagram.com\/shopbazarcia\",\"https:\/\/br.pinterest.com\/suzane_eloise\/\",\"https:\/\/www.youtube.com\/c\/BazardoBordadoMatrizeseProjetos\"]}]}<\/script>\n<!-- \/ Yoast SEO plugin. -->","yoast_head_json":{"title":"Matriz Naninha Astronauta (13x18) - \ud835\udc1b\ud835\udc1a\ud835\udc33\ud835\udc1a\ud835\udc2b &amp; \ud835\udc1c\ud835\udc22\ud835\udc1a","robots":{"index":"index","follow":"follow","max-snippet":"max-snippet:-1","max-image-preview":"max-image-preview:large","max-video-preview":"max-video-preview:-1"},"canonical":"https:\/\/shop.bazarcia.com\/en\/product\/matriz-naninha-astronauta-13x18\/","og_locale":"en_US","og_type":"article","og_title":"Matriz Naninha Astronauta (13x18) - \ud835\udc1b\ud835\udc1a\ud835\udc33\ud835\udc1a\ud835\udc2b &amp; \ud835\udc1c\ud835\udc22\ud835\udc1a","og_description":"Matriz para Maquina de Bordar Eletronica  Projeto Misto requer m\u00e1quina der bordar e m\u00e1quina de costura  Requer bastidor 13x18  Verifique se a matriz que est\u00e1 adquirindo serve para o seu bastidor, ap\u00f3s a entrega n\u00e3o realizamos troca nem devolu\u00e7\u00e3o, por se tratar de um arquivo eletr\u00f4nico.  Os arquivos s\u00e3o compat\u00edveis com v\u00e1rios tipos e modelos de m\u00e1quinas, com os seguintes formatos: PES \u2013 JEF \u2013 EXP \u2013 XXX \u2013 DST, os mesmos s\u00e3o disponibilizados em pasta compactada(ZIP), sendo necess\u00e1rio descompactar.  Nosso produtos n\u00e3o podem ser copiados, trocados, editados, compartilhados ou revendidos. Eles tem somente a finalidade de uso pessoal, para a produ\u00e7\u00e3o de pe\u00e7as para uso ou venda","og_url":"https:\/\/shop.bazarcia.com\/en\/product\/matriz-naninha-astronauta-13x18\/","og_site_name":"\ud835\udc1b\ud835\udc1a\ud835\udc33\ud835\udc1a\ud835\udc2b &amp; \ud835\udc1c\ud835\udc22\ud835\udc1a","article_publisher":"https:\/\/www.facebook.com\/shopbazarcia","article_modified_time":"2024-01-25T03:00:02+00:00","og_image":[{"width":1080,"height":1080,"url":"https:\/\/shop.bazarcia.com\/wp-content\/uploads\/2024\/01\/Copia-de-Copia-de-Copia-de-Copia-de-Copia-de-Copia-de-Copia-de-Copia-de-Copia-de-Copia-de-Copia-de-Copia-de-Copia-de-Copia-de-Copia-de-Matriz-Barbie-10x10-e-13x18-R-1000-1.jpg","type":"image\/jpeg"}],"twitter_card":"summary_large_image","schema":{"@context":"https:\/\/schema.org","@graph":[{"@type":"WebPage","@id":"https:\/\/shop.bazarcia.com\/produto\/matriz-naninha-astronauta-13x18\/","url":"https:\/\/shop.bazarcia.com\/produto\/matriz-naninha-astronauta-13x18\/","name":"Matriz Naninha Astronauta (13x18) - \ud835\udc1b\ud835\udc1a\ud835\udc33\ud835\udc1a\ud835\udc2b &amp; \ud835\udc1c\ud835\udc22\ud835\udc1a","isPartOf":{"@id":"https:\/\/shop.bazarcia.com\/#website"},"primaryImageOfPage":{"@id":"https:\/\/shop.bazarcia.com\/produto\/matriz-naninha-astronauta-13x18\/#primaryimage"},"image":{"@id":"https:\/\/shop.bazarcia.com\/produto\/matriz-naninha-astronauta-13x18\/#primaryimage"},"thumbnailUrl":"https:\/\/shop.bazarcia.com\/wp-content\/uploads\/2024\/01\/Copia-de-Copia-de-Copia-de-Copia-de-Copia-de-Copia-de-Copia-de-Copia-de-Copia-de-Copia-de-Copia-de-Copia-de-Copia-de-Copia-de-Copia-de-Matriz-Barbie-10x10-e-13x18-R-1000-1.jpg","datePublished":"2024-01-15T23:04:40+00:00","dateModified":"2024-01-25T03:00:02+00:00","breadcrumb":{"@id":"https:\/\/shop.bazarcia.com\/produto\/matriz-naninha-astronauta-13x18\/#breadcrumb"},"inLanguage":"en-US","potentialAction":[{"@type":"ReadAction","target":["https:\/\/shop.bazarcia.com\/produto\/matriz-naninha-astronauta-13x18\/"]}]},{"@type":"ImageObject","inLanguage":"en-US","@id":"https:\/\/shop.bazarcia.com\/produto\/matriz-naninha-astronauta-13x18\/#primaryimage","url":"https:\/\/shop.bazarcia.com\/wp-content\/uploads\/2024\/01\/Copia-de-Copia-de-Copia-de-Copia-de-Copia-de-Copia-de-Copia-de-Copia-de-Copia-de-Copia-de-Copia-de-Copia-de-Copia-de-Copia-de-Copia-de-Matriz-Barbie-10x10-e-13x18-R-1000-1.jpg","contentUrl":"https:\/\/shop.bazarcia.com\/wp-content\/uploads\/2024\/01\/Copia-de-Copia-de-Copia-de-Copia-de-Copia-de-Copia-de-Copia-de-Copia-de-Copia-de-Copia-de-Copia-de-Copia-de-Copia-de-Copia-de-Copia-de-Matriz-Barbie-10x10-e-13x18-R-1000-1.jpg","width":1080,"height":1080},{"@type":"BreadcrumbList","@id":"https:\/\/shop.bazarcia.com\/produto\/matriz-naninha-astronauta-13x18\/#breadcrumb","itemListElement":[{"@type":"ListItem","position":1,"name":"In\u00edcio","item":"https:\/\/shop.bazarcia.com\/"},{"@type":"ListItem","position":2,"name":"Loja","item":"https:\/\/shop.bazarcia.com\/loja\/"},{"@type":"ListItem","position":3,"name":"Matriz Naninha Astronauta (13&#215;18)"}]},{"@type":"WebSite","@id":"https:\/\/shop.bazarcia.com\/#website","url":"https:\/\/shop.bazarcia.com\/","name":"Bazar & Cia","description":"criatividade ponto a ponto","publisher":{"@id":"https:\/\/shop.bazarcia.com\/#organization"},"potentialAction":[{"@type":"SearchAction","target":{"@type":"EntryPoint","urlTemplate":"https:\/\/shop.bazarcia.com\/?s={search_term_string}"},"query-input":{"@type":"PropertyValueSpecification","valueRequired":true,"valueName":"search_term_string"}}],"inLanguage":"en-US"},{"@type":"Organization","@id":"https:\/\/shop.bazarcia.com\/#organization","name":"Bazar & Cia","url":"https:\/\/shop.bazarcia.com\/","logo":{"@type":"ImageObject","inLanguage":"en-US","@id":"https:\/\/shop.bazarcia.com\/#\/schema\/logo\/image\/","url":"https:\/\/shop.bazarcia.com\/wp-content\/uploads\/2024\/02\/cropped-logo_bazarcia.png","contentUrl":"https:\/\/shop.bazarcia.com\/wp-content\/uploads\/2024\/02\/cropped-logo_bazarcia.png","width":150,"height":150,"caption":"Bazar & Cia"},"image":{"@id":"https:\/\/shop.bazarcia.com\/#\/schema\/logo\/image\/"},"sameAs":["https:\/\/www.facebook.com\/shopbazarcia","https:\/\/www.instagram.com\/shopbazarcia","https:\/\/br.pinterest.com\/suzane_eloise\/","https:\/\/www.youtube.com\/c\/BazardoBordadoMatrizeseProjetos"]}]}},"_links":{"self":[{"href":"https:\/\/shop.bazarcia.com\/en\/wp-json\/wp\/v2\/product\/258626","targetHints":{"allow":["GET"]}}],"collection":[{"href":"https:\/\/shop.bazarcia.com\/en\/wp-json\/wp\/v2\/product"}],"about":[{"href":"https:\/\/shop.bazarcia.com\/en\/wp-json\/wp\/v2\/types\/product"}],"replies":[{"embeddable":true,"href":"https:\/\/shop.bazarcia.com\/en\/wp-json\/wp\/v2\/comments?post=258626"}],"version-history":[{"count":1,"href":"https:\/\/shop.bazarcia.com\/en\/wp-json\/wp\/v2\/product\/258626\/revisions"}],"predecessor-version":[{"id":258632,"href":"https:\/\/shop.bazarcia.com\/en\/wp-json\/wp\/v2\/product\/258626\/revisions\/258632"}],"wp:featuredmedia":[{"embeddable":true,"href":"https:\/\/shop.bazarcia.com\/en\/wp-json\/wp\/v2\/media\/258621"}],"wp:attachment":[{"href":"https:\/\/shop.bazarcia.com\/en\/wp-json\/wp\/v2\/media?parent=258626"}],"wp:term":[{"taxonomy":"product_brand","embeddable":true,"href":"https:\/\/shop.bazarcia.com\/en\/wp-json\/wp\/v2\/product_brand?post=258626"},{"taxonomy":"product_cat","embeddable":true,"href":"https:\/\/shop.bazarcia.com\/en\/wp-json\/wp\/v2\/product_cat?post=258626"},{"taxonomy":"product_tag","embeddable":true,"href":"https:\/\/shop.bazarcia.com\/en\/wp-json\/wp\/v2\/product_tag?post=258626"}],"curies":[{"name":"wp","href":"https:\/\/api.w.org\/{rel}","templated":true}]}}