{"id":263773,"date":"2024-02-26T11:35:04","date_gmt":"2024-02-26T14:35:04","guid":{"rendered":"https:\/\/shop.bazarcia.com\/produto\/matriz-de-bordado-cachorro-2\/"},"modified":"2024-02-26T11:37:27","modified_gmt":"2024-02-26T14:37:27","slug":"matriz-de-bordado-cachorro-2","status":"publish","type":"product","link":"https:\/\/shop.bazarcia.com\/en\/product\/matriz-de-bordado-cachorro-2\/","title":{"rendered":"MATRIZ DE BORDADO &#8211; CACHORRO"},"content":{"rendered":"<p style=\"margin-top: 0px;line-height: 20px;font-family: 'Open Sans', sans-serif;font-size: 14px;color: #524747;background-color: #fefefe\">Matriz de bordado do rostinho do casal de cachorros\u00a0em aplique , sendo as orelhinhas em 3D .Cont\u00e9m um chaveirinho. ideal para bolsas, mochilas\u00a0e necessaires. N\u00e3o acompanha a modelagem digital da mochila ( vc poder\u00e1 adquirir separadamente na aba moldes de costura criativa)<\/p>\n<p style=\"margin-top: 0px;line-height: 20px;font-family: 'Open Sans', sans-serif;font-size: 14px;color: #524747;background-color: #fefefe\">Dispon\u00edvel para download via e-mail em at\u00e9 24 horas ap\u00f3s\u00a0confirma\u00e7\u00e3o de pagamento da compra.<\/p>\n<p style=\"margin-top: 0px;line-height: 20px;font-family: 'Open Sans', sans-serif;font-size: 14px;color: #524747;background-color: #fefefe\">Nos formatos:<\/p>\n<p style=\"margin-top: 0px;line-height: 20px;font-family: 'Open Sans', sans-serif;font-size: 14px;color: #524747;background-color: #fefefe\">DST<\/p>\n<p style=\"margin-top: 0px;line-height: 20px;font-family: 'Open Sans', sans-serif;font-size: 14px;color: #524747;background-color: #fefefe\">EXP<\/p>\n<p style=\"margin-top: 0px;line-height: 20px;font-family: 'Open Sans', sans-serif;font-size: 14px;color: #524747;background-color: #fefefe\">HUS<\/p>\n<p style=\"margin-top: 0px;line-height: 20px;font-family: 'Open Sans', sans-serif;font-size: 14px;color: #524747;background-color: #fefefe\">JEF<\/p>\n<p style=\"margin-top: 0px;line-height: 20px;font-family: 'Open Sans', sans-serif;font-size: 14px;color: #524747;background-color: #fefefe\">PES<\/p>\n<p style=\"margin-top: 0px;line-height: 20px;font-family: 'Open Sans', sans-serif;font-size: 14px;color: #524747;background-color: #fefefe\">XXX<\/p>\n<p style=\"margin-top: 0px;line-height: 20px;color: #000000;font-family: 'Open Sans', sans-serif;font-size: 14px\"><span style=\"color: #524747;font-family: Open Sans, sans-serif\"><span style=\"background-color: #fefefe\">Tamanhos das matrizes para bastidor 10&#215;10 \/ 13&#215;18 \/ 14&#215;20 \/ 16X26\/ 20X30 podendo usar em bastidores destes mesmos tamanhos ou maiores.<\/span><\/span><\/p>\n<p style=\"margin-top: 0px;line-height: 20px;color: #000000;font-family: 'Open Sans', sans-serif;font-size: 14px\">Por isso, \u00e9 importante que\u00a0 fa\u00e7a o download do conte\u00fado o quanto antes, armazenando no seu compartimento de interesse.<\/p>\n<p style=\"margin-top: 0px;line-height: 20px;font-family: 'Open Sans', sans-serif;font-size: 14px;color: #524747;background-color: #fefefe\">Compras realizadas atrav\u00e9s de boleto banc\u00e1rio poder\u00e1 levar at\u00e9 dois dias \u00fateis para libera\u00e7\u00e3o das matrizes.<\/p>\n<p style=\"margin-top: 0px;line-height: 20px;font-family: 'Open Sans', sans-serif;font-size: 14px;color: #524747;background-color: #fefefe\">Voc\u00ea pode conhecer nosso canal no youtube Mimos de Lili Ateli\u00ea Alice Paz de Hora\u00a0ou acessando nosso link:\u00a0<a href=\"https:\/\/www.youtube.com\/channel\/UCoGsFX_hesf1oGUWVPYSv8g\">https:\/\/www.youtube.com\/channel\/UCoGsFX_hesf1oGUWVPYSv8g<\/a><\/p>","protected":false},"excerpt":{"rendered":"<p>Matriz de bordado do rostinho do casal de cachorros em aplique , sendo as orelhinhas em 3D .Cont\u00e9m um chaveirinho. ideal para bolsas, mochilas e necessaires. N\u00e3o acompanha a modelagem digital da mochila ( vc poder\u00e1 adquirir separadamente na aba moldes de costura criativa)<\/p>\n<p>Dispon\u00edvel para download via e-mail em at\u00e9 24 horas ap\u00f3s confirma\u00e7\u00e3o de pagamento da compra.<\/p>\n<p>Nos formatos:<\/p>\n<p>DST<\/p>\n<p>EXP<\/p>\n<p>HUS<\/p>\n<p>JEF<\/p>\n<p>PES<\/p>\n<p>XXX<\/p>","protected":false},"featured_media":263769,"comment_status":"open","ping_status":"closed","template":"","meta":{"_acf_changed":false,"_joinchat":[]},"product_brand":[],"product_cat":[84,122,1081],"product_tag":[],"class_list":{"0":"post-263773","1":"product","2":"type-product","3":"status-publish","4":"has-post-thumbnail","6":"product_cat-matrizes-de-bordado","7":"product_cat-matrizes-de-bordado-animais","8":"product_cat-cachorrinhos","10":"first","11":"instock","12":"downloadable","13":"virtual","14":"purchasable","15":"product-type-simple"},"acf":[],"yoast_head":"<!-- This site is optimized with the Yoast SEO plugin v27.2 - https:\/\/yoast.com\/product\/yoast-seo-wordpress\/ -->\n<title>MATRIZ DE BORDADO - CACHORRO - \ud835\udc1b\ud835\udc1a\ud835\udc33\ud835\udc1a\ud835\udc2b &amp; \ud835\udc1c\ud835\udc22\ud835\udc1a<\/title>\n<meta name=\"robots\" content=\"index, follow, max-snippet:-1, max-image-preview:large, max-video-preview:-1\" \/>\n<link rel=\"canonical\" href=\"https:\/\/shop.bazarcia.com\/en\/product\/matriz-de-bordado-cachorro-2\/\" \/>\n<meta property=\"og:locale\" content=\"en_US\" \/>\n<meta property=\"og:type\" content=\"article\" \/>\n<meta property=\"og:title\" content=\"MATRIZ DE BORDADO - CACHORRO - \ud835\udc1b\ud835\udc1a\ud835\udc33\ud835\udc1a\ud835\udc2b &amp; \ud835\udc1c\ud835\udc22\ud835\udc1a\" \/>\n<meta property=\"og:description\" content=\"Matriz de bordado do rostinho do casal de cachorros em aplique , sendo as orelhinhas em 3D .Cont\u00e9m um chaveirinho. ideal para bolsas, mochilas e necessaires. N\u00e3o acompanha a modelagem digital da mochila ( vc poder\u00e1 adquirir separadamente na aba moldes de costura criativa)  Dispon\u00edvel para download via e-mail em at\u00e9 24 horas ap\u00f3s confirma\u00e7\u00e3o de pagamento da compra.  Nos formatos:  DST  EXP  HUS  JEF  PES  XXX\" \/>\n<meta property=\"og:url\" content=\"https:\/\/shop.bazarcia.com\/en\/product\/matriz-de-bordado-cachorro-2\/\" \/>\n<meta property=\"og:site_name\" content=\"\ud835\udc1b\ud835\udc1a\ud835\udc33\ud835\udc1a\ud835\udc2b &amp; \ud835\udc1c\ud835\udc22\ud835\udc1a\" \/>\n<meta property=\"article:publisher\" content=\"https:\/\/www.facebook.com\/shopbazarcia\" \/>\n<meta property=\"article:modified_time\" content=\"2024-02-26T14:37:27+00:00\" \/>\n<meta property=\"og:image\" content=\"https:\/\/shop.bazarcia.com\/wp-content\/uploads\/2024\/02\/Design-sem-nome-97-3.png\" \/>\n\t<meta property=\"og:image:width\" content=\"800\" \/>\n\t<meta property=\"og:image:height\" content=\"800\" \/>\n\t<meta property=\"og:image:type\" content=\"image\/png\" \/>\n<meta name=\"twitter:card\" content=\"summary_large_image\" \/>\n<meta name=\"twitter:label1\" content=\"Est. reading time\" \/>\n\t<meta name=\"twitter:data1\" content=\"1 minute\" \/>\n<script type=\"application\/ld+json\" class=\"yoast-schema-graph\">{\"@context\":\"https:\/\/schema.org\",\"@graph\":[{\"@type\":\"WebPage\",\"@id\":\"https:\/\/shop.bazarcia.com\/produto\/matriz-de-bordado-cachorro-2\/\",\"url\":\"https:\/\/shop.bazarcia.com\/produto\/matriz-de-bordado-cachorro-2\/\",\"name\":\"MATRIZ DE BORDADO - CACHORRO - \ud835\udc1b\ud835\udc1a\ud835\udc33\ud835\udc1a\ud835\udc2b &amp; \ud835\udc1c\ud835\udc22\ud835\udc1a\",\"isPartOf\":{\"@id\":\"https:\/\/shop.bazarcia.com\/#website\"},\"primaryImageOfPage\":{\"@id\":\"https:\/\/shop.bazarcia.com\/produto\/matriz-de-bordado-cachorro-2\/#primaryimage\"},\"image\":{\"@id\":\"https:\/\/shop.bazarcia.com\/produto\/matriz-de-bordado-cachorro-2\/#primaryimage\"},\"thumbnailUrl\":\"https:\/\/shop.bazarcia.com\/wp-content\/uploads\/2024\/02\/Design-sem-nome-97-3.png\",\"datePublished\":\"2024-02-26T14:35:04+00:00\",\"dateModified\":\"2024-02-26T14:37:27+00:00\",\"breadcrumb\":{\"@id\":\"https:\/\/shop.bazarcia.com\/produto\/matriz-de-bordado-cachorro-2\/#breadcrumb\"},\"inLanguage\":\"en-US\",\"potentialAction\":[{\"@type\":\"ReadAction\",\"target\":[\"https:\/\/shop.bazarcia.com\/produto\/matriz-de-bordado-cachorro-2\/\"]}]},{\"@type\":\"ImageObject\",\"inLanguage\":\"en-US\",\"@id\":\"https:\/\/shop.bazarcia.com\/produto\/matriz-de-bordado-cachorro-2\/#primaryimage\",\"url\":\"https:\/\/shop.bazarcia.com\/wp-content\/uploads\/2024\/02\/Design-sem-nome-97-3.png\",\"contentUrl\":\"https:\/\/shop.bazarcia.com\/wp-content\/uploads\/2024\/02\/Design-sem-nome-97-3.png\",\"width\":800,\"height\":800},{\"@type\":\"BreadcrumbList\",\"@id\":\"https:\/\/shop.bazarcia.com\/produto\/matriz-de-bordado-cachorro-2\/#breadcrumb\",\"itemListElement\":[{\"@type\":\"ListItem\",\"position\":1,\"name\":\"In\u00edcio\",\"item\":\"https:\/\/shop.bazarcia.com\/\"},{\"@type\":\"ListItem\",\"position\":2,\"name\":\"Loja\",\"item\":\"https:\/\/shop.bazarcia.com\/loja\/\"},{\"@type\":\"ListItem\",\"position\":3,\"name\":\"MATRIZ DE BORDADO &#8211; CACHORRO\"}]},{\"@type\":\"WebSite\",\"@id\":\"https:\/\/shop.bazarcia.com\/#website\",\"url\":\"https:\/\/shop.bazarcia.com\/\",\"name\":\"Bazar & Cia\",\"description\":\"criatividade ponto a ponto\",\"publisher\":{\"@id\":\"https:\/\/shop.bazarcia.com\/#organization\"},\"potentialAction\":[{\"@type\":\"SearchAction\",\"target\":{\"@type\":\"EntryPoint\",\"urlTemplate\":\"https:\/\/shop.bazarcia.com\/?s={search_term_string}\"},\"query-input\":{\"@type\":\"PropertyValueSpecification\",\"valueRequired\":true,\"valueName\":\"search_term_string\"}}],\"inLanguage\":\"en-US\"},{\"@type\":\"Organization\",\"@id\":\"https:\/\/shop.bazarcia.com\/#organization\",\"name\":\"Bazar & Cia\",\"url\":\"https:\/\/shop.bazarcia.com\/\",\"logo\":{\"@type\":\"ImageObject\",\"inLanguage\":\"en-US\",\"@id\":\"https:\/\/shop.bazarcia.com\/#\/schema\/logo\/image\/\",\"url\":\"https:\/\/shop.bazarcia.com\/wp-content\/uploads\/2024\/02\/cropped-logo_bazarcia.png\",\"contentUrl\":\"https:\/\/shop.bazarcia.com\/wp-content\/uploads\/2024\/02\/cropped-logo_bazarcia.png\",\"width\":150,\"height\":150,\"caption\":\"Bazar & Cia\"},\"image\":{\"@id\":\"https:\/\/shop.bazarcia.com\/#\/schema\/logo\/image\/\"},\"sameAs\":[\"https:\/\/www.facebook.com\/shopbazarcia\",\"https:\/\/www.instagram.com\/shopbazarcia\",\"https:\/\/br.pinterest.com\/suzane_eloise\/\",\"https:\/\/www.youtube.com\/c\/BazardoBordadoMatrizeseProjetos\"]}]}<\/script>\n<!-- \/ Yoast SEO plugin. -->","yoast_head_json":{"title":"MATRIZ DE BORDADO - CACHORRO - \ud835\udc1b\ud835\udc1a\ud835\udc33\ud835\udc1a\ud835\udc2b &amp; \ud835\udc1c\ud835\udc22\ud835\udc1a","robots":{"index":"index","follow":"follow","max-snippet":"max-snippet:-1","max-image-preview":"max-image-preview:large","max-video-preview":"max-video-preview:-1"},"canonical":"https:\/\/shop.bazarcia.com\/en\/product\/matriz-de-bordado-cachorro-2\/","og_locale":"en_US","og_type":"article","og_title":"MATRIZ DE BORDADO - CACHORRO - \ud835\udc1b\ud835\udc1a\ud835\udc33\ud835\udc1a\ud835\udc2b &amp; \ud835\udc1c\ud835\udc22\ud835\udc1a","og_description":"Matriz de bordado do rostinho do casal de cachorros em aplique , sendo as orelhinhas em 3D .Cont\u00e9m um chaveirinho. ideal para bolsas, mochilas e necessaires. N\u00e3o acompanha a modelagem digital da mochila ( vc poder\u00e1 adquirir separadamente na aba moldes de costura criativa)  Dispon\u00edvel para download via e-mail em at\u00e9 24 horas ap\u00f3s confirma\u00e7\u00e3o de pagamento da compra.  Nos formatos:  DST  EXP  HUS  JEF  PES  XXX","og_url":"https:\/\/shop.bazarcia.com\/en\/product\/matriz-de-bordado-cachorro-2\/","og_site_name":"\ud835\udc1b\ud835\udc1a\ud835\udc33\ud835\udc1a\ud835\udc2b &amp; \ud835\udc1c\ud835\udc22\ud835\udc1a","article_publisher":"https:\/\/www.facebook.com\/shopbazarcia","article_modified_time":"2024-02-26T14:37:27+00:00","og_image":[{"width":800,"height":800,"url":"https:\/\/shop.bazarcia.com\/wp-content\/uploads\/2024\/02\/Design-sem-nome-97-3.png","type":"image\/png"}],"twitter_card":"summary_large_image","twitter_misc":{"Est. reading time":"1 minute"},"schema":{"@context":"https:\/\/schema.org","@graph":[{"@type":"WebPage","@id":"https:\/\/shop.bazarcia.com\/produto\/matriz-de-bordado-cachorro-2\/","url":"https:\/\/shop.bazarcia.com\/produto\/matriz-de-bordado-cachorro-2\/","name":"MATRIZ DE BORDADO - CACHORRO - \ud835\udc1b\ud835\udc1a\ud835\udc33\ud835\udc1a\ud835\udc2b &amp; \ud835\udc1c\ud835\udc22\ud835\udc1a","isPartOf":{"@id":"https:\/\/shop.bazarcia.com\/#website"},"primaryImageOfPage":{"@id":"https:\/\/shop.bazarcia.com\/produto\/matriz-de-bordado-cachorro-2\/#primaryimage"},"image":{"@id":"https:\/\/shop.bazarcia.com\/produto\/matriz-de-bordado-cachorro-2\/#primaryimage"},"thumbnailUrl":"https:\/\/shop.bazarcia.com\/wp-content\/uploads\/2024\/02\/Design-sem-nome-97-3.png","datePublished":"2024-02-26T14:35:04+00:00","dateModified":"2024-02-26T14:37:27+00:00","breadcrumb":{"@id":"https:\/\/shop.bazarcia.com\/produto\/matriz-de-bordado-cachorro-2\/#breadcrumb"},"inLanguage":"en-US","potentialAction":[{"@type":"ReadAction","target":["https:\/\/shop.bazarcia.com\/produto\/matriz-de-bordado-cachorro-2\/"]}]},{"@type":"ImageObject","inLanguage":"en-US","@id":"https:\/\/shop.bazarcia.com\/produto\/matriz-de-bordado-cachorro-2\/#primaryimage","url":"https:\/\/shop.bazarcia.com\/wp-content\/uploads\/2024\/02\/Design-sem-nome-97-3.png","contentUrl":"https:\/\/shop.bazarcia.com\/wp-content\/uploads\/2024\/02\/Design-sem-nome-97-3.png","width":800,"height":800},{"@type":"BreadcrumbList","@id":"https:\/\/shop.bazarcia.com\/produto\/matriz-de-bordado-cachorro-2\/#breadcrumb","itemListElement":[{"@type":"ListItem","position":1,"name":"In\u00edcio","item":"https:\/\/shop.bazarcia.com\/"},{"@type":"ListItem","position":2,"name":"Loja","item":"https:\/\/shop.bazarcia.com\/loja\/"},{"@type":"ListItem","position":3,"name":"MATRIZ DE BORDADO &#8211; CACHORRO"}]},{"@type":"WebSite","@id":"https:\/\/shop.bazarcia.com\/#website","url":"https:\/\/shop.bazarcia.com\/","name":"Bazar & Cia","description":"criatividade ponto a ponto","publisher":{"@id":"https:\/\/shop.bazarcia.com\/#organization"},"potentialAction":[{"@type":"SearchAction","target":{"@type":"EntryPoint","urlTemplate":"https:\/\/shop.bazarcia.com\/?s={search_term_string}"},"query-input":{"@type":"PropertyValueSpecification","valueRequired":true,"valueName":"search_term_string"}}],"inLanguage":"en-US"},{"@type":"Organization","@id":"https:\/\/shop.bazarcia.com\/#organization","name":"Bazar & Cia","url":"https:\/\/shop.bazarcia.com\/","logo":{"@type":"ImageObject","inLanguage":"en-US","@id":"https:\/\/shop.bazarcia.com\/#\/schema\/logo\/image\/","url":"https:\/\/shop.bazarcia.com\/wp-content\/uploads\/2024\/02\/cropped-logo_bazarcia.png","contentUrl":"https:\/\/shop.bazarcia.com\/wp-content\/uploads\/2024\/02\/cropped-logo_bazarcia.png","width":150,"height":150,"caption":"Bazar & Cia"},"image":{"@id":"https:\/\/shop.bazarcia.com\/#\/schema\/logo\/image\/"},"sameAs":["https:\/\/www.facebook.com\/shopbazarcia","https:\/\/www.instagram.com\/shopbazarcia","https:\/\/br.pinterest.com\/suzane_eloise\/","https:\/\/www.youtube.com\/c\/BazardoBordadoMatrizeseProjetos"]}]}},"_links":{"self":[{"href":"https:\/\/shop.bazarcia.com\/en\/wp-json\/wp\/v2\/product\/263773","targetHints":{"allow":["GET"]}}],"collection":[{"href":"https:\/\/shop.bazarcia.com\/en\/wp-json\/wp\/v2\/product"}],"about":[{"href":"https:\/\/shop.bazarcia.com\/en\/wp-json\/wp\/v2\/types\/product"}],"replies":[{"embeddable":true,"href":"https:\/\/shop.bazarcia.com\/en\/wp-json\/wp\/v2\/comments?post=263773"}],"version-history":[{"count":1,"href":"https:\/\/shop.bazarcia.com\/en\/wp-json\/wp\/v2\/product\/263773\/revisions"}],"predecessor-version":[{"id":263775,"href":"https:\/\/shop.bazarcia.com\/en\/wp-json\/wp\/v2\/product\/263773\/revisions\/263775"}],"wp:featuredmedia":[{"embeddable":true,"href":"https:\/\/shop.bazarcia.com\/en\/wp-json\/wp\/v2\/media\/263769"}],"wp:attachment":[{"href":"https:\/\/shop.bazarcia.com\/en\/wp-json\/wp\/v2\/media?parent=263773"}],"wp:term":[{"taxonomy":"product_brand","embeddable":true,"href":"https:\/\/shop.bazarcia.com\/en\/wp-json\/wp\/v2\/product_brand?post=263773"},{"taxonomy":"product_cat","embeddable":true,"href":"https:\/\/shop.bazarcia.com\/en\/wp-json\/wp\/v2\/product_cat?post=263773"},{"taxonomy":"product_tag","embeddable":true,"href":"https:\/\/shop.bazarcia.com\/en\/wp-json\/wp\/v2\/product_tag?post=263773"}],"curies":[{"name":"wp","href":"https:\/\/api.w.org\/{rel}","templated":true}]}}