{"id":264301,"date":"2024-02-28T15:07:48","date_gmt":"2024-02-28T18:07:48","guid":{"rendered":"https:\/\/shop.bazarcia.com\/produto\/matriz-de-bordado-nome-apollo-sobreposto-2\/"},"modified":"2024-02-28T15:09:55","modified_gmt":"2024-02-28T18:09:55","slug":"matriz-de-bordado-nome-apollo-sobreposto-2","status":"publish","type":"product","link":"https:\/\/shop.bazarcia.com\/en\/product\/matriz-de-bordado-nome-apollo-sobreposto-2\/","title":{"rendered":"Matriz de Bordado &#8211; NOME APOLLO SOBREPOSTO"},"content":{"rendered":"<p>A matriz \u00e9 programada com a T\u00e9cnica Rippled (Pontos Leves), e Ponto Cheio.<\/p>\n<p>Quantidade: 01 matriz<\/p>\n<p>Tamanho \u00danico: 18cm<\/p>\n<p>Bastidores Compat\u00edveis:13&#215;18, 14&#215;20 e 16&#215;26.<\/p>\n<p>** Tamanhos se referi a altura da matriz, a largura \u00e9 proporcional \u00e0 altura.<\/p>\n<h2 class=\"sFFmR2l ovIAf_6---typography-11-runningText ovIAf_6---priority-7-primary _HOcyB x4nptw sxbtulv\" style=\"background: transparent;border: 0px;margin: 0px;padding: 0px;vertical-align: baseline;text-decoration: var(--productPage_infoSectionTitleFontStyle-text-decoration , var(--quickView_infoSectionTitleFontStyle-text-decoration , var(--productPage_paragraphTitleFontStyle-text-decoration , var(--wix-font-Body-M-text-decoration))));font: 17px \/ 1.4em forum, serif;color: var(--wut-text-color, var(--text-deprecated-st-css3610935085-primary-color));flex-grow: 1;--text-deprecated-st-css3610935085-primary-color: #3B3737;--text-deprecated-st-css3610935085-secondary-color: #3B3737\" aria-hidden=\"false\" data-hook=\"info-section-title\">Formatos dos Arquivos<\/h2>\n<h2 class=\"sFFmR2l ovIAf_6---typography-11-runningText ovIAf_6---priority-7-primary _HOcyB x4nptw sxbtulv\" style=\"background: transparent;border: 0px;margin: 0px;padding: 0px;vertical-align: baseline;text-decoration: var(--productPage_infoSectionTitleFontStyle-text-decoration , var(--quickView_infoSectionTitleFontStyle-text-decoration , var(--productPage_paragraphTitleFontStyle-text-decoration , var(--wix-font-Body-M-text-decoration))));font: 17px \/ 1.4em forum, serif;color: var(--wut-text-color, var(--text-deprecated-st-css3610935085-primary-color));flex-grow: 1;--text-deprecated-st-css3610935085-primary-color: #3B3737;--text-deprecated-st-css3610935085-secondary-color: #3B3737\" aria-hidden=\"false\" data-hook=\"info-section-title\">Os mesmos s\u00e3o compat\u00edveis com v\u00e1rios tipos e modelos de m\u00e1quinas, com os seguintes formatos:<\/h2>\n<div class=\"rah-static rah-static--height-auto\" style=\"background: transparent;border: 0px;margin: 0px;padding: 0px;vertical-align: baseline;color: #3b3737;font-family: Arial, Helvetica, sans-serif;font-size: 15px;height: auto\" aria-hidden=\"false\">\n<div style=\"background: transparent;border: 0px;margin: 0px;padding: 0px;vertical-align: baseline\">\n<div class=\"ulKuLk QfrfFD cell\" style=\"background: transparent;border: 0px;margin: 0px;padding: 17px 0px 0px;vertical-align: baseline;direction: var(--wix-direction)\">\n<div class=\"zp8uy2\" style=\"background: transparent;border: 0px;margin: 0px;padding: 0px;vertical-align: baseline;text-decoration: var(--productPage_infoSectionTextFontStyle-text-decoration , var(--quickView_infoSectionTextFontStyle-text-decoration , var(--productPage_paragraphTextFontStyle-text-decoration , var(--const_productPage_BodyM_16px-text-decoration))));line-height: 1.5 !important\" data-hook=\"info-section-description\">\n<p style=\"background: transparent;border: 0px;margin: 0px;padding: 0px;vertical-align: baseline;font: inherit\">PES \u2013 JEF \u2013 EXP \u2013 XXX \u2013 DST.<\/p>\n<p>&nbsp;<\/p>\n<p style=\"background: transparent;border: 0px;margin: 0px;padding: 0px;vertical-align: baseline;font-size: 17px;font-family: forum, serif;line-height: inherit;color: #000000\">Este \u00e9 um produto digital que \u00e9 disponibilizado para DOWNLOAD logo ap\u00f3s a confirma\u00e7\u00e3o do pagamento.<\/p>\n<p style=\"background: transparent;border: 0px;margin: 0px;padding: 0px;vertical-align: baseline;font-size: 17px;font-family: forum, serif;line-height: inherit;color: #000000\">** Pagamentos realizados atrav\u00e9s de Transfer\u00eancias Bancarias (PIX),\u00a0devem usar o c\u00f3digo QR Code no aplicativo do seu Banco de prefer\u00eancia, ou poder\u00e1 efetuar o pagamento por\u00a0Cart\u00e3o de Cr\u00e9dito ou PayPal. Ao concluir a compra, n\u00e3o \u00e9 necess\u00e1rio enviar comprovante de pagamento, o sistema pr\u00f3prio do site, j\u00e1 identifica o pagamento automaticamente libera o acesso aos downloads das matrizes (tempo de resposta de at\u00e9 48h).<\/p>\n<p style=\"background: transparent;border: 0px;margin: 0px;padding: 0px;vertical-align: baseline;font-size: 17px;font-family: forum, serif;line-height: inherit;color: #000000\">Os arquivos est\u00e3o em pasta compactada (ZIP) contendo arquivos para v\u00e1rios tipos de m\u00e1quinas, (selecione o\u00a0compativ\u00e9l com sua m\u00e1quina), sendo necess\u00e1rio descompactar pelo cliente que adquirir as matrizes.<\/p>\n<p style=\"background: transparent;border: 0px;margin: 0px;padding: 0px;vertical-align: baseline;font-size: 17px;font-family: forum, serif;line-height: inherit;color: #000000\">Voc\u00ea tamb\u00e9m, recebera uma confirma\u00e7\u00e3o no seu e-mail, onde tambem poder\u00e1 baixar as matrizes.<\/p>\n<p style=\"background: transparent;border: 0px;margin: 0px;padding: 0px;vertical-align: baseline;font-size: 17px;font-family: forum, serif;line-height: inherit;color: #000000\">Li e Aceito os Termos de Uso do site Gedalia Santos.<\/p>\n<\/div>\n<\/div>\n<\/div>\n<\/div>","protected":false},"excerpt":{"rendered":"<p>A matriz \u00e9 programada com a T\u00e9cnica Rippled (Pontos Leves), e Ponto Cheio.<br \/>\nQuantidade: 01 matriz<br \/>\nTamanho \u00danico: 18cm<br \/>\nBastidores Compat\u00edveis:13&#215;18, 14&#215;20 e 16&#215;26.<br \/>\n** Tamanhos se referi a altura da matriz, a largura \u00e9 proporcional \u00e0 altura.<\/p>","protected":false},"featured_media":264298,"comment_status":"open","ping_status":"closed","template":"","meta":{"_acf_changed":false,"_joinchat":[]},"product_brand":[],"product_cat":[84,1213],"product_tag":[],"class_list":{"0":"post-264301","1":"product","2":"type-product","3":"status-publish","4":"has-post-thumbnail","6":"product_cat-matrizes-de-bordado","7":"product_cat-nomes","9":"first","10":"instock","11":"downloadable","12":"virtual","13":"purchasable","14":"product-type-simple"},"acf":[],"yoast_head":"<!-- This site is optimized with the Yoast SEO plugin v27.2 - https:\/\/yoast.com\/product\/yoast-seo-wordpress\/ -->\n<title>Matriz de Bordado - NOME APOLLO SOBREPOSTO - \ud835\udc1b\ud835\udc1a\ud835\udc33\ud835\udc1a\ud835\udc2b &amp; \ud835\udc1c\ud835\udc22\ud835\udc1a<\/title>\n<meta name=\"robots\" content=\"index, follow, max-snippet:-1, max-image-preview:large, max-video-preview:-1\" \/>\n<link rel=\"canonical\" href=\"https:\/\/shop.bazarcia.com\/en\/product\/matriz-de-bordado-nome-apollo-sobreposto-2\/\" \/>\n<meta property=\"og:locale\" content=\"en_US\" \/>\n<meta property=\"og:type\" content=\"article\" \/>\n<meta property=\"og:title\" content=\"Matriz de Bordado - NOME APOLLO SOBREPOSTO - \ud835\udc1b\ud835\udc1a\ud835\udc33\ud835\udc1a\ud835\udc2b &amp; \ud835\udc1c\ud835\udc22\ud835\udc1a\" \/>\n<meta property=\"og:description\" content=\"A matriz \u00e9 programada com a T\u00e9cnica Rippled (Pontos Leves), e Ponto Cheio. Quantidade: 01 matriz Tamanho \u00danico: 18cm Bastidores Compat\u00edveis:13x18, 14x20 e 16x26. ** Tamanhos se referi a altura da matriz, a largura \u00e9 proporcional \u00e0 altura.\" \/>\n<meta property=\"og:url\" content=\"https:\/\/shop.bazarcia.com\/en\/product\/matriz-de-bordado-nome-apollo-sobreposto-2\/\" \/>\n<meta property=\"og:site_name\" content=\"\ud835\udc1b\ud835\udc1a\ud835\udc33\ud835\udc1a\ud835\udc2b &amp; \ud835\udc1c\ud835\udc22\ud835\udc1a\" \/>\n<meta property=\"article:publisher\" content=\"https:\/\/www.facebook.com\/shopbazarcia\" \/>\n<meta property=\"article:modified_time\" content=\"2024-02-28T18:09:55+00:00\" \/>\n<meta property=\"og:image\" content=\"https:\/\/shop.bazarcia.com\/wp-content\/uploads\/2024\/02\/APOLLO.jpg\" \/>\n\t<meta property=\"og:image:width\" content=\"1080\" \/>\n\t<meta property=\"og:image:height\" content=\"1080\" \/>\n\t<meta property=\"og:image:type\" content=\"image\/jpeg\" \/>\n<meta name=\"twitter:card\" content=\"summary_large_image\" \/>\n<meta name=\"twitter:label1\" content=\"Est. reading time\" \/>\n\t<meta name=\"twitter:data1\" content=\"1 minute\" \/>\n<script type=\"application\/ld+json\" class=\"yoast-schema-graph\">{\"@context\":\"https:\/\/schema.org\",\"@graph\":[{\"@type\":\"WebPage\",\"@id\":\"https:\/\/shop.bazarcia.com\/produto\/matriz-de-bordado-nome-apollo-sobreposto-2\/\",\"url\":\"https:\/\/shop.bazarcia.com\/produto\/matriz-de-bordado-nome-apollo-sobreposto-2\/\",\"name\":\"Matriz de Bordado - NOME APOLLO SOBREPOSTO - \ud835\udc1b\ud835\udc1a\ud835\udc33\ud835\udc1a\ud835\udc2b &amp; \ud835\udc1c\ud835\udc22\ud835\udc1a\",\"isPartOf\":{\"@id\":\"https:\/\/shop.bazarcia.com\/#website\"},\"primaryImageOfPage\":{\"@id\":\"https:\/\/shop.bazarcia.com\/produto\/matriz-de-bordado-nome-apollo-sobreposto-2\/#primaryimage\"},\"image\":{\"@id\":\"https:\/\/shop.bazarcia.com\/produto\/matriz-de-bordado-nome-apollo-sobreposto-2\/#primaryimage\"},\"thumbnailUrl\":\"https:\/\/shop.bazarcia.com\/wp-content\/uploads\/2024\/02\/APOLLO.jpg\",\"datePublished\":\"2024-02-28T18:07:48+00:00\",\"dateModified\":\"2024-02-28T18:09:55+00:00\",\"breadcrumb\":{\"@id\":\"https:\/\/shop.bazarcia.com\/produto\/matriz-de-bordado-nome-apollo-sobreposto-2\/#breadcrumb\"},\"inLanguage\":\"en-US\",\"potentialAction\":[{\"@type\":\"ReadAction\",\"target\":[\"https:\/\/shop.bazarcia.com\/produto\/matriz-de-bordado-nome-apollo-sobreposto-2\/\"]}]},{\"@type\":\"ImageObject\",\"inLanguage\":\"en-US\",\"@id\":\"https:\/\/shop.bazarcia.com\/produto\/matriz-de-bordado-nome-apollo-sobreposto-2\/#primaryimage\",\"url\":\"https:\/\/shop.bazarcia.com\/wp-content\/uploads\/2024\/02\/APOLLO.jpg\",\"contentUrl\":\"https:\/\/shop.bazarcia.com\/wp-content\/uploads\/2024\/02\/APOLLO.jpg\",\"width\":1080,\"height\":1080},{\"@type\":\"BreadcrumbList\",\"@id\":\"https:\/\/shop.bazarcia.com\/produto\/matriz-de-bordado-nome-apollo-sobreposto-2\/#breadcrumb\",\"itemListElement\":[{\"@type\":\"ListItem\",\"position\":1,\"name\":\"In\u00edcio\",\"item\":\"https:\/\/shop.bazarcia.com\/\"},{\"@type\":\"ListItem\",\"position\":2,\"name\":\"Loja\",\"item\":\"https:\/\/shop.bazarcia.com\/loja\/\"},{\"@type\":\"ListItem\",\"position\":3,\"name\":\"Matriz de Bordado &#8211; NOME APOLLO SOBREPOSTO\"}]},{\"@type\":\"WebSite\",\"@id\":\"https:\/\/shop.bazarcia.com\/#website\",\"url\":\"https:\/\/shop.bazarcia.com\/\",\"name\":\"Bazar & Cia\",\"description\":\"criatividade ponto a ponto\",\"publisher\":{\"@id\":\"https:\/\/shop.bazarcia.com\/#organization\"},\"potentialAction\":[{\"@type\":\"SearchAction\",\"target\":{\"@type\":\"EntryPoint\",\"urlTemplate\":\"https:\/\/shop.bazarcia.com\/?s={search_term_string}\"},\"query-input\":{\"@type\":\"PropertyValueSpecification\",\"valueRequired\":true,\"valueName\":\"search_term_string\"}}],\"inLanguage\":\"en-US\"},{\"@type\":\"Organization\",\"@id\":\"https:\/\/shop.bazarcia.com\/#organization\",\"name\":\"Bazar & Cia\",\"url\":\"https:\/\/shop.bazarcia.com\/\",\"logo\":{\"@type\":\"ImageObject\",\"inLanguage\":\"en-US\",\"@id\":\"https:\/\/shop.bazarcia.com\/#\/schema\/logo\/image\/\",\"url\":\"https:\/\/shop.bazarcia.com\/wp-content\/uploads\/2024\/02\/cropped-logo_bazarcia.png\",\"contentUrl\":\"https:\/\/shop.bazarcia.com\/wp-content\/uploads\/2024\/02\/cropped-logo_bazarcia.png\",\"width\":150,\"height\":150,\"caption\":\"Bazar & Cia\"},\"image\":{\"@id\":\"https:\/\/shop.bazarcia.com\/#\/schema\/logo\/image\/\"},\"sameAs\":[\"https:\/\/www.facebook.com\/shopbazarcia\",\"https:\/\/www.instagram.com\/shopbazarcia\",\"https:\/\/br.pinterest.com\/suzane_eloise\/\",\"https:\/\/www.youtube.com\/c\/BazardoBordadoMatrizeseProjetos\"]}]}<\/script>\n<!-- \/ Yoast SEO plugin. -->","yoast_head_json":{"title":"Matriz de Bordado - NOME APOLLO SOBREPOSTO - \ud835\udc1b\ud835\udc1a\ud835\udc33\ud835\udc1a\ud835\udc2b &amp; \ud835\udc1c\ud835\udc22\ud835\udc1a","robots":{"index":"index","follow":"follow","max-snippet":"max-snippet:-1","max-image-preview":"max-image-preview:large","max-video-preview":"max-video-preview:-1"},"canonical":"https:\/\/shop.bazarcia.com\/en\/product\/matriz-de-bordado-nome-apollo-sobreposto-2\/","og_locale":"en_US","og_type":"article","og_title":"Matriz de Bordado - NOME APOLLO SOBREPOSTO - \ud835\udc1b\ud835\udc1a\ud835\udc33\ud835\udc1a\ud835\udc2b &amp; \ud835\udc1c\ud835\udc22\ud835\udc1a","og_description":"A matriz \u00e9 programada com a T\u00e9cnica Rippled (Pontos Leves), e Ponto Cheio. Quantidade: 01 matriz Tamanho \u00danico: 18cm Bastidores Compat\u00edveis:13x18, 14x20 e 16x26. ** Tamanhos se referi a altura da matriz, a largura \u00e9 proporcional \u00e0 altura.","og_url":"https:\/\/shop.bazarcia.com\/en\/product\/matriz-de-bordado-nome-apollo-sobreposto-2\/","og_site_name":"\ud835\udc1b\ud835\udc1a\ud835\udc33\ud835\udc1a\ud835\udc2b &amp; \ud835\udc1c\ud835\udc22\ud835\udc1a","article_publisher":"https:\/\/www.facebook.com\/shopbazarcia","article_modified_time":"2024-02-28T18:09:55+00:00","og_image":[{"width":1080,"height":1080,"url":"https:\/\/shop.bazarcia.com\/wp-content\/uploads\/2024\/02\/APOLLO.jpg","type":"image\/jpeg"}],"twitter_card":"summary_large_image","twitter_misc":{"Est. reading time":"1 minute"},"schema":{"@context":"https:\/\/schema.org","@graph":[{"@type":"WebPage","@id":"https:\/\/shop.bazarcia.com\/produto\/matriz-de-bordado-nome-apollo-sobreposto-2\/","url":"https:\/\/shop.bazarcia.com\/produto\/matriz-de-bordado-nome-apollo-sobreposto-2\/","name":"Matriz de Bordado - NOME APOLLO SOBREPOSTO - \ud835\udc1b\ud835\udc1a\ud835\udc33\ud835\udc1a\ud835\udc2b &amp; \ud835\udc1c\ud835\udc22\ud835\udc1a","isPartOf":{"@id":"https:\/\/shop.bazarcia.com\/#website"},"primaryImageOfPage":{"@id":"https:\/\/shop.bazarcia.com\/produto\/matriz-de-bordado-nome-apollo-sobreposto-2\/#primaryimage"},"image":{"@id":"https:\/\/shop.bazarcia.com\/produto\/matriz-de-bordado-nome-apollo-sobreposto-2\/#primaryimage"},"thumbnailUrl":"https:\/\/shop.bazarcia.com\/wp-content\/uploads\/2024\/02\/APOLLO.jpg","datePublished":"2024-02-28T18:07:48+00:00","dateModified":"2024-02-28T18:09:55+00:00","breadcrumb":{"@id":"https:\/\/shop.bazarcia.com\/produto\/matriz-de-bordado-nome-apollo-sobreposto-2\/#breadcrumb"},"inLanguage":"en-US","potentialAction":[{"@type":"ReadAction","target":["https:\/\/shop.bazarcia.com\/produto\/matriz-de-bordado-nome-apollo-sobreposto-2\/"]}]},{"@type":"ImageObject","inLanguage":"en-US","@id":"https:\/\/shop.bazarcia.com\/produto\/matriz-de-bordado-nome-apollo-sobreposto-2\/#primaryimage","url":"https:\/\/shop.bazarcia.com\/wp-content\/uploads\/2024\/02\/APOLLO.jpg","contentUrl":"https:\/\/shop.bazarcia.com\/wp-content\/uploads\/2024\/02\/APOLLO.jpg","width":1080,"height":1080},{"@type":"BreadcrumbList","@id":"https:\/\/shop.bazarcia.com\/produto\/matriz-de-bordado-nome-apollo-sobreposto-2\/#breadcrumb","itemListElement":[{"@type":"ListItem","position":1,"name":"In\u00edcio","item":"https:\/\/shop.bazarcia.com\/"},{"@type":"ListItem","position":2,"name":"Loja","item":"https:\/\/shop.bazarcia.com\/loja\/"},{"@type":"ListItem","position":3,"name":"Matriz de Bordado &#8211; NOME APOLLO SOBREPOSTO"}]},{"@type":"WebSite","@id":"https:\/\/shop.bazarcia.com\/#website","url":"https:\/\/shop.bazarcia.com\/","name":"Bazar & Cia","description":"criatividade ponto a ponto","publisher":{"@id":"https:\/\/shop.bazarcia.com\/#organization"},"potentialAction":[{"@type":"SearchAction","target":{"@type":"EntryPoint","urlTemplate":"https:\/\/shop.bazarcia.com\/?s={search_term_string}"},"query-input":{"@type":"PropertyValueSpecification","valueRequired":true,"valueName":"search_term_string"}}],"inLanguage":"en-US"},{"@type":"Organization","@id":"https:\/\/shop.bazarcia.com\/#organization","name":"Bazar & Cia","url":"https:\/\/shop.bazarcia.com\/","logo":{"@type":"ImageObject","inLanguage":"en-US","@id":"https:\/\/shop.bazarcia.com\/#\/schema\/logo\/image\/","url":"https:\/\/shop.bazarcia.com\/wp-content\/uploads\/2024\/02\/cropped-logo_bazarcia.png","contentUrl":"https:\/\/shop.bazarcia.com\/wp-content\/uploads\/2024\/02\/cropped-logo_bazarcia.png","width":150,"height":150,"caption":"Bazar & Cia"},"image":{"@id":"https:\/\/shop.bazarcia.com\/#\/schema\/logo\/image\/"},"sameAs":["https:\/\/www.facebook.com\/shopbazarcia","https:\/\/www.instagram.com\/shopbazarcia","https:\/\/br.pinterest.com\/suzane_eloise\/","https:\/\/www.youtube.com\/c\/BazardoBordadoMatrizeseProjetos"]}]}},"_links":{"self":[{"href":"https:\/\/shop.bazarcia.com\/en\/wp-json\/wp\/v2\/product\/264301","targetHints":{"allow":["GET"]}}],"collection":[{"href":"https:\/\/shop.bazarcia.com\/en\/wp-json\/wp\/v2\/product"}],"about":[{"href":"https:\/\/shop.bazarcia.com\/en\/wp-json\/wp\/v2\/types\/product"}],"replies":[{"embeddable":true,"href":"https:\/\/shop.bazarcia.com\/en\/wp-json\/wp\/v2\/comments?post=264301"}],"version-history":[{"count":1,"href":"https:\/\/shop.bazarcia.com\/en\/wp-json\/wp\/v2\/product\/264301\/revisions"}],"predecessor-version":[{"id":264302,"href":"https:\/\/shop.bazarcia.com\/en\/wp-json\/wp\/v2\/product\/264301\/revisions\/264302"}],"wp:featuredmedia":[{"embeddable":true,"href":"https:\/\/shop.bazarcia.com\/en\/wp-json\/wp\/v2\/media\/264298"}],"wp:attachment":[{"href":"https:\/\/shop.bazarcia.com\/en\/wp-json\/wp\/v2\/media?parent=264301"}],"wp:term":[{"taxonomy":"product_brand","embeddable":true,"href":"https:\/\/shop.bazarcia.com\/en\/wp-json\/wp\/v2\/product_brand?post=264301"},{"taxonomy":"product_cat","embeddable":true,"href":"https:\/\/shop.bazarcia.com\/en\/wp-json\/wp\/v2\/product_cat?post=264301"},{"taxonomy":"product_tag","embeddable":true,"href":"https:\/\/shop.bazarcia.com\/en\/wp-json\/wp\/v2\/product_tag?post=264301"}],"curies":[{"name":"wp","href":"https:\/\/api.w.org\/{rel}","templated":true}]}}