{"id":264716,"date":"2024-03-01T18:32:51","date_gmt":"2024-03-01T21:32:51","guid":{"rendered":"https:\/\/shop.bazarcia.com\/?post_type=product&#038;p=264716"},"modified":"2024-04-01T00:00:06","modified_gmt":"2024-04-01T03:00:06","slug":"matriz-de-bordado-ovo-feliz-pascoa","status":"publish","type":"product","link":"https:\/\/shop.bazarcia.com\/en\/product\/matriz-de-bordado-ovo-feliz-pascoa\/","title":{"rendered":"Matriz de Bordado Ovo Feliz P\u00e1scoa"},"content":{"rendered":"<p class=\"cvgsua\" style=\"line-height: 115%\"><span class=\"oypena\"><span style=\"color: black\">Descri\u00e7\u00e3o da Matriz:<\/span><\/span><\/p>\n<p class=\"cvgsua\" style=\"line-height: 115%;--font-size: 30.6667px;--line-height: 1.4\"><span class=\"oypena\"><span style=\"font-family: 'Segoe UI Emoji',sans-serif;color: black\">\u2728<\/span><span style=\"color: black\"> Explore o mundo da criatividade com nosso matriz de bordado virtual! Matriz desenvolvida em pontos leves , ideais para bastidores a partir de 10&#215;10 ou maiores.<\/span><\/span><\/p>\n<p class=\"cvgsua\" style=\"line-height: 115%;--font-size: 30.6667px;--line-height: 1.4\"><span class=\"oypena\"><span style=\"font-family: 'Segoe UI Emoji',sans-serif;color: black\">?<\/span><span style=\"color: black\"> Ap\u00f3s a confirma\u00e7\u00e3o do pagamento, os arquivos estar\u00e3o dispon\u00edveis para download na sua conta aqui mesmo no site. Os arquivos est\u00e3o em pasta compactada (ZIP), compat\u00edveis com v\u00e1rias m\u00e1quinas e formatos: DST, EXP, HUS, JEF, PES, XXX. <\/span><\/span><\/p>\n<p class=\"cvgsua\" style=\"line-height: 115%;--font-size: 30.6667px;--line-height: 1.4\"><span class=\"oypena\"><span style=\"color: black\">Dispon\u00edveis em 3 tamanhos. ( 8 \/ 10 \/ 12 ) cent\u00edmetros.<\/span><\/span><\/p>\n<p class=\"cvgsua\" style=\"line-height: 115%;--font-size: 30.6667px;--line-height: 1.4\"><span class=\"oypena\"><span style=\"color: black\">Basta acessar sua \u00e1rea de cliente aqui no site e clicar na aba de downloads para come\u00e7ar.<\/span><\/span><\/p>","protected":false},"excerpt":{"rendered":"<p class=\"cvgsua\" style=\"line-height: 115%\"><span class=\"oypena\"><span style=\"font-family: 'Segoe UI Emoji',sans-serif;color: black\">\u2728<\/span><span style=\"color: black\">Matrize em pontos leves , compat\u00edveis com todas as m\u00e1quinas.<\/span><\/span><\/p>\n<p class=\"cvgsua\" style=\"line-height: 115%;--font-size: 33.3333px;--line-height: 1.4\"><span class=\"oypena\"><span style=\"font-family: 'Segoe UI Emoji',sans-serif;color: black\">?<\/span><span style=\"color: black\"> Ideal para toalhinhas e diversas pe\u00e7as.<\/span><\/span><\/p>\n<p class=\"cvgsua\" style=\"line-height: 115%;--font-size: 33.3333px;--line-height: 1.4\"><span class=\"oypena\"><span style=\"font-family: 'Segoe UI Emoji',sans-serif;color: black\">\u2728?<\/span><span style=\"color: black\"> Libera\u00e7\u00e3o autom\u00e1tica ap\u00f3s o pagamento. <\/span><\/span><\/p>\n<p class=\"cvgsua\" style=\"line-height: 115%;--font-size: 33.3333px;--line-height: 1.4\"><span class=\"oypena\"><span style=\"color: black\">Dispon\u00edveis em 3 tamanhos.<\/span><\/span><\/p>\n<p class=\"cvgsua\" style=\"line-height: 115%;--font-size: 33.3333px;--line-height: 1.4\"><span class=\"oypena\"><span style=\"font-family: 'Segoe UI Emoji',sans-serif;color: black\">?<\/span><span style=\"color: black\">Projeto para bastidores a partir 10\u00d710 ou maiores.<\/span><\/span><\/p>\n<p class=\"cvgsua\" style=\"line-height: 115%;--font-size: 33.3333px;--line-height: 1.4\"><span class=\"oypena\"><span style=\"font-family: 'Segoe UI Emoji',sans-serif;color: black\">\u2728<\/span><span style=\"color: black\"> Transforme suas pe\u00e7as em obras de arte!<\/span><\/span><\/p>\n<p class=\"cvgsua\" style=\"line-height: 115%;--font-size: 33.3333px;--line-height: 1.4\"><span class=\"oypena\"><span style=\"font-family: 'Segoe UI Emoji',sans-serif;color: black\">?<\/span><span style=\"color: black\"> Garanta j\u00e1 e apaixone-se pelo bordado! <\/span><\/span><span class=\"oypena\"><span style=\"font-family: 'Segoe UI Emoji',sans-serif;color: black\">\u2728<\/span><\/span><\/p>","protected":false},"featured_media":264677,"comment_status":"open","ping_status":"closed","template":"","meta":{"_acf_changed":false,"_joinchat":[]},"product_brand":[],"product_cat":[122,208,84,165],"product_tag":[1430],"class_list":{"0":"post-264716","1":"product","2":"type-product","3":"status-publish","4":"has-post-thumbnail","6":"product_cat-matrizes-de-bordado-animais","7":"product_cat-coelhinhos","8":"product_cat-matrizes-de-bordado","9":"product_cat-matriz-de-bordado-pascoa","10":"product_tag-matriz-de-bordado","12":"first","13":"instock","14":"downloadable","15":"virtual","16":"purchasable","17":"product-type-simple"},"acf":[],"yoast_head":"<!-- This site is optimized with the Yoast SEO plugin v27.2 - https:\/\/yoast.com\/product\/yoast-seo-wordpress\/ -->\n<title>Matriz de Bordado Ovo Feliz P\u00e1scoa - \ud835\udc1b\ud835\udc1a\ud835\udc33\ud835\udc1a\ud835\udc2b &amp; \ud835\udc1c\ud835\udc22\ud835\udc1a<\/title>\n<meta name=\"robots\" content=\"index, follow, max-snippet:-1, max-image-preview:large, max-video-preview:-1\" \/>\n<link rel=\"canonical\" href=\"https:\/\/shop.bazarcia.com\/en\/product\/matriz-de-bordado-ovo-feliz-pascoa\/\" \/>\n<meta property=\"og:locale\" content=\"en_US\" \/>\n<meta property=\"og:type\" content=\"article\" \/>\n<meta property=\"og:title\" content=\"Matriz de Bordado Ovo Feliz P\u00e1scoa - \ud835\udc1b\ud835\udc1a\ud835\udc33\ud835\udc1a\ud835\udc2b &amp; \ud835\udc1c\ud835\udc22\ud835\udc1a\" \/>\n<meta property=\"og:description\" content=\"\u2728Matrize em pontos leves , compat\u00edveis com todas as m\u00e1quinas. ? Ideal para toalhinhas e diversas pe\u00e7as. \u2728? Libera\u00e7\u00e3o autom\u00e1tica ap\u00f3s o pagamento.  Dispon\u00edveis em 3 tamanhos. ?Projeto para bastidores a partir 10\u00d710 ou maiores. \u2728 Transforme suas pe\u00e7as em obras de arte! ? Garanta j\u00e1 e apaixone-se pelo bordado! \u2728\" \/>\n<meta property=\"og:url\" content=\"https:\/\/shop.bazarcia.com\/en\/product\/matriz-de-bordado-ovo-feliz-pascoa\/\" \/>\n<meta property=\"og:site_name\" content=\"\ud835\udc1b\ud835\udc1a\ud835\udc33\ud835\udc1a\ud835\udc2b &amp; \ud835\udc1c\ud835\udc22\ud835\udc1a\" \/>\n<meta property=\"article:publisher\" content=\"https:\/\/www.facebook.com\/shopbazarcia\" \/>\n<meta property=\"article:modified_time\" content=\"2024-04-01T03:00:06+00:00\" \/>\n<meta property=\"og:image\" content=\"https:\/\/shop.bazarcia.com\/wp-content\/uploads\/2024\/03\/OVO-FELIZ-PASCOA.png\" \/>\n\t<meta property=\"og:image:width\" content=\"416\" \/>\n\t<meta property=\"og:image:height\" content=\"429\" \/>\n\t<meta property=\"og:image:type\" content=\"image\/png\" \/>\n<meta name=\"twitter:card\" content=\"summary_large_image\" \/>\n<script type=\"application\/ld+json\" class=\"yoast-schema-graph\">{\"@context\":\"https:\/\/schema.org\",\"@graph\":[{\"@type\":\"WebPage\",\"@id\":\"https:\/\/shop.bazarcia.com\/produto\/matriz-de-bordado-ovo-feliz-pascoa\/\",\"url\":\"https:\/\/shop.bazarcia.com\/produto\/matriz-de-bordado-ovo-feliz-pascoa\/\",\"name\":\"Matriz de Bordado Ovo Feliz P\u00e1scoa - \ud835\udc1b\ud835\udc1a\ud835\udc33\ud835\udc1a\ud835\udc2b &amp; \ud835\udc1c\ud835\udc22\ud835\udc1a\",\"isPartOf\":{\"@id\":\"https:\/\/shop.bazarcia.com\/#website\"},\"primaryImageOfPage\":{\"@id\":\"https:\/\/shop.bazarcia.com\/produto\/matriz-de-bordado-ovo-feliz-pascoa\/#primaryimage\"},\"image\":{\"@id\":\"https:\/\/shop.bazarcia.com\/produto\/matriz-de-bordado-ovo-feliz-pascoa\/#primaryimage\"},\"thumbnailUrl\":\"https:\/\/shop.bazarcia.com\/wp-content\/uploads\/2024\/03\/OVO-FELIZ-PASCOA.png\",\"datePublished\":\"2024-03-01T21:32:51+00:00\",\"dateModified\":\"2024-04-01T03:00:06+00:00\",\"breadcrumb\":{\"@id\":\"https:\/\/shop.bazarcia.com\/produto\/matriz-de-bordado-ovo-feliz-pascoa\/#breadcrumb\"},\"inLanguage\":\"en-US\",\"potentialAction\":[{\"@type\":\"ReadAction\",\"target\":[\"https:\/\/shop.bazarcia.com\/produto\/matriz-de-bordado-ovo-feliz-pascoa\/\"]}]},{\"@type\":\"ImageObject\",\"inLanguage\":\"en-US\",\"@id\":\"https:\/\/shop.bazarcia.com\/produto\/matriz-de-bordado-ovo-feliz-pascoa\/#primaryimage\",\"url\":\"https:\/\/shop.bazarcia.com\/wp-content\/uploads\/2024\/03\/OVO-FELIZ-PASCOA.png\",\"contentUrl\":\"https:\/\/shop.bazarcia.com\/wp-content\/uploads\/2024\/03\/OVO-FELIZ-PASCOA.png\",\"width\":416,\"height\":429},{\"@type\":\"BreadcrumbList\",\"@id\":\"https:\/\/shop.bazarcia.com\/produto\/matriz-de-bordado-ovo-feliz-pascoa\/#breadcrumb\",\"itemListElement\":[{\"@type\":\"ListItem\",\"position\":1,\"name\":\"In\u00edcio\",\"item\":\"https:\/\/shop.bazarcia.com\/\"},{\"@type\":\"ListItem\",\"position\":2,\"name\":\"Loja\",\"item\":\"https:\/\/shop.bazarcia.com\/loja\/\"},{\"@type\":\"ListItem\",\"position\":3,\"name\":\"Matriz de Bordado Ovo Feliz P\u00e1scoa\"}]},{\"@type\":\"WebSite\",\"@id\":\"https:\/\/shop.bazarcia.com\/#website\",\"url\":\"https:\/\/shop.bazarcia.com\/\",\"name\":\"Bazar & Cia\",\"description\":\"criatividade ponto a ponto\",\"publisher\":{\"@id\":\"https:\/\/shop.bazarcia.com\/#organization\"},\"potentialAction\":[{\"@type\":\"SearchAction\",\"target\":{\"@type\":\"EntryPoint\",\"urlTemplate\":\"https:\/\/shop.bazarcia.com\/?s={search_term_string}\"},\"query-input\":{\"@type\":\"PropertyValueSpecification\",\"valueRequired\":true,\"valueName\":\"search_term_string\"}}],\"inLanguage\":\"en-US\"},{\"@type\":\"Organization\",\"@id\":\"https:\/\/shop.bazarcia.com\/#organization\",\"name\":\"Bazar & Cia\",\"url\":\"https:\/\/shop.bazarcia.com\/\",\"logo\":{\"@type\":\"ImageObject\",\"inLanguage\":\"en-US\",\"@id\":\"https:\/\/shop.bazarcia.com\/#\/schema\/logo\/image\/\",\"url\":\"https:\/\/shop.bazarcia.com\/wp-content\/uploads\/2024\/02\/cropped-logo_bazarcia.png\",\"contentUrl\":\"https:\/\/shop.bazarcia.com\/wp-content\/uploads\/2024\/02\/cropped-logo_bazarcia.png\",\"width\":150,\"height\":150,\"caption\":\"Bazar & Cia\"},\"image\":{\"@id\":\"https:\/\/shop.bazarcia.com\/#\/schema\/logo\/image\/\"},\"sameAs\":[\"https:\/\/www.facebook.com\/shopbazarcia\",\"https:\/\/www.instagram.com\/shopbazarcia\",\"https:\/\/br.pinterest.com\/suzane_eloise\/\",\"https:\/\/www.youtube.com\/c\/BazardoBordadoMatrizeseProjetos\"]}]}<\/script>\n<!-- \/ Yoast SEO plugin. -->","yoast_head_json":{"title":"Matriz de Bordado Ovo Feliz P\u00e1scoa - \ud835\udc1b\ud835\udc1a\ud835\udc33\ud835\udc1a\ud835\udc2b &amp; \ud835\udc1c\ud835\udc22\ud835\udc1a","robots":{"index":"index","follow":"follow","max-snippet":"max-snippet:-1","max-image-preview":"max-image-preview:large","max-video-preview":"max-video-preview:-1"},"canonical":"https:\/\/shop.bazarcia.com\/en\/product\/matriz-de-bordado-ovo-feliz-pascoa\/","og_locale":"en_US","og_type":"article","og_title":"Matriz de Bordado Ovo Feliz P\u00e1scoa - \ud835\udc1b\ud835\udc1a\ud835\udc33\ud835\udc1a\ud835\udc2b &amp; \ud835\udc1c\ud835\udc22\ud835\udc1a","og_description":"\u2728Matrize em pontos leves , compat\u00edveis com todas as m\u00e1quinas. ? Ideal para toalhinhas e diversas pe\u00e7as. \u2728? Libera\u00e7\u00e3o autom\u00e1tica ap\u00f3s o pagamento.  Dispon\u00edveis em 3 tamanhos. ?Projeto para bastidores a partir 10\u00d710 ou maiores. \u2728 Transforme suas pe\u00e7as em obras de arte! ? Garanta j\u00e1 e apaixone-se pelo bordado! \u2728","og_url":"https:\/\/shop.bazarcia.com\/en\/product\/matriz-de-bordado-ovo-feliz-pascoa\/","og_site_name":"\ud835\udc1b\ud835\udc1a\ud835\udc33\ud835\udc1a\ud835\udc2b &amp; \ud835\udc1c\ud835\udc22\ud835\udc1a","article_publisher":"https:\/\/www.facebook.com\/shopbazarcia","article_modified_time":"2024-04-01T03:00:06+00:00","og_image":[{"width":416,"height":429,"url":"https:\/\/shop.bazarcia.com\/wp-content\/uploads\/2024\/03\/OVO-FELIZ-PASCOA.png","type":"image\/png"}],"twitter_card":"summary_large_image","schema":{"@context":"https:\/\/schema.org","@graph":[{"@type":"WebPage","@id":"https:\/\/shop.bazarcia.com\/produto\/matriz-de-bordado-ovo-feliz-pascoa\/","url":"https:\/\/shop.bazarcia.com\/produto\/matriz-de-bordado-ovo-feliz-pascoa\/","name":"Matriz de Bordado Ovo Feliz P\u00e1scoa - \ud835\udc1b\ud835\udc1a\ud835\udc33\ud835\udc1a\ud835\udc2b &amp; \ud835\udc1c\ud835\udc22\ud835\udc1a","isPartOf":{"@id":"https:\/\/shop.bazarcia.com\/#website"},"primaryImageOfPage":{"@id":"https:\/\/shop.bazarcia.com\/produto\/matriz-de-bordado-ovo-feliz-pascoa\/#primaryimage"},"image":{"@id":"https:\/\/shop.bazarcia.com\/produto\/matriz-de-bordado-ovo-feliz-pascoa\/#primaryimage"},"thumbnailUrl":"https:\/\/shop.bazarcia.com\/wp-content\/uploads\/2024\/03\/OVO-FELIZ-PASCOA.png","datePublished":"2024-03-01T21:32:51+00:00","dateModified":"2024-04-01T03:00:06+00:00","breadcrumb":{"@id":"https:\/\/shop.bazarcia.com\/produto\/matriz-de-bordado-ovo-feliz-pascoa\/#breadcrumb"},"inLanguage":"en-US","potentialAction":[{"@type":"ReadAction","target":["https:\/\/shop.bazarcia.com\/produto\/matriz-de-bordado-ovo-feliz-pascoa\/"]}]},{"@type":"ImageObject","inLanguage":"en-US","@id":"https:\/\/shop.bazarcia.com\/produto\/matriz-de-bordado-ovo-feliz-pascoa\/#primaryimage","url":"https:\/\/shop.bazarcia.com\/wp-content\/uploads\/2024\/03\/OVO-FELIZ-PASCOA.png","contentUrl":"https:\/\/shop.bazarcia.com\/wp-content\/uploads\/2024\/03\/OVO-FELIZ-PASCOA.png","width":416,"height":429},{"@type":"BreadcrumbList","@id":"https:\/\/shop.bazarcia.com\/produto\/matriz-de-bordado-ovo-feliz-pascoa\/#breadcrumb","itemListElement":[{"@type":"ListItem","position":1,"name":"In\u00edcio","item":"https:\/\/shop.bazarcia.com\/"},{"@type":"ListItem","position":2,"name":"Loja","item":"https:\/\/shop.bazarcia.com\/loja\/"},{"@type":"ListItem","position":3,"name":"Matriz de Bordado Ovo Feliz P\u00e1scoa"}]},{"@type":"WebSite","@id":"https:\/\/shop.bazarcia.com\/#website","url":"https:\/\/shop.bazarcia.com\/","name":"Bazar & Cia","description":"criatividade ponto a ponto","publisher":{"@id":"https:\/\/shop.bazarcia.com\/#organization"},"potentialAction":[{"@type":"SearchAction","target":{"@type":"EntryPoint","urlTemplate":"https:\/\/shop.bazarcia.com\/?s={search_term_string}"},"query-input":{"@type":"PropertyValueSpecification","valueRequired":true,"valueName":"search_term_string"}}],"inLanguage":"en-US"},{"@type":"Organization","@id":"https:\/\/shop.bazarcia.com\/#organization","name":"Bazar & Cia","url":"https:\/\/shop.bazarcia.com\/","logo":{"@type":"ImageObject","inLanguage":"en-US","@id":"https:\/\/shop.bazarcia.com\/#\/schema\/logo\/image\/","url":"https:\/\/shop.bazarcia.com\/wp-content\/uploads\/2024\/02\/cropped-logo_bazarcia.png","contentUrl":"https:\/\/shop.bazarcia.com\/wp-content\/uploads\/2024\/02\/cropped-logo_bazarcia.png","width":150,"height":150,"caption":"Bazar & Cia"},"image":{"@id":"https:\/\/shop.bazarcia.com\/#\/schema\/logo\/image\/"},"sameAs":["https:\/\/www.facebook.com\/shopbazarcia","https:\/\/www.instagram.com\/shopbazarcia","https:\/\/br.pinterest.com\/suzane_eloise\/","https:\/\/www.youtube.com\/c\/BazardoBordadoMatrizeseProjetos"]}]}},"_links":{"self":[{"href":"https:\/\/shop.bazarcia.com\/en\/wp-json\/wp\/v2\/product\/264716","targetHints":{"allow":["GET"]}}],"collection":[{"href":"https:\/\/shop.bazarcia.com\/en\/wp-json\/wp\/v2\/product"}],"about":[{"href":"https:\/\/shop.bazarcia.com\/en\/wp-json\/wp\/v2\/types\/product"}],"replies":[{"embeddable":true,"href":"https:\/\/shop.bazarcia.com\/en\/wp-json\/wp\/v2\/comments?post=264716"}],"version-history":[{"count":3,"href":"https:\/\/shop.bazarcia.com\/en\/wp-json\/wp\/v2\/product\/264716\/revisions"}],"predecessor-version":[{"id":264727,"href":"https:\/\/shop.bazarcia.com\/en\/wp-json\/wp\/v2\/product\/264716\/revisions\/264727"}],"wp:featuredmedia":[{"embeddable":true,"href":"https:\/\/shop.bazarcia.com\/en\/wp-json\/wp\/v2\/media\/264677"}],"wp:attachment":[{"href":"https:\/\/shop.bazarcia.com\/en\/wp-json\/wp\/v2\/media?parent=264716"}],"wp:term":[{"taxonomy":"product_brand","embeddable":true,"href":"https:\/\/shop.bazarcia.com\/en\/wp-json\/wp\/v2\/product_brand?post=264716"},{"taxonomy":"product_cat","embeddable":true,"href":"https:\/\/shop.bazarcia.com\/en\/wp-json\/wp\/v2\/product_cat?post=264716"},{"taxonomy":"product_tag","embeddable":true,"href":"https:\/\/shop.bazarcia.com\/en\/wp-json\/wp\/v2\/product_tag?post=264716"}],"curies":[{"name":"wp","href":"https:\/\/api.w.org\/{rel}","templated":true}]}}