{"id":270185,"date":"2024-04-13T16:59:21","date_gmt":"2024-04-13T19:59:21","guid":{"rendered":"https:\/\/shop.bazarcia.com\/produto\/matriz-de-bordado-borboletas-gaiola\/"},"modified":"2024-10-04T19:37:28","modified_gmt":"2024-10-04T22:37:28","slug":"matriz-de-bordado-borboletas-gaiola","status":"publish","type":"product","link":"https:\/\/shop.bazarcia.com\/en\/product\/matriz-de-bordado-borboletas-gaiola\/","title":{"rendered":"Matriz de Bordado &#8211; Borboletas Gaiola"},"content":{"rendered":"<ul style=\"font-family: Georgia\">\n<li><span style=\"font-family: Georgia, 'Times New Roman', 'Bitstream Charter', Times, serif\">Matriz de bordado &#8211; Borboletas gaiola em v\u00e1rios formatos de arquivos. Desenvolvida com t\u00e9cnicas de ramifica\u00e7\u00e3o para evitar ao m\u00e1ximo os cortes de linhas desnecess\u00e1rios.<\/span><\/li>\n<\/ul>\n<ul style=\"font-family: Georgia\">\n<li>Este \u00e9 um arquivo digital de matriz de bordado computadorizado, necess\u00e1rio m\u00e1quina de bordar para a utiliza\u00e7\u00e3o do produto.<\/li>\n<\/ul>\n<ul style=\"font-family: Georgia\">\n<li>Tamanho: 12cm &#8211; 17.400 pontos<\/li>\n<\/ul>\n<ul style=\"font-family: Georgia\">\n<li>Antes de efetuar a compra, verifique a compatibilidade dos tamanhos dispon\u00edveis da matriz com o tamanho de bastidor da sua m\u00e1quina de bordar.<\/li>\n<\/ul>\n<ul style=\"font-family: Georgia\">\n<li>Ap\u00f3s a finaliza\u00e7\u00e3o do pedido e confirma\u00e7\u00e3o do pagamento, acesse sua conta e na aba \u201cDownload\u201d estar\u00e1 dispon\u00edvel o arquivo para voc\u00ea baixar suas matrizes.<\/li>\n<\/ul>\n<ul style=\"font-family: Georgia\">\n<li>Os arquivos est\u00e3o em pasta compactada (ZIP), sendo necess\u00e1rio descompact\u00e1-la.<\/li>\n<\/ul>\n<ul style=\"font-family: Georgia\">\n<li>Os mesmos s\u00e3o compat\u00edveis com v\u00e1rios tipos e modelos de m\u00e1quinas, com os seguintes formatos:<\/li>\n<\/ul>\n<ul style=\"font-family: Georgia\">\n<li>PES \u2013 JEF \u2013 EXP \u2013 HUS \u2013 XXX \u2013 DST<\/li>\n<\/ul>\n<ul style=\"font-family: Georgia\">\n<li>Aten\u00e7\u00e3o todas as matrizes vendidas por mim foram programadas por mim, N\u00c3O VENDO MATRIZES BAIXADAS DE SITES, GRUPOS ETC. Portanto dou todo o suporte caso haja qualquer erro nela, garantindo assim sua satisfa\u00e7\u00e3o.<\/li>\n<\/ul>\n<ul style=\"font-family: Georgia\">\n<li>Adquirindo nossas matrizes e projetos voc\u00ea se declara de acordo com nossos\u00a0<a href=\"https:\/\/shop.bazarcia.com\/en\/store\/arnaldo-designer-e-matrizes\/toc\/\">TERMOS E CONDI\u00c7\u00d5ES<\/a><\/li>\n<\/ul>\n<ul style=\"font-family: Georgia\">\n<li>Matriz de bordado desenvolvida por <a href=\"https:\/\/shop.bazarcia.com\/en\/store\/arnaldo-designer-e-matrizes\/\">A C Designer e Matrizes de Bordados<\/a><\/li>\n<\/ul>\n<ul style=\"font-family: Georgia\">\n<li>Designer: <a href=\"https:\/\/shop.bazarcia.com\/en\/store\/arnaldo-designer-e-matrizes\/biography\/\">Arnaldo Cavalcante<\/a><\/li>\n<\/ul>\n<p style=\"margin: 0px !important;padding: 0px !important\">","protected":false},"excerpt":{"rendered":"<p>Matriz de bordado &#8211; Borboletas gaiola em v\u00e1rios formatos de arquivos. Desenvolvida com t\u00e9cnicas de ramifica\u00e7\u00e3o para evitar ao m\u00e1ximo os cortes de linhas desnecess\u00e1rios.<\/p>","protected":false},"featured_media":270179,"comment_status":"open","ping_status":"closed","template":"","meta":{"_acf_changed":false,"_joinchat":[]},"product_brand":[],"product_cat":[84,122,321,296,1189,1698],"product_tag":[1431,1433,1090,1430,1432],"class_list":{"0":"post-270185","1":"product","2":"type-product","3":"status-publish","4":"has-post-thumbnail","6":"product_cat-matrizes-de-bordado","7":"product_cat-matrizes-de-bordado-animais","8":"product_cat-borboletas","9":"product_cat-florais","10":"product_cat-rosas","11":"product_cat-gaiolas","12":"product_tag-bordado-computadorizado","13":"product_tag-bordado-eletronico","14":"product_tag-maquina-de-bordar","15":"product_tag-matriz-de-bordado","16":"product_tag-matrizes-de-bordado","18":"first","19":"instock","20":"sale","21":"downloadable","22":"virtual","23":"purchasable","24":"product-type-simple"},"acf":[],"yoast_head":"<!-- This site is optimized with the Yoast SEO plugin v27.2 - https:\/\/yoast.com\/product\/yoast-seo-wordpress\/ -->\n<title>Matriz de Bordado - Borboletas Gaiola - \ud835\udc1b\ud835\udc1a\ud835\udc33\ud835\udc1a\ud835\udc2b &amp; \ud835\udc1c\ud835\udc22\ud835\udc1a<\/title>\n<meta name=\"description\" content=\"Matriz de bordado - Borboletas gaiola em v\u00e1rios formatos de arquivos. Desenvolvida com t\u00e9cnicas de ramifica\u00e7\u00e3o para evitar ao m\u00e1ximo os cortes de linhas desnecess\u00e1rios.\" \/>\n<meta name=\"robots\" content=\"index, follow, max-snippet:-1, max-image-preview:large, max-video-preview:-1\" \/>\n<link rel=\"canonical\" href=\"https:\/\/shop.bazarcia.com\/en\/product\/matriz-de-bordado-borboletas-gaiola\/\" \/>\n<meta property=\"og:locale\" content=\"en_US\" \/>\n<meta property=\"og:type\" content=\"article\" \/>\n<meta property=\"og:title\" content=\"Matriz de Bordado - Borboletas Gaiola - \ud835\udc1b\ud835\udc1a\ud835\udc33\ud835\udc1a\ud835\udc2b &amp; \ud835\udc1c\ud835\udc22\ud835\udc1a\" \/>\n<meta property=\"og:description\" content=\"Matriz de bordado - Borboletas gaiola em v\u00e1rios formatos de arquivos. Desenvolvida com t\u00e9cnicas de ramifica\u00e7\u00e3o para evitar ao m\u00e1ximo os cortes de linhas desnecess\u00e1rios.\" \/>\n<meta property=\"og:url\" content=\"https:\/\/shop.bazarcia.com\/en\/product\/matriz-de-bordado-borboletas-gaiola\/\" \/>\n<meta property=\"og:site_name\" content=\"\ud835\udc1b\ud835\udc1a\ud835\udc33\ud835\udc1a\ud835\udc2b &amp; \ud835\udc1c\ud835\udc22\ud835\udc1a\" \/>\n<meta property=\"article:publisher\" content=\"https:\/\/www.facebook.com\/shopbazarcia\" \/>\n<meta property=\"article:modified_time\" content=\"2024-10-04T22:37:28+00:00\" \/>\n<meta property=\"og:image\" content=\"https:\/\/shop.bazarcia.com\/wp-content\/uploads\/2024\/04\/05site.jpg\" \/>\n\t<meta property=\"og:image:width\" content=\"1080\" \/>\n\t<meta property=\"og:image:height\" content=\"1080\" \/>\n\t<meta property=\"og:image:type\" content=\"image\/jpeg\" \/>\n<meta name=\"twitter:card\" content=\"summary_large_image\" \/>\n<meta name=\"twitter:label1\" content=\"Est. reading time\" \/>\n\t<meta name=\"twitter:data1\" content=\"1 minute\" \/>\n<script type=\"application\/ld+json\" class=\"yoast-schema-graph\">{\"@context\":\"https:\/\/schema.org\",\"@graph\":[{\"@type\":\"WebPage\",\"@id\":\"https:\/\/shop.bazarcia.com\/produto\/matriz-de-bordado-borboletas-gaiola\/\",\"url\":\"https:\/\/shop.bazarcia.com\/produto\/matriz-de-bordado-borboletas-gaiola\/\",\"name\":\"Matriz de Bordado - Borboletas Gaiola - \ud835\udc1b\ud835\udc1a\ud835\udc33\ud835\udc1a\ud835\udc2b &amp; \ud835\udc1c\ud835\udc22\ud835\udc1a\",\"isPartOf\":{\"@id\":\"https:\/\/shop.bazarcia.com\/#website\"},\"primaryImageOfPage\":{\"@id\":\"https:\/\/shop.bazarcia.com\/produto\/matriz-de-bordado-borboletas-gaiola\/#primaryimage\"},\"image\":{\"@id\":\"https:\/\/shop.bazarcia.com\/produto\/matriz-de-bordado-borboletas-gaiola\/#primaryimage\"},\"thumbnailUrl\":\"https:\/\/shop.bazarcia.com\/wp-content\/uploads\/2024\/04\/05site.jpg\",\"datePublished\":\"2024-04-13T19:59:21+00:00\",\"dateModified\":\"2024-10-04T22:37:28+00:00\",\"description\":\"Matriz de bordado - Borboletas gaiola em v\u00e1rios formatos de arquivos. Desenvolvida com t\u00e9cnicas de ramifica\u00e7\u00e3o para evitar ao m\u00e1ximo os cortes de linhas desnecess\u00e1rios.\",\"breadcrumb\":{\"@id\":\"https:\/\/shop.bazarcia.com\/produto\/matriz-de-bordado-borboletas-gaiola\/#breadcrumb\"},\"inLanguage\":\"en-US\",\"potentialAction\":[{\"@type\":\"ReadAction\",\"target\":[\"https:\/\/shop.bazarcia.com\/produto\/matriz-de-bordado-borboletas-gaiola\/\"]}]},{\"@type\":\"ImageObject\",\"inLanguage\":\"en-US\",\"@id\":\"https:\/\/shop.bazarcia.com\/produto\/matriz-de-bordado-borboletas-gaiola\/#primaryimage\",\"url\":\"https:\/\/shop.bazarcia.com\/wp-content\/uploads\/2024\/04\/05site.jpg\",\"contentUrl\":\"https:\/\/shop.bazarcia.com\/wp-content\/uploads\/2024\/04\/05site.jpg\",\"width\":1080,\"height\":1080},{\"@type\":\"BreadcrumbList\",\"@id\":\"https:\/\/shop.bazarcia.com\/produto\/matriz-de-bordado-borboletas-gaiola\/#breadcrumb\",\"itemListElement\":[{\"@type\":\"ListItem\",\"position\":1,\"name\":\"In\u00edcio\",\"item\":\"https:\/\/shop.bazarcia.com\/\"},{\"@type\":\"ListItem\",\"position\":2,\"name\":\"Loja\",\"item\":\"https:\/\/shop.bazarcia.com\/loja\/\"},{\"@type\":\"ListItem\",\"position\":3,\"name\":\"Matriz de Bordado &#8211; Borboletas Gaiola\"}]},{\"@type\":\"WebSite\",\"@id\":\"https:\/\/shop.bazarcia.com\/#website\",\"url\":\"https:\/\/shop.bazarcia.com\/\",\"name\":\"Bazar & Cia\",\"description\":\"criatividade ponto a ponto\",\"publisher\":{\"@id\":\"https:\/\/shop.bazarcia.com\/#organization\"},\"potentialAction\":[{\"@type\":\"SearchAction\",\"target\":{\"@type\":\"EntryPoint\",\"urlTemplate\":\"https:\/\/shop.bazarcia.com\/?s={search_term_string}\"},\"query-input\":{\"@type\":\"PropertyValueSpecification\",\"valueRequired\":true,\"valueName\":\"search_term_string\"}}],\"inLanguage\":\"en-US\"},{\"@type\":\"Organization\",\"@id\":\"https:\/\/shop.bazarcia.com\/#organization\",\"name\":\"Bazar & Cia\",\"url\":\"https:\/\/shop.bazarcia.com\/\",\"logo\":{\"@type\":\"ImageObject\",\"inLanguage\":\"en-US\",\"@id\":\"https:\/\/shop.bazarcia.com\/#\/schema\/logo\/image\/\",\"url\":\"https:\/\/shop.bazarcia.com\/wp-content\/uploads\/2024\/02\/cropped-logo_bazarcia.png\",\"contentUrl\":\"https:\/\/shop.bazarcia.com\/wp-content\/uploads\/2024\/02\/cropped-logo_bazarcia.png\",\"width\":150,\"height\":150,\"caption\":\"Bazar & Cia\"},\"image\":{\"@id\":\"https:\/\/shop.bazarcia.com\/#\/schema\/logo\/image\/\"},\"sameAs\":[\"https:\/\/www.facebook.com\/shopbazarcia\",\"https:\/\/www.instagram.com\/shopbazarcia\",\"https:\/\/br.pinterest.com\/suzane_eloise\/\",\"https:\/\/www.youtube.com\/c\/BazardoBordadoMatrizeseProjetos\"]}]}<\/script>\n<!-- \/ Yoast SEO plugin. -->","yoast_head_json":{"title":"Matriz de Bordado - Borboletas Gaiola - \ud835\udc1b\ud835\udc1a\ud835\udc33\ud835\udc1a\ud835\udc2b &amp; \ud835\udc1c\ud835\udc22\ud835\udc1a","description":"Matriz de bordado - Borboletas gaiola em v\u00e1rios formatos de arquivos. Desenvolvida com t\u00e9cnicas de ramifica\u00e7\u00e3o para evitar ao m\u00e1ximo os cortes de linhas desnecess\u00e1rios.","robots":{"index":"index","follow":"follow","max-snippet":"max-snippet:-1","max-image-preview":"max-image-preview:large","max-video-preview":"max-video-preview:-1"},"canonical":"https:\/\/shop.bazarcia.com\/en\/product\/matriz-de-bordado-borboletas-gaiola\/","og_locale":"en_US","og_type":"article","og_title":"Matriz de Bordado - Borboletas Gaiola - \ud835\udc1b\ud835\udc1a\ud835\udc33\ud835\udc1a\ud835\udc2b &amp; \ud835\udc1c\ud835\udc22\ud835\udc1a","og_description":"Matriz de bordado - Borboletas gaiola em v\u00e1rios formatos de arquivos. Desenvolvida com t\u00e9cnicas de ramifica\u00e7\u00e3o para evitar ao m\u00e1ximo os cortes de linhas desnecess\u00e1rios.","og_url":"https:\/\/shop.bazarcia.com\/en\/product\/matriz-de-bordado-borboletas-gaiola\/","og_site_name":"\ud835\udc1b\ud835\udc1a\ud835\udc33\ud835\udc1a\ud835\udc2b &amp; \ud835\udc1c\ud835\udc22\ud835\udc1a","article_publisher":"https:\/\/www.facebook.com\/shopbazarcia","article_modified_time":"2024-10-04T22:37:28+00:00","og_image":[{"width":1080,"height":1080,"url":"https:\/\/shop.bazarcia.com\/wp-content\/uploads\/2024\/04\/05site.jpg","type":"image\/jpeg"}],"twitter_card":"summary_large_image","twitter_misc":{"Est. reading time":"1 minute"},"schema":{"@context":"https:\/\/schema.org","@graph":[{"@type":"WebPage","@id":"https:\/\/shop.bazarcia.com\/produto\/matriz-de-bordado-borboletas-gaiola\/","url":"https:\/\/shop.bazarcia.com\/produto\/matriz-de-bordado-borboletas-gaiola\/","name":"Matriz de Bordado - Borboletas Gaiola - \ud835\udc1b\ud835\udc1a\ud835\udc33\ud835\udc1a\ud835\udc2b &amp; \ud835\udc1c\ud835\udc22\ud835\udc1a","isPartOf":{"@id":"https:\/\/shop.bazarcia.com\/#website"},"primaryImageOfPage":{"@id":"https:\/\/shop.bazarcia.com\/produto\/matriz-de-bordado-borboletas-gaiola\/#primaryimage"},"image":{"@id":"https:\/\/shop.bazarcia.com\/produto\/matriz-de-bordado-borboletas-gaiola\/#primaryimage"},"thumbnailUrl":"https:\/\/shop.bazarcia.com\/wp-content\/uploads\/2024\/04\/05site.jpg","datePublished":"2024-04-13T19:59:21+00:00","dateModified":"2024-10-04T22:37:28+00:00","description":"Matriz de bordado - Borboletas gaiola em v\u00e1rios formatos de arquivos. Desenvolvida com t\u00e9cnicas de ramifica\u00e7\u00e3o para evitar ao m\u00e1ximo os cortes de linhas desnecess\u00e1rios.","breadcrumb":{"@id":"https:\/\/shop.bazarcia.com\/produto\/matriz-de-bordado-borboletas-gaiola\/#breadcrumb"},"inLanguage":"en-US","potentialAction":[{"@type":"ReadAction","target":["https:\/\/shop.bazarcia.com\/produto\/matriz-de-bordado-borboletas-gaiola\/"]}]},{"@type":"ImageObject","inLanguage":"en-US","@id":"https:\/\/shop.bazarcia.com\/produto\/matriz-de-bordado-borboletas-gaiola\/#primaryimage","url":"https:\/\/shop.bazarcia.com\/wp-content\/uploads\/2024\/04\/05site.jpg","contentUrl":"https:\/\/shop.bazarcia.com\/wp-content\/uploads\/2024\/04\/05site.jpg","width":1080,"height":1080},{"@type":"BreadcrumbList","@id":"https:\/\/shop.bazarcia.com\/produto\/matriz-de-bordado-borboletas-gaiola\/#breadcrumb","itemListElement":[{"@type":"ListItem","position":1,"name":"In\u00edcio","item":"https:\/\/shop.bazarcia.com\/"},{"@type":"ListItem","position":2,"name":"Loja","item":"https:\/\/shop.bazarcia.com\/loja\/"},{"@type":"ListItem","position":3,"name":"Matriz de Bordado &#8211; Borboletas Gaiola"}]},{"@type":"WebSite","@id":"https:\/\/shop.bazarcia.com\/#website","url":"https:\/\/shop.bazarcia.com\/","name":"Bazar & Cia","description":"criatividade ponto a ponto","publisher":{"@id":"https:\/\/shop.bazarcia.com\/#organization"},"potentialAction":[{"@type":"SearchAction","target":{"@type":"EntryPoint","urlTemplate":"https:\/\/shop.bazarcia.com\/?s={search_term_string}"},"query-input":{"@type":"PropertyValueSpecification","valueRequired":true,"valueName":"search_term_string"}}],"inLanguage":"en-US"},{"@type":"Organization","@id":"https:\/\/shop.bazarcia.com\/#organization","name":"Bazar & Cia","url":"https:\/\/shop.bazarcia.com\/","logo":{"@type":"ImageObject","inLanguage":"en-US","@id":"https:\/\/shop.bazarcia.com\/#\/schema\/logo\/image\/","url":"https:\/\/shop.bazarcia.com\/wp-content\/uploads\/2024\/02\/cropped-logo_bazarcia.png","contentUrl":"https:\/\/shop.bazarcia.com\/wp-content\/uploads\/2024\/02\/cropped-logo_bazarcia.png","width":150,"height":150,"caption":"Bazar & Cia"},"image":{"@id":"https:\/\/shop.bazarcia.com\/#\/schema\/logo\/image\/"},"sameAs":["https:\/\/www.facebook.com\/shopbazarcia","https:\/\/www.instagram.com\/shopbazarcia","https:\/\/br.pinterest.com\/suzane_eloise\/","https:\/\/www.youtube.com\/c\/BazardoBordadoMatrizeseProjetos"]}]}},"_links":{"self":[{"href":"https:\/\/shop.bazarcia.com\/en\/wp-json\/wp\/v2\/product\/270185","targetHints":{"allow":["GET"]}}],"collection":[{"href":"https:\/\/shop.bazarcia.com\/en\/wp-json\/wp\/v2\/product"}],"about":[{"href":"https:\/\/shop.bazarcia.com\/en\/wp-json\/wp\/v2\/types\/product"}],"replies":[{"embeddable":true,"href":"https:\/\/shop.bazarcia.com\/en\/wp-json\/wp\/v2\/comments?post=270185"}],"version-history":[{"count":1,"href":"https:\/\/shop.bazarcia.com\/en\/wp-json\/wp\/v2\/product\/270185\/revisions"}],"predecessor-version":[{"id":270186,"href":"https:\/\/shop.bazarcia.com\/en\/wp-json\/wp\/v2\/product\/270185\/revisions\/270186"}],"wp:featuredmedia":[{"embeddable":true,"href":"https:\/\/shop.bazarcia.com\/en\/wp-json\/wp\/v2\/media\/270179"}],"wp:attachment":[{"href":"https:\/\/shop.bazarcia.com\/en\/wp-json\/wp\/v2\/media?parent=270185"}],"wp:term":[{"taxonomy":"product_brand","embeddable":true,"href":"https:\/\/shop.bazarcia.com\/en\/wp-json\/wp\/v2\/product_brand?post=270185"},{"taxonomy":"product_cat","embeddable":true,"href":"https:\/\/shop.bazarcia.com\/en\/wp-json\/wp\/v2\/product_cat?post=270185"},{"taxonomy":"product_tag","embeddable":true,"href":"https:\/\/shop.bazarcia.com\/en\/wp-json\/wp\/v2\/product_tag?post=270185"}],"curies":[{"name":"wp","href":"https:\/\/api.w.org\/{rel}","templated":true}]}}