{"id":271972,"date":"2024-04-25T13:03:00","date_gmt":"2024-04-25T16:03:00","guid":{"rendered":"https:\/\/shop.bazarcia.com\/produto\/matrizes-de-bordado-boneca-cerejinha-apliques\/"},"modified":"2024-05-03T12:07:49","modified_gmt":"2024-05-03T15:07:49","slug":"matrizes-de-bordado-boneca-cerejinha-apliques","status":"publish","type":"product","link":"https:\/\/shop.bazarcia.com\/en\/product\/matrizes-de-bordado-boneca-cerejinha-apliques\/","title":{"rendered":"Matrizes de Bordado Boneca Cerejinha Apliques"},"content":{"rendered":"<p style=\"margin-top: 0px;margin-bottom: 1rem;color: #6c737b;font-family: Roboto, sans-serif\"><span style=\"font-weight: bolder\">ESTE PRODUTO EST\u00c1 NA PR\u00c9-VENDA E SER\u00c1 LIBERADO EM 30\/04\/2024<\/span><\/p>\n<p style=\"margin-top: 0px;margin-bottom: 1rem;color: #6c737b;font-family: Roboto, sans-serif\"><span style=\"font-weight: bolder\"><span style=\"font-weight: bolder\"><span style=\"font-weight: bolder\"><span style=\"font-weight: bolder\"><span style=\"font-weight: bolder\"><span style=\"font-weight: bolder\"><span style=\"font-weight: bolder\"><span style=\"font-weight: bolder\"><span style=\"font-weight: bolder\"><span style=\"font-weight: bolder\"><span style=\"font-weight: bolder\"><span style=\"font-weight: bolder\"><span style=\"font-weight: bolder\"><span style=\"font-weight: bolder\"><span style=\"font-weight: bolder\"><span style=\"font-weight: bolder\"><span style=\"font-weight: bolder\"><span style=\"font-weight: bolder\"><span style=\"font-weight: bolder\"><span style=\"font-weight: bolder\"><span style=\"font-weight: bolder\"><span style=\"font-weight: bolder\"><span style=\"font-weight: bolder\"><span style=\"font-weight: bolder\"><span style=\"font-weight: bolder\"><span style=\"font-weight: bolder\"><span style=\"font-weight: bolder\"><span style=\"font-weight: bolder\"><span style=\"font-weight: bolder\"><span style=\"font-weight: bolder\"><span style=\"font-weight: bolder\"><span style=\"font-weight: bolder\">Matrizes de Bordado Boneca Cerejinha Apliques<\/span><\/span><\/span><\/span><\/span><\/span><\/span><\/span><\/span><\/span><\/span><\/span><\/span><\/span><\/span><\/span><\/span><\/span><\/span><\/span><\/span><\/span><\/span><\/span><\/span><\/span><\/span><\/span><\/span><\/span><br \/>\n<\/span><\/span><\/p>\n<div style=\"color: #212529;font-family: Roboto, sans-serif\">\n<p style=\"margin-top: 0px;margin-bottom: 1rem;color: #6c737b\"><i style=\"vertical-align: middle\"><span style=\"font-weight: bolder\">Descri\u00e7\u00e3o das Matrizes:<br \/>\n<i style=\"vertical-align: middle\">\u2665 2 modelinhos da bonequinha (de lateral com e sem acabamento e de frente)<br \/>\n\u2665\u00a02 chaveirinhos<br \/>\n\u2665\u00a01 aba de fechamento<br \/>\n\u2665 De brinde uma matriz para segura chupeta no modelo do chaveirinho menor.<br \/>\n<\/i><\/span><\/i><span style=\"font-weight: bolder\"><i style=\"vertical-align: middle\">Veja as imagens para conferir as op\u00e7\u00f5es e tamanhos.<\/i><\/span><i style=\"vertical-align: middle\"><span style=\"font-weight: bolder\"><br \/>\n<\/span><\/i><\/p>\n<p style=\"margin-top: 0px;margin-bottom: 1rem;color: #6c737b\"><span style=\"font-weight: bolder\"><span style=\"font-weight: bolder\">\u2661 Este \u00e9 um produto DIGITAL, os arquivos estar\u00e3o dispon\u00edveis para download aqui mesmo, na sua conta, ap\u00f3s confirma\u00e7\u00e3o do pagamento. Para produtos em pr\u00e9-venda, atente-se \u00e0 data de entrega.<\/span><\/span><span style=\"font-weight: bolder\"><span style=\"font-weight: bolder\"><br \/>\n<\/span><\/span><\/p>\n<p style=\"margin-top: 0px;margin-bottom: 1rem;color: #6c737b\"><span style=\"font-weight: bolder\"><span style=\"font-weight: bolder\">\u2661 Os arquivos est\u00e3o em pasta compactada (ZIP), sendo necess\u00e1rio descompact\u00e1-la.<\/span><\/span><\/p>\n<p style=\"margin-top: 0px;margin-bottom: 1rem;color: #6c737b\">\u2661 Os mesmos s\u00e3o compat\u00edveis com v\u00e1rios tipos e modelos de m\u00e1quinas, com os seguintes formatos:<br \/>\nDST &#8211; EXP &#8211; HUS &#8211; JEF &#8211; PES &#8211; XXX<\/p>\n<p style=\"margin-top: 0px;margin-bottom: 1rem;color: #6c737b\">\u2661 Adquirindo nossas matrizes e projetos voc\u00ea se declara de acordo com nossos\u00a0<span style=\"font-weight: bolder\"><span style=\"font-weight: bolder\"><span style=\"font-weight: bolder\"><span style=\"font-weight: bolder\"><span style=\"font-weight: bolder\"><a style=\"color: #95663c;background-color: transparent\" href=\"https:\/\/shop.bazarcia.com\/en\/store\/atelie-mamae-coruja\/toc\/\" target=\"_blank\" rel=\"nofollow noopener\">TERMOS E CONDI\u00c7\u00d5ES<\/a><\/span>.<\/span><\/span><\/span><\/span><\/p>\n<p style=\"margin-top: 0px;margin-bottom: 1rem;color: #6c737b\">Designers: Atelie Mam\u00e3e Coruja<\/p>\n<\/div>","protected":false},"excerpt":{"rendered":"<p>Este \u00e9 um PRODUTO DIGITAL destinado a artes\u00e3s e artes\u00e3os &lt;3<\/p>\n<p>\u2665 Matriz em Aplique da Boneca Cerejinha, com 2 modelinhos da bonequinha (de lateral com e sem acabamento e de frente), 2 chaveirinhos, 1 aba de fechamento e de brinde uma matriz para segura chupeta no modelo do chaveirinho menor.<\/p>\n<p>\u2665 Veja as imagens para conferir as op\u00e7\u00f5es e tamanhos.<br \/>\nObs.: N\u00e3o acompanha matriz do matelass\u00ea.<\/p>\n<p>Mais informa\u00e7\u00f5es abaixo!<\/p>","protected":false},"featured_media":271957,"comment_status":"open","ping_status":"closed","template":"","meta":{"_acf_changed":false,"_joinchat":[]},"product_brand":[],"product_cat":[85,170,106,298,84,98],"product_tag":[],"class_list":{"0":"post-271972","1":"product","2":"type-product","3":"status-publish","4":"has-post-thumbnail","6":"product_cat-apliques","7":"product_cat-projeto-bonecas-na-bordadeira","8":"product_cat-projeto-chaveiros-e-tags-na-bordadeira","9":"product_cat-frutas","10":"product_cat-matrizes-de-bordado","11":"product_cat-projetos-na-bordadeira-in-the-hoop-embroidery","13":"first","14":"instock","15":"downloadable","16":"virtual","17":"purchasable","18":"product-type-simple"},"acf":[],"yoast_head":"<!-- This site is optimized with the Yoast SEO plugin v27.2 - https:\/\/yoast.com\/product\/yoast-seo-wordpress\/ -->\n<title>Matrizes de Bordado Boneca Cerejinha Apliques - \ud835\udc1b\ud835\udc1a\ud835\udc33\ud835\udc1a\ud835\udc2b &amp; \ud835\udc1c\ud835\udc22\ud835\udc1a<\/title>\n<meta name=\"robots\" content=\"index, follow, max-snippet:-1, max-image-preview:large, max-video-preview:-1\" \/>\n<link rel=\"canonical\" href=\"https:\/\/shop.bazarcia.com\/en\/product\/matrizes-de-bordado-boneca-cerejinha-apliques\/\" \/>\n<meta property=\"og:locale\" content=\"en_US\" \/>\n<meta property=\"og:type\" content=\"article\" \/>\n<meta property=\"og:title\" content=\"Matrizes de Bordado Boneca Cerejinha Apliques - \ud835\udc1b\ud835\udc1a\ud835\udc33\ud835\udc1a\ud835\udc2b &amp; \ud835\udc1c\ud835\udc22\ud835\udc1a\" \/>\n<meta property=\"og:description\" content=\"Este \u00e9 um PRODUTO DIGITAL destinado a artes\u00e3s e artes\u00e3os &lt;3  \u2665 Matriz em Aplique da Boneca Cerejinha, com 2 modelinhos da bonequinha (de lateral com e sem acabamento e de frente), 2 chaveirinhos, 1 aba de fechamento e de brinde uma matriz para segura chupeta no modelo do chaveirinho menor.  \u2665 Veja as imagens para conferir as op\u00e7\u00f5es e tamanhos. Obs.: N\u00e3o acompanha matriz do matelass\u00ea.  Mais informa\u00e7\u00f5es abaixo!\" \/>\n<meta property=\"og:url\" content=\"https:\/\/shop.bazarcia.com\/en\/product\/matrizes-de-bordado-boneca-cerejinha-apliques\/\" \/>\n<meta property=\"og:site_name\" content=\"\ud835\udc1b\ud835\udc1a\ud835\udc33\ud835\udc1a\ud835\udc2b &amp; \ud835\udc1c\ud835\udc22\ud835\udc1a\" \/>\n<meta property=\"article:publisher\" content=\"https:\/\/www.facebook.com\/shopbazarcia\" \/>\n<meta property=\"article:modified_time\" content=\"2024-05-03T15:07:49+00:00\" \/>\n<meta property=\"og:image\" content=\"https:\/\/shop.bazarcia.com\/wp-content\/uploads\/2024\/04\/matrizes-de-bordado-boneca-cerejinha-apliques-1.jpg\" \/>\n\t<meta property=\"og:image:width\" content=\"540\" \/>\n\t<meta property=\"og:image:height\" content=\"540\" \/>\n\t<meta property=\"og:image:type\" content=\"image\/jpeg\" \/>\n<meta name=\"twitter:card\" content=\"summary_large_image\" \/>\n<meta name=\"twitter:label1\" content=\"Est. reading time\" \/>\n\t<meta name=\"twitter:data1\" content=\"1 minute\" \/>\n<script type=\"application\/ld+json\" class=\"yoast-schema-graph\">{\"@context\":\"https:\/\/schema.org\",\"@graph\":[{\"@type\":\"WebPage\",\"@id\":\"https:\/\/shop.bazarcia.com\/produto\/matrizes-de-bordado-boneca-cerejinha-apliques\/\",\"url\":\"https:\/\/shop.bazarcia.com\/produto\/matrizes-de-bordado-boneca-cerejinha-apliques\/\",\"name\":\"Matrizes de Bordado Boneca Cerejinha Apliques - \ud835\udc1b\ud835\udc1a\ud835\udc33\ud835\udc1a\ud835\udc2b &amp; \ud835\udc1c\ud835\udc22\ud835\udc1a\",\"isPartOf\":{\"@id\":\"https:\/\/shop.bazarcia.com\/#website\"},\"primaryImageOfPage\":{\"@id\":\"https:\/\/shop.bazarcia.com\/produto\/matrizes-de-bordado-boneca-cerejinha-apliques\/#primaryimage\"},\"image\":{\"@id\":\"https:\/\/shop.bazarcia.com\/produto\/matrizes-de-bordado-boneca-cerejinha-apliques\/#primaryimage\"},\"thumbnailUrl\":\"https:\/\/shop.bazarcia.com\/wp-content\/uploads\/2024\/04\/matrizes-de-bordado-boneca-cerejinha-apliques-1.jpg\",\"datePublished\":\"2024-04-25T16:03:00+00:00\",\"dateModified\":\"2024-05-03T15:07:49+00:00\",\"breadcrumb\":{\"@id\":\"https:\/\/shop.bazarcia.com\/produto\/matrizes-de-bordado-boneca-cerejinha-apliques\/#breadcrumb\"},\"inLanguage\":\"en-US\",\"potentialAction\":[{\"@type\":\"ReadAction\",\"target\":[\"https:\/\/shop.bazarcia.com\/produto\/matrizes-de-bordado-boneca-cerejinha-apliques\/\"]}]},{\"@type\":\"ImageObject\",\"inLanguage\":\"en-US\",\"@id\":\"https:\/\/shop.bazarcia.com\/produto\/matrizes-de-bordado-boneca-cerejinha-apliques\/#primaryimage\",\"url\":\"https:\/\/shop.bazarcia.com\/wp-content\/uploads\/2024\/04\/matrizes-de-bordado-boneca-cerejinha-apliques-1.jpg\",\"contentUrl\":\"https:\/\/shop.bazarcia.com\/wp-content\/uploads\/2024\/04\/matrizes-de-bordado-boneca-cerejinha-apliques-1.jpg\",\"width\":540,\"height\":540},{\"@type\":\"BreadcrumbList\",\"@id\":\"https:\/\/shop.bazarcia.com\/produto\/matrizes-de-bordado-boneca-cerejinha-apliques\/#breadcrumb\",\"itemListElement\":[{\"@type\":\"ListItem\",\"position\":1,\"name\":\"In\u00edcio\",\"item\":\"https:\/\/shop.bazarcia.com\/\"},{\"@type\":\"ListItem\",\"position\":2,\"name\":\"Loja\",\"item\":\"https:\/\/shop.bazarcia.com\/loja\/\"},{\"@type\":\"ListItem\",\"position\":3,\"name\":\"Matrizes de Bordado Boneca Cerejinha Apliques\"}]},{\"@type\":\"WebSite\",\"@id\":\"https:\/\/shop.bazarcia.com\/#website\",\"url\":\"https:\/\/shop.bazarcia.com\/\",\"name\":\"Bazar & Cia\",\"description\":\"criatividade ponto a ponto\",\"publisher\":{\"@id\":\"https:\/\/shop.bazarcia.com\/#organization\"},\"potentialAction\":[{\"@type\":\"SearchAction\",\"target\":{\"@type\":\"EntryPoint\",\"urlTemplate\":\"https:\/\/shop.bazarcia.com\/?s={search_term_string}\"},\"query-input\":{\"@type\":\"PropertyValueSpecification\",\"valueRequired\":true,\"valueName\":\"search_term_string\"}}],\"inLanguage\":\"en-US\"},{\"@type\":\"Organization\",\"@id\":\"https:\/\/shop.bazarcia.com\/#organization\",\"name\":\"Bazar & Cia\",\"url\":\"https:\/\/shop.bazarcia.com\/\",\"logo\":{\"@type\":\"ImageObject\",\"inLanguage\":\"en-US\",\"@id\":\"https:\/\/shop.bazarcia.com\/#\/schema\/logo\/image\/\",\"url\":\"https:\/\/shop.bazarcia.com\/wp-content\/uploads\/2024\/02\/cropped-logo_bazarcia.png\",\"contentUrl\":\"https:\/\/shop.bazarcia.com\/wp-content\/uploads\/2024\/02\/cropped-logo_bazarcia.png\",\"width\":150,\"height\":150,\"caption\":\"Bazar & Cia\"},\"image\":{\"@id\":\"https:\/\/shop.bazarcia.com\/#\/schema\/logo\/image\/\"},\"sameAs\":[\"https:\/\/www.facebook.com\/shopbazarcia\",\"https:\/\/www.instagram.com\/shopbazarcia\",\"https:\/\/br.pinterest.com\/suzane_eloise\/\",\"https:\/\/www.youtube.com\/c\/BazardoBordadoMatrizeseProjetos\"]}]}<\/script>\n<!-- \/ Yoast SEO plugin. -->","yoast_head_json":{"title":"Matrizes de Bordado Boneca Cerejinha Apliques - \ud835\udc1b\ud835\udc1a\ud835\udc33\ud835\udc1a\ud835\udc2b &amp; \ud835\udc1c\ud835\udc22\ud835\udc1a","robots":{"index":"index","follow":"follow","max-snippet":"max-snippet:-1","max-image-preview":"max-image-preview:large","max-video-preview":"max-video-preview:-1"},"canonical":"https:\/\/shop.bazarcia.com\/en\/product\/matrizes-de-bordado-boneca-cerejinha-apliques\/","og_locale":"en_US","og_type":"article","og_title":"Matrizes de Bordado Boneca Cerejinha Apliques - \ud835\udc1b\ud835\udc1a\ud835\udc33\ud835\udc1a\ud835\udc2b &amp; \ud835\udc1c\ud835\udc22\ud835\udc1a","og_description":"Este \u00e9 um PRODUTO DIGITAL destinado a artes\u00e3s e artes\u00e3os &lt;3  \u2665 Matriz em Aplique da Boneca Cerejinha, com 2 modelinhos da bonequinha (de lateral com e sem acabamento e de frente), 2 chaveirinhos, 1 aba de fechamento e de brinde uma matriz para segura chupeta no modelo do chaveirinho menor.  \u2665 Veja as imagens para conferir as op\u00e7\u00f5es e tamanhos. Obs.: N\u00e3o acompanha matriz do matelass\u00ea.  Mais informa\u00e7\u00f5es abaixo!","og_url":"https:\/\/shop.bazarcia.com\/en\/product\/matrizes-de-bordado-boneca-cerejinha-apliques\/","og_site_name":"\ud835\udc1b\ud835\udc1a\ud835\udc33\ud835\udc1a\ud835\udc2b &amp; \ud835\udc1c\ud835\udc22\ud835\udc1a","article_publisher":"https:\/\/www.facebook.com\/shopbazarcia","article_modified_time":"2024-05-03T15:07:49+00:00","og_image":[{"width":540,"height":540,"url":"https:\/\/shop.bazarcia.com\/wp-content\/uploads\/2024\/04\/matrizes-de-bordado-boneca-cerejinha-apliques-1.jpg","type":"image\/jpeg"}],"twitter_card":"summary_large_image","twitter_misc":{"Est. reading time":"1 minute"},"schema":{"@context":"https:\/\/schema.org","@graph":[{"@type":"WebPage","@id":"https:\/\/shop.bazarcia.com\/produto\/matrizes-de-bordado-boneca-cerejinha-apliques\/","url":"https:\/\/shop.bazarcia.com\/produto\/matrizes-de-bordado-boneca-cerejinha-apliques\/","name":"Matrizes de Bordado Boneca Cerejinha Apliques - \ud835\udc1b\ud835\udc1a\ud835\udc33\ud835\udc1a\ud835\udc2b &amp; \ud835\udc1c\ud835\udc22\ud835\udc1a","isPartOf":{"@id":"https:\/\/shop.bazarcia.com\/#website"},"primaryImageOfPage":{"@id":"https:\/\/shop.bazarcia.com\/produto\/matrizes-de-bordado-boneca-cerejinha-apliques\/#primaryimage"},"image":{"@id":"https:\/\/shop.bazarcia.com\/produto\/matrizes-de-bordado-boneca-cerejinha-apliques\/#primaryimage"},"thumbnailUrl":"https:\/\/shop.bazarcia.com\/wp-content\/uploads\/2024\/04\/matrizes-de-bordado-boneca-cerejinha-apliques-1.jpg","datePublished":"2024-04-25T16:03:00+00:00","dateModified":"2024-05-03T15:07:49+00:00","breadcrumb":{"@id":"https:\/\/shop.bazarcia.com\/produto\/matrizes-de-bordado-boneca-cerejinha-apliques\/#breadcrumb"},"inLanguage":"en-US","potentialAction":[{"@type":"ReadAction","target":["https:\/\/shop.bazarcia.com\/produto\/matrizes-de-bordado-boneca-cerejinha-apliques\/"]}]},{"@type":"ImageObject","inLanguage":"en-US","@id":"https:\/\/shop.bazarcia.com\/produto\/matrizes-de-bordado-boneca-cerejinha-apliques\/#primaryimage","url":"https:\/\/shop.bazarcia.com\/wp-content\/uploads\/2024\/04\/matrizes-de-bordado-boneca-cerejinha-apliques-1.jpg","contentUrl":"https:\/\/shop.bazarcia.com\/wp-content\/uploads\/2024\/04\/matrizes-de-bordado-boneca-cerejinha-apliques-1.jpg","width":540,"height":540},{"@type":"BreadcrumbList","@id":"https:\/\/shop.bazarcia.com\/produto\/matrizes-de-bordado-boneca-cerejinha-apliques\/#breadcrumb","itemListElement":[{"@type":"ListItem","position":1,"name":"In\u00edcio","item":"https:\/\/shop.bazarcia.com\/"},{"@type":"ListItem","position":2,"name":"Loja","item":"https:\/\/shop.bazarcia.com\/loja\/"},{"@type":"ListItem","position":3,"name":"Matrizes de Bordado Boneca Cerejinha Apliques"}]},{"@type":"WebSite","@id":"https:\/\/shop.bazarcia.com\/#website","url":"https:\/\/shop.bazarcia.com\/","name":"Bazar & Cia","description":"criatividade ponto a ponto","publisher":{"@id":"https:\/\/shop.bazarcia.com\/#organization"},"potentialAction":[{"@type":"SearchAction","target":{"@type":"EntryPoint","urlTemplate":"https:\/\/shop.bazarcia.com\/?s={search_term_string}"},"query-input":{"@type":"PropertyValueSpecification","valueRequired":true,"valueName":"search_term_string"}}],"inLanguage":"en-US"},{"@type":"Organization","@id":"https:\/\/shop.bazarcia.com\/#organization","name":"Bazar & Cia","url":"https:\/\/shop.bazarcia.com\/","logo":{"@type":"ImageObject","inLanguage":"en-US","@id":"https:\/\/shop.bazarcia.com\/#\/schema\/logo\/image\/","url":"https:\/\/shop.bazarcia.com\/wp-content\/uploads\/2024\/02\/cropped-logo_bazarcia.png","contentUrl":"https:\/\/shop.bazarcia.com\/wp-content\/uploads\/2024\/02\/cropped-logo_bazarcia.png","width":150,"height":150,"caption":"Bazar & Cia"},"image":{"@id":"https:\/\/shop.bazarcia.com\/#\/schema\/logo\/image\/"},"sameAs":["https:\/\/www.facebook.com\/shopbazarcia","https:\/\/www.instagram.com\/shopbazarcia","https:\/\/br.pinterest.com\/suzane_eloise\/","https:\/\/www.youtube.com\/c\/BazardoBordadoMatrizeseProjetos"]}]}},"_links":{"self":[{"href":"https:\/\/shop.bazarcia.com\/en\/wp-json\/wp\/v2\/product\/271972","targetHints":{"allow":["GET"]}}],"collection":[{"href":"https:\/\/shop.bazarcia.com\/en\/wp-json\/wp\/v2\/product"}],"about":[{"href":"https:\/\/shop.bazarcia.com\/en\/wp-json\/wp\/v2\/types\/product"}],"replies":[{"embeddable":true,"href":"https:\/\/shop.bazarcia.com\/en\/wp-json\/wp\/v2\/comments?post=271972"}],"version-history":[{"count":3,"href":"https:\/\/shop.bazarcia.com\/en\/wp-json\/wp\/v2\/product\/271972\/revisions"}],"predecessor-version":[{"id":273302,"href":"https:\/\/shop.bazarcia.com\/en\/wp-json\/wp\/v2\/product\/271972\/revisions\/273302"}],"wp:featuredmedia":[{"embeddable":true,"href":"https:\/\/shop.bazarcia.com\/en\/wp-json\/wp\/v2\/media\/271957"}],"wp:attachment":[{"href":"https:\/\/shop.bazarcia.com\/en\/wp-json\/wp\/v2\/media?parent=271972"}],"wp:term":[{"taxonomy":"product_brand","embeddable":true,"href":"https:\/\/shop.bazarcia.com\/en\/wp-json\/wp\/v2\/product_brand?post=271972"},{"taxonomy":"product_cat","embeddable":true,"href":"https:\/\/shop.bazarcia.com\/en\/wp-json\/wp\/v2\/product_cat?post=271972"},{"taxonomy":"product_tag","embeddable":true,"href":"https:\/\/shop.bazarcia.com\/en\/wp-json\/wp\/v2\/product_tag?post=271972"}],"curies":[{"name":"wp","href":"https:\/\/api.w.org\/{rel}","templated":true}]}}