{"id":27383,"date":"2020-05-15T09:25:12","date_gmt":"2020-05-15T12:25:12","guid":{"rendered":"https:\/\/shop.bazarcia.com\/produto\/combo-colecoes-de-matrizes-de-bordado-moldura-tag-quilting-trapunto-bm\/"},"modified":"2025-03-10T10:00:43","modified_gmt":"2025-03-10T13:00:43","slug":"combo-colecoes-de-matrizes-de-bordado-moldura-tag-quilting-trapunto-bm","status":"publish","type":"product","link":"https:\/\/shop.bazarcia.com\/en\/product\/combo-colecoes-de-matrizes-de-bordado-moldura-tag-quilting-trapunto-bm\/","title":{"rendered":"Combo Cole\u00e7\u00f5es de Matrizes de Bordado &#8211; Moldura Tag Quilting Trapunto &#8211; BM"},"content":{"rendered":"<p>Ao efetuar o download do Combo Cole\u00e7\u00e3o de Matrizes de Bordado Moldura Tag Quilting Trapunto da Baixe Matrizes, voc\u00ea receber\u00e1 um arquivo em .zip que cont\u00e9m as matrizes nos formatos .PES e .JEF<\/p>\n<p>&nbsp;<\/p>\n<p>Informa\u00e7\u00f5es das Matrizes desta Combo de Cole\u00e7\u00e3o!<\/p>\n<p>Moldura Tag Borboleta (17,50 x 11,00cm &#8211; 9.711pts &#8211; 01 linhas)<\/p>\n<p>Moldura Tag Coelho (14,50 x 11,50cm &#8211; 7.503pts &#8211; 01 linhas)<\/p>\n<p>Moldura Tag Elefante (17,50 x 11,00cm &#8211; 9.318pts &#8211; 01 linhas)<\/p>\n<p>Moldura Tag Le\u00e3o (14,50 x 11,50cm &#8211; 7.566pts &#8211; 01 linhas)<\/p>\n<p>Moldura Tag Raposa (14,50 x 11,50cm &#8211; 7.371pts &#8211; 01 linhas)<\/p>\n<p>Moldura Tag Ursinho (15,00 x 10,50cm &#8211; 7.898pts &#8211; 01 linhas)<\/p>\n<p>Moldura Tag \u00c2ncora (14,50 x 11,50cm &#8211; 7.671pts &#8211; 01 linhas)<\/p>\n<p>Moldura Tag Avi\u00e3o (17,00 x 10,50cm &#8211; 8.840pts &#8211; 01 linhas)<\/p>\n<p>Moldura Tag Barco (15,00 x 10,00cm &#8211; 7.951pts &#8211; 01 linhas)<\/p>\n<p>Moldura Tag Carrinho (17,00 x 10,50cm &#8211; 8.396pts &#8211; 01 linhas)<\/p>\n<p>Moldura Tag Cavalinho de Balan\u00e7o (15,00 x 10,50cm &#8211; 8.477pts &#8211; 01 linhas)<\/p>\n<p>Moldura Tag Leme (14,50 x 11,50cm &#8211; 7.935pts &#8211; 01 linhas)<\/p>\n<p>Moldura Tag Submarino (17,50 x 11,00cm &#8211; 8.890pts &#8211; 01 linhas)<\/p>\n<p>Moldura Tag Anjinho (15,00 x 10,50cm &#8211; 8.911pts &#8211; 01 linhas)<\/p>\n<p>Moldura Tag Carruagem (14,50 x 11,50cm &#8211; 7.821pts &#8211; 01 linhas)<\/p>\n<p>Moldura Tag Coroa 01 (14,50 x 11,50cm &#8211; 7.712pts &#8211; 01 linhas)<\/p>\n<p>Moldura Tag Coroa 02 (14,50 x 11,50cm &#8211; 7.482pts &#8211; 01 linhas)<\/p>\n<p>Moldura Tag Princesinha (17,50 x 11,00cm &#8211; 9.593pts &#8211; 01 linhas)<\/p>\n<p>Moldura Tag Princesa 01 (17,50 x 11,00cm &#8211; 9.720pts &#8211; 01 linhas)<\/p>\n<p>Moldura Tag Princesa 02 (17,50 x 11,00cm &#8211; 11.067pts &#8211; 01 linhas)<\/p>\n<p>Moldura Tag Princesa 03 (17,50 x 11,00cm &#8211; 9.997pts &#8211; 01 linhas)<\/p>","protected":false},"excerpt":{"rendered":"<p>Combo com 3 Cole\u00e7\u00e3o contendo 27 de Matrizes de Bordado Moldura Tag Quilting Trapunto | Baixe Matrizes<br \/>\nCom este combo, voc\u00ea economiza 20% ao adquirir 3 Cole\u00e7\u00f5es Moldura Tag Quilting Trapunto &#8211; BM<\/p>\n<p>Cole\u00e7\u00e3o Moldura Tag Animais Quilting Trapunto &#8211; BM<br \/>\nCole\u00e7\u00e3o Moldura Tag Brinquedos &#8211; Quilting Trapunto &#8211; BM<br \/>\nCole\u00e7\u00e3o Moldura Tag Anjinho e Princesas &#8211; Quilting Trapunto &#8211; BM<\/p>\n<p>Maldura Tag Borboleta, Maldura Tag Coelho, Maldura Tag Elefante, Maldura Tag Le\u00e3o, Maldura Tag Raposa, Maldura Tag Ursinho, Maldura Tag \u00c2ncora, Maldura Tag Avi\u00e3o, Maldura Tag Barco, Maldura Tag Carrinho, Maldura Tag Cavalinho de Balan\u00e7o, Maldura Tag leme, Maldura Tag Submarino, Maldura Tag Anjinho, Maldura Tag Carruagem, Maldura Tag Coroa 01, Maldura Tag Coroa 02, Maldura Tag Princesinha, Maldura Tag Princesa 01, Maldura Tag Princesa 02, Maldura Tag Princesa 03.<\/p>\n<p>Nossas matrizes de bordado est\u00e3o dispon\u00edveis nos formatos .PES e .JEF<\/p>","protected":false},"featured_media":27381,"comment_status":"open","ping_status":"closed","template":"","meta":{"_acf_changed":false,"_joinchat":[]},"product_brand":[],"product_cat":[84,1066,306,319],"product_tag":[],"class_list":{"0":"post-27383","1":"product","2":"type-product","3":"status-publish","4":"has-post-thumbnail","6":"product_cat-matrizes-de-bordado","7":"product_cat-colecoes-matrizes-de-bordado","8":"product_cat-pacotinhos-de-matrizes","9":"product_cat-trapunto-relevo","11":"first","12":"instock","13":"downloadable","14":"virtual","15":"sold-individually","16":"purchasable","17":"product-type-simple"},"acf":[],"yoast_head":"<!-- This site is optimized with the Yoast SEO plugin v27.2 - https:\/\/yoast.com\/product\/yoast-seo-wordpress\/ -->\n<title>Combo Cole\u00e7\u00f5es de Matrizes de Bordado - Moldura Tag Quilting Trapunto - BM - \ud835\udc1b\ud835\udc1a\ud835\udc33\ud835\udc1a\ud835\udc2b &amp; \ud835\udc1c\ud835\udc22\ud835\udc1a<\/title>\n<meta name=\"description\" content=\"Please provide a meta description by editing the snippet below. If you don\u2019t, Google will try to find a relevant part of your post to show in the search results.\" \/>\n<meta name=\"robots\" content=\"index, follow, max-snippet:-1, max-image-preview:large, max-video-preview:-1\" \/>\n<link rel=\"canonical\" href=\"https:\/\/shop.bazarcia.com\/en\/product\/combo-colecoes-de-matrizes-de-bordado-moldura-tag-quilting-trapunto-bm\/\" \/>\n<meta property=\"og:locale\" content=\"en_US\" \/>\n<meta property=\"og:type\" content=\"article\" \/>\n<meta property=\"og:title\" content=\"Combo Cole\u00e7\u00f5es de Matrizes de Bordado - Moldura Tag Quilting Trapunto - BM - \ud835\udc1b\ud835\udc1a\ud835\udc33\ud835\udc1a\ud835\udc2b &amp; \ud835\udc1c\ud835\udc22\ud835\udc1a\" \/>\n<meta property=\"og:description\" content=\"Please provide a meta description by editing the snippet below. If you don\u2019t, Google will try to find a relevant part of your post to show in the search results.\" \/>\n<meta property=\"og:url\" content=\"https:\/\/shop.bazarcia.com\/en\/product\/combo-colecoes-de-matrizes-de-bordado-moldura-tag-quilting-trapunto-bm\/\" \/>\n<meta property=\"og:site_name\" content=\"\ud835\udc1b\ud835\udc1a\ud835\udc33\ud835\udc1a\ud835\udc2b &amp; \ud835\udc1c\ud835\udc22\ud835\udc1a\" \/>\n<meta property=\"article:publisher\" content=\"https:\/\/www.facebook.com\/shopbazarcia\" \/>\n<meta property=\"article:modified_time\" content=\"2025-03-10T13:00:43+00:00\" \/>\n<meta property=\"og:image\" content=\"https:\/\/shop.bazarcia.com\/wp-content\/uploads\/2020\/05\/combo-tag01.jpg\" \/>\n\t<meta property=\"og:image:width\" content=\"1080\" \/>\n\t<meta property=\"og:image:height\" content=\"1080\" \/>\n\t<meta property=\"og:image:type\" content=\"image\/jpeg\" \/>\n<meta name=\"twitter:card\" content=\"summary_large_image\" \/>\n<meta name=\"twitter:label1\" content=\"Est. reading time\" \/>\n\t<meta name=\"twitter:data1\" content=\"2 minutes\" \/>\n<script type=\"application\/ld+json\" class=\"yoast-schema-graph\">{\"@context\":\"https:\/\/schema.org\",\"@graph\":[{\"@type\":\"WebPage\",\"@id\":\"https:\/\/shop.bazarcia.com\/produto\/combo-colecoes-de-matrizes-de-bordado-moldura-tag-quilting-trapunto-bm\/\",\"url\":\"https:\/\/shop.bazarcia.com\/produto\/combo-colecoes-de-matrizes-de-bordado-moldura-tag-quilting-trapunto-bm\/\",\"name\":\"Combo Cole\u00e7\u00f5es de Matrizes de Bordado - Moldura Tag Quilting Trapunto - BM - \ud835\udc1b\ud835\udc1a\ud835\udc33\ud835\udc1a\ud835\udc2b &amp; \ud835\udc1c\ud835\udc22\ud835\udc1a\",\"isPartOf\":{\"@id\":\"https:\/\/shop.bazarcia.com\/#website\"},\"primaryImageOfPage\":{\"@id\":\"https:\/\/shop.bazarcia.com\/produto\/combo-colecoes-de-matrizes-de-bordado-moldura-tag-quilting-trapunto-bm\/#primaryimage\"},\"image\":{\"@id\":\"https:\/\/shop.bazarcia.com\/produto\/combo-colecoes-de-matrizes-de-bordado-moldura-tag-quilting-trapunto-bm\/#primaryimage\"},\"thumbnailUrl\":\"https:\/\/shop.bazarcia.com\/wp-content\/uploads\/2020\/05\/combo-tag01.jpg\",\"datePublished\":\"2020-05-15T12:25:12+00:00\",\"dateModified\":\"2025-03-10T13:00:43+00:00\",\"description\":\"Please provide a meta description by editing the snippet below. If you don\u2019t, Google will try to find a relevant part of your post to show in the search results.\",\"breadcrumb\":{\"@id\":\"https:\/\/shop.bazarcia.com\/produto\/combo-colecoes-de-matrizes-de-bordado-moldura-tag-quilting-trapunto-bm\/#breadcrumb\"},\"inLanguage\":\"en-US\",\"potentialAction\":[{\"@type\":\"ReadAction\",\"target\":[\"https:\/\/shop.bazarcia.com\/produto\/combo-colecoes-de-matrizes-de-bordado-moldura-tag-quilting-trapunto-bm\/\"]}]},{\"@type\":\"ImageObject\",\"inLanguage\":\"en-US\",\"@id\":\"https:\/\/shop.bazarcia.com\/produto\/combo-colecoes-de-matrizes-de-bordado-moldura-tag-quilting-trapunto-bm\/#primaryimage\",\"url\":\"https:\/\/shop.bazarcia.com\/wp-content\/uploads\/2020\/05\/combo-tag01.jpg\",\"contentUrl\":\"https:\/\/shop.bazarcia.com\/wp-content\/uploads\/2020\/05\/combo-tag01.jpg\",\"width\":1080,\"height\":1080},{\"@type\":\"BreadcrumbList\",\"@id\":\"https:\/\/shop.bazarcia.com\/produto\/combo-colecoes-de-matrizes-de-bordado-moldura-tag-quilting-trapunto-bm\/#breadcrumb\",\"itemListElement\":[{\"@type\":\"ListItem\",\"position\":1,\"name\":\"In\u00edcio\",\"item\":\"https:\/\/shop.bazarcia.com\/\"},{\"@type\":\"ListItem\",\"position\":2,\"name\":\"Loja\",\"item\":\"https:\/\/shop.bazarcia.com\/loja\/\"},{\"@type\":\"ListItem\",\"position\":3,\"name\":\"Combo Cole\u00e7\u00f5es de Matrizes de Bordado &#8211; Moldura Tag Quilting Trapunto &#8211; BM\"}]},{\"@type\":\"WebSite\",\"@id\":\"https:\/\/shop.bazarcia.com\/#website\",\"url\":\"https:\/\/shop.bazarcia.com\/\",\"name\":\"Bazar & Cia\",\"description\":\"criatividade ponto a ponto\",\"publisher\":{\"@id\":\"https:\/\/shop.bazarcia.com\/#organization\"},\"potentialAction\":[{\"@type\":\"SearchAction\",\"target\":{\"@type\":\"EntryPoint\",\"urlTemplate\":\"https:\/\/shop.bazarcia.com\/?s={search_term_string}\"},\"query-input\":{\"@type\":\"PropertyValueSpecification\",\"valueRequired\":true,\"valueName\":\"search_term_string\"}}],\"inLanguage\":\"en-US\"},{\"@type\":\"Organization\",\"@id\":\"https:\/\/shop.bazarcia.com\/#organization\",\"name\":\"Bazar & Cia\",\"url\":\"https:\/\/shop.bazarcia.com\/\",\"logo\":{\"@type\":\"ImageObject\",\"inLanguage\":\"en-US\",\"@id\":\"https:\/\/shop.bazarcia.com\/#\/schema\/logo\/image\/\",\"url\":\"https:\/\/shop.bazarcia.com\/wp-content\/uploads\/2024\/02\/cropped-logo_bazarcia.png\",\"contentUrl\":\"https:\/\/shop.bazarcia.com\/wp-content\/uploads\/2024\/02\/cropped-logo_bazarcia.png\",\"width\":150,\"height\":150,\"caption\":\"Bazar & Cia\"},\"image\":{\"@id\":\"https:\/\/shop.bazarcia.com\/#\/schema\/logo\/image\/\"},\"sameAs\":[\"https:\/\/www.facebook.com\/shopbazarcia\",\"https:\/\/www.instagram.com\/shopbazarcia\",\"https:\/\/br.pinterest.com\/suzane_eloise\/\",\"https:\/\/www.youtube.com\/c\/BazardoBordadoMatrizeseProjetos\"]}]}<\/script>\n<!-- \/ Yoast SEO plugin. -->","yoast_head_json":{"title":"Combo Cole\u00e7\u00f5es de Matrizes de Bordado - Moldura Tag Quilting Trapunto - BM - \ud835\udc1b\ud835\udc1a\ud835\udc33\ud835\udc1a\ud835\udc2b &amp; \ud835\udc1c\ud835\udc22\ud835\udc1a","description":"Please provide a meta description by editing the snippet below. If you don\u2019t, Google will try to find a relevant part of your post to show in the search results.","robots":{"index":"index","follow":"follow","max-snippet":"max-snippet:-1","max-image-preview":"max-image-preview:large","max-video-preview":"max-video-preview:-1"},"canonical":"https:\/\/shop.bazarcia.com\/en\/product\/combo-colecoes-de-matrizes-de-bordado-moldura-tag-quilting-trapunto-bm\/","og_locale":"en_US","og_type":"article","og_title":"Combo Cole\u00e7\u00f5es de Matrizes de Bordado - Moldura Tag Quilting Trapunto - BM - \ud835\udc1b\ud835\udc1a\ud835\udc33\ud835\udc1a\ud835\udc2b &amp; \ud835\udc1c\ud835\udc22\ud835\udc1a","og_description":"Please provide a meta description by editing the snippet below. If you don\u2019t, Google will try to find a relevant part of your post to show in the search results.","og_url":"https:\/\/shop.bazarcia.com\/en\/product\/combo-colecoes-de-matrizes-de-bordado-moldura-tag-quilting-trapunto-bm\/","og_site_name":"\ud835\udc1b\ud835\udc1a\ud835\udc33\ud835\udc1a\ud835\udc2b &amp; \ud835\udc1c\ud835\udc22\ud835\udc1a","article_publisher":"https:\/\/www.facebook.com\/shopbazarcia","article_modified_time":"2025-03-10T13:00:43+00:00","og_image":[{"width":1080,"height":1080,"url":"https:\/\/shop.bazarcia.com\/wp-content\/uploads\/2020\/05\/combo-tag01.jpg","type":"image\/jpeg"}],"twitter_card":"summary_large_image","twitter_misc":{"Est. reading time":"2 minutes"},"schema":{"@context":"https:\/\/schema.org","@graph":[{"@type":"WebPage","@id":"https:\/\/shop.bazarcia.com\/produto\/combo-colecoes-de-matrizes-de-bordado-moldura-tag-quilting-trapunto-bm\/","url":"https:\/\/shop.bazarcia.com\/produto\/combo-colecoes-de-matrizes-de-bordado-moldura-tag-quilting-trapunto-bm\/","name":"Combo Cole\u00e7\u00f5es de Matrizes de Bordado - Moldura Tag Quilting Trapunto - BM - \ud835\udc1b\ud835\udc1a\ud835\udc33\ud835\udc1a\ud835\udc2b &amp; \ud835\udc1c\ud835\udc22\ud835\udc1a","isPartOf":{"@id":"https:\/\/shop.bazarcia.com\/#website"},"primaryImageOfPage":{"@id":"https:\/\/shop.bazarcia.com\/produto\/combo-colecoes-de-matrizes-de-bordado-moldura-tag-quilting-trapunto-bm\/#primaryimage"},"image":{"@id":"https:\/\/shop.bazarcia.com\/produto\/combo-colecoes-de-matrizes-de-bordado-moldura-tag-quilting-trapunto-bm\/#primaryimage"},"thumbnailUrl":"https:\/\/shop.bazarcia.com\/wp-content\/uploads\/2020\/05\/combo-tag01.jpg","datePublished":"2020-05-15T12:25:12+00:00","dateModified":"2025-03-10T13:00:43+00:00","description":"Please provide a meta description by editing the snippet below. If you don\u2019t, Google will try to find a relevant part of your post to show in the search results.","breadcrumb":{"@id":"https:\/\/shop.bazarcia.com\/produto\/combo-colecoes-de-matrizes-de-bordado-moldura-tag-quilting-trapunto-bm\/#breadcrumb"},"inLanguage":"en-US","potentialAction":[{"@type":"ReadAction","target":["https:\/\/shop.bazarcia.com\/produto\/combo-colecoes-de-matrizes-de-bordado-moldura-tag-quilting-trapunto-bm\/"]}]},{"@type":"ImageObject","inLanguage":"en-US","@id":"https:\/\/shop.bazarcia.com\/produto\/combo-colecoes-de-matrizes-de-bordado-moldura-tag-quilting-trapunto-bm\/#primaryimage","url":"https:\/\/shop.bazarcia.com\/wp-content\/uploads\/2020\/05\/combo-tag01.jpg","contentUrl":"https:\/\/shop.bazarcia.com\/wp-content\/uploads\/2020\/05\/combo-tag01.jpg","width":1080,"height":1080},{"@type":"BreadcrumbList","@id":"https:\/\/shop.bazarcia.com\/produto\/combo-colecoes-de-matrizes-de-bordado-moldura-tag-quilting-trapunto-bm\/#breadcrumb","itemListElement":[{"@type":"ListItem","position":1,"name":"In\u00edcio","item":"https:\/\/shop.bazarcia.com\/"},{"@type":"ListItem","position":2,"name":"Loja","item":"https:\/\/shop.bazarcia.com\/loja\/"},{"@type":"ListItem","position":3,"name":"Combo Cole\u00e7\u00f5es de Matrizes de Bordado &#8211; Moldura Tag Quilting Trapunto &#8211; BM"}]},{"@type":"WebSite","@id":"https:\/\/shop.bazarcia.com\/#website","url":"https:\/\/shop.bazarcia.com\/","name":"Bazar & Cia","description":"criatividade ponto a ponto","publisher":{"@id":"https:\/\/shop.bazarcia.com\/#organization"},"potentialAction":[{"@type":"SearchAction","target":{"@type":"EntryPoint","urlTemplate":"https:\/\/shop.bazarcia.com\/?s={search_term_string}"},"query-input":{"@type":"PropertyValueSpecification","valueRequired":true,"valueName":"search_term_string"}}],"inLanguage":"en-US"},{"@type":"Organization","@id":"https:\/\/shop.bazarcia.com\/#organization","name":"Bazar & Cia","url":"https:\/\/shop.bazarcia.com\/","logo":{"@type":"ImageObject","inLanguage":"en-US","@id":"https:\/\/shop.bazarcia.com\/#\/schema\/logo\/image\/","url":"https:\/\/shop.bazarcia.com\/wp-content\/uploads\/2024\/02\/cropped-logo_bazarcia.png","contentUrl":"https:\/\/shop.bazarcia.com\/wp-content\/uploads\/2024\/02\/cropped-logo_bazarcia.png","width":150,"height":150,"caption":"Bazar & Cia"},"image":{"@id":"https:\/\/shop.bazarcia.com\/#\/schema\/logo\/image\/"},"sameAs":["https:\/\/www.facebook.com\/shopbazarcia","https:\/\/www.instagram.com\/shopbazarcia","https:\/\/br.pinterest.com\/suzane_eloise\/","https:\/\/www.youtube.com\/c\/BazardoBordadoMatrizeseProjetos"]}]}},"_links":{"self":[{"href":"https:\/\/shop.bazarcia.com\/en\/wp-json\/wp\/v2\/product\/27383","targetHints":{"allow":["GET"]}}],"collection":[{"href":"https:\/\/shop.bazarcia.com\/en\/wp-json\/wp\/v2\/product"}],"about":[{"href":"https:\/\/shop.bazarcia.com\/en\/wp-json\/wp\/v2\/types\/product"}],"replies":[{"embeddable":true,"href":"https:\/\/shop.bazarcia.com\/en\/wp-json\/wp\/v2\/comments?post=27383"}],"version-history":[{"count":1,"href":"https:\/\/shop.bazarcia.com\/en\/wp-json\/wp\/v2\/product\/27383\/revisions"}],"predecessor-version":[{"id":316725,"href":"https:\/\/shop.bazarcia.com\/en\/wp-json\/wp\/v2\/product\/27383\/revisions\/316725"}],"wp:featuredmedia":[{"embeddable":true,"href":"https:\/\/shop.bazarcia.com\/en\/wp-json\/wp\/v2\/media\/27381"}],"wp:attachment":[{"href":"https:\/\/shop.bazarcia.com\/en\/wp-json\/wp\/v2\/media?parent=27383"}],"wp:term":[{"taxonomy":"product_brand","embeddable":true,"href":"https:\/\/shop.bazarcia.com\/en\/wp-json\/wp\/v2\/product_brand?post=27383"},{"taxonomy":"product_cat","embeddable":true,"href":"https:\/\/shop.bazarcia.com\/en\/wp-json\/wp\/v2\/product_cat?post=27383"},{"taxonomy":"product_tag","embeddable":true,"href":"https:\/\/shop.bazarcia.com\/en\/wp-json\/wp\/v2\/product_tag?post=27383"}],"curies":[{"name":"wp","href":"https:\/\/api.w.org\/{rel}","templated":true}]}}